{"id":30056,"date":"2025-08-06T10:57:49","date_gmt":"2025-08-06T10:57:49","guid":{"rendered":"https:\/\/ayaneo.co\/?post_type=product&#038;p=30056"},"modified":"2026-01-06T00:25:51","modified_gmt":"2026-01-06T00:25:51","slug":"ayaneo-3-tapas-de-empunadura-evo-para-el-pulgar-precision-y-comodidad-en-cada-movimiento-copy","status":"publish","type":"product","link":"https:\/\/ayaneo.co\/es\/product\/ayaneo-3-tapas-de-empunadura-evo-para-el-pulgar-precision-y-comodidad-en-cada-movimiento-copy\/","title":{"rendered":"Pu\u00f1os AYANEO Pocket ACE"},"content":{"rendered":"\n<h2 class=\"wp-block-heading\">Resumen del producto:<\/h2>\n\n<p><strong>Las empu\u00f1aduras AYANEO Pocket ACE<\/strong> est\u00e1n dise\u00f1adas para proporcionar una mayor comodidad y control en tus sesiones de juego. Estas empu\u00f1aduras ergon\u00f3micas se acoplan perfectamente a tu <strong>AYANEO Pocket ACE<\/strong>, ofreciendo una sujeci\u00f3n segura y c\u00f3moda, reduciendo la fatiga y garantizando un control preciso durante las partidas prolongadas. <\/p>\n\n<ol class=\"wp-block-list\">\n<li><strong>Dise\u00f1o ergon\u00f3mico<\/strong> para la m\u00e1xima comodidad durante el juego.<\/li>\n\n\n\n<li><strong>Ajuste perfecto<\/strong> para el <strong>AYANEO Pocket ACE<\/strong>.<\/li>\n\n\n\n<li>Material resistente para <strong>un uso duradero<\/strong>.<\/li>\n\n\n\n<li>F\u00e1cil de poner y quitar para <strong>una instalaci\u00f3n r\u00e1pida<\/strong>.<\/li>\n\n\n\n<li>Agarre mejorado para <strong>un mejor control y precisi\u00f3n<\/strong>.<\/li>\n<\/ol>\n\n<hr class=\"wp-block-separator has-alpha-channel-opacity\"\/>\n\n<h2 class=\"wp-block-heading\">\u00bfPor qu\u00e9 elegir el <strong>AYANEO Pocket ACE<\/strong>?<\/h2>\n\n<p>Tanto si luchas en intensas partidas multijugador como si disfrutas de largas campa\u00f1as para un solo jugador, los <strong>AYANEO Pocket<\/strong> ACE ofrecen una experiencia de juego m\u00e1s envolvente y c\u00f3moda. Su dise\u00f1o ergon\u00f3mico y su ajuste seguro garantizan que puedas jugar durante horas sin molestias ni deslizamientos. <\/p>\n\n<hr class=\"wp-block-separator has-alpha-channel-opacity\"\/>\n\n<h2 class=\"wp-block-heading\">Especificaciones:<\/h2>\n\n<ul class=\"wp-block-list\">\n<li><strong>Material:<\/strong> Pl\u00e1stico resistente con superficie texturizada ergon\u00f3mica<\/li>\n\n\n\n<li><strong>Compatibilidad:<\/strong> <strong>AYANEO Pocket ACE<\/strong><\/li>\n\n\n\n<li><strong>Caracter\u00edsticas:<\/strong> Ligero, duradero y f\u00e1cil de colocar<\/li>\n<\/ul>\n\n<p>Mejora tu <strong>AYANEO Pocket ACE<\/strong> con estos pu\u00f1os para una experiencia de juego c\u00f3moda y precisa, \u00a1porque cada movimiento cuenta!<\/p>\n\n<p><\/p>\n","protected":false},"excerpt":{"rendered":"<ul>\n<li><strong>Dise\u00f1o ergon\u00f3mico<\/strong> para la m\u00e1xima comodidad durante el juego.<\/li>\n<li><strong>Ajuste perfecto<\/strong> para el AYANEO Pocket ACE.<\/li>\n<li>Material resistente para <strong>un uso duradero<\/strong>.<\/li>\n<li>F\u00e1cil de poner y quitar para <strong>una instalaci\u00f3n r\u00e1pida<\/strong>.<\/li>\n<li>Agarre mejorado para <strong>un mejor control y precisi\u00f3n<\/strong>.<\/li>\n<\/ul>\n[cg_accordion title=\"INFORMACI\u00d3N SOBRE EL PAGO\"]<\/p>\n<p>Utilizamos la \u00faltima tecnolog\u00eda en procesamiento de pagos, que te permite pagar mediante Apple Pay, Google Pay, tu tarjeta de d\u00e9bito\/cr\u00e9dito, PayPal o m\u00e9todos BNPL como Klarna, Affirm o AfterPay para una experiencia r\u00e1pida y segura.[\/cg_accordion]\n[cg_accordion title=\"GARANT\u00cdA\"]<\/p>\n<p>1 a\u00f1o de garant\u00eda de <a href=\"https:\/\/droix.net\/\" target=\"_blank\" rel=\"nofollow noopener\">DROIX Global<\/a> para tu tranquilidad[\/cg_accordion]\n[cg_accordion title=\"GARANT\u00cdA DE CALIDAD Y PRUEBAS PREVIAS A LA EXPEDICI\u00d3N\"]<\/p>\n<p>Garantizamos la satisfacci\u00f3n del cliente al m\u00e1s alto nivel: Cada dispositivo se somete a rigurosas pruebas y a una comprobaci\u00f3n de garant\u00eda de calidad en varios puntos antes de ser enviado. Nuestro equipo especializado verifica el rendimiento, la funcionalidad y la integridad de los componentes para garantizar que tu dispositivo AYANEO est\u00e9 en perfecto estado de funcionamiento a su llegada, proporcion\u00e1ndote confianza y tranquilidad. [\/cg_accordion]\n[cg_accordion title=\"PRECIOS, IMPUESTOS Y ENV\u00cdO\"]<\/p>\n<p><strong><u>Nota:<\/u><\/strong><\/p>\n<ul>\n<li>Clientes de Estados Unidos: El precio indicado NO incluye impuestos ni aranceles. La responsabilidad de despachar aduanas y pagar cualquier impuesto o arancel asociado recae en el cliente. <\/li>\n<li>Clientes de la UE: El precio indicado incluye el IMPUESTO aplicable, que puede ser de hasta el 25% dependiendo de tu pa\u00eds.<\/li>\n<li>Clientes de Canad\u00e1: El precio mostrado incluye los impuestos aplicables, que pueden incluir un 5% de GST e impuestos de venta provinciales (PST), impuestos de venta armonizados (HST) o impuestos de venta de Quebec (QST) adicionales, dependiendo de tu provincia.<\/li>\n<\/ul>\n<p><strong>S\u00d3LO para clientes de la UE:<\/strong> DDP expr\u00e9s (entrega con derechos pagados). Esto significa: <\/p>\n<ul>\n<li>Todos los derechos de aduana e impuestos est\u00e1n incluidos en el precio que aparece en la p\u00e1gina del producto.<\/li>\n<li>No tendr\u00e1s que pagar ning\u00fan gasto adicional en el momento de la entrega.<\/li>\n<li>En el raro caso de que surjan problemas relacionados con las aduanas, nuestro equipo se encargar\u00e1 del proceso de despacho de aduanas en tu nombre para garantizar una experiencia de entrega sin problemas.<\/li>\n<p>Informaci\u00f3n importante sobre devoluciones:<\/p>\n<li>Si decides devolver tu pedido o solicitar un reembolso, ten en cuenta que los impuestos y aranceles pagados en tu nombre seg\u00fan las condiciones del DDP no pueden reembolsarse.<\/li>\n<p>Consulta nuestras <a href=\"https:\/\/ayaneo.co\/es\/condiciones-del-servicio\/\" target=\"_blank\" rel=\"nofollow noopener\">Condiciones generales<\/a> para obtener informaci\u00f3n detallada.\n<\/ul>\n<p>[\/cg_accordion]\n[cg_accordion title=\"ATENCI\u00d3N AL CLIENTE\"]<\/p>\n<p>\u00bfTienes alguna pregunta? \u00a1Estamos a un SMS de solucionar tu problema! [\/cg_accordion]\n[cg_accordion title=\"EL PAQUETE INCLUYE\"]<\/p>\n<ul>\n<li>1x Pu\u00f1os AYANEO Pocket ACE<\/li>\n<\/ul>\n<p>[\/cg_accordion]\n","protected":false},"featured_media":30094,"template":"","meta":{"_acf_changed":false},"product_brand":[],"product_cat":[373],"product_tag":[],"class_list":{"0":"post-30056","1":"product","2":"type-product","3":"status-publish","4":"has-post-thumbnail","6":"product_cat-accesorios","7":"product_shipping_class-low-end","9":"first","10":"outofstock","11":"sale","12":"taxable","13":"shipping-taxable","14":"purchasable","15":"product-type-simple"},"acf":[],"_links":{"self":[{"href":"https:\/\/ayaneo.co\/es\/wp-json\/wp\/v2\/product\/30056","targetHints":{"allow":["GET"]}}],"collection":[{"href":"https:\/\/ayaneo.co\/es\/wp-json\/wp\/v2\/product"}],"about":[{"href":"https:\/\/ayaneo.co\/es\/wp-json\/wp\/v2\/types\/product"}],"wp:featuredmedia":[{"embeddable":true,"href":"https:\/\/ayaneo.co\/es\/wp-json\/wp\/v2\/media\/30094"}],"wp:attachment":[{"href":"https:\/\/ayaneo.co\/es\/wp-json\/wp\/v2\/media?parent=30056"}],"wp:term":[{"taxonomy":"product_brand","embeddable":true,"href":"https:\/\/ayaneo.co\/es\/wp-json\/wp\/v2\/product_brand?post=30056"},{"taxonomy":"product_cat","embeddable":true,"href":"https:\/\/ayaneo.co\/es\/wp-json\/wp\/v2\/product_cat?post=30056"},{"taxonomy":"product_tag","embeddable":true,"href":"https:\/\/ayaneo.co\/es\/wp-json\/wp\/v2\/product_tag?post=30056"}],"curies":[{"name":"wp","href":"https:\/\/api.w.org\/{rel}","templated":true}]}}