{"id":3502,"date":"2024-10-28T15:23:02","date_gmt":"2024-10-28T15:23:02","guid":{"rendered":"https:\/\/ayaneo.co\/?post_type=product&#038;p=3502"},"modified":"2025-04-11T12:11:30","modified_gmt":"2025-04-11T12:11:30","slug":"ayaneo-2-pc-gaming-handheld-copy","status":"publish","type":"product","link":"https:\/\/ayaneo.co\/es\/product\/ayaneo-2-pc-gaming-handheld-copy\/","title":{"rendered":"AYA NEO 2S"},"content":{"rendered":"\n<p><strong>El AYA NEO 2S: El PC port\u00e1til para juegos definitivo<\/strong> <\/p>\n\n<p>Presentamos el AYA NEO 2S, la personificaci\u00f3n de los PC port\u00e1tiles para juegos. Dise\u00f1ado para ofrecer un rendimiento excepcional en un formato compacto, este PC port\u00e1til para juegos est\u00e1 llamado a revolucionar tu forma de jugar en cualquier lugar. Con su potente procesador AMD Ryzen, gr\u00e1ficos de alta calidad, pantalla envolvente y funciones avanzadas, el AYA NEO 2S es el ordenador port\u00e1til para juegos definitivo que superar\u00e1 tus expectativas.    <\/p>\n\n<p><strong>Elegante y con estilo: Elige tu estilo<\/strong> <\/p>\n\n<p>El AYA NEO 2S viene en una gama de atractivos colores de carcasa para adaptarse a tu estilo personal. Tanto si prefieres la elegancia cl\u00e1sica del Negro Estrellado, la belleza inmaculada del Blanco Cielo, el encanto retro del Retro Power, o la vibrante alegr\u00eda del Pato Rosa y Azul o del Pato Alegre Negro, hay una opci\u00f3n de color para cada persona. No s\u00f3lo ofrece un potente rendimiento, sino que tambi\u00e9n tiene un aspecto elegante y estilizado, lo que la convierte en una aut\u00e9ntica pieza de dise\u00f1o all\u00e1 donde la lleves.    <\/p>\n\n<p><strong>Libera tu potencial de juego con la potencia AMD Ryzen<\/strong> <\/p>\n\n<p>Equipado con un procesador <a href=\"https:\/\/www.amd.com\/en\/products\/apu\/amd-ryzen-7-7840u\" target=\"_blank\" rel=\"noreferrer noopener\">AMD Ryzen 7 7840U<\/a>, el AYA NEO 2S ofrece una extraordinaria potencia de procesamiento para juegos y multitarea sin interrupciones. Con 8 n\u00facleos y 16 hilos, esta CPU alcanza una velocidad de reloj base de 3,3 GHz y una velocidad de reloj boost m\u00e1xima de 5,1 GHz. Proporciona una capacidad de respuesta y una eficiencia incre\u00edbles, garantizando un juego fluido y tiempos de carga rapid\u00edsimos. Tanto si est\u00e1s conquistando enemigos como creando contenidos, el AYA NEO 2S se mantiene a la altura de tus exigencias sin esfuerzo.     <\/p>\n\n<p><strong>Gr\u00e1ficos envolventes para un juego inolvidable<\/strong> <\/p>\n\n<p>Con los gr\u00e1ficos <a href=\"https:\/\/www.nvidia.com\/en-gb\/geforce\/gaming-laptops\/geforce-gtx-780m\/\" target=\"_blank\" rel=\"noreferrer noopener\">AMD Radeon 780M<\/a>, el AYA NEO 2S lleva tu experiencia de juego a nuevas cotas. Con 12 n\u00facleos y una frecuencia gr\u00e1fica de 2700MHz, ofrece unos efectos visuales asombrosos y una velocidad de fotogramas fluida. Desde los entornos detallados hasta las animaciones realistas de los personajes, todos los aspectos de tus juegos favoritos cobran vida en el ordenador port\u00e1til de juegos. Prep\u00e1rate para ser cautivado por los impresionantes gr\u00e1ficos y sum\u00e9rgete en un mundo de juego como nunca antes.     <\/p>\n\n<p><strong>Multitarea sin fisuras con RAM de alta velocidad<\/strong> <\/p>\n\n<p>El PC m\u00f3vil para juegos AYA NEO 2S cuenta con varias opciones de memoria RAM de alta velocidad, como 16 GB, 32 GB o 64 GB de memoria <a href=\"https:\/\/en.wikipedia.org\/wiki\/LPDDR\" target=\"_blank\" rel=\"noreferrer noopener\">LPDDR5X<\/a> con una velocidad de reloj de 7500 MT\/s. Esta innovadora RAM garantiza una multitarea fluida y te permite ejecutar varias aplicaciones simult\u00e1neamente sin ning\u00fan retraso ni ralentizaci\u00f3n. Tanto si est\u00e1s jugando, transmitiendo en streaming o editando, el AYA NEO 2S tiene la capacidad de memoria para manejarlo todo con facilidad.    <\/p>\n\n<p><strong>Almacenamiento masivo para tu biblioteca de juegos<\/strong> <\/p>\n\n<p>Con el AYA NEO 2S, el espacio de almacenamiento nunca es una preocupaci\u00f3n. Elige entre una generosa selecci\u00f3n de opciones de almacenamiento que van desde 512 GB hasta la friolera de 4 TB m.2 2280 <a href=\"https:\/\/en.wikipedia.org\/wiki\/Solid-state_drive\" target=\"_blank\" rel=\"noreferrer noopener\">SSD<\/a>. Esto significa que puedes almacenar todos tus juegos, v\u00eddeos y archivos favoritos sin preocuparte por quedarte sin espacio. Desp\u00eddete de borrar juegos para hacer sitio a otros nuevos y ten toda tu biblioteca de juegos al alcance de la mano.     <\/p>\n\n<p><strong>Pantalla inmersiva para im\u00e1genes asombrosas<\/strong> <\/p>\n\n<p>El AYA NEO 2S incorpora una brillante pantalla IPS de 7&#8243; con un dise\u00f1o sin biseles que maximiza tu experiencia visual. Con una resoluci\u00f3n de 1920&#215;1200 y una densidad de p\u00edxeles de 323 PPI, cada detalle es n\u00edtido y v\u00edvido. La pantalla tiene un brillo de 500 nits, lo que te permite disfrutar de tus juegos incluso en entornos muy iluminados. Con una precisi\u00f3n del color del 130% <a href=\"https:\/\/en.wikipedia.org\/wiki\/SRGB\" target=\"_blank\" rel=\"noreferrer noopener\">sRGB<\/a> y una relaci\u00f3n de contraste de 1200:1, el AYA NEO 2S presenta colores con una viveza y profundidad excepcionales. Experimenta tus juegos favoritos como nunca antes en esta impresionante pantalla.      <\/p>\n\n<p><strong>Control de precisi\u00f3n para una jugabilidad inigualable<\/strong> <\/p>\n\n<p>El AYA NEO 2S est\u00e1 dise\u00f1ado para proporcionar un control preciso y una experiencia de juego envolvente. Incorpora un mando maestro con <a href=\"https:\/\/thegamingsetup.com\/guides\/hall-effect-joysticks\" target=\"_blank\" rel=\"noreferrer noopener\">sticks con sensor de efecto Hall<\/a>, que garantiza una entrada suave y precisa para cada movimiento. Los gatillos lineales ofrecen una respuesta ultrarr\u00e1pida, lo que te permite ejecutar acciones precisas con facilidad. Con el AYA NEO 2S, tendr\u00e1s el control definitivo en la palma de la mano.     <\/p>\n\n<p><strong>Libera tu potencial de juego con el Giroscopio Dual de Seis Ejes<\/strong> <\/p>\n\n<p>El AYA NEO 2S lleva los juegos al siguiente nivel con su giroscopio dual de seis ejes. Esta innovadora funci\u00f3n permite una mejor detecci\u00f3n del movimiento, lo que te permite interactuar con los juegos de una forma m\u00e1s intuitiva e inmersiva. Ya est\u00e9s inclin\u00e1ndote, girando o volteando, el AYA NEO 2S traduce con precisi\u00f3n tus movimientos en el juego, proporcionando una experiencia de juego realmente atractiva.    <\/p>\n\n<p><strong>Siente el juego con la vibraci\u00f3n del motor lineal HD<\/strong> <\/p>\n\n<p>El AYA NEO 2S est\u00e1 equipado con un sistema de vibraci\u00f3n de motor lineal HD que a\u00f1ade una nueva dimensi\u00f3n a tus juegos. Siente el impacto de cada explosi\u00f3n, el estruendo del motor y la tensi\u00f3n de la batalla mientras el sistema de vibraci\u00f3n da vida a tus juegos. Sum\u00e9rgete en un mundo en el que puedes sentir cada momento, llevando tu experiencia de juego a un nuevo nivel de realismo.    <\/p>\n\n<p><strong>Disipaci\u00f3n eficiente del calor para un rendimiento \u00f3ptimo<\/strong> <\/p>\n\n<p>El AYA NEO 2S incorpora una avanzada tecnolog\u00eda de disipaci\u00f3n del calor para garantizar un rendimiento \u00f3ptimo incluso durante sesiones de juego prolongadas. Con un dise\u00f1o de 3+1 tres tubos de cobre, una gran l\u00e1mina de cobre y un parche de grafeno, este PC port\u00e1til para juegos disipa eficazmente el calor, manteniendo bajas las temperaturas y alto el rendimiento. Di adi\u00f3s al sobrecalentamiento y disfruta de sesiones de juego ininterrumpidas con el AYA NEO 2S.    <\/p>\n\n<p><strong>Opciones de conectividad para un juego vers\u00e1til<\/strong> <\/p>\n\n<p>El AYA NEO 2S ofrece diversas opciones de conectividad para mejorar tu experiencia de juego. Con dos puertos USB 4 Tipo-C con conectividad eGPU, un puerto USB 3.2 Tipo-C y una toma de auriculares de 3,5 mm, puedes conectar tus perif\u00e9ricos favoritos para una configuraci\u00f3n de juego personalizada. La ranura para tarjetas Micro SD de velocidad extrema admite hasta 300 MB\/s, lo que te permite ampliar tus opciones de almacenamiento sin esfuerzo. Con el AYA NEO 2S, tendr\u00e1s la flexibilidad de jugar a tu manera.     <\/p>\n\n<p><strong>Conectividad perfecta con Wi-Fi 6E y Bluetooth 5.2<\/strong> <\/p>\n\n<p>El AYA NEO 2S cuenta con tecnolog\u00eda Wi-Fi 6E y Bluetooth 5.2, que garantizan una conectividad sin fisuras y r\u00e1pidas velocidades de transferencia de datos. Con\u00e9ctate a Internet a la velocidad del rayo, disfruta de juegos en l\u00ednea sin problemas y empareja tus dispositivos Bluetooth favoritos sin esfuerzo. Tanto si est\u00e1s jugando, haciendo streaming o navegando, el AYA NEO 2S te mantiene conectado y listo para la acci\u00f3n.    <\/p>\n\n<p><strong>Reconocimiento de huella dactilar seguro y c\u00f3modo<\/strong> <\/p>\n\n<p>Desbloquea tu AYA NEO 2S de forma r\u00e1pida y segura con el reconocimiento de huella dactilar integrado en el bot\u00f3n de encendido. Se acabaron las contrase\u00f1as y los PIN: basta con colocar el dedo en el bot\u00f3n de encendido y ya puedes empezar. Esta pr\u00e1ctica funci\u00f3n te proporciona la tranquilidad de saber que tu PC port\u00e1til para juegos est\u00e1 protegido frente a accesos no autorizados.    <\/p>\n\n<p><strong>Bater\u00eda de larga duraci\u00f3n para sesiones de juego prolongadas<\/strong> <\/p>\n\n<p>El ordenador port\u00e1til para juegos AYA NEO 2S est\u00e1 equipado con una bater\u00eda recargable de alta capacidad de 13050mAh 50,25Wh, que te permite disfrutar de sesiones de juego prolongadas sin preocuparte de quedarte sin energ\u00eda. Tanto si juegas fuera como en casa, el AYA NEO 2S sigue el ritmo de tus exigencias de juego, para que no te pierdas ni un momento de acci\u00f3n.   <\/p>\n\n<p><strong>Experimenta el poder de Windows 11<\/strong> <\/p>\n\n<p>El AYA NEO 2S viene preinstalado con Windows 11 Home Edition, el \u00faltimo sistema operativo de Microsoft. Benef\u00edciate de una interfaz de usuario fluida e intuitiva, un rendimiento de juego mejorado y acceso a una amplia biblioteca de juegos y aplicaciones. <a href=\"https:\/\/en.wikipedia.org\/wiki\/Windows_11\" target=\"_blank\" rel=\"noreferrer noopener\">Windows 11<\/a> Lleva tu experiencia de juego al siguiente nivel, y el AYA NEO 2S es la plataforma perfecta para liberar todo su potencial.   <\/p>\n\n<p><strong>Compacto y ligero para jugar fuera de casa<\/strong> <\/p>\n\n<p>Con unas medidas de s\u00f3lo 26,4 x 10,5 x 2,1 cm (10,3 x 4,1 x 0,8 pulgadas) y un peso de s\u00f3lo 667 g, el ordenador port\u00e1til para juegos AYA NEO 2S est\u00e1 dise\u00f1ado precisamente para eso. M\u00e9telo en el bolso o en el bolsillo, y estar\u00e1s listo para llevar tus aventuras de juego a cualquier parte. Ya est\u00e9s de viaje, de viaje o simplemente descansando en casa, el PC para juegos compacto AYA NEO 2S te permite disfrutar de los juegos cuando y donde te llegue la inspiraci\u00f3n.    <\/p>\n\n<p><strong>Por qu\u00e9 deber\u00edas comprar el AYA NEO 2S<\/strong> <\/p>\n\n<p>Experimenta el futuro de los juegos con el AYA NEO 2S. Este PC port\u00e1til para juegos combina un rendimiento potente, im\u00e1genes asombrosas, control preciso y funciones avanzadas en un paquete compacto y elegante. Tanto si eres un jugador ocasional, un entusiasta empedernido o un creador de contenidos, el AYA NEO 2S es tu puerta de entrada a un sinf\u00edn de posibilidades. Abraza la libertad del juego port\u00e1til y libera tu potencial de juego con el AYA NEO 2S.     <\/p>\n\n<p><strong>Pros del AYA NEO 2S:<\/strong> <\/p>\n\n<ul class=\"wp-block-list\">\n<li>Potente rendimiento: El procesador AMD Ryzen 7 7840U y los gr\u00e1ficos AMD Radeon 780M ofrecen un rendimiento excepcional, lo que permite jugar sin problemas y realizar varias tareas a la vez.  <\/li>\n\n\n\n<li>Compacto y port\u00e1til: Con su peque\u00f1o tama\u00f1o y su dise\u00f1o ligero, el AYA NEO 2S es muy port\u00e1til, por lo que te resultar\u00e1 f\u00e1cil llevarte tus juegos a cualquier parte.  <\/li>\n<\/ul>\n\n<ul class=\"wp-block-list\">\n<li>Pantalla envolvente: La pantalla IPS de 7&#8243; con alta resoluci\u00f3n y colores vibrantes ofrece una experiencia de juego envolvente, dando vida a tus juegos.  <\/li>\n\n\n\n<li>Controles precisos: El mando maestro con sticks con sensor de efecto Hall y gatillos Hall lineales proporciona un control preciso para mejorar el juego.  <\/li>\n\n\n\n<li>Funciones avanzadas: El AYA NEO 2S incorpora funciones como un giroscopio dual de seis ejes, vibraci\u00f3n de motor lineal HD y reconocimiento de huellas dactilares, que mejoran la experiencia de juego en general.  <\/li>\n<\/ul>\n\n<p><\/p>\n\n<p><\/p>\n","protected":false},"excerpt":{"rendered":"<ul>\n<li>AMD<strong> Ryzen\u2122 7 7840U<\/strong> \/ Radeon 780M<\/li>\n<li><strong>hasta 64 GB<\/strong> LPDDR5X a <strong>7500 MT\/s<\/strong><\/li>\n<li><strong>hasta 4 TB<\/strong> PCIe 4.0 M.2 2280 de alta velocidad SSD<\/li>\n<li>Pantalla t\u00e1ctil de <strong>7<\/strong> \u00bb <strong> LCD<\/strong> <\/li>\n<li>Compatible con <strong>WiFi 6E<\/strong> y <strong>Bluetooth 5.2<\/strong> <\/li>\n<\/ul>\n[cg_accordion title=\"INFORMACI\u00d3N SOBRE EL PAGO\"]<\/p>\n<p>Utilizamos la \u00faltima tecnolog\u00eda en procesamiento de pagos, que te permite pagar mediante Apple Pay, Google Pay, tu tarjeta de d\u00e9bito\/cr\u00e9dito, PayPal o m\u00e9todos BNPL como Klarna, Affirm o AfterPay para una experiencia r\u00e1pida y segura.[\/cg_accordion]\n[cg_accordion title=\"GARANT\u00cdA\"]<\/p>\n<p>1 a\u00f1o de garant\u00eda de <a href=\"https:\/\/droix.net\/\" target=\"_blank\" rel=\"nofollow noopener\">DROIX Global<\/a> para tu tranquilidad[\/cg_accordion]\n[cg_accordion title=\"PRECIOS, IMPUESTOS Y ENV\u00cdO\"]<\/p>\n<p><strong><u>Nota:<\/u><\/strong><\/p>\n<ul>\n<li>Clientes de Estados Unidos: El precio indicado NO incluye impuestos ni aranceles. La responsabilidad de despachar aduanas y pagar cualquier impuesto o arancel asociado recae en el cliente. <\/li>\n<li>Clientes de la UE: El precio indicado incluye el IMPUESTO aplicable, que puede ser de hasta el 25% dependiendo de tu pa\u00eds.<\/li>\n<li>Clientes de Canad\u00e1: El precio mostrado incluye los impuestos aplicables, que pueden incluir un 5% de GST e impuestos de venta provinciales (PST), impuestos de venta armonizados (HST) o impuestos de venta de Quebec (QST) adicionales, dependiendo de tu provincia.<\/li>\n<\/ul>\n<p><strong>S\u00d3LO para clientes de la UE:<\/strong> DDP expr\u00e9s (entrega con derechos pagados). Esto significa: <\/p>\n<ul>\n<li>Todos los derechos de aduana e impuestos est\u00e1n incluidos en el precio que aparece en la p\u00e1gina del producto.<\/li>\n<li>No tendr\u00e1s que pagar ning\u00fan gasto adicional en el momento de la entrega.<\/li>\n<li>En el raro caso de que surjan problemas relacionados con las aduanas, nuestro equipo se encargar\u00e1 del proceso de despacho de aduanas en tu nombre para garantizar una experiencia de entrega sin problemas.<\/li>\n<p>Informaci\u00f3n importante sobre devoluciones:<\/p>\n<li>Si decides devolver tu pedido o solicitar un reembolso, ten en cuenta que los impuestos y aranceles pagados en tu nombre seg\u00fan las condiciones del DDP no pueden reembolsarse.<\/li>\n<p>Consulta nuestras <a href=\"https:\/\/ayaneo.co\/terms-of-service-2\/\" target=\"_blank\" rel=\"nofollow noopener\">Condiciones generales<\/a> para obtener informaci\u00f3n detallada.\n<\/ul>\n<p>[\/cg_accordion]\n[cg_accordion title=\"ATENCI\u00d3N AL CLIENTE\"]<\/p>\n<p>\u00bfTienes alguna pregunta? \u00a1Estamos a un SMS de solucionar tu problema!<br \/>\n[\/cg_accordion]\n[cg_accordion title=\"El paquete incluye\"]<\/p>\n<ul>\n<li>1x AYANEO 2S<\/li>\n<li>1x Cable USB Tipo-C<\/li>\n<li>2x Adaptador USB C a A<\/li>\n<li>1x Cargador Tipo A de 100 W<\/li>\n<li>1x Cable USB Tipo-C<\/li>\n<li>1x Adaptador de tipo G1x Adaptador de tipo E<\/li>\n<li>1x Adaptador Tipo I<\/li>\n<li>1x Manual del usuario<\/li>\n<li>1x Palanca y pegatinas para abrir el aparato<\/li>\n<li>1x Tapas laterales de repuesto<\/li>\n<\/ul>\n<p>[\/cg_accordion]\n","protected":false},"featured_media":3521,"template":"","meta":{"_acf_changed":false},"product_brand":[],"product_cat":[361],"product_tag":[396],"class_list":{"0":"post-3502","1":"product","2":"type-product","3":"status-publish","4":"has-post-thumbnail","6":"product_cat-ordenadores-portatiles-para-juegos","7":"product_tag-pc-gaming-portatil","8":"product_shipping_class-premium","9":"pa_brand-ayaneo","10":"pa_graphics-gpu-model-radeon-780m","11":"pa_operating-system-windows-11","12":"pa_processor-cpu-brand-amd","14":"first","15":"outofstock","16":"sale","17":"taxable","18":"shipping-taxable","19":"purchasable","20":"product-type-variable","21":"has-default-attributes"},"acf":[],"_links":{"self":[{"href":"https:\/\/ayaneo.co\/es\/wp-json\/wp\/v2\/product\/3502","targetHints":{"allow":["GET"]}}],"collection":[{"href":"https:\/\/ayaneo.co\/es\/wp-json\/wp\/v2\/product"}],"about":[{"href":"https:\/\/ayaneo.co\/es\/wp-json\/wp\/v2\/types\/product"}],"wp:featuredmedia":[{"embeddable":true,"href":"https:\/\/ayaneo.co\/es\/wp-json\/wp\/v2\/media\/3521"}],"wp:attachment":[{"href":"https:\/\/ayaneo.co\/es\/wp-json\/wp\/v2\/media?parent=3502"}],"wp:term":[{"taxonomy":"product_brand","embeddable":true,"href":"https:\/\/ayaneo.co\/es\/wp-json\/wp\/v2\/product_brand?post=3502"},{"taxonomy":"product_cat","embeddable":true,"href":"https:\/\/ayaneo.co\/es\/wp-json\/wp\/v2\/product_cat?post=3502"},{"taxonomy":"product_tag","embeddable":true,"href":"https:\/\/ayaneo.co\/es\/wp-json\/wp\/v2\/product_tag?post=3502"}],"curies":[{"name":"wp","href":"https:\/\/api.w.org\/{rel}","templated":true}]}}