{"id":37072,"date":"2025-02-10T12:11:02","date_gmt":"2025-02-10T12:11:02","guid":{"rendered":"https:\/\/ayaneo.co\/product\/ayaneo-3\/"},"modified":"2025-12-02T18:13:18","modified_gmt":"2025-12-02T18:13:18","slug":"ayaneo-3","status":"publish","type":"product","link":"https:\/\/ayaneo.co\/es\/product\/ayaneo-3\/","title":{"rendered":"AYANEO 3"},"content":{"rendered":"\n<figure class=\"wp-block-video\"><video height=\"360\" style=\"aspect-ratio: 640 \/ 360;\" width=\"640\" controls=\"\" poster=\"https:\/\/ayaneo.co\/wp-content\/uploads\/2025\/02\/maxresdefault-1.jpg\" src=\"https:\/\/ayaneo.co\/wp-content\/uploads\/2025\/02\/videoplayback-1.mp4\"><\/video><\/figure>\n\n<div class=\"wp-block-columns is-layout-flex wp-container-core-columns-is-layout-28f84493 wp-block-columns-is-layout-flex\">\n<div class=\"wp-block-column is-layout-flow wp-block-column-is-layout-flow\">\n<p>Presentamos la AYANEO 3, la primera consola de juegos port\u00e1til modular del mundo que redefine el juego port\u00e1til con una personalizaci\u00f3n y un rendimiento sin precedentes. Dise\u00f1ada para jugadores que buscan una experiencia personalizada, la AYANEO 3 ofrece funciones innovadoras y especificaciones de primer nivel para satisfacer tanto a los entusiastas de los juegos casuales como a los m\u00e1s hardcore. <\/p>\n\n\n\n<h2 class=\"wp-block-heading\"><strong>Dise\u00f1o modular innovador<\/strong><\/h2>\n\n\n\n<p>El AYANEO 3 es pionero en un innovador sistema de mando modular, que permite a los usuarios combinar y personalizar libremente los m\u00f3dulos del mando para adaptarlos a sus preferencias de juego. Con botones ABXY desmontables e intercambiables, los jugadores pueden configurar hasta 56 combinaciones de disposici\u00f3n \u00fanicas, que garantizan una comodidad y un control \u00f3ptimos para cualquier g\u00e9nero de juego. Los m\u00f3dulos incluyen configuraciones est\u00e1ndar de joystick, m\u00f3dulos de panel t\u00e1ctil para mejorar el juego FPS y m\u00f3dulos de lucha de seis botones para un control preciso.    <\/p>\n<\/div>\n<\/div>\n\n<div class=\"wp-block-columns is-layout-flex wp-container-core-columns-is-layout-28f84493 wp-block-columns-is-layout-flex\">\n<div class=\"wp-block-column is-layout-flow wp-block-column-is-layout-flow\" style=\"flex-basis:33.33%\">\n<figure class=\"wp-block-image size-full\"><a href=\"https:\/\/ayaneo.co\/wp-content\/uploads\/2025\/02\/4-1-1024x1024-1.jpg\"><img fetchpriority=\"high\" decoding=\"async\" width=\"1024\" height=\"1024\" src=\"https:\/\/ayaneo.co\/wp-content\/uploads\/2025\/02\/4-1-1024x1024-1.jpg\" alt=\"Pantalla OLED:&#10;La pantalla OLED cuenta con una r&#xE1;pida frecuencia de actualizaci&#xF3;n de 144 Hz, lo que garantiza un movimiento excepcionalmente suave y fluido en los juegos, reduciendo el desenfoque. Con 800 nits de brillo, ofrece im&#xE1;genes incre&#xED;blemente vivas y claras, incluso en entornos luminosos. Su cobertura de gama crom&#xE1;tica DCI-P3 del 110% proporciona un amplio espectro de colores ricos y precisos para una experiencia realmente envolvente. Este panel premium es ideal para quienes buscan fidelidad visual y capacidad de respuesta de primer nivel.   &#10;&#10;Pantalla LCD:&#10;La pantalla LCD ofrece una frecuencia de refresco suave de 120 Hz para una excelente fluidez en los juegos y una reducci&#xF3;n de las im&#xE1;genes fantasma. Ofrece 500 nits de brillo y una cobertura sRGB del 100%, lo que garantiza im&#xE1;genes claras y con colores precisos para la mayor&#xED;a de los contenidos. Y lo que es m&#xE1;s importante, incluye VRR con AMD FreeSync Premium, que sincroniza din&#xE1;micamente la pantalla con la frecuencia de imagen. Esto elimina el desgarro y el parpadeo de la pantalla, proporcionando una experiencia de juego siempre fluida y atractiva.   \" class=\"wp-image-37427\" srcset=\"https:\/\/ayaneo.co\/wp-content\/uploads\/2025\/02\/4-1-1024x1024-1.jpg 1024w, https:\/\/ayaneo.co\/wp-content\/uploads\/2025\/02\/4-1-1024x1024-1-300x300.jpg 300w, https:\/\/ayaneo.co\/wp-content\/uploads\/2025\/02\/4-1-1024x1024-1-150x150.jpg 150w, https:\/\/ayaneo.co\/wp-content\/uploads\/2025\/02\/4-1-1024x1024-1-768x768.jpg 768w, https:\/\/ayaneo.co\/wp-content\/uploads\/2025\/02\/4-1-1024x1024-1-65x65.jpg 65w, https:\/\/ayaneo.co\/wp-content\/uploads\/2025\/02\/4-1-1024x1024-1-990x990.jpg 990w, https:\/\/ayaneo.co\/wp-content\/uploads\/2025\/02\/4-1-1024x1024-1-441x441.jpg 441w, https:\/\/ayaneo.co\/wp-content\/uploads\/2025\/02\/4-1-1024x1024-1-100x100.jpg 100w, https:\/\/ayaneo.co\/wp-content\/uploads\/2025\/02\/4-1-1024x1024-1-600x600.jpg 600w\" sizes=\"(max-width: 1024px) 100vw, 1024px\" \/><\/a><\/figure>\n<\/div>\n\n\n\n<div class=\"wp-block-column is-layout-flow wp-block-column-is-layout-flow\" style=\"flex-basis:66.66%\">\n<h2 class=\"wp-block-heading\"><strong>Impresionantes efectos visuales<\/strong><\/h2>\n\n\n\n<ul class=\"wp-block-list\">\n<li><strong>Pantalla OLED<\/strong><br\/><strong><br\/><\/strong>La pantalla OLED del AYANEO 3 es una pantalla t\u00e1ctil de 7 pulgadas con una resoluci\u00f3n de 1080P y una relaci\u00f3n de aspecto de 16:9. Cuenta con una frecuencia de actualizaci\u00f3n personalizable, que permite a los usuarios seleccionar entre 144 Hz, 120 Hz, 90 Hz y 60 Hz. Esta pantalla ofrece un brillo global m\u00e1ximo de 800 nits y es compatible con la calidad de color real HDR para conseguir luces y sombras realistas. Cubre el 110% de la gama de colores DCI-P3 y tiene un volumen de gama de colores sRGB del 150%, proporcionando im\u00e1genes vibrantes y n\u00edtidas.   <\/li>\n\n\n\n<li><strong>Pantalla LCD<\/strong><br\/><strong><br\/><\/strong>La opci\u00f3n de pantalla LCD tambi\u00e9n es una pantalla t\u00e1ctil de 7 pulgadas con una resoluci\u00f3n de 1080P y una relaci\u00f3n de aspecto de 16:9. Ofrece frecuencias de refresco de 120 Hz y 60 Hz. Con un brillo global m\u00e1ximo de 500 nits, proporciona una cobertura sRGB del 100%. La pantalla LCD tiene un r\u00e1pido tiempo de respuesta de 7 ms y es compatible con VRR (frecuencia de actualizaci\u00f3n variable) con AMD FreeSync Premium, lo que garantiza una experiencia de juego clara, vibrante y sin l\u00e1grimas. Tambi\u00e9n es una pantalla nativa apaisada.    <\/li>\n<\/ul>\n\n\n\n<p><br\/>Tanto la pantalla LCD como la OLED proporcionan una experiencia visual envolvente, permitiendo a los jugadores disfrutar de unos gr\u00e1ficos impresionantes con una claridad excepcional.<\/p>\n<\/div>\n<\/div>\n\n<h2 class=\"wp-block-heading has-text-align-center\"><strong>Rendimiento de alta potencia<\/strong><\/h2>\n\n<p class=\"has-text-align-center\">Bajo el cap\u00f3, el AYANEO 3 ofrece dos potentes opciones de procesador:<\/p>\n\n<div class=\"wp-block-columns is-layout-flex wp-container-core-columns-is-layout-28f84493 wp-block-columns-is-layout-flex\">\n<div class=\"wp-block-column is-layout-flow wp-block-column-is-layout-flow\">\n<figure class=\"wp-block-image size-full\"><a href=\"https:\/\/ayaneo.co\/wp-content\/uploads\/2025\/02\/3-370-1-1024x1024-1.jpg\"><img decoding=\"async\" width=\"1024\" height=\"1024\" src=\"https:\/\/ayaneo.co\/wp-content\/uploads\/2025\/02\/3-370-1-1024x1024-1.jpg\" alt=\"Un gr&#xE1;fico que detalla el &quot;N&#xFA;cleo potente, capacidades vers&#xE1;tiles&quot; de un dispositivo impulsado por el procesador &quot;AMD Ryzen AI 9 HX 370&quot;. La imagen muestra varios componentes y especificaciones: &quot;CPU Zen5 New Zen 5&quot;, &quot;12 n&#xFA;cleos 24 hilos&quot;, &quot;frecuencia m&#xE1;xima de un solo n&#xFA;cleo de 5,1 GHz&quot;, &quot;AMD Radeon 890M&quot; (GPU con &quot;RDNA 3.5 16CU 2,9 GHz&quot;) y &quot;AMD XDNA 2 NPU 50TOPS&quot;. Destaca &quot;12MB L2 + 24MB L3 de cach&#xE9; de alta velocidad&quot; y se&#xF1;ala que las arquitecturas de CPU, GPU y NPU se han actualizado para aumentar el rendimiento y la eficiencia, lo que la hace adecuada para juegos y tareas de IA. Un peque&#xF1;o texto en la parte inferior lo compara con la generaci&#xF3;n anterior de procesadores de IA de AMD, mencionando mejoras en la potencia de c&#xE1;lculo de la NPU, el procesamiento del n&#xFA;cleo de la CPU, la eficiencia energ&#xE9;tica de la NPU, la velocidad de respuesta de la IA de grandes modelos ling&#xFC;&#xED;sticos y la cach&#xE9; L3.   \" class=\"wp-image-37428\" srcset=\"https:\/\/ayaneo.co\/wp-content\/uploads\/2025\/02\/3-370-1-1024x1024-1.jpg 1024w, https:\/\/ayaneo.co\/wp-content\/uploads\/2025\/02\/3-370-1-1024x1024-1-300x300.jpg 300w, https:\/\/ayaneo.co\/wp-content\/uploads\/2025\/02\/3-370-1-1024x1024-1-150x150.jpg 150w, https:\/\/ayaneo.co\/wp-content\/uploads\/2025\/02\/3-370-1-1024x1024-1-768x768.jpg 768w, https:\/\/ayaneo.co\/wp-content\/uploads\/2025\/02\/3-370-1-1024x1024-1-65x65.jpg 65w, https:\/\/ayaneo.co\/wp-content\/uploads\/2025\/02\/3-370-1-1024x1024-1-990x990.jpg 990w, https:\/\/ayaneo.co\/wp-content\/uploads\/2025\/02\/3-370-1-1024x1024-1-441x441.jpg 441w, https:\/\/ayaneo.co\/wp-content\/uploads\/2025\/02\/3-370-1-1024x1024-1-100x100.jpg 100w, https:\/\/ayaneo.co\/wp-content\/uploads\/2025\/02\/3-370-1-1024x1024-1-600x600.jpg 600w\" sizes=\"(max-width: 1024px) 100vw, 1024px\" \/><\/a><\/figure>\n\n\n\n<p><strong>AMD Ryzen\u2122 AI 9 HX 370<\/strong>: Equipado con 12 n\u00facleos y 24 hilos, este procesador ofrece un rendimiento de primer nivel para t\u00edtulos AAA exigentes y multitarea.<\/p>\n<\/div>\n\n\n\n<div class=\"wp-block-column is-layout-flow wp-block-column-is-layout-flow\">\n<figure class=\"wp-block-image size-full\"><a href=\"https:\/\/ayaneo.co\/wp-content\/uploads\/2025\/02\/3-8840u-1-1024x1024-1.jpg\"><img decoding=\"async\" width=\"1024\" height=\"1024\" src=\"https:\/\/ayaneo.co\/wp-content\/uploads\/2025\/02\/3-8840u-1-1024x1024-1.jpg\" alt=\"Una infograf&#xED;a de tem&#xE1;tica oscura que destaca las especificaciones del procesador &quot;AMD Ryzen&#x2122; 7 8840U&quot;. La secci&#xF3;n superior muestra detalles sobre la CPU, la GPU y la NPU: &quot;CPU Zen4&quot;, proceso de &quot;4nm&quot;, &quot;frecuencia m&#xE1;xima de 5,1GHz&quot;, gr&#xE1;ficos &quot;AMD Radeon&#x2122; 780M&quot; con &quot;RDNA 3 12CU 2,7GHz&quot; y &quot;AMD Ryzen&#x2122; AI NPU 16TOPS&quot;. Un bloque central muestra el chip &quot;AMD Ryzen&#x2122; 7 8840U&quot;, se&#xF1;alando &quot;38TOPS de rendimiento general&quot;. La secci&#xF3;n inferior detalla la memoria y el almacenamiento: &quot;Memoria LPDDR5X 7500MT\/s&quot; (hasta 64 GB disponibles para tareas pesadas) y &quot;M.2 2280 PCIe 4.0 SSD&quot; (ultrarr&#xE1;pida, de uso general y ampliable).    \" class=\"wp-image-37429\" srcset=\"https:\/\/ayaneo.co\/wp-content\/uploads\/2025\/02\/3-8840u-1-1024x1024-1.jpg 1024w, https:\/\/ayaneo.co\/wp-content\/uploads\/2025\/02\/3-8840u-1-1024x1024-1-300x300.jpg 300w, https:\/\/ayaneo.co\/wp-content\/uploads\/2025\/02\/3-8840u-1-1024x1024-1-150x150.jpg 150w, https:\/\/ayaneo.co\/wp-content\/uploads\/2025\/02\/3-8840u-1-1024x1024-1-768x768.jpg 768w, https:\/\/ayaneo.co\/wp-content\/uploads\/2025\/02\/3-8840u-1-1024x1024-1-65x65.jpg 65w, https:\/\/ayaneo.co\/wp-content\/uploads\/2025\/02\/3-8840u-1-1024x1024-1-990x990.jpg 990w, https:\/\/ayaneo.co\/wp-content\/uploads\/2025\/02\/3-8840u-1-1024x1024-1-441x441.jpg 441w, https:\/\/ayaneo.co\/wp-content\/uploads\/2025\/02\/3-8840u-1-1024x1024-1-100x100.jpg 100w, https:\/\/ayaneo.co\/wp-content\/uploads\/2025\/02\/3-8840u-1-1024x1024-1-600x600.jpg 600w\" sizes=\"(max-width: 1024px) 100vw, 1024px\" \/><\/a><\/figure>\n\n\n\n<p><strong>AMD Ryzen\u2122 7 8840U<\/strong>: Un procesador equilibrado que ofrece un rendimiento fiable tanto para sesiones de juego de alta exigencia como ocasionales.<\/p>\n<\/div>\n<\/div>\n\n<p>Combinado con hasta 64 GB de RAM LPDDR5X y hasta 4 TB de almacenamiento PCIe 4.0 SSD, el AYANEO 3 garantiza tiempos de carga r\u00e1pidos y amplio espacio para tu biblioteca de juegos.<\/p>\n\n<h3 class=\"wp-block-heading\"><strong>Controles mejorados<\/strong><\/h3>\n\n<p>Experimenta un control superior con las funciones avanzadas del AYANEO 3:<\/p>\n\n<div class=\"wp-block-columns is-layout-flex wp-container-core-columns-is-layout-28f84493 wp-block-columns-is-layout-flex\">\n<div class=\"wp-block-column is-layout-flow wp-block-column-is-layout-flow\">\n<figure class=\"wp-block-image size-full\"><a href=\"https:\/\/ayaneo.co\/wp-content\/uploads\/2025\/02\/Dual-Stage-Hall-Effect-Triggers-1024x1024-1.jpg\"><img loading=\"lazy\" decoding=\"async\" width=\"1024\" height=\"1024\" src=\"https:\/\/ayaneo.co\/wp-content\/uploads\/2025\/02\/Dual-Stage-Hall-Effect-Triggers-1024x1024-1.jpg\" alt=\"Primer plano de una mano sujetando un mando de juegos o un dispositivo port&#xE1;til de color oscuro, destacando concretamente el bot&#xF3;n de disparo del hombro. La imagen est&#xE1; ba&#xF1;ada por una luz azul, y un texto blanco en la parte superior dice &quot;Disparadores de Sala &#xC1;giles&quot;. \" class=\"wp-image-37430\" srcset=\"https:\/\/ayaneo.co\/wp-content\/uploads\/2025\/02\/Dual-Stage-Hall-Effect-Triggers-1024x1024-1.jpg 1024w, https:\/\/ayaneo.co\/wp-content\/uploads\/2025\/02\/Dual-Stage-Hall-Effect-Triggers-1024x1024-1-300x300.jpg 300w, https:\/\/ayaneo.co\/wp-content\/uploads\/2025\/02\/Dual-Stage-Hall-Effect-Triggers-1024x1024-1-150x150.jpg 150w, https:\/\/ayaneo.co\/wp-content\/uploads\/2025\/02\/Dual-Stage-Hall-Effect-Triggers-1024x1024-1-768x768.jpg 768w, https:\/\/ayaneo.co\/wp-content\/uploads\/2025\/02\/Dual-Stage-Hall-Effect-Triggers-1024x1024-1-65x65.jpg 65w, https:\/\/ayaneo.co\/wp-content\/uploads\/2025\/02\/Dual-Stage-Hall-Effect-Triggers-1024x1024-1-990x990.jpg 990w, https:\/\/ayaneo.co\/wp-content\/uploads\/2025\/02\/Dual-Stage-Hall-Effect-Triggers-1024x1024-1-441x441.jpg 441w, https:\/\/ayaneo.co\/wp-content\/uploads\/2025\/02\/Dual-Stage-Hall-Effect-Triggers-1024x1024-1-100x100.jpg 100w, https:\/\/ayaneo.co\/wp-content\/uploads\/2025\/02\/Dual-Stage-Hall-Effect-Triggers-1024x1024-1-600x600.jpg 600w\" sizes=\"(max-width: 1024px) 100vw, 1024px\" \/><\/a><\/figure>\n\n\n\n<h3 class=\"wp-block-heading\"><strong>Disparadores de efecto Hall de dos etapas<\/strong> <\/h3>\n\n\n\n<p>Cambia entre un recorrido largo de 7,5 mm para un control preciso y un recorrido corto de 3 mm para entradas r\u00e1pidas, adapt\u00e1ndose a diferentes escenarios de juego.<\/p>\n<\/div>\n\n\n\n<div class=\"wp-block-column is-layout-flow wp-block-column-is-layout-flow\">\n<figure class=\"wp-block-image size-full\"><a href=\"https:\/\/ayaneo.co\/wp-content\/uploads\/2025\/02\/Magnetic-Suspension-Motor.jpg\"><img loading=\"lazy\" decoding=\"async\" width=\"1500\" height=\"1500\" src=\"https:\/\/ayaneo.co\/wp-content\/uploads\/2025\/02\/Magnetic-Suspension-Motor.jpg\" alt=\"Vista interna de un dispositivo, mostrando un &quot;Motor de Suspensi&#xF3;n Magn&#xE9;tica&quot;. El motor es un componente cil&#xED;ndrico con un brillante resplandor azul en su centro, situado dentro de una compleja placa de circuitos o estructura interna representada en tonos oscuros. \" class=\"wp-image-37431\" srcset=\"https:\/\/ayaneo.co\/wp-content\/uploads\/2025\/02\/Magnetic-Suspension-Motor.jpg 1500w, https:\/\/ayaneo.co\/wp-content\/uploads\/2025\/02\/Magnetic-Suspension-Motor-300x300.jpg 300w, https:\/\/ayaneo.co\/wp-content\/uploads\/2025\/02\/Magnetic-Suspension-Motor-1024x1024.jpg 1024w, https:\/\/ayaneo.co\/wp-content\/uploads\/2025\/02\/Magnetic-Suspension-Motor-150x150.jpg 150w, https:\/\/ayaneo.co\/wp-content\/uploads\/2025\/02\/Magnetic-Suspension-Motor-768x768.jpg 768w, https:\/\/ayaneo.co\/wp-content\/uploads\/2025\/02\/Magnetic-Suspension-Motor-65x65.jpg 65w, https:\/\/ayaneo.co\/wp-content\/uploads\/2025\/02\/Magnetic-Suspension-Motor-990x990.jpg 990w, https:\/\/ayaneo.co\/wp-content\/uploads\/2025\/02\/Magnetic-Suspension-Motor-441x441.jpg 441w, https:\/\/ayaneo.co\/wp-content\/uploads\/2025\/02\/Magnetic-Suspension-Motor-100x100.jpg 100w, https:\/\/ayaneo.co\/wp-content\/uploads\/2025\/02\/Magnetic-Suspension-Motor-600x600.jpg 600w\" sizes=\"(max-width: 1500px) 100vw, 1500px\" \/><\/a><\/figure>\n\n\n\n<h3 class=\"wp-block-heading\"><strong>Motor de suspensi\u00f3n magn\u00e9tica<\/strong> <\/h3>\n\n\n\n<p>Desarrollada en colaboraci\u00f3n con GuliKit Technology, esta funci\u00f3n admite los modos de vibraci\u00f3n del motor lineal y del rotor, proporcionando una respuesta h\u00e1ptica realista y envolvente.<\/p>\n<\/div>\n\n\n\n<div class=\"wp-block-column is-layout-flow wp-block-column-is-layout-flow\">\n<figure class=\"wp-block-image size-full\"><a href=\"https:\/\/ayaneo.co\/wp-content\/uploads\/2025\/02\/Keyboard-and-Mouse-Mode-1024x1024-1.jpg\"><img loading=\"lazy\" decoding=\"async\" width=\"1024\" height=\"1024\" src=\"https:\/\/ayaneo.co\/wp-content\/uploads\/2025\/02\/Keyboard-and-Mouse-Mode-1024x1024-1.jpg\" alt=\"Unas manos sostienen un dispositivo port&#xE1;til negro para juegos con una pantalla que muestra una interfaz de usuario para ajustes o configuraci&#xF3;n. Un texto blanco en la parte superior de la imagen dice &quot;Modo teclado-rat&#xF3;n a nivel de hardware&quot;, indicando una caracter&#xED;stica del dispositivo. \" class=\"wp-image-37432\" srcset=\"https:\/\/ayaneo.co\/wp-content\/uploads\/2025\/02\/Keyboard-and-Mouse-Mode-1024x1024-1.jpg 1024w, https:\/\/ayaneo.co\/wp-content\/uploads\/2025\/02\/Keyboard-and-Mouse-Mode-1024x1024-1-300x300.jpg 300w, https:\/\/ayaneo.co\/wp-content\/uploads\/2025\/02\/Keyboard-and-Mouse-Mode-1024x1024-1-150x150.jpg 150w, https:\/\/ayaneo.co\/wp-content\/uploads\/2025\/02\/Keyboard-and-Mouse-Mode-1024x1024-1-768x768.jpg 768w, https:\/\/ayaneo.co\/wp-content\/uploads\/2025\/02\/Keyboard-and-Mouse-Mode-1024x1024-1-65x65.jpg 65w, https:\/\/ayaneo.co\/wp-content\/uploads\/2025\/02\/Keyboard-and-Mouse-Mode-1024x1024-1-990x990.jpg 990w, https:\/\/ayaneo.co\/wp-content\/uploads\/2025\/02\/Keyboard-and-Mouse-Mode-1024x1024-1-441x441.jpg 441w, https:\/\/ayaneo.co\/wp-content\/uploads\/2025\/02\/Keyboard-and-Mouse-Mode-1024x1024-1-100x100.jpg 100w, https:\/\/ayaneo.co\/wp-content\/uploads\/2025\/02\/Keyboard-and-Mouse-Mode-1024x1024-1-600x600.jpg 600w\" sizes=\"(max-width: 1024px) 100vw, 1024px\" \/><\/a><\/figure>\n\n\n\n<h3 class=\"wp-block-heading\"><strong>Modo Teclado y Rat\u00f3n<\/strong><\/h3>\n\n\n\n<p>Cambia sin problemas entre la entrada del mando y la del teclado\/rat\u00f3n, mejorando la versatilidad en diversas aplicaciones de juego y productividad.<\/p>\n<\/div>\n<\/div>\n\n<h3 class=\"wp-block-heading\"><strong>Audio inmersivo<\/strong><\/h3>\n\n<p>El AYANEO 3 ofrece una experiencia de audio estimulante con sus altavoces dobles sim\u00e9tricos HyperSound 2.0, que proporcionan un sonido claro y potente que mejora la inmersi\u00f3n en el juego.<\/p>\n\n<h3 class=\"wp-block-heading\"><strong>Experiencia del usuario<\/strong><\/h3>\n\n<p>Funcionando en Windows 11, el AYANEO 3 es compatible con diversas aplicaciones, desde exigentes t\u00edtulos AAA a herramientas esenciales de productividad, lo que lo convierte en un compa\u00f1ero vers\u00e1til tanto para el trabajo como para el juego. El dispositivo presenta un dise\u00f1o ergon\u00f3mico con controles personalizables, que garantizan la comodidad durante largas sesiones de juego. Las s\u00f3lidas opciones de conectividad, que incluyen dos puertos USB4 y una interfaz OCuLink para conexiones de alta velocidad, facilitan una integraci\u00f3n perfecta en cualquier entorno.  <\/p>\n\n<h3 class=\"wp-block-heading\"><strong>Conclusi\u00f3n<\/strong><\/h3>\n\n<p>La AYANEO 3 establece un nuevo est\u00e1ndar en los juegos de mano al combinar un innovador dise\u00f1o modular con un hardware de alto rendimiento. Sus controles personalizables, impresionantes efectos visuales y potentes capacidades de procesamiento lo convierten en la elecci\u00f3n definitiva para los jugadores que buscan una experiencia de juego personalizada y envolvente. Adopta el futuro del juego port\u00e1til con AYANEO 3.  <\/p>\n","protected":false},"excerpt":{"rendered":"<ul>\n<li>AMD <strong>Ryzen\u2122 AI 9 HX 370<\/strong> \/ <strong>Ryzen\u2122 7 8840U<\/strong><\/li>\n<li>AMD Radeon <strong>890M<\/strong> \/ <strong>780M<\/strong> \/ 2900 \/ 2700 Mhz<\/li>\n<li>hasta<strong> 64 GB LPDDR5X a 7500 MT\/s<\/strong><\/li>\n<li>hasta<strong> 4 TB<\/strong> PCI-E 4.0 NVMe <strong>de alta velocidad<\/strong> SSD<\/li>\n<li>Compatible con WiFi <strong>6E<\/strong> y Bluetooth <strong>5.3<\/strong> <\/li>\n<\/ul>\n<p><img loading=\"lazy\" decoding=\"async\" class=\"alignnone size-full wp-image-12494\" src=\"https:\/\/ayaneo.co\/wp-content\/uploads\/2025\/02\/AYANEO-3-FREE-GIFTS.jpg\" alt=\"Banner promocional para AYANEO 3 regalos gratis, con im\u00e1genes de una funda protectora negra y beige, un protector de pantalla y tapas de agarre para los thumbsticks. El texto destaca los \"Regalos gratuitos\", que incluyen una funda protectora, un protector de pantalla y unas varillas para el pulgar, que se a\u00f1aden autom\u00e1ticamente al carrito. El color de la funda depende del dispositivo seleccionado.\" width=\"550\" height=\"140\" srcset=\"https:\/\/ayaneo.co\/wp-content\/uploads\/2025\/02\/AYANEO-3-FREE-GIFTS.jpg 550w, https:\/\/ayaneo.co\/wp-content\/uploads\/2025\/02\/AYANEO-3-FREE-GIFTS-300x76.jpg 300w, https:\/\/ayaneo.co\/wp-content\/uploads\/2025\/02\/AYANEO-3-FREE-GIFTS-441x112.jpg 441w, https:\/\/ayaneo.co\/wp-content\/uploads\/2025\/02\/AYANEO-3-FREE-GIFTS-150x38.jpg 150w\" sizes=\"(max-width: 550px) 100vw, 550px\" \/>  [cg_accordion title=\"INFORMACI\u00d3N SOBRE EL PAGO\"] Utilizamos la \u00faltima tecnolog\u00eda en procesamiento de pagos, que te permite pagar mediante Apple Pay, Google Pay, tu tarjeta de d\u00e9bito\/cr\u00e9dito, PayPal o m\u00e9todos BNPL como Klarna, Affirm o AfterPay para una experiencia r\u00e1pida y segura.[\/cg_accordion] [cg_accordion title=\"GARANT\u00cdA\"] 1 A\u00f1o de Garant\u00eda de <a href=\"https:\/\/droix.net\/\" target=\"_blank\" rel=\"nofollow noopener\">DROIX<\/a> Global para tu tranquilidad[\/cg_accordion] [cg_accordion title=\"GARANT\u00cdA DE CALIDAD Y PRUEBAS PREVIAS A LA EXPEDICI\u00d3N\"]  Garantizamos la satisfacci\u00f3n del cliente al m\u00e1s alto nivel: Cada dispositivo se somete a rigurosas pruebas y a una comprobaci\u00f3n de garant\u00eda de calidad en varios puntos antes de ser enviado. Nuestro equipo especializado verifica el rendimiento, la funcionalidad y la integridad de los componentes para garantizar que tu dispositivo AYANEO est\u00e9 en perfecto estado de funcionamiento a su llegada, proporcion\u00e1ndote confianza y tranquilidad. [\/cg_accordion] [cg_accordion title=\"PRICING, TAXES AND SHIPPING\"] <strong><u>Nota:<\/u><\/strong><\/p>\n<ul>\n<li>Clientes de Estados Unidos: El precio indicado NO incluye impuestos ni aranceles. La responsabilidad de despachar aduanas y pagar cualquier impuesto o arancel asociado recae en el cliente. <\/li>\n<li>Clientes de la UE: El precio indicado incluye el IMPUESTO aplicable, que puede ser de hasta el 25% dependiendo de tu pa\u00eds.<\/li>\n<li>Clientes de Canad\u00e1: El precio mostrado incluye los impuestos aplicables, que pueden incluir un 5% de GST e impuestos de venta provinciales (PST), impuestos de venta armonizados (HST) o impuestos de venta de Quebec (QST) adicionales, dependiendo de tu provincia.<\/li>\n<\/ul>\n<p><strong>S\u00d3LO para clientes de la UE:<\/strong> DDP expr\u00e9s (entrega con derechos pagados). Esto significa: <\/p>\n<ul>\n<li style=\"list-style-type: none;\">\n<ul>\n<li>Todos los derechos de aduana e impuestos est\u00e1n incluidos en el precio que aparece en la p\u00e1gina del producto.<\/li>\n<li>No tendr\u00e1s que pagar ning\u00fan gasto adicional en el momento de la entrega.<\/li>\n<li>En el raro caso de que surjan problemas relacionados con las aduanas, nuestro equipo se encargar\u00e1 del proceso de despacho de aduanas en tu nombre para garantizar una experiencia de entrega sin problemas.<\/li>\n<p>Informaci\u00f3n importante sobre devoluciones:<\/p>\n<li>Si decides devolver tu pedido o solicitar un reembolso, ten en cuenta que los impuestos y aranceles pagados en tu nombre seg\u00fan las condiciones del DDP no pueden reembolsarse.<\/li>\n<p>Consulta nuestra<\/ul>\n<\/li>\n<\/ul>\n<p><a href=\"https:\/\/ayaneo.co\/es\/condiciones-del-servicio\/\" target=\"_blank\" rel=\"nofollow noopener\">Condiciones generales<\/a><\/p>\n<ul>para obtener informaci\u00f3n detallada.<\/ul>\n<p>[\/cg_accordion] [cg_accordion title=\"ATENCI\u00d3N AL CLIENTE\"]  \u00bfTienes alguna pregunta? \u00a1Estamos a un SMS de solucionar tu problema! [\/cg_accordion] [cg_accordion title=\"PACKAGE INCLUDES\"]<\/p>\n<ul>\n<li>1x AYANEO 3<\/li>\n<li>1x enchufe (UE\/EE.UU.)<\/li>\n<li>1x Cable USB Tipo-C<\/li>\n<li>1x Manual del usuario<\/li>\n<\/ul>\n<p>[\/cg_accordion]<\/p>\n","protected":false},"featured_media":37598,"template":"","meta":{"_acf_changed":false},"product_brand":[],"product_cat":[361],"product_tag":[396],"class_list":{"0":"post-37072","1":"product","2":"type-product","3":"status-publish","4":"has-post-thumbnail","6":"product_cat-ordenadores-portatiles-para-juegos","7":"product_tag-pc-gaming-portatil","8":"product_shipping_class-premium","9":"pa_brand-ayaneo","10":"pa_graphics-gpu-model-ryzen-7-8840u-radeon-780m","11":"pa_graphics-gpu-model-ryzen-ai-9-hx-370-radeon-890m","12":"pa_operating-system-windows-11","13":"pa_processor-cpu-brand-amd","15":"first","16":"instock","17":"taxable","18":"shipping-taxable","19":"purchasable","20":"product-type-variable","21":"has-default-attributes"},"acf":[],"_links":{"self":[{"href":"https:\/\/ayaneo.co\/es\/wp-json\/wp\/v2\/product\/37072","targetHints":{"allow":["GET"]}}],"collection":[{"href":"https:\/\/ayaneo.co\/es\/wp-json\/wp\/v2\/product"}],"about":[{"href":"https:\/\/ayaneo.co\/es\/wp-json\/wp\/v2\/types\/product"}],"wp:featuredmedia":[{"embeddable":true,"href":"https:\/\/ayaneo.co\/es\/wp-json\/wp\/v2\/media\/37598"}],"wp:attachment":[{"href":"https:\/\/ayaneo.co\/es\/wp-json\/wp\/v2\/media?parent=37072"}],"wp:term":[{"taxonomy":"product_brand","embeddable":true,"href":"https:\/\/ayaneo.co\/es\/wp-json\/wp\/v2\/product_brand?post=37072"},{"taxonomy":"product_cat","embeddable":true,"href":"https:\/\/ayaneo.co\/es\/wp-json\/wp\/v2\/product_cat?post=37072"},{"taxonomy":"product_tag","embeddable":true,"href":"https:\/\/ayaneo.co\/es\/wp-json\/wp\/v2\/product_tag?post=37072"}],"curies":[{"name":"wp","href":"https:\/\/api.w.org\/{rel}","templated":true}]}}