{"id":44828,"date":"2026-02-03T13:07:54","date_gmt":"2026-02-03T13:07:54","guid":{"rendered":"https:\/\/ayaneo.co\/product\/mini-ssd-biwin\/"},"modified":"2026-02-12T09:57:14","modified_gmt":"2026-02-12T09:57:14","slug":"mini-ssd-biwin","status":"publish","type":"product","link":"https:\/\/ayaneo.co\/es\/product\/mini-ssd-biwin\/","title":{"rendered":"Mini SSD BIWIN"},"content":{"rendered":"\n<h2 class=\"wp-block-heading\">Mini SSD BIWIN: Una nueva era de rendimiento de almacenamiento<\/h2>\n\n<p>En el altamente competitivo mundo del almacenamiento port\u00e1til, el <strong>Mini SSD de BIWIN<\/strong> emerge como una verdadera potencia, ofreciendo un rendimiento de \u00e9lite y una durabilidad resistente para satisfacer a todos los usuarios exigentes. Este dispositivo es una declaraci\u00f3n de velocidad sin concesiones, que representa un salto adelante en la tecnolog\u00eda de almacenamiento ultracompacto. El Mini SSD BIWIN es una maravilla de dise\u00f1o y potencia, que ofrece una experiencia de datos de nivel de buque insignia, una portabilidad sin igual y un conjunto de funciones innovadoras que lo sit\u00faan en la c\u00faspide del mercado. Dise\u00f1ada para profesionales y entusiastas que exigen una velocidad de \u00e9lite y una soluci\u00f3n de primera calidad y repleta de funciones, esta unidad rompe los l\u00edmites del manejo de datos sobre la marcha.   <\/p>\n\n<p>El Mini SSD de BIWIN se erige como un tit\u00e1n de la innovaci\u00f3n en el \u00e1mbito de los dispositivos de almacenamiento compactos de gama alta. Impulsada por la tecnolog\u00eda puntera <strong>PCIe Gen4x2<\/strong> y <strong>NVMe 1.4<\/strong>, la Mini SSD ofrece un rendimiento impresionante con velocidades de lectura secuencial de hasta <strong>3.700 MB\/s<\/strong> y velocidades de escritura de hasta <strong>3.400 MB\/s<\/strong>. Esta velocidad aplasta el techo de rendimiento de las tarjetas microSD tradicionales, posicionando a la Mini SSD como un sustituto superior de alta velocidad. Esta potencia se aloja en un cuerpo ultracompacto de s\u00f3lo <strong>15,0 mm \u00d7 17,0 mm \u00d7 1,4 mm,<\/strong>lo que es posible gracias al avanzado encapsulado <a href=\"https:\/\/en.wikipedia.org\/wiki\/Land_grid_array\" target=\"_blank\" rel=\"noopener nofollow\" title=\"\">LGA (Land Grid Array)<\/a>.   <\/p>\n\n<p>Disponible en opciones de gran capacidad como <strong>512 GB, 1 TB y 2 TB<\/strong>, la Mini SSD proporciona un espacio de almacenamiento excepcional para cargas de trabajo exigentes como la colaboraci\u00f3n en la nube y el procesamiento de datos en tiempo real.<\/p>\n\n<h2 class=\"wp-block-heading\"><strong>Nota sobre el rendimiento de los dispositivos port\u00e1tiles<\/strong><\/h2>\n\n<p>Es importante que los usuarios de dispositivos host espec\u00edficos tengan en cuenta que, aunque la Mini SSD ofrece velocidades m\u00e1ximas te\u00f3ricas de 3.700 MB\/s, su rendimiento en el mundo real estar\u00e1 limitado por las especificaciones de la ranura del dispositivo host. Por ejemplo, cuando se instala en dispositivos port\u00e1tiles de juegos compatibles, la velocidad de la unidad suele verse limitada porque el dispositivo utiliza una configuraci\u00f3n <strong>mini PCIe 4&#215;1<\/strong> (en lugar de la especificaci\u00f3n 4&#215;2 completa). Seg\u00fan las pruebas CrystalDiskMark, los usuarios pueden esperar velocidades medias de lectura y escritura de unos <strong>1.700 MB\/s<\/strong>. Esto sigue garantizando un rendimiento fiable y de alta velocidad muy superior al de las alternativas microSD, aunque puede que no refleje el potencial te\u00f3rico m\u00e1ximo absoluto de la unidad.   <\/p>\n\n<p>Dise\u00f1ado para ofrecer una fiabilidad sin concesiones, el dispositivo presenta una estructura robusta con una <strong>clasificaci\u00f3n IP68<\/strong> de protecci\u00f3n integral contra el polvo y el agua, por lo que est\u00e1 construido para soportar las condiciones m\u00e1s duras. El firmware avanzado, que incluye cach\u00e9 SLC din\u00e1mica y nivelaci\u00f3n de desgaste, proporciona una fiabilidad de datos inmersiva, mientras que su durabilidad se ve reforzada por el embalaje LGA que le permite sobrevivir a ca\u00eddas de hasta <strong>3 metros<\/strong>. Con su vers\u00e1til dise\u00f1o de ranura modular, es un compa\u00f1ero duradero y preparado para el futuro para aplicaciones en dispositivos m\u00f3viles, dispositivos de mano para juegos (como el GPD Win 5 y el OneXPlayer Super X) y edge computing.  <\/p>\n","protected":false},"excerpt":{"rendered":"\n<ul>\n<li>Interfaz: <strong>PCIe Gen4x2<\/strong> con protocolo **NVMe 1.4**.<\/li>\n<li>Factor de forma: <strong>Paquete LGA ultracompacto<\/strong> (15,0 mm \u00d7 17,0 mm \u00d7 1,4 mm)<\/li>\n<li>Rendimiento: Hasta **3.700 MB\/s de lectura** \/ Hasta **3.400 MB\/s de escritura**<\/li>\n<li>Capacidad: 512 GB, 1 TB o 2 TB 3D TLC NAND<\/li>\n<li>Durabilidad: Resistencia al polvo y al agua <strong>IP68<\/strong> \/ **Supervivencia a ca\u00eddas de 3 metros**.<\/li>\n<li>Tecnolog\u00eda: Cach\u00e9 din\u00e1mico **SLC** y **Nivelaci\u00f3n de desgaste**.<\/li>\n<\/ul>\n[cg_accordion title=\"INFORMACI\u00d3N SOBRE EL PAGO\"]<\/p>\n<p>Utilizamos la \u00faltima tecnolog\u00eda en procesamiento de pagos, que te permite pagar mediante Apple Pay, Google Pay, tu tarjeta de d\u00e9bito\/cr\u00e9dito, PayPal o m\u00e9todos BNPL como Klarna, Affirm o AfterPay para una experiencia r\u00e1pida y segura.[\/cg_accordion]\n[cg_accordion title=\"GARANT\u00cdA\"]<\/p>\n<p>1 a\u00f1o de garant\u00eda de <a href=\"https:\/\/droix.net\/\" target=\"_blank\" rel=\"nofollow noopener\">DROIX Global<\/a> para tu tranquilidad[\/cg_accordion]\n[cg_accordion title=\"GARANT\u00cdA DE CALIDAD Y PRUEBAS PREVIAS A LA EXPEDICI\u00d3N\"]<\/p>\n<p>Garantizamos la satisfacci\u00f3n del cliente al m\u00e1s alto nivel: Cada dispositivo se somete a rigurosas pruebas y a una comprobaci\u00f3n de garant\u00eda de calidad en varios puntos antes de ser enviado. Nuestro equipo especializado verifica el rendimiento, la funcionalidad y la integridad de los componentes para garantizar que tu dispositivo AYANEO est\u00e9 en perfecto estado de funcionamiento a su llegada, proporcion\u00e1ndote confianza y tranquilidad. [\/cg_accordion]\n[cg_accordion title=\"PRECIOS, IMPUESTOS Y ENV\u00cdO\"]<\/p>\n<p><strong><u>Nota:<\/u><\/strong><\/p>\n<ul>\n<li>Clientes de Estados Unidos: El precio indicado NO incluye impuestos ni aranceles. La responsabilidad de despachar aduanas y pagar cualquier impuesto o arancel asociado recae en el cliente. <\/li>\n<li>Clientes de la UE: El precio indicado incluye el IMPUESTO aplicable, que puede ser de hasta el 25% dependiendo de tu pa\u00eds.<\/li>\n<li>Clientes de Canad\u00e1: El precio mostrado incluye los impuestos aplicables, que pueden incluir un 5% de GST e impuestos de venta provinciales (PST), impuestos de venta armonizados (HST) o impuestos de venta de Quebec (QST) adicionales, dependiendo de tu provincia.<\/li>\n<\/ul>\n<p>Para nuestros clientes de EE.UU: Los pedidos se env\u00edan DAP (Entregado en el Lugar). Aunque los clientes son responsables del pago de los aranceles aplicables, nos basamos en nuestra amplia experiencia en env\u00edos desde el Reino Unido para asegurarnos de que pagas el menor cargo posible. Seg\u00fan nuestros registros, estos cargos no suelen superar el 10% del valor del art\u00edculo.  <\/p>\n<p><strong>S\u00d3LO para clientes de la UE:<\/strong> DDP expr\u00e9s (entrega con derechos pagados). Esto significa: <\/p>\n<ul>\n<li>Todos los derechos de aduana e impuestos est\u00e1n incluidos en el precio que aparece en la p\u00e1gina del producto.<\/li>\n<li>No tendr\u00e1s que pagar ning\u00fan gasto adicional en el momento de la entrega.<\/li>\n<li>En el raro caso de que surjan problemas relacionados con las aduanas, nuestro equipo se encargar\u00e1 del proceso de despacho de aduanas en tu nombre para garantizar una experiencia de entrega sin problemas.<\/li>\n<p>Informaci\u00f3n importante sobre devoluciones:<\/p>\n<li>Si decides devolver tu pedido o solicitar un reembolso, ten en cuenta que los impuestos y aranceles pagados en tu nombre seg\u00fan las condiciones del DDP no pueden reembolsarse.<\/li>\n<p>Consulta nuestras <a href=\"https:\/\/ayaneo.co\/es\/condiciones-del-servicio\/\" target=\"_blank\" rel=\"nofollow noopener\">Condiciones generales<\/a> para obtener informaci\u00f3n detallada.\n<\/ul>\n<p>[\/cg_accordion]\n[cg_accordion title=\"ATENCI\u00d3N AL CLIENTE\"]<\/p>\n<p>\u00bfTienes alguna pregunta? \u00a1Estamos a un SMS de solucionar tu problema! [\/cg_accordion]\n[cg_accordion title=\"EL PAQUETE INCLUYE\"]<\/p>\n<ul>\n<li>1x BIWIN Mini SSD<\/li>\n<\/ul>\n<p>[\/cg_accordion]\n","protected":false},"featured_media":44152,"template":"","meta":{"_acf_changed":false},"product_brand":[],"product_cat":[373],"product_tag":[],"class_list":{"0":"post-44828","1":"product","2":"type-product","3":"status-publish","4":"has-post-thumbnail","6":"product_cat-accesorios","7":"product_shipping_class-premium","8":"pa_brand-biwin","10":"first","11":"instock","12":"taxable","13":"shipping-taxable","14":"purchasable","15":"product-type-variable","16":"has-default-attributes"},"acf":[],"_links":{"self":[{"href":"https:\/\/ayaneo.co\/es\/wp-json\/wp\/v2\/product\/44828","targetHints":{"allow":["GET"]}}],"collection":[{"href":"https:\/\/ayaneo.co\/es\/wp-json\/wp\/v2\/product"}],"about":[{"href":"https:\/\/ayaneo.co\/es\/wp-json\/wp\/v2\/types\/product"}],"wp:featuredmedia":[{"embeddable":true,"href":"https:\/\/ayaneo.co\/es\/wp-json\/wp\/v2\/media\/44152"}],"wp:attachment":[{"href":"https:\/\/ayaneo.co\/es\/wp-json\/wp\/v2\/media?parent=44828"}],"wp:term":[{"taxonomy":"product_brand","embeddable":true,"href":"https:\/\/ayaneo.co\/es\/wp-json\/wp\/v2\/product_brand?post=44828"},{"taxonomy":"product_cat","embeddable":true,"href":"https:\/\/ayaneo.co\/es\/wp-json\/wp\/v2\/product_cat?post=44828"},{"taxonomy":"product_tag","embeddable":true,"href":"https:\/\/ayaneo.co\/es\/wp-json\/wp\/v2\/product_tag?post=44828"}],"curies":[{"name":"wp","href":"https:\/\/api.w.org\/{rel}","templated":true}]}}