{"id":47499,"date":"2026-03-23T10:44:43","date_gmt":"2026-03-23T10:44:43","guid":{"rendered":"https:\/\/ayaneo.co\/product\/cable-usb5-80gbps-240w-8k-60hz-compatible-con-thunderbolt-5\/"},"modified":"2026-04-24T10:27:18","modified_gmt":"2026-04-24T10:27:18","slug":"cable-usb5-80gbps-240w-8k-60hz-compatible-con-thunderbolt-5","status":"publish","type":"product","link":"https:\/\/ayaneo.co\/es\/product\/cable-usb5-80gbps-240w-8k-60hz-compatible-con-thunderbolt-5\/","title":{"rendered":"Cable USB5 80Gbps 240W | 8K 60Hz Compatible con Thunderbolt 5"},"content":{"rendered":"\n<h2 class=\"wp-block-heading\">Cable USB5 80Gbps 240W: la soluci\u00f3n Thunderbolt 5 definitiva para flujos de trabajo profesionales<\/h2>\n\n<p id=\"p-rc_98f34dcd8f33ef71-24\">El <strong>Cable USB5 80Gbps 240W<\/strong> representa un salto monumental en la tecnolog\u00eda de conectividad para usuarios avanzados. Dado que el hardware moderno exige velocidades sin precedentes, este cable se ha dise\u00f1ado para cumplir los \u00faltimos est\u00e1ndares Thunderbolt 5 y USB4 2.0. Proporciona un enorme ancho de banda bidireccional de 80 Gbps, que duplica efectivamente el rendimiento de las generaciones anteriores.  <sup><\/sup>  Por consiguiente, ahora puedes transferir archivos de v\u00eddeo 8K masivos o bibliotecas de proyectos en una fracci\u00f3n del tiempo que necesitabas antes.<\/p>\n\n<h2 class=\"wp-block-heading\">\u00bfC\u00f3mo optimiza tu configuraci\u00f3n de pantalla el cable USB5 80Gbps 240W?<\/h2>\n\n<p id=\"p-rc_98f34dcd8f33ef71-25\">Los profesionales visuales encontrar\u00e1n que el <strong>Cable USB5 80Gbps 240W<\/strong> es una herramienta esencial para la multitarea de alta resoluci\u00f3n. Este cable es compatible con el avanzado protocolo DisplayPort 2.1, lo que permite una \u00fanica salida 8K 60Hz o incluso configuraciones 8K duales. <sup><\/sup>  Adem\u00e1s, la innovadora tecnolog\u00eda \u00abBandwidth Boost\u00bb puede reconfigurar los carriles de datos.<sup><\/sup>  Esto permite que el cable proporcione hasta 120 Gbps para tareas de visualizaci\u00f3n intensiva, al tiempo que mantiene unos s\u00f3lidos 40 Gbps para el retorno de datos.<sup><\/sup><\/p>\n\n<p>Los flujos de trabajo profesionales mejoran significativamente gracias a esta flexibilidad. Mientras se maneja un monitor de alta velocidad de refresco, el <strong>Cable USB5 80Gbps 240W<\/strong> garantiza que el almacenamiento externo siga respondiendo. Gracias a la inclusi\u00f3n de la codificaci\u00f3n de se\u00f1al PAM3, la integridad de los datos se mantiene incluso a estas velocidades asombrosas. Por tanto, las pantallas parpadeantes y la corrupci\u00f3n de datos se convierten en problemas del pasado.   <\/p>\n\n<h2 class=\"wp-block-heading\">Potencia de 240 W y calidad de construcci\u00f3n inigualables<\/h2>\n\n<p id=\"p-rc_98f34dcd8f33ef71-26\">Las capacidades de carga se han mejorado radicalmente con esta nueva norma. El <strong>Cable USB5 80Gbps 240W<\/strong> es compatible con las \u00faltimas especificaciones PD 3.1 Extended Power Range (EPR).<sup><\/sup> Esto significa que hasta 240 W de potencia se canalizan de forma segura a trav\u00e9s del cable hasta tu dispositivo. Como resultado, incluso los port\u00e1tiles para juegos m\u00e1s hambrientos de energ\u00eda pueden cargarse a toda velocidad sin necesidad de un conector \u00abladrillo\u00bb propietario.  <\/p>\n\n<p id=\"p-rc_98f34dcd8f33ef71-27\">La durabilidad fue claramente una prioridad durante el dise\u00f1o del <strong>Cable USB5 80Gbps 240W<\/strong>. El cableado interno est\u00e1 protegido por un blindaje de aleaci\u00f3n trenzada de alta densidad para minimizar las interferencias electromagn\u00e9ticas. <sup><\/sup>  Adem\u00e1s, la cubierta exterior est\u00e1 fabricada con TPE flexible, que ha superado pruebas de resistencia a m\u00e1s de 2.000 ciclos de flexi\u00f3n.<sup><\/sup>  Como los conectores est\u00e1n niquelados, soportan m\u00e1s de 10.000 inserciones, lo que garantiza una conexi\u00f3n fiable durante a\u00f1os.<\/p>\n\n<h2 class=\"wp-block-heading\">Prepara tu equipo para el futuro con el cable USB5 80Gbps 240W<\/h2>\n\n<p id=\"p-rc_98f34dcd8f33ef71-28\">La compatibilidad nunca es un problema con este vers\u00e1til accesorio. Aunque est\u00e1 construido para el futuro, el <strong>Cable USB5 80Gbps 240W<\/strong> es totalmente compatible con dispositivos <a href=\"https:\/\/www.intel.com\/content\/www\/us\/en\/gaming\/resources\/upgrade-gaming-accessories-thunderbolt-4.html\" target=\"_blank\" rel=\"noopener nofollow\" title=\"\">Thunderbolt 4<\/a> y<a href=\"https:\/\/www.thunderbolttechnology.net\/blog\/thunderbolt-3-usb-c-does-it-all\" target=\"_blank\" rel=\"noopener nofollow\" title=\"\"> Thunderbolt 3<\/a>. Tambi\u00e9n funciona perfectamente con puertos USB4, USB 3.2 y USB-C est\u00e1ndar. Tanto si conectas una eGPU de \u00faltima generaci\u00f3n mediante PCIe 4.0 como si simplemente sincronizas un tel\u00e9fono m\u00f3vil, el rendimiento siempre est\u00e1 optimizado.   <\/p>\n\n<p>No dejes que un cableado de calidad inferior atasque tu hardware de gama alta y ralentice tu proceso creativo. Debes conseguir hoy mismo tu <strong>Cable USB5 80Gbps 240W<\/strong> para garantizar que te mantienes a la vanguardia. Las existencias de esta tecnolog\u00eda de \u00faltima generaci\u00f3n se mueven r\u00e1pido, as\u00ed que act\u00faa ahora para asegurarte de que tu estaci\u00f3n de trabajo est\u00e1 preparada para la revoluci\u00f3n de los 80Gbps. \u00a1Experimenta el pin\u00e1culo de la velocidad y la potencia haciendo tu pedido en nuestra tienda hoy mismo!   <\/p>\n\n<p><\/p>\n","protected":false},"excerpt":{"rendered":"<ul>\n<li><strong>80Gbps Pro Data<\/strong> - Transferencias bidireccionales ultrarr\u00e1pidas para archivos masivos.<\/li>\n<li><strong>Carga EPR de 240 W<\/strong>: compatibilidad total con PD 3.1 para port\u00e1tiles de alto rendimiento.<\/li>\n<li><strong>Visuales 8K@60Hz<\/strong>: visualizaci\u00f3n 8K inmersiva o 4K dual a trav\u00e9s de DisplayPort 2.1.<\/li>\n<li><strong>IC de seguridad E-Mark<\/strong>: el chipset inteligente garantiza una potencia estable y termorregulada.<\/li>\n<li><strong>Aleaci\u00f3n de zinc y estructura trenzada<\/strong>: dise\u00f1o reforzado de primera calidad para una m\u00e1xima durabilidad.<\/li>\n<\/ul>\n[cg_accordion title=\"INFORMACI\u00d3N SOBRE EL PAGO\"]<\/p>\n<p>Utilizamos la \u00faltima tecnolog\u00eda en procesamiento de pagos, que te permite pagar mediante Apple Pay, Google Pay, tu tarjeta de d\u00e9bito\/cr\u00e9dito, PayPal o m\u00e9todos BNPL como Klarna, Affirm o AfterPay para una experiencia r\u00e1pida y segura.[\/cg_accordion]\n[cg_accordion title=\"GARANT\u00cdA\"]<\/p>\n<p>1 a\u00f1o de garant\u00eda de <a href=\"https:\/\/droix.net\/\" target=\"_blank\" rel=\"nofollow noopener\">DROIX Global<\/a> para tu tranquilidad[\/cg_accordion]\n[cg_accordion title=\"GARANT\u00cdA DE CALIDAD Y PRUEBAS PREVIAS A LA EXPEDICI\u00d3N\"]<\/p>\n<p>Garantizamos la satisfacci\u00f3n del cliente al m\u00e1s alto nivel: Cada dispositivo se somete a rigurosas pruebas y a una comprobaci\u00f3n de garant\u00eda de calidad en varios puntos antes de ser enviado. Nuestro equipo especializado verifica el rendimiento, la funcionalidad y la integridad de los componentes para garantizar que tu dispositivo AYANEO est\u00e9 en perfecto estado de funcionamiento a su llegada, proporcion\u00e1ndote confianza y tranquilidad. [\/cg_accordion]\n[cg_accordion title=\"PRECIOS, IMPUESTOS Y ENV\u00cdO\"]<\/p>\n<p><strong><u>Nota:<\/u><\/strong><\/p>\n<ul>\n<li>Clientes de Estados Unidos: El precio indicado NO incluye impuestos ni aranceles. La responsabilidad de despachar aduanas y pagar cualquier impuesto o arancel asociado recae en el cliente. <\/li>\n<li>Clientes de la UE: El precio indicado incluye el IMPUESTO aplicable, que puede ser de hasta el 25% dependiendo de tu pa\u00eds.<\/li>\n<li>Clientes de Canad\u00e1: El precio mostrado incluye los impuestos aplicables, que pueden incluir un 5% de GST e impuestos de venta provinciales (PST), impuestos de venta armonizados (HST) o impuestos de venta de Quebec (QST) adicionales, dependiendo de tu provincia.<\/li>\n<\/ul>\n<p>Para nuestros clientes de EE.UU: Los pedidos se env\u00edan DAP (Entregado en el Lugar). Aunque los clientes son responsables del pago de los aranceles aplicables, aprovechamos nuestra amplia experiencia en env\u00edos desde el Reino Unido para asegurarnos de que pagas lo menos posible.  Seg\u00fan nuestros registros, estos gastos no suelen superar el 10% del valor del art\u00edculo.<\/p>\n<p><strong>S\u00d3LO para clientes de la UE:<\/strong> DDP expr\u00e9s (entrega con derechos pagados). Esto significa: <\/p>\n<ul>\n<li>Todos los derechos de aduana e impuestos est\u00e1n incluidos en el precio que aparece en la p\u00e1gina del producto.<\/li>\n<li>No tendr\u00e1s que pagar ning\u00fan gasto adicional en el momento de la entrega.<\/li>\n<li>En el raro caso de que surjan problemas relacionados con las aduanas, nuestro equipo se encargar\u00e1 del proceso de despacho de aduanas en tu nombre para garantizar una experiencia de entrega sin problemas.<\/li>\n<p>Informaci\u00f3n importante sobre devoluciones:<\/p>\n<li>Si decides devolver tu pedido o solicitar un reembolso, ten en cuenta que los impuestos y aranceles pagados en tu nombre seg\u00fan las condiciones del DDP no pueden reembolsarse.<\/li>\n<p>Consulta nuestras <a href=\"https:\/\/ayaneo.co\/es\/condiciones-del-servicio\/\" target=\"_blank\" rel=\"nofollow noopener\">Condiciones generales<\/a> para obtener informaci\u00f3n detallada.\n<\/ul>\n<p>[\/cg_accordion]\n[cg_accordion title=\"ATENCI\u00d3N AL CLIENTE\"]<\/p>\n<p>\u00bfTienes alguna pregunta? \u00a1Estamos a un SMS de solucionar tu problema! [\/cg_accordion]\n[cg_accordion title=\"EL PAQUETE INCLUYE\"]<\/p>\n<ul>\n<li>1x Cable USB5 Tipo-C | 80Gbps 240W (1m)<\/li>\n<\/ul>\n<p>[\/cg_accordion]\n","protected":false},"featured_media":45915,"template":"","meta":{"_acf_changed":false},"product_brand":[],"product_cat":[373],"product_tag":[],"class_list":{"0":"post-47499","1":"product","2":"type-product","3":"status-publish","4":"has-post-thumbnail","6":"product_cat-accesorios","7":"product_shipping_class-low-end","9":"first","10":"instock","11":"sale","12":"taxable","13":"shipping-taxable","14":"purchasable","15":"product-type-simple"},"acf":[],"_links":{"self":[{"href":"https:\/\/ayaneo.co\/es\/wp-json\/wp\/v2\/product\/47499","targetHints":{"allow":["GET"]}}],"collection":[{"href":"https:\/\/ayaneo.co\/es\/wp-json\/wp\/v2\/product"}],"about":[{"href":"https:\/\/ayaneo.co\/es\/wp-json\/wp\/v2\/types\/product"}],"wp:featuredmedia":[{"embeddable":true,"href":"https:\/\/ayaneo.co\/es\/wp-json\/wp\/v2\/media\/45915"}],"wp:attachment":[{"href":"https:\/\/ayaneo.co\/es\/wp-json\/wp\/v2\/media?parent=47499"}],"wp:term":[{"taxonomy":"product_brand","embeddable":true,"href":"https:\/\/ayaneo.co\/es\/wp-json\/wp\/v2\/product_brand?post=47499"},{"taxonomy":"product_cat","embeddable":true,"href":"https:\/\/ayaneo.co\/es\/wp-json\/wp\/v2\/product_cat?post=47499"},{"taxonomy":"product_tag","embeddable":true,"href":"https:\/\/ayaneo.co\/es\/wp-json\/wp\/v2\/product_tag?post=47499"}],"curies":[{"name":"wp","href":"https:\/\/api.w.org\/{rel}","templated":true}]}}