{"id":6881,"date":"2025-01-17T11:00:37","date_gmt":"2025-01-17T11:00:37","guid":{"rendered":"https:\/\/ayaneo.co\/?post_type=product&#038;p=6881"},"modified":"2026-02-12T10:15:32","modified_gmt":"2026-02-12T10:15:32","slug":"ayaneo-pocket-evo","status":"publish","type":"product","link":"https:\/\/ayaneo.co\/es\/product\/ayaneo-pocket-evo\/","title":{"rendered":"AYANEO Pocket EVO"},"content":{"rendered":"\n<div class=\"wp-block-columns is-layout-flex wp-container-core-columns-is-layout-28f84493 wp-block-columns-is-layout-flex\">\n<div class=\"wp-block-column is-layout-flow wp-block-column-is-layout-flow\" style=\"flex-basis:33.33%\">\n<figure class=\"wp-block-image size-full\"><a href=\"https:\/\/ayaneo.co\/wp-content\/uploads\/2025\/01\/AYANEO-POCKET-EVO-MARKETING-DONE-28-1024x1024-1.jpg\"><img fetchpriority=\"high\" decoding=\"async\" width=\"1024\" height=\"1024\" src=\"https:\/\/ayaneo.co\/wp-content\/uploads\/2025\/01\/AYANEO-POCKET-EVO-MARKETING-DONE-28-1024x1024-1.jpg\" alt=\"AYANEO Pocket EVO en blanco, con pantalla OLED de 7 pulgadas HDR a 120 Hz y plataforma de juegos Snapdragon G3x Gen 2, sobre un fondo degradado de azul a naranja.\" class=\"wp-image-37442\" srcset=\"https:\/\/ayaneo.co\/wp-content\/uploads\/2025\/01\/AYANEO-POCKET-EVO-MARKETING-DONE-28-1024x1024-1.jpg 1024w, https:\/\/ayaneo.co\/wp-content\/uploads\/2025\/01\/AYANEO-POCKET-EVO-MARKETING-DONE-28-1024x1024-1-300x300.jpg 300w, https:\/\/ayaneo.co\/wp-content\/uploads\/2025\/01\/AYANEO-POCKET-EVO-MARKETING-DONE-28-1024x1024-1-150x150.jpg 150w, https:\/\/ayaneo.co\/wp-content\/uploads\/2025\/01\/AYANEO-POCKET-EVO-MARKETING-DONE-28-1024x1024-1-768x768.jpg 768w, https:\/\/ayaneo.co\/wp-content\/uploads\/2025\/01\/AYANEO-POCKET-EVO-MARKETING-DONE-28-1024x1024-1-65x65.jpg 65w, https:\/\/ayaneo.co\/wp-content\/uploads\/2025\/01\/AYANEO-POCKET-EVO-MARKETING-DONE-28-1024x1024-1-990x990.jpg 990w, https:\/\/ayaneo.co\/wp-content\/uploads\/2025\/01\/AYANEO-POCKET-EVO-MARKETING-DONE-28-1024x1024-1-441x441.jpg 441w, https:\/\/ayaneo.co\/wp-content\/uploads\/2025\/01\/AYANEO-POCKET-EVO-MARKETING-DONE-28-1024x1024-1-100x100.jpg 100w, https:\/\/ayaneo.co\/wp-content\/uploads\/2025\/01\/AYANEO-POCKET-EVO-MARKETING-DONE-28-1024x1024-1-600x600.jpg 600w\" sizes=\"(max-width: 1024px) 100vw, 1024px\" \/><\/a><\/figure>\n<\/div>\n\n\n\n<div class=\"wp-block-column is-layout-flow wp-block-column-is-layout-flow\" style=\"flex-basis:66.66%\">\n<h2 class=\"wp-block-heading\"><strong><strong>Redefine el juego port\u00e1til con el AYANEO Pocket EVO<\/strong><\/strong><\/h2>\n\n\n\n<p>La <strong>AYANEO Pocket EVO<\/strong> es una innovadora consola de juegos port\u00e1til dise\u00f1ada para superar los l\u00edmites del juego port\u00e1til. Combina tecnolog\u00eda punta con un dise\u00f1o ergon\u00f3mico y elegante, y est\u00e1 pensada para los jugadores que buscan potencia, precisi\u00f3n y portabilidad. Tanto si te enfrentas a superproducciones AAA como si descubres tesoros independientes, Pocket EVO te cubre las espaldas.  <\/p>\n<\/div>\n<\/div>\n\n<hr class=\"wp-block-separator has-alpha-channel-opacity\"\/>\n\n<h2 class=\"wp-block-heading has-text-align-center\"><strong>AYANEO Pocket EVO: Los tres pilares del control de precisi\u00f3n, el rendimiento y la ergonom\u00eda<\/strong><\/h2>\n\n<div class=\"wp-block-columns is-layout-flex wp-container-core-columns-is-layout-28f84493 wp-block-columns-is-layout-flex\">\n<div class=\"wp-block-column is-layout-flow wp-block-column-is-layout-flow\">\n<figure class=\"wp-block-image size-full\"><a href=\"https:\/\/ayaneo.co\/wp-content\/uploads\/2025\/01\/AYANEO-POCKET-EVO-MARKETING-DONE-34-1024x1024-1.jpg\"><img decoding=\"async\" width=\"1024\" height=\"1024\" src=\"https:\/\/ayaneo.co\/wp-content\/uploads\/2025\/01\/AYANEO-POCKET-EVO-MARKETING-DONE-34-1024x1024-1.jpg\" alt=\"Comparaci&#xF3;n en paralelo de las variantes blanca y negra del AYANEO Pocket EVO, destacando su dise&#xF1;o moderno y elegante con una pantalla vibrante.\" class=\"wp-image-37443\" srcset=\"https:\/\/ayaneo.co\/wp-content\/uploads\/2025\/01\/AYANEO-POCKET-EVO-MARKETING-DONE-34-1024x1024-1.jpg 1024w, https:\/\/ayaneo.co\/wp-content\/uploads\/2025\/01\/AYANEO-POCKET-EVO-MARKETING-DONE-34-1024x1024-1-300x300.jpg 300w, https:\/\/ayaneo.co\/wp-content\/uploads\/2025\/01\/AYANEO-POCKET-EVO-MARKETING-DONE-34-1024x1024-1-150x150.jpg 150w, https:\/\/ayaneo.co\/wp-content\/uploads\/2025\/01\/AYANEO-POCKET-EVO-MARKETING-DONE-34-1024x1024-1-768x768.jpg 768w, https:\/\/ayaneo.co\/wp-content\/uploads\/2025\/01\/AYANEO-POCKET-EVO-MARKETING-DONE-34-1024x1024-1-65x65.jpg 65w, https:\/\/ayaneo.co\/wp-content\/uploads\/2025\/01\/AYANEO-POCKET-EVO-MARKETING-DONE-34-1024x1024-1-990x990.jpg 990w, https:\/\/ayaneo.co\/wp-content\/uploads\/2025\/01\/AYANEO-POCKET-EVO-MARKETING-DONE-34-1024x1024-1-441x441.jpg 441w, https:\/\/ayaneo.co\/wp-content\/uploads\/2025\/01\/AYANEO-POCKET-EVO-MARKETING-DONE-34-1024x1024-1-100x100.jpg 100w, https:\/\/ayaneo.co\/wp-content\/uploads\/2025\/01\/AYANEO-POCKET-EVO-MARKETING-DONE-34-1024x1024-1-600x600.jpg 600w\" sizes=\"(max-width: 1024px) 100vw, 1024px\" \/><\/a><\/figure>\n\n\n\n<h3 class=\"wp-block-heading\"><strong>Ergonom\u00eda y est\u00e9tica: Dise\u00f1o sofisticado para sesiones de juego prolongadas<\/strong><\/h3>\n\n\n\n<p>El AYANEO Pocket EVO combina una est\u00e9tica sofisticada con un dise\u00f1o funcional. Est\u00e1 disponible en dos llamativas combinaciones de colores: <\/p>\n\n\n\n<ul class=\"wp-block-list\">\n<li><strong>Negro estrellado<\/strong><\/li>\n\n\n\n<li><strong>Cielo Espejo Blanco<\/strong><\/li>\n<\/ul>\n\n\n\n<p>Su dise\u00f1o compacto y ergon\u00f3mico garantiza la comodidad durante largas sesiones de juego. El dispositivo est\u00e1 cuidadosamente equipado con aletas de disipaci\u00f3n de calor (20193 mm\u00b2) para un rendimiento \u00f3ptimo, incluso durante partidas intensas. <\/p>\n<\/div>\n\n\n\n<div class=\"wp-block-column is-layout-flow wp-block-column-is-layout-flow\">\n<figure class=\"wp-block-image size-full\"><a href=\"https:\/\/ayaneo.co\/wp-content\/uploads\/2025\/01\/AYANEO-POCKET-EVO-MARKETING-DONE-17-1024x1024-1.jpg\"><img decoding=\"async\" width=\"1024\" height=\"1024\" src=\"https:\/\/ayaneo.co\/wp-content\/uploads\/2025\/01\/AYANEO-POCKET-EVO-MARKETING-DONE-17-1024x1024-1.jpg\" alt=\"Imagen dividida que muestra la plataforma de juegos Snapdragon G3x Gen 2 a la izquierda y el AYANEO Pocket EVO en uso a la derecha, destacando el potente rendimiento y la versatilidad de juego.\" class=\"wp-image-37444\" srcset=\"https:\/\/ayaneo.co\/wp-content\/uploads\/2025\/01\/AYANEO-POCKET-EVO-MARKETING-DONE-17-1024x1024-1.jpg 1024w, https:\/\/ayaneo.co\/wp-content\/uploads\/2025\/01\/AYANEO-POCKET-EVO-MARKETING-DONE-17-1024x1024-1-300x300.jpg 300w, https:\/\/ayaneo.co\/wp-content\/uploads\/2025\/01\/AYANEO-POCKET-EVO-MARKETING-DONE-17-1024x1024-1-150x150.jpg 150w, https:\/\/ayaneo.co\/wp-content\/uploads\/2025\/01\/AYANEO-POCKET-EVO-MARKETING-DONE-17-1024x1024-1-768x768.jpg 768w, https:\/\/ayaneo.co\/wp-content\/uploads\/2025\/01\/AYANEO-POCKET-EVO-MARKETING-DONE-17-1024x1024-1-65x65.jpg 65w, https:\/\/ayaneo.co\/wp-content\/uploads\/2025\/01\/AYANEO-POCKET-EVO-MARKETING-DONE-17-1024x1024-1-990x990.jpg 990w, https:\/\/ayaneo.co\/wp-content\/uploads\/2025\/01\/AYANEO-POCKET-EVO-MARKETING-DONE-17-1024x1024-1-441x441.jpg 441w, https:\/\/ayaneo.co\/wp-content\/uploads\/2025\/01\/AYANEO-POCKET-EVO-MARKETING-DONE-17-1024x1024-1-100x100.jpg 100w, https:\/\/ayaneo.co\/wp-content\/uploads\/2025\/01\/AYANEO-POCKET-EVO-MARKETING-DONE-17-1024x1024-1-600x600.jpg 600w\" sizes=\"(max-width: 1024px) 100vw, 1024px\" \/><\/a><\/figure>\n\n\n\n<h3 class=\"wp-block-heading\"><strong>El sistema operativo para juegos Core: Potencia y precisi\u00f3n con Master Controller y Android 13<\/strong><\/h3>\n\n\n\n<p>Impulsado por el <strong>Master Controller<\/strong> y el sistema operativo Android 13, el AYANEO Pocket EVO ofrece un rendimiento sin igual. El <strong>Gran Joystick Hall RGB<\/strong> y <strong>el Disparador Hall Lineal<\/strong> proporcionan tasas de retorno de 250 Hz, ofreciendo una precisi\u00f3n y capacidad de respuesta inigualables. El sistema tambi\u00e9n cuenta con opciones avanzadas de personalizaci\u00f3n, entre las que se incluyen:  <\/p>\n\n\n\n<ul class=\"wp-block-list\">\n<li><strong>Vibraci\u00f3n sonora m\u00e1gica SoundTAP<\/strong><\/li>\n\n\n\n<li><strong>Vibraci\u00f3n de entrada X<\/strong> y vibraci\u00f3n de botones<\/li>\n\n\n\n<li><strong>Modos de actuaci\u00f3n personalizados<\/strong><\/li>\n<\/ul>\n\n\n\n<p>Estas caracter\u00edsticas garantizan una experiencia de juego vers\u00e1til y adaptada a tus preferencias.<\/p>\n<\/div>\n\n\n\n<div class=\"wp-block-column is-layout-flow wp-block-column-is-layout-flow\">\n<figure class=\"wp-block-image size-full\"><a href=\"https:\/\/ayaneo.co\/wp-content\/uploads\/2025\/01\/AYANEO-POCKET-EVO-MARKETING-DONE-20-1-1024x1024-1.jpg\"><img loading=\"lazy\" decoding=\"async\" width=\"1024\" height=\"1024\" src=\"https:\/\/ayaneo.co\/wp-content\/uploads\/2025\/01\/AYANEO-POCKET-EVO-MARKETING-DONE-20-1-1024x1024-1.jpg\" alt=\"Primer plano del mando AYANEO Pocket EVO Master Controller en negro, con joysticks de alta precisi&#xF3;n, botones de disparo y ocho funciones personalizables para una experiencia de juego profesional.\" class=\"wp-image-37445\" srcset=\"https:\/\/ayaneo.co\/wp-content\/uploads\/2025\/01\/AYANEO-POCKET-EVO-MARKETING-DONE-20-1-1024x1024-1.jpg 1024w, https:\/\/ayaneo.co\/wp-content\/uploads\/2025\/01\/AYANEO-POCKET-EVO-MARKETING-DONE-20-1-1024x1024-1-300x300.jpg 300w, https:\/\/ayaneo.co\/wp-content\/uploads\/2025\/01\/AYANEO-POCKET-EVO-MARKETING-DONE-20-1-1024x1024-1-150x150.jpg 150w, https:\/\/ayaneo.co\/wp-content\/uploads\/2025\/01\/AYANEO-POCKET-EVO-MARKETING-DONE-20-1-1024x1024-1-768x768.jpg 768w, https:\/\/ayaneo.co\/wp-content\/uploads\/2025\/01\/AYANEO-POCKET-EVO-MARKETING-DONE-20-1-1024x1024-1-65x65.jpg 65w, https:\/\/ayaneo.co\/wp-content\/uploads\/2025\/01\/AYANEO-POCKET-EVO-MARKETING-DONE-20-1-1024x1024-1-990x990.jpg 990w, https:\/\/ayaneo.co\/wp-content\/uploads\/2025\/01\/AYANEO-POCKET-EVO-MARKETING-DONE-20-1-1024x1024-1-441x441.jpg 441w, https:\/\/ayaneo.co\/wp-content\/uploads\/2025\/01\/AYANEO-POCKET-EVO-MARKETING-DONE-20-1-1024x1024-1-100x100.jpg 100w, https:\/\/ayaneo.co\/wp-content\/uploads\/2025\/01\/AYANEO-POCKET-EVO-MARKETING-DONE-20-1-1024x1024-1-600x600.jpg 600w\" sizes=\"(max-width: 1024px) 100vw, 1024px\" \/><\/a><\/figure>\n\n\n\n<h3 class=\"wp-block-heading\"><strong>Precisi\u00f3n Pro-Grade: Joysticks RGB de efecto Hall para una entrada fiable y precisa<\/strong><\/h3>\n\n\n\n<p>El Pocket EVO cuenta con una disposici\u00f3n de los mandos intuitiva e innovadora:<\/p>\n\n\n\n<ul class=\"wp-block-list\">\n<li><strong>Joystick RGB de efecto Hall<\/strong> para una entrada precisa y fiable<\/li>\n\n\n\n<li><strong>Disparadores Hall lineales<\/strong> con una tasa de retorno de 250 Hz<\/li>\n\n\n\n<li><strong>Motor lineal HD<\/strong> para mejorar la respuesta t\u00e1ctil<\/li>\n\n\n\n<li><strong>Giroscopio de seis ejes<\/strong> para juegos sensibles al movimiento<\/li>\n\n\n\n<li><strong>Bot\u00f3n Inicio<\/strong> con funciones de acceso directo al emulador y men\u00fa de llamadas de streaming de Xbox<\/li>\n<\/ul>\n\n\n\n<p>Adem\u00e1s, la <strong>Tecla Turbo<\/strong> permite cambiar r\u00e1pidamente entre modos de rendimiento, y el bot\u00f3n de encendido integra reconocimiento de huella dactilar para un acceso seguro.<\/p>\n<\/div>\n<\/div>\n\n<hr class=\"wp-block-separator has-alpha-channel-opacity\"\/>\n\n<div class=\"wp-block-columns is-layout-flex wp-container-core-columns-is-layout-28f84493 wp-block-columns-is-layout-flex\">\n<div class=\"wp-block-column is-layout-flow wp-block-column-is-layout-flow\" style=\"flex-basis:33.33%\">\n<figure class=\"wp-block-image size-full\"><a href=\"https:\/\/ayaneo.co\/wp-content\/uploads\/2025\/01\/AYANEO-POCKET-EVO-MARKETING-DONE-26-1024x1024-1.jpg\"><img loading=\"lazy\" decoding=\"async\" width=\"1024\" height=\"1024\" src=\"https:\/\/ayaneo.co\/wp-content\/uploads\/2025\/01\/AYANEO-POCKET-EVO-MARKETING-DONE-26-1024x1024-1.jpg\" alt=\"Capacidades de transferencia de datos ultrarr&#xE1;pida del AYANEO Pocket EVO, destacando caracter&#xED;sticas como USB 3.2 Gen 2 Tipo-C, memoria de alta velocidad LPDDR5X y una ranura microSD para ampliar el almacenamiento.\" class=\"wp-image-37446\" srcset=\"https:\/\/ayaneo.co\/wp-content\/uploads\/2025\/01\/AYANEO-POCKET-EVO-MARKETING-DONE-26-1024x1024-1.jpg 1024w, https:\/\/ayaneo.co\/wp-content\/uploads\/2025\/01\/AYANEO-POCKET-EVO-MARKETING-DONE-26-1024x1024-1-300x300.jpg 300w, https:\/\/ayaneo.co\/wp-content\/uploads\/2025\/01\/AYANEO-POCKET-EVO-MARKETING-DONE-26-1024x1024-1-150x150.jpg 150w, https:\/\/ayaneo.co\/wp-content\/uploads\/2025\/01\/AYANEO-POCKET-EVO-MARKETING-DONE-26-1024x1024-1-768x768.jpg 768w, https:\/\/ayaneo.co\/wp-content\/uploads\/2025\/01\/AYANEO-POCKET-EVO-MARKETING-DONE-26-1024x1024-1-65x65.jpg 65w, https:\/\/ayaneo.co\/wp-content\/uploads\/2025\/01\/AYANEO-POCKET-EVO-MARKETING-DONE-26-1024x1024-1-990x990.jpg 990w, https:\/\/ayaneo.co\/wp-content\/uploads\/2025\/01\/AYANEO-POCKET-EVO-MARKETING-DONE-26-1024x1024-1-441x441.jpg 441w, https:\/\/ayaneo.co\/wp-content\/uploads\/2025\/01\/AYANEO-POCKET-EVO-MARKETING-DONE-26-1024x1024-1-100x100.jpg 100w, https:\/\/ayaneo.co\/wp-content\/uploads\/2025\/01\/AYANEO-POCKET-EVO-MARKETING-DONE-26-1024x1024-1-600x600.jpg 600w\" sizes=\"(max-width: 1024px) 100vw, 1024px\" \/><\/a><\/figure>\n<\/div>\n\n\n\n<div class=\"wp-block-column is-layout-flow wp-block-column-is-layout-flow\" style=\"flex-basis:66.66%\">\n<h2 class=\"wp-block-heading\"><strong>Almacenamiento y conectividad<\/strong><\/h2>\n\n\n\n<p>El AYANEO Pocket EVO ofrece s\u00f3lidas opciones de conectividad y almacenamiento:<\/p>\n\n\n\n<ul class=\"wp-block-list\">\n<li><strong>1x USB 3.2 Gen 2 Tipo-C con todas las funciones<\/strong> y velocidad de transferencia de 10 Gbps<\/li>\n\n\n\n<li><strong>1x ranura para tarjeta Micro SD<\/strong> con velocidad de transferencia de hasta 100 MB\/s<\/li>\n\n\n\n<li><strong>WiFi de alta velocidad y Bluetooth 5.3<\/strong><\/li>\n<\/ul>\n<\/div>\n<\/div>\n\n<hr class=\"wp-block-separator has-alpha-channel-opacity\"\/>\n\n<div class=\"wp-block-columns is-layout-flex wp-container-core-columns-is-layout-28f84493 wp-block-columns-is-layout-flex\">\n<div class=\"wp-block-column is-layout-flow wp-block-column-is-layout-flow\">\n<figure class=\"wp-block-image size-full\"><a href=\"https:\/\/ayaneo.co\/wp-content\/uploads\/2025\/01\/AYANEO-POCKET-EVO-MARKETING-DONE-12-1024x1024-1.jpg\"><img loading=\"lazy\" decoding=\"async\" width=\"1024\" height=\"1024\" src=\"https:\/\/ayaneo.co\/wp-content\/uploads\/2025\/01\/AYANEO-POCKET-EVO-MARKETING-DONE-12-1024x1024-1.jpg\" alt=\"Vista lateral comparativa de los modelos blanco y negro del AYANEO Pocket EVO, destacando su grosor ultrafino de 17 mm y su dise&#xF1;o ligero de 478 g en comparaci&#xF3;n con otros dispositivos port&#xE1;tiles.\" class=\"wp-image-37447\" srcset=\"https:\/\/ayaneo.co\/wp-content\/uploads\/2025\/01\/AYANEO-POCKET-EVO-MARKETING-DONE-12-1024x1024-1.jpg 1024w, https:\/\/ayaneo.co\/wp-content\/uploads\/2025\/01\/AYANEO-POCKET-EVO-MARKETING-DONE-12-1024x1024-1-300x300.jpg 300w, https:\/\/ayaneo.co\/wp-content\/uploads\/2025\/01\/AYANEO-POCKET-EVO-MARKETING-DONE-12-1024x1024-1-150x150.jpg 150w, https:\/\/ayaneo.co\/wp-content\/uploads\/2025\/01\/AYANEO-POCKET-EVO-MARKETING-DONE-12-1024x1024-1-768x768.jpg 768w, https:\/\/ayaneo.co\/wp-content\/uploads\/2025\/01\/AYANEO-POCKET-EVO-MARKETING-DONE-12-1024x1024-1-65x65.jpg 65w, https:\/\/ayaneo.co\/wp-content\/uploads\/2025\/01\/AYANEO-POCKET-EVO-MARKETING-DONE-12-1024x1024-1-990x990.jpg 990w, https:\/\/ayaneo.co\/wp-content\/uploads\/2025\/01\/AYANEO-POCKET-EVO-MARKETING-DONE-12-1024x1024-1-441x441.jpg 441w, https:\/\/ayaneo.co\/wp-content\/uploads\/2025\/01\/AYANEO-POCKET-EVO-MARKETING-DONE-12-1024x1024-1-100x100.jpg 100w, https:\/\/ayaneo.co\/wp-content\/uploads\/2025\/01\/AYANEO-POCKET-EVO-MARKETING-DONE-12-1024x1024-1-600x600.jpg 600w\" sizes=\"(max-width: 1024px) 100vw, 1024px\" \/><\/a><\/figure>\n<\/div>\n\n\n\n<div class=\"wp-block-column is-layout-flow wp-block-column-is-layout-flow\">\n<figure class=\"wp-block-image size-full\"><a href=\"https:\/\/ayaneo.co\/wp-content\/uploads\/2025\/01\/AYANEO-POCKET-EVO-MARKETING-DONE-27-1024x1024-1.jpg\"><img loading=\"lazy\" decoding=\"async\" width=\"1024\" height=\"1024\" src=\"https:\/\/ayaneo.co\/wp-content\/uploads\/2025\/01\/AYANEO-POCKET-EVO-MARKETING-DONE-27-1024x1024-1.jpg\" alt=\"Interfaz del lanzador AYASpace y AYAHome, que muestra modos de rendimiento personalizables, gesti&#xF3;n optimizada de la biblioteca de juegos y una experiencia de usuario sin fisuras en el AYANEO Pocket EVO.\" class=\"wp-image-37448\" srcset=\"https:\/\/ayaneo.co\/wp-content\/uploads\/2025\/01\/AYANEO-POCKET-EVO-MARKETING-DONE-27-1024x1024-1.jpg 1024w, https:\/\/ayaneo.co\/wp-content\/uploads\/2025\/01\/AYANEO-POCKET-EVO-MARKETING-DONE-27-1024x1024-1-300x300.jpg 300w, https:\/\/ayaneo.co\/wp-content\/uploads\/2025\/01\/AYANEO-POCKET-EVO-MARKETING-DONE-27-1024x1024-1-150x150.jpg 150w, https:\/\/ayaneo.co\/wp-content\/uploads\/2025\/01\/AYANEO-POCKET-EVO-MARKETING-DONE-27-1024x1024-1-768x768.jpg 768w, https:\/\/ayaneo.co\/wp-content\/uploads\/2025\/01\/AYANEO-POCKET-EVO-MARKETING-DONE-27-1024x1024-1-65x65.jpg 65w, https:\/\/ayaneo.co\/wp-content\/uploads\/2025\/01\/AYANEO-POCKET-EVO-MARKETING-DONE-27-1024x1024-1-990x990.jpg 990w, https:\/\/ayaneo.co\/wp-content\/uploads\/2025\/01\/AYANEO-POCKET-EVO-MARKETING-DONE-27-1024x1024-1-441x441.jpg 441w, https:\/\/ayaneo.co\/wp-content\/uploads\/2025\/01\/AYANEO-POCKET-EVO-MARKETING-DONE-27-1024x1024-1-100x100.jpg 100w, https:\/\/ayaneo.co\/wp-content\/uploads\/2025\/01\/AYANEO-POCKET-EVO-MARKETING-DONE-27-1024x1024-1-600x600.jpg 600w\" sizes=\"(max-width: 1024px) 100vw, 1024px\" \/><\/a><\/figure>\n<\/div>\n<\/div>\n\n<h2 class=\"wp-block-heading\"><strong>Bater\u00eda y funciones adicionales<\/strong><\/h2>\n\n<p>El Pocket EVO est\u00e1 alimentado por una <strong>bater\u00eda de 8600mAh<\/strong> con soporte de <strong>carga r\u00e1pida PD<\/strong> (cargador no incluido). Sus dimensiones compactas de <strong>260,5 x 100 x 17 mm<\/strong> (33,9 mm de grosor de agarre) y su dise\u00f1o ligero de <strong>478 g<\/strong> lo hacen muy port\u00e1til. <\/p>\n\n<p>Otras caracter\u00edsticas adicionales son:<\/p>\n\n<ul class=\"wp-block-list\">\n<li><strong>Sistema AYASpace<\/strong> y <strong>Lanzador AYAHome<\/strong> para una navegaci\u00f3n fluida<\/li>\n\n\n\n<li>Sistema de refrigeraci\u00f3n avanzado para mantener el rendimiento<\/li>\n<\/ul>\n\n<hr class=\"wp-block-separator has-alpha-channel-opacity\"\/>\n\n<p>El AYANEO Pocket EVO es una obra maestra de la ingenier\u00eda y el dise\u00f1o, que ofrece a los jugadores una experiencia port\u00e1til de primera. Tanto si est\u00e1s en casa como en movimiento, el Pocket EVO ofrece rendimiento y portabilidad sin concesiones. <\/p>\n\n<figure class=\"wp-block-image size-full\"><a href=\"https:\/\/ayaneo.co\/wp-content\/uploads\/2025\/01\/AYANEO-POCKET-EVO-MARKETING-DONE-30-1024x1024-1.jpg\"><img loading=\"lazy\" decoding=\"async\" width=\"1024\" height=\"1024\" src=\"https:\/\/ayaneo.co\/wp-content\/uploads\/2025\/01\/AYANEO-POCKET-EVO-MARKETING-DONE-30-1024x1024-1.jpg\" alt=\"Hoja de especificaciones del AYANEO Pocket EVO, en la que se detallan caracter&#xED;sticas como la plataforma Snapdragon G3x Gen 2, la pantalla de 7 pulgadas 1080p OLED HDR 120Hz, el dise&#xF1;o ergon&#xF3;mico y la capacidad de la bater&#xED;a de 8600 mAh.\" class=\"wp-image-37449\" srcset=\"https:\/\/ayaneo.co\/wp-content\/uploads\/2025\/01\/AYANEO-POCKET-EVO-MARKETING-DONE-30-1024x1024-1.jpg 1024w, https:\/\/ayaneo.co\/wp-content\/uploads\/2025\/01\/AYANEO-POCKET-EVO-MARKETING-DONE-30-1024x1024-1-300x300.jpg 300w, https:\/\/ayaneo.co\/wp-content\/uploads\/2025\/01\/AYANEO-POCKET-EVO-MARKETING-DONE-30-1024x1024-1-150x150.jpg 150w, https:\/\/ayaneo.co\/wp-content\/uploads\/2025\/01\/AYANEO-POCKET-EVO-MARKETING-DONE-30-1024x1024-1-768x768.jpg 768w, https:\/\/ayaneo.co\/wp-content\/uploads\/2025\/01\/AYANEO-POCKET-EVO-MARKETING-DONE-30-1024x1024-1-65x65.jpg 65w, https:\/\/ayaneo.co\/wp-content\/uploads\/2025\/01\/AYANEO-POCKET-EVO-MARKETING-DONE-30-1024x1024-1-990x990.jpg 990w, https:\/\/ayaneo.co\/wp-content\/uploads\/2025\/01\/AYANEO-POCKET-EVO-MARKETING-DONE-30-1024x1024-1-441x441.jpg 441w, https:\/\/ayaneo.co\/wp-content\/uploads\/2025\/01\/AYANEO-POCKET-EVO-MARKETING-DONE-30-1024x1024-1-100x100.jpg 100w, https:\/\/ayaneo.co\/wp-content\/uploads\/2025\/01\/AYANEO-POCKET-EVO-MARKETING-DONE-30-1024x1024-1-600x600.jpg 600w\" sizes=\"(max-width: 1024px) 100vw, 1024px\" \/><\/a><\/figure>\n","protected":false},"excerpt":{"rendered":"<ul>\n<li>Procesador: Qualcomm <strong>Snapdragon G3x Gen 2<\/strong><\/li>\n<li>Pantalla: <strong>7 pulgadas OLED<\/strong>, resoluci\u00f3n 1920&#215;1080<\/li>\n<li>RAM: Hasta <strong>12 GB<\/strong> LPDDR5X a <strong>8533 MT\/s<\/strong><\/li>\n<li>Almacenamiento: Hasta <strong>256 GB<\/strong> UFS<\/li>\n<li>Conectividad: Wi-Fi <strong>6E<\/strong> y Bluetooth <strong>5.3<\/strong><\/li>\n<\/ul>\n<p><img loading=\"lazy\" decoding=\"async\" src=\"https:\/\/ayaneo.co\/wp-content\/uploads\/2025\/01\/EVO-FREE-GIFTS-NEW.png\" alt=\"Banner promocional que ofrece regalos gratis con la compra del AYANEO Pocket EVO, incluyendo una funda protectora y un protector de pantalla. El color de la funda se ajusta al del dispositivo y los art\u00edculos se a\u00f1aden autom\u00e1ticamente a la cesta. El banner muestra im\u00e1genes del dispositivo, fundas protectoras en blanco y negro y un protector de pantalla.\" width=\"550\" height=\"140\" class=\"alignnone size-full wp-image-11050\" srcset=\"https:\/\/ayaneo.co\/wp-content\/uploads\/2025\/01\/EVO-FREE-GIFTS-NEW.png 550w, https:\/\/ayaneo.co\/wp-content\/uploads\/2025\/01\/EVO-FREE-GIFTS-NEW-300x76.png 300w, https:\/\/ayaneo.co\/wp-content\/uploads\/2025\/01\/EVO-FREE-GIFTS-NEW-441x112.png 441w, https:\/\/ayaneo.co\/wp-content\/uploads\/2025\/01\/EVO-FREE-GIFTS-NEW-150x38.png 150w\" sizes=\"(max-width: 550px) 100vw, 550px\" \/><\/p>\n[cg_accordion title=\"INFORMACI\u00d3N SOBRE EL PAGO\"]<\/p>\n<p>Utilizamos la \u00faltima tecnolog\u00eda en procesamiento de pagos, que te permite pagar mediante Apple Pay, Google Pay, tu tarjeta de d\u00e9bito\/cr\u00e9dito, PayPal o m\u00e9todos BNPL como Klarna, Affirm o AfterPay para una experiencia r\u00e1pida y segura.[\/cg_accordion]\n[cg_accordion title=\"GARANT\u00cdA\"]<\/p>\n<p>1 a\u00f1o de garant\u00eda de <a href=\"https:\/\/droix.net\/\" target=\"_blank\" rel=\"nofollow noopener\">DROIX Global<\/a> para tu tranquilidad[\/cg_accordion]\n[cg_accordion title=\"GARANT\u00cdA DE CALIDAD Y PRUEBAS PREVIAS A LA EXPEDICI\u00d3N\"]<\/p>\n<p>Garantizamos la satisfacci\u00f3n del cliente al m\u00e1s alto nivel: Cada dispositivo se somete a rigurosas pruebas y a una comprobaci\u00f3n de garant\u00eda de calidad en varios puntos antes de ser enviado. Nuestro equipo especializado verifica el rendimiento, la funcionalidad y la integridad de los componentes para garantizar que tu dispositivo AYANEO est\u00e9 en perfecto estado de funcionamiento a su llegada, proporcion\u00e1ndote confianza y tranquilidad. [\/cg_accordion]\n[cg_accordion title=\"PRECIOS, IMPUESTOS Y ENV\u00cdO\"]<\/p>\n<p><strong><u>Nota:<\/u><\/strong><\/p>\n<ul>\n<li>Clientes de Estados Unidos: El precio indicado NO incluye impuestos ni aranceles. La responsabilidad de despachar aduanas y pagar cualquier impuesto o arancel asociado recae en el cliente. <\/li>\n<li>Clientes de la UE: El precio indicado incluye el IMPUESTO aplicable, que puede ser de hasta el 25% dependiendo de tu pa\u00eds.<\/li>\n<li>Clientes de Canad\u00e1: El precio mostrado incluye los impuestos aplicables, que pueden incluir un 5% de GST e impuestos de venta provinciales (PST), impuestos de venta armonizados (HST) o impuestos de venta de Quebec (QST) adicionales, dependiendo de tu provincia.<\/li>\n<\/ul>\n<p>Para nuestros clientes de EE.UU: Los pedidos se env\u00edan DAP (Entregado en el Lugar). Aunque los clientes son responsables del pago de los aranceles aplicables, aprovechamos nuestra amplia experiencia en env\u00edos desde el Reino Unido para asegurarnos de que pagas lo menos posible.  Seg\u00fan nuestros registros, estos gastos no suelen superar el 10% del valor del art\u00edculo.<\/p>\n<p><strong>S\u00d3LO para clientes de la UE:<\/strong> DDP expr\u00e9s (entrega con derechos pagados). Esto significa: <\/p>\n<ul>\n<li>Todos los derechos de aduana e impuestos est\u00e1n incluidos en el precio que aparece en la p\u00e1gina del producto.<\/li>\n<li>No tendr\u00e1s que pagar ning\u00fan gasto adicional en el momento de la entrega.<\/li>\n<li>En el raro caso de que surjan problemas relacionados con las aduanas, nuestro equipo se encargar\u00e1 del proceso de despacho de aduanas en tu nombre para garantizar una experiencia de entrega sin problemas.<\/li>\n<p>Informaci\u00f3n importante sobre devoluciones:<\/p>\n<li>Si decides devolver tu pedido o solicitar un reembolso, ten en cuenta que los impuestos y aranceles pagados en tu nombre seg\u00fan las condiciones del DDP no pueden reembolsarse.<\/li>\n<p>Consulta nuestras <a href=\"https:\/\/ayaneo.co\/es\/condiciones-del-servicio\/\" target=\"_blank\" rel=\"nofollow noopener\">Condiciones generales<\/a> para obtener informaci\u00f3n detallada.\n<\/ul>\n<p>[\/cg_accordion]\n[cg_accordion title=\"ATENCI\u00d3N AL CLIENTE\"]<\/p>\n<p>\u00bfTienes alguna pregunta? \u00a1Estamos a un SMS de solucionar tu problema! [\/cg_accordion]\n[cg_accordion title=\"EL PAQUETE INCLUYE\"]<\/p>\n<ul>\n<li>1x AYANEO Pocket EVO<\/li>\n<li>1x Cable USB Tipo-C<\/li>\n<li>1x Manual del usuario<\/li>\n<\/ul>\n<p>[\/cg_accordion]\n","protected":false},"featured_media":7067,"template":"","meta":{"_acf_changed":false},"product_brand":[],"product_cat":[352],"product_tag":[],"class_list":{"0":"post-6881","1":"product","2":"type-product","3":"status-publish","4":"has-post-thumbnail","6":"product_cat-dispositivo-portatil-android-para-juegos","7":"product_shipping_class-premium","8":"pa_brand-ayaneo","9":"pa_graphics-gpu-model-adreno-a32","10":"pa_operating-system-android-13","11":"pa_processor-cpu-brand-qualcomm","13":"first","14":"instock","15":"taxable","16":"shipping-taxable","17":"purchasable","18":"product-type-variable","19":"has-default-attributes"},"acf":[],"_links":{"self":[{"href":"https:\/\/ayaneo.co\/es\/wp-json\/wp\/v2\/product\/6881","targetHints":{"allow":["GET"]}}],"collection":[{"href":"https:\/\/ayaneo.co\/es\/wp-json\/wp\/v2\/product"}],"about":[{"href":"https:\/\/ayaneo.co\/es\/wp-json\/wp\/v2\/types\/product"}],"wp:featuredmedia":[{"embeddable":true,"href":"https:\/\/ayaneo.co\/es\/wp-json\/wp\/v2\/media\/7067"}],"wp:attachment":[{"href":"https:\/\/ayaneo.co\/es\/wp-json\/wp\/v2\/media?parent=6881"}],"wp:term":[{"taxonomy":"product_brand","embeddable":true,"href":"https:\/\/ayaneo.co\/es\/wp-json\/wp\/v2\/product_brand?post=6881"},{"taxonomy":"product_cat","embeddable":true,"href":"https:\/\/ayaneo.co\/es\/wp-json\/wp\/v2\/product_cat?post=6881"},{"taxonomy":"product_tag","embeddable":true,"href":"https:\/\/ayaneo.co\/es\/wp-json\/wp\/v2\/product_tag?post=6881"}],"curies":[{"name":"wp","href":"https:\/\/api.w.org\/{rel}","templated":true}]}}