{"id":7426,"date":"2025-01-20T12:04:53","date_gmt":"2025-01-20T12:04:53","guid":{"rendered":"https:\/\/ayaneo.co\/?post_type=product&#038;p=7426"},"modified":"2025-04-11T12:11:53","modified_gmt":"2025-04-11T12:11:53","slug":"aya-neo-deslizante-copy","status":"publish","type":"product","link":"https:\/\/ayaneo.co\/es\/product\/aya-neo-deslizante-copy\/","title":{"rendered":"AYANEO SIGUIENTE"},"content":{"rendered":"\n<figure class=\"wp-block-image\"><img decoding=\"async\" src=\"https:\/\/droix.net\/wp-content\/uploads\/2022\/01\/product-overview-1024x584.png\" alt=\"\" title=\"AYA NEO NEXT 1\"\/><\/figure>\n\n<h2 class=\"wp-block-heading\">Consola AMD Ryzen Zen 3<\/h2>\n\n<p>Hasta 4,5Ghz de potencia bruta<\/p>\n\n<p>Cuando se trata de potencia de procesamiento, el AYANEO Next PC Gaming Handheld no se queda atr\u00e1s en el sof\u00e1.<\/p>\n\n<p>La \u00abpotencia\u00bb la proporciona un procesador AMD Ryzen 7 5825U, basado en la \u00faltima Arquitectura ZEN 3. Esto proporciona una experiencia fluida en los juegos, manteniendo el consumo de bater\u00eda al m\u00ednimo. La APU Ryzen 7 que se encuentra en el AYANEO Next se basa en la litograf\u00eda FinFET de 7 nm de TSMC.  <\/p>\n\n<p>El procesador Ryzen 7 5825U es un octa-core con 16 hilos de ejecuci\u00f3n. Puede funcionar al ralent\u00ed a 2,0Ghz y aumentar hasta 4,5Ghz cuando est\u00e1 sometido a una carga pesada. Combinado con el software AYA Space, puedes configurar el TDP del AYANEO Next Handheld hasta 32 W para obtener a\u00fan m\u00e1s rendimiento.  <\/p>\n\n<p>Tus juegos ser\u00e1n considerablemente m\u00e1s r\u00e1pidos en comparaci\u00f3n con las consolas de juegos para PC de \u00faltima generaci\u00f3n.  <\/p>\n\n<p>Para ayudar con la potencia de procesamiento, tambi\u00e9n encontrar\u00e1s 16 GB de RAM LPDDR4x de doble canal a bordo, que se mantendr\u00e1 al d\u00eda con las crecientes demandas del sistema. Hablando de exigencias del sistema, hay dos opciones de almacenamiento: 1 TB y 2 TB, que te asegurar\u00e1n espacio suficiente para los \u00faltimos juegos de PC. (Mir\u00e1ndote a ti, Call of Duty) j  <\/p>\n\n<figure class=\"wp-block-image\"><img decoding=\"async\" src=\"https:\/\/droix.net\/wp-content\/uploads\/elementor\/thumbs\/processor-q8z5das1ql6n9ve6zhwvyxoict8wyvevo2ttgvwkqo.png\" alt=\"procesador\" title=\"procesador\"\/><\/figure>\n\n<h2 class=\"wp-block-heading\">AYANEO Pr\u00f3xima GPU AMD<\/h2>\n\n<p>Juega a los \u00faltimos juegos AAA<\/p>\n\n<p>Los gr\u00e1ficos AMD que incorpora el AYANEO Next son perfectos para jugar sobre la marcha. Es bien sabido dentro de la comunidad de jugadores que AMD pone un esfuerzo extra en su integraci\u00f3n y compatibilidad con los \u00faltimos juegos del mercado. <\/p>\n\n<p>El chipset gr\u00e1fico que se encuentra en la AYANEO Next es un 17% m\u00e1s r\u00e1pido en los benchmarks en comparaci\u00f3n con la antigua generaci\u00f3n de gr\u00e1ficos AMD. Junto con el software AYA Space, que te permite controlar la consola TDP, y la excelente soluci\u00f3n de refrigeraci\u00f3n, la AYANEO Next es una bestia de los juegos. <\/p>\n\n<h2 class=\"wp-block-heading\">Atrevido y brillante<\/h2>\n\n<p>Pantalla de 7\u2033 H-IPS <\/p>\n\n<p>Cuando juegas, la velocidad y los FPS no lo son todo (vale, son aproximadamente el 90% de la experiencia), pero el medio a trav\u00e9s del cual absorbes la experiencia es muy importante.<\/p>\n\n<p>Por eso el AYANEO Next viene con una preciosa pantalla t\u00e1ctil de 1280*800 H-IPS.<\/p>\n\n<figure class=\"wp-block-image\"><img decoding=\"async\" src=\"https:\/\/droix.net\/wp-content\/uploads\/2022\/01\/AYANEO-NEXT-BRIGHT-WHITE-MARKETING-PICTURE-2-scaled.jpg\" alt=\"AYANEO-SIGUIENTE-IMAGEN-DE-MARKETING-BLANCO-BRILLANTE-2\" title=\"AYA NEO NEXT 2\"\/><\/figure>\n\n<figure class=\"wp-block-image\"><img decoding=\"async\" src=\"https:\/\/droix.net\/wp-content\/uploads\/2022\/01\/AYANEO-NEXT-JET-BLACK-MARKETING-PICTURE-2-scaled.jpg\" alt=\"AYANEO-SIGUIENTE-JET-NEGRO-MARKETING-IMAGEN-2\" title=\"AYA NEO NEXT 3\"\/><\/figure>\n\n<figure class=\"wp-block-image\"><img decoding=\"async\" src=\"https:\/\/droix.net\/wp-content\/uploads\/2022\/01\/AYANEO-NEXT-MIDNIGHT-BLUE-MARKETING-PICTURE-4-scaled.jpg\" alt=\"AYANEO-PR&#xD3;XIMA-MEDIANOCHE-AZUL-MARKETING-IMAGEN-4\" title=\"AYA NEO NEXT 4\"\/><\/figure>\n\n<figure class=\"wp-block-image\"><img decoding=\"async\" src=\"https:\/\/droix.net\/wp-content\/uploads\/2022\/01\/AYANEO-NEXT-PASTEL-BLUE-MARKETING-PICTURE-7-scaled.jpg\" alt=\"AYANEO-SIGUIENTE-PASTEL-AZUL-MARKETING-IMAGEN-7\" title=\"AYA NEO NEXT 5\"\/><\/figure>\n\n<h2 class=\"wp-block-heading\">Juegos A-Z<\/h2>\n\n<p>El AYANEO Next PC Gaming Handheld cumple todos los requisitos: viene con el mejor hardware para que tus sesiones de juego sean lo m\u00e1s c\u00f3modas posible.<\/p>\n\n<figure class=\"wp-block-image\"><img decoding=\"async\" src=\"https:\/\/droix.net\/wp-content\/uploads\/2022\/01\/high-quality-build.png\" alt=\"\" title=\"AYA NEO NEXT 6\"\/><\/figure>\n\n<figure class=\"wp-block-image\"><img decoding=\"async\" src=\"https:\/\/droix.net\/wp-content\/uploads\/2022\/01\/shoulder-buttons.png\" alt=\"\" title=\"AYA NEO NEXT 7\"\/><\/figure>\n\n<figure class=\"wp-block-image\"><img decoding=\"async\" src=\"https:\/\/droix.net\/wp-content\/uploads\/2022\/01\/fingerprint.png\" alt=\"\" title=\"AYA NEO NEXT 8\"\/><\/figure>\n","protected":false},"excerpt":{"rendered":"<ul>\n<li>AMD\u00ae <strong>Ryzen\u2122 7 5825U<\/strong> con gr\u00e1ficos AMD Radeon\u2122 Vega 8<\/li>\n<li><strong>16 GB<\/strong> LPDDR4x de doble canal a 4266Mhz<\/li>\n<li><strong>2<\/strong><strong>TB\/2<\/strong> <strong>TB<\/strong> PCI-E NVMe de alta velocidad SSD<\/li>\n<li>Pantalla t\u00e1ctil de <strong>7\u2033<\/strong> H-IPS <\/li>\n<li>Compatible con <strong>WiFi 6<\/strong> IEEE y <strong>Bluetooth 5.2<\/strong> <\/li>\n<\/ul>\n[cg_accordion title=\"INFORMACI\u00d3N SOBRE EL PAGO\"]<\/p>\n<p>Utilizamos la \u00faltima tecnolog\u00eda en procesamiento de pagos, que te permite pagar mediante Apple Pay, Google Pay, tu tarjeta de d\u00e9bito\/cr\u00e9dito, PayPal o m\u00e9todos BNPL como Klarna, Affirm o AfterPay para una experiencia r\u00e1pida y segura.[\/cg_accordion]\n[cg_accordion title=\"GARANT\u00cdA\"]<\/p>\n<p>1 a\u00f1o de garant\u00eda de <a href=\"https:\/\/droix.net\/\" target=\"_blank\" rel=\"nofollow noopener\">DROIX Global<\/a> para tu tranquilidad[\/cg_accordion]\n[cg_accordion title=\"PRECIOS, IMPUESTOS Y ENV\u00cdO\"]<\/p>\n<p><strong><u>Nota:<\/u><\/strong><\/p>\n<ul>\n<li>Clientes de Estados Unidos: El precio indicado NO incluye impuestos ni aranceles. La responsabilidad de despachar aduanas y pagar cualquier impuesto o arancel asociado recae en el cliente. <\/li>\n<li>Clientes de la UE: El precio indicado incluye el IMPUESTO aplicable, que puede ser de hasta el 25% dependiendo de tu pa\u00eds.<\/li>\n<li>Clientes de Canad\u00e1: El precio mostrado incluye los impuestos aplicables, que pueden incluir un 5% de GST e impuestos de venta provinciales (PST), impuestos de venta armonizados (HST) o impuestos de venta de Quebec (QST) adicionales, dependiendo de tu provincia.<\/li>\n<\/ul>\n<p><strong>S\u00d3LO para clientes de la UE:<\/strong> DDP expr\u00e9s (entrega con derechos pagados). Esto significa: <\/p>\n<ul>\n<li>Todos los derechos de aduana e impuestos est\u00e1n incluidos en el precio que aparece en la p\u00e1gina del producto.<\/li>\n<li>No tendr\u00e1s que pagar ning\u00fan gasto adicional en el momento de la entrega.<\/li>\n<li>En el raro caso de que surjan problemas relacionados con las aduanas, nuestro equipo se encargar\u00e1 del proceso de despacho de aduanas en tu nombre para garantizar una experiencia de entrega sin problemas.<\/li>\n<p>Informaci\u00f3n importante sobre devoluciones:<\/p>\n<li>Si decides devolver tu pedido o solicitar un reembolso, ten en cuenta que los impuestos y aranceles pagados en tu nombre seg\u00fan las condiciones del DDP no pueden reembolsarse.<\/li>\n<p>Consulta nuestras <a href=\"https:\/\/ayaneo.co\/terms-of-service-2\/\" target=\"_blank\" rel=\"nofollow noopener\">Condiciones generales<\/a> para obtener informaci\u00f3n detallada.\n<\/ul>\n<p>[\/cg_accordion]\n[cg_accordion title=\"ATENCI\u00d3N AL CLIENTE\"]<\/p>\n<p>\u00bfTienes alguna pregunta? \u00a1Estamos a un SMS de solucionar tu problema!<br \/>\n[\/cg_accordion]\n[cg_accordion title=\"El paquete incluye\"]<\/p>\n<ul>\n<li>1x AYANEO NEXT<\/li>\n<li>1x Cable USB Tipo-C<\/li>\n<li>1x Manual del usuario<\/li>\n<\/ul>\n<p>[\/cg_accordion]\n","protected":false},"featured_media":7502,"template":"","meta":{"_acf_changed":false},"product_brand":[],"product_cat":[361],"product_tag":[],"class_list":{"0":"post-7426","1":"product","2":"type-product","3":"status-publish","4":"has-post-thumbnail","6":"product_cat-ordenadores-portatiles-para-juegos","7":"product_shipping_class-premium","8":"pa_brand-ayaneo","9":"pa_graphics-gpu-model-radeon-graphics","10":"pa_operating-system-windows-11-home","11":"pa_processor-cpu-brand-amd","13":"first","14":"outofstock","15":"sale","16":"taxable","17":"shipping-taxable","18":"purchasable","19":"product-type-variable","20":"has-default-attributes"},"acf":[],"_links":{"self":[{"href":"https:\/\/ayaneo.co\/es\/wp-json\/wp\/v2\/product\/7426","targetHints":{"allow":["GET"]}}],"collection":[{"href":"https:\/\/ayaneo.co\/es\/wp-json\/wp\/v2\/product"}],"about":[{"href":"https:\/\/ayaneo.co\/es\/wp-json\/wp\/v2\/types\/product"}],"wp:featuredmedia":[{"embeddable":true,"href":"https:\/\/ayaneo.co\/es\/wp-json\/wp\/v2\/media\/7502"}],"wp:attachment":[{"href":"https:\/\/ayaneo.co\/es\/wp-json\/wp\/v2\/media?parent=7426"}],"wp:term":[{"taxonomy":"product_brand","embeddable":true,"href":"https:\/\/ayaneo.co\/es\/wp-json\/wp\/v2\/product_brand?post=7426"},{"taxonomy":"product_cat","embeddable":true,"href":"https:\/\/ayaneo.co\/es\/wp-json\/wp\/v2\/product_cat?post=7426"},{"taxonomy":"product_tag","embeddable":true,"href":"https:\/\/ayaneo.co\/es\/wp-json\/wp\/v2\/product_tag?post=7426"}],"curies":[{"name":"wp","href":"https:\/\/api.w.org\/{rel}","templated":true}]}}