{"id":11422,"date":"2025-03-18T15:51:48","date_gmt":"2025-03-18T15:51:48","guid":{"rendered":"https:\/\/ayaneo.co\/product\/ayaneo-pocket-micro-nahast-kohver\/"},"modified":"2025-12-02T18:18:36","modified_gmt":"2025-12-02T18:18:36","slug":"ayaneo-pocket-micro-nahast-kohver","status":"publish","type":"product","link":"https:\/\/ayaneo.co\/et\/product\/ayaneo-pocket-micro-nahast-kohver\/","title":{"rendered":"AYANEO Pocket Micro nahast kohver"},"content":{"rendered":"\n<p>Andke oma <strong>AYANEO Pocket Micro&#8217;le<\/strong> v\u00e4\u00e4riline <strong>kaitse<\/strong> selle <strong>luksusliku nahkkotiga!<\/strong> See <strong>t\u00e4iusliku sobivuse<\/strong> tagamiseks loodud \u00fcmbris \u00fchendab endas <strong>elegantsuse, vastupidavuse ja kaasaskantavuse, et hoida teie<\/strong> seadet turvaliselt, s\u00e4ilitades samal ajal elegantse ja professionaalse v\u00e4limuse.<\/p>\n\n<h2 class=\"wp-block-heading\" id=\"h-key-features\"><strong>Peamised omadused:<\/strong><\/h2>\n\n<p><strong>Esmaklassiline nahkmaterjal<\/strong> - Valmistatud kvaliteetsest nahast, mis tagab keeruka ja vastupidava viimistluse.<\/p>\n\n<p><strong>T\u00e4iuslik sobivus ja turvaline kaitse -<\/strong> kohandatud AYANEO Pocket Micro jaoks, mis tagab <strong>tiheda sobivuse, mis<\/strong> hoiab teie seadet kriimustuste, tolmu ja v\u00e4iksemate l\u00f6\u00f6kide eest.<\/p>\n\n<p><strong>Pehme sisemine vooder<\/strong> - \u00f5rnad teie seadme ekraani ja keha suhtes, v\u00e4ltides soovimatuid j\u00e4lgi.<\/p>\n\n<p><strong>Kerge ja kaasaskantav<\/strong> - \u00f5huke disain v\u00f5imaldab seda h\u00f5lpsasti kaasas kanda, pakkudes samal ajal maksimaalset kaitset.<\/p>\n\n<p><strong>Magnetkinnitus lisaturvalisuse tagamiseks<\/strong> - tagab seadme turvalise paigaloleku, v\u00f5imaldades samas kiire juurdep\u00e4\u00e4su.<\/p>\n\n<p>T\u00e4ienda oma <strong>AYANEO Pocket Micro&#8217;t<\/strong> selle <strong>stiilse ja funktsionaalse nahk\u00fcmbrisega -<\/strong> <strong>kaitse koos elegantsi puudutusega!<\/strong> <\/p>\n\n<p><\/p>\n","protected":false},"excerpt":{"rendered":"<ul>\n<li><strong>Ametlik AYANEO<\/strong> Pocket Micro kaitsev nahkkott<\/li>\n<li><strong>Premium nahk<\/strong> - Elegantne, vastupidav ja kauakestev.<\/li>\n<li><strong>Pehme sisevooder<\/strong> - kaitseb kriimustuste ja tolmu eest.<\/li>\n<li><strong>Kerge ja kaasaskantav<\/strong> - lihtne transportida ilma mahutita.<\/li>\n<li><strong>Magnetiline sulgemine<\/strong> - turvaline ja mugav juurdep\u00e4\u00e4s.<\/li>\n<\/ul>\n[cg_accordion title=\"MAKSUINFO\"]<\/p>\n<p>Me kasutame uusimat makset\u00f6\u00f6tlustehnoloogiat, mis v\u00f5imaldab teil kiiret ja turvalist maksmist Apple Pay, Google Pay, deebet-\/krediitkaardi, PayPali v\u00f5i BNPL-meetodite, nagu Klarna, Affirm v\u00f5i AfterPay kaudu.[\/cg_accordion]\n[cg_accordion title=\"GARANTSIOON\"]<\/p>\n<p>1 aasta garantii <a href=\"https:\/\/droix.net\/\" target=\"_blank\" rel=\"nofollow noopener\">DROIX Globalilt teie meelerahu tagamiseks<\/a> [\/cg_accordion]\n[cg_accordion title=\"KVALITEEDI TAGAMINE JA L\u00c4HETAMISEELNE TESTIMINE\"]<\/p>\n<p>Klientide rahulolu tagamine k\u00f5rgeimal tasemel: Iga seade l\u00e4bib enne saatmist ranged testid ja mitmepunktilise kvaliteedikontrolli. Meie p\u00fchendunud meeskond kontrollib j\u00f5udlust, funktsionaalsust ja komponentide terviklikkust, et tagada, et teie AYANEO seade on saabumisel t\u00e4iuslikus t\u00f6\u00f6korras, tagades teile kindlustunde ja meelerahu. [\/cg_accordion]\n[cg_accordion title=\"HINNAKUJUNDUS, MAKSUD JA KOHALETOIMETAMINE\"]<\/p>\n<p><strong><u>M\u00e4rkus:<\/u><\/strong><\/p>\n<ul>\n<li>Ameerika \u00dchendriikide kliendid: N\u00e4idatud hind ei sisalda makse ega tollimaksu. Vastutus tollivormistuse ja sellega seotud maksude\/tollimaksude tasumise eest lasub kliendil. <\/li>\n<li>ELi kliendid: N\u00e4idatud hind sisaldab kohaldatavat maksu, mis v\u00f5ib s\u00f5ltuvalt teie riigist olla kuni 25%.<\/li>\n<li>Kanada kliendid: N\u00e4idatud hind sisaldab kohaldatavaid makse, mis v\u00f5ivad sisaldada 5% GST ja t\u00e4iendavaid provintsi m\u00fc\u00fcgimakse (PST), \u00fchtlustatud m\u00fc\u00fcgimaksu (HST) v\u00f5i Quebeci m\u00fc\u00fcgimaksu (QST), s\u00f5ltuvalt teie provintsist.<\/li>\n<\/ul>\n<p><strong>AINULT ELi klientidele:<\/strong> Express DDP (Delivered Duty Paid). See t\u00e4hendab: <\/p>\n<ul>\n<li>K\u00f5ik tollimaksud ja maksud sisalduvad toote lehel n\u00e4idatud hinnas.<\/li>\n<li>Te ei pea tarnimisel lisatasusid maksma.<\/li>\n<li>Harva esinevate tolliprobleemide korral tegeleb meie meeskond teie nimel tollivormistusega, et tagada sujuv tarne.<\/li>\n<p>Oluline teave tagastuste kohta:<\/p>\n<li>Kui te otsustate oma tellimuse tagastada v\u00f5i taotleda raha tagasi, siis pidage meeles, et teie eest DDP tingimuste alusel makstud makse ja tollimakse ei saa tagasi maksta.<\/li>\n<p>\u00dcksikasjalik teave <a href=\"https:\/\/ayaneo.co\/et\/teenuse-tingimused\/\" target=\"_blank\" rel=\"nofollow noopener\">on esitatud meie Tingimustes<\/a>.\n<\/ul>\n<p>[\/cg_accordion]\n[cg_accordion title=\"KLIENDITUGI\"]<\/p>\n<p>Kas teil on k\u00fcsimus? Oleme l\u00fchikese teksti kaugusel sellest, et teie k\u00fcsimus oleks lahendatud! [\/cg_accordion]\n[cg_accordion title=\"PAKETT SISALDAB\"]<\/p>\n<ul>\n<li>1x AYANEO Pocket Micro nahast \u00fcmbris<\/li>\n<\/ul>\n<p>[\/cg_accordion]\n","protected":false},"featured_media":11023,"template":"","meta":{"_acf_changed":false},"product_brand":[],"product_cat":[557],"product_tag":[],"class_list":{"0":"post-11422","1":"product","2":"type-product","3":"status-publish","4":"has-post-thumbnail","6":"product_cat-tarvikud","7":"product_shipping_class-low-end","8":"pa_accessory-type-protective-case-et","9":"pa_brand-ayaneo","11":"first","12":"outofstock","13":"sale","14":"taxable","15":"shipping-taxable","16":"purchasable","17":"product-type-variable","18":"has-default-attributes"},"acf":[],"_links":{"self":[{"href":"https:\/\/ayaneo.co\/et\/wp-json\/wp\/v2\/product\/11422","targetHints":{"allow":["GET"]}}],"collection":[{"href":"https:\/\/ayaneo.co\/et\/wp-json\/wp\/v2\/product"}],"about":[{"href":"https:\/\/ayaneo.co\/et\/wp-json\/wp\/v2\/types\/product"}],"wp:featuredmedia":[{"embeddable":true,"href":"https:\/\/ayaneo.co\/et\/wp-json\/wp\/v2\/media\/11023"}],"wp:attachment":[{"href":"https:\/\/ayaneo.co\/et\/wp-json\/wp\/v2\/media?parent=11422"}],"wp:term":[{"taxonomy":"product_brand","embeddable":true,"href":"https:\/\/ayaneo.co\/et\/wp-json\/wp\/v2\/product_brand?post=11422"},{"taxonomy":"product_cat","embeddable":true,"href":"https:\/\/ayaneo.co\/et\/wp-json\/wp\/v2\/product_cat?post=11422"},{"taxonomy":"product_tag","embeddable":true,"href":"https:\/\/ayaneo.co\/et\/wp-json\/wp\/v2\/product_tag?post=11422"}],"curies":[{"name":"wp","href":"https:\/\/api.w.org\/{rel}","templated":true}]}}