{"id":11445,"date":"2025-01-29T11:53:38","date_gmt":"2025-01-29T11:53:38","guid":{"rendered":"https:\/\/ayaneo.co\/product\/usb-4-0-type-c-kaabel\/"},"modified":"2025-04-11T12:02:51","modified_gmt":"2025-04-11T12:02:51","slug":"usb-4-0-type-c-kaabel","status":"publish","type":"product","link":"https:\/\/ayaneo.co\/et\/product\/usb-4-0-type-c-kaabel\/","title":{"rendered":"USB 4.0 Type-C kaabel"},"content":{"rendered":"\n<h3 class=\"wp-block-heading\"><strong>USB 4.0 Type-C kaabli v\u00f5rratu \u00fchenduvus<\/strong><\/h3>\n\n<h4 class=\"wp-block-heading\"><strong>Kiiruse, v\u00f5imsuse ja t\u00e4psuse revolutsiooniline muutmine<\/strong><\/h4>\n\n<h4 class=\"wp-block-heading\"><strong>Kiire 40Gbps andmeedastus<\/strong><\/h4>\n\n<p>Avage meie <strong>USB 4.0 Type-C kaabel<\/strong>, mis on v\u00f5imeline <strong>v\u00e4lkkiire 40 Gbit\/s andmeedastuskiirusele<\/strong>, v\u00f5rratu j\u00f5udlus. \u00dctle h\u00fcvasti viivitusega ja tere tulemast kiire ja sujuvale failide jagamisele, mis sobib ideaalselt suure t\u00f6\u00f6koormuse, 4K-videote ja kiirete varukoopiate jaoks. <\/p>\n\n<h4 class=\"wp-block-heading\"><strong>Thunderbolt 3 ja 4 \u00fchilduvus<\/strong><\/h4>\n\n<p><strong>Thunderbolt 3 ja 4 \u00fchilduvus<\/strong> kindlustab teie seadistuse tulevikku, tagades sujuva integratsiooni tipptasemel seadmetega. \u00dcksk\u00f5ik, kas \u00fchendate s\u00fclearvuteid, monitore v\u00f5i salvestuslahendusi, meie kaabel hoiab teid alati ees. <\/p>\n\n<h4 class=\"wp-block-heading\"><strong>Power Beyond Limits: 240W PD<\/strong><\/h4>\n\n<p>Laadige kiiremini, t\u00f6\u00f6tage kauem. Muljetavaldava <strong>240 W Power Delivery<\/strong> v\u00f5imsusega kaabel tagab kiire laadimise ka k\u00f5ige n\u00f5udlikumatele seadmetele. Alates s\u00fclearvutitest kuni m\u00e4nguriseadmeteni, kogege katkematut j\u00f5udlust ja pikemat t\u00f6\u00f6aega.  <\/p>\n\n<h4 class=\"wp-block-heading\"><strong>8K visuaalne s\u00e4ra<\/strong><\/h4>\n\n<p>Sukeldu h\u00e4mmastavasse selgusse, mis toetab <strong>8K resolutsiooni 60 Hz juures<\/strong>. \u00dcksk\u00f5ik, kas m\u00e4ngite, toimetate k\u00f5rgresolutsioonilist sisu v\u00f5i vaatate ultra-HD meelelahutust, iga kaader on t\u00e4is elutruusid detaile ja elavaid v\u00e4rve. <\/p>\n\n<h4 class=\"wp-block-heading\"><strong>Uuenduslik reaalajas toimuv elektrienergia seire<\/strong><\/h4>\n\n<p>J\u00e4\u00e4ge kontrolli alla meie <strong>sisseehitatud energiakasutuse ekraaniga<\/strong>. See praktiline funktsioon pakub <strong>reaalajas energiatarbimise andmeid<\/strong>, mis v\u00f5imaldab teil j\u00e4lgida oma seadme energiakasutust, et tagada nutikam ja t\u00f5husam laadimiskogemus. <\/p>\n\n<h4 class=\"wp-block-heading\"><strong>M\u00f5eldud teie seadistuse jaoks<\/strong><\/h4>\n\n<p>Valige meie paindlike pikkusvariantide abil teie vajadustele sobiv lahendus:<\/p>\n\n<ul class=\"wp-block-list\">\n<li><strong>Sirge kaabel<\/strong>: Saadaval <strong>0,8M<\/strong> ja <strong>1,5M<\/strong>.<\/li>\n\n\n\n<li><strong>L-kujuline kaabel<\/strong>: Saadaval ka <strong>0,8M<\/strong> ja <strong>1,5M<\/strong>.<\/li>\n<\/ul>\n\n<p>Meie USB 4.0 Type-C kaabel sobib igasse keskkonda, olenemata sellest, kas vajate liikumisvabadust v\u00f5i ruumi s\u00e4\u00e4stvat lahendust.<\/p>\n\n<h4 class=\"wp-block-heading\"><strong>Esmaklassiline k\u00e4sit\u00f6\u00f6, kompromissitu j\u00f5udlus<\/strong><\/h4>\n\n<p>Selles kaablis, mis on valmistatud t\u00e4ppistehnoloogiaga, on \u00fchendatud <strong>vastupidavus, paindlikkus ja tipptasemel tehnoloogia<\/strong>. See on parim valik tehnikahuvilistele, professionaalidele ja m\u00e4ngijatele, kes n\u00f5uavad parimat \u00fchenduvust. <\/p>\n\n<h3 class=\"wp-block-heading\"><strong>T\u00f5sta oma \u00fchenduvus juba t\u00e4na<\/strong><\/h3>\n\n<p><strong>USB 4.0 Type-C kaabli<\/strong> abil ei \u00fchenda sa lihtsalt seadmeid - sa avad terve maailma v\u00f5imalusi. <strong>Uuendage juba t\u00e4na kiiruse, v\u00f5imsuse ja selguse tulevikku!<\/strong><\/p>\n","protected":false},"excerpt":{"rendered":"<ul>\n<li><strong>40Gbps<\/strong> andmeedastuskiirus<\/li>\n<li>Thunderbolt <strong>3<\/strong> ja <strong>4<\/strong><\/li>\n<li>Kuni <strong>240W<\/strong> v\u00f5imsus<\/li>\n<li>Toetab kuni <strong>8K @ 60Hz<\/strong> videov\u00e4ljundit<\/li>\n<li>Sisseehitatud <strong>v\u00f5imsuse n\u00e4idik<\/strong><\/li>\n<\/ul>\n[cg_accordion title=\"MAKSUINFO\"]<\/p>\n<p>Me kasutame uusimat makset\u00f6\u00f6tlustehnoloogiat, mis v\u00f5imaldab teil kiiret ja turvalist maksmist Apple Pay, Google Pay, deebet-\/krediitkaardi, PayPali v\u00f5i BNPL-meetodite, nagu Klarna, Affirm v\u00f5i AfterPay kaudu.[\/cg_accordion]\n[cg_accordion title=\"GARANTSIOON\"]<\/p>\n<p>1 aasta garantii <a href=\"https:\/\/droix.net\/\" target=\"_blank\" rel=\"nofollow noopener\">DROIX Global<\/a> ilt teie meelerahu tagamiseks[\/cg_accordion]\n[cg_accordion title=\"HINNAKUJUNDUS, MAKSUD JA KOHALETOIMETAMINE\"]<\/p>\n<p><strong><u>M\u00e4rkus:<\/u><\/strong><\/p>\n<ul>\n<li>Ameerika \u00dchendriikide kliendid: N\u00e4idatud hind ei sisalda makse ega tollimaksu. Vastutus tollivormistuse ja sellega seotud maksude\/tollimaksude tasumise eest lasub kliendil. <\/li>\n<li>ELi kliendid: N\u00e4idatud hind sisaldab kohaldatavat MAKSU, mis v\u00f5ib s\u00f5ltuvalt teie riigist olla kuni 25%.<\/li>\n<li>Kanada kliendid: N\u00e4idatud hind sisaldab kohaldatavaid makse, mis v\u00f5ivad sisaldada 5% GST ja t\u00e4iendavaid provintsi m\u00fc\u00fcgimakse (PST), \u00fchtlustatud m\u00fc\u00fcgimaksu (HST) v\u00f5i Quebeci m\u00fc\u00fcgimaksu (QST), s\u00f5ltuvalt teie provintsist.<\/li>\n<\/ul>\n<p><strong>AINULT ELi klientidele:<\/strong> Express DDP (Delivered Duty Paid). See t\u00e4hendab: <\/p>\n<ul>\n<li>K\u00f5ik tollimaksud ja maksud sisalduvad toote lehel n\u00e4idatud hinnas.<\/li>\n<li>Te ei pea tarnimisel lisatasusid maksma.<\/li>\n<li>Harva esinevate tolliprobleemide korral tegeleb meie meeskond teie nimel tollivormistusega, et tagada sujuv tarne.<\/li>\n<p>Oluline teave tagastuste kohta:<\/p>\n<li>Kui otsustate oma tellimuse tagastada v\u00f5i taotleda raha tagasi, siis pidage meeles, et teie eest DDP tingimuste alusel makstud makse ja tollimakse ei saa tagasi maksta.<\/li>\n<p>\u00dcksikasjalikku teavet leiate meie <a href=\"https:\/\/ayaneo.co\/terms-of-service-2\/\" target=\"_blank\" rel=\"nofollow noopener\">Tingimustest<\/a>.\n<\/ul>\n<p>[\/cg_accordion]\n[cg_accordion title=\"KLIENDITUGI\"]<\/p>\n<p>Kas teil on k\u00fcsimus? Oleme l\u00fchikese teksti kaugusel sellest, et teie k\u00fcsimus oleks lahendatud!<br \/>\n[\/cg_accordion]\n","protected":false},"featured_media":8367,"template":"","meta":{"_acf_changed":false},"product_brand":[],"product_cat":[557],"product_tag":[],"class_list":{"0":"post-11445","1":"product","2":"type-product","3":"status-publish","4":"has-post-thumbnail","6":"product_cat-tarvikud","7":"product_shipping_class-low-end","8":"pa_accessory-type-cable-et","9":"pa_brand-droix","11":"first","12":"outofstock","13":"sale","14":"taxable","15":"shipping-taxable","16":"purchasable","17":"product-type-variable"},"acf":[],"_links":{"self":[{"href":"https:\/\/ayaneo.co\/et\/wp-json\/wp\/v2\/product\/11445","targetHints":{"allow":["GET"]}}],"collection":[{"href":"https:\/\/ayaneo.co\/et\/wp-json\/wp\/v2\/product"}],"about":[{"href":"https:\/\/ayaneo.co\/et\/wp-json\/wp\/v2\/types\/product"}],"wp:featuredmedia":[{"embeddable":true,"href":"https:\/\/ayaneo.co\/et\/wp-json\/wp\/v2\/media\/8367"}],"wp:attachment":[{"href":"https:\/\/ayaneo.co\/et\/wp-json\/wp\/v2\/media?parent=11445"}],"wp:term":[{"taxonomy":"product_brand","embeddable":true,"href":"https:\/\/ayaneo.co\/et\/wp-json\/wp\/v2\/product_brand?post=11445"},{"taxonomy":"product_cat","embeddable":true,"href":"https:\/\/ayaneo.co\/et\/wp-json\/wp\/v2\/product_cat?post=11445"},{"taxonomy":"product_tag","embeddable":true,"href":"https:\/\/ayaneo.co\/et\/wp-json\/wp\/v2\/product_tag?post=11445"}],"curies":[{"name":"wp","href":"https:\/\/api.w.org\/{rel}","templated":true}]}}