{"id":11505,"date":"2025-01-29T11:23:32","date_gmt":"2025-01-29T11:23:32","guid":{"rendered":"https:\/\/ayaneo.co\/product\/sd1-dokkimisjaam\/"},"modified":"2025-04-11T12:03:21","modified_gmt":"2025-04-11T12:03:21","slug":"sd1-dokkimisjaam","status":"publish","type":"product","link":"https:\/\/ayaneo.co\/et\/product\/sd1-dokkimisjaam\/","title":{"rendered":"SD1 dokkimisjaam"},"content":{"rendered":"\n<h2 class=\"wp-block-heading\"><strong>SD1 dokkimisjaam: Vabastage k\u00e4eshoitavate m\u00e4ngude t\u00f5eline v\u00f5imsus!<\/strong><\/h2>\n\n<h4 class=\"wp-block-heading\"><strong>Teie v\u00e4rav \u00f5mblusteta m\u00e4ngude juurde<\/strong><\/h4>\n\n<p>Muuda oma pihuarvuti m\u00e4ngukogemust <strong>SD1 dokkimisjaama<\/strong>abil <strong>- see on<\/strong>parim kaaslane pihuarvutite m\u00e4ngude jaoks. M\u00e4ngijatele m\u00f5eldud SD1 suurendab j\u00f5udlust, \u00fchenduvust ja mugavust, tagades, et iga m\u00e4ngusessioon on veatu. Alates <strong>Steam Deck<\/strong><strong>AYA NEO Geek 1S-ile<\/strong> pakub see dokkimisjaam v\u00f5rratut mitmek\u00fclgsust. Lihtsalt dokkige, \u00fchendage USB Type-C kaudu ja laske SD1 t\u00f5sta oma m\u00e4ngimine uutesse k\u00f5rgustesse.   <\/p>\n\n<h4 class=\"wp-block-heading\"><strong>V\u00e4lkkiire interneti j\u00f5udlus<\/strong><\/h4>\n\n<p>SD1 <strong>RJ45 Gigabit Ethernet-port<\/strong> pakub kuni <strong>1000M<\/strong> kiirust ja j\u00e4\u00e4b igas lahingus ettepoole. \u00dctle h\u00fcvasti viivitusele ja tere sujuvale reaalajas m\u00e4ngimisele. SD1 tagab <strong>stabiilse, katkestusteta \u00fchenduse<\/strong>, kui see on k\u00f5ige olulisem, olenemata sellest, kas uurite avaraid maailmu v\u00f5i v\u00f5istlete k\u00f5rgetasemelistes mitmikm\u00e4ngudes.  <\/p>\n\n<h4 class=\"wp-block-heading\"><strong>Kaasahaarav 4K-visuaalvideo<\/strong><\/h4>\n\n<p>Sukeldu SD1 <strong>HDMI 2.0 v\u00e4ljundiga<\/strong> uimastavatesse detailidesse ja elavatesse v\u00e4rvidesse. Toetades kuni <strong>4096&#215;2160 resolutsiooni 60 Hz juures<\/strong>, muudab see dokkimisjaam teie m\u00e4ngud hingematvateks visuaalseteks elamusteks. Iga kaader on terav, sujuv ja pulbitsev, muutes teie lemmikm\u00e4ngud veelgi kaasahaaravamaks.  <\/p>\n\n<h4 class=\"wp-block-heading\"><strong>V\u00f5imsus, mis hoiab teid m\u00e4ngimas<\/strong><\/h4>\n\n<p>Enam ei ole katkestusi m\u00e4ngu keskel! SD1 tagab oma <strong>100W Power Delivery (PD) laadimise<\/strong> abil, et sinu seade j\u00e4\u00e4b voolu k\u00e4tte ka maratoniliste m\u00e4ngusessioonide ajal. M\u00e4ngi kindlalt, teades, et sinu pihuarvuti on pidevalt laetud ja valmis m\u00e4ngima.  <\/p>\n\n<h4 class=\"wp-block-heading\"><strong>Laiendage oma seadistust mitme pordi abil<\/strong><\/h4>\n\n<p>\u00dchenda nagu profi! SD1 on varustatud <strong>kolme A-t\u00fc\u00fcpi 3.0 USB-porti<\/strong>, mis v\u00f5imaldavad sul \u00fchendada lisaseadmeid, n\u00e4iteks kontrollereid, k\u00f5rvaklappe v\u00f5i v\u00e4liseid m\u00e4luseadmeid. Naudi <strong>v\u00e4lkkiiret andmeedastust<\/strong> ja vaevata multitaskingut ilma lisaadapterite segadusteta.  <\/p>\n\n<h4 class=\"wp-block-heading\"><strong>J\u00e4rgmise taseme \u00fchenduvus<\/strong><\/h4>\n\n<p>SD1 <strong>USB Type-C-liidesega<\/strong>, mis on loodud universaalseks \u00fchilduvuseks ja t\u00f5hususeks, saad stabiilseid ja kiireid \u00fchendusi. SD1 pakub k\u00f5ik-\u00fches-lahendust uusimate pihuarvutite m\u00e4nguseadmete jaoks, olenemata sellest, kas edastate andmeid v\u00f5i toidate oma seadet. <\/p>\n\n<h4 class=\"wp-block-heading\"><strong>Premium disain, mis on ehitatud kestma<\/strong><\/h4>\n\n<p><strong>Vastupidavast hallist alumiiniumist<\/strong> valmistatud SD1 dokkimisjaam on nii stiilne kui ka vastupidav. Selle stiilne disain sobitub sujuvalt mis tahes seadistusega, samal ajal kui <strong>mustad silikoonist padjad<\/strong> pakuvad t\u00e4iendavat kaitset, v\u00e4ltides kriimustusi ja tagades, et seade p\u00fcsib kindlalt paigal. <\/p>\n\n<h4 class=\"wp-block-heading\"><strong>Mitmek\u00fclgne \u00fchilduvus<\/strong><\/h4>\n\n<p>SD1 dokkimisjaam on ehitatud nii, et see toetab paljusid pihuarvuteid, mist\u00f5ttu on see parim lisavarustus igale m\u00e4ngijale. \u00dcksk\u00f5ik, kas m\u00e4ngite <strong>Steam Deck<\/strong>, <strong>GPD WIN 4 2023<\/strong> v\u00f5i <strong>ONEXPLAYER 2<\/strong>, SD1 tagab sujuva integratsiooni ja t\u00e4iustatud j\u00f5udluse. Seda on rangelt testitud koos tippseadmetega, sealhulgas <strong>ROG Ally<\/strong>, <strong>AYA NEO 2S<\/strong> ja teistega.  <\/p>\n\n<hr class=\"wp-block-separator has-alpha-channel-opacity\"\/>\n\n<h3 class=\"wp-block-heading\"><strong>Miks valida SD1 dokkimisjaam?<\/strong><\/h3>\n\n<ul class=\"wp-block-list\">\n<li><strong>Katkematu internet<\/strong>: Nautige \u00fclikiireid ja stabiilseid \u00fchendusi.<\/li>\n\n\n\n<li><strong>Pimestav 4K-v\u00e4ljund<\/strong>: Sukelduge elavatesse, sujuvatesse visuaalidesse.<\/li>\n\n\n\n<li><strong>T\u00f5hus laadimine<\/strong>: M\u00e4ngige tundide kaupa usaldusv\u00e4\u00e4rse energiavarustuse abil.<\/li>\n\n\n\n<li><strong>T\u00e4iustatud sadamav\u00f5imalused<\/strong>: \u00dchendage h\u00f5lpsasti mitu v\u00e4lisseadet.<\/li>\n\n\n\n<li><strong>Universaalne \u00fchilduvus<\/strong>: T\u00f6\u00f6tab k\u00f5igi teie lemmikute pihuarvutitega.<\/li>\n<\/ul>\n\n<hr class=\"wp-block-separator has-alpha-channel-opacity\"\/>\n\n<h3 class=\"wp-block-heading\"><strong>Viige oma m\u00e4ngimine j\u00e4rgmisele tasemele<\/strong><\/h3>\n\n<p><strong>SD1 dokkimisjaamaga<\/strong> muutub iga m\u00e4ng unustamatuks elamuseks. Olenemata sellest, kas sa v\u00f5istled, uurid v\u00f5i striimid, see dokkimisjaam annab sulle vahendid, et anda endast parimad tulemused.   <strong>T\u00e4ienda oma seadistust juba t\u00e4na ja astu uue ajastu k\u00e4eshoitavate m\u00e4ngude ajastusse.<\/strong><\/p>\n","protected":false},"excerpt":{"rendered":"<ul>\n<li><strong>SD1 <\/strong>dokkimisjaam<\/li>\n<li>Gigabit Ethernet<\/li>\n<li>100W PD USB-C<\/li>\n<li>HDMI v\u00e4ljund<\/li>\n<li><strong>\u00dchildub<\/strong> AYANEO pihuarvutite ja paljude teistega<\/li>\n<\/ul>\n[cg_accordion title=\"MAKSUINFO\"]<\/p>\n<p>Me kasutame uusimat makset\u00f6\u00f6tlustehnoloogiat, mis v\u00f5imaldab teil kiiret ja turvalist maksmist Apple Pay, Google Pay, deebet-\/krediitkaardi, PayPali v\u00f5i BNPL-meetodite, nagu Klarna, Affirm v\u00f5i AfterPay kaudu.[\/cg_accordion]\n[cg_accordion title=\"GARANTSIOON\"]<\/p>\n<p>1 aasta garantii <a href=\"https:\/\/droix.net\/\" target=\"_blank\" rel=\"nofollow noopener\">DROIX Global<\/a> ilt teie meelerahu tagamiseks[\/cg_accordion]\n[cg_accordion title=\"HINNAKUJUNDUS, MAKSUD JA KOHALETOIMETAMINE\"]<\/p>\n<p><strong><u>M\u00e4rkus:<\/u><\/strong><\/p>\n<ul>\n<li>Ameerika \u00dchendriikide kliendid: N\u00e4idatud hind ei sisalda makse ega tollimaksu. Vastutus tollivormistuse ja sellega seotud maksude\/tollimaksude tasumise eest lasub kliendil. <\/li>\n<li>ELi kliendid: N\u00e4idatud hind sisaldab kohaldatavat MAKSU, mis v\u00f5ib s\u00f5ltuvalt teie riigist olla kuni 25%.<\/li>\n<li>Kanada kliendid: N\u00e4idatud hind sisaldab kohaldatavaid makse, mis v\u00f5ivad sisaldada 5% GST ja t\u00e4iendavaid provintsi m\u00fc\u00fcgimakse (PST), \u00fchtlustatud m\u00fc\u00fcgimaksu (HST) v\u00f5i Quebeci m\u00fc\u00fcgimaksu (QST), s\u00f5ltuvalt teie provintsist.<\/li>\n<\/ul>\n<p><strong>AINULT ELi klientidele:<\/strong> Express DDP (Delivered Duty Paid). See t\u00e4hendab: <\/p>\n<ul>\n<li>K\u00f5ik tollimaksud ja maksud sisalduvad toote lehel n\u00e4idatud hinnas.<\/li>\n<li>Te ei pea tarnimisel lisatasusid maksma.<\/li>\n<li>Harva esinevate tolliprobleemide korral tegeleb meie meeskond teie nimel tollivormistusega, et tagada sujuv tarne.<\/li>\n<p>Oluline teave tagastuste kohta:<\/p>\n<li>Kui otsustate oma tellimuse tagastada v\u00f5i taotleda raha tagasi, siis pidage meeles, et teie eest DDP tingimuste alusel makstud makse ja tollimakse ei saa tagasi maksta.<\/li>\n<p>\u00dcksikasjalikku teavet leiate meie <a href=\"https:\/\/ayaneo.co\/terms-of-service-2\/\" target=\"_blank\" rel=\"nofollow noopener\">Tingimustest<\/a>.\n<\/ul>\n<p>[\/cg_accordion]\n[cg_accordion title=\"KLIENDITUGI\"]<\/p>\n<p>Kas teil on k\u00fcsimus? Oleme l\u00fchikese teksti kaugusel sellest, et teie k\u00fcsimus oleks lahendatud!<br \/>\n[\/cg_accordion]\n","protected":false},"featured_media":8320,"template":"","meta":{"_acf_changed":false},"product_brand":[],"product_cat":[557],"product_tag":[],"class_list":{"0":"post-11505","1":"product","2":"type-product","3":"status-publish","4":"has-post-thumbnail","6":"product_cat-tarvikud","7":"product_shipping_class-low-end","8":"pa_accessory-type-docking-station-et","9":"pa_brand-droix","11":"first","12":"outofstock","13":"sale","14":"taxable","15":"shipping-taxable","16":"purchasable","17":"product-type-simple"},"acf":[],"_links":{"self":[{"href":"https:\/\/ayaneo.co\/et\/wp-json\/wp\/v2\/product\/11505","targetHints":{"allow":["GET"]}}],"collection":[{"href":"https:\/\/ayaneo.co\/et\/wp-json\/wp\/v2\/product"}],"about":[{"href":"https:\/\/ayaneo.co\/et\/wp-json\/wp\/v2\/types\/product"}],"wp:featuredmedia":[{"embeddable":true,"href":"https:\/\/ayaneo.co\/et\/wp-json\/wp\/v2\/media\/8320"}],"wp:attachment":[{"href":"https:\/\/ayaneo.co\/et\/wp-json\/wp\/v2\/media?parent=11505"}],"wp:term":[{"taxonomy":"product_brand","embeddable":true,"href":"https:\/\/ayaneo.co\/et\/wp-json\/wp\/v2\/product_brand?post=11505"},{"taxonomy":"product_cat","embeddable":true,"href":"https:\/\/ayaneo.co\/et\/wp-json\/wp\/v2\/product_cat?post=11505"},{"taxonomy":"product_tag","embeddable":true,"href":"https:\/\/ayaneo.co\/et\/wp-json\/wp\/v2\/product_tag?post=11505"}],"curies":[{"name":"wp","href":"https:\/\/api.w.org\/{rel}","templated":true}]}}