{"id":11543,"date":"2025-01-29T11:19:41","date_gmt":"2025-01-29T11:19:41","guid":{"rendered":"https:\/\/ayaneo.co\/product\/droix-nh8-usb-hub-koos-nvme-ga\/"},"modified":"2025-06-16T15:10:25","modified_gmt":"2025-06-16T15:10:25","slug":"droix-nh8-usb-hub-koos-nvme-ga","status":"publish","type":"product","link":"https:\/\/ayaneo.co\/et\/product\/droix-nh8-usb-hub-koos-nvme-ga\/","title":{"rendered":"DroiX NH8 USB Hub koos NVMe-ga"},"content":{"rendered":"\n<h2 class=\"wp-block-heading\"><strong>DroiX NH8 Hub koos NVMe pesaga - \u00dclimalt k\u00f5ik-\u00fches \u00fchenduskeskus!<\/strong><\/h2>\n\n<h4 class=\"wp-block-heading\"><strong>Kiire Gigabit Ethernet<\/strong><\/h4>\n\n<p>Nautige sujuvat ja kiiret \u00fchenduvust <strong>DroiX NH8 Hubiga<\/strong>! Selle <strong>10\/100\/1000M Gigabit Ethernet-port<\/strong> tagab <strong>stabiilse, viivituseta interneti\u00fchenduse - ideaalne<\/strong>m\u00e4ngude, voogedastuse ja suure ribalaiusega \u00fclesannete jaoks. H\u00fcvasti Wi-Fi katkestustega ja kogege <strong>j\u00e4rjepidevat, juhtmega kiiret j\u00f5udlust<\/strong>. <\/p>\n\n<h4 class=\"wp-block-heading\"><strong>Pimestav 4K-video v\u00e4ljund<\/strong><\/h4>\n\n<p>Parandage oma visuaalset kogemust <strong>HDMI 2.0 toega<\/strong>, mis pakub kuni <strong>4096&#215;2160 resolutsiooni 60 Hz juures<\/strong>. Kas <strong>vaatate filme, esitate t\u00f6\u00f6d v\u00f5i m\u00e4ngite k\u00f5rglahutusega<\/strong>, nautige \u00fclit\u00e4ratavat visuaalset kujutist, elavaid v\u00e4rve ja <strong>\u00f5rnalt sujuvat liikumist<\/strong>. <\/p>\n\n<h4 class=\"wp-block-heading\"><strong>Laiendage oma ladustamist h\u00f5lpsasti<\/strong><\/h4>\n\n<p>Ruum on otsas? <strong>DroiX NH8 Hubil<\/strong> on <strong>integreeritud PCIe NVMe pesa<\/strong>, mis pakub v\u00e4lkkiiret salvestusruumi laiendamist. See funktsioon on ideaalne <strong>kiire andmeedastuse, suurte failide ja suure j\u00f5udlusega rakenduste<\/strong> jaoks ning hoiab teie s\u00fcsteemi t\u00f5husalt t\u00f6\u00f6s.  <\/p>\n\n<h4 class=\"wp-block-heading\"><strong>\u00dclelaaditud andmeedastused<\/strong><\/h4>\n\n<p><strong>USB Type-A 3.0 pordi<\/strong> abil saad suuri faile kiiresti edastada. Kas te varundate andmeid, s\u00fcnkroonite seadmeid v\u00f5i <strong>toidate v\u00e4lisseadmeid<\/strong>, kogege <strong>kiiret andmeedastuskiirust<\/strong>, mis \u00fchtlustab teie t\u00f6\u00f6vooge. <\/p>\n\n<h4 class=\"wp-block-heading\"><strong>Universaalne USB Type-C \u00fchilduvus<\/strong><\/h4>\n\n<p><strong>NH8 Hub<\/strong> on varustatud <strong>mitmek\u00fclgse USB Type-C \u00fchendusega<\/strong>, mis tagab <strong>seadmete laialdase \u00fchilduvuse<\/strong>. Nautige <strong>kiiret andmeedastust, t\u00f5husat toiteallika edastamist ja probleemideta \u00fchenduvust<\/strong> <strong>s\u00fclearvutite, miniarvutite, m\u00e4nguseadmete ja muude seadmete vahel - ja seda k\u00f5ike<\/strong>\u00fche kaabliga. <\/p>\n\n<h4 class=\"wp-block-heading\"><strong>Mugav juurdep\u00e4\u00e4s meediale<\/strong><\/h4>\n\n<p><strong>Sisseehitatud SD- ja Micro SD-kaardilugeja<\/strong> v\u00f5imaldab <strong>DroiX NH8 Hub<\/strong> il h\u00f5lpsasti <strong>failidele ligi p\u00e4\u00e4seda, neid edastada ja varundada<\/strong>. Olgu tegemist fotode, videote v\u00f5i oluliste dokumentidega, saate kiire juurdep\u00e4\u00e4su oma meediale ilma lisaadapteriteta. <\/p>\n\n<h4 class=\"wp-block-heading\"><strong>V\u00f5rratu mitmek\u00fclgsus ja j\u00f5udlus<\/strong><\/h4>\n\n<p><strong>DroiX NH8 Hub<\/strong> on m\u00f5eldud <strong>arvutite, s\u00fclearvutite, miniarvutite ja m\u00e4ngukonsoolide<\/strong> jaoks ning see on rohkem kui lihtsalt lisavarustus - see on <strong>oluline \u00fchenduslahendus<\/strong>. <strong>Kompaktne, v\u00f5imas ja usaldusv\u00e4\u00e4rne<\/strong>, see on <strong>parim vahend<\/strong> t\u00f6\u00f6ks, meelelahutuseks ja k\u00f5igeks vahepealseks.<\/p>\n\n<h3 class=\"wp-block-heading\"><strong>Uuenda oma \u00fchenduvust DroiX NH8 Hubiga!<\/strong><\/h3>\n\n<p>Kogege <strong>j\u00e4rgmise taseme j\u00f5udlust ja kasutusmugavust<\/strong> <strong>kiiruse, t\u00f5hususe ja mitmek\u00fclgsuse<\/strong> jaoks loodud keskuse abil. <strong>Lihtsustage oma seadistust ja t\u00e4iustage oma t\u00f6\u00f6voogu juba t\u00e4na!<\/strong><\/p>\n\n<p>Samm-sammult seadistamise kohta vaadake meie <strong>DroiX NH8 USB-keskuse kasutamise juhendit<\/strong>.<\/p>\n\n<p><\/p>\n","protected":false},"excerpt":{"rendered":"<ul>\n<li>DroiX<strong> NH8 <\/strong>USB Hub koos NVMe-ga<\/li>\n<li><strong>10\/100\/1000M<\/strong> Gigabit Ethernet<\/li>\n<li><strong>Sisseehitatud PCIe NVMe pesa<\/strong> salvestusruumi laiendamiseks<\/li>\n<li><strong>4K ekraani v\u00e4ljund<\/strong> HDMI kaudu<\/li>\n<li><strong>MicroSD \/ SD-kaardi pesa<\/strong> - kuni 5 Gbit\/s<\/li>\n<\/ul>\n[cg_accordion title=\"MAKSUINFO\"]<\/p>\n<p>Me kasutame uusimat makset\u00f6\u00f6tlustehnoloogiat, mis v\u00f5imaldab teil kiiret ja turvalist maksmist Apple Pay, Google Pay, deebet-\/krediitkaardi, PayPali v\u00f5i BNPL-meetodite, nagu Klarna, Affirm v\u00f5i AfterPay kaudu.[\/cg_accordion]\n[cg_accordion title=\"GARANTSIOON\"]<\/p>\n<p>1 aasta garantii <a href=\"https:\/\/droix.net\/\" target=\"_blank\" rel=\"nofollow noopener\">DROIX Global<\/a> ilt teie meelerahu tagamiseks[\/cg_accordion]\n[cg_accordion title=\"HINNAKUJUNDUS, MAKSUD JA KOHALETOIMETAMINE\"]<\/p>\n<p><strong><u>M\u00e4rkus:<\/u><\/strong><\/p>\n<ul>\n<li>Ameerika \u00dchendriikide kliendid: N\u00e4idatud hind ei sisalda makse ega tollimaksu. Vastutus tollivormistuse ja sellega seotud maksude\/tollimaksude tasumise eest lasub kliendil. <\/li>\n<li>ELi kliendid: N\u00e4idatud hind sisaldab kohaldatavat MAKSU, mis v\u00f5ib s\u00f5ltuvalt teie riigist olla kuni 25%.<\/li>\n<li>Kanada kliendid: N\u00e4idatud hind sisaldab kohaldatavaid makse, mis v\u00f5ivad sisaldada 5% GST ja t\u00e4iendavaid provintsi m\u00fc\u00fcgimakse (PST), \u00fchtlustatud m\u00fc\u00fcgimaksu (HST) v\u00f5i Quebeci m\u00fc\u00fcgimaksu (QST), s\u00f5ltuvalt teie provintsist.<\/li>\n<\/ul>\n<p><strong>AINULT ELi klientidele:<\/strong> Express DDP (Delivered Duty Paid). See t\u00e4hendab: <\/p>\n<ul>\n<li>K\u00f5ik tollimaksud ja maksud sisalduvad toote lehel n\u00e4idatud hinnas.<\/li>\n<li>Te ei pea tarnimisel lisatasusid maksma.<\/li>\n<li>Harva esinevate tolliprobleemide korral tegeleb meie meeskond teie nimel tollivormistusega, et tagada sujuv tarne.<\/li>\n<p>Oluline teave tagastuste kohta:<\/p>\n<li>Kui otsustate oma tellimuse tagastada v\u00f5i taotleda raha tagasi, siis pidage meeles, et teie eest DDP tingimuste alusel makstud makse ja tollimakse ei saa tagasi maksta.<\/li>\n<p>\u00dcksikasjalikku teavet leiate meie <a href=\"https:\/\/ayaneo.co\/et\/teenuse-tingimused\/\" target=\"_blank\" rel=\"nofollow noopener\">Tingimustest<\/a>.\n<\/ul>\n<p>[\/cg_accordion]\n[cg_accordion title=\"KLIENDITUGI\"]<\/p>\n<p>Kas teil on k\u00fcsimus? Oleme l\u00fchikese teksti kaugusel sellest, et teie k\u00fcsimus oleks lahendatud!<br \/>\n[\/cg_accordion]\n","protected":false},"featured_media":8248,"template":"","meta":{"_acf_changed":false},"product_brand":[],"product_cat":[557],"product_tag":[],"class_list":{"0":"post-11543","1":"product","2":"type-product","3":"status-publish","4":"has-post-thumbnail","6":"product_cat-tarvikud","7":"product_shipping_class-low-end","8":"pa_brand-droix","10":"first","11":"outofstock","12":"sale","13":"taxable","14":"shipping-taxable","15":"purchasable","16":"product-type-variable","17":"has-default-attributes"},"acf":[],"_links":{"self":[{"href":"https:\/\/ayaneo.co\/et\/wp-json\/wp\/v2\/product\/11543","targetHints":{"allow":["GET"]}}],"collection":[{"href":"https:\/\/ayaneo.co\/et\/wp-json\/wp\/v2\/product"}],"about":[{"href":"https:\/\/ayaneo.co\/et\/wp-json\/wp\/v2\/types\/product"}],"wp:featuredmedia":[{"embeddable":true,"href":"https:\/\/ayaneo.co\/et\/wp-json\/wp\/v2\/media\/8248"}],"wp:attachment":[{"href":"https:\/\/ayaneo.co\/et\/wp-json\/wp\/v2\/media?parent=11543"}],"wp:term":[{"taxonomy":"product_brand","embeddable":true,"href":"https:\/\/ayaneo.co\/et\/wp-json\/wp\/v2\/product_brand?post=11543"},{"taxonomy":"product_cat","embeddable":true,"href":"https:\/\/ayaneo.co\/et\/wp-json\/wp\/v2\/product_cat?post=11543"},{"taxonomy":"product_tag","embeddable":true,"href":"https:\/\/ayaneo.co\/et\/wp-json\/wp\/v2\/product_tag?post=11543"}],"curies":[{"name":"wp","href":"https:\/\/api.w.org\/{rel}","templated":true}]}}