{"id":11552,"date":"2025-02-27T10:35:12","date_gmt":"2025-02-27T10:35:12","guid":{"rendered":"https:\/\/ayaneo.co\/product\/ayaneo-maagilised-moodulid\/"},"modified":"2025-12-11T00:10:39","modified_gmt":"2025-12-11T00:10:39","slug":"ayaneo-maagilised-moodulid","status":"publish","type":"product","link":"https:\/\/ayaneo.co\/et\/product\/ayaneo-maagilised-moodulid\/","title":{"rendered":"AYANEO Maagilised moodulid"},"content":{"rendered":"\n<h2 class=\"wp-block-heading\">AYANEO Magic Modules - modulaarsete pihuarvutite tulevik<\/h2>\n\n<p><strong>AYANEO Magic Modules<\/strong> m\u00e4\u00e4ratleb uuesti pihuarvuti m\u00e4ngimise, tutvustades <strong>t\u00f5eliselt modulaarse \u00f6kos\u00fcsteemi<\/strong>, mis v\u00f5imaldab kasutajatel <strong>oma AYANEO 3 kogemust t\u00e4iendada ja kohandada<\/strong> vahetatavate, magnetiliselt kinnitatavate lisaseadmetega. Need paindlikkuse jaoks loodud moodulid <strong>laiendavad funktsionaalsust, ilma et see ohustaks kaasaskantavust<\/strong>, muutes nii tehnikahuvilistele kui ka m\u00e4ngijatele m\u00e4ngu muutuse. <\/p>\n\n<h2 class=\"wp-block-heading\"><strong>\u00d5mblusteta magnetiline modulaarsus<\/strong><\/h2>\n\n<p>T\u00e4nu <strong>AYANEOuuenduslikule magnetilisele liidesele<\/strong> on moodulite vahetamine lihtne, pakkudes teie vajadustele kohandatud <strong>plug-and-play-kogemust<\/strong>. Esimese p\u00f5lvkonna Magic-moodulid pakuvad mitmesuguseid funktsioone, alates <strong>t\u00e4iustatud sisendiv\u00f5imalustest<\/strong> kuni <strong>laiendatud \u00fchenduvuseni<\/strong>. <\/p>\n\n<h2 class=\"wp-block-heading\"><strong>Ehitatud tuleviku jaoks<\/strong><\/h2>\n\n<p>AYANEO on <strong>esimese t\u00f5eliselt modulaarse m\u00e4ngukonsooli<\/strong> teerajaja, tagades <strong>pikaajalise mitmek\u00fclgsuse<\/strong> areneva \u00f6kos\u00fcsteemi Magic Modules abil. Olenemata sellest, kas oled <strong>hardcore-m\u00e4ngija<\/strong>, <strong>loominguline professionaal<\/strong> v\u00f5i <strong>tehnoloogiahuviline<\/strong>, v\u00f5imaldavad need lisaseadmed <strong>kohandada oma seadet erinevate stsenaariumide jaoks, ilma et see kahjustaks j\u00f5udlust<\/strong>. <\/p>\n\n<h3 class=\"wp-block-heading\"><strong>V\u00f5ta oma k\u00e4sim\u00e4ngukogemust kontrolli alla AYANEO Magic Modules!<\/strong><\/h3>\n\n<p><\/p>\n","protected":false},"excerpt":{"rendered":"<ul>\n<li><strong>Modulaarne disain<\/strong> - vahetage tarvikuid vaevata.<\/li>\n<li><strong>Magnetiline kinnitus<\/strong> - lihtne pistik ja m\u00e4ngimine.<\/li>\n<li><strong>T\u00e4iustatud funktsioonid<\/strong> - sisendite ja \u00fchenduvuse uuendamine.<\/li>\n<li><strong>Tulevikukindel<\/strong> - laiendatav uute moodulitega.<\/li>\n<li><strong>Kaasaskantav ja mitmek\u00fclgne<\/strong> - Kohandamine ilma suuremate kogusteta.<\/li>\n<\/ul>\n[cg_accordion title=\"MAKSUINFO\"]<\/p>\n<p>Me kasutame uusimat makset\u00f6\u00f6tlustehnoloogiat, mis v\u00f5imaldab teil kiiret ja turvalist maksmist Apple Pay, Google Pay, deebet-\/krediitkaardi, PayPali v\u00f5i BNPL-meetodite, nagu Klarna, Affirm v\u00f5i AfterPay kaudu.[\/cg_accordion]\n[cg_accordion title=\"GARANTSIOON\"]<\/p>\n<p>1 aasta garantii <a href=\"https:\/\/droix.net\/\" target=\"_blank\" rel=\"nofollow noopener\">DROIX Globalilt teie meelerahu tagamiseks<\/a> [\/cg_accordion]\n[cg_accordion title=\"KVALITEEDI TAGAMINE JA L\u00c4HETAMISEELNE TESTIMINE\"]<\/p>\n<p>Klientide rahulolu tagamine k\u00f5rgeimal tasemel: Iga seade l\u00e4bib enne saatmist ranged testid ja mitmepunktilise kvaliteedikontrolli. Meie p\u00fchendunud meeskond kontrollib j\u00f5udlust, funktsionaalsust ja komponentide terviklikkust, et tagada, et teie AYANEO seade on saabumisel t\u00e4iuslikus t\u00f6\u00f6korras, tagades teile kindlustunde ja meelerahu. [\/cg_accordion]\n[cg_accordion title=\"HINNAKUJUNDUS, MAKSUD JA KOHALETOIMETAMINE\"]<\/p>\n<p><strong><u>M\u00e4rkus:<\/u><\/strong><\/p>\n<ul>\n<li>Ameerika \u00dchendriikide kliendid: N\u00e4idatud hind ei sisalda makse ega tollimaksu. Vastutus tollivormistuse ja sellega seotud maksude\/tollimaksude tasumise eest lasub kliendil. <\/li>\n<li>ELi kliendid: N\u00e4idatud hind sisaldab kohaldatavat maksu, mis v\u00f5ib s\u00f5ltuvalt teie riigist olla kuni 25%.<\/li>\n<li>Kanada kliendid: N\u00e4idatud hind sisaldab kohaldatavaid makse, mis v\u00f5ivad sisaldada 5% GST ja t\u00e4iendavaid provintsi m\u00fc\u00fcgimakse (PST), \u00fchtlustatud m\u00fc\u00fcgimaksu (HST) v\u00f5i Quebeci m\u00fc\u00fcgimaksu (QST), s\u00f5ltuvalt teie provintsist.<\/li>\n<\/ul>\n<p><strong>AINULT ELi klientidele:<\/strong> Express DDP (Delivered Duty Paid). See t\u00e4hendab: <\/p>\n<ul>\n<li>K\u00f5ik tollimaksud ja maksud sisalduvad toote lehel n\u00e4idatud hinnas.<\/li>\n<li>Te ei pea tarnimisel lisatasusid maksma.<\/li>\n<li>Harva esinevate tolliprobleemide korral tegeleb meie meeskond teie nimel tollivormistusega, et tagada sujuv tarne.<\/li>\n<p>Oluline teave tagastuste kohta:<\/p>\n<li>Kui te otsustate oma tellimuse tagastada v\u00f5i taotleda raha tagasi, siis pidage meeles, et teie eest DDP tingimuste alusel makstud makse ja tollimakse ei saa tagasi maksta.<\/li>\n<p>\u00dcksikasjalik teave <a href=\"https:\/\/ayaneo.co\/et\/teenuse-tingimused\/\" target=\"_blank\" rel=\"nofollow noopener\">on esitatud meie Tingimustes<\/a>.\n<\/ul>\n<p>[\/cg_accordion]\n[cg_accordion title=\"KLIENDITUGI\"]<\/p>\n<p>Kas teil on k\u00fcsimus? Oleme l\u00fchikese teksti kaugusel sellest, et teie k\u00fcsimus oleks lahendatud! [\/cg_accordion]\n[cg_accordion title=\"PAKETT SISALDAB\"]\n","protected":false},"featured_media":10192,"template":"","meta":{"_acf_changed":false},"product_brand":[],"product_cat":[557],"product_tag":[],"class_list":{"0":"post-11552","1":"product","2":"type-product","3":"status-publish","4":"has-post-thumbnail","6":"product_cat-tarvikud","7":"product_shipping_class-low-end","8":"pa_brand-ayaneo","9":"pa_compatible-with-ayaneo-3-et","11":"first","12":"instock","13":"sale","14":"taxable","15":"shipping-taxable","16":"purchasable","17":"product-type-variable","18":"has-default-attributes"},"acf":[],"_links":{"self":[{"href":"https:\/\/ayaneo.co\/et\/wp-json\/wp\/v2\/product\/11552","targetHints":{"allow":["GET"]}}],"collection":[{"href":"https:\/\/ayaneo.co\/et\/wp-json\/wp\/v2\/product"}],"about":[{"href":"https:\/\/ayaneo.co\/et\/wp-json\/wp\/v2\/types\/product"}],"wp:featuredmedia":[{"embeddable":true,"href":"https:\/\/ayaneo.co\/et\/wp-json\/wp\/v2\/media\/10192"}],"wp:attachment":[{"href":"https:\/\/ayaneo.co\/et\/wp-json\/wp\/v2\/media?parent=11552"}],"wp:term":[{"taxonomy":"product_brand","embeddable":true,"href":"https:\/\/ayaneo.co\/et\/wp-json\/wp\/v2\/product_brand?post=11552"},{"taxonomy":"product_cat","embeddable":true,"href":"https:\/\/ayaneo.co\/et\/wp-json\/wp\/v2\/product_cat?post=11552"},{"taxonomy":"product_tag","embeddable":true,"href":"https:\/\/ayaneo.co\/et\/wp-json\/wp\/v2\/product_tag?post=11552"}],"curies":[{"name":"wp","href":"https:\/\/api.w.org\/{rel}","templated":true}]}}