{"id":11646,"date":"2025-01-23T09:43:09","date_gmt":"2025-01-23T09:43:09","guid":{"rendered":"https:\/\/ayaneo.co\/product\/ayaneo-pocket-dmg-umbris\/"},"modified":"2025-12-04T11:29:28","modified_gmt":"2025-12-04T11:29:28","slug":"ayaneo-pocket-dmg-umbris","status":"publish","type":"product","link":"https:\/\/ayaneo.co\/et\/product\/ayaneo-pocket-dmg-umbris\/","title":{"rendered":"AYANEO Pocket nahast DMG kohver"},"content":{"rendered":"\n<h2 class=\"wp-block-heading\" id=\"h-product-overview\">Toote \u00fclevaade:<\/h2>\n\n<p><strong>AYANEO Pocket DMG Case on<\/strong> stiili ja funktsionaalsuse \u00fclim segu, mis on loodud ainult AYANEO Pocket DMG konsoolile. See esmaklassilise nahast v\u00e4liskattega \u00fcmbris on austusavaldus retro-m\u00e4ngude esteetikale, pakkudes samal ajal kaasaegset kaitset teie pihuarvutile. <\/p>\n\n<hr class=\"wp-block-separator has-alpha-channel-opacity\"\/>\n\n<h2 class=\"wp-block-heading\" id=\"h-key-features\">Peamised omadused:<\/h2>\n\n<p><strong>Retro inspireeritud disain<\/strong><br\/>Korpuse disain on inspireeritud klassikalistest m\u00e4ngudest, mist\u00f5ttu on see kohustuslik tarvik m\u00e4ngijatele, kes armastavad nostalgilist puudutust.<\/p>\n\n<p> <strong>Premium Leather Build<\/strong><br\/>Kvaliteetsest nahast valmistatud \u00fcmbris pakub elegantset ja vastupidavat lahendust, mis kaitseb teie seadet kriimustuste, tolmu ja v\u00e4iksemate l\u00f6\u00f6kide eest.<\/p>\n\n<p><strong>Kompaktne ja kaasaskantav<\/strong><br\/>AYANEO Pocket DMG ideaalse suurusega, \u00f5huke profiil tagab h\u00f5lpsa kaasaskantavuse, ilma et kaitse v\u00e4heneks.<\/p>\n\n<p><strong>Magnetkinnitus<\/strong><br\/>Kinnitage oma seade sisseehitatud magnetkinnitusega, mis tagab, et teie konsool j\u00e4\u00e4b reisi v\u00f5i hoiustamise ajal turvaliselt.<\/p>\n\n<p> <strong>Elegantsed v\u00e4rvivalikud<\/strong><br\/>Saadaval on mitu retroh\u00f5ngulist tooni, mis sobivad teie m\u00e4ngustiiliga.<\/p>\n\n<hr class=\"wp-block-separator has-alpha-channel-opacity\"\/>\n\n<h2 class=\"wp-block-heading\" id=\"h-why-choose-the-ayaneo-dmg-case\">Miks vali AYANEO Pocket DMG Case?<\/h2>\n\n<p>Olenemata sellest, kas oled retro-m\u00e4ngude entusiast v\u00f5i otsid lihtsalt stiilset viisi oma konsooli kaitsmiseks, pakub AYANEO DMG Case v\u00f5rratut kvaliteeti ja ajatut disaini. Selle t\u00e4pne sobivus ja esmaklassilised materjalid tagavad, et teie seade on alati kaitstud ja valmis m\u00e4ngimiseks igal pool ja igal ajal.   <\/p>\n\n<hr class=\"wp-block-separator has-alpha-channel-opacity\"\/>\n\n<h3 class=\"wp-block-heading\" id=\"h-specifications\">Spetsifikatsioonid:<\/h3>\n\n<ul class=\"wp-block-list\">\n<li><strong>Materjal:<\/strong> Materjal: Premium nahk<\/li>\n\n\n\n<li><strong>\u00dchilduvus:<\/strong> AYANEO Pocket DMG konsool: AYANEO Pocket DMG Console<\/li>\n\n\n\n<li><strong>Sulgemise t\u00fc\u00fcp:<\/strong>.<\/li>\n\n\n\n<li><strong>M\u00f5\u00f5tmed:<\/strong> Kohandatud seadme jaoks<\/li>\n<\/ul>\n\n<p>T\u00e4ienda oma m\u00e4ngukogemust juba t\u00e4na AYANEO Pocket DMG Case&#8217;iga - kus retroh\u00f5nguline ja kaasaegne kaitse kohtuvad!<\/p>\n\n<p><\/p>\n","protected":false},"excerpt":{"rendered":"<ul>\n<li><strong>Ametlik AYANEO<\/strong> Pocket DMG nahk\u00fcmbris<\/li>\n<li>Retroh\u00f5nguline disain <strong>nostalgilistele m\u00e4ngijatele<\/strong>.<\/li>\n<li>Esmaklassiline nahk, mis tagab <strong>vastupidava kaitse<\/strong>.<\/li>\n<li>Magnetiline sulgemine tagab <strong>turvalise ja lihtsa juurdep\u00e4\u00e4su<\/strong>.<\/li>\n<li>Kompaktne ja kerge, et oleks <strong>mugav kaasas k\u00e4ia<\/strong>.<\/li>\n<\/ul>\n[cg_accordion title=\"MAKSUINFO\"]<\/p>\n<p>Me kasutame uusimat makset\u00f6\u00f6tlustehnoloogiat, mis v\u00f5imaldab teil kiiret ja turvalist maksmist Apple Pay, Google Pay, deebet-\/krediitkaardi, PayPali v\u00f5i BNPL-meetodite, nagu Klarna, Affirm v\u00f5i AfterPay kaudu.[\/cg_accordion]\n[cg_accordion title=\"GARANTSIOON\"]<\/p>\n<p>1 aasta garantii <a href=\"https:\/\/droix.net\/\" target=\"_blank\" rel=\"nofollow noopener\">DROIX Globalilt teie meelerahu tagamiseks<\/a> [\/cg_accordion]\n[cg_accordion title=\"KVALITEEDI TAGAMINE JA L\u00c4HETAMISEELNE TESTIMINE\"]<\/p>\n<p>Klientide rahulolu tagamine k\u00f5rgeimal tasemel: Iga seade l\u00e4bib enne saatmist ranged testid ja mitmepunktilise kvaliteedikontrolli. Meie p\u00fchendunud meeskond kontrollib j\u00f5udlust, funktsionaalsust ja komponentide terviklikkust, et tagada, et teie AYANEO seade on saabumisel t\u00e4iuslikus t\u00f6\u00f6korras, tagades teile kindlustunde ja meelerahu. [\/cg_accordion]\n[cg_accordion title=\"HINNAKUJUNDUS, MAKSUD JA KOHALETOIMETAMINE\"]<\/p>\n<p><strong><u>M\u00e4rkus:<\/u><\/strong><\/p>\n<ul>\n<li>Ameerika \u00dchendriikide kliendid: N\u00e4idatud hind ei sisalda makse ega tollimaksu. Vastutus tollivormistuse ja sellega seotud maksude\/tollimaksude tasumise eest lasub kliendil. <\/li>\n<li>ELi kliendid: N\u00e4idatud hind sisaldab kohaldatavat maksu, mis v\u00f5ib s\u00f5ltuvalt teie riigist olla kuni 25%.<\/li>\n<li>Kanada kliendid: N\u00e4idatud hind sisaldab kohaldatavaid makse, mis v\u00f5ivad sisaldada 5% GST ja t\u00e4iendavaid provintsi m\u00fc\u00fcgimakse (PST), \u00fchtlustatud m\u00fc\u00fcgimaksu (HST) v\u00f5i Quebeci m\u00fc\u00fcgimaksu (QST), s\u00f5ltuvalt teie provintsist.<\/li>\n<\/ul>\n<p><strong>AINULT ELi klientidele:<\/strong> Express DDP (Delivered Duty Paid). See t\u00e4hendab: <\/p>\n<ul>\n<li>K\u00f5ik tollimaksud ja maksud sisalduvad toote lehel n\u00e4idatud hinnas.<\/li>\n<li>Te ei pea tarnimisel lisatasusid maksma.<\/li>\n<li>Harva esinevate tolliprobleemide korral tegeleb meie meeskond teie nimel tollivormistusega, et tagada sujuv tarne.<\/li>\n<p>Oluline teave tagastuste kohta:<\/p>\n<li>Kui te otsustate oma tellimuse tagastada v\u00f5i taotleda raha tagasi, siis pidage meeles, et teie eest DDP tingimuste alusel makstud makse ja tollimakse ei saa tagasi maksta.<\/li>\n<p>\u00dcksikasjalik teave <a href=\"https:\/\/ayaneo.co\/et\/teenuse-tingimused\/\" target=\"_blank\" rel=\"nofollow noopener\">on esitatud meie Tingimustes<\/a>.\n<\/ul>\n<p>[\/cg_accordion]\n[cg_accordion title=\"KLIENDITUGI\"]<\/p>\n<p>Kas teil on k\u00fcsimus? Oleme l\u00fchikese teksti kaugusel sellest, et teie k\u00fcsimus oleks lahendatud! [\/cg_accordion]\n[cg_accordion title=\"PAKETT SISALDAB\"]<\/p>\n<ul>\n<li>1x AYANEO Pocket DMG \u00fcmbris<\/li>\n<\/ul>\n<p>[\/cg_accordion]\n","protected":false},"featured_media":8175,"template":"","meta":{"_acf_changed":false},"product_brand":[],"product_cat":[557],"product_tag":[],"class_list":{"0":"post-11646","1":"product","2":"type-product","3":"status-publish","4":"has-post-thumbnail","6":"product_cat-tarvikud","7":"product_shipping_class-low-end","8":"pa_accessory-type-protective-case-et","9":"pa_brand-ayaneo","11":"first","12":"instock","13":"sale","14":"taxable","15":"shipping-taxable","16":"purchasable","17":"product-type-variable","18":"has-default-attributes"},"acf":[],"_links":{"self":[{"href":"https:\/\/ayaneo.co\/et\/wp-json\/wp\/v2\/product\/11646","targetHints":{"allow":["GET"]}}],"collection":[{"href":"https:\/\/ayaneo.co\/et\/wp-json\/wp\/v2\/product"}],"about":[{"href":"https:\/\/ayaneo.co\/et\/wp-json\/wp\/v2\/types\/product"}],"wp:featuredmedia":[{"embeddable":true,"href":"https:\/\/ayaneo.co\/et\/wp-json\/wp\/v2\/media\/8175"}],"wp:attachment":[{"href":"https:\/\/ayaneo.co\/et\/wp-json\/wp\/v2\/media?parent=11646"}],"wp:term":[{"taxonomy":"product_brand","embeddable":true,"href":"https:\/\/ayaneo.co\/et\/wp-json\/wp\/v2\/product_brand?post=11646"},{"taxonomy":"product_cat","embeddable":true,"href":"https:\/\/ayaneo.co\/et\/wp-json\/wp\/v2\/product_cat?post=11646"},{"taxonomy":"product_tag","embeddable":true,"href":"https:\/\/ayaneo.co\/et\/wp-json\/wp\/v2\/product_tag?post=11646"}],"curies":[{"name":"wp","href":"https:\/\/api.w.org\/{rel}","templated":true}]}}