{"id":11676,"date":"2025-01-23T10:39:56","date_gmt":"2025-01-23T10:39:56","guid":{"rendered":"https:\/\/ayaneo.co\/product\/ayaneo-pocket-micro-ekraanikaitsekile\/"},"modified":"2025-12-04T11:30:40","modified_gmt":"2025-12-04T11:30:40","slug":"ayaneo-pocket-micro-ekraanikaitsekile","status":"publish","type":"product","link":"https:\/\/ayaneo.co\/et\/product\/ayaneo-pocket-micro-ekraanikaitsekile\/","title":{"rendered":"AYANEO Pocket Micro ekraanikaitsekile"},"content":{"rendered":"\n<h2 class=\"wp-block-heading\">Toote \u00fclevaade:<\/h2>\n\n<p><strong>AYANEO Pocket Micro ekraanikaitsekile on<\/strong> m\u00f5eldud konsooli ekraani kaitsmiseks, s\u00e4ilitades samal ajal selle kristallselge kuvakvaliteedi. T\u00e4nu kriimustuskindlatele ja m\u00e4\u00e4rdumiskindlatele omadustele tagab see katkematu m\u00e4nguvisuaali, hoides samal ajal ekraani kaitstud igap\u00e4evase kulumise eest. <\/p>\n\n<ol class=\"wp-block-list\">\n<li><strong>Tailored Fit for<\/strong> AYANEO Pocket Micro.<\/li>\n\n\n\n<li>Vastupidav ja <strong>kriimustuskindel pind<\/strong>.<\/li>\n\n\n\n<li>\u00dclimalt selge materjal <strong>elava m\u00e4nguvisuaali<\/strong> jaoks.<\/li>\n\n\n\n<li>M\u00e4\u00e4rdumiskindel kate tagab <strong>puhta ja selge kuvamise<\/strong>.<\/li>\n\n\n\n<li>Lihtne, mullita paigaldus <strong>probleemivabaks paigaldamiseks<\/strong>.<\/li>\n<\/ol>\n\n<h2 class=\"wp-block-heading\">Miks valida AYANEO Pocket Micro ekraanikaitse?<\/h2>\n\n<p>Kaitske oma m\u00e4ngukonsooli ekraani kaitsekilega, mis tagab selguse ja vastupidavuse. AYANEO Pocket Micro ekraanikaitsekile sobib ideaalselt m\u00e4ngijatele, kes soovivad nautida elavat visuaali, hoides samal ajal oma konsooli kriimustuste, mustuste ja s\u00f5rmej\u00e4lgede eest. <\/p>\n\n<hr class=\"wp-block-separator has-alpha-channel-opacity\"\/>\n\n<h4 class=\"wp-block-heading\">Spetsifikatsioonid:<\/h4>\n\n<ul class=\"wp-block-list\">\n<li><strong>Materjal:<\/strong> materjal: karastatud klaas v\u00f5i k\u00f5rgekvaliteediline kile<\/li>\n\n\n\n<li><strong>\u00dchilduvus:<\/strong> AYANEO Pocket Micro Console: AYANEO Pocket Micro Console<\/li>\n\n\n\n<li><strong>Omadused:<\/strong> kriimustuskindel, m\u00e4\u00e4rdumiskindel, mullivaba pealekandmine.<\/li>\n<\/ul>\n\n<p>Parandage oma m\u00e4ngukogemust AYANEO Pocket Micro ekraanikaitsekilega - sest teie konsool v\u00e4\u00e4rib parimat!<\/p>\n","protected":false},"excerpt":{"rendered":"<ul>\n<li><strong>Tailored Fit for<\/strong> AYANEO Pocket Micro.<\/li>\n<li>Vastupidav ja <strong>kriimustuskindel pind<\/strong>.<\/li>\n<li>\u00dclimalt selge materjal <strong>elava m\u00e4nguvisuaali<\/strong> jaoks.<\/li>\n<li>M\u00e4\u00e4rdumiskindel kate tagab <strong>puhta ja selge kuvamise<\/strong>.<\/li>\n<li>Lihtne, mullita paigaldus <strong>probleemivabaks paigaldamiseks<\/strong>.<\/li>\n<\/ul>\n[cg_accordion title=\"MAKSUINFO\"]<\/p>\n<p>Me kasutame uusimat makset\u00f6\u00f6tlustehnoloogiat, mis v\u00f5imaldab teil kiiret ja turvalist maksmist Apple Pay, Google Pay, deebet-\/krediitkaardi, PayPali v\u00f5i BNPL-meetodite, nagu Klarna, Affirm v\u00f5i AfterPay kaudu.[\/cg_accordion]\n[cg_accordion title=\"GARANTSIOON\"]<\/p>\n<p>1 aasta garantii <a href=\"https:\/\/droix.net\/\" target=\"_blank\" rel=\"nofollow noopener\">DROIX Globalilt teie meelerahu tagamiseks<\/a> [\/cg_accordion]\n[cg_accordion title=\"KVALITEEDI TAGAMINE JA L\u00c4HETAMISEELNE TESTIMINE\"]<\/p>\n<p>Klientide rahulolu tagamine k\u00f5rgeimal tasemel: Iga seade l\u00e4bib enne saatmist ranged testid ja mitmepunktilise kvaliteedikontrolli. Meie p\u00fchendunud meeskond kontrollib j\u00f5udlust, funktsionaalsust ja komponentide terviklikkust, et tagada, et teie AYANEO seade on saabumisel t\u00e4iuslikus t\u00f6\u00f6korras, tagades teile kindlustunde ja meelerahu. [\/cg_accordion]\n[cg_accordion title=\"HINNAKUJUNDUS, MAKSUD JA KOHALETOIMETAMINE\"]<\/p>\n<p><strong><u>M\u00e4rkus:<\/u><\/strong><\/p>\n<ul>\n<li>Ameerika \u00dchendriikide kliendid: N\u00e4idatud hind ei sisalda makse ega tollimaksu. Vastutus tollivormistuse ja sellega seotud maksude\/tollimaksude tasumise eest lasub kliendil. <\/li>\n<li>ELi kliendid: N\u00e4idatud hind sisaldab kohaldatavat maksu, mis v\u00f5ib s\u00f5ltuvalt teie riigist olla kuni 25%.<\/li>\n<li>Kanada kliendid: N\u00e4idatud hind sisaldab kohaldatavaid makse, mis v\u00f5ivad sisaldada 5% GST ja t\u00e4iendavaid provintsi m\u00fc\u00fcgimakse (PST), \u00fchtlustatud m\u00fc\u00fcgimaksu (HST) v\u00f5i Quebeci m\u00fc\u00fcgimaksu (QST), s\u00f5ltuvalt teie provintsist.<\/li>\n<\/ul>\n<p><strong>AINULT ELi klientidele:<\/strong> Express DDP (Delivered Duty Paid). See t\u00e4hendab: <\/p>\n<ul>\n<li>K\u00f5ik tollimaksud ja maksud sisalduvad toote lehel n\u00e4idatud hinnas.<\/li>\n<li>Te ei pea tarnimisel lisatasusid maksma.<\/li>\n<li>Harva esinevate tolliprobleemide korral tegeleb meie meeskond teie nimel tollivormistusega, et tagada sujuv tarne.<\/li>\n<p>Oluline teave tagastuste kohta:<\/p>\n<li>Kui te otsustate oma tellimuse tagastada v\u00f5i taotleda raha tagasi, siis pidage meeles, et teie eest DDP tingimuste alusel makstud makse ja tollimakse ei saa tagasi maksta.<\/li>\n<p>\u00dcksikasjalik teave <a href=\"https:\/\/ayaneo.co\/et\/teenuse-tingimused\/\" target=\"_blank\" rel=\"nofollow noopener\">on esitatud meie Tingimustes<\/a>.\n<\/ul>\n<p>[\/cg_accordion]\n[cg_accordion title=\"KLIENDITUGI\"]<\/p>\n<p>Kas teil on k\u00fcsimus? Oleme l\u00fchikese teksti kaugusel sellest, et teie k\u00fcsimus oleks lahendatud! [\/cg_accordion]\n[cg_accordion title=\"PAKETT SISALDAB\"]<\/p>\n<ul>\n<li>1x AYANEO Pocket Micro ekraanikaitsekile<\/li>\n<\/ul>\n<p>[\/cg_accordion]\n","protected":false},"featured_media":7792,"template":"","meta":{"_acf_changed":false},"product_brand":[],"product_cat":[943],"product_tag":[],"class_list":{"0":"post-11676","1":"product","2":"type-product","3":"status-publish","4":"has-post-thumbnail","6":"product_cat-mittekategoriseeritud","7":"product_shipping_class-low-end","8":"pa_accessory-type-screen-protector-et","9":"pa_brand-ayaneo","11":"first","12":"outofstock","13":"sale","14":"taxable","15":"shipping-taxable","16":"purchasable","17":"product-type-variable","18":"has-default-attributes"},"acf":[],"_links":{"self":[{"href":"https:\/\/ayaneo.co\/et\/wp-json\/wp\/v2\/product\/11676","targetHints":{"allow":["GET"]}}],"collection":[{"href":"https:\/\/ayaneo.co\/et\/wp-json\/wp\/v2\/product"}],"about":[{"href":"https:\/\/ayaneo.co\/et\/wp-json\/wp\/v2\/types\/product"}],"wp:featuredmedia":[{"embeddable":true,"href":"https:\/\/ayaneo.co\/et\/wp-json\/wp\/v2\/media\/7792"}],"wp:attachment":[{"href":"https:\/\/ayaneo.co\/et\/wp-json\/wp\/v2\/media?parent=11676"}],"wp:term":[{"taxonomy":"product_brand","embeddable":true,"href":"https:\/\/ayaneo.co\/et\/wp-json\/wp\/v2\/product_brand?post=11676"},{"taxonomy":"product_cat","embeddable":true,"href":"https:\/\/ayaneo.co\/et\/wp-json\/wp\/v2\/product_cat?post=11676"},{"taxonomy":"product_tag","embeddable":true,"href":"https:\/\/ayaneo.co\/et\/wp-json\/wp\/v2\/product_tag?post=11676"}],"curies":[{"name":"wp","href":"https:\/\/api.w.org\/{rel}","templated":true}]}}