{"id":11700,"date":"2025-01-23T16:27:44","date_gmt":"2025-01-23T16:27:44","guid":{"rendered":"https:\/\/ayaneo.co\/product\/ayaneo-pocket-s-kovakaaneline-umbris\/"},"modified":"2025-12-09T00:30:38","modified_gmt":"2025-12-09T00:30:38","slug":"ayaneo-pocket-s-kovakaaneline-umbris","status":"publish","type":"product","link":"https:\/\/ayaneo.co\/et\/product\/ayaneo-pocket-s-kovakaaneline-umbris\/","title":{"rendered":"AYANEO Pocket S K\u00f5vakaaneline \u00fcmbris"},"content":{"rendered":"\n<h2 class=\"wp-block-heading\" id=\"h-product-overview\">Toote \u00fclevaade:<\/h2>\n\n<p> <strong>AYANEO Pocket S Hardcover<\/strong> on ideaalne lisavarustus, et kaitsta oma konsooli stiilselt. See elegantse ja vastupidava viimistlusega k\u00f5vakaane pakub suurep\u00e4rast kaitset kriimustuste, p\u00f5rutuste ja igap\u00e4evase kulumise eest, s\u00e4ilitades samal ajal kerge ja kaasaskantava vormi. <\/p>\n\n<hr class=\"wp-block-separator has-alpha-channel-opacity\"\/>\n\n<h2 class=\"wp-block-heading\" id=\"h-key-features\">Peamised omadused:<\/h2>\n\n<p><strong>Stiilne k\u00f5vakaaneline disain<\/strong> tagab parema vastupidavuse.<\/p>\n\n<p><strong>Kohandatud<\/strong> AYANEO Pocket S konsoolile.<\/p>\n\n<p>Kerge ja kaasaskantav, et saaksite <strong>m\u00e4ngida teel olles<\/strong>.<\/p>\n\n<p>Esmaklassiline materjalikonstruktsioon <strong>pikaajaliseks kasutamiseks<\/strong>.<\/p>\n\n<p>Kaasaegne esteetika, mis <strong>t\u00e4iendab teie konsooli<\/strong>.<\/p>\n\n<hr class=\"wp-block-separator has-alpha-channel-opacity\"\/>\n\n<h2 class=\"wp-block-heading\" id=\"h-why-choose-the-ayaneo-pocket-micro-case\">Miks valida AYANEO Pocket S Hardcover?<\/h2>\n\n<p>Kaitske oma AYANEO Pocket S konsooli k\u00f5vakattega, milles on \u00fchendatud vastupidavus ja stiil. T\u00e4nu kergele ja kaasaskantavale disainile sobib see ideaalselt m\u00e4ngimiseks reisil olles, samas kui k\u00f5rgekvaliteedilised materjalid tagavad pikaajalise kaitse. See k\u00f5vakate sobib ideaalselt m\u00e4ngijatele, kes soovivad oma konsooli hoida turvaliselt, ilma et see kahjustaks esteetikat.  <\/p>\n\n<hr class=\"wp-block-separator has-alpha-channel-opacity\"\/>\n\n<h3 class=\"wp-block-heading\" id=\"h-specifications\">Spetsifikatsioonid:<\/h3>\n\n<ul class=\"wp-block-list\">\n<li><strong>Materjal:<\/strong> Vastupidavast k\u00f5vast plastist<\/li>\n\n\n\n<li><strong>\u00dchilduvus:<\/strong> AYANEO Pocket S .<\/li>\n\n\n\n<li><strong>Omadused:<\/strong> Kerge, kriimustuskindel ja kaasaskantav.<\/li>\n<\/ul>\n\n<p>Hoia oma konsooli kaitstud ja stiilne AYANEO Pocket S Hardcover - parim aksessuaar m\u00e4ngijatele, kes hoolivad oma varustusest!<\/p>\n\n<p><\/p>\n","protected":false},"excerpt":{"rendered":"<ul>\n<li><strong>Stiilne k\u00f5vakaaneline disain<\/strong> tagab parema vastupidavuse.<\/li>\n<li><strong>Kohandatud<\/strong> AYANEO Pocket S konsoolile.<\/li>\n<li>Kerge ja kaasaskantav, et saaksite <strong>m\u00e4ngida teel olles<\/strong>.<\/li>\n<li>Esmaklassiline materjalikonstruktsioon <strong>pikaajaliseks kasutamiseks<\/strong>.<\/li>\n<li>Kaasaegne esteetika, mis <strong>t\u00e4iendab teie konsooli<\/strong>.<\/li>\n<\/ul>\n[cg_accordion title=\"MAKSUINFO\"]<\/p>\n<p>Me kasutame uusimat makset\u00f6\u00f6tlustehnoloogiat, mis v\u00f5imaldab teil kiiret ja turvalist maksmist Apple Pay, Google Pay, deebet-\/krediitkaardi, PayPali v\u00f5i BNPL-meetodite, nagu Klarna, Affirm v\u00f5i AfterPay kaudu.[\/cg_accordion]\n[cg_accordion title=\"GARANTSIOON\"]<\/p>\n<p>1 aasta garantii <a href=\"https:\/\/droix.net\/\" target=\"_blank\" rel=\"nofollow noopener\">DROIX Global<\/a> ilt teie meelerahu tagamiseks[\/cg_accordion]\n[cg_accordion title=\"HINNAKUJUNDUS, MAKSUD JA KOHALETOIMETAMINE\"]<\/p>\n<p><strong><u>M\u00e4rkus:<\/u><\/strong><\/p>\n<ul>\n<li>Ameerika \u00dchendriikide kliendid: N\u00e4idatud hind ei sisalda makse ega tollimaksu. Vastutus tollivormistuse ja sellega seotud maksude\/tollimaksude tasumise eest lasub kliendil. <\/li>\n<li>ELi kliendid: N\u00e4idatud hind sisaldab kohaldatavat MAKSU, mis v\u00f5ib s\u00f5ltuvalt teie riigist olla kuni 25%.<\/li>\n<li>Kanada kliendid: N\u00e4idatud hind sisaldab kohaldatavaid makse, mis v\u00f5ivad sisaldada 5% GST ja t\u00e4iendavaid provintsi m\u00fc\u00fcgimakse (PST), \u00fchtlustatud m\u00fc\u00fcgimaksu (HST) v\u00f5i Quebeci m\u00fc\u00fcgimaksu (QST), s\u00f5ltuvalt teie provintsist.<\/li>\n<\/ul>\n<p><strong>AINULT ELi klientidele:<\/strong> Express DDP (Delivered Duty Paid). See t\u00e4hendab: <\/p>\n<ul>\n<li>K\u00f5ik tollimaksud ja maksud sisalduvad toote lehel n\u00e4idatud hinnas.<\/li>\n<li>Te ei pea tarnimisel lisatasusid maksma.<\/li>\n<li>Harva esinevate tolliprobleemide korral tegeleb meie meeskond teie nimel tollivormistusega, et tagada sujuv tarne.<\/li>\n<p>Oluline teave tagastuste kohta:<\/p>\n<li>Kui otsustate oma tellimuse tagastada v\u00f5i taotleda raha tagasi, siis pidage meeles, et teie eest DDP tingimuste alusel makstud makse ja tollimakse ei saa tagasi maksta.<\/li>\n<p>\u00dcksikasjalikku teavet leiate meie <a href=\"https:\/\/ayaneo.co\/terms-of-service-2\/\" target=\"_blank\" rel=\"nofollow noopener\">Tingimustest<\/a>.\n<\/ul>\n<p>[\/cg_accordion]\n[cg_accordion title=\"KLIENDITUGI\"]<\/p>\n<p>Kas teil on k\u00fcsimus? Oleme l\u00fchikese teksti kaugusel sellest, et teie k\u00fcsimus oleks lahendatud!<br \/>\n[\/cg_accordion]\n[cg_accordion title=\"Pakett sisaldab\"]<\/p>\n<ul>\n<li>1x AYANEO Pocket S K\u00f5vakaaneline \u00fcmbris<\/li>\n<\/ul>\n<p>[\/cg_accordion]\n","protected":false},"featured_media":7992,"template":"","meta":{"_acf_changed":false},"product_brand":[],"product_cat":[557],"product_tag":[],"class_list":{"0":"post-11700","1":"product","2":"type-product","3":"status-publish","4":"has-post-thumbnail","6":"product_cat-tarvikud","7":"product_shipping_class-low-end","8":"pa_accessory-type-protective-case-et","9":"pa_brand-ayaneo","11":"first","12":"instock","13":"sale","14":"taxable","15":"shipping-taxable","16":"purchasable","17":"product-type-simple"},"acf":[],"_links":{"self":[{"href":"https:\/\/ayaneo.co\/et\/wp-json\/wp\/v2\/product\/11700","targetHints":{"allow":["GET"]}}],"collection":[{"href":"https:\/\/ayaneo.co\/et\/wp-json\/wp\/v2\/product"}],"about":[{"href":"https:\/\/ayaneo.co\/et\/wp-json\/wp\/v2\/types\/product"}],"wp:featuredmedia":[{"embeddable":true,"href":"https:\/\/ayaneo.co\/et\/wp-json\/wp\/v2\/media\/7992"}],"wp:attachment":[{"href":"https:\/\/ayaneo.co\/et\/wp-json\/wp\/v2\/media?parent=11700"}],"wp:term":[{"taxonomy":"product_brand","embeddable":true,"href":"https:\/\/ayaneo.co\/et\/wp-json\/wp\/v2\/product_brand?post=11700"},{"taxonomy":"product_cat","embeddable":true,"href":"https:\/\/ayaneo.co\/et\/wp-json\/wp\/v2\/product_cat?post=11700"},{"taxonomy":"product_tag","embeddable":true,"href":"https:\/\/ayaneo.co\/et\/wp-json\/wp\/v2\/product_tag?post=11700"}],"curies":[{"name":"wp","href":"https:\/\/api.w.org\/{rel}","templated":true}]}}