{"id":12370,"date":"2025-03-24T16:59:01","date_gmt":"2025-03-24T16:59:01","guid":{"rendered":"https:\/\/ayaneo.co\/?post_type=product&#038;p=12370"},"modified":"2025-12-02T18:04:21","modified_gmt":"2025-12-02T18:04:21","slug":"ayaneo-pocket-evo-case-copy","status":"publish","type":"product","link":"https:\/\/ayaneo.co\/et\/product\/ayaneo-pocket-evo-case-copy\/","title":{"rendered":"AYANEO 3 kandekott - Premium kaitse teie pihuarvutile!"},"content":{"rendered":"\n<p>Hoidke oma <strong>AYANEO 3<\/strong> turvaliselt ja kindlalt selles <strong>vastupidavas ja stiilses kandekotis<\/strong>. <strong>Maksimaalseks kaitseks ja kaasaskantavuseks<\/strong> loodud kohver tagab, et teie seade on <strong>alati valmis tegutsema<\/strong>, kuhu iganes te ka ei l\u00e4heks. <\/p>\n\n<h3 class=\"wp-block-heading\"><strong>Peamised omadused:<\/strong><\/h3>\n\n<p><strong>Vastupidav ja kaitsev kest<\/strong> - kaitseb teie seadet kukkumiste, p\u00f5rutuste ja kriimustuste eest.<\/p>\n\n<p><strong>T\u00e4iuslik sobivus ja ergonoomiline disain<\/strong> - Spetsiaalselt <strong>AYANEO 3<\/strong> jaoks vormitud, tagades <strong>mugava ja turvalise istuvuse<\/strong>.<\/p>\n\n<p><strong>Pehme sisevooder<\/strong> - hoiab \u00e4ra kriimustused ja hoiab teie seadme laitmatus korras.  <\/p>\n\n<p><strong>Turvaline t\u00f5mblukuga sulgemine<\/strong> - tagab <strong>t\u00e4ieliku kaitse<\/strong>, v\u00f5imaldades samas h\u00f5lpsat juurdep\u00e4\u00e4su.<\/p>\n\n<p><strong>Kaasaskantav ja kerge<\/strong> - kandke oma AYANEO 3 h\u00f5lpsasti kaasas <strong>eemaldatava randmerihma<\/strong> abil.<\/p>\n\n<p>T\u00e4ienda oma <strong>AYANEO 3<\/strong> m\u00e4ngukomplekti selle <strong>olulise kandekotiga<\/strong> - <strong>t\u00e4iuslik tasakaal stiili ja kaitse vahel<\/strong>!<\/p>\n\n<p><\/p>\n","protected":false},"excerpt":{"rendered":"<ul>\n<li><strong>Ametlik<\/strong> AYANEO 3 kandekott<\/li>\n<li><strong>Vastupidav ja l\u00f6\u00f6gikindel<\/strong> - kaitseb kukkumiste ja kriimustuste eest.<\/li>\n<li><strong>Pehme sisemine vooder<\/strong> - hoiab teie seadme ideaalses seisukorras.<\/li>\n<li><strong>Turvaline t\u00f5mblukk ja rihm<\/strong> - tagab h\u00f5lpsa kandmise ja turvalise hoiustamise.<\/li>\n<li><strong>T\u00e4iuslik sobivus<\/strong> - kohandatud AYANEO 3.<\/li>\n<\/ul>\n[cg_accordion title=\"MAKSUINFO\"]<\/p>\n<p>Me kasutame uusimat makset\u00f6\u00f6tlustehnoloogiat, mis v\u00f5imaldab teil kiiret ja turvalist maksmist Apple Pay, Google Pay, deebet-\/krediitkaardi, PayPali v\u00f5i BNPL-meetodite, nagu Klarna, Affirm v\u00f5i AfterPay kaudu.[\/cg_accordion]\n[cg_accordion title=\"GARANTSIOON\"]<\/p>\n<p>1 aasta garantii <a href=\"https:\/\/droix.net\/\" target=\"_blank\" rel=\"nofollow noopener\">DROIX Globalilt teie meelerahu tagamiseks<\/a> [\/cg_accordion]\n[cg_accordion title=\"KVALITEEDI TAGAMINE JA L\u00c4HETAMISEELNE TESTIMINE\"]<\/p>\n<p>Klientide rahulolu tagamine k\u00f5rgeimal tasemel: Iga seade l\u00e4bib enne saatmist ranged testid ja mitmepunktilise kvaliteedikontrolli. Meie p\u00fchendunud meeskond kontrollib j\u00f5udlust, funktsionaalsust ja komponentide terviklikkust, et tagada, et teie AYANEO seade on saabumisel t\u00e4iuslikus t\u00f6\u00f6korras, tagades teile kindlustunde ja meelerahu. [\/cg_accordion]\n[cg_accordion title=\"HINNAKUJUNDUS, MAKSUD JA KOHALETOIMETAMINE\"]<\/p>\n<p><strong><u>M\u00e4rkus:<\/u><\/strong><\/p>\n<ul>\n<li>Ameerika \u00dchendriikide kliendid: N\u00e4idatud hind ei sisalda makse ega tollimaksu. Vastutus tollivormistuse ja sellega seotud maksude\/tollimaksude tasumise eest lasub kliendil. <\/li>\n<li>ELi kliendid: N\u00e4idatud hind sisaldab kohaldatavat maksu, mis v\u00f5ib s\u00f5ltuvalt teie riigist olla kuni 25%.<\/li>\n<li>Kanada kliendid: N\u00e4idatud hind sisaldab kohaldatavaid makse, mis v\u00f5ivad sisaldada 5% GST ja t\u00e4iendavaid provintsi m\u00fc\u00fcgimakse (PST), \u00fchtlustatud m\u00fc\u00fcgimaksu (HST) v\u00f5i Quebeci m\u00fc\u00fcgimaksu (QST), s\u00f5ltuvalt teie provintsist.<\/li>\n<\/ul>\n<p><strong>AINULT ELi klientidele:<\/strong> Express DDP (Delivered Duty Paid). See t\u00e4hendab: <\/p>\n<ul>\n<li>K\u00f5ik tollimaksud ja maksud sisalduvad toote lehel n\u00e4idatud hinnas.<\/li>\n<li>Te ei pea tarnimisel lisatasusid maksma.<\/li>\n<li>Harva esinevate tolliprobleemide korral tegeleb meie meeskond teie nimel tollivormistusega, et tagada sujuv tarne.<\/li>\n<p>Oluline teave tagastuste kohta:<\/p>\n<li>Kui te otsustate oma tellimuse tagastada v\u00f5i taotleda raha tagasi, siis pidage meeles, et teie eest DDP tingimuste alusel makstud makse ja tollimakse ei saa tagasi maksta.<\/li>\n<p>\u00dcksikasjalik teave <a href=\"https:\/\/ayaneo.co\/et\/teenuse-tingimused\/\" target=\"_blank\" rel=\"nofollow noopener\">on esitatud meie Tingimustes<\/a>.\n<\/ul>\n<p>[\/cg_accordion]\n[cg_accordion title=\"KLIENDITUGI\"]<\/p>\n<p>Kas teil on k\u00fcsimus? Oleme l\u00fchikese teksti kaugusel sellest, et teie k\u00fcsimus oleks lahendatud! [\/cg_accordion]\n[cg_accordion title=\"PAKETT SISALDAB\"]<\/p>\n<ul>\n<li>1x AYANEO 3 Case<\/li>\n<\/ul>\n<p>[\/cg_accordion]\n","protected":false},"featured_media":12438,"template":"","meta":{"_acf_changed":false},"product_brand":[],"product_cat":[557],"product_tag":[],"class_list":{"0":"post-12370","1":"product","2":"type-product","3":"status-publish","4":"has-post-thumbnail","6":"product_cat-tarvikud","7":"product_shipping_class-low-end","8":"pa_accessory-type-protective-case-et","9":"pa_brand-ayaneo","11":"first","12":"instock","13":"sale","14":"taxable","15":"shipping-taxable","16":"purchasable","17":"product-type-variable","18":"has-default-attributes"},"acf":[],"_links":{"self":[{"href":"https:\/\/ayaneo.co\/et\/wp-json\/wp\/v2\/product\/12370","targetHints":{"allow":["GET"]}}],"collection":[{"href":"https:\/\/ayaneo.co\/et\/wp-json\/wp\/v2\/product"}],"about":[{"href":"https:\/\/ayaneo.co\/et\/wp-json\/wp\/v2\/types\/product"}],"wp:featuredmedia":[{"embeddable":true,"href":"https:\/\/ayaneo.co\/et\/wp-json\/wp\/v2\/media\/12438"}],"wp:attachment":[{"href":"https:\/\/ayaneo.co\/et\/wp-json\/wp\/v2\/media?parent=12370"}],"wp:term":[{"taxonomy":"product_brand","embeddable":true,"href":"https:\/\/ayaneo.co\/et\/wp-json\/wp\/v2\/product_brand?post=12370"},{"taxonomy":"product_cat","embeddable":true,"href":"https:\/\/ayaneo.co\/et\/wp-json\/wp\/v2\/product_cat?post=12370"},{"taxonomy":"product_tag","embeddable":true,"href":"https:\/\/ayaneo.co\/et\/wp-json\/wp\/v2\/product_tag?post=12370"}],"curies":[{"name":"wp","href":"https:\/\/api.w.org\/{rel}","templated":true}]}}