{"id":12383,"date":"2025-03-24T16:59:03","date_gmt":"2025-03-24T16:59:03","guid":{"rendered":"https:\/\/ayaneo.co\/?post_type=product&#038;p=12383"},"modified":"2025-12-09T00:33:57","modified_gmt":"2025-12-09T00:33:57","slug":"ayaneo-pocket-evo-ekraanikaitsekile-copy","status":"publish","type":"product","link":"https:\/\/ayaneo.co\/et\/product\/ayaneo-pocket-evo-ekraanikaitsekile-copy\/","title":{"rendered":"AYANEO 3 Ekraanikaitse - kristallselge kaitse teie ekraanile!"},"content":{"rendered":"\n<p>Hoidke oma <strong>AYANEO 3<\/strong> ekraan laitmatuna selle <strong>kvaliteetse ekraanikaitsekilega<\/strong>! See kaitsekile on loodud <strong>maksimaalse selguse, kriimustuskindluse ja lihtsa pealekandmise<\/strong> tagamiseks, et teie m\u00e4ngukogemus j\u00e4\u00e4ks sujuvaks ja katkematuks.<\/p>\n\n<h2 class=\"wp-block-heading\"><strong>Peamised omadused:<\/strong><\/h2>\n\n<p><strong>Ultra-Clear HD Display<\/strong> - s\u00e4ilitab <strong>t\u00f5elise v\u00e4rvit\u00e4psuse<\/strong> ja terava visuaalse kujutise, mis tagab kaasahaarava elamuse.<\/p>\n\n<p><strong>Kraapimis- ja l\u00f6\u00f6gikindlus<\/strong> - kaitseb ekraani kriimustuste, kukkumiste ja igap\u00e4evase kulumise eest.  <\/p>\n\n<p><strong>T\u00e4pne sobivus ja lihtne paigaldus<\/strong> - on loodud spetsiaalselt <strong>AYANEO 3<\/strong> jaoks, tagades \u00f5mblusteta ja mullivaba paigalduse.<\/p>\n\n<p><strong>S\u00f5rmej\u00e4lgede ja m\u00e4\u00e4rdumise vastupidavus<\/strong> - Oleofoobne kate t\u00f5rjub s\u00f5rmej\u00e4lgi ja m\u00e4\u00e4rdumist, mis tagab puhta v\u00e4ljan\u00e4gemise.<\/p>\n\n<p><strong>Mullivaba kleepuvus<\/strong> - lihtne kanda ilma \u00f5humullideta, tagades iga kord <strong>sileda viimistluse<\/strong>.<\/p>\n\n<p>Kaitske oma <strong>AYANEO 3<\/strong> selle <strong>esmaklassilise ekraanikaitsekilega<\/strong> ja <strong>m\u00e4ngige kindlalt<\/strong>!<\/p>\n\n<p><\/p>\n","protected":false},"excerpt":{"rendered":"<ul>\n<li><strong>Ametlik<\/strong> AYANEO 3 ekraanikaitsekile<\/li>\n<li><strong>Ultra-Clear HD<\/strong> - s\u00e4ilitab ekraani kvaliteedi ja v\u00e4rvit\u00e4psuse.<\/li>\n<li><strong>Kraapimis- ja l\u00f6\u00f6gikindlus<\/strong> - kaitseb kahjustuste eest.<\/li>\n<li><strong>Mustuse- ja s\u00f5rmej\u00e4ljekindel<\/strong> - hoiab ekraani puhtana.<\/li>\n<li><strong>Perfect Fit<\/strong> - m\u00f5eldud ainult AYANEO 3 jaoks.<\/li>\n<\/ul>\n[cg_accordion title=\"MAKSUINFO\"]<\/p>\n<p>Me kasutame uusimat makset\u00f6\u00f6tlustehnoloogiat, mis v\u00f5imaldab teil kiiret ja turvalist maksmist Apple Pay, Google Pay, deebet-\/krediitkaardi, PayPali v\u00f5i BNPL-meetodite, nagu Klarna, Affirm v\u00f5i AfterPay kaudu.[\/cg_accordion]\n[cg_accordion title=\"GARANTSIOON\"]<\/p>\n<p>1 aasta garantii <a href=\"https:\/\/droix.net\/\" target=\"_blank\" rel=\"nofollow noopener\">DROIX Globalilt teie meelerahu tagamiseks<\/a> [\/cg_accordion]\n[cg_accordion title=\"KVALITEEDI TAGAMINE JA L\u00c4HETAMISEELNE TESTIMINE\"]<\/p>\n<p>Klientide rahulolu tagamine k\u00f5rgeimal tasemel: Iga seade l\u00e4bib enne saatmist ranged testid ja mitmepunktilise kvaliteedikontrolli. Meie p\u00fchendunud meeskond kontrollib j\u00f5udlust, funktsionaalsust ja komponentide terviklikkust, et tagada, et teie AYANEO seade on saabumisel t\u00e4iuslikus t\u00f6\u00f6korras, tagades teile kindlustunde ja meelerahu. [\/cg_accordion]\n[cg_accordion title=\"HINNAKUJUNDUS, MAKSUD JA KOHALETOIMETAMINE\"]<\/p>\n<p><strong><u>M\u00e4rkus:<\/u><\/strong><\/p>\n<ul>\n<li>Ameerika \u00dchendriikide kliendid: N\u00e4idatud hind ei sisalda makse ega tollimaksu. Vastutus tollivormistuse ja sellega seotud maksude\/tollimaksude tasumise eest lasub kliendil. <\/li>\n<li>ELi kliendid: N\u00e4idatud hind sisaldab kohaldatavat maksu, mis v\u00f5ib s\u00f5ltuvalt teie riigist olla kuni 25%.<\/li>\n<li>Kanada kliendid: N\u00e4idatud hind sisaldab kohaldatavaid makse, mis v\u00f5ivad sisaldada 5% GST ja t\u00e4iendavaid provintsi m\u00fc\u00fcgimakse (PST), \u00fchtlustatud m\u00fc\u00fcgimaksu (HST) v\u00f5i Quebeci m\u00fc\u00fcgimaksu (QST), s\u00f5ltuvalt teie provintsist.<\/li>\n<\/ul>\n<p><strong>AINULT ELi klientidele:<\/strong> Express DDP (Delivered Duty Paid). See t\u00e4hendab: <\/p>\n<ul>\n<li>K\u00f5ik tollimaksud ja maksud sisalduvad toote lehel n\u00e4idatud hinnas.<\/li>\n<li>Te ei pea tarnimisel lisatasusid maksma.<\/li>\n<li>Harva esinevate tolliprobleemide korral tegeleb meie meeskond teie nimel tollivormistusega, et tagada sujuv tarne.<\/li>\n<p>Oluline teave tagastuste kohta:<\/p>\n<li>Kui te otsustate oma tellimuse tagastada v\u00f5i taotleda raha tagasi, siis pidage meeles, et teie eest DDP tingimuste alusel makstud makse ja tollimakse ei saa tagasi maksta.<\/li>\n<p>\u00dcksikasjalik teave <a href=\"https:\/\/ayaneo.co\/et\/teenuse-tingimused\/\" target=\"_blank\" rel=\"nofollow noopener\">on esitatud meie Tingimustes<\/a>.\n<\/ul>\n<p>[\/cg_accordion]\n[cg_accordion title=\"KLIENDITUGI\"]<\/p>\n<p>Kas teil on k\u00fcsimus? Oleme l\u00fchikese teksti kaugusel sellest, et teie k\u00fcsimus oleks lahendatud! [\/cg_accordion]\n[cg_accordion title=\"PAKETT SISALDAB\"]<\/p>\n<ul>\n<li>1x AYANEO 3 kaitsekile<\/li>\n<\/ul>\n<p>[\/cg_accordion]\n","protected":false},"featured_media":45856,"template":"","meta":{"_acf_changed":false},"product_brand":[],"product_cat":[557],"product_tag":[],"class_list":{"0":"post-12383","1":"product","2":"type-product","3":"status-publish","4":"has-post-thumbnail","6":"product_cat-tarvikud","7":"product_shipping_class-low-end","8":"pa_accessory-type-screen-protector-et","9":"pa_brand-ayaneo","11":"first","12":"instock","13":"sale","14":"taxable","15":"shipping-taxable","16":"purchasable","17":"product-type-simple"},"acf":[],"_links":{"self":[{"href":"https:\/\/ayaneo.co\/et\/wp-json\/wp\/v2\/product\/12383","targetHints":{"allow":["GET"]}}],"collection":[{"href":"https:\/\/ayaneo.co\/et\/wp-json\/wp\/v2\/product"}],"about":[{"href":"https:\/\/ayaneo.co\/et\/wp-json\/wp\/v2\/types\/product"}],"wp:featuredmedia":[{"embeddable":true,"href":"https:\/\/ayaneo.co\/et\/wp-json\/wp\/v2\/media\/45856"}],"wp:attachment":[{"href":"https:\/\/ayaneo.co\/et\/wp-json\/wp\/v2\/media?parent=12383"}],"wp:term":[{"taxonomy":"product_brand","embeddable":true,"href":"https:\/\/ayaneo.co\/et\/wp-json\/wp\/v2\/product_brand?post=12383"},{"taxonomy":"product_cat","embeddable":true,"href":"https:\/\/ayaneo.co\/et\/wp-json\/wp\/v2\/product_cat?post=12383"},{"taxonomy":"product_tag","embeddable":true,"href":"https:\/\/ayaneo.co\/et\/wp-json\/wp\/v2\/product_tag?post=12383"}],"curies":[{"name":"wp","href":"https:\/\/api.w.org\/{rel}","templated":true}]}}