{"id":12935,"date":"2025-03-27T09:55:33","date_gmt":"2025-03-27T09:55:33","guid":{"rendered":"https:\/\/ayaneo.co\/product\/ayaneo-air-pro\/"},"modified":"2025-04-11T12:00:37","modified_gmt":"2025-04-11T12:00:37","slug":"ayaneo-air-pro","status":"publish","type":"product","link":"https:\/\/ayaneo.co\/et\/product\/ayaneo-air-pro\/","title":{"rendered":"AYANEO AIR PRO"},"content":{"rendered":"\n<h2 class=\"wp-block-heading\">AYANEO Air<\/h2>\n\n<figure class=\"wp-block-image\"><img decoding=\"async\" src=\"https:\/\/droix.net\/wp-content\/uploads\/2022\/10\/TEXT.png\" alt=\"\" title=\"AYA NEO AIR PRO 1\"\/><\/figure>\n\n<figure class=\"wp-block-image\"><img decoding=\"async\" src=\"https:\/\/droix.net\/wp-content\/uploads\/2022\/10\/cpu-perf.png\" alt=\"\" title=\"AYA NEO AIR PRO 2\"\/><\/figure>\n\n<h2 class=\"wp-block-heading\">V\u00f5imas protsessor<\/h2>\n\n<figure class=\"wp-block-image\"><img decoding=\"async\" src=\"https:\/\/droix.net\/wp-content\/uploads\/2022\/10\/oled.png\" alt=\"\" title=\"AYA NEO AIR PRO 3\"\/><\/figure>\n\n<h2 class=\"wp-block-heading\">Terav OLED Ekraan<\/h2>\n\n<figure class=\"wp-block-image\"><img decoding=\"async\" src=\"https:\/\/droix.net\/wp-content\/uploads\/2022\/10\/controller.png\" alt=\"\" title=\"AYA NEO AIR PRO 4\"\/><\/figure>\n\n<h2 class=\"wp-block-heading\">M\u00e4ngukontrollerid<\/h2>\n\n<figure class=\"wp-block-image\"><img decoding=\"async\" src=\"https:\/\/droix.net\/wp-content\/uploads\/2022\/10\/hall-joystick.png\" alt=\"\" title=\"AYA NEO AIR PRO 5\"\/><\/figure>\n\n<h2 class=\"wp-block-heading\">HALL Joystickid<\/h2>\n\n<figure class=\"wp-block-image\"><img decoding=\"async\" src=\"https:\/\/droix.net\/wp-content\/uploads\/2022\/10\/light.png\" alt=\"\" title=\"AYA NEO AIR PRO 6\"\/><\/figure>\n\n<h2 class=\"wp-block-heading\">Kergekaaluline<\/h2>\n\n<figure class=\"wp-block-image\"><img decoding=\"async\" src=\"https:\/\/droix.net\/wp-content\/uploads\/2022\/10\/lightweight.png\" alt=\"\" title=\"AYA NEO AIR PRO 7\"\/><\/figure>\n\n<h2 class=\"wp-block-heading\">Kaasaskantav<\/h2>\n\n<figure class=\"wp-block-image\"><img decoding=\"async\" src=\"https:\/\/droix.net\/wp-content\/uploads\/2022\/10\/ayaspace.png\" alt=\"\" title=\"AYA NEO AIR PRO 8\"\/><\/figure>\n\n<h2 class=\"wp-block-heading\">AYASpace<\/h2>\n\n<figure class=\"wp-block-image\"><img decoding=\"async\" src=\"https:\/\/droix.net\/wp-content\/uploads\/2022\/10\/storage-expansion.png\" alt=\"\" title=\"AYA NEO AIR PRO 9\"\/><\/figure>\n\n<h2 class=\"wp-block-heading\">Laiendatav ladustamine<\/h2>\n\n<h2 class=\"wp-block-heading\">AYANEO Air<\/h2>\n\n<h2 class=\"wp-block-heading\">18mm<\/h2>\n\n<h2 class=\"wp-block-heading\">AYANEO Air Pro<\/h2>\n\n<h2 class=\"wp-block-heading\">21,6 mm<\/h2>\n\n<figure class=\"wp-block-image\"><img decoding=\"async\" src=\"https:\/\/droix.net\/wp-content\/uploads\/2022\/10\/1.png\" alt=\"\" title=\"AYA NEO AIR PRO 10\"\/><\/figure>\n\n<figure class=\"wp-block-image\"><img decoding=\"async\" src=\"https:\/\/droix.net\/wp-content\/uploads\/2022\/10\/2.png\" alt=\"\" title=\"AYA NEO AIR PRO 11\"\/><\/figure>\n\n<figure class=\"wp-block-image\"><img decoding=\"async\" src=\"https:\/\/droix.net\/wp-content\/uploads\/2022\/10\/6.png\" alt=\"\" title=\"AYA NEO AIR PRO 12\"\/><\/figure>\n\n<figure class=\"wp-block-image\"><img decoding=\"async\" src=\"https:\/\/droix.net\/wp-content\/uploads\/2022\/10\/3.png\" alt=\"\" title=\"AYA NEO AIR PRO 13\"\/><\/figure>\n\n<figure class=\"wp-block-image\"><img decoding=\"async\" src=\"https:\/\/droix.net\/wp-content\/uploads\/2022\/10\/8.png\" alt=\"\" title=\"AYA NEO AIR PRO 14\"\/><\/figure>\n\n<figure class=\"wp-block-image\"><img decoding=\"async\" src=\"https:\/\/droix.net\/wp-content\/uploads\/2022\/10\/4.png\" alt=\"\" title=\"AYA NEO AIR PRO 15\"\/><\/figure>\n\n<figure class=\"wp-block-image\"><img decoding=\"async\" src=\"https:\/\/droix.net\/wp-content\/uploads\/2022\/10\/5.png\" alt=\"\" title=\"AYA NEO AIR PRO 16\"\/><\/figure>\n\n<figure class=\"wp-block-image\"><img decoding=\"async\" src=\"https:\/\/droix.net\/wp-content\/uploads\/elementor\/thumbs\/7-q8z5dcnq498hbirw1mfy0omf1l06qm1syszlslccn4.png\" alt=\"7.png\" title=\"7.png\"\/><\/figure>\n\n<figure class=\"wp-block-image\"><img decoding=\"async\" src=\"https:\/\/droix.net\/wp-content\/uploads\/elementor\/thumbs\/9-q8z5dcnq498hbirw1mfy0omf1l06qm1syszlslccn4.png\" alt=\"9.png\" title=\"9.png\"\/><\/figure>\n\n<h2 class=\"wp-block-heading\">Kogemused m\u00e4ngudest l\u00e4bi terava OLED ekraani<\/h2>\n\n<h2 class=\"wp-block-heading\">5,5\u2033 ekraaniga AMOLED suure v\u00e4rvigammaga.<\/h2>\n\n<h2 class=\"wp-block-heading\">Laia v\u00e4rvigamma efekt, NTSC 109%, muudab ekraani realistlikumaks.<br\/>Kuni 100000:1 kontrastsusega on v\u00e4rvid rikkalikumad ja elavamad.<br\/>Kogege puhtaid musti ja k\u00f5rge kontrastsusega pilte oma lemmikfilmidest. AYANEO Airil on suurim PPI, mida Windows Gaming Handheldil leidub, 404 pikslit tolli kohta. <\/h2>\n\n<figure class=\"wp-block-image\"><img decoding=\"async\" src=\"https:\/\/droix.net\/wp-content\/uploads\/2022\/10\/oled-info-1024x309.png\" alt=\"\" title=\"AYA NEO AIR PRO 17\"\/><\/figure>\n\n<h2 class=\"wp-block-heading\">V\u00e4ga \u00f5huke ja kerge<\/h2>\n\n<h2 class=\"wp-block-heading\">AYANEO Air on v\u00e4lja t\u00f6\u00f6tatud kaasaskantavust silmas pidades ja selle saavutamiseks pidime sellesse Windows Gaming Handheldi kombineerima ja tihendama ligikaudu 3500 komponenti.<br\/>Selles \u00fclimalt kaasaskantavas m\u00e4ngukonsoolis on riistvara, mida peetakse s\u00fclearvuti v\u00e4\u00e4rtuseks.<br\/>Ja et see ilus pakend oleks valmis, on l\u00f5ppkasutajale n\u00e4ha vaid 2 kruvi.<\/h2>\n\n<h2 class=\"wp-block-heading\">Uued kaasaskantavad pihuarvutid<\/h2>\n\n<h2 class=\"wp-block-heading\">Kaaluga ainult 398g*<\/h2>\n\n<figure class=\"wp-block-image\"><img decoding=\"async\" src=\"https:\/\/droix.net\/wp-content\/uploads\/2022\/10\/ayaneo_air-vs-switch.png\" alt=\"\" title=\"AYA NEO AIR PRO 18\"\/><\/figure>\n\n<h2 class=\"wp-block-heading\">AYANEO Air Lite* - 398g<br\/>AYANEO Air Standard - 398g<br\/>AYANEO Air Pro - 440g<\/h2>\n\n<h2 class=\"wp-block-heading\">Oluliselt v\u00e4iksem kui Steam Deck<br\/> Ja isegi v\u00e4iksem kui Switch<\/h2>\n\n<figure class=\"wp-block-image\"><img decoding=\"async\" src=\"https:\/\/droix.net\/wp-content\/uploads\/2022\/10\/ayaneo-sd-switch.png\" alt=\"\" title=\"AYA NEO AIR PRO 19\"\/><\/figure>\n\n<h2 class=\"wp-block-heading\">398g AYANEO Air<\/h2>\n\n<h2 class=\"wp-block-heading\">223.9\u00d789.4x18mm<\/h2>\n\n<h2 class=\"wp-block-heading\">420g Nintendo Switch<\/h2>\n\n<h2 class=\"wp-block-heading\">242x102x13.9mm<\/h2>\n\n<h2 class=\"wp-block-heading\">669g Steam Deck<\/h2>\n\n<h2 class=\"wp-block-heading\">298x117x20mm<\/h2>\n\n<h2 class=\"wp-block-heading\">AAA-m\u00e4ngud liikvel olles?<\/h2>\n\n<h2 class=\"wp-block-heading\">AYANEO Air on varustatud RED-i v\u00f5imsusega, mis sisaldab kas AMD Ryzen 5 5560U v\u00f5i 5825U (saadaval ainult AYANEO Air Pro).<br\/>Need APU-d ei ole mitte ainult suurep\u00e4rased m\u00e4ngimiseks, vaid pakuvad ka v\u00e4iksemat energiatarbimist, mis v\u00f5imaldab teil m\u00e4ngida oma lemmikm\u00e4nge kauem.<\/h2>\n\n<figure class=\"wp-block-image\"><img decoding=\"async\" src=\"https:\/\/droix.net\/wp-content\/uploads\/2022\/10\/cpu-1-1-300x300.png\" alt=\"\" title=\"AYA NEO AIR PRO 20\"\/><\/figure>\n\n<h2 class=\"wp-block-heading\">T\u00e4nu TSMC 7nn protsessile tarbib AYANEO Air v\u00e4he energiat, s\u00e4ilitades samal ajal suure j\u00f5udluse teie lemmikprogrammides.<\/h2>\n\n<figure class=\"wp-block-image\"><img decoding=\"async\" src=\"https:\/\/droix.net\/wp-content\/uploads\/2022\/10\/cpu-2-1-300x300.png\" alt=\"\" title=\"AYA NEO AIR PRO 21\"\/><\/figure>\n\n<h2 class=\"wp-block-heading\">AMD Ryzen 7 5825U APU, mis on saadaval ainult AYANEO Air Pro&#8217;s, t\u00f6\u00f6tab 100 MHz k\u00f5rgemal kui 5800U ning sobib ideaalselt m\u00e4ngimiseks liikvel olles.<\/h2>\n\n<h2 class=\"wp-block-heading\">Lisateave oma lemmikm\u00e4ngude kohta<\/h2>\n\n<figure class=\"wp-block-image\"><img decoding=\"async\" src=\"https:\/\/droix.net\/wp-content\/uploads\/2022\/08\/games-1.png\" alt=\"m&#xE4;ngud-1\" title=\"AYA NEO AIR PRO 22\"\/><\/figure>\n\n<figure class=\"wp-block-image\"><img decoding=\"async\" src=\"https:\/\/droix.net\/wp-content\/uploads\/2022\/08\/games-2.png\" alt=\"m&#xE4;ngud-2\" title=\"AYA NEO AIR PRO 23\"\/><\/figure>\n\n<figure class=\"wp-block-image\"><img decoding=\"async\" src=\"https:\/\/droix.net\/wp-content\/uploads\/elementor\/thumbs\/ayaneo-master-q8z5dcnq497mmmrgjif980vegtbvts312kqur5jx8g.png\" alt=\"ayaneo-master.png\" title=\"ayaneo-master.png\"\/><\/figure>\n\n<h2 class=\"wp-block-heading\">Olge GuliKitiga lahinguv\u00e4ljal meister.<\/h2>\n\n<h2 class=\"wp-block-heading\">AYANEO, koost\u00f6\u00f6s GuliKitiga on p\u00fchendunud sellele, et pakkuda teile parimat m\u00e4ngukogemust. See PC Gaming Handheld on esimene mudel, mis on varustatud kvaliteetsete GuliKit joystickidega. <\/h2>\n\n<figure class=\"wp-block-image\"><img decoding=\"async\" src=\"https:\/\/droix.net\/wp-content\/uploads\/elementor\/thumbs\/gulikit-logo-q8z5dcnq497ijbaloaorilpee1n1klosjvnack8xkw.png\" alt=\"gulikit-logo.png\" title=\"gulikit-logo.png\"\/><\/figure>\n\n<figure class=\"wp-block-image\"><img decoding=\"async\" src=\"https:\/\/droix.net\/wp-content\/uploads\/2022\/10\/ayaneo-joystick-device.png\" alt=\"\" title=\"AYA NEO AIR PRO 24\"\/><\/figure>\n\n<h2 class=\"wp-block-heading\">No dead-zone Joystickid<\/h2>\n\n<h2 class=\"wp-block-heading\">Sisemised ja v\u00e4limised ringid on 100% vabad &#8220;surnud tsoonist\"<br\/>See on ideaalne FPS-m\u00e4ngude jaoks.<\/h2>\n\n<h2 class=\"wp-block-heading\">Triggeri tundlikkuse reguleerimine<\/h2>\n\n<h2 class=\"wp-block-heading\">Kasutades AYA Space&#8217;i, saate h\u00f5lpsasti kontrollida p\u00e4\u00e4stiku vajutamist. See v\u00f5imaldab teil vajutada p\u00e4\u00e4stikut 50%, et saavutada t\u00e4ielik efekt. <\/h2>\n\n<h2 class=\"wp-block-heading\">Nulltoite ootere\u017eiim<\/h2>\n\n<h2 class=\"wp-block-heading\">Saate AYA Space&#8217;is l\u00fclitada kontrollerid v\u00e4lja, mis s\u00e4\u00e4stab energiat.<\/h2>\n\n<h2 class=\"wp-block-heading\">A-B X-Y klahvivahetus<\/h2>\n\n<h2 class=\"wp-block-heading\">Kas olete harjunud Jaapani paigutusega? Pole probleemi! AYA Space&#8217;iga saate paigutust vahetada.  <\/h2>\n\n<figure class=\"wp-block-image\"><img decoding=\"async\" src=\"https:\/\/droix.net\/wp-content\/uploads\/2022\/10\/11.png\" alt=\"\" title=\"AYA NEO AIR PRO 25\"\/><\/figure>\n\n<h2 class=\"wp-block-heading\">Ei ole triivi<\/h2>\n\n<h2 class=\"wp-block-heading\">AYANEO Airi joystickid kasutavad elektromagnetilisi kiikedeid, et tagada joysticki triivimise v\u00e4ltimine.<\/h2>\n\n<figure class=\"wp-block-image\"><img decoding=\"async\" src=\"https:\/\/droix.net\/wp-content\/uploads\/2022\/10\/22.png\" alt=\"\" title=\"AYA NEO AIR PRO 26\"\/><\/figure>\n\n<h2 class=\"wp-block-heading\">Ei ole surnud tsooni<\/h2>\n\n<h2 class=\"wp-block-heading\">AYANEO Airi joystickidel ei ole joystickide kesk- ja v\u00e4lisr\u00f5ngastel surnud tsooni.<\/h2>\n\n<figure class=\"wp-block-image\"><img decoding=\"async\" src=\"https:\/\/droix.net\/wp-content\/uploads\/2022\/10\/33.png\" alt=\"\" title=\"AYA NEO AIR PRO 27\"\/><\/figure>\n\n<h2 class=\"wp-block-heading\">K\u00f5rge t\u00e4psus<\/h2>\n\n<h2 class=\"wp-block-heading\">V\u00f5imaldab teil saada raskesti tabavaid kaadreid FPS-ides ja juhtida sujuvalt oma s\u00f5idukit s\u00f5idulistes m\u00e4ngudes.<\/h2>\n\n<figure class=\"wp-block-image\"><img decoding=\"async\" src=\"https:\/\/droix.net\/wp-content\/uploads\/2022\/10\/44.png\" alt=\"\" title=\"AYA NEO AIR PRO 28\"\/><\/figure>\n\n<h2 class=\"wp-block-heading\">Pikk eluiga<\/h2>\n\n<h2 class=\"wp-block-heading\">Halli joystickide kasutusiga on 5 miljonit kasutuskorda. See tagab, et teie AYANEO Air k\u00e4itub <\/h2>\n\n<h2 class=\"wp-block-heading\">EXKLUSIIVNE AYANEO seadmetele<\/h2>\n\n<h2 class=\"wp-block-heading\">AYA Space<\/h2>\n\n<h2 class=\"wp-block-heading\">AYA Space v\u00f5imaldab teil sekunditega hallata ja k\u00e4ivitada oma lemmikm\u00e4nge.<br\/>AYA Space&#8217;i abil saate seadistada m\u00e4ngup\u00f5hiseid j\u00f5udlusprofiile ja juhtida oma seadme p\u00f5hifunktsioone.<br\/> AYANEO Airil on spetsiaalne AYA Space&#8217;i nupp, millega saab h\u00f5lpsasti esile tuua kattekihi, mis v\u00f5imaldab teil reguleerida heledust, helitugevust ja TDP - k\u00f5ik \u00fche nupuvajutusega.<\/h2>\n\n<figure class=\"wp-block-image\"><img decoding=\"async\" src=\"https:\/\/droix.net\/wp-content\/uploads\/2022\/10\/ayaspace-ui-768x625.png\" alt=\"\" title=\"AYA NEO AIR PRO 29\"\/><\/figure>\n\n<h2 class=\"wp-block-heading\">Kiire salvestusruum, olgu see siis sisemine v\u00f5i v\u00e4line salvestusruum<\/h2>\n\n<h2 class=\"wp-block-heading\">Sisemine SSD<\/h2>\n\n<h2 class=\"wp-block-heading\">Sisseehitatud kiire NVMe SSD kuni 2TB mahutavusega<\/h2>\n\n<figure class=\"wp-block-image\"><img decoding=\"async\" src=\"https:\/\/droix.net\/wp-content\/uploads\/2022\/10\/storage-1.png\" alt=\"\" title=\"AYA NEO AIR PRO 30\"\/><\/figure>\n\n<h2 class=\"wp-block-heading\">TF\/Micro SD-kaardi pesa<\/h2>\n\n<h2 class=\"wp-block-heading\">V\u00f5imaldab h\u00f5lpsasti sisem\u00e4lu uuendamist.<\/h2>\n\n<figure class=\"wp-block-image\"><img decoding=\"async\" src=\"https:\/\/droix.net\/wp-content\/uploads\/2022\/10\/storage-2.png\" alt=\"\" title=\"AYA NEO AIR PRO 31\"\/><\/figure>\n\n<figure class=\"wp-block-image\"><img decoding=\"async\" src=\"https:\/\/droix.net\/wp-content\/uploads\/2022\/10\/multi-use.jpg\" alt=\"\" title=\"AYA NEO AIR PRO 32\"\/><\/figure>\n","protected":false},"excerpt":{"rendered":"<ul>\n<li>AMD <strong>Ryzen 5 5560U<\/strong> \/ AMD <strong>Ryzen 7 5825U<\/strong><\/li>\n<li><strong>16GB<\/strong> LPDDR4x @ 4266Mhz<\/li>\n<li><strong>kuni 1TB<\/strong> kiire PCI-E <strong>M.2<\/strong> 2280 SSD<\/li>\n<li><strong>5,5<\/strong> \" <strong> OLED Puuteekraaniga ekraan<\/strong> <\/li>\n<li><strong>WiFi 6<\/strong> ja <strong>Bluetooth 5.2<\/strong> tugi<\/li>\n<\/ul>\n[cg_accordion title=\"Garantii\"]<\/p>\n<p>AYANEO AIR PRO-le annab <a href=\"https:\/\/droix.net\/\">DROIX Global<\/a> 1-aastase garantii. [\/cg_accordion]\n[cg_accordion title=\"Hinnakujundus, maksud ja kohaletoimetamine\"]<\/p>\n<p><strong><u>M\u00e4rkus:<\/u><\/strong><\/p>\n<ul>\n<li>Ameerika \u00dchendriikide kliendid: N\u00e4idatud hind sisaldab vastavalt teie osariigile kohaldatavat MAKSU.<\/li>\n<li>ELi kliendid: N\u00e4idatud hind sisaldab kohaldatavat MAKSU, mis v\u00f5ib s\u00f5ltuvalt teie riigist olla kuni 25%.<\/li>\n<li>Kanada kliendid: N\u00e4idatud hind sisaldab kohaldatavaid makse, mis v\u00f5ivad sisaldada 5% GST ja t\u00e4iendavaid provintsi m\u00fc\u00fcgimakse (PST), \u00fchtlustatud m\u00fc\u00fcgimaksu (HST) v\u00f5i Quebeci m\u00fc\u00fcgimaksu (QST), s\u00f5ltuvalt teie provintsist.<\/li>\n<\/ul>\n<p>[\/cg_accordion]\n[cg_accordion title=\"Kohaletoimetamine ja tagastamine\"]<\/p>\n<p><a href=\"https:\/\/droix.net\/\" target=\"_blank\" rel=\"nofollow noopener\">DROIX<\/a>, ametlik AYANEO turustaja, korraldab tellimuse, mida me saadame DHL Express DDP (Delivered Duty Paid) abil. See t\u00e4hendab: <\/p>\n<p>Express DDP (Delivered Duty Paid). See t\u00e4hendab: <\/p>\n<ul>\n<li>K\u00f5ik tollimaksud ja maksud sisalduvad toote lehel n\u00e4idatud hinnas.<\/li>\n<li>Te ei pea tarnimisel lisatasusid maksma.<\/li>\n<li>Harva esinevate tolliprobleemide korral tegeleb meie meeskond teie nimel tollivormistusega, et tagada sujuv tarne.<\/li>\n<p>Oluline teave tagastuste kohta:<\/p>\n<li>Kui otsustate oma tellimuse tagastada v\u00f5i taotleda raha tagasi, siis pidage meeles, et teie eest DDP tingimuste alusel makstud makse ja tollimakse ei saa tagasi maksta.<\/li>\n<p>\u00dcksikasjalikku teavet leiate meie <a href=\"https:\/\/ayaneo.co\/terms-of-service-2\/\" target=\"_blank\" rel=\"nofollow noopener\">Tingimustest<\/a>.\n<\/ul>\n<p>[\/cg_accordion]\n[cg_accordion title=\"Klienditugi\"]<\/p>\n<p>Kas teil on k\u00fcsimus? Oleme l\u00fchikese teksti kaugusel sellest, et teie k\u00fcsimus oleks lahendatud! [\/cg_accordion]\n[cg_accordion title=\"Pakett sisaldab\"]<\/p>\n<ul>\n<li>1x AYANEO AIR PRO Gaming Handheld<\/li>\n<li>1x USB Type-C kaabel<\/li>\n<li>1x toiteadapter<\/li>\n<li>1x kasutusjuhend<\/li>\n<\/ul>\n<p>[\/cg_accordion]\n","protected":false},"featured_media":12514,"template":"","meta":{"_acf_changed":false},"product_brand":[],"product_cat":[550],"product_tag":[],"class_list":{"0":"post-12935","1":"product","2":"type-product","3":"status-publish","4":"has-post-thumbnail","6":"product_cat-kaeshoitavad-manguriarvutid","7":"product_shipping_class-premium","8":"pa_brand-ayaneo","9":"pa_graphics-gpu-model-radeon-graphics","10":"pa_operating-system-windows-11-home","11":"pa_processor-cpu-brand-amd","13":"first","14":"outofstock","15":"taxable","16":"shipping-taxable","17":"purchasable","18":"product-type-variable","19":"has-default-attributes"},"acf":[],"_links":{"self":[{"href":"https:\/\/ayaneo.co\/et\/wp-json\/wp\/v2\/product\/12935","targetHints":{"allow":["GET"]}}],"collection":[{"href":"https:\/\/ayaneo.co\/et\/wp-json\/wp\/v2\/product"}],"about":[{"href":"https:\/\/ayaneo.co\/et\/wp-json\/wp\/v2\/types\/product"}],"wp:featuredmedia":[{"embeddable":true,"href":"https:\/\/ayaneo.co\/et\/wp-json\/wp\/v2\/media\/12514"}],"wp:attachment":[{"href":"https:\/\/ayaneo.co\/et\/wp-json\/wp\/v2\/media?parent=12935"}],"wp:term":[{"taxonomy":"product_brand","embeddable":true,"href":"https:\/\/ayaneo.co\/et\/wp-json\/wp\/v2\/product_brand?post=12935"},{"taxonomy":"product_cat","embeddable":true,"href":"https:\/\/ayaneo.co\/et\/wp-json\/wp\/v2\/product_cat?post=12935"},{"taxonomy":"product_tag","embeddable":true,"href":"https:\/\/ayaneo.co\/et\/wp-json\/wp\/v2\/product_tag?post=12935"}],"curies":[{"name":"wp","href":"https:\/\/api.w.org\/{rel}","templated":true}]}}