{"id":13061,"date":"2025-01-28T11:05:14","date_gmt":"2025-01-28T11:05:14","guid":{"rendered":"https:\/\/ayaneo.co\/product\/droix-pm14-4k-kaasaskantav-monitor\/"},"modified":"2025-06-06T10:40:26","modified_gmt":"2025-06-06T10:40:26","slug":"droix-pm14-4k-kaasaskantav-monitor","status":"publish","type":"product","link":"https:\/\/ayaneo.co\/et\/product\/droix-pm14-4k-kaasaskantav-monitor\/","title":{"rendered":"DroiX PM14 4K kaasaskantav monitor"},"content":{"rendered":"\n<div class=\"wp-block-columns is-layout-flex wp-container-core-columns-is-layout-28f84493 wp-block-columns-is-layout-flex\">\n<div class=\"wp-block-column is-layout-flow wp-block-column-is-layout-flow\" style=\"flex-basis:33.33%\">\n<figure class=\"wp-block-image size-large\"><a href=\"https:\/\/droix.net\/wp-content\/uploads\/2024\/05\/DROIX-PM14-LISTING-V2-DONE-01-NON-TOUCH.png\" target=\"_blank\" rel=\"noopener\"><img decoding=\"async\" src=\"https:\/\/droix.net\/wp-content\/uploads\/2024\/05\/DROIX-PM14-LISTING-V2-DONE-01-NON-TOUCH-1024x1024.png\" alt=\"Pilt DroiX kaasaskantav monitor, 14-tolline, 4K, Ultra Thin&quot;\" class=\"wp-image-179745\"\/><\/a><\/figure>\n<\/div>\n\n\n\n<div class=\"wp-block-column is-layout-flow wp-block-column-is-layout-flow\" style=\"flex-basis:66.66%\">\n<h3 class=\"wp-block-heading\"><strong>DroiX PM14 - 14,0-tolline 4K \u00fcli\u00f5huke kaasaskantav monitor<\/strong><\/h3>\n\n\n\n<p>Avastage tipptasemel edusammud kuvaritehnoloogias koos DroiX PM14, 14,0-tollise \u00fcli\u00f5hukese kaasaskantava monitoriga, mis on saadaval nii puutetundliku kui ka mitte puutetundliku ekraaniga variandina. See uuenduslik seade seab uue standardi mobiilsete arvutite valdkonnas, \u00fchendades tugeva j\u00f5udluse erakordse kaasaskantavuse ja kaasaegse disainiga. Olenemata sellest, kas olete professionaal v\u00f5i meelelahutuse harrastaja, on DroiX PM14 4K kaasaskantav monitor loodud nii, et see sobituks sujuvalt teie d\u00fcnaamilise elustiili, pakkudes olulist mitmek\u00fclgsust nii kodus, kontoris kui ka liikvel olles.  <\/p>\n<\/div>\n<\/div>\n\n<h3 class=\"wp-block-heading\"><strong>Toote \u00fclevaade<\/strong><\/h3>\n\n<figure class=\"wp-block-image aligncenter size-large\"><a href=\"https:\/\/droix.net\/wp-content\/uploads\/2024\/04\/1080P-FHD.jpg\" target=\"_blank\" rel=\"noopener\"><img decoding=\"async\" src=\"https:\/\/droix.net\/wp-content\/uploads\/2024\/04\/1080P-FHD-1024x420.jpg\" alt=\"Pilt DroiX Portable Monitor, 14-tolline, 4K, Ultra Thin, terava 3840x2160 UHD resolutsiooniga, elavate v&#xE4;rvide ja uskumatute detailidega, DCI-P3 100% v&#xE4;rvigamma ja HDR400 toega.\" class=\"wp-image-178360\"\/><\/a><\/figure>\n\n<p>DroiX PM14 kaasaskantav monitor n\u00e4itab moodsat tehnikat oma parimas vormis, uhkeldades elava 3840&#215;2160 UHD resolutsiooniga, mis \u00e4ratab sisu ellu elavate v\u00e4rvide ja erakordse detailsusega. T\u00e4nu DCI-P3 100% v\u00e4rvigammale ja HDR400 toele pakub see h\u00e4mmastavat visuaalset kujutist, mida iseloomustavad s\u00fcgavad mustad ja eredad valged v\u00e4rvid. Selle \u00f5huke profiil ja kerge disain tagavad \u00fclima kaasaskantavuse, tegemata j\u00e4releandmisi kvaliteedi v\u00f5i j\u00f5udluse osas.  <\/p>\n\n<figure class=\"wp-block-image aligncenter size-large\"><a href=\"https:\/\/droix.net\/wp-content\/uploads\/2024\/04\/Color.jpg\" target=\"_blank\" rel=\"noopener\"><img decoding=\"async\" src=\"https:\/\/droix.net\/wp-content\/uploads\/2024\/04\/Color-1024x406.jpg\" alt=\"Pilt DroiX Portable Monitor, 14-tolline, 4K, Ultra Thin, millel on DCI-P3 100% v&#xE4;rvigamma ja HDR400 tugi, mis tagab h&#xE4;mmastava visuaalse pildi koos s&#xFC;gava musta ja s&#xE4;rava valge v&#xE4;rviga. &#xD5;huke profiil ja kerge disain tagab &#xFC;lima kaasaskantavuse ilma kvaliteedi v&#xF5;i j&#xF5;udluse ohverdamiseta. \" class=\"wp-image-178361\"\/><\/a><\/figure>\n\n<p>Ergonoomiliselt hea disainiga DroiX PM14 on varustatud kasutajas\u00f5braliku juhtrattaga ja mitmek\u00fclgsete \u00fchendusv\u00f5imalustega, nagu Mini HDMI ja mitu USB-C porti. See muudab selle kohandatavaks k\u00f5igi teie seadmetega, olgu siis PlayStationil m\u00e4ngides, Macil videoid toimetades v\u00f5i s\u00fclearvutist esitlusi tehes. PM14 integreerub sujuvalt mis tahes seadistusse, pakkudes madalat energiatarbimist ja suure t\u00f5hususega j\u00f5udlust, nii et saate kauem t\u00f6\u00f6tada, ilma et peaksite muretsema oma seadmete akude t\u00fchjenemise p\u00e4rast.  <\/p>\n\n<figure class=\"wp-block-image aligncenter size-large\"><a href=\"https:\/\/droix.net\/wp-content\/uploads\/2024\/04\/Modes.jpg\" target=\"_blank\" rel=\"noopener\"><img decoding=\"async\" src=\"https:\/\/droix.net\/wp-content\/uploads\/2024\/04\/Modes-1024x419.jpg\" alt=\"Pilt DroiX Portable Monitor, 14-tolline, 4K, Ultra Thin, &#xFC;hildub s&#xFC;learvutite, Macide, nutitelefonide, tahvelarvutite, arvutite, PS3\/4\/5, Xboxi ja Switc'iga.\" class=\"wp-image-178357\"\/><\/a><\/figure>\n\n<h3 class=\"wp-block-heading\"><strong>\u00dcksikasjalikud omadused<\/strong><\/h3>\n\n<ul class=\"wp-block-list\">\n<li>Tulemused: DroiX PM14 4K kaasaskantav monitor paistab silma t\u00e4nu 60 Hz v\u00e4rskendussagedusele ja 2,5 ms reageerimiskiirusele, mis tagab sujuva liikumise ja terava pildi isegi kiirete stseenide ajal. See pakub 500 cd\/m\u00b2 heledust ja 1500:1 kontrastsuhet, tagades suurep\u00e4rase n\u00e4htavuse erinevates valgustingimustes. <\/li>\n\n\n\n<li>\u00dchendatavus: DroiX PM14 pakub mitmek\u00fclgseid \u00fchendusv\u00f5imalusi: kaks USB-C porti toite- ja videoandmeside jaoks, t\u00e4iendav USB-C port lisaseadmete, n\u00e4iteks klaviatuuride ja hiirte jaoks, Mini HDMI port tavap\u00e4raste video\u00fchenduste jaoks ja audioliides privaatse kuulamise jaoks.<\/li>\n<\/ul>\n\n<figure class=\"wp-block-image aligncenter size-large\"><a href=\"https:\/\/droix.net\/wp-content\/uploads\/2024\/04\/interface.jpg\" target=\"_blank\" rel=\"noopener\"><img decoding=\"async\" src=\"https:\/\/droix.net\/wp-content\/uploads\/2024\/04\/interface-1024x1024.jpg\" alt=\"DroiX PM14 kaasaskantava monitori pilt, mis toetab laia valikut HDMI- ja Type-C-seadmeid, suurendades &#xFC;hilduvust kogu digitaalses &#xF6;kos&#xFC;steemis. Sobib ideaalselt m&#xE4;ngijatele, loomingulistele professionaalidele, kes kasutavad Mac'i, ja &#xE4;rit&#xF6;&#xF6;tajatele, kes vajavad lisakraani. Kasutajas&#xF5;bralik Windowsi jaoks koos plug-and-play seadistusega probleemivaba kasutamise jaoks  \" class=\"wp-image-178362\"\/><\/a><\/figure>\n\n<h3 class=\"wp-block-heading\"><strong>Kasutajakogemus<\/strong><\/h3>\n\n<p>DroiX PM14 toetab laia valikut HDMI- ja Type-C-seadmeid, tagades \u00fchilduvuse erinevates digitaalsetes \u00f6kos\u00fcsteemides. Olenemata sellest, kas olete m\u00e4ngur, kes otsib kaasaskantavat monitori, loominguline professionaal, kes kasutab Mac&#8217;i, v\u00f5i \u00e4rijuht, kes vajab esitluste jaoks lisakraani, PM14 kohandub vaevata teie vajadustele vastavaks. See paistab silma Windows-keskkondades oma kasutajas\u00f5braliku plug-and-play seadistusega, mis v\u00f5imaldab sul sujuvalt ja probleemideta t\u00f6\u00f6le v\u00f5i m\u00e4ngule \u00fcle minna.  <\/p>\n\n<figure class=\"wp-block-image aligncenter size-large\"><a href=\"https:\/\/droix.net\/wp-content\/uploads\/2024\/04\/portable1.jpg\" target=\"_blank\" rel=\"noopener\"><img decoding=\"async\" src=\"https:\/\/droix.net\/wp-content\/uploads\/2024\/04\/portable1-1024x483.jpg\" alt=\"Pilt DroiX kaasaskantav monitor, 14-tolline, 4K, Ultra Thin, kerge ja kaasaskantav\" class=\"wp-image-178358\"\/><\/a><\/figure>\n\n<h3 class=\"wp-block-heading\"><strong>Kokkuv\u00f5te<\/strong><\/h3>\n\n<p>DroiX PM14 kaasaskantav monitor on tipptasemel lahendus, mis \u00fchendab endas suurep\u00e4rase funktsionaalsuse, erakordse disaini ja kaasaskantavuse vabaduse. See on midagi enamat kui lihtsalt monitor; see on v\u00e4rav, mis suurendab teie tootlikkust ja meelelahutust, kus iganes te ka ei viibiksite. <\/p>\n\n<p>Avastage s\u00fclearvutite kaasaskantavate monitoride tulevik koos DroiX PM14-ga. \u00c4ra j\u00e4ta vahele - broneeri oma n\u00fc\u00fcd, et kindlustada oma seade ja olla esimeste seas, kes saavad oma vaatamiskogemuse liikvel olles t\u00f5sta! <\/p>\n","protected":false},"excerpt":{"rendered":"<ul>\n<li>4K 14&#8243;<strong> HDR400<\/strong> ekraan<\/li>\n<li>100%<strong> DCI-P3<\/strong> katvus<\/li>\n<li>500 <strong>Nits<\/strong> Heledus<\/li>\n<li><strong> Sisseehitatud<\/strong> jalutusalus<\/li>\n<li> <strong> Sisseehitatud<\/strong> k\u00f5larid<\/li>\n<\/ul>\n[cg_accordion title=\"MAKSUINFO\"]<\/p>\n<p>Me kasutame uusimat makset\u00f6\u00f6tlustehnoloogiat, mis v\u00f5imaldab teil kiiret ja turvalist maksmist Apple Pay, Google Pay, deebet-\/krediitkaardi, PayPali v\u00f5i BNPL-meetodite, nagu Klarna, Affirm v\u00f5i AfterPay kaudu.[\/cg_accordion]\n[cg_accordion title=\"GARANTSIOON\"]<\/p>\n<p>1 aasta garantii <a href=\"https:\/\/droix.net\/\" target=\"_blank\" rel=\"nofollow noopener\">DROIX Global<\/a> ilt teie meelerahu tagamiseks[\/cg_accordion]\n[cg_accordion title=\"HINNAKUJUNDUS, MAKSUD JA KOHALETOIMETAMINE\"]<\/p>\n<p><strong><u>M\u00e4rkus:<\/u><\/strong><\/p>\n<ul>\n<li>Ameerika \u00dchendriikide kliendid: N\u00e4idatud hind ei sisalda makse ega tollimaksu. Vastutus tollivormistuse ja sellega seotud maksude\/tollimaksude tasumise eest lasub kliendil. <\/li>\n<li>ELi kliendid: N\u00e4idatud hind sisaldab kohaldatavat MAKSU, mis v\u00f5ib s\u00f5ltuvalt teie riigist olla kuni 25%.<\/li>\n<li>Kanada kliendid: N\u00e4idatud hind sisaldab kohaldatavaid makse, mis v\u00f5ivad sisaldada 5% GST ja t\u00e4iendavaid provintsi m\u00fc\u00fcgimakse (PST), \u00fchtlustatud m\u00fc\u00fcgimaksu (HST) v\u00f5i Quebeci m\u00fc\u00fcgimaksu (QST), s\u00f5ltuvalt teie provintsist.<\/li>\n<\/ul>\n<p><strong>AINULT ELi klientidele:<\/strong> Express DDP (Delivered Duty Paid). See t\u00e4hendab: <\/p>\n<ul>\n<li>K\u00f5ik tollimaksud ja maksud sisalduvad toote lehel n\u00e4idatud hinnas.<\/li>\n<li>Te ei pea tarnimisel lisatasusid maksma.<\/li>\n<li>Harva esinevate tolliprobleemide korral tegeleb meie meeskond teie nimel tollivormistusega, et tagada sujuv tarne.<\/li>\n<p>Oluline teave tagastuste kohta:<\/p>\n<li>Kui otsustate oma tellimuse tagastada v\u00f5i taotleda raha tagasi, siis pidage meeles, et teie eest DDP tingimuste alusel makstud makse ja tollimakse ei saa tagasi maksta.<\/li>\n<p>\u00dcksikasjalikku teavet leiate meie <a href=\"https:\/\/ayaneo.co\/et\/teenuse-tingimused\/\" target=\"_blank\" rel=\"nofollow noopener\">Tingimustest<\/a>.\n<\/ul>\n<p>[\/cg_accordion]\n[cg_accordion title=\"KLIENDITUGI\"]<\/p>\n<p>Kas teil on k\u00fcsimus? Oleme l\u00fchikese teksti kaugusel sellest, et teie k\u00fcsimus oleks lahendatud!<br \/>\n[\/cg_accordion]\n","protected":false},"featured_media":8054,"template":"","meta":{"_acf_changed":false},"product_brand":[],"product_cat":[1023],"product_tag":[],"class_list":{"0":"post-13061","1":"product","2":"type-product","3":"status-publish","4":"has-post-thumbnail","6":"product_cat-kaasaskantavad-monitorid","7":"product_shipping_class-standard","8":"pa_brand-droix","10":"first","11":"outofstock","12":"sale","13":"taxable","14":"shipping-taxable","15":"purchasable","16":"product-type-variable","17":"has-default-attributes"},"acf":[],"_links":{"self":[{"href":"https:\/\/ayaneo.co\/et\/wp-json\/wp\/v2\/product\/13061","targetHints":{"allow":["GET"]}}],"collection":[{"href":"https:\/\/ayaneo.co\/et\/wp-json\/wp\/v2\/product"}],"about":[{"href":"https:\/\/ayaneo.co\/et\/wp-json\/wp\/v2\/types\/product"}],"wp:featuredmedia":[{"embeddable":true,"href":"https:\/\/ayaneo.co\/et\/wp-json\/wp\/v2\/media\/8054"}],"wp:attachment":[{"href":"https:\/\/ayaneo.co\/et\/wp-json\/wp\/v2\/media?parent=13061"}],"wp:term":[{"taxonomy":"product_brand","embeddable":true,"href":"https:\/\/ayaneo.co\/et\/wp-json\/wp\/v2\/product_brand?post=13061"},{"taxonomy":"product_cat","embeddable":true,"href":"https:\/\/ayaneo.co\/et\/wp-json\/wp\/v2\/product_cat?post=13061"},{"taxonomy":"product_tag","embeddable":true,"href":"https:\/\/ayaneo.co\/et\/wp-json\/wp\/v2\/product_tag?post=13061"}],"curies":[{"name":"wp","href":"https:\/\/api.w.org\/{rel}","templated":true}]}}