{"id":13949,"date":"2025-05-02T12:08:14","date_gmt":"2025-05-02T12:08:14","guid":{"rendered":"https:\/\/ayaneo.co\/?post_type=product&#038;p=13949"},"modified":"2025-12-11T00:13:36","modified_gmt":"2025-12-11T00:13:36","slug":"ayaneo-pocket-s-copy","status":"publish","type":"product","link":"https:\/\/ayaneo.co\/et\/product\/ayaneo-pocket-s-copy\/","title":{"rendered":"AYANEO Pocket ACE"},"content":{"rendered":"\n<figure class=\"wp-block-video\"><video height=\"720\" style=\"aspect-ratio: 1280 \/ 720;\" width=\"1280\" controls=\"\" poster=\"https:\/\/ayaneo.co\/wp-content\/uploads\/2025\/05\/maxresdefault-5.jpg\" src=\"https:\/\/ayaneo.co\/wp-content\/uploads\/2025\/05\/ace.mp4\"><\/video><\/figure>\n\n<div class=\"wp-block-columns is-layout-flex wp-container-core-columns-is-layout-28f84493 wp-block-columns-is-layout-flex\">\n<div class=\"wp-block-column is-layout-flow wp-block-column-is-layout-flow\" style=\"flex-basis:33.33%\">\n<figure class=\"wp-block-image size-full\"><a href=\"https:\/\/ayaneo.co\/wp-content\/uploads\/2025\/05\/AYANEO-POCKET-ACE-MARKETING-DONE-01-1024x837-1.jpg\"><img fetchpriority=\"high\" decoding=\"async\" width=\"1024\" height=\"837\" src=\"https:\/\/ayaneo.co\/wp-content\/uploads\/2025\/05\/AYANEO-POCKET-ACE-MARKETING-DONE-01-1024x837-1.jpg\" alt=\"K&#xE4;eshoitav m&#xE4;ngukonsool AYANEO Pocket ACE, mille ekraanil on v&#xE4;rviline gradientne logo. Seadmel on D-pad, analoogpuldid ja tegevusnupud, mis on k&#xF5;ik valgustatud soojas &#xFC;mbritsevas keskkonnas, mille taust on h&#xE4;gune oran&#x17E;. \" class=\"wp-image-37460\" srcset=\"https:\/\/ayaneo.co\/wp-content\/uploads\/2025\/05\/AYANEO-POCKET-ACE-MARKETING-DONE-01-1024x837-1.jpg 1024w, https:\/\/ayaneo.co\/wp-content\/uploads\/2025\/05\/AYANEO-POCKET-ACE-MARKETING-DONE-01-1024x837-1-300x245.jpg 300w, https:\/\/ayaneo.co\/wp-content\/uploads\/2025\/05\/AYANEO-POCKET-ACE-MARKETING-DONE-01-1024x837-1-768x628.jpg 768w, https:\/\/ayaneo.co\/wp-content\/uploads\/2025\/05\/AYANEO-POCKET-ACE-MARKETING-DONE-01-1024x837-1-990x809.jpg 990w, https:\/\/ayaneo.co\/wp-content\/uploads\/2025\/05\/AYANEO-POCKET-ACE-MARKETING-DONE-01-1024x837-1-441x360.jpg 441w, https:\/\/ayaneo.co\/wp-content\/uploads\/2025\/05\/AYANEO-POCKET-ACE-MARKETING-DONE-01-1024x837-1-600x490.jpg 600w, https:\/\/ayaneo.co\/wp-content\/uploads\/2025\/05\/AYANEO-POCKET-ACE-MARKETING-DONE-01-1024x837-1-150x123.jpg 150w\" sizes=\"(max-width: 1024px) 100vw, 1024px\" \/><\/a><\/figure>\n<\/div>\n\n\n\n<div class=\"wp-block-column is-layout-flow wp-block-column-is-layout-flow\" style=\"flex-basis:66.66%\">\n<h3 class=\"wp-block-heading\">Kogemused retro m\u00e4ngude nagu kunagi varem AYANEO Pocket ACE-ga<\/h3>\n\n\n\n<p>AYANEO Pocket ACE on revolutsiooniline pihuarvuti, mis \u00fchendab sujuvalt retro-m\u00e4ngude v\u00f5lu ja moodsa tipptasemel tehnoloogia. See seade on inspireeritud klassikalistest horisontaalsetest pihuarvutikonsoolidest ja pakub nostalgilist esteetikat koos v\u00f5imsa j\u00f5udlusega, mist\u00f5ttu on see suurep\u00e4rane valik nii retrom\u00e4ngude entusiastidele kui ka kaasaegsetele m\u00e4ngijatele. <\/p>\n<\/div>\n<\/div>\n\n<hr class=\"wp-block-separator has-alpha-channel-opacity\"\/>\n\n<div class=\"wp-block-columns is-layout-flex wp-container-core-columns-is-layout-28f84493 wp-block-columns-is-layout-flex\">\n<div class=\"wp-block-column is-layout-flow wp-block-column-is-layout-flow\">\n<figure class=\"wp-block-image size-full\"><a href=\"https:\/\/ayaneo.co\/wp-content\/uploads\/2025\/05\/snapdragon_g3x_gen2_rounded-1024x837-1.png\"><img decoding=\"async\" width=\"1024\" height=\"837\" src=\"https:\/\/ayaneo.co\/wp-content\/uploads\/2025\/05\/snapdragon_g3x_gen2_rounded-1024x837-1.png\" alt=\"Snapdragon G3x Gen 2 protsessorim&#xE4;rk kuldses &#xFC;mardatud ruudus, millel on paremal pool punane leegiembleem ja vasakul pool rasvane punane tekst &quot;Snapdragon G3x Gen 2&quot;.\" class=\"wp-image-37462\" srcset=\"https:\/\/ayaneo.co\/wp-content\/uploads\/2025\/05\/snapdragon_g3x_gen2_rounded-1024x837-1.png 1024w, https:\/\/ayaneo.co\/wp-content\/uploads\/2025\/05\/snapdragon_g3x_gen2_rounded-1024x837-1-300x245.png 300w, https:\/\/ayaneo.co\/wp-content\/uploads\/2025\/05\/snapdragon_g3x_gen2_rounded-1024x837-1-768x628.png 768w, https:\/\/ayaneo.co\/wp-content\/uploads\/2025\/05\/snapdragon_g3x_gen2_rounded-1024x837-1-990x809.png 990w, https:\/\/ayaneo.co\/wp-content\/uploads\/2025\/05\/snapdragon_g3x_gen2_rounded-1024x837-1-441x360.png 441w, https:\/\/ayaneo.co\/wp-content\/uploads\/2025\/05\/snapdragon_g3x_gen2_rounded-1024x837-1-600x490.png 600w, https:\/\/ayaneo.co\/wp-content\/uploads\/2025\/05\/snapdragon_g3x_gen2_rounded-1024x837-1-150x123.png 150w\" sizes=\"(max-width: 1024px) 100vw, 1024px\" \/><\/a><\/figure>\n\n\n\n<h3 class=\"wp-block-heading\">Tulemuslikkus<\/h3>\n\n\n\n<p>Pocket ACE&#8217;i keskmes on Snapdragon G3x Gen 2 m\u00e4nguplatvorm, mis pakub kuni 15 W p\u00fcsivat j\u00f5udlust. See v\u00f5imas protsessor tagab retrotoodete sujuv emuleerimise ja kaasaegsete Android-m\u00e4ngude t\u00f5husa k\u00e4sitlemise. Seade pakub mitmeid j\u00f5udlusre\u017eiime - s\u00e4\u00e4sture\u017eiim, tasakaalure\u017eiim, m\u00e4ngure\u017eiim ja maksimumre\u017eiim -, mis v\u00f5imaldab kasutajatel optimeerida j\u00f5udlust vastavalt oma m\u00e4nguvajadustele.  <\/p>\n<\/div>\n\n\n\n<div class=\"wp-block-column is-layout-flow wp-block-column-is-layout-flow\">\n<figure class=\"wp-block-image size-full\"><a href=\"https:\/\/ayaneo.co\/wp-content\/uploads\/2025\/05\/AYANEO-POCKET-ACE-MARKETING-DONE-02-1024x837-1.jpg\"><img decoding=\"async\" width=\"1024\" height=\"837\" src=\"https:\/\/ayaneo.co\/wp-content\/uploads\/2025\/05\/AYANEO-POCKET-ACE-MARKETING-DONE-02-1024x837-1.jpg\" alt=\"Kaks AYANEO Pocket ACE pihuarvuti m&#xE4;ngukonsooli k&#xF5;rvuti - &#xFC;ks valge, punaste nuppudega, millel on m&#xE4;rge &quot;Retro Power&quot;, ja teine must, tumedate juhtnuppudega. M&#xF5;lemal on v&#xE4;rviline triibuline ekraanigraafika, mis n&#xE4;itab erinevaid v&#xE4;rvilahendusi. Valgustatud soojade ja jahedate toonidega, et r&#xF5;hutada riistvara disaini ja &#xF5;lanuppe.  \" class=\"wp-image-37463\" srcset=\"https:\/\/ayaneo.co\/wp-content\/uploads\/2025\/05\/AYANEO-POCKET-ACE-MARKETING-DONE-02-1024x837-1.jpg 1024w, https:\/\/ayaneo.co\/wp-content\/uploads\/2025\/05\/AYANEO-POCKET-ACE-MARKETING-DONE-02-1024x837-1-300x245.jpg 300w, https:\/\/ayaneo.co\/wp-content\/uploads\/2025\/05\/AYANEO-POCKET-ACE-MARKETING-DONE-02-1024x837-1-768x628.jpg 768w, https:\/\/ayaneo.co\/wp-content\/uploads\/2025\/05\/AYANEO-POCKET-ACE-MARKETING-DONE-02-1024x837-1-990x809.jpg 990w, https:\/\/ayaneo.co\/wp-content\/uploads\/2025\/05\/AYANEO-POCKET-ACE-MARKETING-DONE-02-1024x837-1-441x360.jpg 441w, https:\/\/ayaneo.co\/wp-content\/uploads\/2025\/05\/AYANEO-POCKET-ACE-MARKETING-DONE-02-1024x837-1-600x490.jpg 600w, https:\/\/ayaneo.co\/wp-content\/uploads\/2025\/05\/AYANEO-POCKET-ACE-MARKETING-DONE-02-1024x837-1-150x123.jpg 150w\" sizes=\"(max-width: 1024px) 100vw, 1024px\" \/><\/a><\/figure>\n\n\n\n<h3 class=\"wp-block-heading\">Juhtimisseadmed ja sisendid<\/h3>\n\n\n\n<p>Pocket ACE on varustatud mitmek\u00fclgse juhtimisskeemiga, mis on m\u00f5eldud erinevate m\u00e4ngude \u017eanrite jaoks. Peamised funktsioonid on j\u00e4rgmised. <\/p>\n\n\n\n<ul class=\"wp-block-list\">\n<li>Keskmise Hall-efektiga kaks analoogjuhtimispuldi t\u00e4pseks sisestamiseks<\/li>\n\n\n\n<li>Lineaarsed Hall-efekti p\u00e4\u00e4stikud tundlikuks juhtimiseks<\/li>\n\n\n\n<li>Retrot\u00fc\u00fcpi D-pad, mis on paigutatud \u00fclaosas klassikalise m\u00e4ngutunnetuse saavutamiseks.<\/li>\n\n\n\n<li>ABXY n\u00e4onupud kohandatavate kujundustega<\/li>\n\n\n\n<li>T\u00e4iendavad nupud, sealhulgas Home, Turbo ja emulaatori kiirklahvid<\/li>\n<\/ul>\n<\/div>\n\n\n\n<div class=\"wp-block-column is-layout-flow wp-block-column-is-layout-flow\">\n<figure class=\"wp-block-image size-full\"><a href=\"https:\/\/ayaneo.co\/wp-content\/uploads\/2025\/05\/seamless_power_combination_rounded-1024x837-1.png\"><img loading=\"lazy\" decoding=\"async\" width=\"1024\" height=\"837\" src=\"https:\/\/ayaneo.co\/wp-content\/uploads\/2025\/05\/seamless_power_combination_rounded-1024x837-1.png\" alt=\"Infograafik, mis reklaamib pihuarvuti m&#xE4;ngukonsoolide j&#xF5;udlusomadusi. T&#xE4;hts&#xFC;ndmuste hulka kuuluvad LPDDR5X-m&#xE4;lu kiirusega 8533 Mbit\/s, UFS 4.0 m&#xE4;lu kiirusega 4000+ MB\/s lugemiskiirusega ja suure m&#xE4;lumahu toetus, et mahutada arvukalt m&#xE4;nge. Kolm paneeli illustreerivad m&#xE4;lu, m&#xE4;lu ja m&#xE4;ngude raamatukogu pikslilise graafika ja m&#xE4;ngukaante pisipiltidega.  \" class=\"wp-image-37464\" srcset=\"https:\/\/ayaneo.co\/wp-content\/uploads\/2025\/05\/seamless_power_combination_rounded-1024x837-1.png 1024w, https:\/\/ayaneo.co\/wp-content\/uploads\/2025\/05\/seamless_power_combination_rounded-1024x837-1-300x245.png 300w, https:\/\/ayaneo.co\/wp-content\/uploads\/2025\/05\/seamless_power_combination_rounded-1024x837-1-768x628.png 768w, https:\/\/ayaneo.co\/wp-content\/uploads\/2025\/05\/seamless_power_combination_rounded-1024x837-1-990x809.png 990w, https:\/\/ayaneo.co\/wp-content\/uploads\/2025\/05\/seamless_power_combination_rounded-1024x837-1-441x360.png 441w, https:\/\/ayaneo.co\/wp-content\/uploads\/2025\/05\/seamless_power_combination_rounded-1024x837-1-600x490.png 600w, https:\/\/ayaneo.co\/wp-content\/uploads\/2025\/05\/seamless_power_combination_rounded-1024x837-1-150x123.png 150w\" sizes=\"(max-width: 1024px) 100vw, 1024px\" \/><\/a><\/figure>\n\n\n\n<h3 class=\"wp-block-heading\">Salvestusruumid ja \u00fchenduvus<\/h3>\n\n\n\n<p>AYANEO Pocket ACE pakub paindlikke salvestusv\u00f5imalusi, et rahuldada erinevaid kasutajate vajadusi.<\/p>\n\n\n\n<ul class=\"wp-block-list\">\n<li>8 GB RAM + 128 GB salvestusruumi<\/li>\n\n\n\n<li>12 GB RAM + 256 GB salvestusruumi<\/li>\n\n\n\n<li>16 GB RAM + 512 GB salvestusruumi<\/li>\n\n\n\n<li>16 GB RAM + 1 TB m\u00e4lu<\/li>\n<\/ul>\n\n\n\n<p>M\u00e4lumahu lihtsaks laiendamiseks on olemas ka microSD-kaardi pesa. Seadme \u00fchenduvus on kiire Wi-Fi, Bluetooth 5.3 ja USB 3.2 Gen 2 Type-C port, mis toetab 10 Gbps andmeedastust ja DP 1.4 videov\u00e4ljundit. <\/p>\n<\/div>\n<\/div>\n\n<hr class=\"wp-block-separator has-alpha-channel-opacity\"\/>\n\n<div class=\"wp-block-columns is-layout-flex wp-container-core-columns-is-layout-28f84493 wp-block-columns-is-layout-flex\">\n<div class=\"wp-block-column is-layout-flow wp-block-column-is-layout-flow\">\n<figure class=\"wp-block-image size-full\"><a href=\"https:\/\/ayaneo.co\/wp-content\/uploads\/2025\/05\/ips_screen_rounded-1-1024x837-1.png\"><img loading=\"lazy\" decoding=\"async\" width=\"1024\" height=\"837\" src=\"https:\/\/ayaneo.co\/wp-content\/uploads\/2025\/05\/ips_screen_rounded-1-1024x837-1.png\" alt=\"Valge k&#xE4;eshoitava m&#xE4;ngukonsooli (AYNNO Pocket ACE) reklaamgraafika. Pildil on kaks konsooli, mis h&#xF5;ljuvad heledal taustal, millel on sinikaskollane gradient. Konsooli ekraanil on kujutatud v&#xE4;rviline retro-vikerkaarev&#xE4;rviline triibudekujundus koos tekstiga &quot;AYNNO Pocket ACE&quot; (AYNNO Pocket ACE). Valge tekst &#xFC;laosas on j&#xE4;rgmine tekst: &quot;4,5&quot; IPS originaalv&#xE4;rviekraan, mille peen kujutis &#xE4;rkab ellu   \" class=\"wp-image-37465\" style=\"object-fit:cover\" srcset=\"https:\/\/ayaneo.co\/wp-content\/uploads\/2025\/05\/ips_screen_rounded-1-1024x837-1.png 1024w, https:\/\/ayaneo.co\/wp-content\/uploads\/2025\/05\/ips_screen_rounded-1-1024x837-1-300x245.png 300w, https:\/\/ayaneo.co\/wp-content\/uploads\/2025\/05\/ips_screen_rounded-1-1024x837-1-768x628.png 768w, https:\/\/ayaneo.co\/wp-content\/uploads\/2025\/05\/ips_screen_rounded-1-1024x837-1-990x809.png 990w, https:\/\/ayaneo.co\/wp-content\/uploads\/2025\/05\/ips_screen_rounded-1-1024x837-1-441x360.png 441w, https:\/\/ayaneo.co\/wp-content\/uploads\/2025\/05\/ips_screen_rounded-1-1024x837-1-600x490.png 600w, https:\/\/ayaneo.co\/wp-content\/uploads\/2025\/05\/ips_screen_rounded-1-1024x837-1-150x123.png 150w\" sizes=\"(max-width: 1024px) 100vw, 1024px\" \/><\/a><\/figure>\n\n\n\n<h3 class=\"wp-block-heading\">Disain ja kuvamine<\/h3>\n\n\n\n<p>AYANEO Pocket ACE on elegantse ja kompaktse disainiga, mis meenutab traditsioonilisi horisontaalseid pihuarvutikonsoole. Selle 4,5-tolline IPS-ekraan pakub 1620\u00d71080 piksli eraldusv\u00f5imet ja 3:2 kuvasuhet, pakkudes elavaid v\u00e4rve ja teravat visuaali, mis \u00e4ratavad ellu nii retro- kui ka moodsaid m\u00e4nge. Seade on saadaval kolmes erinevas v\u00e4rvitoonis.  <\/p>\n\n\n\n<ul class=\"wp-block-list\">\n<li>Shadow Dance Black<\/li>\n\n\n\n<li>Light Blade valge<\/li>\n\n\n\n<li>Retro Power (limiteeritud v\u00e4ljaanne)<\/li>\n<\/ul>\n\n\n\n<p>Neljakordselt kumerad servad ja t\u00e4iustatud UV-kate tagavad mugava haarde ja esmaklassilise tunde, mis tagab, et pikemad m\u00e4ngusessioonid on nauditavad.<\/p>\n<\/div>\n\n\n\n<div class=\"wp-block-column is-layout-flow wp-block-column-is-layout-flow\">\n<figure class=\"wp-block-image size-full\"><a href=\"https:\/\/ayaneo.co\/wp-content\/uploads\/2025\/05\/battery_6000mah_rounded-1024x837-1.png\"><img loading=\"lazy\" decoding=\"async\" width=\"1024\" height=\"837\" src=\"https:\/\/ayaneo.co\/wp-content\/uploads\/2025\/05\/battery_6000mah_rounded-1024x837-1.png\" alt=\"Reklaamgraafika, mis r&#xF5;hutab aku mahutavust. Tumeda musta ja rohelise gradientfooniga taustal on kujutatud suur, stiliseeritud aku ikoon, mille t&#xE4;itmine on sinisest rohelisse gradientfooniga. Ikooni all on silmatorkavalt kuvatud number &quot;6000mAh&quot;. &#xDC;lal on valge tekst: &quot;6000mAh suur aku, kestvaks m&#xE4;ngimiseks igal ajal ja igal pool&quot;.   \" class=\"wp-image-37466\" srcset=\"https:\/\/ayaneo.co\/wp-content\/uploads\/2025\/05\/battery_6000mah_rounded-1024x837-1.png 1024w, https:\/\/ayaneo.co\/wp-content\/uploads\/2025\/05\/battery_6000mah_rounded-1024x837-1-300x245.png 300w, https:\/\/ayaneo.co\/wp-content\/uploads\/2025\/05\/battery_6000mah_rounded-1024x837-1-768x628.png 768w, https:\/\/ayaneo.co\/wp-content\/uploads\/2025\/05\/battery_6000mah_rounded-1024x837-1-990x809.png 990w, https:\/\/ayaneo.co\/wp-content\/uploads\/2025\/05\/battery_6000mah_rounded-1024x837-1-441x360.png 441w, https:\/\/ayaneo.co\/wp-content\/uploads\/2025\/05\/battery_6000mah_rounded-1024x837-1-600x490.png 600w, https:\/\/ayaneo.co\/wp-content\/uploads\/2025\/05\/battery_6000mah_rounded-1024x837-1-150x123.png 150w\" sizes=\"(max-width: 1024px) 100vw, 1024px\" \/><\/a><\/figure>\n\n\n\n<h3 class=\"wp-block-heading\">Aku ja lisafunktsioonid<\/h3>\n\n\n\n<p>Pocket ACE on varustatud 6000 mAh akuga, mis toetab 40 W PD kiirlaadimist, et m\u00e4ngimine kestaks kauem. Muud m\u00e4rkimisv\u00e4\u00e4rsed omadused on j\u00e4rgmised. <\/p>\n\n\n\n<ul class=\"wp-block-list\">\n<li>0916B Surge Lineaarne mootor immersiivse haptilise tagasiside jaoks<\/li>\n\n\n\n<li>Kuueteljeline g\u00fcroskoop liikumise kontrollimiseks<\/li>\n\n\n\n<li>T\u00e4iustatud jahutuss\u00fcsteem koos \u00fcli\u00f5hukese ventilaatori, soojuse hajutamise ribade ja vaskplaadiga<\/li>\n\n\n\n<li>S\u00f5rmej\u00e4ljetuvastus on integreeritud toitenupu sisse<\/li>\n<\/ul>\n\n\n\n<p>Need funktsioonid tagavad optimaalse j\u00f5udluse ja t\u00e4iustatud m\u00e4ngukogemuse<\/p>\n<\/div>\n<\/div>\n\n<hr class=\"wp-block-separator has-alpha-channel-opacity\"\/>\n\n<h3 class=\"wp-block-heading\">Kasutajakogemus ja j\u00e4reldus<\/h3>\n\n<p>AYANEO Pocket ACE on tipptasemel pihuarvuti, mis on klassikalise retro-m\u00e4ngu olemus, pakkudes samas kaasaegse tehnoloogia v\u00f5imsust ja mitmek\u00fclgsust. Selle kompaktne disain, v\u00f5imas j\u00f5udlus ja kohandatavad juhtimispuldid teevad sellest erakordse valiku m\u00e4ngijatele, kes otsivad kaasaskantavat ja kaasahaaravat m\u00e4ngukogemust. <\/p>\n\n<p>Tutvu meie \u00fclevaatega <a href=\"https:\/\/droix.net\/blogs\/ayaneo-pocket-ace-review\/\" target=\"_blank\" rel=\"noreferrer noopener nofollow\">siin.<\/a><\/p>\n\n<p><\/p>\n","protected":false},"excerpt":{"rendered":"<ul>\n<li>Protsessor: Qualcomm<strong> G3x Gen 2<\/strong><\/li>\n<li>N\u00e4ita: IPS<strong> piirideta puuteekraan<\/strong>: 4,5&#8243; IPS puuteekraan.<\/li>\n<li>RAM: kuni 16 GB<strong> LPDDR5X<\/strong> @ 8533 <strong>MT\/s<\/strong><\/li>\n<li>Ladustamine:<strong> UFS<\/strong> 4.0: Kuni<strong> 1TB UFS<\/strong> 4.0<\/li>\n<li>\u00dchendatavus: <strong> 5.3<\/strong><\/li>\n<\/ul>\n<p><img loading=\"lazy\" decoding=\"async\" src=\"https:\/\/ayaneo.co\/wp-content\/uploads\/2025\/05\/acegifts2.jpg\" alt=\"Reklaamb\u00e4nneri jaoks  \" free=\"\" gifts=\"\" that=\"\" are=\"\" added=\"\" to=\"\" cart=\"\" for=\"\" a=\"\" handheld=\"\" gaming=\"\" console.=\"\" the=\"\" text=\"\" is=\"\" in=\"\" large=\"\" dark=\"\" grey=\"\" font=\"\" on=\"\" light=\"\" background.=\"\" image=\"\" displays=\"\" grid=\"\" of=\"\" product=\"\" accessories=\"\" with=\"\" case=\"\" protector=\"\" and=\"\" caps=\"\" width=\"1000\" height=\"140\" class=\"alignnone size-full wp-image-30151\" labels:=\"\" srcset=\"https:\/\/ayaneo.co\/wp-content\/uploads\/2025\/05\/acegifts2.jpg 1000w, https:\/\/ayaneo.co\/wp-content\/uploads\/2025\/05\/acegifts2-300x42.jpg 300w, https:\/\/ayaneo.co\/wp-content\/uploads\/2025\/05\/acegifts2-768x108.jpg 768w, https:\/\/ayaneo.co\/wp-content\/uploads\/2025\/05\/acegifts2-990x139.jpg 990w, https:\/\/ayaneo.co\/wp-content\/uploads\/2025\/05\/acegifts2-441x62.jpg 441w, https:\/\/ayaneo.co\/wp-content\/uploads\/2025\/05\/acegifts2-600x84.jpg 600w, https:\/\/ayaneo.co\/wp-content\/uploads\/2025\/05\/acegifts2-150x21.jpg 150w\" sizes=\"(max-width: 1000px) 100vw, 1000px\" \/><\/p>\n[cg_accordion title=\"MAKSUINFO\"]<\/p>\n<p>Me kasutame uusimat makset\u00f6\u00f6tlustehnoloogiat, mis v\u00f5imaldab teil kiiret ja turvalist maksmist Apple Pay, Google Pay, deebet-\/krediitkaardi, PayPali v\u00f5i BNPL-meetodite, nagu Klarna, Affirm v\u00f5i AfterPay kaudu.[\/cg_accordion]\n[cg_accordion title=\"GARANTSIOON\"]<\/p>\n<p>1 aasta garantii <a href=\"https:\/\/droix.net\/\" target=\"_blank\" rel=\"nofollow noopener\">DROIX Globalilt teie meelerahu tagamiseks<\/a> [\/cg_accordion]\n[cg_accordion title=\"KVALITEEDI TAGAMINE JA L\u00c4HETAMISEELNE TESTIMINE\"]<\/p>\n<p>Klientide rahulolu tagamine k\u00f5rgeimal tasemel: Iga seade l\u00e4bib enne saatmist ranged testid ja mitmepunktilise kvaliteedikontrolli. Meie p\u00fchendunud meeskond kontrollib j\u00f5udlust, funktsionaalsust ja komponentide terviklikkust, et tagada, et teie AYANEO seade on saabumisel t\u00e4iuslikus t\u00f6\u00f6korras, tagades teile kindlustunde ja meelerahu. [\/cg_accordion]\n[cg_accordion title=\"HINNAKUJUNDUS, MAKSUD JA KOHALETOIMETAMINE\"]<\/p>\n<p><strong><u>M\u00e4rkus:<\/u><\/strong><\/p>\n<ul>\n<li>Ameerika \u00dchendriikide kliendid: N\u00e4idatud hind ei sisalda makse ega tollimaksu. Vastutus tollivormistuse ja sellega seotud maksude\/tollimaksude tasumise eest lasub kliendil. <\/li>\n<li>ELi kliendid: N\u00e4idatud hind sisaldab kohaldatavat maksu, mis v\u00f5ib s\u00f5ltuvalt teie riigist olla kuni 25%.<\/li>\n<li>Kanada kliendid: N\u00e4idatud hind sisaldab kohaldatavaid makse, mis v\u00f5ivad sisaldada 5% GST ja t\u00e4iendavaid provintsi m\u00fc\u00fcgimakse (PST), \u00fchtlustatud m\u00fc\u00fcgimaksu (HST) v\u00f5i Quebeci m\u00fc\u00fcgimaksu (QST), s\u00f5ltuvalt teie provintsist.<\/li>\n<\/ul>\n<p><strong>AINULT ELi klientidele:<\/strong> Express DDP (Delivered Duty Paid). See t\u00e4hendab: <\/p>\n<ul>\n<li>K\u00f5ik tollimaksud ja maksud sisalduvad toote lehel n\u00e4idatud hinnas.<\/li>\n<li>Te ei pea tarnimisel lisatasusid maksma.<\/li>\n<li>Harva esinevate tolliprobleemide korral tegeleb meie meeskond teie nimel tollivormistusega, et tagada sujuv tarne.<\/li>\n<p>Oluline teave tagastuste kohta:<\/p>\n<li>Kui te otsustate oma tellimuse tagastada v\u00f5i taotleda raha tagasi, siis pidage meeles, et teie eest DDP tingimuste alusel makstud makse ja tollimakse ei saa tagasi maksta.<\/li>\n<p>\u00dcksikasjalik teave <a href=\"https:\/\/ayaneo.co\/et\/teenuse-tingimused\/\" target=\"_blank\" rel=\"nofollow noopener\">on esitatud meie Tingimustes<\/a>.\n<\/ul>\n<p>[\/cg_accordion]\n[cg_accordion title=\"KLIENDITUGI\"]<\/p>\n<p>Kas teil on k\u00fcsimus? Oleme l\u00fchikese teksti kaugusel sellest, et teie k\u00fcsimus oleks lahendatud! [\/cg_accordion]\n[cg_accordion title=\"PAKETT SISALDAB\"]<\/p>\n<ul>\n<li>1x AYANEO Pocket ACE<\/li>\n<li>1x USB Type-C kaabel<\/li>\n<li>1x kasutusjuhend<\/li>\n<\/ul>\n<p>[\/cg_accordion]\n","protected":false},"featured_media":14097,"template":"","meta":{"_acf_changed":false},"product_brand":[],"product_cat":[591],"product_tag":[],"class_list":{"0":"post-13949","1":"product","2":"type-product","3":"status-publish","4":"has-post-thumbnail","6":"product_cat-androidi-mangude-pihuarvuti","7":"product_shipping_class-premium","8":"pa_brand-ayaneo","9":"pa_graphics-gpu-model-adreno-a32","10":"pa_operating-system-android-13","11":"pa_processor-cpu-brand-qualcomm","13":"first","14":"outofstock","15":"taxable","16":"shipping-taxable","17":"purchasable","18":"product-type-variable","19":"has-default-attributes"},"acf":[],"_links":{"self":[{"href":"https:\/\/ayaneo.co\/et\/wp-json\/wp\/v2\/product\/13949","targetHints":{"allow":["GET"]}}],"collection":[{"href":"https:\/\/ayaneo.co\/et\/wp-json\/wp\/v2\/product"}],"about":[{"href":"https:\/\/ayaneo.co\/et\/wp-json\/wp\/v2\/types\/product"}],"wp:featuredmedia":[{"embeddable":true,"href":"https:\/\/ayaneo.co\/et\/wp-json\/wp\/v2\/media\/14097"}],"wp:attachment":[{"href":"https:\/\/ayaneo.co\/et\/wp-json\/wp\/v2\/media?parent=13949"}],"wp:term":[{"taxonomy":"product_brand","embeddable":true,"href":"https:\/\/ayaneo.co\/et\/wp-json\/wp\/v2\/product_brand?post=13949"},{"taxonomy":"product_cat","embeddable":true,"href":"https:\/\/ayaneo.co\/et\/wp-json\/wp\/v2\/product_cat?post=13949"},{"taxonomy":"product_tag","embeddable":true,"href":"https:\/\/ayaneo.co\/et\/wp-json\/wp\/v2\/product_tag?post=13949"}],"curies":[{"name":"wp","href":"https:\/\/api.w.org\/{rel}","templated":true}]}}