{"id":14698,"date":"2025-05-08T13:01:34","date_gmt":"2025-05-08T13:01:34","guid":{"rendered":"https:\/\/ayaneo.co\/product\/ayaneo-ag01-starshipi-graafiline-dokk\/"},"modified":"2026-01-06T00:31:21","modified_gmt":"2026-01-06T00:31:21","slug":"ayaneo-ag01","status":"publish","type":"product","link":"https:\/\/ayaneo.co\/et\/product\/ayaneo-ag01\/","title":{"rendered":"AYANEO AG01 Starshipi graafiline dokk"},"content":{"rendered":"\n<figure class=\"wp-block-video\"><video height=\"1080\" style=\"aspect-ratio: 1920 \/ 1080;\" width=\"1920\" controls=\"\" poster=\"https:\/\/ayaneo.co\/wp-content\/uploads\/2025\/05\/maxresdefault-4.jpg\" src=\"https:\/\/ayaneo.co\/wp-content\/uploads\/2025\/05\/AYANEO-AG01-Starship-Graphic-Dock_-Salute-to-The-Era-of-Space-Science-Explore-The-Gaming-World.mp4\"><\/video><\/figure>\n\n<h2 class=\"wp-block-heading\" id=\"h-introducing-the-ayaneo-ag01-starship-graphics-dock-power-precision-and-portability-redefined\">Tutvustame AYANEO AG01 Starship Graphics Dock: V\u00f5imsus, t\u00e4psus ja kaasaskantavus uuesti defineeritud<\/h2>\n\n<p><strong>AYANEO AG01 Starship Graphics Dock<\/strong> juhatab sisse uue ajastu v\u00e4lise GPU lahenduste jaoks, mis on m\u00f5eldud m\u00e4ngijatele, loojatele ja professionaalidele, kes n\u00f5uavad tipptasemel j\u00f5udlust. Futuristliku t\u00f6\u00f6stusdisaini, tipptasemel AMD Radeon RX 7600M XT GPU ja kindla \u00fchilduvusega Windowsi ja Linux s\u00fcsteemide vahel ei ole AG01 pelgalt lisavarustus - see on stardiplatvorm kompromissitu t\u00f6\u00f6lauaklassi v\u00f5imsuse saavutamiseks liikvel olles.   <\/p>\n\n<figure class=\"wp-block-image size-full\"><a href=\"https:\/\/ayaneo.co\/wp-content\/uploads\/2025\/05\/AYANEO-AG01-GRAPHICS_DOCK-MARKETING-IMAGE-DONE-1-1024x576-1.jpg\"><img fetchpriority=\"high\" decoding=\"async\" width=\"1024\" height=\"576\" src=\"https:\/\/ayaneo.co\/wp-content\/uploads\/2025\/05\/AYANEO-AG01-GRAPHICS_DOCK-MARKETING-IMAGE-DONE-1-1024x576-1.jpg\" alt=\"Tume sci-fi-teemaline reklaamkujutis AYANEO AG01, millel &#xFC;lemine ventilaatoriring h&#xF5;&#xF5;gub oran&#x17E;ina ja seadme siluett on osaliselt valgustatud, mis viitab kosmosepildile.\" class=\"wp-image-37414\" srcset=\"https:\/\/ayaneo.co\/wp-content\/uploads\/2025\/05\/AYANEO-AG01-GRAPHICS_DOCK-MARKETING-IMAGE-DONE-1-1024x576-1.jpg 1024w, https:\/\/ayaneo.co\/wp-content\/uploads\/2025\/05\/AYANEO-AG01-GRAPHICS_DOCK-MARKETING-IMAGE-DONE-1-1024x576-1-300x169.jpg 300w, https:\/\/ayaneo.co\/wp-content\/uploads\/2025\/05\/AYANEO-AG01-GRAPHICS_DOCK-MARKETING-IMAGE-DONE-1-1024x576-1-768x432.jpg 768w, https:\/\/ayaneo.co\/wp-content\/uploads\/2025\/05\/AYANEO-AG01-GRAPHICS_DOCK-MARKETING-IMAGE-DONE-1-1024x576-1-990x557.jpg 990w, https:\/\/ayaneo.co\/wp-content\/uploads\/2025\/05\/AYANEO-AG01-GRAPHICS_DOCK-MARKETING-IMAGE-DONE-1-1024x576-1-441x248.jpg 441w, https:\/\/ayaneo.co\/wp-content\/uploads\/2025\/05\/AYANEO-AG01-GRAPHICS_DOCK-MARKETING-IMAGE-DONE-1-1024x576-1-600x338.jpg 600w, https:\/\/ayaneo.co\/wp-content\/uploads\/2025\/05\/AYANEO-AG01-GRAPHICS_DOCK-MARKETING-IMAGE-DONE-1-1024x576-1-150x84.jpg 150w\" sizes=\"(max-width: 1024px) 100vw, 1024px\" \/><\/a><\/figure>\n\n<p>OCuLink- ja USB4-liideste tipptasemel integratsioon teeb sellest \u00fche k\u00f5ige mitmek\u00fclgsema eGPU-dokki, mis on praegu saadaval. Olenemata sellest, kas kasutate suuremaid kaadrisagedusi oma pihuarvutikonsoolis v\u00f5i suurendate tootlikkust kompaktses s\u00fclearvutis, tagab AG01 kompaktsed m\u00f5\u00f5tmed tipptasemel graafikav\u00f5imsuse ilma liikuvust ohverdamata. Tere tulemast v\u00e4lise GPU j\u00e4rgmise p\u00f5lvkonna juurde - julge, ilus ja lahinguv\u00f5imeline.  <\/p>\n\n<hr class=\"wp-block-separator has-alpha-channel-opacity\"\/>\n\n<h2 class=\"wp-block-heading\" id=\"h-ayaneo-ag01-starship-grade-external-gpu-dock\">AYANEO AG01 - Starship-Grade v\u00e4line GPU dokk<\/h2>\n\n<p><strong>AG01 Starship Graphics Dock<\/strong> on kaasaegse inseneri ja kunstilise disaini meistriteos. See on inspireeritud futuristlikust kosmoselaeva esteetikast ning \u00fchendab endas kaasaskantavuse ja j\u00f5udluse vaid 18 cm laias ja alla 900 g kaaluvas \u0161assiis. Selle v\u00e4ga t\u00f5hus termiline disain, mida on tugevdatud turbiinilaadse jahutuss\u00fcsteemi ja \u00f5hukanalitega, tagab kauakestva j\u00f5udluse ilma drosseldamiseta, isegi intensiivsete m\u00e4ngude v\u00f5i renderdamise ajal.  <\/p>\n\n<figure class=\"wp-block-image size-full\"><a href=\"https:\/\/ayaneo.co\/wp-content\/uploads\/2025\/05\/AYANEO-AG01-GRAPHICS_DOCK-MARKETING-IMAGE-DONE-2-1024x855-1.jpg\"><img decoding=\"async\" width=\"1024\" height=\"855\" src=\"https:\/\/ayaneo.co\/wp-content\/uploads\/2025\/05\/AYANEO-AG01-GRAPHICS_DOCK-MARKETING-IMAGE-DONE-2-1024x855-1.jpg\" alt=\"Futuristlikus ruudukujulises paigutuses n&#xE4;idatud AYANEO AG01 funktsioonide tipphetked, sealhulgas RX 7600M XT kiip, RGB-valgustus, kohandatav nimeplaat, jahutuss&#xFC;steem ja I\/O laiendusv&#xF5;imalused.\" class=\"wp-image-37415\" srcset=\"https:\/\/ayaneo.co\/wp-content\/uploads\/2025\/05\/AYANEO-AG01-GRAPHICS_DOCK-MARKETING-IMAGE-DONE-2-1024x855-1.jpg 1024w, https:\/\/ayaneo.co\/wp-content\/uploads\/2025\/05\/AYANEO-AG01-GRAPHICS_DOCK-MARKETING-IMAGE-DONE-2-1024x855-1-300x250.jpg 300w, https:\/\/ayaneo.co\/wp-content\/uploads\/2025\/05\/AYANEO-AG01-GRAPHICS_DOCK-MARKETING-IMAGE-DONE-2-1024x855-1-768x641.jpg 768w, https:\/\/ayaneo.co\/wp-content\/uploads\/2025\/05\/AYANEO-AG01-GRAPHICS_DOCK-MARKETING-IMAGE-DONE-2-1024x855-1-990x827.jpg 990w, https:\/\/ayaneo.co\/wp-content\/uploads\/2025\/05\/AYANEO-AG01-GRAPHICS_DOCK-MARKETING-IMAGE-DONE-2-1024x855-1-441x368.jpg 441w, https:\/\/ayaneo.co\/wp-content\/uploads\/2025\/05\/AYANEO-AG01-GRAPHICS_DOCK-MARKETING-IMAGE-DONE-2-1024x855-1-600x501.jpg 600w, https:\/\/ayaneo.co\/wp-content\/uploads\/2025\/05\/AYANEO-AG01-GRAPHICS_DOCK-MARKETING-IMAGE-DONE-2-1024x855-1-150x125.jpg 150w\" sizes=\"(max-width: 1024px) 100vw, 1024px\" \/><\/a><\/figure>\n\n<p>RDNA3-arhitektuuril p\u00f5hineva <strong>AMD Radeon RX 7600M XT<\/strong> GPUga varustatud AG01 toetab tipptasemel AAA-m\u00e4ngu, videot\u00f6\u00f6tlust ja 3D-renderdamist erakordse t\u00f5hususega. See on ideaalne kaaslane kaasaskantavatele m\u00e4nguseadmetele, nagu AYANEO 2S, KUN ja isegi mitteAYANEO seadmetele OCuLink ja USB4 kaudu, sealhulgas Steam Deck, ROG Ally ja muudele. <\/p>\n\n<hr class=\"wp-block-separator has-alpha-channel-opacity\"\/>\n\n<h2 class=\"wp-block-heading\" id=\"h-performance-that-launches-beyond-limits\">Piiridest kaugemale ulatuv j\u00f5udlus<\/h2>\n\n<p><strong>Graafika v\u00f5imsus:<\/strong> AG01 s\u00fcdameks on <strong>AMD Radeon RX 7600M XT<\/strong> GPU, millel on 32 arvutuss\u00f5lme, 8 GB GDDR6 m\u00e4lu ja maksimaalne v\u00f5imendustakt 2300 MHz. See j\u00f5ujaam pakub sujuvat 1080p ja isegi 1440p m\u00e4ngimist, olles suurep\u00e4rane suure j\u00f5udlusega rakendustes, alates AAA tiitlitest kuni GPU-kiirendatud loominguliste t\u00f6\u00f6voogudeni. <\/p>\n\n<p><strong>T\u00e4iustatud jahutuss\u00fcsteem:<\/strong> Erinevalt tavalistest eGPU-dest on AG01-l ainulaadne jahutuss\u00fcsteem, millel on kaks \u00f5hu sisselaskeava ja suure t\u00f5hususega puhurventilaator. See disain maksimeerib \u00f5huvoolu, s\u00e4ilitades samal ajal madalat m\u00fcra, mis v\u00f5imaldab p\u00fcsivat j\u00f5udlust ka pikemate seansside ajal. <\/p>\n\n<hr class=\"wp-block-separator has-alpha-channel-opacity\"\/>\n\n<h2 class=\"wp-block-heading\" id=\"h-seamless-connectivity\">\u00d5mblusteta \u00fchenduvus<\/h2>\n\n<figure class=\"wp-block-image size-full\"><a href=\"https:\/\/ayaneo.co\/wp-content\/uploads\/2025\/05\/AYANEO-AG01-GRAPHICS_DOCK-MARKETING-IMAGE-DONE-3-1024x576-1.jpg\"><img decoding=\"async\" width=\"1024\" height=\"576\" src=\"https:\/\/ayaneo.co\/wp-content\/uploads\/2025\/05\/AYANEO-AG01-GRAPHICS_DOCK-MARKETING-IMAGE-DONE-3-1024x576-1.jpg\" alt=\"Diagramm, mis n&#xE4;itab AYANEO AG01 graafikadoki tagumist I\/O paigutust, t&#xE4;histades pordid, sealhulgas DP 2.0, HDMI 2.1, OCuLink, USB4, DC, RJ45 ja USB 3.2 Gen 2.\" class=\"wp-image-37416\" srcset=\"https:\/\/ayaneo.co\/wp-content\/uploads\/2025\/05\/AYANEO-AG01-GRAPHICS_DOCK-MARKETING-IMAGE-DONE-3-1024x576-1.jpg 1024w, https:\/\/ayaneo.co\/wp-content\/uploads\/2025\/05\/AYANEO-AG01-GRAPHICS_DOCK-MARKETING-IMAGE-DONE-3-1024x576-1-300x169.jpg 300w, https:\/\/ayaneo.co\/wp-content\/uploads\/2025\/05\/AYANEO-AG01-GRAPHICS_DOCK-MARKETING-IMAGE-DONE-3-1024x576-1-768x432.jpg 768w, https:\/\/ayaneo.co\/wp-content\/uploads\/2025\/05\/AYANEO-AG01-GRAPHICS_DOCK-MARKETING-IMAGE-DONE-3-1024x576-1-990x557.jpg 990w, https:\/\/ayaneo.co\/wp-content\/uploads\/2025\/05\/AYANEO-AG01-GRAPHICS_DOCK-MARKETING-IMAGE-DONE-3-1024x576-1-441x248.jpg 441w, https:\/\/ayaneo.co\/wp-content\/uploads\/2025\/05\/AYANEO-AG01-GRAPHICS_DOCK-MARKETING-IMAGE-DONE-3-1024x576-1-600x338.jpg 600w, https:\/\/ayaneo.co\/wp-content\/uploads\/2025\/05\/AYANEO-AG01-GRAPHICS_DOCK-MARKETING-IMAGE-DONE-3-1024x576-1-150x84.jpg 150w\" sizes=\"(max-width: 1024px) 100vw, 1024px\" \/><\/a><\/figure>\n\n<p><strong>OCuLink &amp; USB4 valmis:<\/strong> AG01 toetab <strong>OCuLink SFF-8612<\/strong> ja <strong>USB4<\/strong>, pakkudes laiaulatuslikku \u00fchilduvust pihuarvutite ja s\u00fclearvutite vahel. OCuLink tagab parema GPU j\u00f5udluse, v\u00e4ltides traditsiooniliste Thunderbolt-\u00fchenduste kitsaskohti, mist\u00f5ttu on see parim valik t\u00f5sistele m\u00e4ngijatele ja loojatele. <\/p>\n\n<p><strong>Mitmek\u00fclgne seadme tugi:<\/strong> AG01 kohandub h\u00f5lpsasti, olenemata sellest, kas soovite \u00fchendada AYANEO pihuarvuti, Steam Deck v\u00f5i kompaktse Windows\/Linux seadmega. See toetab plug-and-play-funktsioone, ilma et oleks vaja BIOSi kohandamist enamiku s\u00fcsteemide puhul. <\/p>\n\n<hr class=\"wp-block-separator has-alpha-channel-opacity\"\/>\n\n<h2 class=\"wp-block-heading\" id=\"h-built-to-travel-designed-to-impress\">Ehitatud reisimiseks, disainitud muljet avaldama<\/h2>\n\n<p><strong>Kompaktne ja kerge:<\/strong> M\u00f5\u00f5tmetega vaid 18 cm x 6,3 cm x 3 cm ja kaaluga 869 g on AG01 \u00fcks maailma v\u00e4ikseimaid suure j\u00f5udlusega eGPU-dokke. Selle kosmosep\u00e4rane disain sobib teie laual v\u00f5i tehnikakotis suurep\u00e4raseks esemeks. <\/p>\n\n<p><strong>Premium materjalid:<\/strong> See \u00fchendab vastupidavuse, soojapidavuse ja elegantse esteetika.<\/p>\n\n<figure class=\"wp-block-image size-full\"><a href=\"https:\/\/ayaneo.co\/wp-content\/uploads\/2025\/05\/AYANEO-AG01-GRAPHICS_DOCK-MARKETING-IMAGE-DONE-8-1024x576-1.jpg\"><img loading=\"lazy\" decoding=\"async\" width=\"1024\" height=\"576\" src=\"https:\/\/ayaneo.co\/wp-content\/uploads\/2025\/05\/AYANEO-AG01-GRAPHICS_DOCK-MARKETING-IMAGE-DONE-8-1024x576-1.jpg\" alt=\"Dramaatiline visuaalne kujutis AYANEO AG01 kahest metallist korpuseosast, mis r&#xF5;hutab selle peenelt t&#xF6;&#xF6;deldud metallkeha t&#xE4;htede taustal.\" class=\"wp-image-37417\" srcset=\"https:\/\/ayaneo.co\/wp-content\/uploads\/2025\/05\/AYANEO-AG01-GRAPHICS_DOCK-MARKETING-IMAGE-DONE-8-1024x576-1.jpg 1024w, https:\/\/ayaneo.co\/wp-content\/uploads\/2025\/05\/AYANEO-AG01-GRAPHICS_DOCK-MARKETING-IMAGE-DONE-8-1024x576-1-300x169.jpg 300w, https:\/\/ayaneo.co\/wp-content\/uploads\/2025\/05\/AYANEO-AG01-GRAPHICS_DOCK-MARKETING-IMAGE-DONE-8-1024x576-1-768x432.jpg 768w, https:\/\/ayaneo.co\/wp-content\/uploads\/2025\/05\/AYANEO-AG01-GRAPHICS_DOCK-MARKETING-IMAGE-DONE-8-1024x576-1-990x557.jpg 990w, https:\/\/ayaneo.co\/wp-content\/uploads\/2025\/05\/AYANEO-AG01-GRAPHICS_DOCK-MARKETING-IMAGE-DONE-8-1024x576-1-441x248.jpg 441w, https:\/\/ayaneo.co\/wp-content\/uploads\/2025\/05\/AYANEO-AG01-GRAPHICS_DOCK-MARKETING-IMAGE-DONE-8-1024x576-1-600x338.jpg 600w, https:\/\/ayaneo.co\/wp-content\/uploads\/2025\/05\/AYANEO-AG01-GRAPHICS_DOCK-MARKETING-IMAGE-DONE-8-1024x576-1-150x84.jpg 150w\" sizes=\"(max-width: 1024px) 100vw, 1024px\" \/><\/a><\/figure>\n\n<hr class=\"wp-block-separator has-alpha-channel-opacity\"\/>\n\n<h2 class=\"wp-block-heading\" id=\"h-user-experience\">Kasutajakogemus<\/h2>\n\n<p>AG01 seab kasutajas\u00f5braliku j\u00f5udluse osas uue lati. T\u00e4nu Windowsi ja Linux draiverita toetusele, seadme sujuvale \u00fchilduvusele ja plug-and-play seadistusele on see ideaalne nii algajatele kui ka tehnikahuvilistele entusiastidele. Olenemata sellest, kas te voogedastate, kujundate, m\u00e4ngite v\u00f5i t\u00f6\u00f6tate mitmel ekraanil, pakub AG01 sujuvat ja kaasahaaravat kasutuskogemust.  <\/p>\n\n<hr class=\"wp-block-separator has-alpha-channel-opacity\"\/>\n\n<h2 class=\"wp-block-heading\" id=\"h-conclusion\">Kokkuv\u00f5te<\/h2>\n\n<p><strong>AYANEO AG01 Starship Graphics Dock<\/strong> on midagi enamat kui lihtsalt v\u00e4line GPU - see on h\u00fcpe tulevikku, kus kaasaskantavus ja t\u00f5eline lauaarvuti tasemel j\u00f5udlus kohtuvad. T\u00e4nu Radeon RX 7600M XT mootorile, kahe liidese \u00fchendatavusele ja kunstlikule disainile m\u00e4\u00e4ratleb AG01 uuesti, mis on v\u00f5imalik kaasaskantavate arvutite puhul. <\/p>\n\n<p>Tellige oma AG01 n\u00fc\u00fcd ette ja saage osaks uue p\u00f5lvkonna m\u00e4ngijatest ja loojatest, kes kasutavad kompromissitut v\u00f5imsust, kuhu iganes nad ka ei l\u00e4heks.  <strong>Veebilehel AYANEO on t\u00e4hed alles algus.<\/strong><\/p>\n","protected":false},"excerpt":{"rendered":"<ul>\n<li><strong>Radeon\u2122 RX 7600M XT<\/strong> GPU RDNA 3 arhitektuuriga<\/li>\n<li><strong>Kaksikliides:<\/strong> (Type-C, 65W PD): OCuLink &amp; USB 4.0 (Type-C, 65W PD)<\/li>\n<li><strong>Kompaktne ja kerge:<\/strong> Kaasaskantav t\u00e4helaeva inspireeritud disain<\/li>\n<li><strong>Optimeeritud jahutus:<\/strong> K\u00f5rge efektiivsusega turbiinventilaatorite s\u00fcsteem<\/li>\n<li><strong>\u00dchildub:<\/strong> AYANEO 2S, KUN, FLIP DS, ROG Ally, Steam Deck<\/li>\n<\/ul>\n[cg_accordion title=\"MAKSUINFO\"]<\/p>\n<p>Me kasutame uusimat makset\u00f6\u00f6tlustehnoloogiat, mis v\u00f5imaldab teil kiiret ja turvalist maksmist Apple Pay, Google Pay, deebet-\/krediitkaardi, PayPali v\u00f5i BNPL-meetodite, nagu Klarna, Affirm v\u00f5i AfterPay kaudu.[\/cg_accordion]\n[cg_accordion title=\"GARANTSIOON\"]<\/p>\n<p>1 aasta garantii <a href=\"https:\/\/droix.net\/\" target=\"_blank\" rel=\"nofollow noopener\">DROIX Globalilt teie meelerahu tagamiseks<\/a> [\/cg_accordion]\n[cg_accordion title=\"KVALITEEDI TAGAMINE JA L\u00c4HETAMISEELNE TESTIMINE\"]<\/p>\n<p>Klientide rahulolu tagamine k\u00f5rgeimal tasemel: Iga seade l\u00e4bib enne saatmist ranged testid ja mitmepunktilise kvaliteedikontrolli. Meie p\u00fchendunud meeskond kontrollib j\u00f5udlust, funktsionaalsust ja komponentide terviklikkust, et tagada, et teie AYANEO seade on saabumisel t\u00e4iuslikus t\u00f6\u00f6korras, tagades teile kindlustunde ja meelerahu. [\/cg_accordion]\n[cg_accordion title=\"HINNAKUJUNDUS, MAKSUD JA KOHALETOIMETAMINE\"]<\/p>\n<p><strong><u>M\u00e4rkus:<\/u><\/strong><\/p>\n<ul>\n<li>Ameerika \u00dchendriikide kliendid: N\u00e4idatud hind ei sisalda makse ega tollimaksu. Vastutus tollivormistuse ja sellega seotud maksude\/tollimaksude tasumise eest lasub kliendil. <\/li>\n<li>ELi kliendid: N\u00e4idatud hind sisaldab kohaldatavat maksu, mis v\u00f5ib s\u00f5ltuvalt teie riigist olla kuni 25%.<\/li>\n<li>Kanada kliendid: N\u00e4idatud hind sisaldab kohaldatavaid makse, mis v\u00f5ivad sisaldada 5% GST ja t\u00e4iendavaid provintsi m\u00fc\u00fcgimakse (PST), \u00fchtlustatud m\u00fc\u00fcgimaksu (HST) v\u00f5i Quebeci m\u00fc\u00fcgimaksu (QST), s\u00f5ltuvalt teie provintsist.<\/li>\n<\/ul>\n<p><strong>AINULT ELi klientidele:<\/strong> Express DDP (Delivered Duty Paid). See t\u00e4hendab: <\/p>\n<ul>\n<li>K\u00f5ik tollimaksud ja maksud sisalduvad toote lehel n\u00e4idatud hinnas.<\/li>\n<li>Te ei pea tarnimisel lisatasusid maksma.<\/li>\n<li>Harva esinevate tolliprobleemide korral tegeleb meie meeskond teie nimel tollivormistusega, et tagada sujuv tarne.<\/li>\n<p>Oluline teave tagastuste kohta:<\/p>\n<li>Kui te otsustate oma tellimuse tagastada v\u00f5i taotleda raha tagasi, siis pidage meeles, et teie eest DDP tingimuste alusel makstud makse ja tollimakse ei saa tagasi maksta.<\/li>\n<p>\u00dcksikasjalik teave <a href=\"https:\/\/ayaneo.co\/et\/teenuse-tingimused\/\" target=\"_blank\" rel=\"nofollow noopener\">on esitatud meie Tingimustes<\/a>.\n<\/ul>\n<p>[\/cg_accordion]\n[cg_accordion title=\"KLIENDITUGI\"]<\/p>\n<p>Kas teil on k\u00fcsimus? Oleme l\u00fchikese teksti kaugusel sellest, et teie k\u00fcsimus oleks lahendatud! [\/cg_accordion]\n[cg_accordion title=\"PAKETT SISALDAB\"]<\/p>\n<ul>\n<li>1x AYANEO AG01 Starshipi graafikadokki<\/li>\n<li>1x USB Type-C kaabel<\/li>\n<li>1x kasutusjuhend<\/li>\n<\/ul>\n<p>[\/cg_accordion]\n","protected":false},"featured_media":14444,"template":"","meta":{"_acf_changed":false},"product_brand":[],"product_cat":[557],"product_tag":[],"class_list":{"0":"post-14698","1":"product","2":"type-product","3":"status-publish","4":"has-post-thumbnail","6":"product_cat-tarvikud","7":"product_shipping_class-premium","8":"pa_brand-ayaneo","9":"pa_graphics-gpu-model-radeon-rx-7600m-xt","11":"first","12":"outofstock","13":"sale","14":"taxable","15":"shipping-taxable","16":"purchasable","17":"product-type-variable","18":"has-default-attributes"},"acf":[],"_links":{"self":[{"href":"https:\/\/ayaneo.co\/et\/wp-json\/wp\/v2\/product\/14698","targetHints":{"allow":["GET"]}}],"collection":[{"href":"https:\/\/ayaneo.co\/et\/wp-json\/wp\/v2\/product"}],"about":[{"href":"https:\/\/ayaneo.co\/et\/wp-json\/wp\/v2\/types\/product"}],"wp:featuredmedia":[{"embeddable":true,"href":"https:\/\/ayaneo.co\/et\/wp-json\/wp\/v2\/media\/14444"}],"wp:attachment":[{"href":"https:\/\/ayaneo.co\/et\/wp-json\/wp\/v2\/media?parent=14698"}],"wp:term":[{"taxonomy":"product_brand","embeddable":true,"href":"https:\/\/ayaneo.co\/et\/wp-json\/wp\/v2\/product_brand?post=14698"},{"taxonomy":"product_cat","embeddable":true,"href":"https:\/\/ayaneo.co\/et\/wp-json\/wp\/v2\/product_cat?post=14698"},{"taxonomy":"product_tag","embeddable":true,"href":"https:\/\/ayaneo.co\/et\/wp-json\/wp\/v2\/product_tag?post=14698"}],"curies":[{"name":"wp","href":"https:\/\/api.w.org\/{rel}","templated":true}]}}