{"id":28463,"date":"2025-07-15T11:52:07","date_gmt":"2025-07-15T11:52:07","guid":{"rendered":"https:\/\/ayaneo.co\/?post_type=product&#038;p=28463"},"modified":"2025-12-09T00:24:14","modified_gmt":"2025-12-09T00:24:14","slug":"ayaneo-pocket-micro-dmg-thumb-stick-grip-caps-suurem-mugavus-ja-kontroll-copy","status":"publish","type":"product","link":"https:\/\/ayaneo.co\/et\/product\/ayaneo-pocket-micro-dmg-thumb-stick-grip-caps-suurem-mugavus-ja-kontroll-copy\/","title":{"rendered":"AYANEO Pocket S, AIR &amp; SLIDE p\u00f6idlakinnitus - Suurem mugavus ja kontroll!"},"content":{"rendered":"\n<p><strong>T\u00e4ienda oma m\u00e4ngukogemust AYANEO Pocket S, AIR &amp; SLIDE p\u00f6idlakepi k\u00e4epidemekattega!<\/strong>  T\u00e4psuse, mugavuse ja vastupidavuse tagamiseks loodud k\u00e4epidemekatted tagavad parema kontrolli ja parema haarde, tagades sujuvama m\u00e4ngimise teie AYANEO Pocket S, AIR ja SLIDE seadmetel.<\/p>\n\n<h2 class=\"wp-block-heading\"><strong>Peamised omadused:<\/strong><\/h2>\n\n<p><strong>Parem haare ja kontroll -<\/strong> j\u00e4tke h\u00fcvasti libedate p\u00f6idlakangidega! Nautige t\u00e4iustatud t\u00e4psust iga liigutuse puhul oma AYANEO Pocket S, AIR v\u00f5i SLIDE&#8217;i puhul. <\/p>\n\n<p><strong>Mugav ja ergonoomiline disain<\/strong> - Pehme materjal v\u00e4hendab pinget pikkade m\u00e4ngusessioonide ajal.  <\/p>\n\n<p><strong>Premium kvaliteetne materjal -<\/strong> vastupidav, kvaliteetne silikoon tagab pikaajalise toimivuse.  <\/p>\n\n<p><strong>Lihtne paigaldada ja turvaline sobivus -<\/strong> spetsiaalselt AYANEO Pocket S, AIR &amp; SLIDE jaoks loodud, tagades kindla ja libisemiskindla sobivuse.  <\/p>\n\n<p><strong>Stiilne ja funktsionaalne<\/strong> - lisab elegantset esteetikat, kaitstes samal ajal teie p\u00f6idlaid kulumise eest.  <\/p>\n\n<p>Vii oma AYANEO m\u00e4ngukogemuse j\u00e4rgmisele tasemele nende h\u00e4davajalike k\u00e4epidemetega!  <\/p>\n\n<p><\/p>\n","protected":false},"excerpt":{"rendered":"<ul>\n<li><strong>Ametlikud AYANEO<\/strong> Pocket S, AIR &amp; SLIDE p\u00f6idlahoidja k\u00e4epidemekorkid<\/li>\n<li><strong>T\u00e4iustatud haare ja kontroll<\/strong> - parandab t\u00e4psust ja k\u00e4sitsemist.<\/li>\n<li><strong>Pehme ja mugav<\/strong> - v\u00e4hendab v\u00e4simust pikemaajalise m\u00e4ngimise ajal.<\/li>\n<li><strong>Vastupidav silikoonmaterjal<\/strong> - kauakestev ja kulumiskindel.<\/li>\n<li><strong>T\u00e4iuslik sobivus -<\/strong> m\u00f5eldud ainult AYANEO Pocket S, AIR &amp; SLIDE jaoks.<\/li>\n<\/ul>\n[cg_accordion title=\"MAKSUINFO\"]<\/p>\n<p>Me kasutame uusimat makset\u00f6\u00f6tlustehnoloogiat, mis v\u00f5imaldab teil kiiret ja turvalist maksmist Apple Pay, Google Pay, deebet-\/krediitkaardi, PayPali v\u00f5i BNPL-meetodite, nagu Klarna, Affirm v\u00f5i AfterPay kaudu.[\/cg_accordion]\n[cg_accordion title=\"GARANTSIOON\"]<\/p>\n<p>1 aasta garantii <a href=\"https:\/\/droix.net\/\" target=\"_blank\" rel=\"nofollow noopener\">DROIX Globalilt teie meelerahu tagamiseks<\/a> [\/cg_accordion]\n[cg_accordion title=\"KVALITEEDI TAGAMINE JA L\u00c4HETAMISEELNE TESTIMINE\"]<\/p>\n<p>Klientide rahulolu tagamine k\u00f5rgeimal tasemel: Iga seade l\u00e4bib enne saatmist ranged testid ja mitmepunktilise kvaliteedikontrolli. Meie p\u00fchendunud meeskond kontrollib j\u00f5udlust, funktsionaalsust ja komponentide terviklikkust, et tagada, et teie AYANEO seade on saabumisel t\u00e4iuslikus t\u00f6\u00f6korras, tagades teile kindlustunde ja meelerahu. [\/cg_accordion]\n[cg_accordion title=\"HINNAKUJUNDUS, MAKSUD JA KOHALETOIMETAMINE\"]<\/p>\n<p><strong><u>M\u00e4rkus:<\/u><\/strong><\/p>\n<ul>\n<li>Ameerika \u00dchendriikide kliendid: N\u00e4idatud hind ei sisalda makse ega tollimaksu. Vastutus tollivormistuse ja sellega seotud maksude\/tollimaksude tasumise eest lasub kliendil. <\/li>\n<li>ELi kliendid: N\u00e4idatud hind sisaldab kohaldatavat maksu, mis v\u00f5ib s\u00f5ltuvalt teie riigist olla kuni 25%.<\/li>\n<li>Kanada kliendid: N\u00e4idatud hind sisaldab kohaldatavaid makse, mis v\u00f5ivad sisaldada 5% GST ja t\u00e4iendavaid provintsi m\u00fc\u00fcgimakse (PST), \u00fchtlustatud m\u00fc\u00fcgimaksu (HST) v\u00f5i Quebeci m\u00fc\u00fcgimaksu (QST), s\u00f5ltuvalt teie provintsist.<\/li>\n<\/ul>\n<p><strong>AINULT ELi klientidele:<\/strong> Express DDP (Delivered Duty Paid). See t\u00e4hendab: <\/p>\n<ul>\n<li>K\u00f5ik tollimaksud ja maksud sisalduvad toote lehel n\u00e4idatud hinnas.<\/li>\n<li>Te ei pea tarnimisel lisatasusid maksma.<\/li>\n<li>Harva esinevate tolliprobleemide korral tegeleb meie meeskond teie nimel tollivormistusega, et tagada sujuv tarne.<\/li>\n<p>Oluline teave tagastuste kohta:<\/p>\n<li>Kui te otsustate oma tellimuse tagastada v\u00f5i taotleda raha tagasi, siis pidage meeles, et teie eest DDP tingimuste alusel makstud makse ja tollimakse ei saa tagasi maksta.<\/li>\n<p>\u00dcksikasjalik teave <a href=\"https:\/\/ayaneo.co\/et\/teenuse-tingimused\/\" target=\"_blank\" rel=\"nofollow noopener\">on esitatud meie Tingimustes<\/a>.\n<\/ul>\n<p>[\/cg_accordion]\n[cg_accordion title=\"KLIENDITUGI\"]<\/p>\n<p>Kas teil on k\u00fcsimus? Oleme l\u00fchikese teksti kaugusel sellest, et teie k\u00fcsimus oleks lahendatud! [\/cg_accordion]\n[cg_accordion title=\"PAKETT SISALDAB\"]<\/p>\n<ul>\n<li>1x AYANEO Pocket S, AIR &amp; SLIDE p\u00f6idlakinnituse kaaned<\/li>\n<\/ul>\n<p>[\/cg_accordion]\n","protected":false},"featured_media":28494,"template":"","meta":{"_acf_changed":false},"product_brand":[],"product_cat":[557],"product_tag":[],"class_list":{"0":"post-28463","1":"product","2":"type-product","3":"status-publish","4":"has-post-thumbnail","6":"product_cat-tarvikud","7":"product_shipping_class-low-end","9":"first","10":"instock","11":"sale","12":"taxable","13":"shipping-taxable","14":"purchasable","15":"product-type-simple"},"acf":[],"_links":{"self":[{"href":"https:\/\/ayaneo.co\/et\/wp-json\/wp\/v2\/product\/28463","targetHints":{"allow":["GET"]}}],"collection":[{"href":"https:\/\/ayaneo.co\/et\/wp-json\/wp\/v2\/product"}],"about":[{"href":"https:\/\/ayaneo.co\/et\/wp-json\/wp\/v2\/types\/product"}],"wp:featuredmedia":[{"embeddable":true,"href":"https:\/\/ayaneo.co\/et\/wp-json\/wp\/v2\/media\/28494"}],"wp:attachment":[{"href":"https:\/\/ayaneo.co\/et\/wp-json\/wp\/v2\/media?parent=28463"}],"wp:term":[{"taxonomy":"product_brand","embeddable":true,"href":"https:\/\/ayaneo.co\/et\/wp-json\/wp\/v2\/product_brand?post=28463"},{"taxonomy":"product_cat","embeddable":true,"href":"https:\/\/ayaneo.co\/et\/wp-json\/wp\/v2\/product_cat?post=28463"},{"taxonomy":"product_tag","embeddable":true,"href":"https:\/\/ayaneo.co\/et\/wp-json\/wp\/v2\/product_tag?post=28463"}],"curies":[{"name":"wp","href":"https:\/\/api.w.org\/{rel}","templated":true}]}}