{"id":29942,"date":"2025-08-06T09:22:02","date_gmt":"2025-08-06T09:22:02","guid":{"rendered":"https:\/\/ayaneo.co\/?post_type=product&#038;p=29942"},"modified":"2026-01-06T00:27:06","modified_gmt":"2026-01-06T00:27:06","slug":"ayaneo-pocket-dmg-ekraanikaitsekile-copy","status":"publish","type":"product","link":"https:\/\/ayaneo.co\/et\/product\/ayaneo-pocket-dmg-ekraanikaitsekile-copy\/","title":{"rendered":"AYANEO Pocket ACE ekraanikaitsekile"},"content":{"rendered":"\n<h2 class=\"wp-block-heading\">Toote \u00fclevaade:<\/h2>\n\n<p><strong>AYANEO Pocket ACE ekraanikaitsekile on<\/strong> h\u00e4davajalik tarvik, et hoida Pocket ACE konsooli ekraan laitmatus korras. See t\u00e4iuslikuks selguseks ja t\u00e4psuseks loodud ekraanikaitsekile tagab katkematu m\u00e4ngukogemuse, kaitstes samal ajal teie seadet igap\u00e4evase kulumise eest. <\/p>\n\n<h2 class=\"wp-block-heading\">Miks vali AYANEO Pocket ACE ekraanikaitse?<\/h2>\n\n<p>Olenemata sellest, kas olete juhuslik m\u00e4ngija v\u00f5i hardcore entusiast, AYANEO ACE ekraanikaitsekile tagab teie konsooli ekraani v\u00f5rratu selguse ja kaitse. T\u00e4nu t\u00e4psele sobivusele, kriimustuskindlale pinnale ja m\u00e4\u00e4rdumiskindlale kattele j\u00e4\u00e4vad teie m\u00e4ngude visuaalid kristallselgeks, samal ajal kui teie seade on kaitstud. <\/p>\n\n<hr class=\"wp-block-separator has-alpha-channel-opacity\"\/>\n\n<h2 class=\"wp-block-heading\">Spetsifikatsioonid:<\/h2>\n\n<ul class=\"wp-block-list\">\n<li><strong>Materjal:<\/strong> materjal: karastatud klaas v\u00f5i k\u00f5rgekvaliteediline kile<\/li>\n\n\n\n<li><strong>\u00dchilduvus:<\/strong> AYANEO Pocket ACE Console: AYANEO Pocket ACE Console<\/li>\n\n\n\n<li><strong>Omadused:<\/strong> kriimustuskindel, m\u00e4\u00e4rdumiskindel ja mullivaba paigaldus.<\/li>\n<\/ul>\n\n<p>T\u00e4ienda oma AYANEO Pocket ACE ekraani kaitsekilega, mis on loodud selleks, et sinu konsool n\u00e4eks v\u00e4lja ja t\u00f6\u00f6taks parimal viisil!<\/p>\n\n<p><\/p>\n","protected":false},"excerpt":{"rendered":"<ul>\n<li><strong>Sobib ideaalselt<\/strong> AYANEO Pocket ACE ekraani <strong>m\u00f5\u00f5tmetele.<\/strong> <\/li>\n<li><strong>Kriimustuskindel pind<\/strong> pikaajaliseks kaitseks.<\/li>\n<li>\u00dclimalt selge materjal, mis tagab <strong>laitmatu m\u00e4nguvisuaali.<\/strong><\/li>\n<li>Lihtne paigaldus koos <strong>mullivaba pealekandmisega.<\/strong><\/li>\n<li><strong>M\u00e4\u00e4rdumiskindel kate hoiab<\/strong> ekraani puhtana ja selge.<\/li>\n<\/ul>\n[cg_accordion title=\"MAKSUINFO\"]<\/p>\n<p>Me kasutame uusimat makset\u00f6\u00f6tlustehnoloogiat, mis v\u00f5imaldab teil kiiret ja turvalist maksmist Apple Pay, Google Pay, deebet-\/krediitkaardi, PayPali v\u00f5i BNPL-meetodite, nagu Klarna, Affirm v\u00f5i AfterPay kaudu.[\/cg_accordion]\n[cg_accordion title=\"GARANTSIOON\"]<\/p>\n<p>1 aasta garantii <a href=\"https:\/\/droix.net\/\" target=\"_blank\" rel=\"nofollow noopener\">DROIX Globalilt teie meelerahu tagamiseks<\/a> [\/cg_accordion]\n[cg_accordion title=\"KVALITEEDI TAGAMINE JA L\u00c4HETAMISEELNE TESTIMINE\"]<\/p>\n<p>Klientide rahulolu tagamine k\u00f5rgeimal tasemel: Iga seade l\u00e4bib enne saatmist ranged testid ja mitmepunktilise kvaliteedikontrolli. Meie p\u00fchendunud meeskond kontrollib j\u00f5udlust, funktsionaalsust ja komponentide terviklikkust, et tagada, et teie AYANEO seade on saabumisel t\u00e4iuslikus t\u00f6\u00f6korras, tagades teile kindlustunde ja meelerahu. [\/cg_accordion]\n[cg_accordion title=\"HINNAKUJUNDUS, MAKSUD JA KOHALETOIMETAMINE\"]<\/p>\n<p><strong><u>M\u00e4rkus:<\/u><\/strong><\/p>\n<ul>\n<li>Ameerika \u00dchendriikide kliendid: N\u00e4idatud hind ei sisalda makse ega tollimaksu. Vastutus tollivormistuse ja sellega seotud maksude\/tollimaksude tasumise eest lasub kliendil. <\/li>\n<li>ELi kliendid: N\u00e4idatud hind sisaldab kohaldatavat maksu, mis v\u00f5ib s\u00f5ltuvalt teie riigist olla kuni 25%.<\/li>\n<li>Kanada kliendid: N\u00e4idatud hind sisaldab kohaldatavaid makse, mis v\u00f5ivad sisaldada 5% GST ja t\u00e4iendavaid provintsi m\u00fc\u00fcgimakse (PST), \u00fchtlustatud m\u00fc\u00fcgimaksu (HST) v\u00f5i Quebeci m\u00fc\u00fcgimaksu (QST), s\u00f5ltuvalt teie provintsist.<\/li>\n<\/ul>\n<p><strong>AINULT ELi klientidele:<\/strong> Express DDP (Delivered Duty Paid). See t\u00e4hendab: <\/p>\n<ul>\n<li>K\u00f5ik tollimaksud ja maksud sisalduvad toote lehel n\u00e4idatud hinnas.<\/li>\n<li>Te ei pea tarnimisel lisatasusid maksma.<\/li>\n<li>Harva esinevate tolliprobleemide korral tegeleb meie meeskond teie nimel tollivormistusega, et tagada sujuv tarne.<\/li>\n<p>Oluline teave tagastuste kohta:<\/p>\n<li>Kui te otsustate oma tellimuse tagastada v\u00f5i taotleda raha tagasi, siis pidage meeles, et teie eest DDP tingimuste alusel makstud makse ja tollimakse ei saa tagasi maksta.<\/li>\n<p>\u00dcksikasjalik teave <a href=\"https:\/\/ayaneo.co\/et\/teenuse-tingimused\/\" target=\"_blank\" rel=\"nofollow noopener\">on esitatud meie Tingimustes<\/a>.\n<\/ul>\n<p>[\/cg_accordion]\n[cg_accordion title=\"KLIENDITUGI\"]<\/p>\n<p>Kas teil on k\u00fcsimus? Oleme l\u00fchikese teksti kaugusel sellest, et teie k\u00fcsimus oleks lahendatud! [\/cg_accordion]\n[cg_accordion title=\"PAKETT SISALDAB\"]<\/p>\n<ul>\n<li>1x AYANEO Pocket ACE ekraanikaitsekile<\/li>\n<\/ul>\n<p>[\/cg_accordion]\n","protected":false},"featured_media":29973,"template":"","meta":{"_acf_changed":false},"product_brand":[],"product_cat":[557],"product_tag":[],"class_list":{"0":"post-29942","1":"product","2":"type-product","3":"status-publish","4":"has-post-thumbnail","6":"product_cat-tarvikud","7":"product_shipping_class-low-end","8":"pa_accessory-type-screen-protector-et","9":"pa_brand-ayaneo","11":"first","12":"outofstock","13":"sale","14":"taxable","15":"shipping-taxable","16":"purchasable","17":"product-type-simple"},"acf":[],"_links":{"self":[{"href":"https:\/\/ayaneo.co\/et\/wp-json\/wp\/v2\/product\/29942","targetHints":{"allow":["GET"]}}],"collection":[{"href":"https:\/\/ayaneo.co\/et\/wp-json\/wp\/v2\/product"}],"about":[{"href":"https:\/\/ayaneo.co\/et\/wp-json\/wp\/v2\/types\/product"}],"wp:featuredmedia":[{"embeddable":true,"href":"https:\/\/ayaneo.co\/et\/wp-json\/wp\/v2\/media\/29973"}],"wp:attachment":[{"href":"https:\/\/ayaneo.co\/et\/wp-json\/wp\/v2\/media?parent=29942"}],"wp:term":[{"taxonomy":"product_brand","embeddable":true,"href":"https:\/\/ayaneo.co\/et\/wp-json\/wp\/v2\/product_brand?post=29942"},{"taxonomy":"product_cat","embeddable":true,"href":"https:\/\/ayaneo.co\/et\/wp-json\/wp\/v2\/product_cat?post=29942"},{"taxonomy":"product_tag","embeddable":true,"href":"https:\/\/ayaneo.co\/et\/wp-json\/wp\/v2\/product_tag?post=29942"}],"curies":[{"name":"wp","href":"https:\/\/api.w.org\/{rel}","templated":true}]}}