{"id":30047,"date":"2025-08-06T10:57:49","date_gmt":"2025-08-06T10:57:49","guid":{"rendered":"https:\/\/ayaneo.co\/?post_type=product&#038;p=30047"},"modified":"2026-01-06T00:25:53","modified_gmt":"2026-01-06T00:25:53","slug":"ayaneo-3-pocket-evo-thumb-stick-grip-caps-tapsus-ja-mugavus-iga-liigutuse-jaoks-copy","status":"publish","type":"product","link":"https:\/\/ayaneo.co\/et\/product\/ayaneo-3-pocket-evo-thumb-stick-grip-caps-tapsus-ja-mugavus-iga-liigutuse-jaoks-copy\/","title":{"rendered":"AYANEO Pocket ACE k\u00e4epidemed"},"content":{"rendered":"\n<h2 class=\"wp-block-heading\">Toote \u00fclevaade:<\/h2>\n\n<p><strong>AYANEO Pocket ACE Grips on<\/strong> loodud selleks, et pakkuda m\u00e4ngusessioonidel suuremat mugavust ja kontrolli. Need ergonoomilised k\u00e4epidemed kinnituvad sujuvalt <strong>AYANEO Pocket ACE&#8217;ile,<\/strong> pakkudes turvalist ja mugavat haaret, v\u00e4hendades v\u00e4simust ja tagades t\u00e4pse kontrolli pikema m\u00e4ngimise ajal. <\/p>\n\n<ol class=\"wp-block-list\">\n<li><strong>Ergonoomiline disain tagab<\/strong> maksimaalse mugavuse m\u00e4ngimise ajal.<\/li>\n\n\n\n<li><strong>Sobib ideaalselt<\/strong> <strong>AYANEO Pocket ACE<\/strong><strong>-le.<\/strong> <\/li>\n\n\n\n<li>Vastupidav materjal <strong>pikaajaliseks kasutamiseks.<\/strong><\/li>\n\n\n\n<li>Lihtne kinnitada ja eemaldada <strong>kiireks seadistamiseks.<\/strong><\/li>\n\n\n\n<li><strong>Parem kontroll ja t\u00e4psus<\/strong> t\u00e4nu paremale haardele <strong>.<\/strong><\/li>\n<\/ol>\n\n<hr class=\"wp-block-separator has-alpha-channel-opacity\"\/>\n\n<h2 class=\"wp-block-heading\">Miks valida <strong>AYANEO Pocket ACE?<\/strong><\/h2>\n\n<p>Olenemata sellest, kas sa v\u00f5itled intensiivsetes mitmikm\u00e4ngudes v\u00f5i naudid pikki \u00fche m\u00e4ngija kampaaniaid, <strong>pakub<\/strong> AYANEO Pocket <strong>ACE kaasahaaravamat<\/strong> ja mugavamat <strong>m\u00e4ngukogemust<\/strong>. Nende ergonoomiline disain ja turvaline istuvus tagavad, et saate m\u00e4ngida tundide kaupa ilma ebamugavuse v\u00f5i libisemiseta. <\/p>\n\n<hr class=\"wp-block-separator has-alpha-channel-opacity\"\/>\n\n<h2 class=\"wp-block-heading\">Spetsifikatsioonid:<\/h2>\n\n<ul class=\"wp-block-list\">\n<li><strong>Materjal:<\/strong> Vastupidav plastik ergonoomilise tekstuuriga pinnaga<\/li>\n\n\n\n<li><strong>\u00dchilduvus:<\/strong> <strong>AYANEO Pocket ACE<\/strong><\/li>\n\n\n\n<li><strong>Omadused:<\/strong> Kerge, vastupidav ja lihtne kinnitada<\/li>\n<\/ul>\n\n<p>T\u00e4ienda oma <strong>AYANEO Pocket ACE&#8217;i<\/strong> nende <strong>k\u00e4epidemetega<\/strong>, et m\u00e4ngukogemus oleks mugav ja t\u00e4pne - sest iga liigutus loeb!<\/p>\n\n<p><\/p>\n","protected":false},"excerpt":{"rendered":"<ul>\n<li><strong>Ergonoomiline disain tagab<\/strong> maksimaalse mugavuse m\u00e4ngimise ajal.<\/li>\n<li><strong>Sobib ideaalselt<\/strong> AYANEO Pocket ACE<strong>-le.<\/strong> <\/li>\n<li>Vastupidav materjal <strong>pikaajaliseks kasutamiseks.<\/strong><\/li>\n<li>Lihtne kinnitada ja eemaldada <strong>kiireks seadistamiseks.<\/strong><\/li>\n<li><strong>Parem kontroll ja t\u00e4psus<\/strong> t\u00e4nu paremale haardele <strong>.<\/strong><\/li>\n<\/ul>\n[cg_accordion title=\"MAKSUINFO\"]<\/p>\n<p>Me kasutame uusimat makset\u00f6\u00f6tlustehnoloogiat, mis v\u00f5imaldab teil kiiret ja turvalist maksmist Apple Pay, Google Pay, deebet-\/krediitkaardi, PayPali v\u00f5i BNPL-meetodite, nagu Klarna, Affirm v\u00f5i AfterPay kaudu.[\/cg_accordion]\n[cg_accordion title=\"GARANTSIOON\"]<\/p>\n<p>1 aasta garantii <a href=\"https:\/\/droix.net\/\" target=\"_blank\" rel=\"nofollow noopener\">DROIX Globalilt teie meelerahu tagamiseks<\/a> [\/cg_accordion]\n[cg_accordion title=\"KVALITEEDI TAGAMINE JA L\u00c4HETAMISEELNE TESTIMINE\"]<\/p>\n<p>Klientide rahulolu tagamine k\u00f5rgeimal tasemel: Iga seade l\u00e4bib enne saatmist ranged testid ja mitmepunktilise kvaliteedikontrolli. Meie p\u00fchendunud meeskond kontrollib j\u00f5udlust, funktsionaalsust ja komponentide terviklikkust, et tagada, et teie AYANEO seade on saabumisel t\u00e4iuslikus t\u00f6\u00f6korras, tagades teile kindlustunde ja meelerahu. [\/cg_accordion]\n[cg_accordion title=\"HINNAKUJUNDUS, MAKSUD JA KOHALETOIMETAMINE\"]<\/p>\n<p><strong><u>M\u00e4rkus:<\/u><\/strong><\/p>\n<ul>\n<li>Ameerika \u00dchendriikide kliendid: N\u00e4idatud hind ei sisalda makse ega tollimaksu. Vastutus tollivormistuse ja sellega seotud maksude\/tollimaksude tasumise eest lasub kliendil. <\/li>\n<li>ELi kliendid: N\u00e4idatud hind sisaldab kohaldatavat maksu, mis v\u00f5ib s\u00f5ltuvalt teie riigist olla kuni 25%.<\/li>\n<li>Kanada kliendid: N\u00e4idatud hind sisaldab kohaldatavaid makse, mis v\u00f5ivad sisaldada 5% GST ja t\u00e4iendavaid provintsi m\u00fc\u00fcgimakse (PST), \u00fchtlustatud m\u00fc\u00fcgimaksu (HST) v\u00f5i Quebeci m\u00fc\u00fcgimaksu (QST), s\u00f5ltuvalt teie provintsist.<\/li>\n<\/ul>\n<p><strong>AINULT ELi klientidele:<\/strong> Express DDP (Delivered Duty Paid). See t\u00e4hendab: <\/p>\n<ul>\n<li>K\u00f5ik tollimaksud ja maksud sisalduvad toote lehel n\u00e4idatud hinnas.<\/li>\n<li>Te ei pea tarnimisel lisatasusid maksma.<\/li>\n<li>Harva esinevate tolliprobleemide korral tegeleb meie meeskond teie nimel tollivormistusega, et tagada sujuv tarne.<\/li>\n<p>Oluline teave tagastuste kohta:<\/p>\n<li>Kui te otsustate oma tellimuse tagastada v\u00f5i taotleda raha tagasi, siis pidage meeles, et teie eest DDP tingimuste alusel makstud makse ja tollimakse ei saa tagasi maksta.<\/li>\n<p>\u00dcksikasjalik teave <a href=\"https:\/\/ayaneo.co\/et\/teenuse-tingimused\/\" target=\"_blank\" rel=\"nofollow noopener\">on esitatud meie Tingimustes<\/a>.\n<\/ul>\n<p>[\/cg_accordion]\n[cg_accordion title=\"KLIENDITUGI\"]<\/p>\n<p>Kas teil on k\u00fcsimus? Oleme l\u00fchikese teksti kaugusel sellest, et teie k\u00fcsimus oleks lahendatud! [\/cg_accordion]\n[cg_accordion title=\"PAKETT SISALDAB\"]<\/p>\n<ul>\n<li>1x AYANEO Pocket ACE Grips<\/li>\n<\/ul>\n<p>[\/cg_accordion]\n","protected":false},"featured_media":30078,"template":"","meta":{"_acf_changed":false},"product_brand":[],"product_cat":[557],"product_tag":[],"class_list":{"0":"post-30047","1":"product","2":"type-product","3":"status-publish","4":"has-post-thumbnail","6":"product_cat-tarvikud","7":"product_shipping_class-low-end","9":"first","10":"outofstock","11":"sale","12":"taxable","13":"shipping-taxable","14":"purchasable","15":"product-type-simple"},"acf":[],"_links":{"self":[{"href":"https:\/\/ayaneo.co\/et\/wp-json\/wp\/v2\/product\/30047","targetHints":{"allow":["GET"]}}],"collection":[{"href":"https:\/\/ayaneo.co\/et\/wp-json\/wp\/v2\/product"}],"about":[{"href":"https:\/\/ayaneo.co\/et\/wp-json\/wp\/v2\/types\/product"}],"wp:featuredmedia":[{"embeddable":true,"href":"https:\/\/ayaneo.co\/et\/wp-json\/wp\/v2\/media\/30078"}],"wp:attachment":[{"href":"https:\/\/ayaneo.co\/et\/wp-json\/wp\/v2\/media?parent=30047"}],"wp:term":[{"taxonomy":"product_brand","embeddable":true,"href":"https:\/\/ayaneo.co\/et\/wp-json\/wp\/v2\/product_brand?post=30047"},{"taxonomy":"product_cat","embeddable":true,"href":"https:\/\/ayaneo.co\/et\/wp-json\/wp\/v2\/product_cat?post=30047"},{"taxonomy":"product_tag","embeddable":true,"href":"https:\/\/ayaneo.co\/et\/wp-json\/wp\/v2\/product_tag?post=30047"}],"curies":[{"name":"wp","href":"https:\/\/api.w.org\/{rel}","templated":true}]}}