{"id":32303,"date":"2025-08-20T14:41:46","date_gmt":"2025-08-20T14:41:46","guid":{"rendered":"https:\/\/ayaneo.co\/product\/ayaneo-pocket-s2-kott\/"},"modified":"2026-01-06T00:29:21","modified_gmt":"2026-01-06T00:29:21","slug":"ayaneo-pocket-s2-kott","status":"publish","type":"product","link":"https:\/\/ayaneo.co\/et\/product\/ayaneo-pocket-s2-kott\/","title":{"rendered":"AYANEO Pocket S2 kott"},"content":{"rendered":"\n<h2 class=\"wp-block-heading\">Toote \u00fclevaade:<\/h2>\n\n<p><strong>AYANEO Pocket S2 Bag <\/strong>on ideaalne lisavarustus m\u00e4ngijatele, kes hindavad stiili ja kaitset. See AYANEO Pocket S2 konsoolile mugavalt sobiva disainiga \u00fcmbris \u00fchendab endas esmaklassilised materjalid ja kompaktse vormi, tagades, et teie m\u00e4nguseade on turvaline, kuhu iganes te ka ei l\u00e4heks. <\/p>\n\n<hr class=\"wp-block-separator has-alpha-channel-opacity\"\/>\n\n<h2 class=\"wp-block-heading\" id=\"h-key-features\">Peamised omadused:<\/h2>\n\n<p>AYANEO Pocket S2 jaoks <strong>kohandatud kompaktne disain<\/strong>.<\/p>\n\n<p>Vastupidavad materjalid <strong>parema kaitse<\/strong> tagamiseks <strong>.<\/strong><\/p>\n\n<p>Kerge ja kaasaskantav, et ole <strong>ks mugav kaasas k\u00e4ia.<\/strong><\/p>\n\n<p>Pehme sisevooder <strong>kriimustuste v\u00e4ltimiseks.<\/strong><\/p>\n\n<p>Lihtne ja stiilne v\u00e4lisilme <strong>kaasaegse esteetika<\/strong> jaoks <strong>.<\/strong><\/p>\n\n<hr class=\"wp-block-separator has-alpha-channel-opacity\"\/>\n\n<h2 class=\"wp-block-heading\" id=\"h-why-choose-the-ayaneo-pocket-micro-case\">Miks valida AYANEO Pocket S2 kott?<\/h2>\n\n<p>Kaitske oma investeeringut AYANEO Pocket S2 kotiga, mis on m\u00f5eldud konsooli kaitsmiseks kriimustuste, tolmu ja v\u00e4iksemate l\u00f6\u00f6kide eest. T\u00e4nu kergele ja kompaktsele disainile on see ideaalne reisikaaslane, olenemata sellest, kas l\u00e4hed s\u00f5pradega m\u00e4ngusessioonile v\u00f5i v\u00f5tad oma konsooli reisile kaasa. <\/p>\n\n<hr class=\"wp-block-separator has-alpha-channel-opacity\"\/>\n\n<h3 class=\"wp-block-heading\" id=\"h-specifications\">Spetsifikatsioonid:<\/h3>\n\n<ul class=\"wp-block-list\">\n<li><strong>Materjal:<\/strong> Vastupidav kangas v\u00f5i kunstnahk<\/li>\n\n\n\n<li><strong>\u00dchilduvus:<\/strong> AYANEO Pocket S2 konsool<\/li>\n\n\n\n<li><strong>Omadused:<\/strong> kriimustuskindel, kerge ja kaasaskantav.<\/li>\n<\/ul>\n\n<p>T\u00f5sta oma m\u00e4ngukogemust AYANEO Pocket S2 kotiga - t\u00e4iuslik segu kaitsest ja kaasaskantavusest!<\/p>\n\n<p><\/p>\n","protected":false},"excerpt":{"rendered":"<ul>\n<li>AYANEO Pocket S2 jaoks <strong>kohandatud kompaktne disain<\/strong>.<\/li>\n<li>Vastupidavad materjalid <strong>parema kaitse<\/strong> tagamiseks <strong>.<\/strong><\/li>\n<li>Kerge ja kaasaskantav, et ole <strong>ks mugav kaasas k\u00e4ia.<\/strong><\/li>\n<li>Pehme sisevooder <strong>kriimustuste v\u00e4ltimiseks.<\/strong><\/li>\n<li>Lihtne ja stiilne v\u00e4lisilme <strong>kaasaegse esteetika<\/strong> jaoks <strong>.<\/strong><\/li>\n<\/ul>\n[cg_accordion title=\"MAKSUINFO\"]<\/p>\n<p>Me kasutame uusimat makset\u00f6\u00f6tlustehnoloogiat, mis v\u00f5imaldab teil kiiret ja turvalist maksmist Apple Pay, Google Pay, deebet-\/krediitkaardi, PayPali v\u00f5i BNPL-meetodite, nagu Klarna, Affirm v\u00f5i AfterPay kaudu.[\/cg_accordion]\n[cg_accordion title=\"GARANTSIOON\"]<\/p>\n<p>1 aasta garantii <a href=\"https:\/\/droix.net\/\" target=\"_blank\" rel=\"nofollow noopener\">DROIX Globalilt teie meelerahu tagamiseks<\/a> [\/cg_accordion]\n[cg_accordion title=\"KVALITEEDI TAGAMINE JA L\u00c4HETAMISEELNE TESTIMINE\"]<\/p>\n<p>Klientide rahulolu tagamine k\u00f5rgeimal tasemel: Iga seade l\u00e4bib enne saatmist ranged testid ja mitmepunktilise kvaliteedikontrolli. Meie p\u00fchendunud meeskond kontrollib j\u00f5udlust, funktsionaalsust ja komponentide terviklikkust, et tagada, et teie AYANEO seade on saabumisel t\u00e4iuslikus t\u00f6\u00f6korras, tagades teile kindlustunde ja meelerahu. [\/cg_accordion]\n[cg_accordion title=\"HINNAKUJUNDUS, MAKSUD JA KOHALETOIMETAMINE\"]<\/p>\n<p><strong><u>M\u00e4rkus:<\/u><\/strong><\/p>\n<ul>\n<li>Ameerika \u00dchendriikide kliendid: N\u00e4idatud hind ei sisalda makse ega tollimaksu. Vastutus tollivormistuse ja sellega seotud maksude\/tollimaksude tasumise eest lasub kliendil. <\/li>\n<li>ELi kliendid: N\u00e4idatud hind sisaldab kohaldatavat maksu, mis v\u00f5ib s\u00f5ltuvalt teie riigist olla kuni 25%.<\/li>\n<li>Kanada kliendid: N\u00e4idatud hind sisaldab kohaldatavaid makse, mis v\u00f5ivad sisaldada 5% GST ja t\u00e4iendavaid provintsi m\u00fc\u00fcgimakse (PST), \u00fchtlustatud m\u00fc\u00fcgimaksu (HST) v\u00f5i Quebeci m\u00fc\u00fcgimaksu (QST), s\u00f5ltuvalt teie provintsist.<\/li>\n<\/ul>\n<p><strong>AINULT ELi klientidele:<\/strong> Express DDP (Delivered Duty Paid). See t\u00e4hendab: <\/p>\n<ul>\n<li>K\u00f5ik tollimaksud ja maksud sisalduvad toote lehel n\u00e4idatud hinnas.<\/li>\n<li>Te ei pea tarnimisel lisatasusid maksma.<\/li>\n<li>Harva esinevate tolliprobleemide korral tegeleb meie meeskond teie nimel tollivormistusega, et tagada sujuv tarne.<\/li>\n<p>Oluline teave tagastuste kohta:<\/p>\n<li>Kui te otsustate oma tellimuse tagastada v\u00f5i taotleda raha tagasi, siis pidage meeles, et teie eest DDP tingimuste alusel makstud makse ja tollimakse ei saa tagasi maksta.<\/li>\n<p>\u00dcksikasjalik teave <a href=\"https:\/\/ayaneo.co\/et\/teenuse-tingimused\/\" target=\"_blank\" rel=\"nofollow noopener\">on esitatud meie Tingimustes<\/a>.\n<\/ul>\n<p>[\/cg_accordion]\n[cg_accordion title=\"KLIENDITUGI\"]<\/p>\n<p>Kas teil on k\u00fcsimus? Oleme l\u00fchikese teksti kaugusel sellest, et teie k\u00fcsimus oleks lahendatud! [\/cg_accordion]\n[cg_accordion title=\"PAKETT SISALDAB\"]<\/p>\n<ul>\n<li>1x AYANEO Pocket S2 kott<\/li>\n<\/ul>\n<p>[\/cg_accordion]\n","protected":false},"featured_media":30542,"template":"","meta":{"_acf_changed":false},"product_brand":[],"product_cat":[557],"product_tag":[],"class_list":{"0":"post-32303","1":"product","2":"type-product","3":"status-publish","4":"has-post-thumbnail","6":"product_cat-tarvikud","8":"first","9":"instock","10":"sale","11":"taxable","12":"shipping-taxable","13":"purchasable","14":"product-type-simple"},"acf":[],"_links":{"self":[{"href":"https:\/\/ayaneo.co\/et\/wp-json\/wp\/v2\/product\/32303","targetHints":{"allow":["GET"]}}],"collection":[{"href":"https:\/\/ayaneo.co\/et\/wp-json\/wp\/v2\/product"}],"about":[{"href":"https:\/\/ayaneo.co\/et\/wp-json\/wp\/v2\/types\/product"}],"wp:featuredmedia":[{"embeddable":true,"href":"https:\/\/ayaneo.co\/et\/wp-json\/wp\/v2\/media\/30542"}],"wp:attachment":[{"href":"https:\/\/ayaneo.co\/et\/wp-json\/wp\/v2\/media?parent=32303"}],"wp:term":[{"taxonomy":"product_brand","embeddable":true,"href":"https:\/\/ayaneo.co\/et\/wp-json\/wp\/v2\/product_brand?post=32303"},{"taxonomy":"product_cat","embeddable":true,"href":"https:\/\/ayaneo.co\/et\/wp-json\/wp\/v2\/product_cat?post=32303"},{"taxonomy":"product_tag","embeddable":true,"href":"https:\/\/ayaneo.co\/et\/wp-json\/wp\/v2\/product_tag?post=32303"}],"curies":[{"name":"wp","href":"https:\/\/api.w.org\/{rel}","templated":true}]}}