{"id":3977,"date":"2023-03-11T10:02:36","date_gmt":"2023-03-11T10:02:36","guid":{"rendered":"https:\/\/ayaneo.co\/product\/ayaneo-2-pc-mangude-pihuarvuti\/"},"modified":"2025-04-11T12:25:19","modified_gmt":"2025-04-11T12:25:19","slug":"ayaneo-2-pc-mangude-pihuarvuti","status":"publish","type":"product","link":"https:\/\/ayaneo.co\/et\/product\/ayaneo-2-pc-mangude-pihuarvuti\/","title":{"rendered":"AYANEO 2 PC m\u00e4ngimise pihuarvuti"},"content":{"rendered":"\n<p>Otsid v\u00f5imsat ja kaasaskantavat arvutim\u00e4ngude pihuarvutit? Vaata edasi kui AYANEO 2! T\u00e4nu AMD Ryzen 7 kiirele tehnoloogiale viib see pihuarvuti lauaarvuti m\u00e4ngimise t\u00e4iesti uuele tasemele.  <\/p>\n\n<p>AYANEO 2 on uhke uusima AMD Ryzen 7 6800U, mille 8 tuuma ja 16 niiti t\u00f6\u00f6tavad kuni 4,7 GHz ja maksimaalne soovitatav 28 W TDP. Samuti on sellel suure j\u00f5udlusega AMD Radeon 680M GPU, millel on 12 tuuma, mis t\u00f6\u00f6tavad kiirusel 2200Mhz. Kuni 32GB LPDDR5-6400 MT\/S RAM ja kuni 2TB PCIe 4.0 m.2 2280 SSD, AYANEO 2 tagab suurep\u00e4rase m\u00e4ngude j\u00f5udluse, isegi uusimate m\u00e4ngude puhul!   <\/p>\n\n<p>AYANEO 2 7-tolline puuteekraan on lihtsalt h\u00e4mmastav, selle selged ja eluj\u00f5ulised v\u00e4rvid t\u00f5mbavad sind m\u00e4ngu t\u00f5eliselt sisse. Ja t\u00e4nu oma elegantsele disainile, mille esik\u00fclge katab \u00fcks klaasplaat, n\u00e4eb see arvutim\u00e4ngude pihuarvuti v\u00e4lja ja tundub k\u00f5rgekvaliteediline ja esmaklassiline. <\/p>\n\n<p>Kuid asi ei ole ainult v\u00e4limuses - AYANEO 2-l on ka kaasaegsed juhtimisseadmed, millel on hall-efekti andurid kahel analoog- ja p\u00e4\u00e4stikunupulil. Kahe analoogpuldi juurde kuulub isegi diskreetne RGB-valgustus, mida saab kohandada kaasasoleva AYA SPACE&#8217;i tarkvaraga. <\/p>\n\n<p>Ka \u00fchenduvus on AYANEO 2 puhul tipptasemel: WiFi 6 tagab kiire ja usaldusv\u00e4\u00e4rse traadita andmeedastuse ning Bluetooth 5.2 v\u00f5imaldab \u00fchendada uusimaid traadita lisaseadmeid, n\u00e4iteks k\u00f5rvaklappe. Ja t\u00e4nu 50,25 Wh akule saad selle pihuarvuti abil m\u00e4ngida mitu tundi. <\/p>\n\n<p>Kuid mis t\u00f5eliselt eristab AYANEO 2, on selle m\u00e4ngut\u00f5husus. See suudab k\u00e4ivitada uusimaid AAA Windowsi m\u00e4nge mugava resolutsiooniga kuni 1200P ja s\u00f5ltuvalt m\u00e4ngust isegi kuni k\u00f5rgeimate graafikas\u00e4tetega. Ja mitte ainult moodsate m\u00e4ngude jaoks - AYANEO 2 on suurep\u00e4rane ka retrom\u00e4ngude jaoks, olles v\u00f5imeline m\u00e4ngima kuni kuuenda p\u00f5lvkonna konsoolides madalamal TDP, et akut s\u00e4\u00e4sta. Lisaks suudab see k\u00e4ivitada \u00fchilduvaid seitsmenda ja kaheksanda p\u00f5lvkonna s\u00fcsteeme ja m\u00e4nge t\u00e4iskiirusel!   <\/p>\n\n<p>Kui otsite v\u00f5imsat ja stiilset PC-m\u00e4nguarvutit, tasub kindlasti kaaluda AYANEO 2.<\/p>\n","protected":false},"excerpt":{"rendered":"<ul>\n<li>AMD<strong> Ryzen 7 6800U<\/strong> \/ Radeon 680M<\/li>\n<li><strong>kuni 32 GB<\/strong> LPDDR5 @ <strong>6400 MT\/s<\/strong><\/li>\n<li><strong>kuni 2TB<\/strong> kiire PCIe 4.0 m.2 2280 SSD <\/li>\n<li><strong>7<\/strong> \" <strong> LCD Puuteekraaniga ekraan<\/strong> <\/li>\n<li><strong>WiFi 6<\/strong> ja <strong>Bluetooth 5.2<\/strong> tugi<\/li>\n<\/ul>\n[cg_accordion title=\"MAKSUINFO\"]<\/p>\n<p>Me kasutame uusimat makset\u00f6\u00f6tlustehnoloogiat, mis v\u00f5imaldab teil kiiret ja turvalist maksmist Apple Pay, Google Pay, deebet-\/krediitkaardi, PayPali v\u00f5i BNPL-meetodite, nagu Klarna, Affirm v\u00f5i AfterPay kaudu.[\/cg_accordion]\n[cg_accordion title=\"GARANTSIOON\"]<\/p>\n<p>1 aasta garantii <a href=\"https:\/\/droix.net\/\" target=\"_blank\" rel=\"nofollow noopener\">DROIX Global<\/a> ilt teie meelerahu tagamiseks[\/cg_accordion]\n[cg_accordion title=\"HINNAKUJUNDUS, MAKSUD JA KOHALETOIMETAMINE\"]<\/p>\n<p><strong><u>M\u00e4rkus:<\/u><\/strong><\/p>\n<ul>\n<li>Ameerika \u00dchendriikide kliendid: N\u00e4idatud hind ei sisalda makse ega tollimaksu. Vastutus tollivormistuse ja sellega seotud maksude\/tollimaksude tasumise eest lasub kliendil. <\/li>\n<li>ELi kliendid: N\u00e4idatud hind sisaldab kohaldatavat MAKSU, mis v\u00f5ib s\u00f5ltuvalt teie riigist olla kuni 25%.<\/li>\n<li>Kanada kliendid: N\u00e4idatud hind sisaldab kohaldatavaid makse, mis v\u00f5ivad sisaldada 5% GST ja t\u00e4iendavaid provintsi m\u00fc\u00fcgimakse (PST), \u00fchtlustatud m\u00fc\u00fcgimaksu (HST) v\u00f5i Quebeci m\u00fc\u00fcgimaksu (QST), s\u00f5ltuvalt teie provintsist.<\/li>\n<\/ul>\n<p><strong>AINULT ELi klientidele:<\/strong> Express DDP (Delivered Duty Paid). See t\u00e4hendab: <\/p>\n<ul>\n<li>K\u00f5ik tollimaksud ja maksud sisalduvad toote lehel n\u00e4idatud hinnas.<\/li>\n<li>Te ei pea tarnimisel lisatasusid maksma.<\/li>\n<li>Harva esinevate tolliprobleemide korral tegeleb meie meeskond teie nimel tollivormistusega, et tagada sujuv tarne.<\/li>\n<p>Oluline teave tagastuste kohta:<\/p>\n<li>Kui otsustate oma tellimuse tagastada v\u00f5i taotleda raha tagasi, siis pidage meeles, et teie eest DDP tingimuste alusel makstud makse ja tollimakse ei saa tagasi maksta.<\/li>\n<p>\u00dcksikasjalikku teavet leiate meie <a href=\"https:\/\/ayaneo.co\/terms-of-service-2\/\" target=\"_blank\" rel=\"nofollow noopener\">Tingimustest<\/a>.\n<\/ul>\n<p>[\/cg_accordion]\n[cg_accordion title=\"KLIENDITUGI\"]<\/p>\n<p>Kas teil on k\u00fcsimus? Oleme l\u00fchikese teksti kaugusel sellest, et teie k\u00fcsimus oleks lahendatud!<br \/>\n[\/cg_accordion]\n","protected":false},"featured_media":3980,"template":"","meta":{"_acf_changed":false},"product_brand":[],"product_cat":[550],"product_tag":[551],"class_list":{"0":"post-3977","1":"product","2":"type-product","3":"status-publish","4":"has-post-thumbnail","6":"product_cat-kaeshoitavad-manguriarvutid","7":"product_tag-pc-mangimine-pihuarvuti","8":"product_shipping_class-premium","9":"pa_brand-ayaneo","10":"pa_graphics-gpu-model-radeon-680m","11":"pa_operating-system-windows-11","12":"pa_processor-cpu-brand-amd","14":"first","15":"outofstock","16":"taxable","17":"shipping-taxable","18":"purchasable","19":"product-type-variable"},"acf":[],"_links":{"self":[{"href":"https:\/\/ayaneo.co\/et\/wp-json\/wp\/v2\/product\/3977","targetHints":{"allow":["GET"]}}],"collection":[{"href":"https:\/\/ayaneo.co\/et\/wp-json\/wp\/v2\/product"}],"about":[{"href":"https:\/\/ayaneo.co\/et\/wp-json\/wp\/v2\/types\/product"}],"wp:featuredmedia":[{"embeddable":true,"href":"https:\/\/ayaneo.co\/et\/wp-json\/wp\/v2\/media\/3980"}],"wp:attachment":[{"href":"https:\/\/ayaneo.co\/et\/wp-json\/wp\/v2\/media?parent=3977"}],"wp:term":[{"taxonomy":"product_brand","embeddable":true,"href":"https:\/\/ayaneo.co\/et\/wp-json\/wp\/v2\/product_brand?post=3977"},{"taxonomy":"product_cat","embeddable":true,"href":"https:\/\/ayaneo.co\/et\/wp-json\/wp\/v2\/product_cat?post=3977"},{"taxonomy":"product_tag","embeddable":true,"href":"https:\/\/ayaneo.co\/et\/wp-json\/wp\/v2\/product_tag?post=3977"}],"curies":[{"name":"wp","href":"https:\/\/api.w.org\/{rel}","templated":true}]}}