{"id":4037,"date":"2023-03-11T15:05:16","date_gmt":"2023-03-11T15:05:16","guid":{"rendered":"https:\/\/ayaneo.co\/product\/ayaneo-pro-pc-mangimise-pihuarvuti\/"},"modified":"2025-04-11T12:25:33","modified_gmt":"2025-04-11T12:25:33","slug":"ayaneo-pro-pc-mangimise-pihuarvuti","status":"publish","type":"product","link":"https:\/\/ayaneo.co\/et\/product\/ayaneo-pro-pc-mangimise-pihuarvuti\/","title":{"rendered":"AYANEO Pro PC m\u00e4ngimise pihuarvuti"},"content":{"rendered":"\n<figure class=\"wp-block-image\"><img decoding=\"async\" src=\"https:\/\/droix.net\/wp-content\/uploads\/elementor\/thumbs\/aya-neo-features-pk9lkumxlstccbb5vzfe137167irzcikhw6vrsl4l4.jpg\" alt=\"aya-neo-omadused.jpg\" title=\"aya-neo-omadused.jpg\"\/><\/figure>\n\n<p>Kui soovid veelgi suuremat v\u00f5imsust, siis AYA NEO PRO on sulle sobilik. AYA NEO PRO on 2021. aasta AYA NEO NEO laiendus, mis on varustatud AMD Ryzen 7 protsessoriga ja on t\u00f5eliselt kaasaskantav Windowsi m\u00e4ngukonsooliga pihuarvuti. <\/p>\n\n<figure class=\"wp-block-image\"><img decoding=\"async\" src=\"https:\/\/droix.net\/wp-content\/uploads\/elementor\/thumbs\/hero-pk9lkwint94k0m61dmx072ej9g5nuzgr31m11t2idk.jpg\" alt=\"hero.jpg\" title=\"hero.jpg\"\/><\/figure>\n\n<p>Koos PRO-mooduliga on n\u00fc\u00fcd saadaval uimastav &#8220;Retro Power\" mudel k\u00f5igile retro-m\u00e4ngude austajatele.<\/p>\n\n<figure class=\"wp-block-image\"><img decoding=\"async\" src=\"https:\/\/droix.net\/wp-content\/uploads\/2022\/02\/story-1-1024x710.png\" alt=\"\" title=\"AYA NEO 2021 PRO 1\"\/><\/figure>\n\n<p>Tehnoloogia v\u00f5ib olla arenenud, kuid kui v\u00f5tate AYA NEO PRO k\u00e4tte, m\u00f5istate, kui palju see on muutunud. Ja seda paremuse poole. <\/p>\n\n<p>&#8220;Retro Power\" mudeli disainile on pandud lisam\u00f5tteid, et see sarnaneks varasemate konsoolide omale, et tekiks autentne retrotunne. Kuid siinkohal see ka l\u00f5ppeb, kui sa selle k\u00e4tte v\u00f5tad ja sellega m\u00e4ngid, m\u00f5istad, et see ei ole vana konsool. <\/p>\n\n<figure class=\"wp-block-image\"><img decoding=\"async\" src=\"https:\/\/droix.net\/wp-content\/uploads\/2022\/02\/story-2-1024x710.png\" alt=\"\" title=\"AYA NEO 2021 PRO 2\"\/><\/figure>\n\n<p>Disain ei ole AYA NEO PRO ainus uuendus - protsessoriks on n\u00fc\u00fcd AMD Ryzen 7 - 4800U. See tagab, et sinu m\u00e4ngud jooksevad sujuvalt, olles samal ajal energias\u00e4\u00e4stlik. <\/p>\n\n<figure class=\"wp-block-image\"><img decoding=\"async\" src=\"https:\/\/droix.net\/wp-content\/uploads\/elementor\/thumbs\/aya-neo-2021-processor-pk9lvtf44d1wn4k9rvvzjcka0jpiectapv3h7kdiv8.png\" alt=\"aya-neo-2021-protsessor.png\" title=\"aya-neo-2021-protsessor.png\"\/><\/figure>\n\n<h2 class=\"wp-block-heading\">AMD, jah!<\/h2>\n\n<p>AMD Ryzen 7 p\u00f5hineb TSMC 7 nm FinFET-arhitektuuril, mis tagab suure j\u00f5udluse ja on samal ajal energiat\u00f5hus. Ryzen 7 4800U on varustatud 8 tuumaga, mis v\u00f5ivad suure koormuse korral kiirendada kuni 4,2 GHz. <\/p>\n\n<figure class=\"wp-block-image\"><img decoding=\"async\" src=\"https:\/\/droix.net\/wp-content\/uploads\/2022\/02\/aya-neo-pro-processor-image.jpg\" alt=\"aya-neo-pro-protsessor-pilt.jpg\"\/><\/figure>\n\n<h2 class=\"wp-block-heading\">Ah, nii lahe!<\/h2>\n\n<p>AYA NEO Pro on varustatud ventilaatoriga, mis hoolitseb selle eest, et teie v\u00f5imas AMD Ryzen 7 protsessor ei muutuks liiga auravaks.<\/p>\n\n<figure class=\"wp-block-image\"><img decoding=\"async\" src=\"https:\/\/droix.net\/wp-content\/uploads\/elementor\/thumbs\/aya-neo-pro-heat-pk9lxuqk5am4y4f7ylrlit2l03fkgm4wa92orlb32g.png\" alt=\"aya-neo-pro-heat.png\" title=\"aya-neo-pro-heat.png\"\/><\/figure>\n\n<h2 class=\"wp-block-heading\">Kiire RAM ja palju salvestusruumi<\/h2>\n\n<p>16 GB kiiret LPDDR4x m\u00e4lu ja kuni 2 TB*2 NVMe pooljuhtm\u00e4lu. See tagab, et sul on piisavalt ruumi k\u00f5igi oma lemmikm\u00e4ngude ja retrom\u00e4ngude jaoks ning et saad korraga avada rohkem kui 1 Chrome&#8217;i vahekaardi. <\/p>\n\n<figure class=\"wp-block-image\"><img decoding=\"async\" src=\"https:\/\/droix.net\/wp-content\/uploads\/elementor\/thumbs\/aya-neo-pro-ram-ssd-pk9llfbds5lnfqh4j8d6jxz68oouoosnwqjkbvqg9m.jpg\" alt=\"aya-neo-pro-ram-ssd.jpg\" title=\"aya-neo-pro-ram-ssd.jpg\"\/><\/figure>\n\n<h2 class=\"wp-block-heading\">M\u00e4ngimine<\/h2>\n\n<p>M\u00e4ngi oma lemmikm\u00e4ngu teel AYA NEO PRO *1 abil.<\/p>\n\n<figure class=\"wp-block-image\"><img decoding=\"async\" src=\"https:\/\/droix.net\/wp-content\/uploads\/2022\/02\/aya-neo-pro-games.jpg\" alt=\"aya-neo-pro-m&#xE4;ngud.jpg\"\/><\/figure>\n\n<p>1* - N\u00e4idatud m\u00e4ngud t\u00f6\u00f6tavad, kuid - kasutaja peaks soovitud j\u00f5udluse saavutamiseks tegema seadistusi.<\/p>\n\n<p>2* - AYA NEO PRO 2TB versioon ei ole praegu saadaval.<\/p>\n","protected":false},"excerpt":{"rendered":"<ul>\n<li>AMD\u00ae<b> Ryzen\u2122 7 4800U<\/b> koos AMD <b>Radeon\u2122 graafikaga<\/b><\/li>\n<li><strong>16 GB kahe kanaliga<\/strong> LPDDR4x @ 4266Mhz<\/li>\n<li><strong>1TB<\/strong> kiire PCI-E <strong>NVMe m\u00e4lu<\/strong> <strong> SSD<\/strong><\/li>\n<li><strong>7&#8243; H-IPS<\/strong> puutetundlik ekraan<\/li>\n<li><strong>WiFi 6E<\/strong> ja <strong>Bluetooth 5.1<\/strong> tugi<\/li>\n<\/ul>\n[cg_accordion title=\"MAKSUINFO\"]<\/p>\n<p>Me kasutame uusimat makset\u00f6\u00f6tlustehnoloogiat, mis v\u00f5imaldab teil kiiret ja turvalist maksmist Apple Pay, Google Pay, deebet-\/krediitkaardi, PayPali v\u00f5i BNPL-meetodite, nagu Klarna, Affirm v\u00f5i AfterPay kaudu.[\/cg_accordion]\n[cg_accordion title=\"GARANTSIOON\"]<\/p>\n<p>1 aasta garantii <a href=\"https:\/\/droix.net\/\" target=\"_blank\" rel=\"nofollow noopener\">DROIX Global<\/a> ilt teie meelerahu tagamiseks[\/cg_accordion]\n[cg_accordion title=\"HINNAKUJUNDUS, MAKSUD JA KOHALETOIMETAMINE\"]<\/p>\n<p><strong><u>M\u00e4rkus:<\/u><\/strong><\/p>\n<ul>\n<li>Ameerika \u00dchendriikide kliendid: N\u00e4idatud hind ei sisalda makse ega tollimaksu. Vastutus tollivormistuse ja sellega seotud maksude\/tollimaksude tasumise eest lasub kliendil. <\/li>\n<li>ELi kliendid: N\u00e4idatud hind sisaldab kohaldatavat MAKSU, mis v\u00f5ib s\u00f5ltuvalt teie riigist olla kuni 25%.<\/li>\n<li>Kanada kliendid: N\u00e4idatud hind sisaldab kohaldatavaid makse, mis v\u00f5ivad sisaldada 5% GST ja t\u00e4iendavaid provintsi m\u00fc\u00fcgimakse (PST), \u00fchtlustatud m\u00fc\u00fcgimaksu (HST) v\u00f5i Quebeci m\u00fc\u00fcgimaksu (QST), s\u00f5ltuvalt teie provintsist.<\/li>\n<\/ul>\n<p><strong>AINULT ELi klientidele:<\/strong> Express DDP (Delivered Duty Paid). See t\u00e4hendab: <\/p>\n<ul>\n<li>K\u00f5ik tollimaksud ja maksud sisalduvad toote lehel n\u00e4idatud hinnas.<\/li>\n<li>Te ei pea tarnimisel lisatasusid maksma.<\/li>\n<li>Harva esinevate tolliprobleemide korral tegeleb meie meeskond teie nimel tollivormistusega, et tagada sujuv tarne.<\/li>\n<p>Oluline teave tagastuste kohta:<\/p>\n<li>Kui otsustate oma tellimuse tagastada v\u00f5i taotleda raha tagasi, siis pidage meeles, et teie eest DDP tingimuste alusel makstud makse ja tollimakse ei saa tagasi maksta.<\/li>\n<p>\u00dcksikasjalikku teavet leiate meie <a href=\"https:\/\/ayaneo.co\/terms-of-service-2\/\" target=\"_blank\" rel=\"nofollow noopener\">Tingimustest<\/a>.\n<\/ul>\n<p>[\/cg_accordion]\n[cg_accordion title=\"KLIENDITUGI\"]<\/p>\n<p>Kas teil on k\u00fcsimus? Oleme l\u00fchikese teksti kaugusel sellest, et teie k\u00fcsimus oleks lahendatud!<br \/>\n[\/cg_accordion]\n","protected":false},"featured_media":4040,"template":"","meta":{"_acf_changed":false},"product_brand":[],"product_cat":[550],"product_tag":[],"class_list":{"0":"post-4037","1":"product","2":"type-product","3":"status-publish","4":"has-post-thumbnail","6":"product_cat-kaeshoitavad-manguriarvutid","7":"product_shipping_class-premium","8":"pa_brand-ayaneo","9":"pa_graphics-gpu-model-radeon-graphics","10":"pa_operating-system-windows-10","11":"pa_processor-cpu-brand-amd","13":"first","14":"outofstock","15":"taxable","16":"shipping-taxable","17":"purchasable","18":"product-type-variable","19":"has-default-attributes"},"acf":[],"_links":{"self":[{"href":"https:\/\/ayaneo.co\/et\/wp-json\/wp\/v2\/product\/4037","targetHints":{"allow":["GET"]}}],"collection":[{"href":"https:\/\/ayaneo.co\/et\/wp-json\/wp\/v2\/product"}],"about":[{"href":"https:\/\/ayaneo.co\/et\/wp-json\/wp\/v2\/types\/product"}],"wp:featuredmedia":[{"embeddable":true,"href":"https:\/\/ayaneo.co\/et\/wp-json\/wp\/v2\/media\/4040"}],"wp:attachment":[{"href":"https:\/\/ayaneo.co\/et\/wp-json\/wp\/v2\/media?parent=4037"}],"wp:term":[{"taxonomy":"product_brand","embeddable":true,"href":"https:\/\/ayaneo.co\/et\/wp-json\/wp\/v2\/product_brand?post=4037"},{"taxonomy":"product_cat","embeddable":true,"href":"https:\/\/ayaneo.co\/et\/wp-json\/wp\/v2\/product_cat?post=4037"},{"taxonomy":"product_tag","embeddable":true,"href":"https:\/\/ayaneo.co\/et\/wp-json\/wp\/v2\/product_tag?post=4037"}],"curies":[{"name":"wp","href":"https:\/\/api.w.org\/{rel}","templated":true}]}}