{"id":4067,"date":"2023-03-11T15:19:07","date_gmt":"2023-03-11T15:19:07","guid":{"rendered":"https:\/\/ayaneo.co\/product\/ayaneo-pihuarvuti-mangukompuuter\/"},"modified":"2025-04-11T12:25:40","modified_gmt":"2025-04-11T12:25:40","slug":"ayaneo-pihuarvuti-mangukompuuter","status":"publish","type":"product","link":"https:\/\/ayaneo.co\/et\/product\/ayaneo-pihuarvuti-mangukompuuter\/","title":{"rendered":"AYANEO K\u00e4eshoitav m\u00e4nguriarvuti"},"content":{"rendered":"\n<div style=\"background-color: black; color: white;\"><p style=\"text-align: center;\"><img decoding=\"async\" class=\"\" style=\"margin-left: 3%;\" src=\"https:\/\/static.wixstatic.com\/media\/aac863_6656635baa574ee3bb8d41cedbc857a8~mv2.gif\" data-src=\"https:\/\/static.wixstatic.com\/media\/aac863_6656635baa574ee3bb8d41cedbc857a8~mv2.gif\"\/> <img decoding=\"async\" class=\"\" src=\"https:\/\/c1.iggcdn.com\/indiegogo-media-prod-cld\/image\/upload\/c_limit,w_695\/v1615019935\/njqfwmc4qkhhqzgiq1ni.png\" data-src=\"https:\/\/c1.iggcdn.com\/indiegogo-media-prod-cld\/image\/upload\/c_limit,w_695\/v1615019935\/njqfwmc4qkhhqzgiq1ni.png\"\/><\/p><div style=\"text-align: center;\"><\/div><p style=\"text-align: center;\">AYANEO on revolutsiooniline pihuarvuti, mis sisaldab 7 nm AMD Ryzen APU-d, mis pakub enneolematut m\u00e4ngut\u00f5husust kompaktses formaadis. See ei paku mitte ainult AAA-tasemel m\u00e4nguv\u00f5imalusi, vaid on t\u00e4nu allpool kirjeldatud muljetavaldavatele funktsioonidele ka v\u00e4ga kohandatav ja paindlik Windows-arvuti. <\/p><p style=\"text-align: center;\"><img decoding=\"async\" class=\"\" src=\"https:\/\/c1.iggcdn.com\/indiegogo-media-prod-cld\/image\/upload\/c_limit,w_695\/v1615019962\/rn6jcqjs1po8f5gmtyqf.png\" data-src=\"https:\/\/c1.iggcdn.com\/indiegogo-media-prod-cld\/image\/upload\/c_limit,w_695\/v1615019962\/rn6jcqjs1po8f5gmtyqf.png\"\/>  T\u00e4iustatud Ryzen 5 4500U protsessoriga, millel on kuus tuuma ja maksimaalne turbo sagedus 4,0 GHz, on AYANEO t\u00f5eline j\u00f5ujaam, mis saab vaevata hakkama n\u00f5udlike m\u00e4ngudega. Kuue s\u00fcdamiku disain pakub 50% rohkem s\u00fcdamikke kui eelmiste p\u00f5lvkondade ja konkurentide omad, mis tagab erakordse multi-tasking soorituse. <\/p><p style=\"text-align: center;\"><img decoding=\"async\" class=\"\" src=\"https:\/\/c1.iggcdn.com\/indiegogo-media-prod-cld\/image\/upload\/c_limit,w_695\/v1615019979\/r9mmjkop1uvc6rhi6e0s.png\" data-src=\"https:\/\/c1.iggcdn.com\/indiegogo-media-prod-cld\/image\/upload\/c_limit,w_695\/v1615019979\/r9mmjkop1uvc6rhi6e0s.png\"\/><\/p><p style=\"text-align: center;\">Ryzeni s\u00fclearvuti on varustatud v\u00f5imsa AMD Radeon graafikaga, mis teeb AAA-tiitlite m\u00e4ngimise lihtsaks. T\u00e4iustatud pildidetailid ja sujuvam m\u00e4ngimine pakuvad kaasahaaravat ja paremat m\u00e4ngukogemust. Lisaks on Radeon Graphics&#8217;i draiverid suurep\u00e4rase \u00fchilduvusega uusimate m\u00e4ngudega, v\u00f5imaldades t\u00f6\u00f6tada n\u00f5udlike tiitlitega nagu Cyberpunk 2077 30+ FPS-i juures madalamate seadetega. Lisaks pakuvad Radeon Graphics draiverid fantastilisi funktsioone, nagu Radeon Boost, Radeon Image Sharpening ja Radeon Anti-Lag. Nimelt v\u00f5ib ainu\u00fcksi Radeon Image Sharpening AAA-t\u00fc\u00fcpi m\u00e4ngudes t\u00f5sta kiirust 5-10 v\u00f5rra, kusjuures pildikvaliteedi v\u00e4henemine on minimaalne.    <img decoding=\"async\" class=\"\" src=\"https:\/\/c1.iggcdn.com\/indiegogo-media-prod-cld\/image\/upload\/c_limit,w_695\/v1614936310\/sx0rqht7zj0sxihvxhub.png\" data-src=\"https:\/\/c1.iggcdn.com\/indiegogo-media-prod-cld\/image\/upload\/c_limit,w_695\/v1614936310\/sx0rqht7zj0sxihvxhub.png\"\/> AYANEO on varustatud 16 GB LPDDR4x 4266 RAM-iga ja toetab kuni 1 TB NVME SSD. See ei taga mitte ainult t\u00f5rgeteta ja sujuvat m\u00e4ngukogemust, vaid v\u00e4hendab ka m\u00e4rkimisv\u00e4\u00e4rselt laadimisaega. Samal ajal kui teised peavad ootama m\u00e4ngude laadimist, saate te otse tegevusse sukelduda.  <\/p><p style=\"text-align: center;\"><img decoding=\"async\" class=\"\" src=\"https:\/\/c1.iggcdn.com\/indiegogo-media-prod-cld\/image\/upload\/c_limit,w_695\/v1614936351\/fiymw14evbgdyzf9sqgs.png\" data-src=\"https:\/\/c1.iggcdn.com\/indiegogo-media-prod-cld\/image\/upload\/c_limit,w_695\/v1614936351\/fiymw14evbgdyzf9sqgs.png\"\/><\/p><p style=\"text-align: center;\">AYANEO m\u00e4ngukontrolleril on mitmeid ergonoomilisi funktsioone, mis parandavad m\u00e4ngimist, sealhulgas kl\u00f5psatavad joystickid, millel on optimeeritud surnud tsoonid sujuvama t\u00f6\u00f6 tagamiseks. Joystickide ja D-pad&#8217;i paigutus on optimeeritud, et v\u00e4hendada kasutajate \u00f5ppimisk\u00f5verat. Lisaks on seadme kere disainitud laiemate k\u00fclgedega, mis tagab kindlamat haardumist ja paremat m\u00e4ngutehnikat.  <\/p><p style=\"text-align: center;\"><img decoding=\"async\" class=\"\" src=\"https:\/\/static.wixstatic.com\/media\/aac863_43ed0b20a12b4752aef923e0e2adfe9e~mv2.gif\" data-src=\"https:\/\/static.wixstatic.com\/media\/aac863_43ed0b20a12b4752aef923e0e2adfe9e~mv2.gif\"\/><\/p><p style=\"text-align: center;\">AYANEO \u00f5lanupud on varustatud APLPS-mikrol\u00fclititega, mis pakuvad l\u00fchemat teekonda ja selgemat tagasisidet. Lisaks on AYA NEO joystickid varustatud spetsiaalsete Windowsi Task Manageri ja ekraaniklaviatuuri nuppudega, mis pakuvad sujuvat Windowsi kasutuskogemust. Need nupud on kujundatud nii, et need on joysticki pinnaga samal tasapinnal, v\u00e4hendades tahtmatuid aktiveerimisi.  <\/p><p style=\"text-align: center;\"><img decoding=\"async\" class=\"\" src=\"https:\/\/c1.iggcdn.com\/indiegogo-media-prod-cld\/image\/upload\/c_limit,w_695\/v1615001195\/nzloks9padhf7p2zhwav.png\" data-src=\"https:\/\/c1.iggcdn.com\/indiegogo-media-prod-cld\/image\/upload\/c_limit,w_695\/v1615001195\/nzloks9padhf7p2zhwav.png\"\/><\/p><p style=\"text-align: center;\">Sisseehitatud liitiumaku AYANEO koosneb kolmest akust, millest iga\u00fche mahtuvus on 4100 mAh, mille on tarninud BYD Auto ja mis vastab k\u00f5igile rahvusvahelistele t\u00f6\u00f6stusstandarditele. T\u00e4nu 47 vatt-tunnise aku mahutavusele ja madalale energiatarbimisele on AYANEO aku kestab suurep\u00e4raselt, kestes kuni 5-6 tundi madalamatel TDP seadistustel ja kuni 140 minutit n\u00f5udlike AAA-m\u00e4ngude ajal. Lisaks toetab AYANEO kiirlaadimist, mille puhul t\u00e4islaadimine v\u00f5tab aega vaid 90 minutit.  <\/p><p style=\"text-align: center;\"><img decoding=\"async\" class=\"\" src=\"https:\/\/c1.iggcdn.com\/indiegogo-media-prod-cld\/image\/upload\/c_limit,w_695\/v1615020381\/lhrkmd6a0fwvkzcqdrhr.png\" data-src=\"https:\/\/c1.iggcdn.com\/indiegogo-media-prod-cld\/image\/upload\/c_limit,w_695\/v1615020381\/lhrkmd6a0fwvkzcqdrhr.png\"\/> AYANEO on varustatud 7-tollise multitouch-ekraaniga 800p 215 PPI H-IPS paneeliga, mis katab 76% NTSC-v\u00e4rviruumist ja pakub 500 nit maksimaalset heledust. Lisaks on ekraan v\u00e4rinavaba, tagades suurep\u00e4rase m\u00e4ngupildi iga kaadriga. <\/p><p style=\"text-align: center;\"><img decoding=\"async\" class=\"\" src=\"https:\/\/c1.iggcdn.com\/indiegogo-media-prod-cld\/image\/upload\/c_limit,w_695\/v1615020027\/knbtdy0fr89jdpecpbfa.png\" data-src=\"https:\/\/c1.iggcdn.com\/indiegogo-media-prod-cld\/image\/upload\/c_limit,w_695\/v1615020027\/knbtdy0fr89jdpecpbfa.png\"\/><\/p><p style=\"text-align: center;\">AYANEO on varustatud sisseehitatud 6-teljelise g\u00fcroskoobi\/kiirendusm\u00f5\u00f5turiga, mis pakub suure t\u00e4psusega sihtimisabi ja muid suurep\u00e4raseid funktsioone. Lisaks on seadmel sisseehitatud m\u00fcrisemootorid, mis annavad tagasisidet kokkup\u00f5rgete, vibratsiooni, v\u00f5itluse ja muude stseenide kohta, mille tulemuseks on kaasahaaravam m\u00e4ngukogemus. <\/p><p style=\"text-align: center;\"><img decoding=\"async\" class=\"\" src=\"https:\/\/c1.iggcdn.com\/indiegogo-media-prod-cld\/image\/upload\/c_limit,w_695\/v1615020046\/ghondj0xjfgyldiartzt.png\" data-src=\"https:\/\/c1.iggcdn.com\/indiegogo-media-prod-cld\/image\/upload\/c_limit,w_695\/v1615020046\/ghondj0xjfgyldiartzt.png\"\/><\/p><p style=\"text-align: center;\">AYANEO&#8217;toores v\u00f5imsus v\u00f5imaldab tal k\u00e4ivitada AAA tiitleid nagu Cyberpunk 2077, Watch Dogs: Legion, Death Stranding, Assassin&#8217;s Creed Valhalla, Destiny 2, Horizon Zero Dawn ja palju muud hea kaadrisagedusega. Lisaks v\u00f5imaldab seade k\u00e4ivitada m\u00e4ngude PC-versiooni, mis v\u00f5ib olla palju odavam kui konsooliversioon. <\/p><p style=\"text-align: center;\"><img decoding=\"async\" class=\"\" src=\"https:\/\/c1.iggcdn.com\/indiegogo-media-prod-cld\/image\/upload\/c_limit,w_695\/v1614936733\/obwoov4gy7o7n23zq8wl.png\" data-src=\"https:\/\/c1.iggcdn.com\/indiegogo-media-prod-cld\/image\/upload\/c_limit,w_695\/v1614936733\/obwoov4gy7o7n23zq8wl.png\"\/><\/p><p style=\"text-align: center;\"><img decoding=\"async\" class=\"\" src=\"https:\/\/c1.iggcdn.com\/indiegogo-media-prod-cld\/image\/upload\/c_limit,w_695\/v1615020358\/d8cym34zq3rhnbia3b9i.png\" data-src=\"https:\/\/c1.iggcdn.com\/indiegogo-media-prod-cld\/image\/upload\/c_limit,w_695\/v1615020358\/d8cym34zq3rhnbia3b9i.png\"\/><\/p><p style=\"text-align: center;\">T\u00e4nu oma toorele v\u00f5imsusele ja suurep\u00e4rasele \u00fchenduvusele on AYANEO v\u00f5imeline sujuvalt jooksutama nii AAA-m\u00e4ngude \u00fcksikm\u00e4ngijaid kui ka online-m\u00e4ngude mitmikm\u00e4ngijaid.<\/p><p style=\"text-align: center;\"><img decoding=\"async\" class=\"\" src=\"https:\/\/c1.iggcdn.com\/indiegogo-media-prod-cld\/image\/upload\/c_limit,w_695\/v1614936771\/nz1hzj2hgoyghq1adk1h.png\" data-src=\"https:\/\/c1.iggcdn.com\/indiegogo-media-prod-cld\/image\/upload\/c_limit,w_695\/v1614936771\/nz1hzj2hgoyghq1adk1h.png\"\/> AYANEO on varustatud Intel AX200 juhtmevaba mooduliga, mis toetab Wi-Fi 6 ja Bluetooth 5.0. Wi-Fi 6 pakub kuni 2,7 korda kiiremat kiirust ja 25% v\u00e4iksemat latentsust kui eelmine p\u00f5lvkond. Olgu tegemist siis m\u00e4ngude, veebivideote voogedastuse, otse\u00fclekannete v\u00f5i kaugjuurdep\u00e4\u00e4suga, AYANEO&#8217;Wi-Fi 6 saab k\u00f5igega suurep\u00e4raselt hakkama.  <\/p><p style=\"text-align: center;\"><img decoding=\"async\" class=\"\" src=\"https:\/\/c1.iggcdn.com\/indiegogo-media-prod-cld\/image\/upload\/c_limit,w_695\/v1614936793\/znofdbppssvahjptax4d.png\" data-src=\"https:\/\/c1.iggcdn.com\/indiegogo-media-prod-cld\/image\/upload\/c_limit,w_695\/v1614936793\/znofdbppssvahjptax4d.png\"\/>  AYANEO on 3 USB 3.2 Gen 2 Type-C 10Gbps porti, millest 2 on videov\u00e4ljundi ja laadimisv\u00f5imalustega, ning 3,5 mm k\u00f5rvaklapipesa. Lisaks pakub kaasaskantav dokkimisjaam rohkem \u00fchendusv\u00f5imalusi, sealhulgas 2 USB 3.2 Gen 1 Type-A porti, 1 HDMI-port, 1 SD-kaardipesa, 1 TF-kaardipesa ja 1 RJ45-port. See \u00fclimalt kaasaskantav dokkimisjaam mahub koos seadmega kandekoti sisse ja toimib ka laadimisjaamana. T\u00e4nu v\u00f5imalusele \u00fchendada kuni 2 v\u00e4list monitori ja v\u00e4lise klaviatuuri\/hiirega pakub AYANEO nii meelelahutuseks kui ka tootlikkuseks lauaarvutile sarnast kogemust.   <\/p><p style=\"text-align: center;\"><img decoding=\"async\" class=\"\" src=\"https:\/\/c1.iggcdn.com\/indiegogo-media-prod-cld\/image\/upload\/c_limit,w_695\/v1614936808\/rfczhcxftjpotxtukccj.png\" data-src=\"https:\/\/c1.iggcdn.com\/indiegogo-media-prod-cld\/image\/upload\/c_limit,w_695\/v1614936808\/rfczhcxftjpotxtukccj.png\"\/><\/p><\/div>\n","protected":false},"excerpt":{"rendered":"[cg_accordion title=\"At a Glance\" open=\"open\"]<\/p>\n<ul>\n<li>AMD\u00ae<b> Ryzen\u2122 5 4500U<\/b> koos <b>AMD Radeon\u2122 graafikaga<\/b><\/li>\n<li><strong>16 GB kahe kanaliga<\/strong> LPDDR4x @ 4266Mhz<\/li>\n<li><strong>1TB<\/strong> kiire PCI-E <strong>NVMe m\u00e4lu<\/strong> <strong> SSD<\/strong><\/li>\n<li><strong>7&#8243; H-IPS<\/strong> puutetundlik ekraan<\/li>\n<li><strong>WiFi 6E<\/strong> ja <strong>Bluetooth 5.1<\/strong> tugi<\/li>\n<\/ul>\n<p>[\/cg_accordion]\n[cg_accordion title=\"MAKSUINFO\"]<\/p>\n<p>Me kasutame uusimat makset\u00f6\u00f6tlustehnoloogiat, mis v\u00f5imaldab teil kiiret ja turvalist maksmist Apple Pay, Google Pay, deebet-\/krediitkaardi, PayPali v\u00f5i BNPL-meetodite, nagu Klarna, Affirm v\u00f5i AfterPay kaudu.[\/cg_accordion]\n[cg_accordion title=\"GARANTSIOON\"]<\/p>\n<p>1 aasta garantii <a href=\"https:\/\/droix.net\/\" target=\"_blank\" rel=\"nofollow noopener\">DROIX Global<\/a> ilt teie meelerahu tagamiseks[\/cg_accordion]\n[cg_accordion title=\"HINNAKUJUNDUS, MAKSUD JA KOHALETOIMETAMINE\"]<\/p>\n<p><strong><u>M\u00e4rkus:<\/u><\/strong><\/p>\n<ul>\n<li>Ameerika \u00dchendriikide kliendid: N\u00e4idatud hind ei sisalda makse ega tollimaksu. Vastutus tollivormistuse ja sellega seotud maksude\/tollimaksude tasumise eest lasub kliendil. <\/li>\n<li>ELi kliendid: N\u00e4idatud hind sisaldab kohaldatavat MAKSU, mis v\u00f5ib s\u00f5ltuvalt teie riigist olla kuni 25%.<\/li>\n<li>Kanada kliendid: N\u00e4idatud hind sisaldab kohaldatavaid makse, mis v\u00f5ivad sisaldada 5% GST ja t\u00e4iendavaid provintsi m\u00fc\u00fcgimakse (PST), \u00fchtlustatud m\u00fc\u00fcgimaksu (HST) v\u00f5i Quebeci m\u00fc\u00fcgimaksu (QST), s\u00f5ltuvalt teie provintsist.<\/li>\n<\/ul>\n<p><strong>AINULT ELi klientidele:<\/strong> Express DDP (Delivered Duty Paid). See t\u00e4hendab: <\/p>\n<ul>\n<li>K\u00f5ik tollimaksud ja maksud sisalduvad toote lehel n\u00e4idatud hinnas.<\/li>\n<li>Te ei pea tarnimisel lisatasusid maksma.<\/li>\n<li>Harva esinevate tolliprobleemide korral tegeleb meie meeskond teie nimel tollivormistusega, et tagada sujuv tarne.<\/li>\n<p>Oluline teave tagastuste kohta:<\/p>\n<li>Kui otsustate oma tellimuse tagastada v\u00f5i taotleda raha tagasi, siis pidage meeles, et teie eest DDP tingimuste alusel makstud makse ja tollimakse ei saa tagasi maksta.<\/li>\n<p>\u00dcksikasjalikku teavet leiate meie <a href=\"https:\/\/ayaneo.co\/terms-of-service-2\/\" target=\"_blank\" rel=\"nofollow noopener\">Tingimustest<\/a>.\n<\/ul>\n<p>[\/cg_accordion]\n[cg_accordion title=\"KLIENDITUGI\"]<\/p>\n<p>Kas teil on k\u00fcsimus? Oleme l\u00fchikese teksti kaugusel sellest, et teie k\u00fcsimus oleks lahendatud!<br \/>\n[\/cg_accordion]\n","protected":false},"featured_media":4068,"template":"","meta":{"_acf_changed":false},"product_brand":[],"product_cat":[550],"product_tag":[551],"class_list":{"0":"post-4067","1":"product","2":"type-product","3":"status-publish","4":"has-post-thumbnail","6":"product_cat-kaeshoitavad-manguriarvutid","7":"product_tag-pc-mangimine-pihuarvuti","8":"product_shipping_class-premium","9":"pa_brand-ayaneo","10":"pa_graphics-gpu-model-radeon-graphics","11":"pa_operating-system-windows-10","12":"pa_processor-cpu-brand-amd","14":"first","15":"outofstock","16":"taxable","17":"shipping-taxable","18":"purchasable","19":"product-type-simple"},"acf":[],"_links":{"self":[{"href":"https:\/\/ayaneo.co\/et\/wp-json\/wp\/v2\/product\/4067","targetHints":{"allow":["GET"]}}],"collection":[{"href":"https:\/\/ayaneo.co\/et\/wp-json\/wp\/v2\/product"}],"about":[{"href":"https:\/\/ayaneo.co\/et\/wp-json\/wp\/v2\/types\/product"}],"wp:featuredmedia":[{"embeddable":true,"href":"https:\/\/ayaneo.co\/et\/wp-json\/wp\/v2\/media\/4068"}],"wp:attachment":[{"href":"https:\/\/ayaneo.co\/et\/wp-json\/wp\/v2\/media?parent=4067"}],"wp:term":[{"taxonomy":"product_brand","embeddable":true,"href":"https:\/\/ayaneo.co\/et\/wp-json\/wp\/v2\/product_brand?post=4067"},{"taxonomy":"product_cat","embeddable":true,"href":"https:\/\/ayaneo.co\/et\/wp-json\/wp\/v2\/product_cat?post=4067"},{"taxonomy":"product_tag","embeddable":true,"href":"https:\/\/ayaneo.co\/et\/wp-json\/wp\/v2\/product_tag?post=4067"}],"curies":[{"name":"wp","href":"https:\/\/api.w.org\/{rel}","templated":true}]}}