{"id":4134,"date":"2023-03-11T17:22:19","date_gmt":"2023-03-11T17:22:19","guid":{"rendered":"https:\/\/ayaneo.co\/product\/ayaneo-geek-pc-mangimine-pihuarvuti\/"},"modified":"2025-04-11T12:25:44","modified_gmt":"2025-04-11T12:25:44","slug":"ayaneo-geek-pc-mangimine-pihuarvuti","status":"publish","type":"product","link":"https:\/\/ayaneo.co\/et\/product\/ayaneo-geek-pc-mangimine-pihuarvuti\/","title":{"rendered":"AYANEO Geek PC Gaming Handheld"},"content":{"rendered":"\n<p>Tutvustame AYANEO Geek pihuarvutit, v\u00f5imsat ja eelarves\u00f5bralikku seadet, mis pakub erakordset j\u00f5udlust. Varustatud AMD Ryzen 7 6800U protsessoriga, millel on kaheksa tuuma ja kuusteist niiti, t\u00f6\u00f6tab AYANEO Geek kuni 4,7 GHz, mis tagab kiire ja t\u00f5husa t\u00f6\u00f6. GPU on AMD Radeon 680M, mis t\u00f6\u00f6tab kuni 2,2Ghz ja pakub uskumatut AAA-m\u00e4ngude j\u00f5udlust, nagu n\u00e4itas AYANEO 2 pihuarvuti.  <\/p>\n\n<p>AYANEO Geek pakub mitmeid v\u00f5imalusi kohandamiseks, sealhulgas kuni 32 GB LPDDR5 RAM-i 6400 MT\/s ja kuni 2 TB kiiret PCIE 3.0 m.2 2280 kahepoolset SSD. T\u00e4iendavaks m\u00e4lumahu laiendamiseks on olemas ka micro SD-kaardi pesa. <\/p>\n\n<p>Nautige uimastavat visuaalset kujutist AYANEO Geeki 7-tollisel puuteekraanil, mille resolutsioon on 1920\u00d71200 ja mida \u00fcmbritseb \u00f5huke raam. Ekraanil on erksad, eluj\u00f5ulised v\u00e4rvid, mis t\u00f5eliselt popivad. M\u00e4ngujuhtimispuldid on varustatud saalianduritega, mis tagavad t\u00e4pse ja usaldusv\u00e4\u00e4rse sisendi. Need andurid kasutavad magnetid traditsiooniliste liikuvate osade asemel, mis kipuvad kiiremini kuluma.   <\/p>\n\n<p>\u00dchenda AYANEO Geek kiire WiFi 6 ja Bluetooth 5.2 funktsioonide abil juhtmevabalt v\u00e4lisseadmetega. Seadmel on ka kolm USB Type-C porti, millest kaks on USB 4 ja Thunderboltiga \u00fchilduvad, mis v\u00f5imaldab \u00fchendada kiireid v\u00e4lisseadmeid, sealhulgas eGPU-d veelgi kiirema j\u00f5udluse tagamiseks. <\/p>\n\n<p>Kogege uusimaid AAA Windowsi m\u00e4nge m\u00e4ngitava kaadrisageduse ja kvaliteetse graafikaga v\u00f5i k\u00e4ivitage seitsmenda p\u00f5lvkonna konsoolide, n\u00e4iteks PlayStation 3 emulaatoreid h\u00e4mmastava kaadrisagedusega. AYANEO Geek on kaasaskantav ja kerge, m\u00f5\u00f5tmetega 10,5 x 4,13 x 1,4 tolli (26,5 x 10,5 x 3,7 cm) ja kaaluga vaid 680 g. See sobib ideaalselt kasutamiseks igap\u00e4evasel s\u00f5idul, reisil v\u00f5i kodus, kus saate selle \u00fchendada dokki ja kasutada seda lauaarvutina televiisori v\u00f5i monitori peal.  <\/p>\n","protected":false},"excerpt":{"rendered":"<ul>\n<li>AMD<strong> Ryzen 7 6800U<\/strong> \/ Radeon 680M<\/li>\n<li><strong>kuni 32 GB<\/strong> LPDDR5 @ <strong>6400 MT\/s<\/strong><\/li>\n<li><strong>kuni 2TB<\/strong> kiire PCIe 4.0 m.2 2280 SSD <\/li>\n<li><strong>7<\/strong> \" <strong> LCD Puuteekraaniga ekraan<\/strong> <\/li>\n<li><strong>WiFi 6<\/strong> ja <strong>Bluetooth 5.2<\/strong> tugi<\/li>\n<\/ul>\n[cg_accordion title=\"MAKSUINFO\"]<\/p>\n<p>Me kasutame uusimat makset\u00f6\u00f6tlustehnoloogiat, mis v\u00f5imaldab teil kiiret ja turvalist maksmist Apple Pay, Google Pay, deebet-\/krediitkaardi, PayPali v\u00f5i BNPL-meetodite, nagu Klarna, Affirm v\u00f5i AfterPay kaudu.[\/cg_accordion]\n[cg_accordion title=\"GARANTSIOON\"]<\/p>\n<p>1 aasta garantii <a href=\"https:\/\/droix.net\/\" target=\"_blank\" rel=\"nofollow noopener\">DROIX Global<\/a> ilt teie meelerahu tagamiseks[\/cg_accordion]\n[cg_accordion title=\"HINNAKUJUNDUS, MAKSUD JA KOHALETOIMETAMINE\"]<\/p>\n<p><strong><u>M\u00e4rkus:<\/u><\/strong><\/p>\n<ul>\n<li>Ameerika \u00dchendriikide kliendid: N\u00e4idatud hind ei sisalda makse ega tollimaksu. Vastutus tollivormistuse ja sellega seotud maksude\/tollimaksude tasumise eest lasub kliendil. <\/li>\n<li>ELi kliendid: N\u00e4idatud hind sisaldab kohaldatavat MAKSU, mis v\u00f5ib s\u00f5ltuvalt teie riigist olla kuni 25%.<\/li>\n<li>Kanada kliendid: N\u00e4idatud hind sisaldab kohaldatavaid makse, mis v\u00f5ivad sisaldada 5% GST ja t\u00e4iendavaid provintsi m\u00fc\u00fcgimakse (PST), \u00fchtlustatud m\u00fc\u00fcgimaksu (HST) v\u00f5i Quebeci m\u00fc\u00fcgimaksu (QST), s\u00f5ltuvalt teie provintsist.<\/li>\n<\/ul>\n<p><strong>AINULT ELi klientidele:<\/strong> Express DDP (Delivered Duty Paid). See t\u00e4hendab: <\/p>\n<ul>\n<li>K\u00f5ik tollimaksud ja maksud sisalduvad toote lehel n\u00e4idatud hinnas.<\/li>\n<li>Te ei pea tarnimisel lisatasusid maksma.<\/li>\n<li>Harva esinevate tolliprobleemide korral tegeleb meie meeskond teie nimel tollivormistusega, et tagada sujuv tarne.<\/li>\n<p>Oluline teave tagastuste kohta:<\/p>\n<li>Kui otsustate oma tellimuse tagastada v\u00f5i taotleda raha tagasi, siis pidage meeles, et teie eest DDP tingimuste alusel makstud makse ja tollimakse ei saa tagasi maksta.<\/li>\n<p>\u00dcksikasjalikku teavet leiate meie <a href=\"https:\/\/ayaneo.co\/terms-of-service-2\/\" target=\"_blank\" rel=\"nofollow noopener\">Tingimustest<\/a>.\n<\/ul>\n<p>[\/cg_accordion]\n[cg_accordion title=\"KLIENDITUGI\"]<\/p>\n<p>Kas teil on k\u00fcsimus? Oleme l\u00fchikese teksti kaugusel sellest, et teie k\u00fcsimus oleks lahendatud!<br \/>\n[\/cg_accordion]\n","protected":false},"featured_media":4135,"template":"","meta":{"_acf_changed":false},"product_brand":[],"product_cat":[550],"product_tag":[],"class_list":{"0":"post-4134","1":"product","2":"type-product","3":"status-publish","4":"has-post-thumbnail","6":"product_cat-kaeshoitavad-manguriarvutid","7":"pa_brand-ayaneo","8":"pa_graphics-gpu-model-radeon-680m","9":"pa_operating-system-windows-11","10":"pa_processor-cpu-brand-amd","12":"first","13":"outofstock","14":"taxable","15":"shipping-taxable","16":"purchasable","17":"product-type-variable","18":"has-default-attributes"},"acf":[],"_links":{"self":[{"href":"https:\/\/ayaneo.co\/et\/wp-json\/wp\/v2\/product\/4134","targetHints":{"allow":["GET"]}}],"collection":[{"href":"https:\/\/ayaneo.co\/et\/wp-json\/wp\/v2\/product"}],"about":[{"href":"https:\/\/ayaneo.co\/et\/wp-json\/wp\/v2\/types\/product"}],"wp:featuredmedia":[{"embeddable":true,"href":"https:\/\/ayaneo.co\/et\/wp-json\/wp\/v2\/media\/4135"}],"wp:attachment":[{"href":"https:\/\/ayaneo.co\/et\/wp-json\/wp\/v2\/media?parent=4134"}],"wp:term":[{"taxonomy":"product_brand","embeddable":true,"href":"https:\/\/ayaneo.co\/et\/wp-json\/wp\/v2\/product_brand?post=4134"},{"taxonomy":"product_cat","embeddable":true,"href":"https:\/\/ayaneo.co\/et\/wp-json\/wp\/v2\/product_cat?post=4134"},{"taxonomy":"product_tag","embeddable":true,"href":"https:\/\/ayaneo.co\/et\/wp-json\/wp\/v2\/product_tag?post=4134"}],"curies":[{"name":"wp","href":"https:\/\/api.w.org\/{rel}","templated":true}]}}