{"id":4264,"date":"2023-03-11T18:05:35","date_gmt":"2023-03-11T18:05:35","guid":{"rendered":"https:\/\/ayaneo.co\/product\/ayaneo-multijaam\/"},"modified":"2025-04-11T12:18:59","modified_gmt":"2025-04-11T12:18:59","slug":"ayaneo-multijaam","status":"publish","type":"product","link":"https:\/\/ayaneo.co\/et\/product\/ayaneo-multijaam\/","title":{"rendered":"AYANEO MULTI STATION"},"content":{"rendered":"\n<p>Vabastage oma AYANEO t\u00e4ielik potentsiaal Multi Docking Stationiga! Kaheksa laienduspordi abil saate \u00fchendada mitu v\u00e4lisseadet, et suurendada oma m\u00e4ngukogemust. Saadaval mandlihallis ja grafiitmustas v\u00e4rvitoonis. See \u00fchildub k\u00f5igi AYANEO mudelitega ja v\u00f5tab minimaalselt ruumi t\u00f6\u00f6laual, pakkudes samal ajal turvalist \u00fchenduvust. Nautige kiiret andmeedastust, HDMI 2.0b-videov\u00e4ljundit kuni 4K 60 Hz juures ning Micro SD- ja SD-kaardipesasid. Muuda oma m\u00e4ngukonsooli v\u00f5imsaks lauaarvutilaadseks lahenduseks koos AYANEO Multi dokkimisjaamaga!     <\/p>\n","protected":false},"excerpt":{"rendered":"<ul>\n<li><b>Ametlik AYANEO Toode<\/b><\/li>\n<li><strong>\u00dchildub<\/strong> <strong>k\u00f5igi AYANEO pihuarvutitega<\/strong><\/li>\n<li><b>Eksklusiivne patenteeritud aluspistik<\/b><\/li>\n<li><strong>Kuni 8<\/strong> laienduspesa<\/li>\n<li>MicroSD-kaardi pesa<\/li>\n<\/ul>\n[cg_accordion title=\"MAKSUINFO\"]<\/p>\n<p>Me kasutame uusimat makset\u00f6\u00f6tlustehnoloogiat, mis v\u00f5imaldab teil kiiret ja turvalist maksmist Apple Pay, Google Pay, deebet-\/krediitkaardi, PayPali v\u00f5i BNPL-meetodite, nagu Klarna, Affirm v\u00f5i AfterPay kaudu.[\/cg_accordion]\n[cg_accordion title=\"GARANTSIOON\"]<\/p>\n<p>1 aasta garantii <a href=\"https:\/\/droix.net\/\" target=\"_blank\" rel=\"nofollow noopener\">DROIX Global<\/a> ilt teie meelerahu tagamiseks[\/cg_accordion]\n[cg_accordion title=\"HINNAKUJUNDUS, MAKSUD JA KOHALETOIMETAMINE\"]<\/p>\n<p><strong><u>M\u00e4rkus:<\/u><\/strong><\/p>\n<ul>\n<li>Ameerika \u00dchendriikide kliendid: N\u00e4idatud hind ei sisalda makse ega tollimaksu. Vastutus tollivormistuse ja sellega seotud maksude\/tollimaksude tasumise eest lasub kliendil. <\/li>\n<li>ELi kliendid: N\u00e4idatud hind sisaldab kohaldatavat MAKSU, mis v\u00f5ib s\u00f5ltuvalt teie riigist olla kuni 25%.<\/li>\n<li>Kanada kliendid: N\u00e4idatud hind sisaldab kohaldatavaid makse, mis v\u00f5ivad sisaldada 5% GST ja t\u00e4iendavaid provintsi m\u00fc\u00fcgimakse (PST), \u00fchtlustatud m\u00fc\u00fcgimaksu (HST) v\u00f5i Quebeci m\u00fc\u00fcgimaksu (QST), s\u00f5ltuvalt teie provintsist.<\/li>\n<\/ul>\n<p><strong>AINULT ELi klientidele:<\/strong> Express DDP (Delivered Duty Paid). See t\u00e4hendab: <\/p>\n<ul>\n<li>K\u00f5ik tollimaksud ja maksud sisalduvad toote lehel n\u00e4idatud hinnas.<\/li>\n<li>Te ei pea tarnimisel lisatasusid maksma.<\/li>\n<li>Harva esinevate tolliprobleemide korral tegeleb meie meeskond teie nimel tollivormistusega, et tagada sujuv tarne.<\/li>\n<p>Oluline teave tagastuste kohta:<\/p>\n<li>Kui otsustate oma tellimuse tagastada v\u00f5i taotleda raha tagasi, siis pidage meeles, et teie eest DDP tingimuste alusel makstud makse ja tollimakse ei saa tagasi maksta.<\/li>\n<p>\u00dcksikasjalikku teavet leiate meie <a href=\"https:\/\/ayaneo.co\/terms-of-service-2\/\" target=\"_blank\" rel=\"nofollow noopener\">Tingimustest<\/a>.\n<\/ul>\n<p>[\/cg_accordion]\n[cg_accordion title=\"KLIENDITUGI\"]<\/p>\n<p>Kas teil on k\u00fcsimus? Oleme l\u00fchikese teksti kaugusel sellest, et teie k\u00fcsimus oleks lahendatud!<br \/>\n[\/cg_accordion]\n","protected":false},"featured_media":4265,"template":"","meta":{"_acf_changed":false},"product_brand":[],"product_cat":[557],"product_tag":[],"class_list":{"0":"post-4264","1":"product","2":"type-product","3":"status-publish","4":"has-post-thumbnail","6":"product_cat-tarvikud","7":"product_shipping_class-low-end","8":"pa_accessory-type-docking-station-et","9":"pa_brand-ayaneo","10":"pa_compatible-with-ayaneo-2-et","11":"pa_compatible-with-ayaneo-2021-et","12":"pa_compatible-with-ayaneo-air-et","13":"pa_compatible-with-ayaneo-geek-et","15":"first","16":"instock","17":"sale","18":"taxable","19":"shipping-taxable","20":"purchasable","21":"product-type-variable"},"acf":[],"_links":{"self":[{"href":"https:\/\/ayaneo.co\/et\/wp-json\/wp\/v2\/product\/4264","targetHints":{"allow":["GET"]}}],"collection":[{"href":"https:\/\/ayaneo.co\/et\/wp-json\/wp\/v2\/product"}],"about":[{"href":"https:\/\/ayaneo.co\/et\/wp-json\/wp\/v2\/types\/product"}],"wp:featuredmedia":[{"embeddable":true,"href":"https:\/\/ayaneo.co\/et\/wp-json\/wp\/v2\/media\/4265"}],"wp:attachment":[{"href":"https:\/\/ayaneo.co\/et\/wp-json\/wp\/v2\/media?parent=4264"}],"wp:term":[{"taxonomy":"product_brand","embeddable":true,"href":"https:\/\/ayaneo.co\/et\/wp-json\/wp\/v2\/product_brand?post=4264"},{"taxonomy":"product_cat","embeddable":true,"href":"https:\/\/ayaneo.co\/et\/wp-json\/wp\/v2\/product_cat?post=4264"},{"taxonomy":"product_tag","embeddable":true,"href":"https:\/\/ayaneo.co\/et\/wp-json\/wp\/v2\/product_tag?post=4264"}],"curies":[{"name":"wp","href":"https:\/\/api.w.org\/{rel}","templated":true}]}}