{"id":4442,"date":"2024-02-02T13:09:17","date_gmt":"2024-02-02T13:09:17","guid":{"rendered":"https:\/\/ayaneo.co\/product\/aya-neo-slide\/"},"modified":"2025-04-11T12:19:24","modified_gmt":"2025-04-11T12:19:24","slug":"aya-neo-slide","status":"publish","type":"product","link":"https:\/\/ayaneo.co\/et\/product\/aya-neo-slide\/","title":{"rendered":"AYA NEO SLIDE"},"content":{"rendered":"\n<h3 class=\"wp-block-heading\" id=\"h-introducing-the-aya-neo-slide-revolutionizing-handheld-gaming\"><strong>Tutvustame AYA NEO Slide&#8217;i: Revolutsiooniline pihuarvuti m\u00e4ngimine<\/strong><\/h3>\n\n<p>Avastage AYA NEO Slide, mis on m\u00e4ngu muutev pihuarvuti, mis muudab kaasaskantavate m\u00e4ngude maastikku. AYA NEO Slide \u00fchendab endas t\u00e4ie\u00f5igusliku Windows-arvuti v\u00f5imekuse ja pihuarvuti mugavuse ning paistab silma oma iseloomuliku libiseva ekraaniga, mis paljastab t\u00e4isfunktsionaalse RGB QWERTY-klaviatuuri. See uuenduslik disain koos tipptasemel j\u00f5udlusv\u00f5imega muudab selle kohustuslikuks nii m\u00e4nguhuvilistele kui ka tehnikahuvilistele kasutajatele. Lisaks m\u00e4ngimisele on AYA NEO Slide ka mitmek\u00fclgne t\u00f6\u00f6riist meelelahutuseks ja tootlikkuseks.   <\/p>\n\n<h3 class=\"wp-block-heading\"><strong>Toote \u00fclevaade<\/strong><\/h3>\n\n<p>AYA NEO Slide on teedrajav j\u00f5ud pihuarvutim\u00e4ngude vallas, \u00fchendades oskuslikult tipptasemel tehnoloogia ja kasutajakeskse disaini, et defineerida uuesti mobiilim\u00e4ngude kogemused. See uuenduslik pihuarvuti sisaldab mitmek\u00fclgsust, v\u00f5imsust ja kaasaskantavust elegantses pakendis. <\/p>\n\n<p>Disaini keskmes on murranguline libisev ekraanimehhanism, mis l\u00e4heb sujuvalt \u00fcle ja avab elava, t\u00e4isfunktsionaalse RGB QWERTY-klaviatuuri. See integratsioon ei ole mitte ainult austusavaldus klassikalistele m\u00e4nguseadmetele, vaid toob ka k\u00e4eshoitavate m\u00e4ngude puhul kaasa enneolematu funktsionaalsuse taseme. <\/p>\n\n<p>AYA NEO Slide on valmistatud visuaalselt atraktiivseks ja ergonoomiliselt mugavaks ning on saadaval stiilsetes v\u00e4rvides &#8220;Sunrise White\" ja &#8220;Bright Black\". Seadme ergonoomilised kontuurid ja &#8220;h\u00f5ljuv\" ekraani disain parandavad kasutaja interaktsiooni, pakkudes mugavaid vaatenurki erinevateks tegevusteks, alates intensiivsetest m\u00e4ngudest kuni produktiivsete t\u00f6\u00f6\u00fclesanneteni. <\/p>\n\n<p>AYA NEO Slide&#8217;i 6-tolline 1080P IPS ekraan on visuaalne pidu, mis pakub teravat, elavat ja kaasahaaravat pilti. Kas m\u00e4ngimiseks v\u00f5i multimeediasisu nautimiseks, ekraani erakordne v\u00e4rvitruudus ja selgus seavad uue standardi pihuarvuti m\u00e4ngude valdkonnas. <\/p>\n\n<p>Selle elegantse v\u00e4limuse all peitub v\u00f5imas arvutusv\u00f5imsus, mida pakub tugev AMD Ryzen\u2122 7 7840U protsessor. Koos kiire LPDDR5X-m\u00e4lu ja ulatusliku salvestusruumi v\u00f5imalustega pakub see kaasaskantava disaini raames p\u00f5nevat m\u00e4ngukogemust, mis konkureerib lauaarvutite komplektidega. <\/p>\n\n<p>Seadme t\u00e4iustatud jahutuss\u00fcsteem tagab maksimaalse j\u00f5udluse, ilma et see kahjustaks selle kompaktset ja kasutajas\u00f5bralikku disaini.<\/p>\n\n<p>\u00dchendatavuse poolest paistab AYA NEO Slide silma uusimate Wi-Fi 6E ja Bluetooth 5.2 tehnoloogiate ning mitme USB4 Type-C pordi poolest. See tugev \u00fchenduvus pakett teeb seadmest mitmek\u00fclgse keskuse mitmesuguste m\u00e4ngu-, t\u00f6\u00f6- ja meelelahutusvajaduste jaoks. <\/p>\n\n<p>AYA NEO Slide ei ole pelgalt m\u00e4nguseade, vaid mitmek\u00fclgne t\u00f6\u00f6riist, mis kohandub erinevateks stsenaariumideks. Kas m\u00e4ngimiseks, tootlikkuseks v\u00f5i multimeedia tarbimiseks, see pihuarvuti on valmis t\u00e4itma ja \u00fcletama ootusi. <\/p>\n\n<h3 class=\"wp-block-heading\"><strong>AYA NEO Slide \u00fcksikasjalikud omadused<\/strong><\/h3>\n\n<p>AYA NEO Slide ei hiilga mitte ainult oma j\u00f5udlusega, vaid paistab silma ka oma erakordsete disainiomadustega. Siin on integreeritud \u00fclevaade selle tehnilistest ja disainielementidest: <\/p>\n\n<p><strong>Kuva ja disaini sulandamine:<\/strong> AYA NEO Slide&#8217;i disaini keskmes on selle 6-tolline 1080P IPS ujuv ekraan, mis on t\u00e4iusliku tehnoloogia ja esteetilise disaini t\u00e4iuslik segu. Selle ekraani lahutusv\u00f5ime on 1920&#215;1080, pikslite tihedus 368 PPI ja heledus 400 nitti, mis on kapseldatud elegantsesse, minimalistlikku korpusesse, mis on saadaval v\u00e4rvides &#8220;Sunrise White\" ja &#8220;Bright Black\". Ekraani ergonoomiline disain v\u00f5imaldab vaatamist mitmes nurgas, suurendades kasutaja mugavust ja kohanemisv\u00f5imet.  <\/p>\n\n<p><strong>Ergonoomilise klaviatuuri integreerimine:<\/strong> AYA NEO Slide&#8217;i peidetud p\u00e4rl on selle t\u00e4isfunktsionaalne RGB QWERTY-klaviatuur, mis on sujuvalt integreeritud libiseva ekraani disainiga. See ergonoomiline klaviatuur pakub mugavat ja t\u00e4pset kirjutamist, suurema klahvivahe ja elavat RGB valgusefekti, mis aitab kaasa nii funktsionaalsusele kui ka stiilile. <\/p>\n\n<p><strong>Tulemuslikkus stiilses pakendis:<\/strong> AYA NEO Slide&#8217;i j\u00f5uallikaks on tugev AMD Ryzen\u2122 7 7840U protsessor, mis on suletud korpusesse, mis r\u00f5hutab AYA NEO p\u00fchendumust uuenduslikule ja vastupidavale disainile. Seade toetab kuni 64 GB RAM-i ja 4 TB SSD salvestusruumi, mis muudab selle v\u00f5imsaks m\u00e4ngimiseks ja multitegutsemiseks, ja seda k\u00f5ike visuaalselt sama atraktiivses kui funktsionaalses disainis. <\/p>\n\n<p><strong>Jahutuss\u00fcsteemi ja disaini s\u00fcnergia:<\/strong> AYA NEO Slide&#8217;i &#8220;3+2&#8243; kolmekordne vasktorujahutuss\u00fcsteem on tehniline saavutus, mis sobib seadme elegantse disainiga. See s\u00fcsteem hajutab t\u00f5husalt soojust, tagades, et seade j\u00e4\u00e4b jahedaks ja t\u00f6\u00f6tab optimaalselt, ilma et see kahjustaks selle stiilset vormifaktorit. <\/p>\n\n<p><strong>\u00dchendatavus ja l\u00e4bim\u00f5eldud disain:<\/strong> WiFi 6E, Bluetooth 5.2 ja USB4 Type-C pordid: Seadme disain on l\u00e4bim\u00f5eldult kohandatud erinevatele \u00fchendusv\u00f5imalustele, sealhulgas WiFi 6E, Bluetooth 5.2 ja USB4 Type-C pordid. Kiire TF-kaardipesa lisamine suurendab veelgi selle kasulikkust, mis k\u00f5ik on pakitud rafineeritud ja kasutajas\u00f5bralikku disaini. <\/p>\n\n<p><strong>Tarkvara ja kasutajaliides:<\/strong> AYA NEO Slide t\u00f6\u00f6tab aadressil Windows 11 64-bit Home Edition ja on t\u00e4iustatud AYA NEO enda loodud AYASpace 2 tarkvaraga, mis pakub rikkalikku ja kasutajas\u00f5bralikku kasutuskogemust. See tarkvara integratsioon t\u00e4iendab seadme keerukat disaini, pakkudes sujuvat kasutajaliidest, mis on koosk\u00f5las seadme elegantse esteetika ja k\u00f5rge funktsionaalsusega. <\/p>\n\n<p>Selle 6-tolline ekraan on visuaalne maiuspala, millel on 1080P suure heledusega ja laia v\u00e4rvigammaga ekraan. See IPS h\u00f5ljuv ekraan on reguleeritav 0\u00b0 kuni 30\u00b0, tagades optimaalse vaatamise igas olukorras. <\/p>\n\n<h3 class=\"wp-block-heading\"><strong>Kasutajakogemus koos AYANEO Slide<\/strong><\/h3>\n\n<p>AYA NEO Slide pakub kasutajakogemust, mis on nii kaasahaarav kui ka mitmek\u00fclgne, rahuldades mitmesuguseid vajadusi alates m\u00e4ngimisest kuni tootlikkuseni. Siin on \u00fclevaade selle uuendusliku pihuarvuti praktilisest kasutamisest: <\/p>\n\n<p><strong>M\u00e4ngukogemus:<\/strong> AYA NEO Slide on m\u00e4ngijate jaoks unistuse t\u00e4itumine. Hall-tundlike joystickide t\u00e4psus ja p\u00e4\u00e4stikunuppude tuntav tagasiside panevad m\u00e4ngijad m\u00e4ngusse sisse nagu kunagi varem. Laia v\u00e4rvigammaga eluj\u00f5uline ekraan tagab, et iga m\u00e4ng on visuaalselt vapustav, muutes m\u00e4ngusessioonid uskumatult kaasahaaravaks. Seadme ergonoomiline disain tagab mugavuse pikkade m\u00e4ngumaratonide ajal, muutes selle ideaalseks kaaslaseks nii juhuslikele kui ka hardcore-m\u00e4ngijatele.   <\/p>\n\n<p><strong>Audio- ja visuaalne meelelahutus:<\/strong> AYA NEO Slide ei ole ainult m\u00e4ngimiseks; see on t\u00e4ielik multimeediaseade. Selle AYANEO HyperSound stereok\u00f5larid pakuvad kaasahaaravat helikogemust, olenemata sellest, kas vaatad filme, striimid videoid v\u00f5i kuulad lihtsalt muusikat. Kvaliteetne ekraan tagab, et visuaalne sisu on alati terav ja eluj\u00f5uline, mist\u00f5ttu on see suurep\u00e4rane seade meelelahutuseks teel olles.  <\/p>\n\n<p><strong>Aku eluiga:<\/strong> AYA NEO Slide&#8217;i 46,2Wh mahukas aku tagab, et kasutajad saavad nautida pikemaid m\u00e4ngu- ja tootlikkussessioone, ilma et nad peaksid pidevalt laadimise p\u00e4rast muretsema. Selline pikk aku kestvus on liikuvusele ja mitmek\u00fclgsusele m\u00f5eldud seadme puhul \u00fclioluline. <\/p>\n\n<p><strong>Kaasaskantav disain:<\/strong> Vaatamata oma paljudele funktsioonidele on AYA NEO Slide kompaktne ja kaasaskantav. Umbes 650 g kaaluv ja 226x98x25 mm suurune seade on m\u00f5eldud kasutamiseks teel olles, v\u00f5imaldades kasutajatel nautida kvaliteetset m\u00e4ngimist ja tootlikkust k\u00f5ikjal. <\/p>\n\n<h3 class=\"wp-block-heading\"><strong>T\u00e4iendavad omadused<\/strong><\/h3>\n\n<p>AYA NEO Slide ei hiilga mitte ainult oma p\u00f5hifunktsioonidega, vaid on varustatud ka lisafunktsioonidega, mis suurendavad selle \u00fcldist kasulikkust ja atraktiivsust:<\/p>\n\n<p><strong>Biomeetriline turvalisus:<\/strong> AYA NEO Slide vastab sellele, sest seadme toitenupu sisseehitatud s\u00f5rmej\u00e4ljetuvastus on esmat\u00e4htis. See funktsioon ei paku mitte ainult kiiret juurdep\u00e4\u00e4su, vaid lisab ka turvalisuse taseme, tagades, et teie seade ja andmed on kaitstud. <\/p>\n\n<p><strong>P\u00f5hjalikud k\u00e4siseaded ja j\u00f5udluse seaded:<\/strong> Seadme AYASpace 2 tarkvara pakub m\u00e4ngijatele p\u00f5hjalikku t\u00f6\u00f6riistade komplekti. Sellised funktsioonid nagu j\u00f5udlusstsenaariumide re\u017eiimid, \u00fche kl\u00f5psuga l\u00fclitamine erinevate j\u00f5udlustasemete jaoks ja m\u00e4ngude \u00fclekandevahend nagu FPS Thunder pakuvad kasutajatele ulatuslikku kontrolli oma m\u00e4ngukeskkonna \u00fcle. Need t\u00f6\u00f6riistad on olulised j\u00f5udluse optimeerimiseks ja m\u00e4ngukogemuse parandamiseks.  <\/p>\n\n<p><strong>Kiire andmeedastus ja salvestamine:<\/strong> AYA NEO Slide&#8217;i M.2 2280 PCIe 4.0 liides SSD-de jaoks tagab v\u00e4lkkiire andmeedastuse, mis on h\u00e4davajalik kaasaegsete m\u00e4ngude ja tootlikkuse \u00fclesannete jaoks. Toetus kuni \u00fchepoolse 4TB SSD jaoks pakub rohkelt salvestusruumi, mis v\u00f5imaldab kasutajatel salvestada tohutut m\u00e4ngude ja meedia raamatukogu.  <\/p>\n\n<h3 class=\"wp-block-heading\"><strong>Kokkuv\u00f5te<\/strong><\/h3>\n\n<p>Kokkuv\u00f5ttes kujutab AYA NEO Slide endast olulist edasiminekut pihuarvutite m\u00e4ngutehnoloogias. See seade ei ole lihtsalt m\u00e4ngukonsool; see on terviklik kaasaskantav arvuti, mis rahuldab paljusid vajadusi. Selle uuenduslik libisev ekraan, mis paljastab t\u00e4isfunktsionaalse RGB QWERTY-klaviatuuri, seab uue standardi pihuarvutite maailmas. Koos tipptasemel AMD Ryzen\u2122 7 7840U protsessori, rohkete salvestusv\u00f5imaluste ja t\u00e4iustatud jahutuss\u00fcsteemiga pakub AYA NEO Slide erakordset j\u00f5udlust, mis konkureerib lauaarvutitega.   <\/p>\n\n<p>P\u00f5hjalik t\u00e4helepanu ergonoomikale ja disainile koos suure eraldusv\u00f5imega h\u00f5ljuva ekraaniga tagab, et m\u00e4ngimine, t\u00f6\u00f6tamine v\u00f5i meedia nautimine on alati mugav ja visuaalselt uimastav, olenemata sellest, kas sa m\u00e4ngid, t\u00f6\u00f6tad v\u00f5i naudid meediat.<\/p>\n\n<p>Lisaks kindlustavad lisafunktsioonid, nagu biomeetriline turvalisus, kiire andmeedastus ja professionaalsed m\u00e4ngude seaded, AYA NEO Slide&#8217;i positsiooni oma kategooria tippseadmena. Selle v\u00f5imsuse, mitmek\u00fclgsuse ja kaasaskantavuse segu teeb sellest ideaalse valiku m\u00e4ngijatele, professionaalidele ja tehnoloogiahuvilistele, kes n\u00f5uavad parimat m\u00f5lemast maailmast - j\u00f5udlust ja liikuvust. <\/p>\n\n<p>AYA NEO Slide on midagi enamat kui lihtsalt pihuarvuti; see on t\u00f5estus sellest, mida kaasaegne tehnoloogia suudab saavutada, pakkudes sujuvat ja kaasahaaravat kogemust, mis l\u00e4heb kaugemale m\u00e4ngimisest.<\/p>\n\n<h3 class=\"wp-block-heading\"><strong>AYA NEO Slide Review: Tutvuge p\u00f5hjalikumaid teadmisi<\/strong><\/h3>\n\n<p>AYA NEO Slide&#8217;i p\u00f5hjaliku anal\u00fc\u00fcsi saamiseks vaadake \u00fcksikasjalikku \u00fclevaadet <a href=\"https:\/\/droix.net\/blogs\/aya-neo-slide-review\/\" target=\"_blank\" rel=\"noreferrer noopener\">DroiXi blogis<\/a>. See \u00fclevaade pakub v\u00e4\u00e4rtuslikke teadmisi selle j\u00f5udluse, disaini ja kasutajakogemuse kohta, aidates teil m\u00f5ista selle uuendusliku pihuarvuti k\u00f5iki v\u00f5imalusi. <\/p>\n","protected":false},"excerpt":{"rendered":"<ul>\n<li>AMD<strong> Ryzen\u2122 7 7840U<\/strong> ja Radeon 780M<\/li>\n<li><strong>kuni 64 GB<\/strong> LPDDR5X RAM-m\u00e4lu kiirusega <strong>7500 MT\/s<\/strong><\/li>\n<li><strong>kuni 4TB<\/strong> Blazing-Fast PCIe 4.0 M.2 2280 NVMe SSD <\/li>\n<li><strong>6&#8243; IPS 1080P<\/strong><strong> 400nits<\/strong> &amp; <strong>120% SRGB<\/strong> puutetundlik ekraan<\/li>\n<li><strong>WiFi 6E<\/strong> ja <strong>Bluetooth 5.2<\/strong> tugi<\/li>\n<\/ul>\n[cg_accordion title=\"MAKSUINFO\"]<\/p>\n<p>Me kasutame uusimat makset\u00f6\u00f6tlustehnoloogiat, mis v\u00f5imaldab teil kiiret ja turvalist maksmist Apple Pay, Google Pay, deebet-\/krediitkaardi, PayPali v\u00f5i BNPL-meetodite, nagu Klarna, Affirm v\u00f5i AfterPay kaudu.[\/cg_accordion]\n[cg_accordion title=\"GARANTSIOON\"]<\/p>\n<p>1 aasta garantii <a href=\"https:\/\/droix.net\/\" target=\"_blank\" rel=\"nofollow noopener\">DROIX Global<\/a> ilt teie meelerahu tagamiseks[\/cg_accordion]\n[cg_accordion title=\"HINNAKUJUNDUS, MAKSUD JA KOHALETOIMETAMINE\"]<\/p>\n<p><strong><u>M\u00e4rkus:<\/u><\/strong><\/p>\n<ul>\n<li>Ameerika \u00dchendriikide kliendid: N\u00e4idatud hind ei sisalda makse ega tollimaksu. Vastutus tollivormistuse ja sellega seotud maksude\/tollimaksude tasumise eest lasub kliendil. <\/li>\n<li>ELi kliendid: N\u00e4idatud hind sisaldab kohaldatavat MAKSU, mis v\u00f5ib s\u00f5ltuvalt teie riigist olla kuni 25%.<\/li>\n<li>Kanada kliendid: N\u00e4idatud hind sisaldab kohaldatavaid makse, mis v\u00f5ivad sisaldada 5% GST ja t\u00e4iendavaid provintsi m\u00fc\u00fcgimakse (PST), \u00fchtlustatud m\u00fc\u00fcgimaksu (HST) v\u00f5i Quebeci m\u00fc\u00fcgimaksu (QST), s\u00f5ltuvalt teie provintsist.<\/li>\n<\/ul>\n<p><strong>AINULT ELi klientidele:<\/strong> Express DDP (Delivered Duty Paid). See t\u00e4hendab: <\/p>\n<ul>\n<li>K\u00f5ik tollimaksud ja maksud sisalduvad toote lehel n\u00e4idatud hinnas.<\/li>\n<li>Te ei pea tarnimisel lisatasusid maksma.<\/li>\n<li>Harva esinevate tolliprobleemide korral tegeleb meie meeskond teie nimel tollivormistusega, et tagada sujuv tarne.<\/li>\n<p>Oluline teave tagastuste kohta:<\/p>\n<li>Kui otsustate oma tellimuse tagastada v\u00f5i taotleda raha tagasi, siis pidage meeles, et teie eest DDP tingimuste alusel makstud makse ja tollimakse ei saa tagasi maksta.<\/li>\n<p>\u00dcksikasjalikku teavet leiate meie <a href=\"https:\/\/ayaneo.co\/terms-of-service-2\/\" target=\"_blank\" rel=\"nofollow noopener\">Tingimustest<\/a>.\n<\/ul>\n<p>[\/cg_accordion]\n[cg_accordion title=\"KLIENDITUGI\"]<\/p>\n<p>Kas teil on k\u00fcsimus? Oleme l\u00fchikese teksti kaugusel sellest, et teie k\u00fcsimus oleks lahendatud!<br \/>\n[\/cg_accordion]\n[cg_accordion title=\"Pakett sisaldab\"]<\/p>\n<ul>\n<li>1x AYA NEO SLIDE<\/li>\n<li>1x USB Type-C kaabel<\/li>\n<li>1x toitepistik (EL\/USA)<\/li>\n<li>2x USB Type-C Type-A adapter<\/li>\n<li>1x kasutusjuhend<\/li>\n<\/ul>\n<p>[\/cg_accordion]\n","protected":false},"featured_media":4443,"template":"","meta":{"_acf_changed":false},"product_brand":[],"product_cat":[550],"product_tag":[],"class_list":{"0":"post-4442","1":"product","2":"type-product","3":"status-publish","4":"has-post-thumbnail","6":"product_cat-kaeshoitavad-manguriarvutid","7":"product_shipping_class-premium","8":"pa_brand-ayaneo","9":"pa_graphics-gpu-model-radeon-780m","10":"pa_operating-system-windows-11-home","11":"pa_processor-cpu-brand-amd","13":"first","14":"outofstock","15":"taxable","16":"shipping-taxable","17":"purchasable","18":"product-type-variable","19":"has-default-attributes"},"acf":[],"_links":{"self":[{"href":"https:\/\/ayaneo.co\/et\/wp-json\/wp\/v2\/product\/4442","targetHints":{"allow":["GET"]}}],"collection":[{"href":"https:\/\/ayaneo.co\/et\/wp-json\/wp\/v2\/product"}],"about":[{"href":"https:\/\/ayaneo.co\/et\/wp-json\/wp\/v2\/types\/product"}],"wp:featuredmedia":[{"embeddable":true,"href":"https:\/\/ayaneo.co\/et\/wp-json\/wp\/v2\/media\/4443"}],"wp:attachment":[{"href":"https:\/\/ayaneo.co\/et\/wp-json\/wp\/v2\/media?parent=4442"}],"wp:term":[{"taxonomy":"product_brand","embeddable":true,"href":"https:\/\/ayaneo.co\/et\/wp-json\/wp\/v2\/product_brand?post=4442"},{"taxonomy":"product_cat","embeddable":true,"href":"https:\/\/ayaneo.co\/et\/wp-json\/wp\/v2\/product_cat?post=4442"},{"taxonomy":"product_tag","embeddable":true,"href":"https:\/\/ayaneo.co\/et\/wp-json\/wp\/v2\/product_tag?post=4442"}],"curies":[{"name":"wp","href":"https:\/\/api.w.org\/{rel}","templated":true}]}}