{"id":44746,"date":"2026-02-03T13:07:54","date_gmt":"2026-02-03T13:07:54","guid":{"rendered":"https:\/\/ayaneo.co\/product\/biwin-mini-ssd\/"},"modified":"2026-02-12T09:56:04","modified_gmt":"2026-02-12T09:56:04","slug":"biwin-mini-ssd","status":"publish","type":"product","link":"https:\/\/ayaneo.co\/et\/product\/biwin-mini-ssd\/","title":{"rendered":"BIWIN Mini SSD"},"content":{"rendered":"\n<h2 class=\"wp-block-heading\">BIWIN Mini SSD: Uue ajastu salvestusruumi j\u00f5udlus<\/h2>\n\n<p>Kaasaskantavate andmekandjate konkurentsitihedas maailmas <strong>on<\/strong> BIWIN <strong>Mini SSD<\/strong> t\u00f5eline j\u00f5ujaam, mis pakub tipptasemel j\u00f5udlust ja vastupidavat vastupidavust, et rahuldada iga n\u00f5udlikku kasutajat. See seade on kompromissitu kiiruse deklaratsioon, mis kujutab endast h\u00fcpet edasi \u00fclikompaktses salvestustehnoloogias. BIWIN Mini SSD on disaini ja v\u00f5imsuse ime, pakkudes lipulaeva tasemel andmekogemust, v\u00f5rratut kaasaskantavust ja uuenduslikke funktsioone, mis asetavad selle turu tippu. See kettas\u00fcsteem on loodud professionaalidele ja entusiastidele, kes n\u00f5uavad eliitkiirust ja esmaklassilist, funktsioonirikast lahendust, ning l\u00fckkab \u00fcmber andmete k\u00e4sitsemise piirid.   <\/p>\n\n<p>BIWIN Mini SSD on tipptasemel kompaktsete salvestusseadmete innovatsioonitiitan. Tipptasemel <strong>PCIe Gen4x2 ja<\/strong> <strong>NVMe 1.4 tehnoloogiaga<\/strong> varustatud Mini SSD pakub hingematvat j\u00f5udlust, sest selle j\u00e4rjestikune lugemiskiirus on kuni 3700 MB\/s <strong>ja kirjutamiskiirus kuni<\/strong> 3400 MB\/s. See kiirus purustab traditsiooniliste microSD-kaartide j\u00f5udluse \u00fclempiiri, mis muudab Mini SSD k\u00f5vaketta paremaks ja kiiremaks asendajaks. See v\u00f5imsus on paigutatud \u00fclimalt kompaktsesse korpusesse, mille m\u00f5\u00f5tmed on vaid <strong>15,0 mm \u00d7 17,0 mm \u00d7 1,4 mm, mis on v\u00f5imalik t\u00e4nu t\u00e4iustatud<\/strong>LGA (Land Grid Array) <a href=\"https:\/\/en.wikipedia.org\/wiki\/Land_grid_array\" target=\"_blank\" rel=\"noopener nofollow\" title=\"\">pakendile.<\/a>    <\/p>\n\n<p><strong>Mini<\/strong> SSD on saadaval suure mahutavusega variante, sealhulgas <strong>512 GB, 1 TB ja 2 TB, ning<\/strong> pakub erakordset salvestusruumi n\u00f5udlikele t\u00f6\u00f6koormustele, nagu pilvep\u00f5hine koost\u00f6\u00f6 ja reaalajas andmete t\u00f6\u00f6tlemine.<\/p>\n\n<h2 class=\"wp-block-heading\"><strong>M\u00e4rkus pihuarvuti j\u00f5udluse kohta<\/strong><\/h2>\n\n<p>Konkreetsete vastuv\u00f5tvate seadmete kasutajate jaoks on oluline m\u00e4rkida, et kuigi Mini SSD pakub teoreetilist tippkiirust 3700 MB\/s, on selle tegelik j\u00f5udlus piiratud vastuv\u00f5tva seadme pesa spetsifikatsioonidega. N\u00e4iteks \u00fchilduvatesse m\u00e4ngukonsoolidesse paigaldamisel on k\u00f5vaketta kiirus tavaliselt piiratud, sest seade kasutab mini PCIe 4&#215;1 <strong>konfiguratsiooni (<\/strong> t\u00e4ieliku 4&#215;2 spetsifikatsiooni <strong>asemel<\/strong> ). CrystalDiskMarki testide p\u00f5hjal v\u00f5ivad kasutajad oodata keskmist lugemis- ja kirjutamiskiirust umbes 1700 <strong>MB\/s.<\/strong> See tagab siiski usaldusv\u00e4\u00e4rse ja kiire j\u00f5udluse, mis \u00fcletab kaugelt microSD-ketta alternatiive, kuigi see ei pruugi kajastada ketta absoluutset teoreetilist maksimumpotentsiaali.   <\/p>\n\n<p>Kompromissitu usaldusv\u00e4\u00e4rsuse tagamiseks loodud seadmel on tugev konstruktsioon, millel on IP68 <strong>klassifikatsioon, mis tagab t\u00e4ieliku<\/strong> tolmu- ja veekaitse, mist\u00f5ttu on seade loodud k\u00f5ige karmimatele tingimustele vastu pidama. Andmete usaldusv\u00e4\u00e4rsuse tagab t\u00e4iustatud p\u00fcsivara, sealhulgas d\u00fcnaamiline SLC vahem\u00e4lu ja kulumise tasandamine, samas kui selle vastupidavust tugevdab LGA-pakend, mis v\u00f5imaldab taluda kukkumist kuni 3 meetri k\u00f5rguselt. T\u00e4nu oma mitmek\u00fclgsele modulaarsele pesa disainile on see vastupidav ja tulevikukindel kaaslane mobiilseadmete, m\u00e4ngukonsoolide (nagu GPD WIN 5 ja ONEXPLAYER Super X) ja \u00e4\u00e4rearvutite rakenduste jaoks.  <\/p>\n","protected":false},"excerpt":{"rendered":"\n<ul>\n<li>Liides: **NVMe 1.4** protokolliga <strong>PCIe Gen4x2<\/strong> <\/li>\n<li>Vormifaktor: <strong>(<\/strong> 15,0 mm \u00d7 17,0 mm \u00d7 1,4 mm): <strong>\u00dclimalt kompaktne LGA-pakett (<\/strong> 15,0 mm \u00d7 17,0 mm \u00d7 1,4 mm)<\/li>\n<li>Tulemused: Kuni **3,700 MB\/s lugemine** \/ Kuni **3,400 MB\/s kirjutamine**<\/li>\n<li>Mahtuvus: 512 GB, 1 TB v\u00f5i 2 TB 3D TLC NAND<\/li>\n<li>Vastupidavus: <strong>IP68 tolmu-<\/strong> ja veekindlus \/ **3 meetri kukkumine** Elluj\u00e4\u00e4mine<\/li>\n<li>Tehnoloogia: D\u00fcnaamiline **SLC vahem\u00e4lu** ja **Kandmise tasandamine**.<\/li>\n<\/ul>\n[cg_accordion title=\"MAKSUINFO\"]<\/p>\n<p>Me kasutame uusimat makset\u00f6\u00f6tlustehnoloogiat, mis v\u00f5imaldab teil kiiret ja turvalist maksmist Apple Pay, Google Pay, deebet-\/krediitkaardi, PayPali v\u00f5i BNPL-meetodite, nagu Klarna, Affirm v\u00f5i AfterPay kaudu.[\/cg_accordion]\n[cg_accordion title=\"GARANTSIOON\"]<\/p>\n<p>1 aasta garantii <a href=\"https:\/\/droix.net\/\" target=\"_blank\" rel=\"nofollow noopener\">DROIX Globalilt teie meelerahu tagamiseks<\/a> [\/cg_accordion]\n[cg_accordion title=\"KVALITEEDI TAGAMINE JA L\u00c4HETAMISEELNE TESTIMINE\"]<\/p>\n<p>Klientide rahulolu tagamine k\u00f5rgeimal tasemel: Iga seade l\u00e4bib enne saatmist ranged testid ja mitmepunktilise kvaliteedikontrolli. Meie p\u00fchendunud meeskond kontrollib j\u00f5udlust, funktsionaalsust ja komponentide terviklikkust, et tagada, et teie AYANEO seade on saabumisel t\u00e4iuslikus t\u00f6\u00f6korras, tagades teile kindlustunde ja meelerahu. [\/cg_accordion]\n[cg_accordion title=\"HINNAKUJUNDUS, MAKSUD JA KOHALETOIMETAMINE\"]<\/p>\n<p><strong><u>M\u00e4rkus:<\/u><\/strong><\/p>\n<ul>\n<li>Ameerika \u00dchendriikide kliendid: N\u00e4idatud hind ei sisalda makse ega tollimaksu. Vastutus tollivormistuse ja sellega seotud maksude\/tollimaksude tasumise eest lasub kliendil. <\/li>\n<li>ELi kliendid: N\u00e4idatud hind sisaldab kohaldatavat maksu, mis v\u00f5ib s\u00f5ltuvalt teie riigist olla kuni 25%.<\/li>\n<li>Kanada kliendid: N\u00e4idatud hind sisaldab kohaldatavaid makse, mis v\u00f5ivad sisaldada 5% GST ja t\u00e4iendavaid provintsi m\u00fc\u00fcgimakse (PST), \u00fchtlustatud m\u00fc\u00fcgimaksu (HST) v\u00f5i Quebeci m\u00fc\u00fcgimaksu (QST), s\u00f5ltuvalt teie provintsist.<\/li>\n<\/ul>\n<p>Meie USA klientidele: Tellimused saadetakse DAP (Delivered At Place). Kuigi kliendid vastutavad k\u00f5igi kohaldatavate tariifide tasumise eest, tugineme meie ulatuslikele kogemustele \u00dchendkuningriigist saatmisel, et tagada, et maksate v\u00f5imalikult v\u00e4he tasu. Meie andmetel ei \u00fcleta need tasud tavaliselt 10% eseme v\u00e4\u00e4rtusest.  <\/p>\n<p><strong>AINULT ELi klientidele:<\/strong> Express DDP (Delivered Duty Paid). See t\u00e4hendab: <\/p>\n<ul>\n<li>K\u00f5ik tollimaksud ja maksud sisalduvad toote lehel n\u00e4idatud hinnas.<\/li>\n<li>Te ei pea tarnimisel lisatasusid maksma.<\/li>\n<li>Harva esinevate tolliprobleemide korral tegeleb meie meeskond teie nimel tollivormistusega, et tagada sujuv tarne.<\/li>\n<p>Oluline teave tagastuste kohta:<\/p>\n<li>Kui te otsustate oma tellimuse tagastada v\u00f5i taotleda raha tagasi, siis pidage meeles, et teie eest DDP tingimuste alusel makstud makse ja tollimakse ei saa tagasi maksta.<\/li>\n<p>\u00dcksikasjalik teave <a href=\"https:\/\/ayaneo.co\/et\/teenuse-tingimused\/\" target=\"_blank\" rel=\"nofollow noopener\">on esitatud meie Tingimustes<\/a>.\n<\/ul>\n<p>[\/cg_accordion]\n[cg_accordion title=\"KLIENDITUGI\"]<\/p>\n<p>Kas teil on k\u00fcsimus? Oleme l\u00fchikese teksti kaugusel sellest, et teie k\u00fcsimus oleks lahendatud! [\/cg_accordion]\n[cg_accordion title=\"PAKETT SISALDAB\"]<\/p>\n<ul>\n<li>1x BIWIN Mini SSD<\/li>\n<\/ul>\n<p>[\/cg_accordion]\n","protected":false},"featured_media":44133,"template":"","meta":{"_acf_changed":false},"product_brand":[],"product_cat":[557],"product_tag":[],"class_list":{"0":"post-44746","1":"product","2":"type-product","3":"status-publish","4":"has-post-thumbnail","6":"product_cat-tarvikud","7":"product_shipping_class-low-end","8":"pa_brand-biwin","10":"first","11":"instock","12":"taxable","13":"shipping-taxable","14":"purchasable","15":"product-type-variable","16":"has-default-attributes"},"acf":[],"_links":{"self":[{"href":"https:\/\/ayaneo.co\/et\/wp-json\/wp\/v2\/product\/44746","targetHints":{"allow":["GET"]}}],"collection":[{"href":"https:\/\/ayaneo.co\/et\/wp-json\/wp\/v2\/product"}],"about":[{"href":"https:\/\/ayaneo.co\/et\/wp-json\/wp\/v2\/types\/product"}],"wp:featuredmedia":[{"embeddable":true,"href":"https:\/\/ayaneo.co\/et\/wp-json\/wp\/v2\/media\/44133"}],"wp:attachment":[{"href":"https:\/\/ayaneo.co\/et\/wp-json\/wp\/v2\/media?parent=44746"}],"wp:term":[{"taxonomy":"product_brand","embeddable":true,"href":"https:\/\/ayaneo.co\/et\/wp-json\/wp\/v2\/product_brand?post=44746"},{"taxonomy":"product_cat","embeddable":true,"href":"https:\/\/ayaneo.co\/et\/wp-json\/wp\/v2\/product_cat?post=44746"},{"taxonomy":"product_tag","embeddable":true,"href":"https:\/\/ayaneo.co\/et\/wp-json\/wp\/v2\/product_tag?post=44746"}],"curies":[{"name":"wp","href":"https:\/\/api.w.org\/{rel}","templated":true}]}}