{"id":44791,"date":"2026-01-08T11:34:29","date_gmt":"2026-01-08T11:34:29","guid":{"rendered":"https:\/\/ayaneo.co\/product\/ayaneo-pocket-ds-kott\/"},"modified":"2026-02-12T09:56:15","modified_gmt":"2026-02-12T09:56:15","slug":"ayaneo-pocket-ds-kott","status":"publish","type":"product","link":"https:\/\/ayaneo.co\/et\/product\/ayaneo-pocket-ds-kott\/","title":{"rendered":"AYANEO Pocket DS kott"},"content":{"rendered":"\n<h2 class=\"wp-block-heading\" id=\"h-product-overview\">Toote \u00fclevaade:<\/h2>\n\n<p><strong>AYANEO Pocket DS Bag <\/strong>on ideaalne aksessuaar m\u00e4ngijatele, kes hindavad stiili ja kaitset. See AYANEO Pocket DS-konsoolile sobivalt disainitud \u00fcmbris \u00fchendab endas esmaklassilised materjalid ja kompaktse vormi, tagades, et teie m\u00e4nguseade on turvaline, kuhu iganes te ka ei l\u00e4heks. <\/p>\n\n<hr class=\"wp-block-separator has-alpha-channel-opacity\"\/>\n\n<h2 class=\"wp-block-heading\" id=\"h-key-features\">Peamised omadused:<\/h2>\n\n<p><strong>Compact Design<\/strong> tailored for AYANEO Pocket DS &#x1f3ae;.<\/p>\n\n<p>Durable materials for <strong>enhanced protection<\/strong> &#x1f6e1;&#xfe0f;.<\/p>\n\n<p>Lightweight and portable for <strong>on-the-go convenience<\/strong> &#x1f680;.<\/p>\n\n<p>Pehme sisevooder <strong>kriimustuste v\u00e4ltimiseks &#x2728;<\/strong>.<\/p>\n\n<p>Sleek and stylish exterior for <strong>modern aesthetics<\/strong> &#x1f31f;.<\/p>\n\n<hr class=\"wp-block-separator has-alpha-channel-opacity\"\/>\n\n<h2 class=\"wp-block-heading\" id=\"h-why-choose-the-ayaneo-pocket-micro-case\">Why Choose the AYANEO Pocket DS Bag?<\/h2>\n\n<p>Protect your investment with the AYANEO Pocket DS Bag, designed to keep your console safe from scratches, dust, and minor impacts. Its lightweight and compact design makes it the ideal travel companion, whether you&#8217;re heading to a gaming session with friends or taking your console on the road.<\/p>\n\n<hr class=\"wp-block-separator has-alpha-channel-opacity\"\/>\n\n<h3 class=\"wp-block-heading\" id=\"h-specifications\">Specifications:<\/h3>\n\n<ul class=\"wp-block-list\">\n<li><strong>Material:<\/strong> Durable fabric or synthetic leather<\/li>\n\n\n\n<li><strong>Compatibility:<\/strong> AYANEO Pocket DS Console<\/li>\n\n\n\n<li><strong>Features:<\/strong> Scratch-resistant, lightweight, and portable<\/li>\n<\/ul>\n\n<p>Elevate your gaming experience with the AYANEO Pocket DS Bag \u2013 the perfect blend of protection and portability!&#x1f31f;<\/p>\n\n<p><\/p>\n","protected":false},"excerpt":{"rendered":"<ul>\n<li>AYANEO Pocket DS jaoks <strong>kohandatud kompaktne disain<\/strong>.<\/li>\n<li>Vastupidavad materjalid <strong>parema kaitse<\/strong> tagamiseks <strong>.<\/strong><\/li>\n<li>Kerge ja kaasaskantav, et ole <strong>ks mugav kaasas k\u00e4ia.<\/strong><\/li>\n<li>Pehme sisevooder <strong>kriimustuste v\u00e4ltimiseks.<\/strong><\/li>\n<li>Lihtne ja stiilne v\u00e4lisilme <strong>kaasaegse esteetika<\/strong> jaoks <strong>.<\/strong><\/li>\n<\/ul>\n[cg_accordion title=\"MAKSUINFO\"]<\/p>\n<p>Me kasutame uusimat makset\u00f6\u00f6tlustehnoloogiat, mis v\u00f5imaldab teil kiiret ja turvalist maksmist Apple Pay, Google Pay, deebet-\/krediitkaardi, PayPali v\u00f5i BNPL-meetodite, nagu Klarna, Affirm v\u00f5i AfterPay kaudu.[\/cg_accordion]\n[cg_accordion title=\"GARANTSIOON\"]<\/p>\n<p>1 aasta garantii <a href=\"https:\/\/droix.net\/\" target=\"_blank\" rel=\"nofollow noopener\">DROIX Globalilt teie meelerahu tagamiseks<\/a> [\/cg_accordion]\n[cg_accordion title=\"KVALITEEDI TAGAMINE JA L\u00c4HETAMISEELNE TESTIMINE\"]<\/p>\n<p>Klientide rahulolu tagamine k\u00f5rgeimal tasemel: Iga seade l\u00e4bib enne saatmist ranged testid ja mitmepunktilise kvaliteedikontrolli. Meie p\u00fchendunud meeskond kontrollib j\u00f5udlust, funktsionaalsust ja komponentide terviklikkust, et tagada, et teie AYANEO seade on saabumisel t\u00e4iuslikus t\u00f6\u00f6korras, tagades teile kindlustunde ja meelerahu. [\/cg_accordion]\n[cg_accordion title=\"HINNAKUJUNDUS, MAKSUD JA KOHALETOIMETAMINE\"]<\/p>\n<p><strong><u>M\u00e4rkus:<\/u><\/strong><\/p>\n<ul>\n<li>Ameerika \u00dchendriikide kliendid: N\u00e4idatud hind ei sisalda makse ega tollimaksu. Vastutus tollivormistuse ja sellega seotud maksude\/tollimaksude tasumise eest lasub kliendil. <\/li>\n<li>ELi kliendid: N\u00e4idatud hind sisaldab kohaldatavat maksu, mis v\u00f5ib s\u00f5ltuvalt teie riigist olla kuni 25%.<\/li>\n<li>Kanada kliendid: N\u00e4idatud hind sisaldab kohaldatavaid makse, mis v\u00f5ivad sisaldada 5% GST ja t\u00e4iendavaid provintsi m\u00fc\u00fcgimakse (PST), \u00fchtlustatud m\u00fc\u00fcgimaksu (HST) v\u00f5i Quebeci m\u00fc\u00fcgimaksu (QST), s\u00f5ltuvalt teie provintsist.<\/li>\n<\/ul>\n<p>Meie USA klientidele: Tellimused saadetakse DAP (Delivered At Place). Kuigi kliendid vastutavad k\u00f5igi kohaldatavate tariifide tasumise eest, tugineme meie ulatuslikele kogemustele \u00dchendkuningriigist saatmisel, et tagada, et maksate v\u00f5imalikult v\u00e4he tasu. Meie andmetel ei \u00fcleta need tasud tavaliselt 10% eseme v\u00e4\u00e4rtusest.  <\/p>\n<p><strong>AINULT ELi klientidele:<\/strong> Express DDP (Delivered Duty Paid). See t\u00e4hendab: <\/p>\n<ul>\n<li>K\u00f5ik tollimaksud ja maksud sisalduvad toote lehel n\u00e4idatud hinnas.<\/li>\n<li>Te ei pea tarnimisel lisatasusid maksma.<\/li>\n<li>Harva esinevate tolliprobleemide korral tegeleb meie meeskond teie nimel tollivormistusega, et tagada sujuv tarne.<\/li>\n<p>Oluline teave tagastuste kohta:<\/p>\n<li>Kui te otsustate oma tellimuse tagastada v\u00f5i taotleda raha tagasi, siis pidage meeles, et teie eest DDP tingimuste alusel makstud makse ja tollimakse ei saa tagasi maksta.<\/li>\n<p>\u00dcksikasjalik teave <a href=\"https:\/\/ayaneo.co\/et\/teenuse-tingimused\/\" target=\"_blank\" rel=\"nofollow noopener\">on esitatud meie Tingimustes<\/a>.\n<\/ul>\n<p>[\/cg_accordion]\n[cg_accordion title=\"KLIENDITUGI\"]<\/p>\n<p>Kas teil on k\u00fcsimus? Oleme l\u00fchikese teksti kaugusel sellest, et teie k\u00fcsimus oleks lahendatud! [\/cg_accordion]\n[cg_accordion title=\"PAKETT SISALDAB\"]<\/p>\n<ul>\n<li>1x AYANEO Pocket DS kott<\/li>\n<\/ul>\n<p>[\/cg_accordion]\n","protected":false},"featured_media":43438,"template":"","meta":{"_acf_changed":false},"product_brand":[],"product_cat":[557],"product_tag":[],"class_list":{"0":"post-44791","1":"product","2":"type-product","3":"status-publish","4":"has-post-thumbnail","6":"product_cat-tarvikud","7":"product_shipping_class-low-end","8":"pa_accessory-type-protective-case-et","9":"pa_brand-ayaneo","11":"first","12":"instock","13":"sale","14":"taxable","15":"shipping-taxable","16":"purchasable","17":"product-type-simple"},"acf":[],"_links":{"self":[{"href":"https:\/\/ayaneo.co\/et\/wp-json\/wp\/v2\/product\/44791","targetHints":{"allow":["GET"]}}],"collection":[{"href":"https:\/\/ayaneo.co\/et\/wp-json\/wp\/v2\/product"}],"about":[{"href":"https:\/\/ayaneo.co\/et\/wp-json\/wp\/v2\/types\/product"}],"wp:featuredmedia":[{"embeddable":true,"href":"https:\/\/ayaneo.co\/et\/wp-json\/wp\/v2\/media\/43438"}],"wp:attachment":[{"href":"https:\/\/ayaneo.co\/et\/wp-json\/wp\/v2\/media?parent=44791"}],"wp:term":[{"taxonomy":"product_brand","embeddable":true,"href":"https:\/\/ayaneo.co\/et\/wp-json\/wp\/v2\/product_brand?post=44791"},{"taxonomy":"product_cat","embeddable":true,"href":"https:\/\/ayaneo.co\/et\/wp-json\/wp\/v2\/product_cat?post=44791"},{"taxonomy":"product_tag","embeddable":true,"href":"https:\/\/ayaneo.co\/et\/wp-json\/wp\/v2\/product_tag?post=44791"}],"curies":[{"name":"wp","href":"https:\/\/api.w.org\/{rel}","templated":true}]}}