{"id":44798,"date":"2026-01-08T12:04:55","date_gmt":"2026-01-08T12:04:55","guid":{"rendered":"https:\/\/ayaneo.co\/product\/ayaneo-pocket-ds-kaitsekile-ainult-alumine-ekraan\/"},"modified":"2026-04-08T09:14:52","modified_gmt":"2026-04-08T09:14:52","slug":"ayaneo-pocket-ds-kaitsekile-ainult-alumine-ekraan","status":"publish","type":"product","link":"https:\/\/ayaneo.co\/et\/product\/ayaneo-pocket-ds-kaitsekile-ainult-alumine-ekraan\/","title":{"rendered":"AYANEO Pocket DS kaitsekile (ainult alumine ekraan)"},"content":{"rendered":"\n<p><strong>AYANEO Pocket DS ekraanikaitsekile on<\/strong> oluline lisatarvik, mis on loodud selleks, et hoida konsooli sekundaarne ekraan laitmatus korras. See kaitsekile on loodud k\u00f5rglahutusega selguse ja t\u00e4psuse tagamiseks ning kaitseb teie seadet igap\u00e4evase kulumise eest, kahjustamata seejuures puutetundlikkust. <\/p>\n\n<h2 class=\"wp-block-heading\"><strong>&#x26a0;&#xfe0f; Oluline kokkusobivuse m\u00e4rkus<\/strong><\/h2>\n\n<p>See ekraanikaitse on m\u00f5eldud <strong>AINULT 2. (alumise) ekraani jaoks.<\/strong> &gt; <strong>Esimese (\u00fclemise) ekraani jaoks:<\/strong> Kaitsekile ei ole saadaval ega soovitatav, kuna lisapaksus takistaks seadme korralikku sulgumist.<\/p>\n\n<h2 class=\"wp-block-heading\">Miks valida AYANEO Pocket DS ekraanikaitse?<\/h2>\n\n<p>Olenemata sellest, kas navigeerite men\u00fc\u00fcdes v\u00f5i kasutate sekundaarse ekraani puutetundlikku juhtimist, pakub see kaitse v\u00f5rratut vastupidavust. T\u00e4nu t\u00e4psele sobivusele ja spetsiaalsele kattele j\u00e4\u00e4vad teie m\u00e4ngude visuaalid kristallselgeks, samal ajal kui riistvara on kaitstud kriimustuste ja \u00f5lide eest. <\/p>\n\n<h2 class=\"wp-block-heading\">Spetsifikatsioonid<\/h2>\n\n<ul class=\"wp-block-list\">\n<li><strong>\u00dchilduvus:<\/strong> AYANEO Pocket DS konsool (alumine ekraan)<\/li>\n\n\n\n<li><strong>Materjal:<\/strong> materjal: Premium karastatud klaas v\u00f5i k\u00f5rgekvaliteediline kile<\/li>\n\n\n\n<li><strong>Pind:<\/strong> kriimustuskindel, m\u00e4\u00e4rdumiskindel ja \u00fclikiire.<\/li>\n\n\n\n<li><strong>Paigaldamine:<\/strong> Mullita liim \u00f5mblusteta pealekandmiseks.<\/li>\n<\/ul>\n","protected":false},"excerpt":{"rendered":"<ul>\n<li><strong>Ainult 2. ekraan:<\/strong> Kohandatud spetsiaalselt alumise ekraani jaoks, et v\u00f5imaldada seadme n\u00f5uetekohast sulgemist.<\/li>\n<li><strong>Kraapimiskaitse:<\/strong> Vastupidav pind kaitseb pliiatsi kasutamise ja igap\u00e4evase kulumise eest.<\/li>\n<li><strong>Kristallselge: \u00fclimalt l\u00e4bipaistev<\/strong> materjal tagab elava, katkematu m\u00e4nguvisuaali.<\/li>\n<li><strong>M\u00e4\u00e4rdumiskindel:<\/strong> Oleofoobne kate hoiab puuteekraani s\u00f5rmej\u00e4lgede ja \u00f5lide eest.<\/li>\n<li><strong>Lihtne kohaldamine:<\/strong> Kiire, mullita paigaldus, mis tagab \u00f5mblusteta ja professionaalse paigalduse.<\/li>\n<\/ul>\n[cg_accordion title=\"MAKSUINFO\"]<\/p>\n<p>Me kasutame uusimat makset\u00f6\u00f6tlustehnoloogiat, mis v\u00f5imaldab teil kiiret ja turvalist maksmist Apple Pay, Google Pay, deebet-\/krediitkaardi, PayPali v\u00f5i BNPL-meetodite, nagu Klarna, Affirm v\u00f5i AfterPay kaudu.[\/cg_accordion]\n[cg_accordion title=\"GARANTSIOON\"]<\/p>\n<p>1 aasta garantii <a href=\"https:\/\/droix.net\/\" target=\"_blank\" rel=\"nofollow noopener\">DROIX Globalilt teie meelerahu tagamiseks<\/a> [\/cg_accordion]\n[cg_accordion title=\"KVALITEEDI TAGAMINE JA L\u00c4HETAMISEELNE TESTIMINE\"]<\/p>\n<p>Klientide rahulolu tagamine k\u00f5rgeimal tasemel: Iga seade l\u00e4bib enne saatmist ranged testid ja mitmepunktilise kvaliteedikontrolli. Meie p\u00fchendunud meeskond kontrollib j\u00f5udlust, funktsionaalsust ja komponentide terviklikkust, et tagada, et teie AYANEO seade on saabumisel t\u00e4iuslikus t\u00f6\u00f6korras, tagades teile kindlustunde ja meelerahu. [\/cg_accordion]\n[cg_accordion title=\"HINNAKUJUNDUS, MAKSUD JA KOHALETOIMETAMINE\"]<\/p>\n<p><strong><u>M\u00e4rkus:<\/u><\/strong><\/p>\n<ul>\n<li>Ameerika \u00dchendriikide kliendid: N\u00e4idatud hind ei sisalda makse ega tollimaksu. Vastutus tollivormistuse ja sellega seotud maksude\/tollimaksude tasumise eest lasub kliendil. <\/li>\n<li>ELi kliendid: N\u00e4idatud hind sisaldab kohaldatavat maksu, mis v\u00f5ib s\u00f5ltuvalt teie riigist olla kuni 25%.<\/li>\n<li>Kanada kliendid: N\u00e4idatud hind sisaldab kohaldatavaid makse, mis v\u00f5ivad sisaldada 5% GST ja t\u00e4iendavaid provintsi m\u00fc\u00fcgimakse (PST), \u00fchtlustatud m\u00fc\u00fcgimaksu (HST) v\u00f5i Quebeci m\u00fc\u00fcgimaksu (QST), s\u00f5ltuvalt teie provintsist.<\/li>\n<\/ul>\n<p>Meie USA klientidele: Tellimused saadetakse DAP (Delivered At Place). Kuigi kliendid vastutavad k\u00f5igi kohaldatavate tariifide tasumise eest, tugineme meie ulatuslikele kogemustele \u00dchendkuningriigist saatmisel, et tagada, et maksate v\u00f5imalikult v\u00e4he tasu. Meie andmetel ei \u00fcleta need tasud tavaliselt 10% eseme v\u00e4\u00e4rtusest.  <\/p>\n<p><strong>AINULT ELi klientidele:<\/strong> Express DDP (Delivered Duty Paid). See t\u00e4hendab: <\/p>\n<ul>\n<li>K\u00f5ik tollimaksud ja maksud sisalduvad toote lehel n\u00e4idatud hinnas.<\/li>\n<li>Te ei pea tarnimisel lisatasusid maksma.<\/li>\n<li>Harva esinevate tolliprobleemide korral tegeleb meie meeskond teie nimel tollivormistusega, et tagada sujuv tarne.<\/li>\n<p>Oluline teave tagastuste kohta:<\/p>\n<li>Kui te otsustate oma tellimuse tagastada v\u00f5i taotleda raha tagasi, siis pidage meeles, et teie eest DDP tingimuste alusel makstud makse ja tollimakse ei saa tagasi maksta.<\/li>\n<p>\u00dcksikasjalik teave <a href=\"https:\/\/ayaneo.co\/et\/teenuse-tingimused\/\" target=\"_blank\" rel=\"nofollow noopener\">on esitatud meie Tingimustes<\/a>.\n<\/ul>\n<p>[\/cg_accordion]\n[cg_accordion title=\"KLIENDITUGI\"]<\/p>\n<p>Kas teil on k\u00fcsimus? Oleme l\u00fchikese teksti kaugusel sellest, et teie k\u00fcsimus oleks lahendatud! [\/cg_accordion]\n[cg_accordion title=\"PAKETT SISALDAB\"]<\/p>\n<ul>\n<li>1x AYANEO Pocket DS kaitsekile<\/li>\n<\/ul>\n<p>[\/cg_accordion]\n","protected":false},"featured_media":43469,"template":"","meta":{"_acf_changed":false},"product_brand":[],"product_cat":[557],"product_tag":[],"class_list":{"0":"post-44798","1":"product","2":"type-product","3":"status-publish","4":"has-post-thumbnail","6":"product_cat-tarvikud","7":"product_shipping_class-low-end","8":"pa_accessory-type-screen-protector-et","9":"pa_brand-ayaneo","11":"first","12":"instock","13":"sale","14":"taxable","15":"shipping-taxable","16":"purchasable","17":"product-type-simple"},"acf":[],"_links":{"self":[{"href":"https:\/\/ayaneo.co\/et\/wp-json\/wp\/v2\/product\/44798","targetHints":{"allow":["GET"]}}],"collection":[{"href":"https:\/\/ayaneo.co\/et\/wp-json\/wp\/v2\/product"}],"about":[{"href":"https:\/\/ayaneo.co\/et\/wp-json\/wp\/v2\/types\/product"}],"wp:featuredmedia":[{"embeddable":true,"href":"https:\/\/ayaneo.co\/et\/wp-json\/wp\/v2\/media\/43469"}],"wp:attachment":[{"href":"https:\/\/ayaneo.co\/et\/wp-json\/wp\/v2\/media?parent=44798"}],"wp:term":[{"taxonomy":"product_brand","embeddable":true,"href":"https:\/\/ayaneo.co\/et\/wp-json\/wp\/v2\/product_brand?post=44798"},{"taxonomy":"product_cat","embeddable":true,"href":"https:\/\/ayaneo.co\/et\/wp-json\/wp\/v2\/product_cat?post=44798"},{"taxonomy":"product_tag","embeddable":true,"href":"https:\/\/ayaneo.co\/et\/wp-json\/wp\/v2\/product_tag?post=44798"}],"curies":[{"name":"wp","href":"https:\/\/api.w.org\/{rel}","templated":true}]}}