{"id":4657,"date":"2024-03-20T16:50:22","date_gmt":"2024-03-20T16:50:22","guid":{"rendered":"https:\/\/ayaneo.co\/product\/ayaneo-flip-kb-ds\/"},"modified":"2025-04-11T12:14:59","modified_gmt":"2025-04-11T12:14:59","slug":"ayaneo-flip-kb-ds","status":"publish","type":"product","link":"https:\/\/ayaneo.co\/et\/product\/ayaneo-flip-kb-ds\/","title":{"rendered":"AYANEO FLIP KB \/ DS"},"content":{"rendered":"\n<figure class=\"wp-block-image size-full\"><img fetchpriority=\"high\" decoding=\"async\" width=\"1500\" height=\"846\" src=\"https:\/\/ayaneo.co\/wp-content\/uploads\/2024\/03\/AYANEO-FLIP-KB-MARKETING-DONE-02.jpg\" alt=\"AYANEO FLIP Marketing\" class=\"wp-image-557\" srcset=\"https:\/\/ayaneo.co\/wp-content\/uploads\/2024\/03\/AYANEO-FLIP-KB-MARKETING-DONE-02.jpg 1500w, https:\/\/ayaneo.co\/wp-content\/uploads\/2024\/03\/AYANEO-FLIP-KB-MARKETING-DONE-02-150x85.jpg 150w, https:\/\/ayaneo.co\/wp-content\/uploads\/2024\/03\/AYANEO-FLIP-KB-MARKETING-DONE-02-600x338.jpg 600w, https:\/\/ayaneo.co\/wp-content\/uploads\/2024\/03\/AYANEO-FLIP-KB-MARKETING-DONE-02-300x169.jpg 300w, https:\/\/ayaneo.co\/wp-content\/uploads\/2024\/03\/AYANEO-FLIP-KB-MARKETING-DONE-02-1024x578.jpg 1024w, https:\/\/ayaneo.co\/wp-content\/uploads\/2024\/03\/AYANEO-FLIP-KB-MARKETING-DONE-02-768x433.jpg 768w, https:\/\/ayaneo.co\/wp-content\/uploads\/2024\/03\/AYANEO-FLIP-KB-MARKETING-DONE-02-990x558.jpg 990w, https:\/\/ayaneo.co\/wp-content\/uploads\/2024\/03\/AYANEO-FLIP-KB-MARKETING-DONE-02-441x249.jpg 441w\" sizes=\"(max-width: 1500px) 100vw, 1500px\" \/><\/figure>\n\n<figure class=\"wp-block-image size-full\"><img decoding=\"async\" width=\"1500\" height=\"1346\" src=\"https:\/\/ayaneo.co\/wp-content\/uploads\/2024\/03\/AYANEO-FLIP-DS-MARKETING-DONE-03.png\" alt=\"AYANEO FLIP Marketing\" class=\"wp-image-558\" srcset=\"https:\/\/ayaneo.co\/wp-content\/uploads\/2024\/03\/AYANEO-FLIP-DS-MARKETING-DONE-03.png 1500w, https:\/\/ayaneo.co\/wp-content\/uploads\/2024\/03\/AYANEO-FLIP-DS-MARKETING-DONE-03-150x135.png 150w, https:\/\/ayaneo.co\/wp-content\/uploads\/2024\/03\/AYANEO-FLIP-DS-MARKETING-DONE-03-600x538.png 600w, https:\/\/ayaneo.co\/wp-content\/uploads\/2024\/03\/AYANEO-FLIP-DS-MARKETING-DONE-03-300x269.png 300w, https:\/\/ayaneo.co\/wp-content\/uploads\/2024\/03\/AYANEO-FLIP-DS-MARKETING-DONE-03-1024x919.png 1024w, https:\/\/ayaneo.co\/wp-content\/uploads\/2024\/03\/AYANEO-FLIP-DS-MARKETING-DONE-03-768x689.png 768w, https:\/\/ayaneo.co\/wp-content\/uploads\/2024\/03\/AYANEO-FLIP-DS-MARKETING-DONE-03-990x888.png 990w, https:\/\/ayaneo.co\/wp-content\/uploads\/2024\/03\/AYANEO-FLIP-DS-MARKETING-DONE-03-441x396.png 441w\" sizes=\"(max-width: 1500px) 100vw, 1500px\" \/><\/figure>\n\n<figure class=\"wp-block-image size-full\"><img decoding=\"async\" width=\"1500\" height=\"1004\" src=\"https:\/\/ayaneo.co\/wp-content\/uploads\/2024\/03\/AYANEO-FLIP-DS-MARKETING-DONE-02.png\" alt=\"AYANEO FLIP Marketing\" class=\"wp-image-559\" srcset=\"https:\/\/ayaneo.co\/wp-content\/uploads\/2024\/03\/AYANEO-FLIP-DS-MARKETING-DONE-02.png 1500w, https:\/\/ayaneo.co\/wp-content\/uploads\/2024\/03\/AYANEO-FLIP-DS-MARKETING-DONE-02-150x100.png 150w, https:\/\/ayaneo.co\/wp-content\/uploads\/2024\/03\/AYANEO-FLIP-DS-MARKETING-DONE-02-600x402.png 600w, https:\/\/ayaneo.co\/wp-content\/uploads\/2024\/03\/AYANEO-FLIP-DS-MARKETING-DONE-02-300x201.png 300w, https:\/\/ayaneo.co\/wp-content\/uploads\/2024\/03\/AYANEO-FLIP-DS-MARKETING-DONE-02-1024x685.png 1024w, https:\/\/ayaneo.co\/wp-content\/uploads\/2024\/03\/AYANEO-FLIP-DS-MARKETING-DONE-02-768x514.png 768w, https:\/\/ayaneo.co\/wp-content\/uploads\/2024\/03\/AYANEO-FLIP-DS-MARKETING-DONE-02-990x663.png 990w, https:\/\/ayaneo.co\/wp-content\/uploads\/2024\/03\/AYANEO-FLIP-DS-MARKETING-DONE-02-441x295.png 441w\" sizes=\"(max-width: 1500px) 100vw, 1500px\" \/><\/figure>\n\n<figure class=\"wp-block-image size-full\"><img loading=\"lazy\" decoding=\"async\" width=\"1500\" height=\"992\" src=\"https:\/\/ayaneo.co\/wp-content\/uploads\/2024\/03\/AYANEO-FLIP-KB-MARKETING-DONE-05.jpg\" alt=\"AYANEO FLIP Marketing\" class=\"wp-image-560\" srcset=\"https:\/\/ayaneo.co\/wp-content\/uploads\/2024\/03\/AYANEO-FLIP-KB-MARKETING-DONE-05.jpg 1500w, https:\/\/ayaneo.co\/wp-content\/uploads\/2024\/03\/AYANEO-FLIP-KB-MARKETING-DONE-05-150x99.jpg 150w, https:\/\/ayaneo.co\/wp-content\/uploads\/2024\/03\/AYANEO-FLIP-KB-MARKETING-DONE-05-600x397.jpg 600w, https:\/\/ayaneo.co\/wp-content\/uploads\/2024\/03\/AYANEO-FLIP-KB-MARKETING-DONE-05-300x198.jpg 300w, https:\/\/ayaneo.co\/wp-content\/uploads\/2024\/03\/AYANEO-FLIP-KB-MARKETING-DONE-05-1024x677.jpg 1024w, https:\/\/ayaneo.co\/wp-content\/uploads\/2024\/03\/AYANEO-FLIP-KB-MARKETING-DONE-05-768x508.jpg 768w, https:\/\/ayaneo.co\/wp-content\/uploads\/2024\/03\/AYANEO-FLIP-KB-MARKETING-DONE-05-990x655.jpg 990w, https:\/\/ayaneo.co\/wp-content\/uploads\/2024\/03\/AYANEO-FLIP-KB-MARKETING-DONE-05-441x292.jpg 441w\" sizes=\"(max-width: 1500px) 100vw, 1500px\" \/><\/figure>\n\n<figure class=\"wp-block-image size-full\"><img loading=\"lazy\" decoding=\"async\" width=\"1500\" height=\"1587\" src=\"https:\/\/ayaneo.co\/wp-content\/uploads\/2024\/03\/AYANEO-FLIP-KB-MARKETING-DONE-06.jpg\" alt=\"AYANEO FLIP Marketing\" class=\"wp-image-561\" srcset=\"https:\/\/ayaneo.co\/wp-content\/uploads\/2024\/03\/AYANEO-FLIP-KB-MARKETING-DONE-06.jpg 1500w, https:\/\/ayaneo.co\/wp-content\/uploads\/2024\/03\/AYANEO-FLIP-KB-MARKETING-DONE-06-150x159.jpg 150w, https:\/\/ayaneo.co\/wp-content\/uploads\/2024\/03\/AYANEO-FLIP-KB-MARKETING-DONE-06-600x635.jpg 600w, https:\/\/ayaneo.co\/wp-content\/uploads\/2024\/03\/AYANEO-FLIP-KB-MARKETING-DONE-06-284x300.jpg 284w, https:\/\/ayaneo.co\/wp-content\/uploads\/2024\/03\/AYANEO-FLIP-KB-MARKETING-DONE-06-968x1024.jpg 968w, https:\/\/ayaneo.co\/wp-content\/uploads\/2024\/03\/AYANEO-FLIP-KB-MARKETING-DONE-06-768x813.jpg 768w, https:\/\/ayaneo.co\/wp-content\/uploads\/2024\/03\/AYANEO-FLIP-KB-MARKETING-DONE-06-1452x1536.jpg 1452w, https:\/\/ayaneo.co\/wp-content\/uploads\/2024\/03\/AYANEO-FLIP-KB-MARKETING-DONE-06-990x1047.jpg 990w, https:\/\/ayaneo.co\/wp-content\/uploads\/2024\/03\/AYANEO-FLIP-KB-MARKETING-DONE-06-441x467.jpg 441w\" sizes=\"(max-width: 1500px) 100vw, 1500px\" \/><\/figure>\n\n<figure class=\"wp-block-image size-large\"><img loading=\"lazy\" decoding=\"async\" width=\"1024\" height=\"591\" src=\"https:\/\/ayaneo.co\/wp-content\/uploads\/2024\/03\/AYANEO-FLIP-DS-MARKETING-DONE-06-1024x591.png\" alt=\"AYANEO FLIP Marketing\" class=\"wp-image-562\" srcset=\"https:\/\/ayaneo.co\/wp-content\/uploads\/2024\/03\/AYANEO-FLIP-DS-MARKETING-DONE-06-1024x591.png 1024w, https:\/\/ayaneo.co\/wp-content\/uploads\/2024\/03\/AYANEO-FLIP-DS-MARKETING-DONE-06-150x87.png 150w, https:\/\/ayaneo.co\/wp-content\/uploads\/2024\/03\/AYANEO-FLIP-DS-MARKETING-DONE-06-600x346.png 600w, https:\/\/ayaneo.co\/wp-content\/uploads\/2024\/03\/AYANEO-FLIP-DS-MARKETING-DONE-06-300x173.png 300w, https:\/\/ayaneo.co\/wp-content\/uploads\/2024\/03\/AYANEO-FLIP-DS-MARKETING-DONE-06-768x443.png 768w, https:\/\/ayaneo.co\/wp-content\/uploads\/2024\/03\/AYANEO-FLIP-DS-MARKETING-DONE-06-990x572.png 990w, https:\/\/ayaneo.co\/wp-content\/uploads\/2024\/03\/AYANEO-FLIP-DS-MARKETING-DONE-06-441x255.png 441w, https:\/\/ayaneo.co\/wp-content\/uploads\/2024\/03\/AYANEO-FLIP-DS-MARKETING-DONE-06.png 1500w\" sizes=\"(max-width: 1024px) 100vw, 1024px\" \/><\/figure>\n\n<figure class=\"wp-block-image size-large\"><img loading=\"lazy\" decoding=\"async\" width=\"855\" height=\"1024\" src=\"https:\/\/ayaneo.co\/wp-content\/uploads\/2024\/03\/AYANEO-FLIP-KB-MARKETING-DONE-09-855x1024.jpg\" alt=\"AYANEO FLIP Marketing\" class=\"wp-image-563\" srcset=\"https:\/\/ayaneo.co\/wp-content\/uploads\/2024\/03\/AYANEO-FLIP-KB-MARKETING-DONE-09-855x1024.jpg 855w, https:\/\/ayaneo.co\/wp-content\/uploads\/2024\/03\/AYANEO-FLIP-KB-MARKETING-DONE-09-150x180.jpg 150w, https:\/\/ayaneo.co\/wp-content\/uploads\/2024\/03\/AYANEO-FLIP-KB-MARKETING-DONE-09-600x719.jpg 600w, https:\/\/ayaneo.co\/wp-content\/uploads\/2024\/03\/AYANEO-FLIP-KB-MARKETING-DONE-09-250x300.jpg 250w, https:\/\/ayaneo.co\/wp-content\/uploads\/2024\/03\/AYANEO-FLIP-KB-MARKETING-DONE-09-768x920.jpg 768w, https:\/\/ayaneo.co\/wp-content\/uploads\/2024\/03\/AYANEO-FLIP-KB-MARKETING-DONE-09-1282x1536.jpg 1282w, https:\/\/ayaneo.co\/wp-content\/uploads\/2024\/03\/AYANEO-FLIP-KB-MARKETING-DONE-09-990x1186.jpg 990w, https:\/\/ayaneo.co\/wp-content\/uploads\/2024\/03\/AYANEO-FLIP-KB-MARKETING-DONE-09-441x528.jpg 441w, https:\/\/ayaneo.co\/wp-content\/uploads\/2024\/03\/AYANEO-FLIP-KB-MARKETING-DONE-09.jpg 1500w\" sizes=\"(max-width: 855px) 100vw, 855px\" \/><\/figure>\n\n<figure class=\"wp-block-image size-full\"><img loading=\"lazy\" decoding=\"async\" width=\"1500\" height=\"2091\" src=\"https:\/\/ayaneo.co\/wp-content\/uploads\/2024\/03\/AYANEO-FLIP-KB-MARKETING-DONE-11.jpg\" alt=\"AYANEO FLIP Marketing\" class=\"wp-image-564\" srcset=\"https:\/\/ayaneo.co\/wp-content\/uploads\/2024\/03\/AYANEO-FLIP-KB-MARKETING-DONE-11.jpg 1500w, https:\/\/ayaneo.co\/wp-content\/uploads\/2024\/03\/AYANEO-FLIP-KB-MARKETING-DONE-11-150x209.jpg 150w, https:\/\/ayaneo.co\/wp-content\/uploads\/2024\/03\/AYANEO-FLIP-KB-MARKETING-DONE-11-600x836.jpg 600w, https:\/\/ayaneo.co\/wp-content\/uploads\/2024\/03\/AYANEO-FLIP-KB-MARKETING-DONE-11-215x300.jpg 215w, https:\/\/ayaneo.co\/wp-content\/uploads\/2024\/03\/AYANEO-FLIP-KB-MARKETING-DONE-11-735x1024.jpg 735w, https:\/\/ayaneo.co\/wp-content\/uploads\/2024\/03\/AYANEO-FLIP-KB-MARKETING-DONE-11-768x1071.jpg 768w, https:\/\/ayaneo.co\/wp-content\/uploads\/2024\/03\/AYANEO-FLIP-KB-MARKETING-DONE-11-1102x1536.jpg 1102w, https:\/\/ayaneo.co\/wp-content\/uploads\/2024\/03\/AYANEO-FLIP-KB-MARKETING-DONE-11-1469x2048.jpg 1469w, https:\/\/ayaneo.co\/wp-content\/uploads\/2024\/03\/AYANEO-FLIP-KB-MARKETING-DONE-11-990x1380.jpg 990w, https:\/\/ayaneo.co\/wp-content\/uploads\/2024\/03\/AYANEO-FLIP-KB-MARKETING-DONE-11-441x615.jpg 441w\" sizes=\"(max-width: 1500px) 100vw, 1500px\" \/><\/figure>\n\n<figure class=\"wp-block-image size-full\"><img loading=\"lazy\" decoding=\"async\" width=\"1500\" height=\"2353\" src=\"https:\/\/ayaneo.co\/wp-content\/uploads\/2024\/03\/AYANEO-FLIP-KB-MARKETING-DONE-12.jpg\" alt=\"AYANEO FLIP Marketing\" class=\"wp-image-565\" srcset=\"https:\/\/ayaneo.co\/wp-content\/uploads\/2024\/03\/AYANEO-FLIP-KB-MARKETING-DONE-12.jpg 1500w, https:\/\/ayaneo.co\/wp-content\/uploads\/2024\/03\/AYANEO-FLIP-KB-MARKETING-DONE-12-150x235.jpg 150w, https:\/\/ayaneo.co\/wp-content\/uploads\/2024\/03\/AYANEO-FLIP-KB-MARKETING-DONE-12-600x941.jpg 600w, https:\/\/ayaneo.co\/wp-content\/uploads\/2024\/03\/AYANEO-FLIP-KB-MARKETING-DONE-12-191x300.jpg 191w, https:\/\/ayaneo.co\/wp-content\/uploads\/2024\/03\/AYANEO-FLIP-KB-MARKETING-DONE-12-653x1024.jpg 653w, https:\/\/ayaneo.co\/wp-content\/uploads\/2024\/03\/AYANEO-FLIP-KB-MARKETING-DONE-12-768x1205.jpg 768w, https:\/\/ayaneo.co\/wp-content\/uploads\/2024\/03\/AYANEO-FLIP-KB-MARKETING-DONE-12-979x1536.jpg 979w, https:\/\/ayaneo.co\/wp-content\/uploads\/2024\/03\/AYANEO-FLIP-KB-MARKETING-DONE-12-1306x2048.jpg 1306w, https:\/\/ayaneo.co\/wp-content\/uploads\/2024\/03\/AYANEO-FLIP-KB-MARKETING-DONE-12-990x1553.jpg 990w, https:\/\/ayaneo.co\/wp-content\/uploads\/2024\/03\/AYANEO-FLIP-KB-MARKETING-DONE-12-441x692.jpg 441w\" sizes=\"(max-width: 1500px) 100vw, 1500px\" \/><\/figure>\n\n<figure class=\"wp-block-image size-full\"><img loading=\"lazy\" decoding=\"async\" width=\"1500\" height=\"830\" src=\"https:\/\/ayaneo.co\/wp-content\/uploads\/2024\/03\/AYANEO-FLIP-KB-MARKETING-DONE-15.jpg\" alt=\"AYANEO FLIP Marketing\" class=\"wp-image-566\" srcset=\"https:\/\/ayaneo.co\/wp-content\/uploads\/2024\/03\/AYANEO-FLIP-KB-MARKETING-DONE-15.jpg 1500w, https:\/\/ayaneo.co\/wp-content\/uploads\/2024\/03\/AYANEO-FLIP-KB-MARKETING-DONE-15-150x83.jpg 150w, https:\/\/ayaneo.co\/wp-content\/uploads\/2024\/03\/AYANEO-FLIP-KB-MARKETING-DONE-15-600x332.jpg 600w, https:\/\/ayaneo.co\/wp-content\/uploads\/2024\/03\/AYANEO-FLIP-KB-MARKETING-DONE-15-300x166.jpg 300w, https:\/\/ayaneo.co\/wp-content\/uploads\/2024\/03\/AYANEO-FLIP-KB-MARKETING-DONE-15-1024x567.jpg 1024w, https:\/\/ayaneo.co\/wp-content\/uploads\/2024\/03\/AYANEO-FLIP-KB-MARKETING-DONE-15-768x425.jpg 768w, https:\/\/ayaneo.co\/wp-content\/uploads\/2024\/03\/AYANEO-FLIP-KB-MARKETING-DONE-15-990x548.jpg 990w, https:\/\/ayaneo.co\/wp-content\/uploads\/2024\/03\/AYANEO-FLIP-KB-MARKETING-DONE-15-441x244.jpg 441w\" sizes=\"(max-width: 1500px) 100vw, 1500px\" \/><\/figure>\n\n<figure class=\"wp-block-image size-full\"><img loading=\"lazy\" decoding=\"async\" width=\"1500\" height=\"1364\" src=\"https:\/\/ayaneo.co\/wp-content\/uploads\/2024\/03\/AYANEO-FLIP-KB-MARKETING-DONE-19.jpg\" alt=\"AYANEO FLIP Marketing\" class=\"wp-image-567\" srcset=\"https:\/\/ayaneo.co\/wp-content\/uploads\/2024\/03\/AYANEO-FLIP-KB-MARKETING-DONE-19.jpg 1500w, https:\/\/ayaneo.co\/wp-content\/uploads\/2024\/03\/AYANEO-FLIP-KB-MARKETING-DONE-19-150x136.jpg 150w, https:\/\/ayaneo.co\/wp-content\/uploads\/2024\/03\/AYANEO-FLIP-KB-MARKETING-DONE-19-600x546.jpg 600w, https:\/\/ayaneo.co\/wp-content\/uploads\/2024\/03\/AYANEO-FLIP-KB-MARKETING-DONE-19-300x273.jpg 300w, https:\/\/ayaneo.co\/wp-content\/uploads\/2024\/03\/AYANEO-FLIP-KB-MARKETING-DONE-19-1024x931.jpg 1024w, https:\/\/ayaneo.co\/wp-content\/uploads\/2024\/03\/AYANEO-FLIP-KB-MARKETING-DONE-19-768x698.jpg 768w, https:\/\/ayaneo.co\/wp-content\/uploads\/2024\/03\/AYANEO-FLIP-KB-MARKETING-DONE-19-990x900.jpg 990w, https:\/\/ayaneo.co\/wp-content\/uploads\/2024\/03\/AYANEO-FLIP-KB-MARKETING-DONE-19-441x401.jpg 441w\" sizes=\"(max-width: 1500px) 100vw, 1500px\" \/><\/figure>\n\n<figure class=\"wp-block-image size-full\"><img loading=\"lazy\" decoding=\"async\" width=\"1500\" height=\"1080\" src=\"https:\/\/ayaneo.co\/wp-content\/uploads\/2024\/03\/AYANEO-FLIP-DS-MARKETING-DONE-09.png\" alt=\"AYANEO FLIP Marketing\" class=\"wp-image-568\" srcset=\"https:\/\/ayaneo.co\/wp-content\/uploads\/2024\/03\/AYANEO-FLIP-DS-MARKETING-DONE-09.png 1500w, https:\/\/ayaneo.co\/wp-content\/uploads\/2024\/03\/AYANEO-FLIP-DS-MARKETING-DONE-09-150x108.png 150w, https:\/\/ayaneo.co\/wp-content\/uploads\/2024\/03\/AYANEO-FLIP-DS-MARKETING-DONE-09-600x432.png 600w, https:\/\/ayaneo.co\/wp-content\/uploads\/2024\/03\/AYANEO-FLIP-DS-MARKETING-DONE-09-300x216.png 300w, https:\/\/ayaneo.co\/wp-content\/uploads\/2024\/03\/AYANEO-FLIP-DS-MARKETING-DONE-09-1024x737.png 1024w, https:\/\/ayaneo.co\/wp-content\/uploads\/2024\/03\/AYANEO-FLIP-DS-MARKETING-DONE-09-768x553.png 768w, https:\/\/ayaneo.co\/wp-content\/uploads\/2024\/03\/AYANEO-FLIP-DS-MARKETING-DONE-09-990x713.png 990w, https:\/\/ayaneo.co\/wp-content\/uploads\/2024\/03\/AYANEO-FLIP-DS-MARKETING-DONE-09-441x318.png 441w\" sizes=\"(max-width: 1500px) 100vw, 1500px\" \/><\/figure>\n\n<figure class=\"wp-block-image size-full\"><img loading=\"lazy\" decoding=\"async\" width=\"1500\" height=\"898\" src=\"https:\/\/ayaneo.co\/wp-content\/uploads\/2024\/03\/AYANEO-FLIP-DS-MARKETING-DONE-10.png\" alt=\"AYANEO FLIP Marketing\" class=\"wp-image-569\" srcset=\"https:\/\/ayaneo.co\/wp-content\/uploads\/2024\/03\/AYANEO-FLIP-DS-MARKETING-DONE-10.png 1500w, https:\/\/ayaneo.co\/wp-content\/uploads\/2024\/03\/AYANEO-FLIP-DS-MARKETING-DONE-10-150x90.png 150w, https:\/\/ayaneo.co\/wp-content\/uploads\/2024\/03\/AYANEO-FLIP-DS-MARKETING-DONE-10-600x359.png 600w, https:\/\/ayaneo.co\/wp-content\/uploads\/2024\/03\/AYANEO-FLIP-DS-MARKETING-DONE-10-300x180.png 300w, https:\/\/ayaneo.co\/wp-content\/uploads\/2024\/03\/AYANEO-FLIP-DS-MARKETING-DONE-10-1024x613.png 1024w, https:\/\/ayaneo.co\/wp-content\/uploads\/2024\/03\/AYANEO-FLIP-DS-MARKETING-DONE-10-768x460.png 768w, https:\/\/ayaneo.co\/wp-content\/uploads\/2024\/03\/AYANEO-FLIP-DS-MARKETING-DONE-10-990x593.png 990w, https:\/\/ayaneo.co\/wp-content\/uploads\/2024\/03\/AYANEO-FLIP-DS-MARKETING-DONE-10-441x264.png 441w\" sizes=\"(max-width: 1500px) 100vw, 1500px\" \/><\/figure>\n\n<h3 class=\"wp-block-heading\" id=\"h-introducing-the-ayaneo-flip-revolutionizing-handheld-gaming-pcs\">Tutvustame AYANEO Flip: Revolutsiooniline pihuarvutite m\u00e4ngimine<\/h3>\n\n<p>D\u00fcnaamilises m\u00e4nguvaldkonnas on AYANEO Flip murranguline h\u00fcpe edasi, mis pakub m\u00e4ngijatele liikuvuse ja suure j\u00f5udlusega m\u00e4ngude \u00fchendamist nagu kunagi varem. See uuenduslik klambriga pihuarvuti paistab silma kahe ekraaniga DS-mudeli ja klaviatuuriga varustatud KB-mudeliga, mis on m\u00f5eldud m\u00e4ngijatele, kes seavad esikohale nii kaasaskantavuse kui ka v\u00f5imsuse. K\u00e4eshoitavate m\u00e4ngude standardeid uuesti m\u00e4\u00e4ratlev AYANEO Flip pakub tipptasemel funktsioone, mis rahuldavad nii klassikaliste m\u00e4ngude entusiaste kui ka kaasaegseid m\u00e4ngijaid, kes otsivad v\u00f5rratuid m\u00e4nguelamusi liikvel olles.  <\/p>\n\n<h3 class=\"wp-block-heading\">Toote \u00fclevaade: Ultimate in Handheld Gaming: Ultimate in Handheld Gaming: Ultimate in Handheld Gaming<\/h3>\n\n<p>AYANEO Flip muudab kaasaskantavate m\u00e4nguriarvutite maastikku, \u00fchendades sujuvalt tugeva j\u00f5udluse ja minimaalse energiatarbimise. See seade, mis t\u00f6\u00f6tab AMD Ryzen 7 7840U protsessoriga, pakub kompaktses pakendis lauaarvuti tasemel m\u00e4nguelamusi. Valida saab DS-mudeli, millel on kaks 3,5-tollist IPS ekraani, mis tagab parema m\u00e4ngimise ja tootlikkuse, v\u00f5i KB-mudeli vahel, mis integreerib klaviatuuri sujuvaks navigeerimiseks ja suhtlemiseks.  <\/p>\n\n<p>See kaasaskantav m\u00e4ngukompuuter ei hiilga mitte ainult j\u00f5udluse, vaid ka ergonoomika ja kaasaskantavuse poolest, mist\u00f5ttu sobib see ideaalselt m\u00e4ngimiseks igas keskkonnas. 7-tollise 1080P IPS d\u00fcnaamilise p\u00f5hiekraaniga, kuni 64 GB LPDDR5X RAM-i ja kuni 2 TB PCIe 4.0 SSD salvestusruumiga AYANEO Flip tagab sujuva m\u00e4ngimise ja mitmek\u00fclgsuse, s\u00e4ilitades samal ajal elegantse ja kerge disaini. <\/p>\n\n<h3 class=\"wp-block-heading\">\u00dcksikasjalikud omadused: Konstrueeritud tipptaseme saavutamiseks<\/h3>\n\n<p>Tulemused: AYANEO Flip pakub erakordset j\u00f5udlust t\u00e4nu AMD Ryzen 7 7840U protsessorile v\u00f5i AMD Ryzen 7 8840U ja 780M GPU-le, mis pakub 28 W TDP, et pakkuda kaasahaaravaid m\u00e4nguelamusi erinevates m\u00e4ngudes. Peaekraani v\u00e4rskendussagedus 120 Hz ja 100% sRGB-v\u00e4rvivahemik tagavad elava ja voolava visuaali, samas kui DS-mudelil lisatav teine ekraan parandab multitegutsemist ja m\u00e4ngude juhtimist. <\/p>\n\n<p>M\u00e4lu ja m\u00e4lu: AYANEO Flip pakub kuni 64 GB RAM-i konfiguratsioone, mis tagavad v\u00e4lkkiire laadimisaja ja t\u00f5rgeteta m\u00e4ngimise. Suurep\u00e4rane 2 TB SSD pakub piisavalt ruumi ulatusliku m\u00e4ngukogumiku salvestamiseks. <\/p>\n\n<h3 class=\"wp-block-heading\">Kasutajakogemus: M\u00e4ngijate vajadustele kohandatud<\/h3>\n\n<p>AYANEO Flip&#8217;i kasutamine on nagu m\u00e4ngude tuleviku kasutamine. Windows OS-i k\u00e4ivitades toetab see suurt hulka m\u00e4nge, rakendusi ja emulaatoreid, mis teeb sellest mitmek\u00fclgse t\u00f6\u00f6riista meelelahutuseks ja tootlikkuseks. USB 4 Type-C porti, UHS-II MicroSD-kaardilugejat, Wi-Fi 6E, Bluetooth 5.2 ja OcuLink-tuge sisaldav \u00fchenduvus on sujuv ja tugev, v\u00f5imaldades GPD G1 2024 eGPU dokkimisjaamaga lauaarvutile sarnast m\u00e4ngutegevust.  <\/p>\n\n<p>DS-mudeli kasutajate jaoks parandab kahe ekraani seadistus nii m\u00e4ngimist kui ka tootlikkust, samas kui KB-mudel pakub t\u00f5husust t\u00e4nu integreeritud klaviatuurile.<\/p>\n\n<h3 class=\"wp-block-heading\">Kokkuv\u00f5te: Uus ajastu pihuarvutim\u00e4ngude valdkonnas<\/h3>\n\n<p>AYANEO Flip t\u00e4histab olulist edasiminekut kompaktsete m\u00e4nguriarvutite valdkonnas, \u00fchendades endas v\u00f5rratu j\u00f5udluse, uuendusliku disaini ja funktsionaalsuse. See seab uue standardi kaasaskantavate m\u00e4ngude jaoks, kus mobiilsus, j\u00f5udlus ja disain \u00fchendavad end, et pakkuda v\u00f5rratut m\u00e4ngukogemust. <\/p>\n\n<p>\u00c4ra j\u00e4ta kasutamata v\u00f5imalust olla k\u00e4eshoitavate m\u00e4ngude innovatsiooni esirinnas. Olenemata sellest, kas oled klassikaliste m\u00e4ngude entusiast v\u00f5i kaasaegne m\u00e4ngur, kes otsib \u00fclimat kaasaskantavat m\u00e4ngukonsooli, AYANEO Flip pakub midagi erakordset k\u00f5igile. Tellige juba praegu ja kindlustage oma koht m\u00e4ngurevolutsioonis koos AYANEO Flipiga. Saadavus on piiratud, seega tegutse kiiresti, et haarata m\u00e4ngude tulevik.   <\/p>\n","protected":false},"excerpt":{"rendered":"<ul>\n<li>AMD Ryzen\u2122 7<strong> 8840U<\/strong> &amp; Radeon 780M<\/li>\n<li><strong>kuni 64 GB<\/strong> LPDDR5X @ <strong>6400 MT\/s<\/strong><\/li>\n<li><strong>kuni 2TB<\/strong> kiire PCIe <strong>4.0<\/strong> M.2 2230 SSD <\/li>\n<li><strong> 7&#8243;<strong> 120Hz<\/strong> IPS 108<strong> 0P 40<\/strong> 0 nits puuteekraan 7&#8243; 120Hz 1080P<strong> 400 nits<\/strong> puuteekraan<\/strong><\/li>\n<li>WiFi <strong>6E<\/strong> ja Bluetooth <strong>5.2<\/strong> tugi<\/li>\n<\/ul>\n[cg_accordion title=\"MAKSUINFO\"]<\/p>\n<p>Me kasutame uusimat makset\u00f6\u00f6tlustehnoloogiat, mis v\u00f5imaldab teil kiiret ja turvalist maksmist Apple Pay, Google Pay, deebet-\/krediitkaardi, PayPali v\u00f5i BNPL-meetodite, nagu Klarna, Affirm v\u00f5i AfterPay kaudu.[\/cg_accordion]\n[cg_accordion title=\"GARANTSIOON\"]<\/p>\n<p>1 aasta garantii <a href=\"https:\/\/droix.net\/\" target=\"_blank\" rel=\"nofollow noopener\">DROIX Global<\/a> ilt teie meelerahu tagamiseks[\/cg_accordion]\n[cg_accordion title=\"HINNAKUJUNDUS, MAKSUD JA KOHALETOIMETAMINE\"]<\/p>\n<p><strong><u>M\u00e4rkus:<\/u><\/strong><\/p>\n<ul>\n<li>Ameerika \u00dchendriikide kliendid: N\u00e4idatud hind ei sisalda makse ega tollimaksu. Vastutus tollivormistuse ja sellega seotud maksude\/tollimaksude tasumise eest lasub kliendil. <\/li>\n<li>ELi kliendid: N\u00e4idatud hind sisaldab kohaldatavat MAKSU, mis v\u00f5ib s\u00f5ltuvalt teie riigist olla kuni 25%.<\/li>\n<li>Kanada kliendid: N\u00e4idatud hind sisaldab kohaldatavaid makse, mis v\u00f5ivad sisaldada 5% GST ja t\u00e4iendavaid provintsi m\u00fc\u00fcgimakse (PST), \u00fchtlustatud m\u00fc\u00fcgimaksu (HST) v\u00f5i Quebeci m\u00fc\u00fcgimaksu (QST), s\u00f5ltuvalt teie provintsist.<\/li>\n<\/ul>\n<p><strong>AINULT ELi klientidele:<\/strong> Express DDP (Delivered Duty Paid). See t\u00e4hendab: <\/p>\n<ul>\n<li>K\u00f5ik tollimaksud ja maksud sisalduvad toote lehel n\u00e4idatud hinnas.<\/li>\n<li>Te ei pea tarnimisel lisatasusid maksma.<\/li>\n<li>Harva esinevate tolliprobleemide korral tegeleb meie meeskond teie nimel tollivormistusega, et tagada sujuv tarne.<\/li>\n<p>Oluline teave tagastuste kohta:<\/p>\n<li>Kui otsustate oma tellimuse tagastada v\u00f5i taotleda raha tagasi, siis pidage meeles, et teie eest DDP tingimuste alusel makstud makse ja tollimakse ei saa tagasi maksta.<\/li>\n<p>\u00dcksikasjalikku teavet leiate meie <a href=\"https:\/\/ayaneo.co\/terms-of-service-2\/\" target=\"_blank\" rel=\"nofollow noopener\">Tingimustest<\/a>.\n<\/ul>\n<p>[\/cg_accordion]\n[cg_accordion title=\"KLIENDITUGI\"]<\/p>\n<p>Kas teil on k\u00fcsimus? Oleme l\u00fchikese teksti kaugusel sellest, et teie k\u00fcsimus oleks lahendatud!<br \/>\n[\/cg_accordion]\n[cg_accordion title=\"Pakett sisaldab\"]<\/p>\n<ul>\n<li>1x AYANEO FLIP KB \/ DS<\/li>\n<li>1x toitepistik (EL\/USA)<\/li>\n<li>1x USB Type-C kaabel<\/li>\n<li>1x kasutusjuhend<\/li>\n<\/ul>\n<p>[\/cg_accordion]\n","protected":false},"featured_media":4659,"template":"","meta":{"_acf_changed":false},"product_brand":[],"product_cat":[550],"product_tag":[],"class_list":{"0":"post-4657","1":"product","2":"type-product","3":"status-publish","4":"has-post-thumbnail","6":"product_cat-kaeshoitavad-manguriarvutid","7":"product_shipping_class-premium","8":"pa_brand-ayaneo","9":"pa_graphics-gpu-model-radeon-780m","10":"pa_operating-system-windows-11-home","11":"pa_processor-cpu-brand-amd","13":"first","14":"outofstock","15":"sale","16":"taxable","17":"shipping-taxable","18":"purchasable","19":"product-type-variable","20":"has-default-attributes"},"acf":[],"_links":{"self":[{"href":"https:\/\/ayaneo.co\/et\/wp-json\/wp\/v2\/product\/4657","targetHints":{"allow":["GET"]}}],"collection":[{"href":"https:\/\/ayaneo.co\/et\/wp-json\/wp\/v2\/product"}],"about":[{"href":"https:\/\/ayaneo.co\/et\/wp-json\/wp\/v2\/types\/product"}],"wp:featuredmedia":[{"embeddable":true,"href":"https:\/\/ayaneo.co\/et\/wp-json\/wp\/v2\/media\/4659"}],"wp:attachment":[{"href":"https:\/\/ayaneo.co\/et\/wp-json\/wp\/v2\/media?parent=4657"}],"wp:term":[{"taxonomy":"product_brand","embeddable":true,"href":"https:\/\/ayaneo.co\/et\/wp-json\/wp\/v2\/product_brand?post=4657"},{"taxonomy":"product_cat","embeddable":true,"href":"https:\/\/ayaneo.co\/et\/wp-json\/wp\/v2\/product_cat?post=4657"},{"taxonomy":"product_tag","embeddable":true,"href":"https:\/\/ayaneo.co\/et\/wp-json\/wp\/v2\/product_tag?post=4657"}],"curies":[{"name":"wp","href":"https:\/\/api.w.org\/{rel}","templated":true}]}}