{"id":47547,"date":"2026-02-16T12:19:52","date_gmt":"2026-02-16T12:19:52","guid":{"rendered":"https:\/\/ayaneo.co\/product\/usb-4-0-type-c-kaabel-2\/"},"modified":"2026-04-24T10:32:39","modified_gmt":"2026-04-24T10:32:39","slug":"usb-4-0-type-c-kaabel-2","status":"publish","type":"product","link":"https:\/\/ayaneo.co\/et\/product\/usb-4-0-type-c-kaabel-2\/","title":{"rendered":"USB 4.0 Type-C kaabel"},"content":{"rendered":"\n<h2 class=\"wp-block-heading\"><strong>USB4 kaabel USB C: \u00fclim Thunderbolt 4 toite- ja andmelahendus<\/strong><\/h2>\n\n<p>USB4-kaabel USB C on suure j\u00f5udlusega \u00fchenduslahendus, mis on loodud vastama kaasaegsete professionaalsete ja m\u00e4ngude seadistuste rangetele n\u00f5udmistele. Olenemata sellest, kas \u00fchendad k\u00f5rgekvaliteedilise MacBooki, eGPU v\u00f5i kiire SSD, tagab see kaabel, et sinu riistvara t\u00f6\u00f6tab absoluutselt tipptasemel. T\u00e4nu uusimate Thunderbolt 4 standardite integreerimisele pakub see universaalset silda k\u00f5ikidele Type-C seadmetele, pakkudes v\u00f5rratut mitmek\u00fclgsust \u00fches elegantses pakendis.  <\/p>\n\n<hr class=\"wp-block-separator has-alpha-channel-opacity\"\/>\n\n<h2 class=\"wp-block-heading\"><strong>Kogemused 40Gbps USB4 kaabli USB C kiirusega 40Gbps<\/strong><\/h2>\n\n<p>Andmeedastus saavutab selle kaabliga uued k\u00f5rgused, pakkudes kiirust kuni 40 Gbps. See on oluliselt kiirem kui tavalised USB-C alternatiivid, mis v\u00f5imaldab teil liigutada suuri faile pigem sekundite kui minutitega. Kuna see \u00fchildub t\u00e4ielikult Thunderbolt 3 ja USB 3.2-ga, saad seda kasutada suure hulga vanema ja kaasaegse riistvara puhul, ilma et see kaotaks j\u00f5udluse.  <\/p>\n\n<h2 class=\"wp-block-heading\"><strong>Kiire 240W toiteallikas suure j\u00f5udlusega s\u00fclearvutite jaoks<\/strong><\/h2>\n\n<p>Seadmete toitmine on sama t\u00f5hus kui andmete edastamine. USB4 kaabli USB C toetab PD 3.1 EPR, mis v\u00f5imaldab massiivset 240W (48V\/5A) kiirlaadimisv\u00f5imsust. See t\u00e4hendab, et see saab h\u00f5lpsasti hakkama 16-tollise MacBook Pro v\u00f5i uusimate m\u00e4ngukontorite energiavajadustega. Selleks, et tagada ohutus nende k\u00f5rgepinge\u00fclekannete ajal, on kaablis sisseehitatud E-Marker-kiip, mis juhib intelligentselt vooluvoolu ja hoiab \u00e4ra \u00fclekuumenemise.   <\/p>\n\n<hr class=\"wp-block-separator has-alpha-channel-opacity\"\/>\n\n<h2 class=\"wp-block-heading\"><strong>Visuaalne tipptase koos 8K60Hz ja Dual 4K toega<\/strong><\/h2>\n\n<p>Kui oled loominguline professionaal v\u00f5i m\u00e4nguhuviline, siis selle USB4 kaabli USB C videofunktsioonid avaldavad sulle muljet. See toetab \u00fcht 8K Ultra HD kuvarit sujuval 60 Hz v\u00e4rskendussagedusel, tagades iga detaili terava selguse. Alternatiivselt saab kaabliga juhtida kahte 4K-monitori, mis muudab selle oluliseks vahendiks mitme\u00fclesannete t\u00e4itmisel ja kaasahaaravates t\u00f6\u00f6kohtades.  <\/p>\n\n<h2 class=\"wp-block-heading\"><strong>Vastupidav ehituskvaliteet ja universaalne \u00fchilduvus<\/strong><\/h2>\n\n<p>Disaini keskmes on vastupidavus. Kaabel on valmistatud PVC- ja 48-soonelise nailonpunutisega, mis on spetsiaalselt konstrueeritud nii, et see peab vastu \u00fcle 10 000 paindele. Lisaks sellele tagab alumiiniumsulamist korpus esmaklassilise tunnetuse, kaitstes samal ajal sisemist hapnikuta vases\u00fcdant. Selline tugev konstruktsioon tagab, et USB4 kaabli USB C j\u00e4\u00e4b teie komplekti usaldusv\u00e4\u00e4rseks osaks aastateks.   <\/p>\n\n<hr class=\"wp-block-separator has-alpha-channel-opacity\"\/>\n\n<h2 class=\"wp-block-heading\"><strong>Kaitske oma USB4-kaabel USB C juba t\u00e4na<\/strong><\/h2>\n\n<p>\u00c4rge laske aeglastel andmeside kiirustel v\u00f5i n\u00f5rkadel laadimisv\u00f5imalustel oma seadistust enam tagasi hoida. See esmaklassiline kaabel on l\u00f5plik uuendus k\u00f5igile, kes kasutavad iPhone 15-seeria, iPad Pro v\u00f5i suure j\u00f5udlusega arvutit. N\u00f5udlus selle konkreetse 240 W Thunderbolt 4 spetsifikatsiooni j\u00e4rele on suur, seega tegutse kohe, et tagada oma \u00f5igeaegne k\u00e4ttesaamine. K\u00fclastage meie kauplust juba t\u00e4na, et kogeda \u00fchenduvuse tulevikku ja tagada, et teie seadmed t\u00f6\u00f6tavad alati t\u00e4isv\u00f5imsusel!   <\/p>\n","protected":false},"excerpt":{"rendered":"<ul>\n<li><strong>40 Gbps Andmed -<\/strong> \u00fclikiire \u00fclekanne suurte failide jaoks.<\/li>\n<li><strong>240W laadimine -<\/strong> PD 3.1 suure j\u00f5udlusega s\u00fclearvutite jaoks.<\/li>\n<li><strong>8K60Hz video -<\/strong> Sharp 8K v\u00f5i kahekordse 4K ekraani tugi.<\/li>\n<li><strong>E-Marker Chip -<\/strong> nutikas ohutus stabiilse toiteallika tagamiseks.<\/li>\n<li><strong>Punutud konstruktsioon -<\/strong> tugevdatud nailonist ja alumiiniumist kest.<\/li>\n<\/ul>\n[cg_accordion title=\"MAKSUINFO\"]<\/p>\n<p>Me kasutame uusimat makset\u00f6\u00f6tlustehnoloogiat, mis v\u00f5imaldab teil kiiret ja turvalist maksmist Apple Pay, Google Pay, deebet-\/krediitkaardi, PayPali v\u00f5i BNPL-meetodite, nagu Klarna, Affirm v\u00f5i AfterPay kaudu.[\/cg_accordion]\n[cg_accordion title=\"GARANTSIOON\"]<\/p>\n<p>1 aasta garantii <a href=\"https:\/\/droix.net\/\" target=\"_blank\" rel=\"nofollow noopener\">DROIX Globalilt teie meelerahu tagamiseks<\/a> [\/cg_accordion]\n[cg_accordion title=\"KVALITEEDI TAGAMINE JA L\u00c4HETAMISEELNE TESTIMINE\"]<\/p>\n<p>Klientide rahulolu tagamine k\u00f5rgeimal tasemel: Iga seade l\u00e4bib enne saatmist ranged testid ja mitmepunktilise kvaliteedikontrolli. Meie p\u00fchendunud meeskond kontrollib j\u00f5udlust, funktsionaalsust ja komponentide terviklikkust, et tagada, et teie AYANEO seade on saabumisel t\u00e4iuslikus t\u00f6\u00f6korras, tagades teile kindlustunde ja meelerahu. [\/cg_accordion]\n[cg_accordion title=\"HINNAKUJUNDUS, MAKSUD JA KOHALETOIMETAMINE\"]<\/p>\n<p><strong><u>M\u00e4rkus:<\/u><\/strong><\/p>\n<ul>\n<li>Ameerika \u00dchendriikide kliendid: N\u00e4idatud hind ei sisalda makse ega tollimaksu. Vastutus tollivormistuse ja sellega seotud maksude\/tollimaksude tasumise eest lasub kliendil. <\/li>\n<li>ELi kliendid: N\u00e4idatud hind sisaldab kohaldatavat maksu, mis v\u00f5ib s\u00f5ltuvalt teie riigist olla kuni 25%.<\/li>\n<li>Kanada kliendid: N\u00e4idatud hind sisaldab kohaldatavaid makse, mis v\u00f5ivad sisaldada 5% GST ja t\u00e4iendavaid provintsi m\u00fc\u00fcgimakse (PST), \u00fchtlustatud m\u00fc\u00fcgimaksu (HST) v\u00f5i Quebeci m\u00fc\u00fcgimaksu (QST), s\u00f5ltuvalt teie provintsist.<\/li>\n<\/ul>\n<p>Meie USA klientidele: Tellimused saadetakse DAP (Delivered At Place). Kuigi kliendid vastutavad k\u00f5igi kohaldatavate tariifide tasumise eest, tugineme meie ulatuslikele kogemustele \u00dchendkuningriigist saatmisel, et tagada, et maksate v\u00f5imalikult v\u00e4he tasu. Meie andmetel ei \u00fcleta need tasud tavaliselt 10% eseme v\u00e4\u00e4rtusest.  <\/p>\n<p><strong>AINULT ELi klientidele:<\/strong> Express DDP (Delivered Duty Paid). See t\u00e4hendab: <\/p>\n<ul>\n<li>K\u00f5ik tollimaksud ja maksud sisalduvad toote lehel n\u00e4idatud hinnas.<\/li>\n<li>Te ei pea tarnimisel lisatasusid maksma.<\/li>\n<li>Harva esinevate tolliprobleemide korral tegeleb meie meeskond teie nimel tollivormistusega, et tagada sujuv tarne.<\/li>\n<p>Oluline teave tagastuste kohta:<\/p>\n<li>Kui te otsustate oma tellimuse tagastada v\u00f5i taotleda raha tagasi, siis pidage meeles, et teie eest DDP tingimuste alusel makstud makse ja tollimakse ei saa tagasi maksta.<\/li>\n<p>\u00dcksikasjalik teave <a href=\"https:\/\/ayaneo.co\/et\/teenuse-tingimused\/\" target=\"_blank\" rel=\"nofollow noopener\">on esitatud meie Tingimustes<\/a>.\n<\/ul>\n<p>[\/cg_accordion]\n[cg_accordion title=\"KLIENDITUGI\"]<\/p>\n<p>Kas teil on k\u00fcsimus? Oleme l\u00fchikese teksti kaugusel sellest, et teie k\u00fcsimus oleks lahendatud! [\/cg_accordion]\n[cg_accordion title=\"PAKETT SISALDAB\"]<\/p>\n<ul>\n<li>1x USB 4.0 Type-C kaabel<\/li>\n<\/ul>\n<p>[\/cg_accordion]\n","protected":false},"featured_media":44985,"template":"","meta":{"_acf_changed":false},"product_brand":[],"product_cat":[557],"product_tag":[],"class_list":{"0":"post-47547","1":"product","2":"type-product","3":"status-publish","4":"has-post-thumbnail","6":"product_cat-tarvikud","7":"product_shipping_class-low-end","9":"first","10":"instock","11":"sale","12":"taxable","13":"shipping-taxable","14":"purchasable","15":"product-type-variable","16":"has-default-attributes"},"acf":[],"_links":{"self":[{"href":"https:\/\/ayaneo.co\/et\/wp-json\/wp\/v2\/product\/47547","targetHints":{"allow":["GET"]}}],"collection":[{"href":"https:\/\/ayaneo.co\/et\/wp-json\/wp\/v2\/product"}],"about":[{"href":"https:\/\/ayaneo.co\/et\/wp-json\/wp\/v2\/types\/product"}],"wp:featuredmedia":[{"embeddable":true,"href":"https:\/\/ayaneo.co\/et\/wp-json\/wp\/v2\/media\/44985"}],"wp:attachment":[{"href":"https:\/\/ayaneo.co\/et\/wp-json\/wp\/v2\/media?parent=47547"}],"wp:term":[{"taxonomy":"product_brand","embeddable":true,"href":"https:\/\/ayaneo.co\/et\/wp-json\/wp\/v2\/product_brand?post=47547"},{"taxonomy":"product_cat","embeddable":true,"href":"https:\/\/ayaneo.co\/et\/wp-json\/wp\/v2\/product_cat?post=47547"},{"taxonomy":"product_tag","embeddable":true,"href":"https:\/\/ayaneo.co\/et\/wp-json\/wp\/v2\/product_tag?post=47547"}],"curies":[{"name":"wp","href":"https:\/\/api.w.org\/{rel}","templated":true}]}}