{"id":47654,"date":"2026-03-06T12:40:46","date_gmt":"2026-03-06T12:40:46","guid":{"rendered":"https:\/\/ayaneo.co\/product\/premium-4k-60hz-usb-type-c-hdmi-adapteri-kaabel\/"},"modified":"2026-04-25T23:13:31","modified_gmt":"2026-04-25T23:13:31","slug":"premium-4k-60hz-usb-type-c-hdmi-adapteri-kaabel","status":"publish","type":"product","link":"https:\/\/ayaneo.co\/et\/product\/premium-4k-60hz-usb-type-c-hdmi-adapteri-kaabel\/","title":{"rendered":"Premium 4K 60Hz USB Type C HDMI adapteri kaabel"},"content":{"rendered":"\n<h2 class=\"wp-block-heading\">\u00dclimalt k\u00f5rglahutusega lahendus<\/h2>\n\n<p>Kogege sujuvat \u00fchenduvust 4K 60Hz USB Type C HDMI adapteri kaabliga, mis on kristallselgeks visuaalseks v\u00e4ljundiks loodud esmaklassiline lahendus. See suure j\u00f5udlusega kaabel v\u00f5imaldab teil \u00fchendada oma kaasaegsed USB-C-seadmed otse HDMI-toega kuvaritega, ilma et vajaksite t\u00e4iendavaid draivereid. Kas kasutate nutitelefoni, tahvelarvutit v\u00f5i s\u00fclearvutit, see adapter tagab lihtsa ja mugava plug-and-play-kogemuse.  <\/p>\n\n<h2 class=\"wp-block-heading\">Miks valida 4K 60Hz USB Type C HDMI adapteri kaabel teie seadistusse?<\/h2>\n\n<p>Selle usb c hdmi juhtme peamine eelis on selle toetus HDMI 2.0 standarditele. Kuna see toetab 4K-resolutsiooni 60 Hz v\u00e4rskendussagedusega, saavad kasutajad nautida uskumatult sujuvat liikumist ja teravaid pilte. Kui tavalised adapterid piiravad sageli 30 Hz, siis see 4K 60hz kaabel pakub m\u00e4ngude ja professionaalse videot\u00f6\u00f6tluse jaoks vajalikku sujuvat j\u00f5udlust. Lisaks sellele tagab \u00f5huke alumiiniumist korpus suurep\u00e4rase soojuse hajutamise, et \u00fchendus p\u00fcsiks ka pikkade seansside ajal stabiilsena.   <\/p>\n\n<h2 class=\"wp-block-heading\">T\u00e4iustatud tehnilised n\u00e4itajad ja Thunderbolt-kompatiilsus<\/h2>\n\n<p>Tehniliste omaduste poolest on 4K 60Hz USB Type C HDMI adapteri kaabel valmistatud k\u00f5rgekvaliteedilise HDMI <a href=\"https:\/\/en.wikipedia.org\/wiki\/HDMI\" target=\"_blank\" rel=\"noopener nofollow\" title=\"\">2.0 liidesega ja<\/a> vastupidava Type C isasliitmikuga. See 4K 60hz kaabel \u00fchildub t\u00e4ielikult Thunderbolt 4 ja Thunderbolt 3 portidega, mis tagab selle t\u00f5rgeteta toimimise uusimate MacBook Pro ja k\u00f5rgekvaliteediliste Windowsi s\u00fclearvutitega. Kuna see toetab DP Alt Mode&#8217;i, pakub kaabel otsest videosignaali ilma usb c hdmi multiport adapteri mahukuseta.  <\/p>\n\n<p>Lisaks sellele t\u00e4hendab HDCP 2.2 vastavus, et saate edastada kr\u00fcpteeritud 4K-sisu sellistest teenustest nagu Netflix v\u00f5i Disney+ ilma katkestusteta. 4K 60Hz USB Type C HDMI adapteri kaabel toetab ka HDR10, mis suurendab v\u00e4rvis\u00fcgavust ja kontrasti. Selle f\u00fc\u00fcsiline ehitus sisaldab 50 mm v\u00e4lisl\u00e4bim\u00f5\u00f5tu, mis tagab parema vastupidavuse, samas kui alumiiniumist korpus aitab intensiivsete seansside ajal soojuse reguleerimist.  <\/p>\n\n<h2 class=\"wp-block-heading\">Laiaulatuslik seadmete \u00fchilduvus ja \u00fchenduvusn\u00f5uded<\/h2>\n\n<p>4K 60Hz USB Type C ja HDMI adapteri kaabel on loodud mitmek\u00fclgsuse tagamiseks ja t\u00f6\u00f6tab suure hulga kaasaegse riistvaraga. Saate seda kasutada koos Apple MacBookide, iPad Pro mudelite ja Microsoft Surface&#8217;i seeria mudelitega. Lisaks toetab see k\u00f5rgekvaliteedilisi Android-seadmeid, nagu Samsung Galaxy S22 ja Note 20. 4K 60Hz USB Type C HDMI adapteri kaabel n\u00f5uab siiski videov\u00e4ljundit toetavat peremeesporti. See ei \u00fchildu selliste seadmetega nagu Samsung A-seeria v\u00f5i vanemad iPhone&#8217;id, millel puudub DP Alt Mode&#8217;i tugi.    <\/p>\n\n<h2 class=\"wp-block-heading\">Optimeerige oma professionaalseid esitlusi ja kodukino<\/h2>\n\n<p>4K 60Hz USB Type C HDMI adapteri kaabli kasutamine koosolekuassistendina v\u00f5imaldab h\u00f5lpsasti jagada ekraani suurtel ekraanidel. Sellest tulenevalt tunduvad teie aruanded ja andmete visualiseerimine kuulajatele teravamad ja professionaalsemad. Kodukeskkonnas muudab 4K 60Hz USB Type C HDMI adapteri kaabel teie mobiilim\u00e4ngu kogemuse. See projitseerib mobiiligraafika reaalajas teie telerile, mis tagab laiema visuaalse ulatuse ilma v\u00e4risemiseta.   <\/p>\n\n<hr class=\"wp-block-separator has-alpha-channel-opacity\"\/>\n\n<h2 class=\"wp-block-heading\">Kindlustage oma 4K 60Hz USB Type C HDMI adapteri kaabel juba t\u00e4na!<\/h2>\n\n<p>\u00c4rge leppige \u00e4hmase resolutsiooni v\u00f5i aeglase v\u00e4rskendussagedusega, kui saate oma digitaalset elu kohe uuendada. N\u00f5udlus 4K 60Hz USB Type C HDMI adapteri kaabli j\u00e4rele on uskumatult suur t\u00e4nu selle usaldusv\u00e4\u00e4rsusele ja suurep\u00e4rasele 4K-v\u00e4ljundile. Tellige oma juba t\u00e4na, et tagada selle olulise tehnilise tarviku \u00f5igeaegne k\u00e4ttesaamine ja hakata nautima k\u00f5rglahutusega \u00fchenduvuse tipptaset. K\u00fclastage meie kauplust n\u00fc\u00fcd, et haarata see pakkumine enne varude l\u00f5ppemist!   <\/p>\n","protected":false},"excerpt":{"rendered":"<ul>\n<li><strong>4K 60Hz UHD -<\/strong> kristallselge 4K-eraldusv\u00f5ime 60 kaadrit sekundis sujuvaks ja viivituseta vaatamiseks.<\/li>\n<li><strong>HDMI 2.0 tugi - suure ribalaiusega<\/strong> liides HDR10 ja digitaalse heli jaoks.<\/li>\n<li><strong>Plug &amp; Play -<\/strong> kohene \u00fchenduvus s\u00fclearvutite ja telefonide jaoks ilma draiveriteta.<\/li>\n<li><strong>HDCP 2.2 n\u00f5uetele vastav - voogedastage<\/strong> 4K-sisu turvaliselt Netflixist ja Disney+-st.<\/li>\n<li><strong>Alumiiniumist korpus -<\/strong> vastupidav korpus, mis on loodud soojuse hajutamise optimeerimiseks.<\/li>\n<\/ul>\n[cg_accordion title=\"MAKSUINFO\"]<\/p>\n<p>Me kasutame uusimat makset\u00f6\u00f6tlustehnoloogiat, mis v\u00f5imaldab teil kiiret ja turvalist maksmist Apple Pay, Google Pay, deebet-\/krediitkaardi, PayPali v\u00f5i BNPL-meetodite, nagu Klarna, Affirm v\u00f5i AfterPay kaudu.[\/cg_accordion]\n[cg_accordion title=\"GARANTSIOON\"]<\/p>\n<p>1 aasta garantii <a href=\"https:\/\/droix.net\/\" target=\"_blank\" rel=\"nofollow noopener\">DROIX Globalilt teie meelerahu tagamiseks<\/a> [\/cg_accordion]\n[cg_accordion title=\"KVALITEEDI TAGAMINE JA L\u00c4HETAMISEELNE TESTIMINE\"]<\/p>\n<p>Klientide rahulolu tagamine k\u00f5rgeimal tasemel: Iga seade l\u00e4bib enne saatmist ranged testid ja mitmepunktilise kvaliteedikontrolli. Meie p\u00fchendunud meeskond kontrollib j\u00f5udlust, funktsionaalsust ja komponentide terviklikkust, et tagada, et teie AYANEO seade on saabumisel t\u00e4iuslikus t\u00f6\u00f6korras, tagades teile kindlustunde ja meelerahu. [\/cg_accordion]\n[cg_accordion title=\"HINNAKUJUNDUS, MAKSUD JA KOHALETOIMETAMINE\"]<\/p>\n<p><strong><u>M\u00e4rkus:<\/u><\/strong><\/p>\n<ul>\n<li>Ameerika \u00dchendriikide kliendid: N\u00e4idatud hind ei sisalda makse ega tollimaksu. Vastutus tollivormistuse ja sellega seotud maksude\/tollimaksude tasumise eest lasub kliendil. <\/li>\n<li>ELi kliendid: N\u00e4idatud hind sisaldab kohaldatavat maksu, mis v\u00f5ib s\u00f5ltuvalt teie riigist olla kuni 25%.<\/li>\n<li>Kanada kliendid: N\u00e4idatud hind sisaldab kohaldatavaid makse, mis v\u00f5ivad sisaldada 5% GST ja t\u00e4iendavaid provintsi m\u00fc\u00fcgimakse (PST), \u00fchtlustatud m\u00fc\u00fcgimaksu (HST) v\u00f5i Quebeci m\u00fc\u00fcgimaksu (QST), s\u00f5ltuvalt teie provintsist.<\/li>\n<\/ul>\n<p>Meie USA klientidele: Tellimused saadetakse DAP (Delivered At Place). Kuigi kliendid vastutavad k\u00f5igi kohaldatavate tariifide tasumise eest, tugineme meie ulatuslikele kogemustele \u00dchendkuningriigist saatmisel, et tagada, et maksate v\u00f5imalikult v\u00e4he tasu. Meie andmetel ei \u00fcleta need tasud tavaliselt 10% eseme v\u00e4\u00e4rtusest.  <\/p>\n<p><strong>AINULT ELi klientidele:<\/strong> Express DDP (Delivered Duty Paid). See t\u00e4hendab: <\/p>\n<ul>\n<li>K\u00f5ik tollimaksud ja maksud sisalduvad toote lehel n\u00e4idatud hinnas.<\/li>\n<li>Te ei pea tarnimisel lisatasusid maksma.<\/li>\n<li>Harva esinevate tolliprobleemide korral tegeleb meie meeskond teie nimel tollivormistusega, et tagada sujuv tarne.<\/li>\n<p>Oluline teave tagastuste kohta:<\/p>\n<li>Kui te otsustate oma tellimuse tagastada v\u00f5i taotleda raha tagasi, siis pidage meeles, et teie eest DDP tingimuste alusel makstud makse ja tollimakse ei saa tagasi maksta.<\/li>\n<p>\u00dcksikasjalik teave <a href=\"https:\/\/ayaneo.co\/et\/teenuse-tingimused\/\" target=\"_blank\" rel=\"nofollow noopener\">on esitatud meie Tingimustes<\/a>.\n<\/ul>\n<p>[\/cg_accordion]\n[cg_accordion title=\"KLIENDITUGI\"]<\/p>\n<p>Kas teil on k\u00fcsimus? Oleme l\u00fchikese teksti kaugusel sellest, et teie k\u00fcsimus oleks lahendatud! [\/cg_accordion]\n[cg_accordion title=\"PAKETT SISALDAB\"]<\/p>\n<ul>\n<li>1x Premium 4K 60Hz USB Type C HDMI adapteri kaabel<\/li>\n<\/ul>\n<p>[\/cg_accordion]\n","protected":false},"featured_media":45459,"template":"","meta":{"_acf_changed":false},"product_brand":[],"product_cat":[557],"product_tag":[],"class_list":{"0":"post-47654","1":"product","2":"type-product","3":"status-publish","4":"has-post-thumbnail","6":"product_cat-tarvikud","7":"product_shipping_class-low-end","9":"first","10":"outofstock","11":"sale","12":"taxable","13":"shipping-taxable","14":"purchasable","15":"product-type-simple"},"acf":[],"_links":{"self":[{"href":"https:\/\/ayaneo.co\/et\/wp-json\/wp\/v2\/product\/47654","targetHints":{"allow":["GET"]}}],"collection":[{"href":"https:\/\/ayaneo.co\/et\/wp-json\/wp\/v2\/product"}],"about":[{"href":"https:\/\/ayaneo.co\/et\/wp-json\/wp\/v2\/types\/product"}],"wp:featuredmedia":[{"embeddable":true,"href":"https:\/\/ayaneo.co\/et\/wp-json\/wp\/v2\/media\/45459"}],"wp:attachment":[{"href":"https:\/\/ayaneo.co\/et\/wp-json\/wp\/v2\/media?parent=47654"}],"wp:term":[{"taxonomy":"product_brand","embeddable":true,"href":"https:\/\/ayaneo.co\/et\/wp-json\/wp\/v2\/product_brand?post=47654"},{"taxonomy":"product_cat","embeddable":true,"href":"https:\/\/ayaneo.co\/et\/wp-json\/wp\/v2\/product_cat?post=47654"},{"taxonomy":"product_tag","embeddable":true,"href":"https:\/\/ayaneo.co\/et\/wp-json\/wp\/v2\/product_tag?post=47654"}],"curies":[{"name":"wp","href":"https:\/\/api.w.org\/{rel}","templated":true}]}}