{"id":47676,"date":"2026-03-23T10:44:43","date_gmt":"2026-03-23T10:44:43","guid":{"rendered":"https:\/\/ayaneo.co\/product\/usb5-kaabel-80gbps-240w-8k-60hz-thunderbolt-5-uhilduvusega\/"},"modified":"2026-04-28T06:11:17","modified_gmt":"2026-04-28T06:11:17","slug":"usb5-kaabel-80gbps-240w-8k-60hz-thunderbolt-5-uhilduvusega","status":"publish","type":"product","link":"https:\/\/ayaneo.co\/et\/product\/usb5-kaabel-80gbps-240w-8k-60hz-thunderbolt-5-uhilduvusega\/","title":{"rendered":"USB5 kaabel 80Gbps 240W | 8K 60Hz Thunderbolt 5 \u00fchilduvusega"},"content":{"rendered":"\n<h2 class=\"wp-block-heading\">USB5 kaabel 80Gbps 240W: \u00fclim Thunderbolt 5 lahendus professionaalsete t\u00f6\u00f6voogude jaoks<\/h2>\n\n<p id=\"p-rc_98f34dcd8f33ef71-24\"><strong>USB5 Cable 80Gbps 240W kujutab endast<\/strong> v\u00f5imsate kasutajate jaoks monumentaalset h\u00fcpet \u00fchenduvustehnoloogias. Kuna kaasaegne riistvara n\u00f5uab enneolematuid kiirusi, on see kaabel konstrueeritud vastavalt uusimatele Thunderbolt 5 ja USB4 2.0 standarditele. See pakub tohutut 80 Gbps kahesuunalist ribalaiust, mis kahekordistab t\u00f5husalt eelmiste p\u00f5lvkondade j\u00f5udlust.  <sup><\/sup>  Sellest tulenevalt saate n\u00fc\u00fcd edastada massiivseid 8K-videofaile v\u00f5i projektiraamatukogusid vaid murdosa ajast, mis varem selleks kulus.<\/p>\n\n<h2 class=\"wp-block-heading\">Kuidas optimeerib USB5 kaabel 80Gbps 240W teie ekraani seadistust?<\/h2>\n\n<p id=\"p-rc_98f34dcd8f33ef71-25\">Visuaalvaldkonna professionaalid leiavad, et <strong>USB5 kaabel 80Gbps 240W on<\/strong> oluline vahend suure eraldusv\u00f5imega multitaskinguks. See kaabel toetab t\u00e4iustatud DisplayPort 2.1 protokolli, v\u00f5imaldades \u00fche 8K 60Hz v\u00e4ljundi v\u00f5i isegi kaks 8K konfiguratsiooni. <sup><\/sup>  Lisaks sellele saab uuendusliku &#8220;Bandwidth Boost\" tehnoloogia abil andmesidekanalid \u00fcmber konfigureerida.<sup><\/sup>  See v\u00f5imaldab kaablile pakkuda kuni 120 Gbps ekraani raskete \u00fclesannete t\u00e4itmiseks, s\u00e4ilitades samal ajal tugeva 40 Gbps andmeside tagasisaatmise.<sup><\/sup><\/p>\n\n<p>Selline paindlikkus parandab oluliselt professionaalset t\u00f6\u00f6voogu. Suure v\u00e4rskendussagedusega monitori juhtimisel <strong>tagab<\/strong> USB5 <strong>Cable 80Gbps 240W<\/strong>, et v\u00e4line m\u00e4lu j\u00e4\u00e4b reageerimisv\u00f5imeliseks. T\u00e4nu PAM3-signaali kodeerimisele s\u00e4ilib andmete terviklikkus ka sellistel kiirustel. Seet\u00f5ttu muutuvad v\u00e4risevad ekraanid ja andmekorruptsioon mineviku probleemiks.   <\/p>\n\n<h2 class=\"wp-block-heading\">V\u00f5rratu 240W v\u00f5imsus ja ehituskvaliteet<\/h2>\n\n<p id=\"p-rc_98f34dcd8f33ef71-26\">Selle uue standardiga on laadimisv\u00f5imalusi radikaalselt parandatud. <strong>USB5 Cable 80Gbps 240W toetab<\/strong> uusimaid PD 3.1 Extended Power Range (EPR) spetsifikatsioone.<sup><\/sup> See t\u00e4hendab, et kuni 240 W v\u00f5imsus saab turvaliselt l\u00e4bi kaabli teie seadmesse suunata. Selle tulemusel saab isegi k\u00f5ige energiamahukamaid m\u00e4ngukontoreid laadida t\u00e4iskiirusel, ilma et oleks vaja patenteeritud &#8220;telliskivipistikut\".  <\/p>\n\n<p id=\"p-rc_98f34dcd8f33ef71-27\"><strong>USB5 Cable 80Gbps 240W<\/strong> projekteerimisel oli selgelt prioriteediks vastupidavus <strong>.<\/strong> Sisemine juhtmestik on kaitstud suure tihedusega punutud sulamist varjestusega, et v\u00e4hendada elektromagnetilisi h\u00e4ireid. <sup><\/sup>  Lisaks on v\u00e4limine \u00fcmbris valmistatud painduvast TPEst, mis on testitud \u00fcle 2000 painutusts\u00fckli.<sup><\/sup>  Kuna pistikud on nikeldatud, on need arvestatud \u00fcle 10 000 sisestuse, tagades usaldusv\u00e4\u00e4rse \u00fchenduse aastateks.<\/p>\n\n<h2 class=\"wp-block-heading\">Tulevikukindlus USB5 kaabli 80Gbps 240W abil<\/h2>\n\n<p id=\"p-rc_98f34dcd8f33ef71-28\">Selle mitmek\u00fclgse tarviku puhul ei ole \u00fchilduvus kunagi probleemiks. Kuigi see on ehitatud tuleviku jaoks, <strong>on<\/strong> USB5 <strong>Cable 80Gbps 240W t\u00e4ielikult<\/strong> \u00fchilduv <a href=\"https:\/\/www.intel.com\/content\/www\/us\/en\/gaming\/resources\/upgrade-gaming-accessories-thunderbolt-4.html\" target=\"_blank\" rel=\"noopener nofollow\" title=\"\">Thunderbolt 4 ja<\/a><a href=\"https:\/\/www.thunderbolttechnology.net\/blog\/thunderbolt-3-usb-c-does-it-all\" target=\"_blank\" rel=\"noopener nofollow\" title=\"\"> Thunderbolt 3 seadmetega<\/a>. Samuti toimib see suurep\u00e4raselt USB4, USB 3.2 ja standardse USB-C porti kasutades. Olenemata sellest, kas \u00fchendad PCIe 4.0 kaudu tipptasemel eGPU-d v\u00f5i lihtsalt s\u00fcnkroonid mobiiltelefoni, on j\u00f5udlus alati optimaalne.   <\/p>\n\n<p>\u00c4rge laske kehvemal kaabeldusel oma tipptasemel riistvara kitsendada ja teie loomingulist protsessi aeglustada. Sa peaksid <strong>juba t\u00e4na<\/strong> kindlustama oma <strong>USB5 kaabli 80Gbps 240W<\/strong>, et tagada, et j\u00e4\u00e4ksid ajast ettepoole. Selle j\u00e4rgmise p\u00f5lvkonna tehnoloogia varud liiguvad kiiresti, seega tegutsege kohe, et teie t\u00f6\u00f6jaam oleks valmis 80Gbps revolutsiooniks. Kogege kiiruse ja v\u00f5imsuse tippu, tellides meie poest juba t\u00e4na!   <\/p>\n\n<p><\/p>\n","protected":false},"excerpt":{"rendered":"<ul>\n<li><strong>80 Gbps Pro Data -<\/strong> \u00fclikiire kahesuunaline andmeedastus suurte failide jaoks.<\/li>\n<li><strong>240 W EPR-laadimine -<\/strong> t\u00e4ielik PD 3.1 tugi suure j\u00f5udlusega s\u00fclearvutite jaoks.<\/li>\n<li><strong>8K@60Hz visuaal -<\/strong> kaasahaarav 8K v\u00f5i kahekordne 4K-ekraan DisplayPort 2.1 kaudu.<\/li>\n<li><strong>E-Mark Safety IC -<\/strong> Intelligentne kiibistik tagab stabiilse, soojusreguleeritud v\u00f5imsuse.<\/li>\n<li><strong>Tsingisulam ja punutud konstruktsioon -<\/strong> Premium tugevdatud disain maksimaalse vastupidavuse tagamiseks.<\/li>\n<\/ul>\n[cg_accordion title=\"MAKSUINFO\"]<\/p>\n<p>Me kasutame uusimat makset\u00f6\u00f6tlustehnoloogiat, mis v\u00f5imaldab teil kiiret ja turvalist maksmist Apple Pay, Google Pay, deebet-\/krediitkaardi, PayPali v\u00f5i BNPL-meetodite, nagu Klarna, Affirm v\u00f5i AfterPay kaudu.[\/cg_accordion]\n[cg_accordion title=\"GARANTSIOON\"]<\/p>\n<p>1 aasta garantii <a href=\"https:\/\/droix.net\/\" target=\"_blank\" rel=\"nofollow noopener\">DROIX Globalilt teie meelerahu tagamiseks<\/a> [\/cg_accordion]\n[cg_accordion title=\"KVALITEEDI TAGAMINE JA L\u00c4HETAMISEELNE TESTIMINE\"]<\/p>\n<p>Klientide rahulolu tagamine k\u00f5rgeimal tasemel: Iga seade l\u00e4bib enne saatmist ranged testid ja mitmepunktilise kvaliteedikontrolli. Meie p\u00fchendunud meeskond kontrollib j\u00f5udlust, funktsionaalsust ja komponentide terviklikkust, et tagada, et teie AYANEO seade on saabumisel t\u00e4iuslikus t\u00f6\u00f6korras, tagades teile kindlustunde ja meelerahu. [\/cg_accordion]\n[cg_accordion title=\"HINNAKUJUNDUS, MAKSUD JA KOHALETOIMETAMINE\"]<\/p>\n<p><strong><u>M\u00e4rkus:<\/u><\/strong><\/p>\n<ul>\n<li>Ameerika \u00dchendriikide kliendid: N\u00e4idatud hind ei sisalda makse ega tollimaksu. Vastutus tollivormistuse ja sellega seotud maksude\/tollimaksude tasumise eest lasub kliendil. <\/li>\n<li>ELi kliendid: N\u00e4idatud hind sisaldab kohaldatavat maksu, mis v\u00f5ib s\u00f5ltuvalt teie riigist olla kuni 25%.<\/li>\n<li>Kanada kliendid: N\u00e4idatud hind sisaldab kohaldatavaid makse, mis v\u00f5ivad sisaldada 5% GST ja t\u00e4iendavaid provintsi m\u00fc\u00fcgimakse (PST), \u00fchtlustatud m\u00fc\u00fcgimaksu (HST) v\u00f5i Quebeci m\u00fc\u00fcgimaksu (QST), s\u00f5ltuvalt teie provintsist.<\/li>\n<\/ul>\n<p>Meie USA klientidele: Tellimused saadetakse DAP (Delivered At Place). Kuigi kliendid vastutavad k\u00f5igi kohaldatavate tariifide tasumise eest, tugineme meie ulatuslikele kogemustele \u00dchendkuningriigist saatmisel, et tagada, et maksate v\u00f5imalikult v\u00e4he tasu. Meie andmetel ei \u00fcleta need tasud tavaliselt 10% eseme v\u00e4\u00e4rtusest.  <\/p>\n<p><strong>AINULT ELi klientidele:<\/strong> Express DDP (Delivered Duty Paid). See t\u00e4hendab: <\/p>\n<ul>\n<li>K\u00f5ik tollimaksud ja maksud sisalduvad toote lehel n\u00e4idatud hinnas.<\/li>\n<li>Te ei pea tarnimisel lisatasusid maksma.<\/li>\n<li>Harva esinevate tolliprobleemide korral tegeleb meie meeskond teie nimel tollivormistusega, et tagada sujuv tarne.<\/li>\n<p>Oluline teave tagastuste kohta:<\/p>\n<li>Kui te otsustate oma tellimuse tagastada v\u00f5i taotleda raha tagasi, siis pidage meeles, et teie eest DDP tingimuste alusel makstud makse ja tollimakse ei saa tagasi maksta.<\/li>\n<p>\u00dcksikasjalik teave <a href=\"https:\/\/ayaneo.co\/et\/teenuse-tingimused\/\" target=\"_blank\" rel=\"nofollow noopener\">on esitatud meie Tingimustes<\/a>.\n<\/ul>\n<p>[\/cg_accordion]\n[cg_accordion title=\"KLIENDITUGI\"]<\/p>\n<p>Kas teil on k\u00fcsimus? Oleme l\u00fchikese teksti kaugusel sellest, et teie k\u00fcsimus oleks lahendatud! [\/cg_accordion]\n[cg_accordion title=\"PAKETT SISALDAB\"]<\/p>\n<ul>\n<li>1x USB5 Type-C kaabel | 80Gbps 240W (1m)<\/li>\n<\/ul>\n<p>[\/cg_accordion]\n","protected":false},"featured_media":45896,"template":"","meta":{"_acf_changed":false},"product_brand":[],"product_cat":[557],"product_tag":[],"class_list":{"0":"post-47676","1":"product","2":"type-product","3":"status-publish","4":"has-post-thumbnail","6":"product_cat-tarvikud","7":"product_shipping_class-low-end","9":"first","10":"instock","11":"sale","12":"taxable","13":"shipping-taxable","14":"purchasable","15":"product-type-simple"},"acf":[],"_links":{"self":[{"href":"https:\/\/ayaneo.co\/et\/wp-json\/wp\/v2\/product\/47676","targetHints":{"allow":["GET"]}}],"collection":[{"href":"https:\/\/ayaneo.co\/et\/wp-json\/wp\/v2\/product"}],"about":[{"href":"https:\/\/ayaneo.co\/et\/wp-json\/wp\/v2\/types\/product"}],"wp:featuredmedia":[{"embeddable":true,"href":"https:\/\/ayaneo.co\/et\/wp-json\/wp\/v2\/media\/45896"}],"wp:attachment":[{"href":"https:\/\/ayaneo.co\/et\/wp-json\/wp\/v2\/media?parent=47676"}],"wp:term":[{"taxonomy":"product_brand","embeddable":true,"href":"https:\/\/ayaneo.co\/et\/wp-json\/wp\/v2\/product_brand?post=47676"},{"taxonomy":"product_cat","embeddable":true,"href":"https:\/\/ayaneo.co\/et\/wp-json\/wp\/v2\/product_cat?post=47676"},{"taxonomy":"product_tag","embeddable":true,"href":"https:\/\/ayaneo.co\/et\/wp-json\/wp\/v2\/product_tag?post=47676"}],"curies":[{"name":"wp","href":"https:\/\/api.w.org\/{rel}","templated":true}]}}