{"id":48740,"date":"2026-05-08T12:11:58","date_gmt":"2026-05-08T12:11:58","guid":{"rendered":"https:\/\/ayaneo.co\/product\/droix-140w-usb-c-seinalaadija\/"},"modified":"2026-05-13T11:39:56","modified_gmt":"2026-05-13T11:39:56","slug":"droix-140w-usb-c-seinalaadija","status":"publish","type":"product","link":"https:\/\/ayaneo.co\/et\/product\/droix-140w-usb-c-seinalaadija\/","title":{"rendered":"DROIX 140W USB-C seinalaadija"},"content":{"rendered":"\n<div class=\"wp-block-columns is-layout-flex wp-container-core-columns-is-layout-28f84493 wp-block-columns-is-layout-flex\">\n<div class=\"wp-block-column is-layout-flow wp-block-column-is-layout-flow\" style=\"flex-basis:33.33%\">\n<figure class=\"wp-block-image size-large\"><a href=\"https:\/\/ayaneo.co\/wp-content\/uploads\/2026\/05\/DROIX-140W-BLACK-DONE-01.png\"><img fetchpriority=\"high\" decoding=\"async\" width=\"1024\" height=\"1024\" src=\"https:\/\/ayaneo.co\/wp-content\/uploads\/2026\/05\/DROIX-140W-BLACK-DONE-01-1024x1024.png\" alt=\"&#xDC;ksikasjalik tooterender kahest DROIX 140W GaN-seinalaadijast erinevatest vaatenurkadest, mis on kujutatud mustal taustal. Esiplaanil olev laadija on esikolmnurga vaates. See on mattmust plokk, mille vasakul k&#xFC;ljel on osaliselt v&#xE4;lja t&#xF5;mmatud USA kokkuklapitav pistik. K&#xFC;ljel on silmatorkav valge tekst &quot;CHARGER 140W&quot;, mille kohal on suur &quot;O&quot; ja v&#xE4;ike &quot;140&quot; ning selle all DROIXi logo. Esik&#xFC;ljel on must l&#xE4;ikiv esik&#xFC;lg, millel on keskne &#xFC;mmargune n&#xE4;idik, millel on d&#xFC;naamiline vikerkaarev&#xE4;rviline ring valge teksti &quot;140 W&quot; ja v&#xE4;ikese rohelise laadimiss&#xFC;mboli &#xFC;mber. Ekraani all on nupp v&#xF5;i LED-indikaator. Laadija taustal on tagumine kolmveerandvaade, millel on n&#xE4;ha pordid ja tekstidetailid. Sellel on v&#xE4;ikese valge tekstiga loetletud ulatuslikud mitmeridailised tehnilised andmed ja ohutussertifikaadid (n&#xE4;iteks mudelinumber, pinge\/voolutugevus ning CE-, FCC- ja UKCA-m&#xE4;rgised). See seade n&#xE4;itab oma nelja v&#xE4;ljundporti: &#xFC;lalt alla &#xFC;ks oran&#x17E;ika aktsendiga USB-A port, mis on m&#xE4;rgistatud v&#xE4;ikese tekstiga &quot;22.5W Max&quot;, millele j&#xE4;rgnevad kolm USB-C porti, mis on m&#xE4;rgistatud j&#xE4;rjekorras &quot;40W&quot;, &quot;100W&quot; ja &quot;140W&quot;. M&#xF5;lemal seadmel on &#xFC;lemised ventilatsiooniv&#xF5;re. See kompositsioon annab tervikliku &#xFC;levaate laadija kaubam&#xE4;rgist, ekraanist ja portide v&#xF5;imalustest.          \" class=\"wp-image-47708\" srcset=\"https:\/\/ayaneo.co\/wp-content\/uploads\/2026\/05\/DROIX-140W-BLACK-DONE-01-1024x1024.png 1024w, https:\/\/ayaneo.co\/wp-content\/uploads\/2026\/05\/DROIX-140W-BLACK-DONE-01-300x300.png 300w, https:\/\/ayaneo.co\/wp-content\/uploads\/2026\/05\/DROIX-140W-BLACK-DONE-01-150x150.png 150w, https:\/\/ayaneo.co\/wp-content\/uploads\/2026\/05\/DROIX-140W-BLACK-DONE-01-768x768.png 768w, https:\/\/ayaneo.co\/wp-content\/uploads\/2026\/05\/DROIX-140W-BLACK-DONE-01-65x65.png 65w, https:\/\/ayaneo.co\/wp-content\/uploads\/2026\/05\/DROIX-140W-BLACK-DONE-01-990x990.png 990w, https:\/\/ayaneo.co\/wp-content\/uploads\/2026\/05\/DROIX-140W-BLACK-DONE-01-441x441.png 441w, https:\/\/ayaneo.co\/wp-content\/uploads\/2026\/05\/DROIX-140W-BLACK-DONE-01-100x100.png 100w, https:\/\/ayaneo.co\/wp-content\/uploads\/2026\/05\/DROIX-140W-BLACK-DONE-01-600x600.png 600w, https:\/\/ayaneo.co\/wp-content\/uploads\/2026\/05\/DROIX-140W-BLACK-DONE-01.png 1500w\" sizes=\"(max-width: 1024px) 100vw, 1024px\" \/><\/a><\/figure>\n<\/div>\n\n\n\n<div class=\"wp-block-column is-layout-flow wp-block-column-is-layout-flow\" style=\"flex-basis:66.66%\">\n<h2 class=\"wp-block-heading\"><strong><strong>DROIX 140W USB-C GaN seinalaadija: \u00dclimalt suure j\u00f5udlusega toiteplokk<\/strong><\/strong><\/h2>\n\n\n\n<p>DROIX 140W USB-C seinalaadija on l\u00f5plik vastus &#8220;laadija segadusele\". J\u00e4rgmise p\u00f5lvkonna elektritarbijate jaoks loodud kompaktne j\u00f5ujaam kasutab Galliumnitriidist (GaN) pooljuhte, et pakkuda tohutut v\u00f5imsust ilma traditsiooniliste r\u00e4niplokkide mahuta. Olenemata sellest, kas te surute suure j\u00f5udlusega AYANEO <a href=\"https:\/\/ayaneo.co\/et\/product\/ayaneo-3\/\" target=\"_blank\" rel=\"noreferrer noopener\">3 piiri peale<\/a> v\u00f5i laadite kiiresti professionaalset s\u00fclearvutit, pakub see laadija tippv\u00f5imsuse saavutamiseks vajalikku peav\u00f5imsust. H\u00fcvasti ei ole enam vaja kotti t\u00e4is sobimatuid adaptereid ja tere tulemast \u00fche elegantse ja suure t\u00f5hususega lahenduse juurde.   <\/p>\n<\/div>\n<\/div>\n\n<h2 class=\"wp-block-heading has-text-align-center\"><strong>Avastage, miks DROIX 140W USB-C seinalaadija on teie k\u00f5ige olulisem globaalne kaaslane<\/strong><\/h2>\n\n<div class=\"wp-block-columns is-layout-flex wp-container-core-columns-is-layout-28f84493 wp-block-columns-is-layout-flex\">\n<div class=\"wp-block-column is-layout-flow wp-block-column-is-layout-flow\">\n<figure class=\"wp-block-image size-large\"><a href=\"https:\/\/ayaneo.co\/wp-content\/uploads\/2026\/05\/DROIX-140W-MARKETING-DONE-05.jpg\"><img decoding=\"async\" width=\"1024\" height=\"1024\" src=\"https:\/\/ayaneo.co\/wp-content\/uploads\/2026\/05\/DROIX-140W-MARKETING-DONE-05-1024x1024.jpg\" alt=\"Droix 140W laadija koos kokkupandava ELi\/USA pistikuga ja m&#xF5;&#xF5;tmetega, mis on n&#xE4;idatud valgel taustal.\" class=\"wp-image-47738\" srcset=\"https:\/\/ayaneo.co\/wp-content\/uploads\/2026\/05\/DROIX-140W-MARKETING-DONE-05-1024x1024.jpg 1024w, https:\/\/ayaneo.co\/wp-content\/uploads\/2026\/05\/DROIX-140W-MARKETING-DONE-05-300x300.jpg 300w, https:\/\/ayaneo.co\/wp-content\/uploads\/2026\/05\/DROIX-140W-MARKETING-DONE-05-150x150.jpg 150w, https:\/\/ayaneo.co\/wp-content\/uploads\/2026\/05\/DROIX-140W-MARKETING-DONE-05-768x768.jpg 768w, https:\/\/ayaneo.co\/wp-content\/uploads\/2026\/05\/DROIX-140W-MARKETING-DONE-05-65x65.jpg 65w, https:\/\/ayaneo.co\/wp-content\/uploads\/2026\/05\/DROIX-140W-MARKETING-DONE-05-990x990.jpg 990w, https:\/\/ayaneo.co\/wp-content\/uploads\/2026\/05\/DROIX-140W-MARKETING-DONE-05-441x441.jpg 441w, https:\/\/ayaneo.co\/wp-content\/uploads\/2026\/05\/DROIX-140W-MARKETING-DONE-05-100x100.jpg 100w, https:\/\/ayaneo.co\/wp-content\/uploads\/2026\/05\/DROIX-140W-MARKETING-DONE-05-600x600.jpg 600w, https:\/\/ayaneo.co\/wp-content\/uploads\/2026\/05\/DROIX-140W-MARKETING-DONE-05.jpg 1500w\" sizes=\"(max-width: 1024px) 100vw, 1024px\" \/><\/a><\/figure>\n<\/div>\n\n\n\n<div class=\"wp-block-column is-layout-flow wp-block-column-is-layout-flow\">\n<figure class=\"wp-block-image size-large\"><a href=\"https:\/\/ayaneo.co\/wp-content\/uploads\/2026\/05\/DROIX-140W-MARKETING-DONE-012.jpg\"><img decoding=\"async\" width=\"1024\" height=\"1024\" src=\"https:\/\/ayaneo.co\/wp-content\/uploads\/2026\/05\/DROIX-140W-MARKETING-DONE-012-1024x1024.jpg\" alt=\"DROIX 140W USB-C seinalaadija, mis on &#xFC;hendatud seinapistikupessa ja laeb samaaegselt nelja seadet, sealhulgas s&#xFC;learvutit, tahvelarvutit, nutitelefoni ja nutikella. Pildil on esile toodud &quot;4 seadme samaaegse laadimise&quot; v&#xF5;imalus, mille puhul on seadme p&#xF5;hja &#xFC;hendatud neli kaablit. \" class=\"wp-image-47768\" srcset=\"https:\/\/ayaneo.co\/wp-content\/uploads\/2026\/05\/DROIX-140W-MARKETING-DONE-012-1024x1024.jpg 1024w, https:\/\/ayaneo.co\/wp-content\/uploads\/2026\/05\/DROIX-140W-MARKETING-DONE-012-300x300.jpg 300w, https:\/\/ayaneo.co\/wp-content\/uploads\/2026\/05\/DROIX-140W-MARKETING-DONE-012-150x150.jpg 150w, https:\/\/ayaneo.co\/wp-content\/uploads\/2026\/05\/DROIX-140W-MARKETING-DONE-012-768x768.jpg 768w, https:\/\/ayaneo.co\/wp-content\/uploads\/2026\/05\/DROIX-140W-MARKETING-DONE-012-65x65.jpg 65w, https:\/\/ayaneo.co\/wp-content\/uploads\/2026\/05\/DROIX-140W-MARKETING-DONE-012-990x990.jpg 990w, https:\/\/ayaneo.co\/wp-content\/uploads\/2026\/05\/DROIX-140W-MARKETING-DONE-012-441x441.jpg 441w, https:\/\/ayaneo.co\/wp-content\/uploads\/2026\/05\/DROIX-140W-MARKETING-DONE-012-100x100.jpg 100w, https:\/\/ayaneo.co\/wp-content\/uploads\/2026\/05\/DROIX-140W-MARKETING-DONE-012-600x600.jpg 600w, https:\/\/ayaneo.co\/wp-content\/uploads\/2026\/05\/DROIX-140W-MARKETING-DONE-012.jpg 1500w\" sizes=\"(max-width: 1024px) 100vw, 1024px\" \/><\/a><\/figure>\n<\/div>\n<\/div>\n\n<p class=\"has-text-align-left\">Meie disaini keskmes on kaasaskantavus. DROIX 140W USB-C GaN-laadija on vaid 71 mm pikkune ja seega oluliselt v\u00e4iksem kui tavaline 16-tolline s\u00fclearvuti tellis, kuid see on siiski piisavalt tugev, et laadida MacBook Pro 16-tolline s\u00fclearvuti t\u00e4isv\u00f5imsusel. <\/p>\n\n<p class=\"has-text-align-left\">Uuenduslik sisselukustuv s\u00fcsteem on rahvusvahelisel reisimisel m\u00e4nguvahetuseks. Saate h\u00f5lpsasti ja sekunditega vahetada \u00dchendkuningriigi, ELi, USA ja Austraalia pistikute vahel. Londonis asuvast kohvikust Sydney hotelli v\u00f5id reisida t\u00e4iesti kindlalt, teades, et sinu iPhone 16, iPhone 17 ja Nintendo Switch 2 on alati vooluga varustatud ja kasutusvalmis.  <\/p>\n\n<h2 class=\"wp-block-heading has-text-align-center\"><strong>Optimeeritud energiajaotus DROIX 140W USB-C seinalaadija abil<\/strong><\/h2>\n\n<div class=\"wp-block-columns is-layout-flex wp-container-core-columns-is-layout-28f84493 wp-block-columns-is-layout-flex\">\n<div class=\"wp-block-column is-layout-flow wp-block-column-is-layout-flow\">\n<figure class=\"wp-block-image size-large\"><a href=\"https:\/\/ayaneo.co\/wp-content\/uploads\/2026\/05\/DROIX-140W-MARKETING-DONE-011.jpg\"><img loading=\"lazy\" decoding=\"async\" width=\"1024\" height=\"1024\" src=\"https:\/\/ayaneo.co\/wp-content\/uploads\/2026\/05\/DROIX-140W-MARKETING-DONE-011-1024x1024.jpg\" alt=\"H&#xF5;bedast DROIX 140W laadijast tehtud l&#xE4;hivaade, millel on neli porti ja integreeritud ekraan. Tekstis on r&#xF5;hutatud &quot;140W PD 3.1&quot; tehnoloogiat, r&#xF5;hutades selle v&#xF5;imet automaatseks kohandamiseks ja suure j&#xF5;udlusega s&#xFC;learvutite kiirlaadimiseks. \" class=\"wp-image-47798\" srcset=\"https:\/\/ayaneo.co\/wp-content\/uploads\/2026\/05\/DROIX-140W-MARKETING-DONE-011-1024x1024.jpg 1024w, https:\/\/ayaneo.co\/wp-content\/uploads\/2026\/05\/DROIX-140W-MARKETING-DONE-011-300x300.jpg 300w, https:\/\/ayaneo.co\/wp-content\/uploads\/2026\/05\/DROIX-140W-MARKETING-DONE-011-150x150.jpg 150w, https:\/\/ayaneo.co\/wp-content\/uploads\/2026\/05\/DROIX-140W-MARKETING-DONE-011-768x768.jpg 768w, https:\/\/ayaneo.co\/wp-content\/uploads\/2026\/05\/DROIX-140W-MARKETING-DONE-011-65x65.jpg 65w, https:\/\/ayaneo.co\/wp-content\/uploads\/2026\/05\/DROIX-140W-MARKETING-DONE-011-990x990.jpg 990w, https:\/\/ayaneo.co\/wp-content\/uploads\/2026\/05\/DROIX-140W-MARKETING-DONE-011-441x441.jpg 441w, https:\/\/ayaneo.co\/wp-content\/uploads\/2026\/05\/DROIX-140W-MARKETING-DONE-011-100x100.jpg 100w, https:\/\/ayaneo.co\/wp-content\/uploads\/2026\/05\/DROIX-140W-MARKETING-DONE-011-600x600.jpg 600w, https:\/\/ayaneo.co\/wp-content\/uploads\/2026\/05\/DROIX-140W-MARKETING-DONE-011.jpg 1500w\" sizes=\"(max-width: 1024px) 100vw, 1024px\" \/><\/a><\/figure>\n<\/div>\n\n\n\n<div class=\"wp-block-column is-layout-flow wp-block-column-is-layout-flow\">\n<figure class=\"wp-block-image size-large\"><a href=\"https:\/\/ayaneo.co\/wp-content\/uploads\/2026\/05\/DROIX-140W-MARKETING-DONE-09.jpg\"><img loading=\"lazy\" decoding=\"async\" width=\"1024\" height=\"1024\" src=\"https:\/\/ayaneo.co\/wp-content\/uploads\/2026\/05\/DROIX-140W-MARKETING-DONE-09-1024x1024.jpg\" alt=\"Infograafik &quot;Smart Visual Charger&quot;, mis tutvustab DROIX 140W laadija erinevaid reaalajas kuvatavaid re&#x17E;iime. See kirjeldab &#xFC;ksikasjalikult liidesekraanid portide kaupa v&#xE4;ljundv&#xF5;imsuse, kogu kasutusaja (88H), termilise seisundi ja d&#xFC;naamiliste laadimisikoonide kohta. \" class=\"wp-image-47828\" srcset=\"https:\/\/ayaneo.co\/wp-content\/uploads\/2026\/05\/DROIX-140W-MARKETING-DONE-09-1024x1024.jpg 1024w, https:\/\/ayaneo.co\/wp-content\/uploads\/2026\/05\/DROIX-140W-MARKETING-DONE-09-300x300.jpg 300w, https:\/\/ayaneo.co\/wp-content\/uploads\/2026\/05\/DROIX-140W-MARKETING-DONE-09-150x150.jpg 150w, https:\/\/ayaneo.co\/wp-content\/uploads\/2026\/05\/DROIX-140W-MARKETING-DONE-09-768x768.jpg 768w, https:\/\/ayaneo.co\/wp-content\/uploads\/2026\/05\/DROIX-140W-MARKETING-DONE-09-65x65.jpg 65w, https:\/\/ayaneo.co\/wp-content\/uploads\/2026\/05\/DROIX-140W-MARKETING-DONE-09-990x990.jpg 990w, https:\/\/ayaneo.co\/wp-content\/uploads\/2026\/05\/DROIX-140W-MARKETING-DONE-09-441x441.jpg 441w, https:\/\/ayaneo.co\/wp-content\/uploads\/2026\/05\/DROIX-140W-MARKETING-DONE-09-100x100.jpg 100w, https:\/\/ayaneo.co\/wp-content\/uploads\/2026\/05\/DROIX-140W-MARKETING-DONE-09-600x600.jpg 600w, https:\/\/ayaneo.co\/wp-content\/uploads\/2026\/05\/DROIX-140W-MARKETING-DONE-09.jpg 1500w\" sizes=\"(max-width: 1024px) 100vw, 1024px\" \/><\/a><\/figure>\n<\/div>\n<\/div>\n\n<p>Kasutades t\u00e4iustatud GaN pooljuhttehnoloogiat, saavutab see parim 140 W USB C-laadija t\u00f6\u00f6stusharu juhtiva t\u00f5hususe oluliselt v\u00e4iksema soojuse tekkimise juures. Toetades PD 3.1 standardit, on see t\u00e4ielikult optimeeritud 2026. aasta k\u00f5ige energiamahukamate seadmete, sealhulgas AYANEO Pocket EVO <a href=\"https:\/\/ayaneo.co\/et\/product\/ayaneo-pocket-evo\/\" target=\"_blank\" rel=\"noreferrer noopener\">ja AYANEO Pocket<\/a> S2 jaoks. <\/p>\n\n<p>Nutikas triklilaadimine: Automaatselt l\u00fclitub re\u017eiim 80%-lise v\u00f5imsuse juures, et s\u00e4ilitada teie kallite seadmete aku pikaealisus.<\/p>\n\n<p>Thermal Excellence: GaN-arhitektuur minimeerib soojuskoormust, hoides teie MacBookid ja KONKR <a href=\"https:\/\/ayaneo.co\/et\/product\/konkr-pocket-fit\/\" target=\"_blank\" rel=\"noreferrer noopener\">Pocket FIT-i aastaid tipptasemel<\/a>.<\/p>\n\n<h2 class=\"wp-block-heading has-text-align-center\"><strong><strong>DROIX 140W USB-C seinalaadija riistvara spetsifikatsioonid ja v\u00e4ljundv\u00f5imsus<\/strong><\/strong><\/h2>\n\n<div class=\"wp-block-columns is-layout-flex wp-container-core-columns-is-layout-28f84493 wp-block-columns-is-layout-flex\">\n<div class=\"wp-block-column is-layout-flow wp-block-column-is-layout-flow\">\n<figure class=\"wp-block-image size-large\"><a href=\"https:\/\/ayaneo.co\/wp-content\/uploads\/2026\/05\/DROIX-140W-MARKETING-DONE-07.jpg\"><img loading=\"lazy\" decoding=\"async\" width=\"1024\" height=\"1024\" src=\"https:\/\/ayaneo.co\/wp-content\/uploads\/2026\/05\/DROIX-140W-MARKETING-DONE-07-1024x1024.jpg\" alt=\"P&#xF5;hjalik tehniline infograafika, milles on &#xFC;ksikasjalikult kirjeldatud DROIX 140W laadija v&#xE4;ljundv&#xF5;imsust ja jaotust. &#xDC;lemises osas on loetletud maksimaalne individuaalne v&#xF5;imsus ja pinge\/k&#xF5;rguskoormuse n&#xE4;itajad portide C1 (140W), C2 (100W), C3 (40W) ja USB-A (22,5W) jaoks. Alumistes osades on k&#xFC;mme diagrammi, mis n&#xE4;itavad t&#xE4;pselt, kuidas v&#xF5;imsus jaguneb ja jaguneb erinevate kahe-, kolme- ja nelja pordi konfiguratsioonide vahel.  \" class=\"wp-image-47858\" srcset=\"https:\/\/ayaneo.co\/wp-content\/uploads\/2026\/05\/DROIX-140W-MARKETING-DONE-07-1024x1024.jpg 1024w, https:\/\/ayaneo.co\/wp-content\/uploads\/2026\/05\/DROIX-140W-MARKETING-DONE-07-300x300.jpg 300w, https:\/\/ayaneo.co\/wp-content\/uploads\/2026\/05\/DROIX-140W-MARKETING-DONE-07-150x150.jpg 150w, https:\/\/ayaneo.co\/wp-content\/uploads\/2026\/05\/DROIX-140W-MARKETING-DONE-07-768x768.jpg 768w, https:\/\/ayaneo.co\/wp-content\/uploads\/2026\/05\/DROIX-140W-MARKETING-DONE-07-65x65.jpg 65w, https:\/\/ayaneo.co\/wp-content\/uploads\/2026\/05\/DROIX-140W-MARKETING-DONE-07-990x990.jpg 990w, https:\/\/ayaneo.co\/wp-content\/uploads\/2026\/05\/DROIX-140W-MARKETING-DONE-07-441x441.jpg 441w, https:\/\/ayaneo.co\/wp-content\/uploads\/2026\/05\/DROIX-140W-MARKETING-DONE-07-100x100.jpg 100w, https:\/\/ayaneo.co\/wp-content\/uploads\/2026\/05\/DROIX-140W-MARKETING-DONE-07-600x600.jpg 600w, https:\/\/ayaneo.co\/wp-content\/uploads\/2026\/05\/DROIX-140W-MARKETING-DONE-07.jpg 1500w\" sizes=\"(max-width: 1024px) 100vw, 1024px\" \/><\/a><\/figure>\n<\/div>\n\n\n\n<div class=\"wp-block-column is-layout-flow wp-block-column-is-layout-flow\">\n<figure class=\"wp-block-image size-large\"><a href=\"https:\/\/ayaneo.co\/wp-content\/uploads\/2026\/05\/DROIX-140W-MARKETING-DONE-010.jpg\"><img loading=\"lazy\" decoding=\"async\" width=\"1024\" height=\"1024\" src=\"https:\/\/ayaneo.co\/wp-content\/uploads\/2026\/05\/DROIX-140W-MARKETING-DONE-010-1024x1024.jpg\" alt=\"Turundusgraafika pealkirjaga &quot;Understands your charging needs,&quot; mis r&#xF5;hutab seadme 4 v&#xE4;ljundporti (3 USB-C ja 1 USB-A). Pildil on kujutatud erinevaid &#xFC;hilduvaid elektroonikaseadmeid, sealhulgas s&#xFC;learvuti, tahvelarvutid, Nintendo Switch, nutitelefonid, juhtmevabad k&#xF5;rvaklapid, droon ja kardaankaamera, mis n&#xE4;itab laadija mitmek&#xFC;lgsust. \" class=\"wp-image-47888\" srcset=\"https:\/\/ayaneo.co\/wp-content\/uploads\/2026\/05\/DROIX-140W-MARKETING-DONE-010-1024x1024.jpg 1024w, https:\/\/ayaneo.co\/wp-content\/uploads\/2026\/05\/DROIX-140W-MARKETING-DONE-010-300x300.jpg 300w, https:\/\/ayaneo.co\/wp-content\/uploads\/2026\/05\/DROIX-140W-MARKETING-DONE-010-150x150.jpg 150w, https:\/\/ayaneo.co\/wp-content\/uploads\/2026\/05\/DROIX-140W-MARKETING-DONE-010-768x768.jpg 768w, https:\/\/ayaneo.co\/wp-content\/uploads\/2026\/05\/DROIX-140W-MARKETING-DONE-010-65x65.jpg 65w, https:\/\/ayaneo.co\/wp-content\/uploads\/2026\/05\/DROIX-140W-MARKETING-DONE-010-990x990.jpg 990w, https:\/\/ayaneo.co\/wp-content\/uploads\/2026\/05\/DROIX-140W-MARKETING-DONE-010-441x441.jpg 441w, https:\/\/ayaneo.co\/wp-content\/uploads\/2026\/05\/DROIX-140W-MARKETING-DONE-010-100x100.jpg 100w, https:\/\/ayaneo.co\/wp-content\/uploads\/2026\/05\/DROIX-140W-MARKETING-DONE-010-600x600.jpg 600w, https:\/\/ayaneo.co\/wp-content\/uploads\/2026\/05\/DROIX-140W-MARKETING-DONE-010.jpg 1500w\" sizes=\"(max-width: 1024px) 100vw, 1024px\" \/><\/a><\/figure>\n<\/div>\n<\/div>\n\n<p>DROIX 140W USB-C seinalaadija kasutab paindlikku nelja pordi paigutust, et lahendada mitu laadimis\u00fclesannet samaaegselt. Konkreetselt pakub juhtiv USB-C1 port maksimaalse kiiruse saavutamiseks PD 3.1 ja PPS-tehnoloogia abil 140 W tippv\u00f5imsust. Lisaks pakub teine USB-C2 port m\u00e4rkimisv\u00e4\u00e4rset 100 W v\u00f5imsust, et hoida tippklassi s\u00fclearvutid intensiivse t\u00f6\u00f6koormuse ajal t\u00e4isv\u00f5imsusel.  <\/p>\n\n<p>Lisaks saavad kasutajad kasutada 40 W USB-C3-porti keskmise suurusega elektroonikaseadmete, n\u00e4iteks konsoolide v\u00f5i tahvelarvutite jaoks. Sarnaselt toetab USB-A port vanemat riistvara 22,5 W v\u00e4ljundiga, kasutades SCP ja QC 3.0 protokolle. Kuna k\u00f5iki nelja porti j\u00e4lgivad intelligentsed ohutuss\u00fcsteemid, on teie riistvara alati kaitstud elektriliste kahjustuste eest. Seet\u00f5ttu peetakse DROIX 140W USB-C seinalaadijat laialdaselt k\u00f5ige t\u00f5husamaks keskseadmeks mitme seadme seadistamiseks.   <\/p>\n\n<h2 class=\"wp-block-heading has-text-align-center\"><strong>T\u00e4iustatud energia j\u00e4lgimine DROIX 140W USB-C seinalaadija integreeritud ekraani kaudu<\/strong><\/h2>\n\n<p>Olge kursis DROIX 140W USB-C seinalaadija abil, mis annab kriitilisi laadimisandmeid reaalajas. See integreeritud nutikas visuaalne ekraan v\u00f5imaldab h\u00f5lpsasti j\u00e4lgida kogu vattide arvu ja \u00fcksikute portide v\u00e4ljundv\u00f5imsust \u00fche pilguga. Lisaks aitab &#8220;Kasutamise aja\" j\u00e4lgimine m\u00f5ista teie isiklikke riistvara kasutusharjumusi aja jooksul. Kuna teie ohutus on esikohal, n\u00e4itab kasutajaliides selgelt, kui seade on &#8220;suurep\u00e4rases\" termilises tsoonis. Seega ei pea te kunagi muretsema oma \u00fchendatud seadmete tervise p\u00e4rast.    <\/p>\n\n<h2 class=\"wp-block-heading has-text-align-center\"><strong><strong>T\u00e4ielik turvalisus: DROIX 140W USB-C seinalaadija mitmekihiline kaitsev komplekt.<\/strong><\/strong><\/h2>\n\n<p>DROIX 140W USB-C seinalaadija on v\u00e4lja t\u00f6\u00f6tatud kompromissitult kasutajate ohutuse tagamiseks. Seadmel on l\u00f6\u00f6gikindel ja tulekindel PC-korpus, mis on loodud vastu pidama reisimise raskustele. Sees tagavad t\u00e4iustatud andurid pideva j\u00e4relevalve \u00fclepinge, \u00fclevoolu ja termiliste anomaaliate suhtes.  <\/p>\n\n<p>Lisaks on teie kallid mobiilseadmed kaitstud v\u00f5imalike l\u00fchiste ja elektromagnetiliste h\u00e4irete eest. Seega v\u00f5ite alati loota, et seade annab stabiilset ja puhast energiat, ilma et oleks oht, et tundlikud komponendid v\u00f5ivad kahjustada. Selline hoolikas t\u00e4helepanu ohutusele v\u00f5imaldab teil oma seadmeid t\u00e4iesti kindlalt laadida.  <\/p>\n\n<h2 class=\"wp-block-heading has-text-align-center\"><strong>Uuenda oma reisikomplekti: DROIX 140W USB-C seinalaadija n\u00fc\u00fcd: N\u00f5uandke oma DROIX 140W USB-C seinalaadija n\u00fc\u00fcd<\/strong><\/h2>\n\n<p>On aeg oma seadistust lihtsustada. DROIX 140W USB-C seinalaadija on ainus t\u00f6\u00f6riist, mida on vaja, et hoida oma professionaalset kontorit v\u00f5i eliitm\u00e4ngurakendust 100%-liselt t\u00f6\u00f6korras. Suure n\u00f5udluse t\u00f5ttu selle k\u00f5ik-\u00fches GaN-lahenduse j\u00e4rele liiguvad varud kiiresti.  <\/p>\n\n<p>Avastage, kuidas DROIX 140W USB-C GaN seinalaadija muudab m\u00e4ngu&#8230;<strong><a href=\"https:\/\/ayaneo.co\/?p=48198\" target=\"_blank\" rel=\"noreferrer noopener\">Lisateave meie blogis!<\/a><\/strong><\/p>\n","protected":false},"excerpt":{"rendered":"<ul>\n<li><strong>140W PD 3.1 Power -<\/strong> laadige <strong>kiiresti<\/strong> ja tippkiirusel suure j\u00f5udlusega s\u00fclearvuteid ja m\u00e4ngukonsooli.<\/li>\n<li><strong>Nelja pordi mitmek\u00fclgsus -<\/strong> toidab samaaegselt nelja seadet kolme USB-C pordi ja \u00fche USB-A pordi kaudu.<\/li>\n<li><strong>Live Visual Display -<\/strong> j\u00e4lgige reaalajas v\u00f5imsust, soojuse seisundit ja laadimisre\u017eiime \u00fche pilguga.<\/li>\n<li><strong>\u00dclemaailmne reisis\u00fcsteem -<\/strong> sisaldab vahetatavaid \u00dchendkuningriigi, ELi, USA ja AUS-i pistikupesade adaptereid.<\/li>\n<li><strong>T\u00e4iustatud ohutus IC -<\/strong> mitmekihiline kaitse tagab teie riistvara stabiilse, soojusreguleeritud toite.<\/li>\n<\/ul>\n[cg_accordion title=\"MAKSUINFO\"]<\/p>\n<p>Me kasutame uusimat makset\u00f6\u00f6tlustehnoloogiat, mis v\u00f5imaldab teil kiiret ja turvalist maksmist Apple Pay, Google Pay, deebet-\/krediitkaardi, PayPali v\u00f5i BNPL-meetodite, nagu Klarna, Affirm v\u00f5i AfterPay kaudu.[\/cg_accordion]\n[cg_accordion title=\"GARANTSIOON\"]<\/p>\n<p>1 aasta garantii <a href=\"https:\/\/droix.net\/\" target=\"_blank\" rel=\"nofollow noopener\">DROIX Globalilt teie meelerahu tagamiseks<\/a> [\/cg_accordion]\n[cg_accordion title=\"KVALITEEDI TAGAMINE JA L\u00c4HETAMISEELNE TESTIMINE\"]<\/p>\n<p>Klientide rahulolu tagamine k\u00f5rgeimal tasemel: Iga seade l\u00e4bib enne saatmist ranged testid ja mitmepunktilise kvaliteedikontrolli. Meie p\u00fchendunud meeskond kontrollib j\u00f5udlust, funktsionaalsust ja komponentide terviklikkust, et tagada, et teie AYANEO seade on saabumisel t\u00e4iuslikus t\u00f6\u00f6korras, tagades teile kindlustunde ja meelerahu. [\/cg_accordion]\n[cg_accordion title=\"HINNAKUJUNDUS, MAKSUD JA KOHALETOIMETAMINE\"]<\/p>\n<p><strong><u>M\u00e4rkus:<\/u><\/strong><\/p>\n<ul>\n<li>Ameerika \u00dchendriikide kliendid: N\u00e4idatud hind ei sisalda makse ega tollimaksu. Vastutus tollivormistuse ja sellega seotud maksude\/tollimaksude tasumise eest lasub kliendil. <\/li>\n<li>ELi kliendid: N\u00e4idatud hind sisaldab kohaldatavat maksu, mis v\u00f5ib s\u00f5ltuvalt teie riigist olla kuni 25%.<\/li>\n<li>Kanada kliendid: N\u00e4idatud hind sisaldab kohaldatavaid makse, mis v\u00f5ivad sisaldada 5% GST ja t\u00e4iendavaid provintsi m\u00fc\u00fcgimakse (PST), \u00fchtlustatud m\u00fc\u00fcgimaksu (HST) v\u00f5i Quebeci m\u00fc\u00fcgimaksu (QST), s\u00f5ltuvalt teie provintsist.<\/li>\n<\/ul>\n<p>Meie USA klientidele: Tellimused saadetakse DAP (Delivered At Place). Kuigi kliendid vastutavad k\u00f5igi kohaldatavate tariifide tasumise eest, tugineme meie ulatuslikele kogemustele \u00dchendkuningriigist saatmisel, et tagada, et maksate v\u00f5imalikult v\u00e4he tasu. Meie andmetel ei \u00fcleta need tasud tavaliselt 10% eseme v\u00e4\u00e4rtusest.  <\/p>\n<p><strong>AINULT ELi klientidele:<\/strong> Express DDP (Delivered Duty Paid). See t\u00e4hendab: <\/p>\n<ul>\n<li>K\u00f5ik tollimaksud ja maksud sisalduvad toote lehel n\u00e4idatud hinnas.<\/li>\n<li>Te ei pea tarnimisel lisatasusid maksma.<\/li>\n<li>Harva esinevate tolliprobleemide korral tegeleb meie meeskond teie nimel tollivormistusega, et tagada sujuv tarne.<\/li>\n<p>Oluline teave tagastuste kohta:<\/p>\n<li>Kui te otsustate oma tellimuse tagastada v\u00f5i taotleda raha tagasi, siis pidage meeles, et teie eest DDP tingimuste alusel makstud makse ja tollimakse ei saa tagasi maksta.<\/li>\n<p>\u00dcksikasjalik teave <a href=\"https:\/\/ayaneo.co\/terms-of-service-2\/\" target=\"_blank\" rel=\"nofollow noopener\">on esitatud meie Tingimustes<\/a>.\n<\/ul>\n<p>[\/cg_accordion]\n[cg_accordion title=\"KLIENDITUGI\"]<\/p>\n<p>Kas teil on k\u00fcsimus? Oleme l\u00fchikese teksti kaugusel sellest, et teie k\u00fcsimus oleks lahendatud! [\/cg_accordion]\n[cg_accordion title=\"PAKETT SISALDAB\"]<\/p>\n<ul>\n<li>1x DROIX 140W USB-C seinalaadija<\/li>\n<li>1x \u00dchendkuningriigi pistikupesa adapter<\/li>\n<li>1x ELi pistikupesa adapter<\/li>\n<li>1x kasutusjuhend<\/li>\n<\/ul>\n<p>[\/cg_accordion]\n","protected":false},"featured_media":47925,"template":"","meta":{"_acf_changed":false},"product_brand":[],"product_cat":[557],"product_tag":[],"class_list":{"0":"post-48740","1":"product","2":"type-product","3":"status-publish","4":"has-post-thumbnail","6":"product_cat-tarvikud","7":"product_shipping_class-standard","9":"first","10":"onbackorder","11":"taxable","12":"shipping-taxable","13":"product-type-simple"},"acf":[],"_links":{"self":[{"href":"https:\/\/ayaneo.co\/et\/wp-json\/wp\/v2\/product\/48740","targetHints":{"allow":["GET"]}}],"collection":[{"href":"https:\/\/ayaneo.co\/et\/wp-json\/wp\/v2\/product"}],"about":[{"href":"https:\/\/ayaneo.co\/et\/wp-json\/wp\/v2\/types\/product"}],"wp:featuredmedia":[{"embeddable":true,"href":"https:\/\/ayaneo.co\/et\/wp-json\/wp\/v2\/media\/47925"}],"wp:attachment":[{"href":"https:\/\/ayaneo.co\/et\/wp-json\/wp\/v2\/media?parent=48740"}],"wp:term":[{"taxonomy":"product_brand","embeddable":true,"href":"https:\/\/ayaneo.co\/et\/wp-json\/wp\/v2\/product_brand?post=48740"},{"taxonomy":"product_cat","embeddable":true,"href":"https:\/\/ayaneo.co\/et\/wp-json\/wp\/v2\/product_cat?post=48740"},{"taxonomy":"product_tag","embeddable":true,"href":"https:\/\/ayaneo.co\/et\/wp-json\/wp\/v2\/product_tag?post=48740"}],"curies":[{"name":"wp","href":"https:\/\/api.w.org\/{rel}","templated":true}]}}