{"id":4941,"date":"2024-08-15T15:04:41","date_gmt":"2024-08-15T15:04:41","guid":{"rendered":"https:\/\/ayaneo.co\/product\/ayaneo-pocket-dmg\/"},"modified":"2025-12-11T00:11:12","modified_gmt":"2025-12-11T00:11:12","slug":"ayaneo-pocket-dmg","status":"publish","type":"product","link":"https:\/\/ayaneo.co\/et\/product\/ayaneo-pocket-dmg\/","title":{"rendered":"AYANEO Pocket DMG"},"content":{"rendered":"\n<figure class=\"wp-block-video\"><video controls=\"\" src=\"https:\/\/droix.net\/wp-content\/uploads\/2024\/08\/AYANEO-Pocket-DMG&#xFF1A;The-Pinnacle-of-Retro-Vertical-Handhelds.mp4\"><\/video><\/figure>\n\n<div class=\"wp-block-columns is-layout-flex wp-container-core-columns-is-layout-28f84493 wp-block-columns-is-layout-flex\">\n<div class=\"wp-block-column is-layout-flow wp-block-column-is-layout-flow\" style=\"flex-basis:33.33%\">\n<figure class=\"wp-block-image size-large\"><a href=\"https:\/\/droix.net\/wp-content\/uploads\/2024\/08\/AYANEO-POCKET-DMG-ARTIC-BLACK-DONE-01.png\" target=\"_blank\" rel=\"noopener\"><img decoding=\"async\" src=\"https:\/\/droix.net\/wp-content\/uploads\/2024\/08\/AYANEO-POCKET-DMG-ARTIC-BLACK-DONE-01-1024x1024.png\" alt=\"AYANEO Pocket DMG esiplaanil Arctic Blackis, kus on n&#xE4;ha selle retroh&#xF5;nguline disain koos 3,92-tollise OLED ekraani, D-pad'i, analoogjuhtpuldi ja nuppudega.\" class=\"wp-image-184226\"\/><\/a><\/figure>\n<\/div>\n\n\n\n<div class=\"wp-block-column is-layout-flow wp-block-column-is-layout-flow\" style=\"flex-basis:66.66%\">\n<h3 class=\"wp-block-heading\" id=\"h-experience-retro-gaming-like-never-before-with-the-ayaneo-pocket-dmg\">Kogemused retro m\u00e4ngude nagu kunagi varem koos AYANEO Pocket DMG-ga<\/h3>\n\n\n\n<p><strong> AYANEO Pocket DMG<\/strong> on murranguline <strong>pihuarvuti<\/strong> <strong>,<\/strong> mis \u00fchendab meisterlikult <strong>retro-m\u00e4ngude<\/strong> nostalgia ja kaasaegse tehnoloogia. Austustades ikoonilist Game Boy&#8217;t, pakub see <strong>vertikaalne pihuarvuti<\/strong> nii tuttavat esteetikat kui ka v\u00f5imsat j\u00f5udlust, muutes selle ideaalseks valikuks nii <strong>retrom\u00e4ngude<\/strong> kui ka moodsate m\u00e4ngude f\u00e4nnidele. <\/p>\n<\/div>\n<\/div>\n\n<p><strong> AYANEO Pocket DMG<\/strong> on murranguline <strong>pihuarvuti<\/strong> <strong>,<\/strong> mis \u00fchendab meisterlikult <strong>retro-m\u00e4ngude<\/strong> nostalgia ja kaasaegse tehnoloogia. Austustades ikoonilist Game Boy&#8217;t, pakub see <strong>vertikaalne pihuarvuti<\/strong> nii tuttavat esteetikat kui ka v\u00f5imsat j\u00f5udlust, muutes selle ideaalseks valikuks nii <strong>retrom\u00e4ngude<\/strong> kui ka moodsate m\u00e4ngude f\u00e4nnidele. <\/p>\n\n<h3 class=\"wp-block-heading\" id=\"h-design-and-display\">Disain ja kuvamine<\/h3>\n\n<p><strong>AYANEO Pocket DMG<\/strong> paistab silma oma kompaktse ja nostalgilise disainiga, mis meenutab klassikalisi <strong>retro-konsoole<\/strong>. Selle atraktiivsuse keskmes on 3,92-tolline <strong>OLED ekraan<\/strong>, mis pakub teravat 1240&#215;1080 resolutsiooni ja 419 PPI pikslitihedust. See <strong>OLED ekraan<\/strong> tagab eluj\u00f5ulised v\u00e4rvid ja terava pildi, tuues nii retro- kui ka kaasaegsed m\u00e4ngud ellu h\u00e4mmastava selgusega. Seade on saadaval kahes erinevas v\u00e4rvitoonis:   <\/p>\n\n<ul class=\"wp-block-list\">\n<li>Arctic Black<\/li>\n\n\n\n<li>Moon White<\/li>\n<\/ul>\n\n<div class=\"wp-block-columns is-layout-flex wp-container-core-columns-is-layout-28f84493 wp-block-columns-is-layout-flex\">\n<div class=\"wp-block-column is-layout-flow wp-block-column-is-layout-flow\">\n<figure class=\"wp-block-image size-large\"><a href=\"https:\/\/droix.net\/wp-content\/uploads\/2024\/08\/AYANEO-POCKET-DMG-MARKETING-DONE-14.jpg\" target=\"_blank\" rel=\"noopener\"><img decoding=\"async\" src=\"https:\/\/droix.net\/wp-content\/uploads\/2024\/08\/AYANEO-POCKET-DMG-MARKETING-DONE-14-1024x1024.jpg\" alt=\"AYANEO Pocket DMG reklaamkujutis, millel on Snapdragon G3x Gen 2 m&#xE4;nguplatvorm. See r&#xF5;hutab, et on esimene vertikaalne pihuarvuti selle protsessoriga, esitledes selle 1+4+3 Octa-Core arhitektuuri Kryo Prime Ultra Cores'i 3,36GHz, Adreno A32 GPU 816Hz ja 15W j&#xF5;udluse vabastamist. \" class=\"wp-image-184229\"\/><\/a><\/figure>\n\n\n\n<h3 class=\"wp-block-heading\" id=\"h-performance\">Tulemuslikkus<\/h3>\n\n\n\n<p><strong>Pocket DMG<\/strong> s\u00fcdameks on <strong>Snapdragon G3x Gen 2<\/strong> protsessor, mis on v\u00f5imas kiip, mis on kohandatud spetsiaalselt <strong>pihuarvuti<\/strong> <strong>m\u00e4ngude<\/strong> jaoks. See <strong>protsessor<\/strong> tagab retrotoodete sujuv emuleerimise ja kaasaegsete mobiilim\u00e4ngude sujuva j\u00f5udluse. Seade t\u00f6\u00f6tab aadressil Android 13 ja pakub juurdep\u00e4\u00e4su suurele rakenduste ja emulaatorite \u00f6kos\u00fcsteemile, mis teeb sellest mitmek\u00fclgse platvormi k\u00f5igi <strong>m\u00e4nguvajaduste<\/strong> jaoks.  <\/p>\n<\/div>\n\n\n\n<div class=\"wp-block-column is-layout-flow wp-block-column-is-layout-flow\">\n<figure class=\"wp-block-image size-large\"><a href=\"https:\/\/droix.net\/wp-content\/uploads\/2024\/08\/AYANEO-POCKET-DMG-MARKETING-DONE-19.jpg\" target=\"_blank\" rel=\"noopener\"><img decoding=\"async\" src=\"https:\/\/droix.net\/wp-content\/uploads\/2024\/08\/AYANEO-POCKET-DMG-MARKETING-DONE-19-1024x1024.jpg\" alt=\"Infograafik, mis tutvustab AYANEO Pocket DMG mitmeid funktsioone, mis on v&#xF5;rreldavad professionaalsete kontrolleritega. Funktsioonide hulka kuuluvad suure t&#xE4;psusega joystick, reguleeritav tundlikkus, nullv&#xF5;imsuseline ootere&#x17E;iim, g&#xFC;roskoobi abil sihtimine, nuppude plahvatusfunktsioon, A-B-X-Y klahvivahetus ja reguleeritav mootori vibratsiooni intensiivsus. Allpool hoiab k&#xE4;si valget seadet, mis kuvab v&#xE4;rvilist m&#xE4;nguekraani.  \" class=\"wp-image-184232\"\/><\/a><\/figure>\n\n\n\n<h3 class=\"wp-block-heading\" id=\"h-controls-and-inputs\">Juhtimisseadmed ja sisendid<\/h3>\n\n\n\n<p><strong>Pocket DMG<\/strong> pakub mitmek\u00fclgset ja uuenduslikku juhtimisskeemi, mis sobib paljudele erinevatele <strong>m\u00e4nguliikidele<\/strong>. Peamised funktsioonid on j\u00e4rgmised: <\/p>\n\n\n\n<ul class=\"wp-block-list\">\n<li>Traditsiooniline D-pad t\u00e4pse suunamise jaoks<\/li>\n\n\n\n<li>ABXY n\u00e4onupud klassikalise <strong>m\u00e4ngimise<\/strong> jaoks<\/li>\n\n\n\n<li>\u00dcks <strong>analoogjuhtimiskepp<\/strong>, mida on t\u00e4iustatud Hall Effect-tehnoloogiaga, mis tagab t\u00e4psuse ja vastupidavuse.<\/li>\n\n\n\n<li>Uuenduslik <strong>puuteplaat<\/strong>, mis on \u00fchtlasi ka teine analoogsisend<\/li>\n\n\n\n<li>\u00d5lal olevad nupud t\u00e4iendavate juhtimisv\u00f5imaluste jaoks<\/li>\n<\/ul>\n\n\n\n<p>Selline kombinatsioon juhtelementidest tagab, et <strong>Pocket DMG<\/strong> saab h\u00f5lpsasti hakkama k\u00f5igega, alates retroplatvormidest kuni kaasaegsete p\u00f5nevusm\u00e4ngudeni.<\/p>\n<\/div>\n\n\n\n<div class=\"wp-block-column is-layout-flow wp-block-column-is-layout-flow\">\n<figure class=\"wp-block-image size-large\"><a href=\"https:\/\/droix.net\/wp-content\/uploads\/2024\/08\/AYANEO-POCKET-DMG-MARKETING-DONE-16.jpg\" target=\"_blank\" rel=\"noopener\"><img decoding=\"async\" src=\"https:\/\/droix.net\/wp-content\/uploads\/2024\/08\/AYANEO-POCKET-DMG-MARKETING-DONE-16-1024x1024.jpg\" alt=\"Infograafik, mis kirjeldab &#xFC;ksikasjalikult AYANEO Pocket DMG &quot;&#xF5;mblusteta v&#xF5;imsuse kombinatsiooni&quot;, r&#xF5;hutades selle kiiret m&#xE4;lu (LPDDR5X 8533Mbps), kiiret m&#xE4;lu (UFS 4.0 4000+ MB\/s lugemiskiirusega) ja suurt mahtu m&#xE4;ngude ja rakenduste salvestamiseks. Selles mainitakse kuni 16 GB RAM-i ja 1 TB salvestusruumi v&#xF5;imalusi. \" class=\"wp-image-184230\"\/><\/a><\/figure>\n\n\n\n<h3 class=\"wp-block-heading\" id=\"h-storage-and-connectivity\">Salvestusruumid ja \u00fchenduvus<\/h3>\n\n\n\n<p><strong>AYANEO Pocket DMG<\/strong> pakub paindlikke salvestuslahendusi, mis vastavad erinevate <strong>k\u00e4eshoitavate<\/strong> <strong>m\u00e4nguhuviliste<\/strong> vajadustele:<\/p>\n\n\n\n<ul class=\"wp-block-list\">\n<li>8 GB RAM + 128 GB salvestusruumi<\/li>\n<\/ul>\n\n\n\n<p>Lisaks v\u00f5imaldab microSD-kaardi pesa h\u00f5lpsasti laiendada m\u00e4lumahtu. Seadme \u00fchenduvus h\u00f5lmab j\u00e4rgmist: <\/p>\n\n\n\n<ul class=\"wp-block-list\">\n<li>Wi-Fi ja Bluetooth 5.3 traadita sidepidamiseks<\/li>\n\n\n\n<li>USB-C port laadimiseks ja tarvikute \u00fchendamiseks<\/li>\n<\/ul>\n<\/div>\n<\/div>\n\n<h3 class=\"wp-block-heading\" id=\"h-battery-and-additional-features\">Aku ja lisafunktsioonid<\/h3>\n\n<p><strong>Pocket DMG<\/strong> t\u00f6\u00f6tab 6000 aku mAh, mis toetab 25 W PD kiirlaadimist, et m\u00e4ngimine kestaks kauem. Muud m\u00e4rkimisv\u00e4\u00e4rsed omadused on j\u00e4rgmised: <\/p>\n\n<figure class=\"wp-block-image size-large\"><a href=\"https:\/\/droix.net\/wp-content\/uploads\/2024\/08\/AYANEO-POCKET-DMG-MARKETING-DONE-18.jpg\" target=\"_blank\" rel=\"noopener\"><img decoding=\"async\" src=\"https:\/\/droix.net\/wp-content\/uploads\/2024\/08\/AYANEO-POCKET-DMG-MARKETING-DONE-18-1024x1024.jpg\" alt=\"AYANEO Pocket DMG 6000 mAh akut tutvustav turunduspilt, mis r&#xF5;hutab aku pikka t&#xF6;&#xF6;aega ja PD kiirlaadimise toetust. Alumine osa tutvustab Hall Medium joysticki, r&#xF5;hutades selle t&#xE4;psust, vastupidavust (5 miljonit kasutust) ja t&#xE4;iustatud juhtimisfunktsioone. \" class=\"wp-image-184231\"\/><\/a><\/figure>\n\n<ul class=\"wp-block-list\">\n<li>Kuueteljeline g\u00fcroskoop liikumise kontrollimiseks<\/li>\n\n\n\n<li>Sisseehitatud ventilaatoriga aktiivne jahutuss\u00fcsteem optimaalse j\u00f5udluse s\u00e4ilitamiseks<\/li>\n\n\n\n<li>Kompaktne kandekott lihtsaks kaasaskandmiseks<\/li>\n<\/ul>\n\n<h3 class=\"wp-block-heading\" id=\"h-user-experience-and-conclusion\">Kasutajakogemus ja j\u00e4reldus<\/h3>\n\n<p><strong>AYANEO Pocket DMG<\/strong> on erakordne valik <strong>retrom\u00e4ngude<\/strong> entusiastidele ja kollektsion\u00e4\u00e4ridele, kes soovivad seadet, mis kajastab klassikaliste <strong>retrohirmade<\/strong> olemust, pakkudes samas kaasaegse tehnoloogia v\u00f5imsust ja mitmek\u00fclgsust. Olenemata sellest, kas elate uuesti klassikalisi m\u00e4nge v\u00f5i uurite uusi, pakub see <strong>pihuarvuti<\/strong> kaasahaaravat ja nauditavat <strong>m\u00e4ngukogemust<\/strong>. <\/p>\n","protected":false},"excerpt":{"rendered":"<ul>\n<li>Protsessor: <strong>G3x Gen 2.<\/strong><\/li>\n<li>N\u00e4ita: <strong> OLED , 1240&#215;1080 resolutsiooniga.<\/strong><\/li>\n<li>RAM: <strong>8GB<\/strong> LPDDR5X @ <strong>8533 MT\/s<\/strong><\/li>\n<li>Ladustamine: <strong>128GB<\/strong> UFS 3.1<\/li>\n<li>\u00dchendatavus: 5 <strong>.3<\/strong><\/li>\n<\/ul>\n<p><img fetchpriority=\"high\" decoding=\"async\" src=\"https:\/\/ayaneo.co\/wp-content\/uploads\/2024\/08\/DMG-FREEBIES1.jpg\" alt=\"Helehalli taustaga reklaampildil on kirjas, et  \" free=\"\" gifts=\"\" in=\"\" large=\"\" dark=\"\" gray=\"\" letters=\"\" at=\"\" the=\"\" top.=\"\" below=\"\" this=\"\" smaller=\"\" text=\"\" it=\"\" lists=\"\" case=\"\" and=\"\" caps=\"\" followed=\"\" by=\"\" added=\"\" to=\"\" cart=\"\" a=\"\" slightly=\"\" larger=\"\" font.=\"\" right=\"\" there=\"\" are=\"\" two=\"\" product=\"\" square=\"\" white=\"\" rainbow-colored=\"\" package=\"\" containing=\"\" four=\"\" black=\"\" thumbstick=\"\" mesh=\"\" protective=\"\" identical=\"\" one=\"\" previous=\"\" image=\"\" with=\"\" logo=\"\" bottom.=\"\" width=\"550\" height=\"140\" class=\"alignnone size-full wp-image-25170\" images:=\"\" srcset=\"https:\/\/ayaneo.co\/wp-content\/uploads\/2024\/08\/DMG-FREEBIES1.jpg 550w, https:\/\/ayaneo.co\/wp-content\/uploads\/2024\/08\/DMG-FREEBIES1-300x76.jpg 300w, https:\/\/ayaneo.co\/wp-content\/uploads\/2024\/08\/DMG-FREEBIES1-441x112.jpg 441w, https:\/\/ayaneo.co\/wp-content\/uploads\/2024\/08\/DMG-FREEBIES1-150x38.jpg 150w\" sizes=\"(max-width: 550px) 100vw, 550px\" \/><\/p>\n[cg_accordion title=\"MAKSUINFO\"] <\/p>\n<p>Me kasutame uusimat makset\u00f6\u00f6tlustehnoloogiat, mis v\u00f5imaldab teil kiiret ja turvalist maksmist Apple Pay, Google Pay, deebet-\/krediitkaardi, PayPali v\u00f5i BNPL-meetodite, nagu Klarna, Affirm v\u00f5i AfterPay kaudu.[\/cg_accordion]\n[cg_accordion title=\"GARANTSIOON\"] <\/p>\n<p>1 aasta garantii <a href=\"https:\/\/droix.net\/\" target=\"_blank\" rel=\"nofollow noopener\">DROIX Global<\/a> ilt teie meelerahu tagamiseks[\/cg_accordion]\n[cg_accordion title=\"HINNAKUJUNDUS, MAKSUD JA KOHALETOIMETAMINE\"] <\/p>\n<p><strong><u>M\u00e4rkus:<\/u><\/strong><\/p>\n<ul>\n<li>Ameerika \u00dchendriikide kliendid: N\u00e4idatud hind ei sisalda makse ega tollimaksu. Vastutus tollivormistuse ja sellega seotud maksude\/tollimaksude tasumise eest lasub kliendil. <\/li>\n<li>ELi kliendid: N\u00e4idatud hind sisaldab kohaldatavat MAKSU, mis v\u00f5ib s\u00f5ltuvalt teie riigist olla kuni 25%.<\/li>\n<li>Kanada kliendid: N\u00e4idatud hind sisaldab kohaldatavaid makse, mis v\u00f5ivad sisaldada 5% GST ja t\u00e4iendavaid provintsi m\u00fc\u00fcgimakse (PST), \u00fchtlustatud m\u00fc\u00fcgimaksu (HST) v\u00f5i Quebeci m\u00fc\u00fcgimaksu (QST), s\u00f5ltuvalt teie provintsist.<\/li>\n<\/ul>\n<p><strong>AINULT ELi klientidele:<\/strong> Express DDP (Delivered Duty Paid). See t\u00e4hendab: <\/p>\n<ul>\n<li>K\u00f5ik tollimaksud ja maksud sisalduvad toote lehel n\u00e4idatud hinnas.<\/li>\n<li>Te ei pea tarnimisel lisatasusid maksma.<\/li>\n<li>Harva esinevate tolliprobleemide korral tegeleb meie meeskond teie nimel tollivormistusega, et tagada sujuv tarne.<\/li>\n<p>Oluline teave tagastuste kohta:<\/p>\n<li>Kui otsustate oma tellimuse tagastada v\u00f5i taotleda raha tagasi, siis pidage meeles, et teie eest DDP tingimuste alusel makstud makse ja tollimakse ei saa tagasi maksta.<\/li>\n<p>Palun vaadake meie<\/ul>\n<\/li>\n<\/ul>\n<p><a href=\"https:\/\/ayaneo.co\/et\/teenuse-tingimused\/\" target=\"_blank\" rel=\"nofollow noopener\">Tingimused<\/a><\/p>\n<ul>\u00fcksikasjaliku teabe saamiseks.<\/ul>\n<p>[\/cg_accordion]\n[cg_accordion title=\"KLIENDITUGI\"] <\/p>\n<p>Kas teil on k\u00fcsimus? Oleme l\u00fchikese teksti kaugusel sellest, et teie k\u00fcsimus oleks lahendatud!   [\/cg_accordion]\n[cg_accordion title=\"Pakett sisaldab\"]<\/p>\n<ul>\n<li>1x AYANEO Pocket DMG<\/li>\n<li>1x USB Type-C kaabel<\/li>\n<li>1x kasutusjuhend<\/li>\n<\/ul>\n<p>[\/cg_accordion]\n","protected":false},"featured_media":4943,"template":"","meta":{"_acf_changed":false},"product_brand":[],"product_cat":[591],"product_tag":[],"class_list":{"0":"post-4941","1":"product","2":"type-product","3":"status-publish","4":"has-post-thumbnail","6":"product_cat-androidi-mangude-pihuarvuti","7":"product_shipping_class-premium","8":"pa_brand-ayaneo","9":"pa_graphics-gpu-model-adreno-a32","10":"pa_operating-system-android-13","11":"pa_processor-cpu-brand-qualcomm","13":"first","14":"instock","15":"taxable","16":"shipping-taxable","17":"purchasable","18":"product-type-variable","19":"has-default-attributes"},"acf":[],"_links":{"self":[{"href":"https:\/\/ayaneo.co\/et\/wp-json\/wp\/v2\/product\/4941","targetHints":{"allow":["GET"]}}],"collection":[{"href":"https:\/\/ayaneo.co\/et\/wp-json\/wp\/v2\/product"}],"about":[{"href":"https:\/\/ayaneo.co\/et\/wp-json\/wp\/v2\/types\/product"}],"wp:featuredmedia":[{"embeddable":true,"href":"https:\/\/ayaneo.co\/et\/wp-json\/wp\/v2\/media\/4943"}],"wp:attachment":[{"href":"https:\/\/ayaneo.co\/et\/wp-json\/wp\/v2\/media?parent=4941"}],"wp:term":[{"taxonomy":"product_brand","embeddable":true,"href":"https:\/\/ayaneo.co\/et\/wp-json\/wp\/v2\/product_brand?post=4941"},{"taxonomy":"product_cat","embeddable":true,"href":"https:\/\/ayaneo.co\/et\/wp-json\/wp\/v2\/product_cat?post=4941"},{"taxonomy":"product_tag","embeddable":true,"href":"https:\/\/ayaneo.co\/et\/wp-json\/wp\/v2\/product_tag?post=4941"}],"curies":[{"name":"wp","href":"https:\/\/api.w.org\/{rel}","templated":true}]}}