{"id":5035,"date":"2024-08-16T09:46:32","date_gmt":"2024-08-16T09:46:32","guid":{"rendered":"https:\/\/ayaneo.co\/product\/ayaneo-pocket-micro\/"},"modified":"2025-08-31T00:02:06","modified_gmt":"2025-08-31T00:02:06","slug":"ayaneo-pocket-micro","status":"publish","type":"product","link":"https:\/\/ayaneo.co\/et\/product\/ayaneo-pocket-micro\/","title":{"rendered":"AYANEO Pocket Micro"},"content":{"rendered":"\n<figure class=\"wp-block-video\"><video controls=\"\" poster=\"https:\/\/droix.net\/wp-content\/uploads\/2024\/08\/AYANEO-Pocket-MICRO-announced-1.webp\" src=\"https:\/\/droix.net\/wp-content\/uploads\/2024\/08\/AYANEO-Pocket-MICRO-Gaming-Experience-&#x2014;&#x2014;-Dungreed.mp4\"><\/video><\/figure>\n\n<div class=\"wp-block-columns is-layout-flex wp-container-core-columns-is-layout-28f84493 wp-block-columns-is-layout-flex\">\n<div class=\"wp-block-column is-layout-flow wp-block-column-is-layout-flow\" style=\"flex-basis:33.33%\">\n<figure class=\"wp-block-image size-large\"><a href=\"https:\/\/droix.net\/wp-content\/uploads\/2024\/08\/AYANEO-POCKET-MICRO-MARKETING-DONE-01.jpg\" target=\"_blank\" rel=\"noopener\"><img decoding=\"async\" src=\"https:\/\/droix.net\/wp-content\/uploads\/2024\/08\/AYANEO-POCKET-MICRO-MARKETING-DONE-01-1024x1024.jpg\" alt=\"Musta v&#xE4;rvi AYANEO Pocket Micro k&#xFC;lgvaade, mis n&#xE4;itab selle &#xF5;hukest profiili, kus on n&#xE4;htavad nupud ja ventilatsiooniavad. Ekraanil on v&#xE4;rvilised jooned. Paremal pool on tekst &quot;AYANEO POCKET MICRO: Premium horisontaalne retrohoidukonsool. &#xD5;rn m&#xE4;nguvahend, mida te ei taha maha panna.&quot;  \" class=\"wp-image-184281\"\/><\/a><\/figure>\n<\/div>\n\n\n\n<div class=\"wp-block-column is-layout-flow wp-block-column-is-layout-flow\" style=\"flex-basis:66.66%\">\n<h3 class=\"wp-block-heading\" id=\"h-ayaneo-pocket-micro-a-premium-handheld-gaming-experience\"><strong>AYANEO Pocket Micro: Premium Handheld Gaming Experience<\/strong><\/h3>\n\n\n\n<p>AYANEO Pocket Micro kujutab endast segu retroesteetikast ja tipptasemel tehnoloogiast, pakkudes ainulaadset pihuarvuti m\u00e4ngukogemust. Kompaktne vorm ja t\u00e4iustatud funktsioonid \u00fchendavad selle seadme, mis on m\u00f5eldud nii nostalgilistele m\u00e4ngijatele kui ka kaasaegsetele tehnoloogiahuvilistele. T\u00e4nu CNC alumiiniumsulamist raamile, piirideta IPS ekraanile ja suure j\u00f5udlusega sisemusele pakub Pocket Micro erakordset m\u00e4ngukogemust stiilses ja vastupidavas pakendis.  <\/p>\n<\/div>\n<\/div>\n\n<div class=\"wp-block-columns is-layout-flex wp-container-core-columns-is-layout-28f84493 wp-block-columns-is-layout-flex\">\n<div class=\"wp-block-column is-layout-flow wp-block-column-is-layout-flow\">\n<figure class=\"wp-block-image size-large\"><a href=\"https:\/\/droix.net\/wp-content\/uploads\/2024\/08\/AYANEO-POCKET-MICRO-MARKETING-DONE-08.jpg\" target=\"_blank\" rel=\"noopener\"><img decoding=\"async\" src=\"https:\/\/droix.net\/wp-content\/uploads\/2024\/08\/AYANEO-POCKET-MICRO-MARKETING-DONE-08-1024x1024.jpg\" alt=\"AYANEO Pocket Micro k&#xFC;lgvaade, kus on n&#xE4;ha selle CNC alumiiniumsulamist raam, mille L1 ja L2 nupud ja ventilatsiooniavad on n&#xE4;htavad. Tekstis on r&#xF5;hutatud seadme k&#xF5;rgetasemelist tekstuuri ja suurep&#xE4;rast tunnetust, mainides unikaalset metallilist tekstuuri, anoodilist oks&#xFC;deerimisprotsessi ja suure tugevusega korpust. \" class=\"wp-image-184277\"\/><\/a><\/figure>\n\n\n\n<h3 class=\"wp-block-heading\" id=\"h-design-and-build\"><strong>Projekteerimine ja ehitamine<\/strong><\/h3>\n\n\n\n<p>Pocket Micro on CNC alumiiniumsulamist raamiga, mis tagab parema vastupidavuse ja esmaklassilise tunnetuse. Selle elegantne, piirideta t\u00e4isekraani disain pakub kaasahaaravat vaatamiskogemust. Seade on saadaval v\u00e4rvides Obsidian Black, Charm Red ja Vintage Grey ning sellel on l\u00e4ikivad klaaspaneelid ja anodeeritud alumiiniumraam, mis lisavad sellele keerukat ja k\u00f5rgetasemelist v\u00e4limust.  <\/p>\n<\/div>\n\n\n\n<div class=\"wp-block-column is-layout-flow wp-block-column-is-layout-flow\">\n<figure class=\"wp-block-image size-large\"><a href=\"https:\/\/droix.net\/wp-content\/uploads\/2024\/08\/AYANEO-POCKET-MICRO-MARKETING-DONE-02.jpg\" target=\"_blank\" rel=\"noopener\"><img decoding=\"async\" src=\"https:\/\/droix.net\/wp-content\/uploads\/2024\/08\/AYANEO-POCKET-MICRO-MARKETING-DONE-02-1024x1024.jpg\" alt=\"L&#xE4;hivaade mustast AYANEO Pocket Micro'st, kus on n&#xE4;ha D-pad, tegevusnupud ja v&#xE4;rviliste joontega ekraan. Tekst allosas kirjeldab AYANEO REMAKE Concept Innovation, r&#xF5;hutades selliseid omadusi nagu 3,5-tolline 640P ekraan, CNC-alumiiniumisulamist raam ja suurep&#xE4;rane k&#xE4;sit&#xF6;&#xF6;. Vasakus &#xFC;lanurgas on n&#xE4;ha &quot;REMAKE&quot; logo. \" class=\"wp-image-184278\"\/><\/a><\/figure>\n\n\n\n<h3 class=\"wp-block-heading\" id=\"h-display\"><strong>N\u00e4ita<\/strong><\/h3>\n\n\n\n<p>Seade on varustatud 3,5-tollise raamita IPS ekraaniga, mille resolutsioon on 960 x 640 ja kuvasuhe 3:2. 330 PPI pikslitiheduse ja 100% sRGB katvusega ekraan pakub elavat ja k\u00f5rglahutusega visuaalset kujutist. Neljakordne GBA originaalresolutsioon tagab klassikaliste m\u00e4ngude selguse ja v\u00e4rvide s\u00e4ilimise ilma moonutusteta.  <\/p>\n<\/div>\n\n\n\n<div class=\"wp-block-column is-layout-flow wp-block-column-is-layout-flow\">\n<figure class=\"wp-block-image size-large\"><a href=\"https:\/\/droix.net\/wp-content\/uploads\/2024\/08\/AYANEO-POCKET-MICRO-MARKETING-DONE-13.jpg\" target=\"_blank\" rel=\"noopener\"><img decoding=\"async\" src=\"https:\/\/droix.net\/wp-content\/uploads\/2024\/08\/AYANEO-POCKET-MICRO-MARKETING-DONE-13-1024x1024.jpg\" alt=\"MediaTek Helio G99 protsessorit tutvustav graafika AYANEO Pocket Micro. Tekstikastid r&#xF5;hutavad kaheksatuumalist protsessorit, mis on v&#xF5;imeline PS2 m&#xE4;nge jooksutama, aktiivset jahutust pikkade m&#xE4;ngusessioonide jaoks ja kuni 6-tunnist aku kestvust. Helio G99 logo on v&#xE4;rvilisel taustal h&#xE4;sti n&#xE4;htav.  \" class=\"wp-image-184267\"\/><\/a><\/figure>\n\n\n\n<h3 class=\"wp-block-heading\" id=\"h-performance\"><strong>Tulemuslikkus<\/strong><\/h3>\n\n\n\n<p>MediaTek Helio G99 protsessoriga Pocket Micro tagab sujuva m\u00e4ngimise kuni PS2 m\u00e4ngude puhul. See on varustatud LPDDR4X 4266Mbps m\u00e4luga ja pakub kahte salvestusv\u00f5imalust: 6GB+128GB v\u00f5i 8GB+256GB. See seadistus pakub piisavalt ruumi mitmekesise m\u00e4ngukogumiku jaoks, s\u00e4ilitades samal ajal suure j\u00f5udluse.  <\/p>\n<\/div>\n<\/div>\n\n<div class=\"wp-block-columns is-layout-flex wp-container-core-columns-is-layout-28f84493 wp-block-columns-is-layout-flex\">\n<div class=\"wp-block-column is-layout-flow wp-block-column-is-layout-flow\">\n<figure class=\"wp-block-image size-large\"><a href=\"https:\/\/droix.net\/wp-content\/uploads\/2024\/08\/AYANEO-POCKET-MICRO-MARKETING-DONE-15.jpg\" target=\"_blank\" rel=\"noopener\"><img decoding=\"async\" src=\"https:\/\/droix.net\/wp-content\/uploads\/2024\/08\/AYANEO-POCKET-MICRO-MARKETING-DONE-15-1024x1024.jpg\" alt=\"K&#xE4;ed, mis hoiavad k&#xE4;es AYANEO Pocket Micro, n&#xE4;idates seadme tagak&#xFC;lge koos &#xF5;lanuppude ja ventilatsiooniavadega. Allpool on kujutatud seadme esik&#xFC;lje skeem, mis n&#xE4;itab selle nuppude paigutust ja ekraani. Tekstis kirjeldatakse unikaalset nupukujundust ja loomingulist puutetundlikkust, sealhulgas &#xFC;ksikasjad L1, L2, R1, R2 &#xF5;laklahvide ja risti p&#xF5;hifunktsioonide kohta.  \" class=\"wp-image-184279\"\/><\/a><\/figure>\n\n\n\n<h3 class=\"wp-block-heading\" id=\"h-controls-and-features\"><strong>Juhtseadmed ja funktsioonid<\/strong><\/h3>\n\n\n\n<p>Seadmel on uuenduslik juhtimisskeem, mis tagab mugavuse ja reageerimisv\u00f5ime. See sisaldab saalijoysticke, erineva k\u00f5rgusega L1\/L2\/R1\/R2 \u00f5laklahve ja koputusnuppu. T\u00e4iendavate juhtimispunktide hulka kuuluvad peamine k\u00f5ikeh\u00f5lmav k\u00e4epide, X-teljeline lineaarne mootor vibratsioonitagasiside saamiseks ja kuueteljeline g\u00fcroskoop t\u00e4iustatud m\u00e4ngujuhi jaoks.  <\/p>\n<\/div>\n\n\n\n<div class=\"wp-block-column is-layout-flow wp-block-column-is-layout-flow\">\n<figure class=\"wp-block-image size-large\"><a href=\"https:\/\/droix.net\/wp-content\/uploads\/2024\/08\/AYANEO-POCKET-MICRO-MARKETING-DONE-16.jpg\" target=\"_blank\" rel=\"noopener\"><img decoding=\"async\" src=\"https:\/\/droix.net\/wp-content\/uploads\/2024\/08\/AYANEO-POCKET-MICRO-MARKETING-DONE-16-1024x1024.jpg\" alt=\"L&#xE4;hivaade k&#xE4;test, mis hoiavad k&#xE4;es AYANEO Pocket Micro, ekraanil kuvatakse m&#xE4;ngu &quot;Balatro&quot;. &#xDC;leval on ikoonid, mis t&#xE4;histavad &#xFC;henduvusfunktsioone: kahesageduslik WiFi 5 ja BT 5.2, USB Type-C liides ja Micro SD-kaardi pesa, koos iga funktsiooni eeliste l&#xFC;hikirjeldusega. \" class=\"wp-image-184269\"\/><\/a><\/figure>\n\n\n\n<h3 class=\"wp-block-heading\" id=\"h-connectivity-and-software\"><strong>\u00dchendatavus ja tarkvara<\/strong><\/h3>\n\n\n\n<p>Pocket Micro t\u00f6\u00f6tab aadressil Android 13 ja toetab usaldusv\u00e4\u00e4rse traadita \u00fchenduse tagamiseks kahesageduslikku WiFi 5 ja Bluetooth 5.2. See sisaldab USB Type-C porti USB 2.0 OTG toega ja Micro SD-kaardipesa (SD 3.0) laiendatud m\u00e4lu jaoks. Seadet hallatakse AYASpace Management Front-end&#8217;i ja AYAHome Desktop Launcher&#8217;i kaudu, mis tagab kasutajas\u00f5braliku kasutuskogemuse.  <\/p>\n<\/div>\n\n\n\n<div class=\"wp-block-column is-layout-flow wp-block-column-is-layout-flow\">\n<figure class=\"wp-block-image size-large\"><a href=\"https:\/\/droix.net\/wp-content\/uploads\/2024\/08\/AYANEO-POCKET-MICRO-MARKETING-DONE-14.jpg\" target=\"_blank\" rel=\"noopener\"><img decoding=\"async\" src=\"https:\/\/droix.net\/wp-content\/uploads\/2024\/08\/AYANEO-POCKET-MICRO-MARKETING-DONE-14-1024x1024.jpg\" alt=\"Karmi musta pihuarvuti nimega AYANEO Pocket Micro, mida on n&#xE4;idatud nurga all, r&#xF5;hutades selle &#xF5;hukest profiili ja nuppude paigutust. Allpool on ikoonid, mis t&#xE4;histavad erinevaid funktsioone, nagu g&#xFC;roskoopiline sihtimine, suure t&#xE4;psusega joystickid ja nuppude kohandamise v&#xF5;imalused. \" class=\"wp-image-184268\"\/><\/a><\/figure>\n\n\n\n<h3 class=\"wp-block-heading\" id=\"h-innovative-button-design\"><strong>Uuenduslik nupu disain<\/strong><\/h3>\n\n\n\n<p>Pocket Micro omab unikaalset nupu paigutust ristklahvidega ja ABXY-nuppe, mis kasutavad juhtivat liimitehnoloogiat, mis tagab sujuva taktilise reaktsiooni. \u00d5laklahvid on m\u00f5eldud k\u00f5rgsageduslikuks kasutamiseks, kusjuures AYASpace&#8217;i kaudu on v\u00f5imalik kohandada klahvivahetust. <\/p>\n<\/div>\n<\/div>\n\n<h3 class=\"wp-block-heading\" id=\"h-battery-and-cooling\"><strong>Aku ja jahutus<\/strong><\/h3>\n\n<p>Pocket Micro sisaldab 2600 mAh akut, mis tagab kuni 6 tundi pidevat m\u00e4ngimist. T\u00e4iustatud \u00f5hkjahutusega aktiivne soojuse hajutuss\u00fcsteem aitab v\u00e4ltida j\u00f5udluse v\u00e4henemist pikemate m\u00e4ngusessioonide ajal, tagades \u00fchtlase j\u00f5udluse. <\/p>\n\n<h3 class=\"wp-block-heading\" id=\"h-additional-features\"><strong>T\u00e4iendavad omadused<\/strong><\/h3>\n\n<p>Seade \u00fchendab biomeetrilise autentimise vooluklahvi ja helis\u00f5rmej\u00e4lje tuvastamise. Samuti pakub see SoundTAP Magic Sound Vibration, Xinput Vibration, mitme stseeni toimimisre\u017eiimi ja kohandatavat klahvide kaardistamist isikup\u00e4rastatud m\u00e4ngukogemuse saavutamiseks. <\/p>\n\n<h3 class=\"wp-block-heading\" id=\"h-visual-appeal\"><strong>Visuaalne atraktiivsus<\/strong><\/h3>\n\n<p>Visuaalselt silmatorkavaks disainitud Pocket Micro on \u00f5hukese profiili ja retroh\u00f5ngulise esteetikaga. Selle eluj\u00f5uline ekraan ja kvaliteetne metallist tekstuur suurendavad selle v\u00e4limust, muutes selle atraktiivseks valikuks nii kollektsion\u00e4\u00e4ridele kui ka m\u00e4ngijatele. <\/p>\n\n<h3 class=\"wp-block-heading\" id=\"h-conclusion\">Kokkuv\u00f5te<\/h3>\n\n<p>AYANEO Pocket Micro on hoolikalt valmistatud pihuarvuti, mis \u00fchendab retro-armastuse ja kaasaegse funktsionaalsuse. Selle l\u00e4bim\u00f5eldud disain ja kvaliteetne ehitus tagavad erakordse m\u00e4ngukogemuse kompaktses ja stiilses pakendis. Olenemata sellest, kas sa taaskasutad klassikalisi m\u00e4nge v\u00f5i avastad uusi m\u00e4nge, Pocket Micro on meeldiv lisa igale m\u00e4ngukomplektile.  <\/p>\n","protected":false},"excerpt":{"rendered":"<ul>\n<li>Protsessor: <strong>G99<\/strong><\/li>\n<li>N\u00e4ita: 3,5&#8243; <strong>piirideta<\/strong> <strong> IPS<\/strong><\/li>\n<li>RAM: kuni <strong>8 GB<\/strong> LPDDR4X @ <strong>4266 MT\/s<\/strong><\/li>\n<li>Ladustamine: 2.2<\/li>\n<li>\u00dchendatavus: <strong>5<\/strong> ja Bluetooth <strong>5.2<\/strong> tugi<\/li>\n<\/ul>\n<p><img fetchpriority=\"high\" decoding=\"async\" src=\"https:\/\/ayaneo.co\/wp-content\/uploads\/2024\/08\/MICRO-GIFTS-NEW-NOGRIPS.jpg\" alt=\"Musta kaitsekarbi ja v\u00e4ikese ristk\u00fclikukujulise karbi (t\u00f5en\u00e4oliselt ekraani kaitsekile) k\u00f5rval on kujutatud tekst, mis k\u00f5lab j\u00e4rgmiselt.  \" free=\"\" gifts=\"\" protective=\"\" case=\"\" screen=\"\" protector=\"\" automatically=\"\" added=\"\" to=\"\" cart.=\"\" the=\"\" box=\"\" has=\"\" pocket=\"\" micro=\"\" visible=\"\" on=\"\" it.=\"\" width=\"550\" height=\"140\" class=\"alignnone size-full wp-image-24520\" srcset=\"https:\/\/ayaneo.co\/wp-content\/uploads\/2024\/08\/MICRO-GIFTS-NEW-NOGRIPS.jpg 550w, https:\/\/ayaneo.co\/wp-content\/uploads\/2024\/08\/MICRO-GIFTS-NEW-NOGRIPS-300x76.jpg 300w, https:\/\/ayaneo.co\/wp-content\/uploads\/2024\/08\/MICRO-GIFTS-NEW-NOGRIPS-441x112.jpg 441w, https:\/\/ayaneo.co\/wp-content\/uploads\/2024\/08\/MICRO-GIFTS-NEW-NOGRIPS-150x38.jpg 150w\" sizes=\"(max-width: 550px) 100vw, 550px\" \/><\/p>\n[cg_accordion title=\"MAKSUINFO\"]<\/p>\n<p>Me kasutame uusimat makset\u00f6\u00f6tlustehnoloogiat, mis v\u00f5imaldab teil kiiret ja turvalist maksmist Apple Pay, Google Pay, deebet-\/krediitkaardi, PayPali v\u00f5i BNPL-meetodite, nagu Klarna, Affirm v\u00f5i AfterPay kaudu.[\/cg_accordion]\n[cg_accordion title=\"GARANTSIOON\"]<\/p>\n<p>1 aasta garantii <a href=\"https:\/\/droix.net\/\" target=\"_blank\" rel=\"nofollow noopener\">DROIX Global<\/a> ilt teie meelerahu tagamiseks[\/cg_accordion]\n[cg_accordion title=\"HINNAKUJUNDUS, MAKSUD JA KOHALETOIMETAMINE\"]<\/p>\n<p><strong><u>M\u00e4rkus:<\/u><\/strong><\/p>\n<ul>\n<li>Ameerika \u00dchendriikide kliendid: N\u00e4idatud hind ei sisalda makse ega tollimaksu. Vastutus tollivormistuse ja sellega seotud maksude\/tollimaksude tasumise eest lasub kliendil. <\/li>\n<li>ELi kliendid: N\u00e4idatud hind sisaldab kohaldatavat MAKSU, mis v\u00f5ib s\u00f5ltuvalt teie riigist olla kuni 25%.<\/li>\n<li>Kanada kliendid: N\u00e4idatud hind sisaldab kohaldatavaid makse, mis v\u00f5ivad sisaldada 5% GST ja t\u00e4iendavaid provintsi m\u00fc\u00fcgimakse (PST), \u00fchtlustatud m\u00fc\u00fcgimaksu (HST) v\u00f5i Quebeci m\u00fc\u00fcgimaksu (QST), s\u00f5ltuvalt teie provintsist.<\/li>\n<\/ul>\n<p><strong>AINULT ELi klientidele:<\/strong> Express DDP (Delivered Duty Paid). See t\u00e4hendab: <\/p>\n<ul>\n<li>K\u00f5ik tollimaksud ja maksud sisalduvad toote lehel n\u00e4idatud hinnas.<\/li>\n<li>Te ei pea tarnimisel lisatasusid maksma.<\/li>\n<li>Harva esinevate tolliprobleemide korral tegeleb meie meeskond teie nimel tollivormistusega, et tagada sujuv tarne.<\/li>\n<p>Oluline teave tagastuste kohta:<\/p>\n<li>Kui otsustate oma tellimuse tagastada v\u00f5i taotleda raha tagasi, siis pidage meeles, et teie eest DDP tingimuste alusel makstud makse ja tollimakse ei saa tagasi maksta.<\/li>\n<p>\u00dcksikasjalikku teavet leiate meie <a href=\"https:\/\/ayaneo.co\/et\/teenuse-tingimused\/\" target=\"_blank\" rel=\"nofollow noopener\">Tingimustest<\/a>.\n<\/ul>\n<p>[\/cg_accordion]\n[cg_accordion title=\"KLIENDITUGI\"]<\/p>\n<p>Kas teil on k\u00fcsimus? Oleme l\u00fchikese teksti kaugusel sellest, et teie k\u00fcsimus oleks lahendatud!<br \/>\n[\/cg_accordion]\n[cg_accordion title=\"Pakett sisaldab\"]<\/p>\n<ul>\n<li>1x AYANEO Pocket Micro<\/li>\n<li>1x USB Type-C kaabel<\/li>\n<li>1x kasutusjuhend<\/li>\n<\/ul>\n<p>[\/cg_accordion]\n","protected":false},"featured_media":6920,"template":"","meta":{"_acf_changed":false},"product_brand":[],"product_cat":[591],"product_tag":[],"class_list":{"0":"post-5035","1":"product","2":"type-product","3":"status-publish","4":"has-post-thumbnail","6":"product_cat-androidi-mangude-pihuarvuti","7":"product_shipping_class-standard","8":"pa_brand-ayaneo","9":"pa_graphics-gpu-model-g57","10":"pa_operating-system-android-13","11":"pa_processor-cpu-brand-mediatek","13":"first","14":"outofstock","15":"taxable","16":"shipping-taxable","17":"purchasable","18":"product-type-variable","19":"has-default-attributes"},"acf":[],"_links":{"self":[{"href":"https:\/\/ayaneo.co\/et\/wp-json\/wp\/v2\/product\/5035","targetHints":{"allow":["GET"]}}],"collection":[{"href":"https:\/\/ayaneo.co\/et\/wp-json\/wp\/v2\/product"}],"about":[{"href":"https:\/\/ayaneo.co\/et\/wp-json\/wp\/v2\/types\/product"}],"wp:featuredmedia":[{"embeddable":true,"href":"https:\/\/ayaneo.co\/et\/wp-json\/wp\/v2\/media\/6920"}],"wp:attachment":[{"href":"https:\/\/ayaneo.co\/et\/wp-json\/wp\/v2\/media?parent=5035"}],"wp:term":[{"taxonomy":"product_brand","embeddable":true,"href":"https:\/\/ayaneo.co\/et\/wp-json\/wp\/v2\/product_brand?post=5035"},{"taxonomy":"product_cat","embeddable":true,"href":"https:\/\/ayaneo.co\/et\/wp-json\/wp\/v2\/product_cat?post=5035"},{"taxonomy":"product_tag","embeddable":true,"href":"https:\/\/ayaneo.co\/et\/wp-json\/wp\/v2\/product_tag?post=5035"}],"curies":[{"name":"wp","href":"https:\/\/api.w.org\/{rel}","templated":true}]}}