{"id":5071,"date":"2024-09-20T09:49:52","date_gmt":"2024-09-20T09:49:52","guid":{"rendered":"https:\/\/ayaneo.co\/product\/ayaneo-pocket-s-tarvikud\/"},"modified":"2025-12-09T00:25:53","modified_gmt":"2025-12-09T00:25:53","slug":"ayaneo-pocket-s-tarvikud","status":"publish","type":"product","link":"https:\/\/ayaneo.co\/et\/product\/ayaneo-pocket-s-tarvikud\/","title":{"rendered":"AYANEO Pocket S Tarvikud"},"content":{"rendered":"\n<p>T\u00f5sta oma AYANEO Pocket S m\u00e4ngukogemust selle kohustusliku lisavarustuse komplektiga, mis on loodud kaitsmiseks, mugavuseks ja paremaks m\u00e4ngimiseks.<\/p>\n\n<ul class=\"wp-block-list\">\n<li><strong>2-in-1 magnetiline klappkaitsekott<\/strong>: See uuendusliku ergonoomilise disainiga \u00fcmbris \u00fchendab endas stiili ja funktsionaalsuse. Kaitsekaanel on magnetiline klappkate, mis kindlustab teie seadme, v\u00f5imaldades samal ajal h\u00f5lpsat juurdep\u00e4\u00e4su. Libisemiskindel tekstuur tagab kindla haardumise ja suure suurusega k\u00e4epide pakub mugavat hoidmist pikkade m\u00e4ngusessioonide ajal. See kaitsekott on ideaalne kaaslane, mis kaitseb teie AYANEO Pocket S igap\u00e4evase kulumise eest, olgu see siis kodus v\u00f5i teel.   <\/li>\n\n\n\n<li><strong>Ekraanikaitse<\/strong>: Kaitske oma ekraani kvaliteetse, \u00fclikiire ekraanikaitsekilega. See on loodud vastu pidama kriimustustele, mustustele ja s\u00f5rmej\u00e4lgedele ning tagab, et ekraan j\u00e4\u00e4b sama elavaks ja tundlikuks kui kunagi varem. Selle h\u00f5lpsasti paigaldatav disain tagab mullivaba paigalduse, hoides ekraani puutumatuna, s\u00e4ilitades samal ajal puutetundlikkuse, et m\u00e4ngimine oleks sujuv ja katkematu.  <\/li>\n\n\n\n<li><strong>P\u00f6idlak\u00e4epidemed<\/strong>: Parandage oma kontrolli k\u00f5rgekvaliteediliste p\u00f6idlahoidjate abil. Need analoogpulkade silikoonist katted pakuvad suurep\u00e4rast haardumist ja t\u00e4psust, aidates teil s\u00e4ilitada kontrolli ka k\u00f5ige intensiivsemates m\u00e4nguhetkedes. Need p\u00f6idlahoidjad on loodud v\u00e4simuse v\u00e4hendamiseks ja mugavuse parandamiseks ning v\u00f5imaldavad t\u00e4psemaid liigutusi, andes sulle vajaliku konkurentsieelise.  <\/li>\n<\/ul>\n\n<p>See lisatarvikute komplekt tagab, et teie AYANEO Pocket S on kaitstud ja tegevuseks valmis, parandades samal ajal m\u00e4ngukogemust ergonoomiliste t\u00e4iustustega.<\/p>\n","protected":false},"excerpt":{"rendered":"[cg_accordion title=\"MAKSUINFO\"]<\/p>\n<p>Me kasutame uusimat makset\u00f6\u00f6tlustehnoloogiat, mis v\u00f5imaldab teil kiiret ja turvalist maksmist Apple Pay, Google Pay, deebet-\/krediitkaardi, PayPali v\u00f5i BNPL-meetodite, nagu Klarna, Affirm v\u00f5i AfterPay kaudu.[\/cg_accordion]\n[cg_accordion title=\"GARANTSIOON\"]<\/p>\n<p>1 aasta garantii <a href=\"https:\/\/droix.net\/\" target=\"_blank\" rel=\"nofollow noopener\">DROIX Global<\/a> ilt teie meelerahu tagamiseks[\/cg_accordion]\n[cg_accordion title=\"HINNAKUJUNDUS, MAKSUD JA KOHALETOIMETAMINE\"]<\/p>\n<p><strong><u>M\u00e4rkus:<\/u><\/strong><\/p>\n<ul>\n<li>Ameerika \u00dchendriikide kliendid: N\u00e4idatud hind ei sisalda makse ega tollimaksu. Vastutus tollivormistuse ja sellega seotud maksude\/tollimaksude tasumise eest lasub kliendil. <\/li>\n<li>ELi kliendid: N\u00e4idatud hind sisaldab kohaldatavat MAKSU, mis v\u00f5ib s\u00f5ltuvalt teie riigist olla kuni 25%.<\/li>\n<li>Kanada kliendid: N\u00e4idatud hind sisaldab kohaldatavaid makse, mis v\u00f5ivad sisaldada 5% GST ja t\u00e4iendavaid provintsi m\u00fc\u00fcgimakse (PST), \u00fchtlustatud m\u00fc\u00fcgimaksu (HST) v\u00f5i Quebeci m\u00fc\u00fcgimaksu (QST), s\u00f5ltuvalt teie provintsist.<\/li>\n<\/ul>\n<p><strong>AINULT ELi klientidele:<\/strong> Express DDP (Delivered Duty Paid). See t\u00e4hendab: <\/p>\n<ul>\n<li>K\u00f5ik tollimaksud ja maksud sisalduvad toote lehel n\u00e4idatud hinnas.<\/li>\n<li>Te ei pea tarnimisel lisatasusid maksma.<\/li>\n<li>Harva esinevate tolliprobleemide korral tegeleb meie meeskond teie nimel tollivormistusega, et tagada sujuv tarne.<\/li>\n<p>Oluline teave tagastuste kohta:<\/p>\n<li>Kui otsustate oma tellimuse tagastada v\u00f5i taotleda raha tagasi, siis pidage meeles, et teie eest DDP tingimuste alusel makstud makse ja tollimakse ei saa tagasi maksta.<\/li>\n<p>\u00dcksikasjalikku teavet leiate meie <a href=\"https:\/\/ayaneo.co\/terms-of-service-2\/\" target=\"_blank\" rel=\"nofollow noopener\">Tingimustest<\/a>.\n<\/ul>\n<p>[\/cg_accordion]\n[cg_accordion title=\"KLIENDITUGI\"]<\/p>\n<p>Kas teil on k\u00fcsimus? Oleme l\u00fchikese teksti kaugusel sellest, et teie k\u00fcsimus oleks lahendatud!<br \/>\n[\/cg_accordion]\n","protected":false},"featured_media":5073,"template":"","meta":{"_acf_changed":false},"product_brand":[],"product_cat":[557],"product_tag":[],"class_list":{"0":"post-5071","1":"product","2":"type-product","3":"status-publish","4":"has-post-thumbnail","6":"product_cat-tarvikud","7":"product_shipping_class-low-end","8":"pa_accessory-type-grip-et","9":"pa_accessory-type-protective-case-et","10":"pa_accessory-type-screen-protector-et","11":"pa_brand-ayaneo","13":"first","14":"instock","15":"sale","16":"taxable","17":"shipping-taxable","18":"purchasable","19":"product-type-simple"},"acf":[],"_links":{"self":[{"href":"https:\/\/ayaneo.co\/et\/wp-json\/wp\/v2\/product\/5071","targetHints":{"allow":["GET"]}}],"collection":[{"href":"https:\/\/ayaneo.co\/et\/wp-json\/wp\/v2\/product"}],"about":[{"href":"https:\/\/ayaneo.co\/et\/wp-json\/wp\/v2\/types\/product"}],"wp:featuredmedia":[{"embeddable":true,"href":"https:\/\/ayaneo.co\/et\/wp-json\/wp\/v2\/media\/5073"}],"wp:attachment":[{"href":"https:\/\/ayaneo.co\/et\/wp-json\/wp\/v2\/media?parent=5071"}],"wp:term":[{"taxonomy":"product_brand","embeddable":true,"href":"https:\/\/ayaneo.co\/et\/wp-json\/wp\/v2\/product_brand?post=5071"},{"taxonomy":"product_cat","embeddable":true,"href":"https:\/\/ayaneo.co\/et\/wp-json\/wp\/v2\/product_cat?post=5071"},{"taxonomy":"product_tag","embeddable":true,"href":"https:\/\/ayaneo.co\/et\/wp-json\/wp\/v2\/product_tag?post=5071"}],"curies":[{"name":"wp","href":"https:\/\/api.w.org\/{rel}","templated":true}]}}