{"id":5104,"date":"2024-10-28T15:23:02","date_gmt":"2024-10-28T15:23:02","guid":{"rendered":"https:\/\/ayaneo.co\/product\/aya-neo-2s\/"},"modified":"2025-04-11T12:11:38","modified_gmt":"2025-04-11T12:11:38","slug":"aya-neo-2s","status":"publish","type":"product","link":"https:\/\/ayaneo.co\/et\/product\/aya-neo-2s\/","title":{"rendered":"AYA NEO 2S"},"content":{"rendered":"\n<p><strong>AYA NEO 2S: Ultimate Portable Gaming PC<\/strong> <\/p>\n\n<p>Tutvustame AYA NEO 2S-i, mis on kaasaskantavate m\u00e4ngukompuutrite tipp. See mobiilne m\u00e4ngukompuuter, mis on m\u00f5eldud erakordse j\u00f5udluse tagamiseks kompaktses formaadis, on loodud selleks, et muuta revolutsiooniliselt seda, kuidas te m\u00e4ngite teel olles. T\u00e4nu v\u00f5imsale AMD Ryzeni protsessorile, kvaliteetsele graafikale, kaasahaaravale ekraanile ja t\u00e4iustatud funktsioonidele on AYA NEO 2S parim k\u00e4ep\u00e4rane m\u00e4ngukompuuter, mis \u00fcletab teie ootusi.    <\/p>\n\n<p><strong>Elegantne ja stiilne: Valige oma stiil<\/strong> <\/p>\n\n<p>AYA NEO 2S on saadaval erinevates atraktiivsetes korpuse v\u00e4rvides, mis sobivad teie isikliku stiiliga. \u00dcksk\u00f5ik, kas eelistate klassikalist elegantsi Starry Black, p\u00f5lise ilu Sky White, retroh\u00f5ngu Retro Power v\u00f5i elavat m\u00e4ngulisust B.Duck Pink &amp; Blue v\u00f5i B.Duck Joyful Black - iga\u00fchele on sobiv v\u00e4rvivalik. See ei paku mitte ainult v\u00f5imsat j\u00f5udlust, vaid n\u00e4eb ka elegantse ja stiilse v\u00e4limusega v\u00e4lja, mis teeb sellest t\u00f5elise eseme, kuhu iganes te seda ka ei viiks.    <\/p>\n\n<p><strong>Vabastage oma m\u00e4ngupotentsiaal AMD Ryzeni v\u00f5imsusega<\/strong> <\/p>\n\n<p><a href=\"https:\/\/www.amd.com\/en\/products\/apu\/amd-ryzen-7-7840u\" target=\"_blank\" rel=\"noreferrer noopener\">AMD Ryzen 7 7840U<\/a> protsessoriga varustatud AYA NEO 2S pakub erakordset t\u00f6\u00f6tlusv\u00f5imsust, mis v\u00f5imaldab sujuvat m\u00e4ngimist ja multitegutsemist. Selle 8 tuuma ja 16 l\u00f5imega protsessor saavutab 3,3 GHz p\u00f5hitaktimiskiiruse ja 5,1 GHz maksimaalse v\u00f5imendustaktimiskiiruse. See tagab uskumatu reageerimisv\u00f5ime ja t\u00f5hususe, tagades sujuva m\u00e4ngimise ja v\u00e4lkkiire laadimisaja. Olenemata sellest, kas vallutad vaenlasi v\u00f5i lood sisu, AYA NEO 2S peab sinu n\u00f5udmistega vaevata sammu.     <\/p>\n\n<p><strong>Kaasahaarav graafika unustamatuks m\u00e4ngimiseks<\/strong> <\/p>\n\n<p><a href=\"https:\/\/www.nvidia.com\/en-gb\/geforce\/gaming-laptops\/geforce-gtx-780m\/\" target=\"_blank\" rel=\"noreferrer noopener\">AMD Radeon 780M<\/a> graafikaga AYA NEO 2S viib sinu m\u00e4ngukogemuse uutesse k\u00f5rgustesse. 12 s\u00fcdamiku ja 2700 MHz graafikasagedusega graafikasagedusega tagab see h\u00e4mmastava visuaali ja sujuva kaadrisageduse. Alates detailirohketest keskkondadest kuni elutruude tegelaskuju animatsioonideni - k\u00f5ik teie lemmikm\u00e4ngude aspektid \u00e4rkavad k\u00e4ep\u00e4rases m\u00e4ngukompuutris ellu. Valmistu hingematva graafika lummamiseks ja sukeldu m\u00e4ngumaailma nagu kunagi varem.     <\/p>\n\n<p><strong>Saamatu multitegumt\u00f6\u00f6tlus suure kiirusega RAM-i abil<\/strong> <\/p>\n\n<p>AYA NEO 2S mobiilne m\u00e4ngukompuuter on varustatud erinevate kiirete RAM-variantidega, sealhulgas 16 GB, 32 GB v\u00f5i 64 GB <a href=\"https:\/\/en.wikipedia.org\/wiki\/LPDDR\" target=\"_blank\" rel=\"noreferrer noopener\">LPDDR5X-m\u00e4lu<\/a>, mille taktimaht on 7500 MT\/s. See uuenduslik RAM tagab sujuva multitaskingu ja v\u00f5imaldab teil k\u00e4ivitada mitu rakendust samaaegselt ilma viivituse v\u00f5i aeglustuseta. Olgu tegemist siis m\u00e4ngimise, voogedastuse v\u00f5i redigeerimisega, AYA NEO 2S m\u00e4lumaht on piisav, et seda k\u00f5ike h\u00f5lpsasti teha.    <\/p>\n\n<p><strong>Massiivne salvestusruum teie m\u00e4ngude raamatukogu jaoks<\/strong> <\/p>\n\n<p>AYA NEO 2S-i puhul ei ole hoiuruum kunagi probleemiks. Vali suure hulga salvestusruumi valikute vahel, alates 512 GB kuni tohutu 4TB m.2 2280 <a href=\"https:\/\/en.wikipedia.org\/wiki\/Solid-state_drive\" target=\"_blank\" rel=\"noreferrer noopener\">SSD<\/a>. See t\u00e4hendab, et saate salvestada k\u00f5ik oma lemmikm\u00e4ngud, videod ja failid, ilma et peaksite muretsema ruumi l\u00f5ppemise p\u00e4rast. \u00dctle h\u00fcvasti m\u00e4ngude kustutamisega, et teha ruumi uutele m\u00e4ngudele, ja hoia kogu oma m\u00e4ngude raamatukogu k\u00e4eulatuses.     <\/p>\n\n<p><strong>Immersiivne ekraan uimastavate visuaalide jaoks<\/strong> <\/p>\n\n<p>AYA NEO 2S-l on briljantne 7-tolline IPS ekraan, millel ei ole katikukujundust, mis maksimeerib vaatamiskogemust. Eraldusv\u00f5ime 1920&#215;1200 ja pikslitihedus 323 PPI tagavad, et iga detail on terav ja elav. Ekraani heledus on 500 nitti, mis v\u00f5imaldab teil m\u00e4nge nautida ka eredalt valgustatud keskkonnas. AYA NEO 2S on 130% <a href=\"https:\/\/en.wikipedia.org\/wiki\/SRGB\" target=\"_blank\" rel=\"noreferrer noopener\">sRGB<\/a> v\u00e4rvit\u00e4psusega ja kontrastsusega 1200:1, mist\u00f5ttu on v\u00e4rvid AYA NEO 2S-l erakordselt eluj\u00f5ulised ja s\u00fcgavad. Kogege oma lemmikm\u00e4nge sellel uimastaval kuvaril nagu kunagi varem.      <\/p>\n\n<p><strong>T\u00e4ppisjuhtimine v\u00f5rratu m\u00e4ngupildi jaoks<\/strong> <\/p>\n\n<p>AYA NEO 2S on loodud selleks, et pakkuda t\u00e4pset juhtimist ja kaasahaaravat m\u00e4ngukogemust. Sellel on <a href=\"https:\/\/thegamingsetup.com\/guides\/hall-effect-joysticks\" target=\"_blank\" rel=\"noreferrer noopener\">hall-efektianduriga<\/a> juhtkontroller, mis tagab sujuva ja t\u00e4pse sisendi iga liigutuse puhul. Lineaarsed saali p\u00e4\u00e4stikud pakuvad \u00fclitundlikku tagasisidet, mis v\u00f5imaldab teil h\u00f5lpsasti sooritada t\u00e4pseid tegevusi. AYA NEO 2S-i abil on sul \u00fclim kontroll k\u00e4es.     <\/p>\n\n<p><strong>Vabastage oma m\u00e4ngupotentsiaal kahekordse kuueteljelise g\u00fcroskoobiga<\/strong> <\/p>\n\n<p>AYA NEO 2S viib m\u00e4ngimise j\u00e4rgmisele tasemele t\u00e4nu kahele kuueteljelisele g\u00fcroskoobile. See uuenduslik funktsioon v\u00f5imaldab t\u00e4iustatud liikumisandurit, mis v\u00f5imaldab teil m\u00e4ngudega intuitiivsemalt ja kaasahaaravamalt suhelda. AYA NEO 2S t\u00f5lgib teie liigutused t\u00e4pselt m\u00e4ngu, olenemata sellest, kas te kallutate, keerate v\u00f5i p\u00f6\u00f6rate, pakkudes t\u00f5eliselt kaasahaaravat m\u00e4ngukogemust.    <\/p>\n\n<p><strong>Tunne m\u00e4ngu HD lineaarmootori vibratsiooniga<\/strong> <\/p>\n\n<p>AYA NEO 2S on varustatud HD lineaarse mootoriga vibratsioonis\u00fcsteemiga, mis lisab m\u00e4ngimisele uue m\u00f5\u00f5tme. Tunne iga plahvatuse l\u00f6\u00f6ki, mootori m\u00fcrinat ja lahingu pinget, sest vibratsioonis\u00fcsteem \u00e4ratab sinu m\u00e4ngud ellu. Sukeldu maailma, kus tunned iga hetke, viies m\u00e4ngukogemuse t\u00e4iesti uuele realistlikule tasemele.    <\/p>\n\n<p><strong>T\u00f5hus soojuse hajutamine optimaalse j\u00f5udluse tagamiseks<\/strong> <\/p>\n\n<p>AYA NEO 2S sisaldab t\u00e4iustatud soojuse hajutamise tehnoloogiat, et tagada optimaalne j\u00f5udlus ka pikemate m\u00e4ngusessioonide ajal. T\u00e4nu 3+1 kolme vasktoru konstruktsioonile, suurele vaseplaadile ja grafeenplaadile hajutab see pihuarvuti t\u00f5husalt soojust, hoides temperatuuri madalal ja j\u00f5udluse k\u00f5rgel. H\u00fcvasti \u00fclekuumenemisega ja naudi katkematuid m\u00e4ngusessioone AYA NEO 2Siga.    <\/p>\n\n<p><strong>\u00dchendusv\u00f5imalused mitmek\u00fclgseks m\u00e4ngimiseks<\/strong> <\/p>\n\n<p>AYA NEO 2S pakub mitmeid \u00fchendusv\u00f5imalusi, et suurendada m\u00e4ngukogemust. Kahe USB 4 Type-C pordi ja eGPU \u00fchenduvuse, USB 3.2 Type-C pordi ja 3,5 mm k\u00f5rvaklapipesa abil saad \u00fchendada oma lemmikperifeeriaseadmeid kohandatud m\u00e4ngude seadistuse jaoks. \u00c4\u00e4rmiselt kiire Micro SD-kaardi pesa toetab kuni 300 MB\/s, mis v\u00f5imaldab teil h\u00f5lpsasti laiendada oma salvestusv\u00f5imalusi. AYA NEO 2S-i abil on sul paindlikkus m\u00e4ngida oma tahtmise j\u00e4rgi.     <\/p>\n\n<p><strong>Saamatu \u00fchenduvus Wi-Fi 6E ja Bluetooth 5.2 abil<\/strong> <\/p>\n\n<p>AYA NEO 2S on varustatud Wi-Fi 6E ja Bluetooth 5.2 tehnoloogiaga, mis tagab sujuva \u00fchenduvuse ja kiire andmeedastuskiiruse. \u00dchendage end v\u00e4lkkiirelt internetti, nautige sujuvat online-m\u00e4ngimist ja \u00fchendage oma lemmik Bluetooth-seadmed h\u00f5lpsasti. Olenemata sellest, kas m\u00e4ngid, striimid v\u00f5i surfad, AYA NEO 2S hoiab sind \u00fchenduses ja valmis tegutsema.    <\/p>\n\n<p><strong>Turvaline ja mugav s\u00f5rmej\u00e4lgede tuvastamine<\/strong> <\/p>\n\n<p>Ava oma AYA NEO 2S kiiresti ja turvaliselt lahti, kasutades sisseehitatud s\u00f5rmej\u00e4ljetuvastust toitenupul. Enam ei pea muretsema paroolide v\u00f5i PIN-koodidega - asetage lihtsalt s\u00f5rm toitenupule ja olete valmis. See mugav funktsioon tagab meelerahu, teades, et teie pihuarvuti on kaitstud volitamata juurdep\u00e4\u00e4su eest.    <\/p>\n\n<p><strong>Pikaajaline aku pikemateks m\u00e4ngusessioonideks<\/strong> <\/p>\n\n<p>AYA NEO 2S pihuarvuti on varustatud suure v\u00f5imsusega 13050mAh 50,25Wh akuga, mis v\u00f5imaldab teil nautida pikemaid m\u00e4ngusessioone, ilma et peaksite muretsema energia l\u00f5ppemise p\u00e4rast. Olenemata sellest, kas m\u00e4ngite teel v\u00f5i kodus, AYA NEO 2S peab teie m\u00e4ngun\u00f5udlusega sammu, tagades, et te ei j\u00e4\u00e4ks hetkekski m\u00e4ngust ilma.   <\/p>\n\n<p><strong>Kogemused Power of Windows 11<\/strong> <\/p>\n\n<p>AYA NEO 2S on eelinstalleeritud Windows 11 Home Edition, mis on Microsofti uusim operatsioonis\u00fcsteem. Saate kasu sujuvast ja intuitiivsest kasutajaliidesest, paremast m\u00e4ngude j\u00f5udlusest ning juurdep\u00e4\u00e4sust suurele hulga m\u00e4ngude ja rakenduste raamatukogule. <a href=\"https:\/\/en.wikipedia.org\/wiki\/Windows_11\" target=\"_blank\" rel=\"noreferrer noopener\">Windows 11<\/a> viib teie m\u00e4ngukogemuse j\u00e4rgmisele tasemele ja AYA NEO 2S on ideaalne platvorm selle t\u00e4ieliku potentsiaali \u00e4rakasutamiseks.   <\/p>\n\n<p><strong>Kompaktne ja kerge m\u00e4ngimiseks teel olles<\/strong> <\/p>\n\n<p>AYA NEO 2S kaasaskantav m\u00e4ngukompuuter, mille m\u00f5\u00f5tmed on vaid 10,3 x 4,1 x 0,8 tolli (26,4 x 10,5 x 2,1 cm) ja kaal vaid 667 g, on just selleks m\u00f5eldud. L\u00fckka see kotti v\u00f5i taskusse ja oled valmis m\u00e4nguseiklusteks k\u00f5ikjale kaasa v\u00f5tma. Olenemata sellest, kas oled teel, reisil v\u00f5i lihtsalt kodus l\u00f5\u00f5gastumas, v\u00f5imaldab AYA NEO 2S kompaktne m\u00e4ngukompuuter sulle m\u00e4ngimisele anduda alati ja igal pool, kui ja kus inspiratsioon sind tabab.    <\/p>\n\n<p><strong>Miks te peaksite ostma AYA NEO 2Si<\/strong> <\/p>\n\n<p>Kogege m\u00e4ngude tulevikku koos AYA NEO 2Siga. Selles kaasaskantavas m\u00e4nguriarvutis on \u00fchendatud v\u00f5imas j\u00f5udlus, uimastavad visuaalid, t\u00e4pne juhtimine ja t\u00e4iustatud funktsioonid kompaktses ja stiilses pakendis. Olenemata sellest, kas oled juhum\u00e4ngija, hardcore-huviline v\u00f5i sisu looja, AYA NEO 2S on sinu v\u00e4rav l\u00f5putute v\u00f5imaluste juurde. V\u00f5ta omaks kaasaskantava m\u00e4ngimise vabadus ja vallanda oma m\u00e4ngupotentsiaal AYA NEO 2Siga.     <\/p>\n\n<p><strong>AYA NEO 2S plussid:<\/strong> <\/p>\n\n<ul class=\"wp-block-list\">\n<li>V\u00f5imas j\u00f5udlus: AMD Ryzen 7 7840U protsessor ja AMD Radeon 780M graafika tagavad erakordse j\u00f5udluse, mis v\u00f5imaldab sujuvat m\u00e4ngimist ja multitegutsemist.  <\/li>\n\n\n\n<li>Kompaktne ja kaasaskantav: AYA NEO 2S on oma v\u00e4ikese suuruse ja kerge konstruktsiooniga v\u00e4ga kaasaskantav, mist\u00f5ttu on seda lihtne m\u00e4ngimiseks kaasa v\u00f5tta.  <\/li>\n<\/ul>\n\n<ul class=\"wp-block-list\">\n<li>Immersiivne ekraan: 7-tolline IPS suure eraldusv\u00f5imega ja elavate v\u00e4rvidega ekraan pakub kaasahaaravat m\u00e4ngukogemust, mis \u00e4ratab m\u00e4ngud ellu.  <\/li>\n\n\n\n<li>T\u00e4pne kontroll: Peakontroller koos saaliefektanduriga pulkade ja lineaarsete saali p\u00e4\u00e4stikutega tagab t\u00e4pse kontrolli t\u00e4iustatud m\u00e4ngupildi jaoks.  <\/li>\n\n\n\n<li>T\u00e4iustatud funktsioonid: AYA NEO 2S sisaldab selliseid funktsioone nagu kahekordne kuueteljeline g\u00fcroskoop, HD lineaarne mootorivibratsioon ja s\u00f5rmej\u00e4ljetuvastus, mis parandavad \u00fcldist m\u00e4ngukogemust.  <\/li>\n<\/ul>\n\n<p><\/p>\n\n<p><\/p>\n","protected":false},"excerpt":{"rendered":"<ul>\n<li>AMD<strong> Ryzen\u2122 7 7840U<\/strong> \/ Radeon 780M<\/li>\n<li><strong>kuni 64 GB<\/strong> LPDDR5X @ <strong>7500 MT\/s<\/strong><\/li>\n<li><strong>kuni 4TB<\/strong> kiire PCIe 4.0 M.2 2280 SSD <\/li>\n<li><strong>7<\/strong> \" <strong> LCD Puuteekraaniga ekraan<\/strong> <\/li>\n<li><strong>WiFi 6E<\/strong> ja <strong>Bluetooth 5.2<\/strong> tugi<\/li>\n<\/ul>\n[cg_accordion title=\"MAKSUINFO\"]<\/p>\n<p>Me kasutame uusimat makset\u00f6\u00f6tlustehnoloogiat, mis v\u00f5imaldab teil kiiret ja turvalist maksmist Apple Pay, Google Pay, deebet-\/krediitkaardi, PayPali v\u00f5i BNPL-meetodite, nagu Klarna, Affirm v\u00f5i AfterPay kaudu.[\/cg_accordion]\n[cg_accordion title=\"GARANTSIOON\"]<\/p>\n<p>1 aasta garantii <a href=\"https:\/\/droix.net\/\" target=\"_blank\" rel=\"nofollow noopener\">DROIX Global<\/a> ilt teie meelerahu tagamiseks[\/cg_accordion]\n[cg_accordion title=\"HINNAKUJUNDUS, MAKSUD JA KOHALETOIMETAMINE\"]<\/p>\n<p><strong><u>M\u00e4rkus:<\/u><\/strong><\/p>\n<ul>\n<li>Ameerika \u00dchendriikide kliendid: N\u00e4idatud hind ei sisalda makse ega tollimaksu. Vastutus tollivormistuse ja sellega seotud maksude\/tollimaksude tasumise eest lasub kliendil. <\/li>\n<li>ELi kliendid: N\u00e4idatud hind sisaldab kohaldatavat MAKSU, mis v\u00f5ib s\u00f5ltuvalt teie riigist olla kuni 25%.<\/li>\n<li>Kanada kliendid: N\u00e4idatud hind sisaldab kohaldatavaid makse, mis v\u00f5ivad sisaldada 5% GST ja t\u00e4iendavaid provintsi m\u00fc\u00fcgimakse (PST), \u00fchtlustatud m\u00fc\u00fcgimaksu (HST) v\u00f5i Quebeci m\u00fc\u00fcgimaksu (QST), s\u00f5ltuvalt teie provintsist.<\/li>\n<\/ul>\n<p><strong>AINULT ELi klientidele:<\/strong> Express DDP (Delivered Duty Paid). See t\u00e4hendab: <\/p>\n<ul>\n<li>K\u00f5ik tollimaksud ja maksud sisalduvad toote lehel n\u00e4idatud hinnas.<\/li>\n<li>Te ei pea tarnimisel lisatasusid maksma.<\/li>\n<li>Harva esinevate tolliprobleemide korral tegeleb meie meeskond teie nimel tollivormistusega, et tagada sujuv tarne.<\/li>\n<p>Oluline teave tagastuste kohta:<\/p>\n<li>Kui otsustate oma tellimuse tagastada v\u00f5i taotleda raha tagasi, siis pidage meeles, et teie eest DDP tingimuste alusel makstud makse ja tollimakse ei saa tagasi maksta.<\/li>\n<p>\u00dcksikasjalikku teavet leiate meie <a href=\"https:\/\/ayaneo.co\/terms-of-service-2\/\" target=\"_blank\" rel=\"nofollow noopener\">Tingimustest<\/a>.\n<\/ul>\n<p>[\/cg_accordion]\n[cg_accordion title=\"KLIENDITUGI\"]<\/p>\n<p>Kas teil on k\u00fcsimus? Oleme l\u00fchikese teksti kaugusel sellest, et teie k\u00fcsimus oleks lahendatud!<br \/>\n[\/cg_accordion]\n[cg_accordion title=\"Pakett sisaldab\"]<\/p>\n<ul>\n<li>1x AYANEO 2S<\/li>\n<li>1x USB Type-C kaabel<\/li>\n<li>2x USB C-A adapter<\/li>\n<li>1x 100W t\u00fc\u00fcpi A laadija<\/li>\n<li>1x USB Type-C kaabel<\/li>\n<li>1x G-t\u00fc\u00fcpi adapter1x E-t\u00fc\u00fcpi adapter<\/li>\n<li>1x I t\u00fc\u00fcpi adapter<\/li>\n<li>1x kasutusjuhend<\/li>\n<li>1x t\u00f6\u00f6riist ja kleebised seadme avamiseks<\/li>\n<li>1x asendus k\u00fclgkatted<\/li>\n<\/ul>\n<p>[\/cg_accordion]\n","protected":false},"featured_media":5115,"template":"","meta":{"_acf_changed":false},"product_brand":[],"product_cat":[550],"product_tag":[551],"class_list":{"0":"post-5104","1":"product","2":"type-product","3":"status-publish","4":"has-post-thumbnail","6":"product_cat-kaeshoitavad-manguriarvutid","7":"product_tag-pc-mangimine-pihuarvuti","8":"product_shipping_class-premium","9":"pa_brand-ayaneo","10":"pa_graphics-gpu-model-radeon-780m","11":"pa_operating-system-windows-11","12":"pa_processor-cpu-brand-amd","14":"first","15":"outofstock","16":"sale","17":"taxable","18":"shipping-taxable","19":"purchasable","20":"product-type-variable","21":"has-default-attributes"},"acf":[],"_links":{"self":[{"href":"https:\/\/ayaneo.co\/et\/wp-json\/wp\/v2\/product\/5104","targetHints":{"allow":["GET"]}}],"collection":[{"href":"https:\/\/ayaneo.co\/et\/wp-json\/wp\/v2\/product"}],"about":[{"href":"https:\/\/ayaneo.co\/et\/wp-json\/wp\/v2\/types\/product"}],"wp:featuredmedia":[{"embeddable":true,"href":"https:\/\/ayaneo.co\/et\/wp-json\/wp\/v2\/media\/5115"}],"wp:attachment":[{"href":"https:\/\/ayaneo.co\/et\/wp-json\/wp\/v2\/media?parent=5104"}],"wp:term":[{"taxonomy":"product_brand","embeddable":true,"href":"https:\/\/ayaneo.co\/et\/wp-json\/wp\/v2\/product_brand?post=5104"},{"taxonomy":"product_cat","embeddable":true,"href":"https:\/\/ayaneo.co\/et\/wp-json\/wp\/v2\/product_cat?post=5104"},{"taxonomy":"product_tag","embeddable":true,"href":"https:\/\/ayaneo.co\/et\/wp-json\/wp\/v2\/product_tag?post=5104"}],"curies":[{"name":"wp","href":"https:\/\/api.w.org\/{rel}","templated":true}]}}