{"id":6893,"date":"2025-01-17T11:00:37","date_gmt":"2025-01-17T11:00:37","guid":{"rendered":"https:\/\/ayaneo.co\/?post_type=product&#038;p=6893"},"modified":"2026-02-12T10:15:26","modified_gmt":"2026-02-12T10:15:26","slug":"ayaneo-pocket-evo","status":"publish","type":"product","link":"https:\/\/ayaneo.co\/et\/product\/ayaneo-pocket-evo\/","title":{"rendered":"AYANEO Pocket EVO"},"content":{"rendered":"\n<div class=\"wp-block-columns is-layout-flex wp-container-core-columns-is-layout-28f84493 wp-block-columns-is-layout-flex\">\n<div class=\"wp-block-column is-layout-flow wp-block-column-is-layout-flow\" style=\"flex-basis:33.33%\">\n<figure class=\"wp-block-image size-full\"><a href=\"https:\/\/ayaneo.co\/wp-content\/uploads\/2025\/01\/AYANEO-POCKET-EVO-MARKETING-DONE-28-1024x1024-1.jpg\"><img fetchpriority=\"high\" decoding=\"async\" width=\"1024\" height=\"1024\" src=\"https:\/\/ayaneo.co\/wp-content\/uploads\/2025\/01\/AYANEO-POCKET-EVO-MARKETING-DONE-28-1024x1024-1.jpg\" alt=\"AYANEO Pocket EVO valges, millel on 7-tolline OLED HDR 120Hz ekraan ja Snapdragon G3x Gen 2 m&#xE4;nguplatvorm, mis on kuvatud sinisest oran&#x17E;ini ulatuval taustal.\" class=\"wp-image-37442\" srcset=\"https:\/\/ayaneo.co\/wp-content\/uploads\/2025\/01\/AYANEO-POCKET-EVO-MARKETING-DONE-28-1024x1024-1.jpg 1024w, https:\/\/ayaneo.co\/wp-content\/uploads\/2025\/01\/AYANEO-POCKET-EVO-MARKETING-DONE-28-1024x1024-1-300x300.jpg 300w, https:\/\/ayaneo.co\/wp-content\/uploads\/2025\/01\/AYANEO-POCKET-EVO-MARKETING-DONE-28-1024x1024-1-150x150.jpg 150w, https:\/\/ayaneo.co\/wp-content\/uploads\/2025\/01\/AYANEO-POCKET-EVO-MARKETING-DONE-28-1024x1024-1-768x768.jpg 768w, https:\/\/ayaneo.co\/wp-content\/uploads\/2025\/01\/AYANEO-POCKET-EVO-MARKETING-DONE-28-1024x1024-1-65x65.jpg 65w, https:\/\/ayaneo.co\/wp-content\/uploads\/2025\/01\/AYANEO-POCKET-EVO-MARKETING-DONE-28-1024x1024-1-990x990.jpg 990w, https:\/\/ayaneo.co\/wp-content\/uploads\/2025\/01\/AYANEO-POCKET-EVO-MARKETING-DONE-28-1024x1024-1-441x441.jpg 441w, https:\/\/ayaneo.co\/wp-content\/uploads\/2025\/01\/AYANEO-POCKET-EVO-MARKETING-DONE-28-1024x1024-1-100x100.jpg 100w, https:\/\/ayaneo.co\/wp-content\/uploads\/2025\/01\/AYANEO-POCKET-EVO-MARKETING-DONE-28-1024x1024-1-600x600.jpg 600w\" sizes=\"(max-width: 1024px) 100vw, 1024px\" \/><\/a><\/figure>\n<\/div>\n\n\n\n<div class=\"wp-block-column is-layout-flow wp-block-column-is-layout-flow\" style=\"flex-basis:66.66%\">\n<h2 class=\"wp-block-heading\"><strong><strong>AYANEO Pocket EVO muudab k\u00e4eshoitavate m\u00e4ngude m\u00e4ngimise uuesti kindlaks<\/strong><\/strong><\/h2>\n\n\n\n<p><strong>AYANEO Pocket EVO on<\/strong> murranguline pihuarvuti m\u00e4ngukonsool, mis on loodud selleks, et avardada kaasaskantavate m\u00e4ngude piire. \u00dchendades tipptasemel tehnoloogia ergonoomilise ja elegantse disainiga, on see loodud m\u00e4ngijatele, kes ihkavad v\u00f5imsust, t\u00e4psust ja kaasaskantavust. Olenemata sellest, kas tegelete AAA-m\u00e4ngude v\u00f5i indie-aarete avastamisega, Pocket EVO pakub sulle k\u00f5ikv\u00f5imalikke v\u00f5imalusi.  <\/p>\n<\/div>\n<\/div>\n\n<hr class=\"wp-block-separator has-alpha-channel-opacity\"\/>\n\n<h2 class=\"wp-block-heading has-text-align-center\"><strong>AYANEO Pocket EVO: kolm sammast: t\u00e4psusjuhtimine, j\u00f5udlus ja ergonoomika<\/strong><\/h2>\n\n<div class=\"wp-block-columns is-layout-flex wp-container-core-columns-is-layout-28f84493 wp-block-columns-is-layout-flex\">\n<div class=\"wp-block-column is-layout-flow wp-block-column-is-layout-flow\">\n<figure class=\"wp-block-image size-full\"><a href=\"https:\/\/ayaneo.co\/wp-content\/uploads\/2025\/01\/AYANEO-POCKET-EVO-MARKETING-DONE-34-1024x1024-1.jpg\"><img decoding=\"async\" width=\"1024\" height=\"1024\" src=\"https:\/\/ayaneo.co\/wp-content\/uploads\/2025\/01\/AYANEO-POCKET-EVO-MARKETING-DONE-34-1024x1024-1.jpg\" alt=\"AYANEO Pocket EVO valge ja musta variandi k&#xF5;rvuti v&#xF5;rdlemine, mis r&#xF5;hutab selle kaasaegset ja elegantset disaini koos elava ekraaniga.\" class=\"wp-image-37443\" srcset=\"https:\/\/ayaneo.co\/wp-content\/uploads\/2025\/01\/AYANEO-POCKET-EVO-MARKETING-DONE-34-1024x1024-1.jpg 1024w, https:\/\/ayaneo.co\/wp-content\/uploads\/2025\/01\/AYANEO-POCKET-EVO-MARKETING-DONE-34-1024x1024-1-300x300.jpg 300w, https:\/\/ayaneo.co\/wp-content\/uploads\/2025\/01\/AYANEO-POCKET-EVO-MARKETING-DONE-34-1024x1024-1-150x150.jpg 150w, https:\/\/ayaneo.co\/wp-content\/uploads\/2025\/01\/AYANEO-POCKET-EVO-MARKETING-DONE-34-1024x1024-1-768x768.jpg 768w, https:\/\/ayaneo.co\/wp-content\/uploads\/2025\/01\/AYANEO-POCKET-EVO-MARKETING-DONE-34-1024x1024-1-65x65.jpg 65w, https:\/\/ayaneo.co\/wp-content\/uploads\/2025\/01\/AYANEO-POCKET-EVO-MARKETING-DONE-34-1024x1024-1-990x990.jpg 990w, https:\/\/ayaneo.co\/wp-content\/uploads\/2025\/01\/AYANEO-POCKET-EVO-MARKETING-DONE-34-1024x1024-1-441x441.jpg 441w, https:\/\/ayaneo.co\/wp-content\/uploads\/2025\/01\/AYANEO-POCKET-EVO-MARKETING-DONE-34-1024x1024-1-100x100.jpg 100w, https:\/\/ayaneo.co\/wp-content\/uploads\/2025\/01\/AYANEO-POCKET-EVO-MARKETING-DONE-34-1024x1024-1-600x600.jpg 600w\" sizes=\"(max-width: 1024px) 100vw, 1024px\" \/><\/a><\/figure>\n\n\n\n<h3 class=\"wp-block-heading\"><strong>Ergonoomia ja esteetika: L\u00e4bim\u00f5eldud disain pikemate m\u00e4ngusessioonide jaoks<\/strong><\/h3>\n\n\n\n<p>AYANEO Pocket EVO \u00fchendab keerulise esteetika ja funktsionaalse disaini. See on saadaval kahes pilkup\u00fc\u00fcdvas v\u00e4rvitoonis: <\/p>\n\n\n\n<ul class=\"wp-block-list\">\n<li><strong>T\u00e4htedega must<\/strong><\/li>\n\n\n\n<li><strong>Sky Mirror valge<\/strong><\/li>\n<\/ul>\n\n\n\n<p>Selle kompaktne ja ergonoomiline ehitus tagab mugavuse pikemate m\u00e4ngusessioonide ajal. Seade on l\u00e4bim\u00f5eldult varustatud soojuse hajutamise ribadega (20193 mm\u00b2), mis tagavad optimaalse j\u00f5udluse ka intensiivse m\u00e4ngimise ajal. <\/p>\n<\/div>\n\n\n\n<div class=\"wp-block-column is-layout-flow wp-block-column-is-layout-flow\">\n<figure class=\"wp-block-image size-full\"><a href=\"https:\/\/ayaneo.co\/wp-content\/uploads\/2025\/01\/AYANEO-POCKET-EVO-MARKETING-DONE-17-1024x1024-1.jpg\"><img decoding=\"async\" width=\"1024\" height=\"1024\" src=\"https:\/\/ayaneo.co\/wp-content\/uploads\/2025\/01\/AYANEO-POCKET-EVO-MARKETING-DONE-17-1024x1024-1.jpg\" alt=\"Jagatud pilt, mis n&#xE4;itab vasakul Snapdragon G3x Gen 2 m&#xE4;nguplatvormi ja paremal AYANEO Pocket EVO-d kasutuses, r&#xF5;hutades v&#xF5;imsat j&#xF5;udlust ja mitmek&#xFC;lgset m&#xE4;ngimist.\" class=\"wp-image-37444\" srcset=\"https:\/\/ayaneo.co\/wp-content\/uploads\/2025\/01\/AYANEO-POCKET-EVO-MARKETING-DONE-17-1024x1024-1.jpg 1024w, https:\/\/ayaneo.co\/wp-content\/uploads\/2025\/01\/AYANEO-POCKET-EVO-MARKETING-DONE-17-1024x1024-1-300x300.jpg 300w, https:\/\/ayaneo.co\/wp-content\/uploads\/2025\/01\/AYANEO-POCKET-EVO-MARKETING-DONE-17-1024x1024-1-150x150.jpg 150w, https:\/\/ayaneo.co\/wp-content\/uploads\/2025\/01\/AYANEO-POCKET-EVO-MARKETING-DONE-17-1024x1024-1-768x768.jpg 768w, https:\/\/ayaneo.co\/wp-content\/uploads\/2025\/01\/AYANEO-POCKET-EVO-MARKETING-DONE-17-1024x1024-1-65x65.jpg 65w, https:\/\/ayaneo.co\/wp-content\/uploads\/2025\/01\/AYANEO-POCKET-EVO-MARKETING-DONE-17-1024x1024-1-990x990.jpg 990w, https:\/\/ayaneo.co\/wp-content\/uploads\/2025\/01\/AYANEO-POCKET-EVO-MARKETING-DONE-17-1024x1024-1-441x441.jpg 441w, https:\/\/ayaneo.co\/wp-content\/uploads\/2025\/01\/AYANEO-POCKET-EVO-MARKETING-DONE-17-1024x1024-1-100x100.jpg 100w, https:\/\/ayaneo.co\/wp-content\/uploads\/2025\/01\/AYANEO-POCKET-EVO-MARKETING-DONE-17-1024x1024-1-600x600.jpg 600w\" sizes=\"(max-width: 1024px) 100vw, 1024px\" \/><\/a><\/figure>\n\n\n\n<h3 class=\"wp-block-heading\"><strong>Core Gaming OS: V\u00f5imsus ja t\u00e4psus koos Master Controller&#8217;i ja Android 13-ga.<\/strong><\/h3>\n\n\n\n<p>AYANEO Pocket EVO, mis t\u00f6\u00f6tab <strong>Master Controller&#8217;i ja<\/strong> Android 13 operatsioonis\u00fcsteemiga, pakub v\u00f5rratut j\u00f5udlust. <strong>RGB Hall Big Joystick ja<\/strong> <strong>Linear Hall Trigger tagavad<\/strong> 250 Hz tagastuskiiruse, pakkudes v\u00f5rratut t\u00e4psust ja reageerimisv\u00f5imet. S\u00fcsteemil on ka t\u00e4iustatud kohandamisv\u00f5imalused, sh:  <\/p>\n\n\n\n<ul class=\"wp-block-list\">\n<li><strong>SoundTAP Magic Sound Vibration<\/strong><\/li>\n\n\n\n<li><strong>XInput vibratsioon<\/strong> ja nupuv\u00e4rinad<\/li>\n\n\n\n<li><strong>Kohandatud j\u00f5udlusre\u017eiimid<\/strong><\/li>\n<\/ul>\n\n\n\n<p>Need funktsioonid tagavad mitmek\u00fclgse m\u00e4ngukogemuse, mis on kohandatud teie eelistustele.<\/p>\n<\/div>\n\n\n\n<div class=\"wp-block-column is-layout-flow wp-block-column-is-layout-flow\">\n<figure class=\"wp-block-image size-full\"><a href=\"https:\/\/ayaneo.co\/wp-content\/uploads\/2025\/01\/AYANEO-POCKET-EVO-MARKETING-DONE-20-1-1024x1024-1.jpg\"><img loading=\"lazy\" decoding=\"async\" width=\"1024\" height=\"1024\" src=\"https:\/\/ayaneo.co\/wp-content\/uploads\/2025\/01\/AYANEO-POCKET-EVO-MARKETING-DONE-20-1-1024x1024-1.jpg\" alt=\"L&#xE4;hivaade mustast AYANEO Pocket EVO Master Controllerist, millel on suure t&#xE4;psusega joystickid, p&#xE4;&#xE4;stikunupud ja kaheksa kohandatavat funktsiooni professionaalse m&#xE4;ngukogemuse tagamiseks.\" class=\"wp-image-37445\" srcset=\"https:\/\/ayaneo.co\/wp-content\/uploads\/2025\/01\/AYANEO-POCKET-EVO-MARKETING-DONE-20-1-1024x1024-1.jpg 1024w, https:\/\/ayaneo.co\/wp-content\/uploads\/2025\/01\/AYANEO-POCKET-EVO-MARKETING-DONE-20-1-1024x1024-1-300x300.jpg 300w, https:\/\/ayaneo.co\/wp-content\/uploads\/2025\/01\/AYANEO-POCKET-EVO-MARKETING-DONE-20-1-1024x1024-1-150x150.jpg 150w, https:\/\/ayaneo.co\/wp-content\/uploads\/2025\/01\/AYANEO-POCKET-EVO-MARKETING-DONE-20-1-1024x1024-1-768x768.jpg 768w, https:\/\/ayaneo.co\/wp-content\/uploads\/2025\/01\/AYANEO-POCKET-EVO-MARKETING-DONE-20-1-1024x1024-1-65x65.jpg 65w, https:\/\/ayaneo.co\/wp-content\/uploads\/2025\/01\/AYANEO-POCKET-EVO-MARKETING-DONE-20-1-1024x1024-1-990x990.jpg 990w, https:\/\/ayaneo.co\/wp-content\/uploads\/2025\/01\/AYANEO-POCKET-EVO-MARKETING-DONE-20-1-1024x1024-1-441x441.jpg 441w, https:\/\/ayaneo.co\/wp-content\/uploads\/2025\/01\/AYANEO-POCKET-EVO-MARKETING-DONE-20-1-1024x1024-1-100x100.jpg 100w, https:\/\/ayaneo.co\/wp-content\/uploads\/2025\/01\/AYANEO-POCKET-EVO-MARKETING-DONE-20-1-1024x1024-1-600x600.jpg 600w\" sizes=\"(max-width: 1024px) 100vw, 1024px\" \/><\/a><\/figure>\n\n\n\n<h3 class=\"wp-block-heading\"><strong>Pro-Grade Precision: RGB Hall Effect Joystickid usaldusv\u00e4\u00e4rse ja t\u00e4pse sisendi jaoks.<\/strong><\/h3>\n\n\n\n<p>Pocket EVO-l on intuitiivne ja uuenduslik juhtimisskeem:<\/p>\n\n\n\n<ul class=\"wp-block-list\">\n<li><strong>RGB Hall Effect Joystick<\/strong> t\u00e4pse ja usaldusv\u00e4\u00e4rse sisendi jaoks<\/li>\n\n\n\n<li><strong>Lineaarsed Hall Triggerid<\/strong> 250Hz tagastuskiirusega<\/li>\n\n\n\n<li><strong>HD lineaarmootor<\/strong> t\u00e4iustatud taktilise tagasiside jaoks<\/li>\n\n\n\n<li><strong>Kuueteljeline g\u00fcroskoop<\/strong> liikumistundlikuks m\u00e4ngimiseks<\/li>\n\n\n\n<li><strong>Kodunupp<\/strong> emulaatori otsetee funktsioonidega ja Xboxi voogedastusk\u00f5ne men\u00fc\u00fcga<\/li>\n<\/ul>\n\n\n\n<p>Lisaks v\u00f5imaldab <strong>turboklahv<\/strong> kiire \u00fcmberl\u00fclitumist j\u00f5udlusre\u017eiimide vahel ning toitenuppu on integreeritud s\u00f5rmej\u00e4ljetuvastus turvalise juurdep\u00e4\u00e4su tagamiseks.<\/p>\n<\/div>\n<\/div>\n\n<hr class=\"wp-block-separator has-alpha-channel-opacity\"\/>\n\n<div class=\"wp-block-columns is-layout-flex wp-container-core-columns-is-layout-28f84493 wp-block-columns-is-layout-flex\">\n<div class=\"wp-block-column is-layout-flow wp-block-column-is-layout-flow\" style=\"flex-basis:33.33%\">\n<figure class=\"wp-block-image size-full\"><a href=\"https:\/\/ayaneo.co\/wp-content\/uploads\/2025\/01\/AYANEO-POCKET-EVO-MARKETING-DONE-26-1024x1024-1.jpg\"><img loading=\"lazy\" decoding=\"async\" width=\"1024\" height=\"1024\" src=\"https:\/\/ayaneo.co\/wp-content\/uploads\/2025\/01\/AYANEO-POCKET-EVO-MARKETING-DONE-26-1024x1024-1.jpg\" alt=\"AYANEO Pocket EVO &#xFC;likiire andmeedastusv&#xF5;imekus, r&#xF5;hutades selliseid funktsioone nagu USB 3.2 Gen 2 Type-C, LPDDR5X kiirm&#xE4;lu ja microSD-pesa laiendatud salvestusruumi jaoks.\" class=\"wp-image-37446\" srcset=\"https:\/\/ayaneo.co\/wp-content\/uploads\/2025\/01\/AYANEO-POCKET-EVO-MARKETING-DONE-26-1024x1024-1.jpg 1024w, https:\/\/ayaneo.co\/wp-content\/uploads\/2025\/01\/AYANEO-POCKET-EVO-MARKETING-DONE-26-1024x1024-1-300x300.jpg 300w, https:\/\/ayaneo.co\/wp-content\/uploads\/2025\/01\/AYANEO-POCKET-EVO-MARKETING-DONE-26-1024x1024-1-150x150.jpg 150w, https:\/\/ayaneo.co\/wp-content\/uploads\/2025\/01\/AYANEO-POCKET-EVO-MARKETING-DONE-26-1024x1024-1-768x768.jpg 768w, https:\/\/ayaneo.co\/wp-content\/uploads\/2025\/01\/AYANEO-POCKET-EVO-MARKETING-DONE-26-1024x1024-1-65x65.jpg 65w, https:\/\/ayaneo.co\/wp-content\/uploads\/2025\/01\/AYANEO-POCKET-EVO-MARKETING-DONE-26-1024x1024-1-990x990.jpg 990w, https:\/\/ayaneo.co\/wp-content\/uploads\/2025\/01\/AYANEO-POCKET-EVO-MARKETING-DONE-26-1024x1024-1-441x441.jpg 441w, https:\/\/ayaneo.co\/wp-content\/uploads\/2025\/01\/AYANEO-POCKET-EVO-MARKETING-DONE-26-1024x1024-1-100x100.jpg 100w, https:\/\/ayaneo.co\/wp-content\/uploads\/2025\/01\/AYANEO-POCKET-EVO-MARKETING-DONE-26-1024x1024-1-600x600.jpg 600w\" sizes=\"(max-width: 1024px) 100vw, 1024px\" \/><\/a><\/figure>\n<\/div>\n\n\n\n<div class=\"wp-block-column is-layout-flow wp-block-column-is-layout-flow\" style=\"flex-basis:66.66%\">\n<h2 class=\"wp-block-heading\"><strong>Salvestusruumid ja \u00fchenduvus<\/strong><\/h2>\n\n\n\n<p>AYANEO Pocket EVO pakub tugevaid \u00fchendus- ja salvestusv\u00f5imalusi:<\/p>\n\n\n\n<ul class=\"wp-block-list\">\n<li><strong>1x t\u00e4isfunktsionaalne USB 3.2 Gen 2 Type-C<\/strong> 10 Gbps \u00fclekandekiirusega<\/li>\n\n\n\n<li><strong>1x Micro SD-kaardi pesa<\/strong> kuni 100 MB\/s \u00fclekandekiirusega<\/li>\n\n\n\n<li><strong>Kiire WiFi ja Bluetooth 5.3<\/strong><\/li>\n<\/ul>\n<\/div>\n<\/div>\n\n<hr class=\"wp-block-separator has-alpha-channel-opacity\"\/>\n\n<div class=\"wp-block-columns is-layout-flex wp-container-core-columns-is-layout-28f84493 wp-block-columns-is-layout-flex\">\n<div class=\"wp-block-column is-layout-flow wp-block-column-is-layout-flow\">\n<figure class=\"wp-block-image size-full\"><a href=\"https:\/\/ayaneo.co\/wp-content\/uploads\/2025\/01\/AYANEO-POCKET-EVO-MARKETING-DONE-12-1024x1024-1.jpg\"><img loading=\"lazy\" decoding=\"async\" width=\"1024\" height=\"1024\" src=\"https:\/\/ayaneo.co\/wp-content\/uploads\/2025\/01\/AYANEO-POCKET-EVO-MARKETING-DONE-12-1024x1024-1.jpg\" alt=\"Valge ja musta AYANEO Pocket EVO mudeli k&#xFC;lgvaate v&#xF5;rdlus, mis r&#xF5;hutab selle &#xFC;li&#xF5;hukest 17 mm paksust ja 478 g kerget konstruktsiooni v&#xF5;rreldes teiste pihuarvutitega.\" class=\"wp-image-37447\" srcset=\"https:\/\/ayaneo.co\/wp-content\/uploads\/2025\/01\/AYANEO-POCKET-EVO-MARKETING-DONE-12-1024x1024-1.jpg 1024w, https:\/\/ayaneo.co\/wp-content\/uploads\/2025\/01\/AYANEO-POCKET-EVO-MARKETING-DONE-12-1024x1024-1-300x300.jpg 300w, https:\/\/ayaneo.co\/wp-content\/uploads\/2025\/01\/AYANEO-POCKET-EVO-MARKETING-DONE-12-1024x1024-1-150x150.jpg 150w, https:\/\/ayaneo.co\/wp-content\/uploads\/2025\/01\/AYANEO-POCKET-EVO-MARKETING-DONE-12-1024x1024-1-768x768.jpg 768w, https:\/\/ayaneo.co\/wp-content\/uploads\/2025\/01\/AYANEO-POCKET-EVO-MARKETING-DONE-12-1024x1024-1-65x65.jpg 65w, https:\/\/ayaneo.co\/wp-content\/uploads\/2025\/01\/AYANEO-POCKET-EVO-MARKETING-DONE-12-1024x1024-1-990x990.jpg 990w, https:\/\/ayaneo.co\/wp-content\/uploads\/2025\/01\/AYANEO-POCKET-EVO-MARKETING-DONE-12-1024x1024-1-441x441.jpg 441w, https:\/\/ayaneo.co\/wp-content\/uploads\/2025\/01\/AYANEO-POCKET-EVO-MARKETING-DONE-12-1024x1024-1-100x100.jpg 100w, https:\/\/ayaneo.co\/wp-content\/uploads\/2025\/01\/AYANEO-POCKET-EVO-MARKETING-DONE-12-1024x1024-1-600x600.jpg 600w\" sizes=\"(max-width: 1024px) 100vw, 1024px\" \/><\/a><\/figure>\n<\/div>\n\n\n\n<div class=\"wp-block-column is-layout-flow wp-block-column-is-layout-flow\">\n<figure class=\"wp-block-image size-full\"><a href=\"https:\/\/ayaneo.co\/wp-content\/uploads\/2025\/01\/AYANEO-POCKET-EVO-MARKETING-DONE-27-1024x1024-1.jpg\"><img loading=\"lazy\" decoding=\"async\" width=\"1024\" height=\"1024\" src=\"https:\/\/ayaneo.co\/wp-content\/uploads\/2025\/01\/AYANEO-POCKET-EVO-MARKETING-DONE-27-1024x1024-1.jpg\" alt=\"AYASpace'i ja AYAHome'i k&#xE4;ivitusliides, mis tutvustab kohandatavaid j&#xF5;udlusre&#x17E;iime, optimeeritud m&#xE4;ngukogude haldamist ja sujuvat kasutajakogemust AYANEO Pocket EVOs.\" class=\"wp-image-37448\" srcset=\"https:\/\/ayaneo.co\/wp-content\/uploads\/2025\/01\/AYANEO-POCKET-EVO-MARKETING-DONE-27-1024x1024-1.jpg 1024w, https:\/\/ayaneo.co\/wp-content\/uploads\/2025\/01\/AYANEO-POCKET-EVO-MARKETING-DONE-27-1024x1024-1-300x300.jpg 300w, https:\/\/ayaneo.co\/wp-content\/uploads\/2025\/01\/AYANEO-POCKET-EVO-MARKETING-DONE-27-1024x1024-1-150x150.jpg 150w, https:\/\/ayaneo.co\/wp-content\/uploads\/2025\/01\/AYANEO-POCKET-EVO-MARKETING-DONE-27-1024x1024-1-768x768.jpg 768w, https:\/\/ayaneo.co\/wp-content\/uploads\/2025\/01\/AYANEO-POCKET-EVO-MARKETING-DONE-27-1024x1024-1-65x65.jpg 65w, https:\/\/ayaneo.co\/wp-content\/uploads\/2025\/01\/AYANEO-POCKET-EVO-MARKETING-DONE-27-1024x1024-1-990x990.jpg 990w, https:\/\/ayaneo.co\/wp-content\/uploads\/2025\/01\/AYANEO-POCKET-EVO-MARKETING-DONE-27-1024x1024-1-441x441.jpg 441w, https:\/\/ayaneo.co\/wp-content\/uploads\/2025\/01\/AYANEO-POCKET-EVO-MARKETING-DONE-27-1024x1024-1-100x100.jpg 100w, https:\/\/ayaneo.co\/wp-content\/uploads\/2025\/01\/AYANEO-POCKET-EVO-MARKETING-DONE-27-1024x1024-1-600x600.jpg 600w\" sizes=\"(max-width: 1024px) 100vw, 1024px\" \/><\/a><\/figure>\n<\/div>\n<\/div>\n\n<h2 class=\"wp-block-heading\"><strong>Aku ja lisafunktsioonid<\/strong><\/h2>\n\n<p>Pocket EVO toiteks on <strong>8600 mAh aku<\/strong>, mis toetab <strong>PD kiirlaadimist<\/strong> (laadija ei kuulu komplekti). Kompaktsed m\u00f5\u00f5tmed <strong>260,5 x 100 x 17 mm<\/strong> (33,9 mm paksune k\u00e4epide) ja <strong>478 g<\/strong> kaaluv kerge konstruktsioon muudavad selle v\u00e4ga kaasaskantavaks. <\/p>\n\n<p>Lisafunktsioonide hulka kuuluvad:<\/p>\n\n<ul class=\"wp-block-list\">\n<li><strong>AYASpace s\u00fcsteem<\/strong> ja <strong>AYAHome Launcher<\/strong> sujuvaks navigeerimiseks<\/li>\n\n\n\n<li>T\u00e4iustatud jahutuss\u00fcsteem j\u00f5udluse s\u00e4ilitamiseks<\/li>\n<\/ul>\n\n<hr class=\"wp-block-separator has-alpha-channel-opacity\"\/>\n\n<p>AYANEO Pocket EVO on insener-tehnoloogia ja disaini meistriteos, mis pakub m\u00e4ngijatele esmaklassilist pihuarvutikogemust. Olenemata sellest, kas olete kodus v\u00f5i liikvel, Pocket EVO pakub j\u00f5udlust ja kaasaskantavust ilma kompromissideta. <\/p>\n\n<figure class=\"wp-block-image size-full\"><a href=\"https:\/\/ayaneo.co\/wp-content\/uploads\/2025\/01\/AYANEO-POCKET-EVO-MARKETING-DONE-30-1024x1024-1.jpg\"><img loading=\"lazy\" decoding=\"async\" width=\"1024\" height=\"1024\" src=\"https:\/\/ayaneo.co\/wp-content\/uploads\/2025\/01\/AYANEO-POCKET-EVO-MARKETING-DONE-30-1024x1024-1.jpg\" alt=\"AYANEO Pocket EVO tehniliste andmete leht, kus on &#xFC;ksikasjalikult kirjeldatud sellised omadused nagu Snapdragon G3x Gen 2 platvorm, 7-tolline 1080p OLED HDR 120Hz ekraan, ergonoomiline disain ja 8600mAh aku maht.\" class=\"wp-image-37449\" srcset=\"https:\/\/ayaneo.co\/wp-content\/uploads\/2025\/01\/AYANEO-POCKET-EVO-MARKETING-DONE-30-1024x1024-1.jpg 1024w, https:\/\/ayaneo.co\/wp-content\/uploads\/2025\/01\/AYANEO-POCKET-EVO-MARKETING-DONE-30-1024x1024-1-300x300.jpg 300w, https:\/\/ayaneo.co\/wp-content\/uploads\/2025\/01\/AYANEO-POCKET-EVO-MARKETING-DONE-30-1024x1024-1-150x150.jpg 150w, https:\/\/ayaneo.co\/wp-content\/uploads\/2025\/01\/AYANEO-POCKET-EVO-MARKETING-DONE-30-1024x1024-1-768x768.jpg 768w, https:\/\/ayaneo.co\/wp-content\/uploads\/2025\/01\/AYANEO-POCKET-EVO-MARKETING-DONE-30-1024x1024-1-65x65.jpg 65w, https:\/\/ayaneo.co\/wp-content\/uploads\/2025\/01\/AYANEO-POCKET-EVO-MARKETING-DONE-30-1024x1024-1-990x990.jpg 990w, https:\/\/ayaneo.co\/wp-content\/uploads\/2025\/01\/AYANEO-POCKET-EVO-MARKETING-DONE-30-1024x1024-1-441x441.jpg 441w, https:\/\/ayaneo.co\/wp-content\/uploads\/2025\/01\/AYANEO-POCKET-EVO-MARKETING-DONE-30-1024x1024-1-100x100.jpg 100w, https:\/\/ayaneo.co\/wp-content\/uploads\/2025\/01\/AYANEO-POCKET-EVO-MARKETING-DONE-30-1024x1024-1-600x600.jpg 600w\" sizes=\"(max-width: 1024px) 100vw, 1024px\" \/><\/a><\/figure>\n","protected":false},"excerpt":{"rendered":"<ul>\n<li>Protsessor: <strong>G3x Gen 2.<\/strong><\/li>\n<li>N\u00e4ita: <strong> OLED , 1920&#215;1080 resolutsiooniga.<\/strong><\/li>\n<li>RAM: kuni <strong>12 GB<\/strong> LPDDR5X @ <strong>8533 MT\/s<\/strong><\/li>\n<li>Ladustamine: kuni <strong>256 GB<\/strong> UFS<\/li>\n<li>\u00dchendatavus: 5 <strong>.3<\/strong><\/li>\n<\/ul>\n<p><img loading=\"lazy\" decoding=\"async\" src=\"https:\/\/ayaneo.co\/wp-content\/uploads\/2025\/01\/EVO-FREE-GIFTS-NEW.png\" alt=\"Reklaamb\u00e4nner, mis pakub tasuta kingitusi koos AYANEO Pocket EVO ostuga, sealhulgas kaitsekotti ja ekraanikaitset. Kohvri v\u00e4rv sobitatakse seadme v\u00e4rviga ja tooted lisatakse automaatselt ostukorvi. B\u00e4nneril on kujutatud seadme, mustade ja valgete kaitsekottide ning ekraanikaitsme pildid.\" width=\"550\" height=\"140\" class=\"alignnone size-full wp-image-11050\" srcset=\"https:\/\/ayaneo.co\/wp-content\/uploads\/2025\/01\/EVO-FREE-GIFTS-NEW.png 550w, https:\/\/ayaneo.co\/wp-content\/uploads\/2025\/01\/EVO-FREE-GIFTS-NEW-300x76.png 300w, https:\/\/ayaneo.co\/wp-content\/uploads\/2025\/01\/EVO-FREE-GIFTS-NEW-441x112.png 441w, https:\/\/ayaneo.co\/wp-content\/uploads\/2025\/01\/EVO-FREE-GIFTS-NEW-150x38.png 150w\" sizes=\"(max-width: 550px) 100vw, 550px\" \/><\/p>\n[cg_accordion title=\"MAKSUINFO\"]<\/p>\n<p>Me kasutame uusimat makset\u00f6\u00f6tlustehnoloogiat, mis v\u00f5imaldab teil kiiret ja turvalist maksmist Apple Pay, Google Pay, deebet-\/krediitkaardi, PayPali v\u00f5i BNPL-meetodite, nagu Klarna, Affirm v\u00f5i AfterPay kaudu.[\/cg_accordion]\n[cg_accordion title=\"GARANTSIOON\"]<\/p>\n<p>1 aasta garantii <a href=\"https:\/\/droix.net\/\" target=\"_blank\" rel=\"nofollow noopener\">DROIX Globalilt teie meelerahu tagamiseks<\/a> [\/cg_accordion]\n[cg_accordion title=\"KVALITEEDI TAGAMINE JA L\u00c4HETAMISEELNE TESTIMINE\"]<\/p>\n<p>Klientide rahulolu tagamine k\u00f5rgeimal tasemel: Iga seade l\u00e4bib enne saatmist ranged testid ja mitmepunktilise kvaliteedikontrolli. Meie p\u00fchendunud meeskond kontrollib j\u00f5udlust, funktsionaalsust ja komponentide terviklikkust, et tagada, et teie AYANEO seade on saabumisel t\u00e4iuslikus t\u00f6\u00f6korras, tagades teile kindlustunde ja meelerahu. [\/cg_accordion]\n[cg_accordion title=\"HINNAKUJUNDUS, MAKSUD JA KOHALETOIMETAMINE\"]<\/p>\n<p><strong><u>M\u00e4rkus:<\/u><\/strong><\/p>\n<ul>\n<li>Ameerika \u00dchendriikide kliendid: N\u00e4idatud hind ei sisalda makse ega tollimaksu. Vastutus tollivormistuse ja sellega seotud maksude\/tollimaksude tasumise eest lasub kliendil. <\/li>\n<li>ELi kliendid: N\u00e4idatud hind sisaldab kohaldatavat maksu, mis v\u00f5ib s\u00f5ltuvalt teie riigist olla kuni 25%.<\/li>\n<li>Kanada kliendid: N\u00e4idatud hind sisaldab kohaldatavaid makse, mis v\u00f5ivad sisaldada 5% GST ja t\u00e4iendavaid provintsi m\u00fc\u00fcgimakse (PST), \u00fchtlustatud m\u00fc\u00fcgimaksu (HST) v\u00f5i Quebeci m\u00fc\u00fcgimaksu (QST), s\u00f5ltuvalt teie provintsist.<\/li>\n<\/ul>\n<p>Meie USA klientidele: Tellimused saadetakse DAP (Delivered At Place). Kuigi kliendid vastutavad k\u00f5igi kohaldatavate tariifide tasumise eest, tugineme meie ulatuslikele kogemustele \u00dchendkuningriigist saatmisel, et tagada, et maksate v\u00f5imalikult v\u00e4he tasu. Meie andmetel ei \u00fcleta need tasud tavaliselt 10% eseme v\u00e4\u00e4rtusest.  <\/p>\n<p><strong>AINULT ELi klientidele:<\/strong> Express DDP (Delivered Duty Paid). See t\u00e4hendab: <\/p>\n<ul>\n<li>K\u00f5ik tollimaksud ja maksud sisalduvad toote lehel n\u00e4idatud hinnas.<\/li>\n<li>Te ei pea tarnimisel lisatasusid maksma.<\/li>\n<li>Harva esinevate tolliprobleemide korral tegeleb meie meeskond teie nimel tollivormistusega, et tagada sujuv tarne.<\/li>\n<p>Oluline teave tagastuste kohta:<\/p>\n<li>Kui te otsustate oma tellimuse tagastada v\u00f5i taotleda raha tagasi, siis pidage meeles, et teie eest DDP tingimuste alusel makstud makse ja tollimakse ei saa tagasi maksta.<\/li>\n<p>\u00dcksikasjalik teave <a href=\"https:\/\/ayaneo.co\/et\/teenuse-tingimused\/\" target=\"_blank\" rel=\"nofollow noopener\">on esitatud meie Tingimustes<\/a>.\n<\/ul>\n<p>[\/cg_accordion]\n[cg_accordion title=\"KLIENDITUGI\"]<\/p>\n<p>Kas teil on k\u00fcsimus? Oleme l\u00fchikese teksti kaugusel sellest, et teie k\u00fcsimus oleks lahendatud! [\/cg_accordion]\n[cg_accordion title=\"PAKETT SISALDAB\"]<\/p>\n<ul>\n<li>1x AYANEO Pocket EVO<\/li>\n<li>1x USB Type-C kaabel<\/li>\n<li>1x kasutusjuhend<\/li>\n<\/ul>\n<p>[\/cg_accordion]\n","protected":false},"featured_media":7058,"template":"","meta":{"_acf_changed":false},"product_brand":[],"product_cat":[591],"product_tag":[],"class_list":{"0":"post-6893","1":"product","2":"type-product","3":"status-publish","4":"has-post-thumbnail","6":"product_cat-androidi-mangude-pihuarvuti","7":"product_shipping_class-premium","8":"pa_brand-ayaneo","9":"pa_graphics-gpu-model-adreno-a32","10":"pa_operating-system-android-13","11":"pa_processor-cpu-brand-qualcomm","13":"first","14":"instock","15":"taxable","16":"shipping-taxable","17":"purchasable","18":"product-type-variable","19":"has-default-attributes"},"acf":[],"_links":{"self":[{"href":"https:\/\/ayaneo.co\/et\/wp-json\/wp\/v2\/product\/6893","targetHints":{"allow":["GET"]}}],"collection":[{"href":"https:\/\/ayaneo.co\/et\/wp-json\/wp\/v2\/product"}],"about":[{"href":"https:\/\/ayaneo.co\/et\/wp-json\/wp\/v2\/types\/product"}],"wp:featuredmedia":[{"embeddable":true,"href":"https:\/\/ayaneo.co\/et\/wp-json\/wp\/v2\/media\/7058"}],"wp:attachment":[{"href":"https:\/\/ayaneo.co\/et\/wp-json\/wp\/v2\/media?parent=6893"}],"wp:term":[{"taxonomy":"product_brand","embeddable":true,"href":"https:\/\/ayaneo.co\/et\/wp-json\/wp\/v2\/product_brand?post=6893"},{"taxonomy":"product_cat","embeddable":true,"href":"https:\/\/ayaneo.co\/et\/wp-json\/wp\/v2\/product_cat?post=6893"},{"taxonomy":"product_tag","embeddable":true,"href":"https:\/\/ayaneo.co\/et\/wp-json\/wp\/v2\/product_tag?post=6893"}],"curies":[{"name":"wp","href":"https:\/\/api.w.org\/{rel}","templated":true}]}}