{"id":7447,"date":"2025-01-20T12:04:53","date_gmt":"2025-01-20T12:04:53","guid":{"rendered":"https:\/\/ayaneo.co\/?post_type=product&#038;p=7447"},"modified":"2025-04-11T12:12:00","modified_gmt":"2025-04-11T12:12:00","slug":"aya-neo-slide-copy","status":"publish","type":"product","link":"https:\/\/ayaneo.co\/et\/product\/aya-neo-slide-copy\/","title":{"rendered":"AYANEO J\u00c4RGMINE"},"content":{"rendered":"\n<figure class=\"wp-block-image\"><img decoding=\"async\" src=\"https:\/\/droix.net\/wp-content\/uploads\/2022\/01\/product-overview-1024x584.png\" alt=\"\" title=\"AYA NEO NEXT 1\"\/><\/figure>\n\n<h2 class=\"wp-block-heading\">AMD Ryzen Zen 3 konsool<\/h2>\n\n<p>Kuni 4,5Ghz toores v\u00f5imsus<\/p>\n\n<p>Mis puutub t\u00f6\u00f6tlemisv\u00f5imsusesse, siis AYANEO Next PC Gaming Handheld ei ole diivanil ka mingi lonks.<\/p>\n\n<p>&#8220;Hobuj\u00f5udu\" pakub AMD Ryzen 7 5825U protsessor, mis p\u00f5hineb uusimal ZEN 3 arhitektuuril. See tagab sujuva m\u00e4ngukogemuse, hoides samal ajal akutarbimise minimaalsel tasemel. Ryzen 7 APU, mis asub AYANEO Nextis, p\u00f5hineb TSMC 7 nm FinFET litograafial p\u00f5hineval protsessoril.  <\/p>\n\n<p>5825U Ryzen 7 protsessor on okta-tuumaline protsessor 16 l\u00f5imega. See v\u00f5ib t\u00f6\u00f6tada t\u00fchik\u00e4igul 2,0 GHz ja suure koormuse korral kiirendada kuni 4,5 GHz. Koos AYA Space&#8217;i tarkvaraga saate TDP AYANEO Next Handheldi kuni 32W v\u00f5imsust veelgi suuremaks v\u00f5imsuseks konfigureerida.  <\/p>\n\n<p>Teie m\u00e4ngud on tunduvalt kiiremad v\u00f5rreldes viimase p\u00f5lvkonna PC m\u00e4ngukonsoolidega.  <\/p>\n\n<p>T\u00f6\u00f6tlemisv\u00f5imsuse abistamiseks on pardal ka 16 GB kahe kanaliga LPDDR4x RAM-i, mis vastab pidevalt kasvavatele s\u00fcsteemin\u00f5uetele. R\u00e4\u00e4kides s\u00fcsteemi n\u00f5udmistest, on kaks salvestusv\u00f5imalust: See tagab, et teil on piisavalt ruumi uusimate arvutim\u00e4ngude jaoks. (Vaadates sind, Call of Duty) j  <\/p>\n\n<figure class=\"wp-block-image\"><img decoding=\"async\" src=\"https:\/\/droix.net\/wp-content\/uploads\/elementor\/thumbs\/processor-q8z5das1ql6n9ve6zhwvyxoict8wyvevo2ttgvwkqo.png\" alt=\"protsessor\" title=\"protsessor\"\/><\/figure>\n\n<h2 class=\"wp-block-heading\">AYANEO J\u00e4rgmine AMD GPU<\/h2>\n\n<p>M\u00e4ngi uusimaid AAA m\u00e4nge<\/p>\n\n<p>AYANEO Nexti AMD graafika sobib ideaalselt m\u00e4ngimiseks liikvel olles. M\u00e4ngukogukonnas on h\u00e4sti teada, et AMD panustab oma integratsioonile ja \u00fchilduvusele uusimate turul olevate m\u00e4ngudega eriti palju vaeva. <\/p>\n\n<p>AYANEO Next&#8217;i graafikakiibistik on v\u00f5rdlusuuringutes 17% kiirem v\u00f5rreldes vana p\u00f5lvkonna AMD graafikaga. Koos AYA Space&#8217;i tarkvaraga, mis v\u00f5imaldab teil kontrollida oma konsooli TDP ja suurep\u00e4rase jahutuslahendusega on AYANEO Next m\u00e4ngupedagoog. <\/p>\n\n<h2 class=\"wp-block-heading\">Julge ja s\u00e4rav<\/h2>\n\n<p>7\u2033 H-IPS ekraan<\/p>\n\n<p>M\u00e4ngides ei ole kiirus ja FPS k\u00f5ik (ok, see moodustab umbes 90% m\u00e4ngukogemusest), kuid v\u00e4ga oluline on keskkond, mille kaudu sa m\u00e4ngukogemuse omandad.<\/p>\n\n<p>Seep\u00e4rast ongi AYANEO Next varustatud ilusa 1280*800 H-IPS puuteekraaniga ekraaniga.<\/p>\n\n<figure class=\"wp-block-image\"><img decoding=\"async\" src=\"https:\/\/droix.net\/wp-content\/uploads\/2022\/01\/AYANEO-NEXT-BRIGHT-WHITE-MARKETING-PICTURE-2-scaled.jpg\" alt=\"AYANEO-NEXT-BRIGHT-WHITE-MARKETING-PICTURE-2\" title=\"AYA NEO NEXT 2\"\/><\/figure>\n\n<figure class=\"wp-block-image\"><img decoding=\"async\" src=\"https:\/\/droix.net\/wp-content\/uploads\/2022\/01\/AYANEO-NEXT-JET-BLACK-MARKETING-PICTURE-2-scaled.jpg\" alt=\"AYANEO-NEXT-JET-MUST-TURUNDUS-PILT-2\" title=\"AYA NEO NEXT 3\"\/><\/figure>\n\n<figure class=\"wp-block-image\"><img decoding=\"async\" src=\"https:\/\/droix.net\/wp-content\/uploads\/2022\/01\/AYANEO-NEXT-MIDNIGHT-BLUE-MARKETING-PICTURE-4-scaled.jpg\" alt=\"AYANEO-NEXT-MIDNIGHT-BLUE-MARKETING-PICTURE-4\" title=\"AYA NEO NEXT 4\"\/><\/figure>\n\n<figure class=\"wp-block-image\"><img decoding=\"async\" src=\"https:\/\/droix.net\/wp-content\/uploads\/2022\/01\/AYANEO-NEXT-PASTEL-BLUE-MARKETING-PICTURE-7-scaled.jpg\" alt=\"AYANEO-NEXT-PASTELSININE-MARKETING-PILDI-7\" title=\"AYA NEO NEXT 5\"\/><\/figure>\n\n<h2 class=\"wp-block-heading\">M\u00e4ngimine A-Z<\/h2>\n\n<p>AYANEO Next PC Gaming Handheld t\u00e4idab k\u00f5ik tingimused - kaasas on parim riistvara, et muuta m\u00e4ngusessioonid k\u00f5ige mugavamaks.<\/p>\n\n<figure class=\"wp-block-image\"><img decoding=\"async\" src=\"https:\/\/droix.net\/wp-content\/uploads\/2022\/01\/high-quality-build.png\" alt=\"\" title=\"AYA NEO NEXT 6\"\/><\/figure>\n\n<figure class=\"wp-block-image\"><img decoding=\"async\" src=\"https:\/\/droix.net\/wp-content\/uploads\/2022\/01\/shoulder-buttons.png\" alt=\"\" title=\"AYA NEO NEXT 7\"\/><\/figure>\n\n<figure class=\"wp-block-image\"><img decoding=\"async\" src=\"https:\/\/droix.net\/wp-content\/uploads\/2022\/01\/fingerprint.png\" alt=\"\" title=\"AYA NEO NEXT 8\"\/><\/figure>\n","protected":false},"excerpt":{"rendered":"<ul>\n<li>AMD\u00ae <strong>Ryzen\u2122 7 5825U<\/strong> koos AMD Radeon\u2122 Vega 8 graafikaga<\/li>\n<li><strong>16 GB<\/strong> kahe kanaliga LPDDR4x @ 4266Mhz<\/li>\n<li><strong>2TB\/2TB<\/strong> Kiire PCI-E NVMe SSD<\/li>\n<li><strong>7\u2033<\/strong> H-IPS puutetundlik ekraan<\/li>\n<li><strong>WiFi 6<\/strong> IEEE ja <strong>Bluetooth 5.2<\/strong> tugi<\/li>\n<\/ul>\n[cg_accordion title=\"MAKSUINFO\"]<\/p>\n<p>Me kasutame uusimat makset\u00f6\u00f6tlustehnoloogiat, mis v\u00f5imaldab teil kiiret ja turvalist maksmist Apple Pay, Google Pay, deebet-\/krediitkaardi, PayPali v\u00f5i BNPL-meetodite, nagu Klarna, Affirm v\u00f5i AfterPay kaudu.[\/cg_accordion]\n[cg_accordion title=\"GARANTSIOON\"]<\/p>\n<p>1 aasta garantii <a href=\"https:\/\/droix.net\/\" target=\"_blank\" rel=\"nofollow noopener\">DROIX Global<\/a> ilt teie meelerahu tagamiseks[\/cg_accordion]\n[cg_accordion title=\"HINNAKUJUNDUS, MAKSUD JA KOHALETOIMETAMINE\"]<\/p>\n<p><strong><u>M\u00e4rkus:<\/u><\/strong><\/p>\n<ul>\n<li>Ameerika \u00dchendriikide kliendid: N\u00e4idatud hind ei sisalda makse ega tollimaksu. Vastutus tollivormistuse ja sellega seotud maksude\/tollimaksude tasumise eest lasub kliendil. <\/li>\n<li>ELi kliendid: N\u00e4idatud hind sisaldab kohaldatavat MAKSU, mis v\u00f5ib s\u00f5ltuvalt teie riigist olla kuni 25%.<\/li>\n<li>Kanada kliendid: N\u00e4idatud hind sisaldab kohaldatavaid makse, mis v\u00f5ivad sisaldada 5% GST ja t\u00e4iendavaid provintsi m\u00fc\u00fcgimakse (PST), \u00fchtlustatud m\u00fc\u00fcgimaksu (HST) v\u00f5i Quebeci m\u00fc\u00fcgimaksu (QST), s\u00f5ltuvalt teie provintsist.<\/li>\n<\/ul>\n<p><strong>AINULT ELi klientidele:<\/strong> Express DDP (Delivered Duty Paid). See t\u00e4hendab: <\/p>\n<ul>\n<li>K\u00f5ik tollimaksud ja maksud sisalduvad toote lehel n\u00e4idatud hinnas.<\/li>\n<li>Te ei pea tarnimisel lisatasusid maksma.<\/li>\n<li>Harva esinevate tolliprobleemide korral tegeleb meie meeskond teie nimel tollivormistusega, et tagada sujuv tarne.<\/li>\n<p>Oluline teave tagastuste kohta:<\/p>\n<li>Kui otsustate oma tellimuse tagastada v\u00f5i taotleda raha tagasi, siis pidage meeles, et teie eest DDP tingimuste alusel makstud makse ja tollimakse ei saa tagasi maksta.<\/li>\n<p>\u00dcksikasjalikku teavet leiate meie <a href=\"https:\/\/ayaneo.co\/terms-of-service-2\/\" target=\"_blank\" rel=\"nofollow noopener\">Tingimustest<\/a>.\n<\/ul>\n<p>[\/cg_accordion]\n[cg_accordion title=\"KLIENDITUGI\"]<\/p>\n<p>Kas teil on k\u00fcsimus? Oleme l\u00fchikese teksti kaugusel sellest, et teie k\u00fcsimus oleks lahendatud!<br \/>\n[\/cg_accordion]\n[cg_accordion title=\"Pakett sisaldab\"]<\/p>\n<ul>\n<li>1x AYANEO NEXT<\/li>\n<li>1x USB Type-C kaabel<\/li>\n<li>1x kasutusjuhend<\/li>\n<\/ul>\n<p>[\/cg_accordion]\n","protected":false},"featured_media":7493,"template":"","meta":{"_acf_changed":false},"product_brand":[],"product_cat":[550],"product_tag":[],"class_list":{"0":"post-7447","1":"product","2":"type-product","3":"status-publish","4":"has-post-thumbnail","6":"product_cat-kaeshoitavad-manguriarvutid","7":"product_shipping_class-premium","8":"pa_brand-ayaneo","9":"pa_graphics-gpu-model-radeon-graphics","10":"pa_operating-system-windows-11-home","11":"pa_processor-cpu-brand-amd","13":"first","14":"outofstock","15":"sale","16":"taxable","17":"shipping-taxable","18":"purchasable","19":"product-type-variable","20":"has-default-attributes"},"acf":[],"_links":{"self":[{"href":"https:\/\/ayaneo.co\/et\/wp-json\/wp\/v2\/product\/7447","targetHints":{"allow":["GET"]}}],"collection":[{"href":"https:\/\/ayaneo.co\/et\/wp-json\/wp\/v2\/product"}],"about":[{"href":"https:\/\/ayaneo.co\/et\/wp-json\/wp\/v2\/types\/product"}],"wp:featuredmedia":[{"embeddable":true,"href":"https:\/\/ayaneo.co\/et\/wp-json\/wp\/v2\/media\/7493"}],"wp:attachment":[{"href":"https:\/\/ayaneo.co\/et\/wp-json\/wp\/v2\/media?parent=7447"}],"wp:term":[{"taxonomy":"product_brand","embeddable":true,"href":"https:\/\/ayaneo.co\/et\/wp-json\/wp\/v2\/product_brand?post=7447"},{"taxonomy":"product_cat","embeddable":true,"href":"https:\/\/ayaneo.co\/et\/wp-json\/wp\/v2\/product_cat?post=7447"},{"taxonomy":"product_tag","embeddable":true,"href":"https:\/\/ayaneo.co\/et\/wp-json\/wp\/v2\/product_tag?post=7447"}],"curies":[{"name":"wp","href":"https:\/\/api.w.org\/{rel}","templated":true}]}}