{"id":8904,"date":"2025-02-10T12:11:02","date_gmt":"2025-02-10T12:11:02","guid":{"rendered":"https:\/\/ayaneo.co\/?post_type=product&#038;p=8904"},"modified":"2025-12-02T18:22:12","modified_gmt":"2025-12-02T18:22:12","slug":"ayaneo-3","status":"publish","type":"product","link":"https:\/\/ayaneo.co\/et\/product\/ayaneo-3\/","title":{"rendered":"AYANEO 3"},"content":{"rendered":"\n<figure class=\"wp-block-video\"><video height=\"360\" style=\"aspect-ratio: 640 \/ 360;\" width=\"640\" controls=\"\" poster=\"https:\/\/ayaneo.co\/wp-content\/uploads\/2025\/02\/maxresdefault-1.jpg\" src=\"https:\/\/ayaneo.co\/wp-content\/uploads\/2025\/02\/videoplayback-1.mp4\"><\/video><\/figure>\n\n<div class=\"wp-block-columns is-layout-flex wp-container-core-columns-is-layout-28f84493 wp-block-columns-is-layout-flex\">\n<div class=\"wp-block-column is-layout-flow wp-block-column-is-layout-flow\">\n<p>Tutvustame AYANEO 3, maailma esimest modulaarset pihuarvutim\u00e4ngukonsooli, mis defineerib uuesti kaasaskantava m\u00e4ngimise, pakkudes v\u00f5rratut kohandamisv\u00f5imalust ja j\u00f5udlust. AYANEO 3 on m\u00f5eldud m\u00e4ngijatele, kes otsivad isikup\u00e4rastatud m\u00e4ngukogemust, ning pakub uuenduslikke funktsioone ja tipptasemel spetsiifikatsioone, et rahuldada nii juhuslike kui ka hardcore m\u00e4nguhuviliste vajadusi. <\/p>\n\n\n\n<h2 class=\"wp-block-heading\"><strong>Uuenduslik modulaarne disain<\/strong><\/h2>\n\n\n\n<p>AYANEO 3 on teedrajav modulaarne kontrolleris\u00fcsteem, mis v\u00f5imaldab kasutajatel vabalt kombineerida ja kohandada kontrollermooduleid vastavalt oma m\u00e4ngueelistustele. T\u00e4nu eemaldatavatele ja vahetatavatele ABXY-nuppudele saavad m\u00e4ngijad konfigureerida kuni 56 unikaalset paigutuskombinatsiooni, mis tagab optimaalse mugavuse ja kontrolli iga m\u00e4nguliigi puhul. Moodulid h\u00f5lmavad standardseid joysticki seadistusi, puutepadimooduleid t\u00e4iustatud FPS-m\u00e4ngu jaoks ja kuue nupuga v\u00f5itlusmooduleid t\u00e4pseks    <\/p>\n<\/div>\n<\/div>\n\n<div class=\"wp-block-columns is-layout-flex wp-container-core-columns-is-layout-28f84493 wp-block-columns-is-layout-flex\">\n<div class=\"wp-block-column is-layout-flow wp-block-column-is-layout-flow\" style=\"flex-basis:33.33%\">\n<figure class=\"wp-block-image size-full\"><a href=\"https:\/\/ayaneo.co\/wp-content\/uploads\/2025\/02\/4-1-1024x1024-1.jpg\"><img fetchpriority=\"high\" decoding=\"async\" width=\"1024\" height=\"1024\" src=\"https:\/\/ayaneo.co\/wp-content\/uploads\/2025\/02\/4-1-1024x1024-1.jpg\" alt=\"OLED-ekraan:&#10;OLED-ekraanil on kiire 144 Hz v&#xE4;rskendussagedus, mis tagab m&#xE4;ngudes erakordselt sujuva ja voolava liikumise, v&#xE4;hendades udusust. T&#xE4;nu 800 niti heledusele pakub see uskumatult elavat ja selget visuaalset kujutist isegi heledates keskkondades. Selle 110%-line DCI-P3 v&#xE4;rvigamma katvus tagab rikkalike ja t&#xE4;psete v&#xE4;rvide ulatusliku spektri, mis tagab t&#xF5;eliselt kaasahaarava elamuse. See esmaklassiline paneel on ideaalne neile, kes otsivad tipptasemel visuaalset t&#xF5;ep&#xE4;rasust ja reageerimisv&#xF5;imet.   &#10;&#10;LCD-ekraan:&#10;LCD-ekraanil on sujuv 120 Hz v&#xE4;rskendussagedus, mis tagab suurep&#xE4;rase m&#xE4;ngude sujuvuse ja v&#xE4;hese kummituse. See pakub 500 nitti heledust ja 100% sRGB katvust, tagades selge ja v&#xE4;rvit&#xE4;pse pildi enamiku sisu puhul. Oluline on, et see sisaldab VRR-i koos AMD FreeSync Premiumiga, mis s&#xFC;nkroniseerib ekraani d&#xFC;naamiliselt kaadrisagedusega. See v&#xE4;listab ekraani rebenemise ja takerdumise, pakkudes &#xFC;htlaselt sujuvat ja kaasahaaravat m&#xE4;ngukogemust.   \" class=\"wp-image-37427\" srcset=\"https:\/\/ayaneo.co\/wp-content\/uploads\/2025\/02\/4-1-1024x1024-1.jpg 1024w, https:\/\/ayaneo.co\/wp-content\/uploads\/2025\/02\/4-1-1024x1024-1-300x300.jpg 300w, https:\/\/ayaneo.co\/wp-content\/uploads\/2025\/02\/4-1-1024x1024-1-150x150.jpg 150w, https:\/\/ayaneo.co\/wp-content\/uploads\/2025\/02\/4-1-1024x1024-1-768x768.jpg 768w, https:\/\/ayaneo.co\/wp-content\/uploads\/2025\/02\/4-1-1024x1024-1-65x65.jpg 65w, https:\/\/ayaneo.co\/wp-content\/uploads\/2025\/02\/4-1-1024x1024-1-990x990.jpg 990w, https:\/\/ayaneo.co\/wp-content\/uploads\/2025\/02\/4-1-1024x1024-1-441x441.jpg 441w, https:\/\/ayaneo.co\/wp-content\/uploads\/2025\/02\/4-1-1024x1024-1-100x100.jpg 100w, https:\/\/ayaneo.co\/wp-content\/uploads\/2025\/02\/4-1-1024x1024-1-600x600.jpg 600w\" sizes=\"(max-width: 1024px) 100vw, 1024px\" \/><\/a><\/figure>\n<\/div>\n\n\n\n<div class=\"wp-block-column is-layout-flow wp-block-column-is-layout-flow\" style=\"flex-basis:66.66%\">\n<h2 class=\"wp-block-heading\"><strong>Uimastavad visuaalid<\/strong><\/h2>\n\n\n\n<ul class=\"wp-block-list\">\n<li><strong>OLED ekraan<\/strong><br\/><strong><br\/><\/strong>AYANEO 3 OLED-ekraan on 7-tolline puuteekraan, mille resolutsioon on 1080P ja kuvasuhe 16:9. Sellel on kohandatav v\u00e4rskendussagedus, mis v\u00f5imaldab kasutajatel valida 144 Hz, 120 Hz, 90 Hz ja 60 Hz vahel. See ekraan pakub maksimaalset globaalset heledust 800 nitti ja toetab HDR t\u00f5ep\u00e4rase v\u00e4rvikvaliteedi jaoks realistliku valguse ja varju. See katab 110% DCI-P3 v\u00e4rviskaalast ja omab 150% sRGB v\u00e4rviskaala mahtu, pakkudes elavat ja teravat visuaalsust.   <\/li>\n\n\n\n<li><strong>LCD ekraan<\/strong><br\/><strong><br\/><\/strong>LCD-ekraani valik on samuti 7-tolline puuteekraan, mille resolutsioon on 1080P ja kuvasuhe 16:9. See pakub v\u00e4rskendussagedusi 120 Hz ja 60 Hz. Maksimaalse \u00fcldise heledusega 500 nitti pakub 100% sRGB katvust. LCD-ekraanil on kiire 7 ms reaktsiooniaeg ja see toetab VRR (muutuv v\u00e4rskendussagedus) koos AMD FreeSync Premiumiga, tagades selge, elava ja pisaravaba m\u00e4ngukogemuse. Samuti on see natiivselt maastikuline ekraan.    <\/li>\n<\/ul>\n\n\n\n<p><br\/>Nii LCD kui ka OLED ekraanid pakuvad kaasahaaravat visuaalset kogemust, mis v\u00f5imaldab m\u00e4ngijatel nautida erakordse selgusega uimastavat graafikat.<\/p>\n<\/div>\n<\/div>\n\n<h2 class=\"wp-block-heading has-text-align-center\"><strong>Suure v\u00f5imsusega j\u00f5udlus<\/strong><\/h2>\n\n<p class=\"has-text-align-center\">Kapoti all pakub AYANEO 3 kahte v\u00f5imsat protsessorivarianti:<\/p>\n\n<div class=\"wp-block-columns is-layout-flex wp-container-core-columns-is-layout-28f84493 wp-block-columns-is-layout-flex\">\n<div class=\"wp-block-column is-layout-flow wp-block-column-is-layout-flow\">\n<figure class=\"wp-block-image size-full\"><a href=\"https:\/\/ayaneo.co\/wp-content\/uploads\/2025\/02\/3-370-1-1024x1024-1.jpg\"><img decoding=\"async\" width=\"1024\" height=\"1024\" src=\"https:\/\/ayaneo.co\/wp-content\/uploads\/2025\/02\/3-370-1-1024x1024-1.jpg\" alt=\"Graafik, mis kirjeldab &#xFC;ksikasjalikult AMD Ryzen AI 9 HX 370 protsessoriga seadme &quot;V&#xF5;imas tuum, mitmek&#xFC;lgsed v&#xF5;imalused&quot;. Pildil n&#xE4;idatakse erinevaid komponente ja spetsifikatsioone: &quot;Zen5 New Zen 5 CPU&quot;, &quot;12 tuuma 24 niiti&quot;, &quot;5,1GHz maksimaalne &#xFC;he tuuma sagedus&quot;, &quot;AMD Radeon 890M&quot; (GPU koos &quot;RDNA 3.5 16CU 2,9GHz&quot;) ja &quot;AMD XDNA 2 NPU 50TOPS&quot;. Selles r&#xF5;hutatakse &quot;12MB L2 + 24MB L3 kiire vahem&#xE4;lu&quot; ning m&#xE4;rgitakse, et protsessori, GPU ja NPU arhitektuurid on uuendatud, et suurendada j&#xF5;udlust ja t&#xF5;husust, mis muudab selle sobivaks m&#xE4;ngude ja AI-&#xFC;lesannete jaoks. V&#xE4;ike tekst allosas v&#xF5;rdleb seda AMD AI-protsessorite eelmise p&#xF5;lvkonnaga, mainides NPU arvutusv&#xF5;imsuse, CPU tuumade t&#xF6;&#xF6;tlemise, NPU energiat&#xF5;hususe, suure keele mudeli AI reageerimiskiiruse ja L3 vahem&#xE4;lu parandusi.   \" class=\"wp-image-37428\" srcset=\"https:\/\/ayaneo.co\/wp-content\/uploads\/2025\/02\/3-370-1-1024x1024-1.jpg 1024w, https:\/\/ayaneo.co\/wp-content\/uploads\/2025\/02\/3-370-1-1024x1024-1-300x300.jpg 300w, https:\/\/ayaneo.co\/wp-content\/uploads\/2025\/02\/3-370-1-1024x1024-1-150x150.jpg 150w, https:\/\/ayaneo.co\/wp-content\/uploads\/2025\/02\/3-370-1-1024x1024-1-768x768.jpg 768w, https:\/\/ayaneo.co\/wp-content\/uploads\/2025\/02\/3-370-1-1024x1024-1-65x65.jpg 65w, https:\/\/ayaneo.co\/wp-content\/uploads\/2025\/02\/3-370-1-1024x1024-1-990x990.jpg 990w, https:\/\/ayaneo.co\/wp-content\/uploads\/2025\/02\/3-370-1-1024x1024-1-441x441.jpg 441w, https:\/\/ayaneo.co\/wp-content\/uploads\/2025\/02\/3-370-1-1024x1024-1-100x100.jpg 100w, https:\/\/ayaneo.co\/wp-content\/uploads\/2025\/02\/3-370-1-1024x1024-1-600x600.jpg 600w\" sizes=\"(max-width: 1024px) 100vw, 1024px\" \/><\/a><\/figure>\n\n\n\n<p><strong>AMD Ryzen\u2122 AI 9 HX 370<\/strong>: See protsessor on varustatud 12 tuuma ja 24 niidiga ning pakub tipptasemel j\u00f5udlust n\u00f5udlike AAA-tiitlite ja multitegumt\u00f6\u00f6de jaoks.<\/p>\n<\/div>\n\n\n\n<div class=\"wp-block-column is-layout-flow wp-block-column-is-layout-flow\">\n<figure class=\"wp-block-image size-full\"><a href=\"https:\/\/ayaneo.co\/wp-content\/uploads\/2025\/02\/3-8840u-1-1024x1024-1.jpg\"><img decoding=\"async\" width=\"1024\" height=\"1024\" src=\"https:\/\/ayaneo.co\/wp-content\/uploads\/2025\/02\/3-8840u-1-1024x1024-1.jpg\" alt=\"Tumedateemaline infograafika, mis toob esile protsessori &quot;AMD Ryzen&#x2122; 7 8840U&quot; tehnilised andmed. &#xDC;lemine osa tutvustab andmeid protsessori, GPU ja NPU kohta: &quot;Zen4 CPU&quot;, &quot;4 nm&quot; protsessor, &quot;5,1 GHz maksimaalne sagedus&quot;, &quot;AMD Radeon&#x2122; 780M&quot; graafika &quot;RDNA 3 12CU 2,7 GHz&quot; ja &quot;AMD Ryzen&#x2122; AI NPU 16TOPS&quot;. Keskne plokk n&#xE4;itab &quot;AMD Ryzen&#x2122; 7 8840U&quot; kiipi, m&#xE4;rkides &quot;38TOPSi &#xFC;ldine j&#xF5;udlus&quot;. Alumine osa t&#xE4;psustab m&#xE4;lu ja salvestusruumi: &quot;LPDDR5X 7500MT\/s m&#xE4;lu&quot; (kuni 64 GB saadaval raskete &#xFC;lesannete jaoks) ja &quot;M.2 2280 PCIe 4.0 SSD&quot; (&#xFC;likiire, mainstream ja laiendatav).    \" class=\"wp-image-37429\" srcset=\"https:\/\/ayaneo.co\/wp-content\/uploads\/2025\/02\/3-8840u-1-1024x1024-1.jpg 1024w, https:\/\/ayaneo.co\/wp-content\/uploads\/2025\/02\/3-8840u-1-1024x1024-1-300x300.jpg 300w, https:\/\/ayaneo.co\/wp-content\/uploads\/2025\/02\/3-8840u-1-1024x1024-1-150x150.jpg 150w, https:\/\/ayaneo.co\/wp-content\/uploads\/2025\/02\/3-8840u-1-1024x1024-1-768x768.jpg 768w, https:\/\/ayaneo.co\/wp-content\/uploads\/2025\/02\/3-8840u-1-1024x1024-1-65x65.jpg 65w, https:\/\/ayaneo.co\/wp-content\/uploads\/2025\/02\/3-8840u-1-1024x1024-1-990x990.jpg 990w, https:\/\/ayaneo.co\/wp-content\/uploads\/2025\/02\/3-8840u-1-1024x1024-1-441x441.jpg 441w, https:\/\/ayaneo.co\/wp-content\/uploads\/2025\/02\/3-8840u-1-1024x1024-1-100x100.jpg 100w, https:\/\/ayaneo.co\/wp-content\/uploads\/2025\/02\/3-8840u-1-1024x1024-1-600x600.jpg 600w\" sizes=\"(max-width: 1024px) 100vw, 1024px\" \/><\/a><\/figure>\n\n\n\n<p><strong>AMD Ryzen\u2122 7 8840U<\/strong>: Tasakaalustatud protsessor, mis pakub usaldusv\u00e4\u00e4rset j\u00f5udlust nii k\u00f5rgetele n\u00f5udmistele kui ka juhuslikele m\u00e4ngusessioonidele.<\/p>\n<\/div>\n<\/div>\n\n<p>Koos kuni 64 GB LPDDR5X RAM-i ja kuni 4 TB PCIe 4.0 SSD m\u00e4lumahuga tagab AYANEO 3 kiire laadimisaja ja piisavalt ruumi sinu m\u00e4ngukogule.<\/p>\n\n<h3 class=\"wp-block-heading\"><strong>T\u00e4iustatud kontroll<\/strong><\/h3>\n\n<p>Kogemused suurep\u00e4rase kontrolliga AYANEO 3 t\u00e4iustatud funktsioonide abil:<\/p>\n\n<div class=\"wp-block-columns is-layout-flex wp-container-core-columns-is-layout-28f84493 wp-block-columns-is-layout-flex\">\n<div class=\"wp-block-column is-layout-flow wp-block-column-is-layout-flow\">\n<figure class=\"wp-block-image size-full\"><a href=\"https:\/\/ayaneo.co\/wp-content\/uploads\/2025\/02\/Dual-Stage-Hall-Effect-Triggers-1024x1024-1.jpg\"><img loading=\"lazy\" decoding=\"async\" width=\"1024\" height=\"1024\" src=\"https:\/\/ayaneo.co\/wp-content\/uploads\/2025\/02\/Dual-Stage-Hall-Effect-Triggers-1024x1024-1.jpg\" alt=\"L&#xE4;hiv&#xF5;tte k&#xE4;est, mis hoiab tumedat m&#xE4;ngukontrollerit v&#xF5;i pihuarvutit, r&#xF5;hutades eriti &#xF5;lal asuvat p&#xE4;&#xE4;stikunuppu. Pilt on sinises valguses ja valge tekst &#xFC;leval on kirjas &quot;Agile Hall Triggers&quot;. \" class=\"wp-image-37430\" srcset=\"https:\/\/ayaneo.co\/wp-content\/uploads\/2025\/02\/Dual-Stage-Hall-Effect-Triggers-1024x1024-1.jpg 1024w, https:\/\/ayaneo.co\/wp-content\/uploads\/2025\/02\/Dual-Stage-Hall-Effect-Triggers-1024x1024-1-300x300.jpg 300w, https:\/\/ayaneo.co\/wp-content\/uploads\/2025\/02\/Dual-Stage-Hall-Effect-Triggers-1024x1024-1-150x150.jpg 150w, https:\/\/ayaneo.co\/wp-content\/uploads\/2025\/02\/Dual-Stage-Hall-Effect-Triggers-1024x1024-1-768x768.jpg 768w, https:\/\/ayaneo.co\/wp-content\/uploads\/2025\/02\/Dual-Stage-Hall-Effect-Triggers-1024x1024-1-65x65.jpg 65w, https:\/\/ayaneo.co\/wp-content\/uploads\/2025\/02\/Dual-Stage-Hall-Effect-Triggers-1024x1024-1-990x990.jpg 990w, https:\/\/ayaneo.co\/wp-content\/uploads\/2025\/02\/Dual-Stage-Hall-Effect-Triggers-1024x1024-1-441x441.jpg 441w, https:\/\/ayaneo.co\/wp-content\/uploads\/2025\/02\/Dual-Stage-Hall-Effect-Triggers-1024x1024-1-100x100.jpg 100w, https:\/\/ayaneo.co\/wp-content\/uploads\/2025\/02\/Dual-Stage-Hall-Effect-Triggers-1024x1024-1-600x600.jpg 600w\" sizes=\"(max-width: 1024px) 100vw, 1024px\" \/><\/a><\/figure>\n\n\n\n<h3 class=\"wp-block-heading\"><strong>Kaheastmelised Hall-toimega p\u00e4\u00e4stikud<\/strong> <\/h3>\n\n\n\n<p>L\u00fclita \u00fcmber 7,5 mm pikkune liikumine t\u00e4pse juhtimise jaoks ja 3 mm l\u00fchike liikumine kiireks sisestamiseks, mis sobib erinevate m\u00e4ngustsenaariumide jaoks.<\/p>\n<\/div>\n\n\n\n<div class=\"wp-block-column is-layout-flow wp-block-column-is-layout-flow\">\n<figure class=\"wp-block-image size-full\"><a href=\"https:\/\/ayaneo.co\/wp-content\/uploads\/2025\/02\/Magnetic-Suspension-Motor.jpg\"><img loading=\"lazy\" decoding=\"async\" width=\"1500\" height=\"1500\" src=\"https:\/\/ayaneo.co\/wp-content\/uploads\/2025\/02\/Magnetic-Suspension-Motor.jpg\" alt=\"Seadme sisevaade, mis n&#xE4;itab &quot;Magnetic Suspension Motor&quot;. Mootor on silindrikujuline komponent, mille keskel on helesinine helendus, mis on paigutatud keerulisele tr&#xFC;kkplaadile v&#xF5;i tumedates toonides renderdatud sisemisele struktuurile. \" class=\"wp-image-37431\" srcset=\"https:\/\/ayaneo.co\/wp-content\/uploads\/2025\/02\/Magnetic-Suspension-Motor.jpg 1500w, https:\/\/ayaneo.co\/wp-content\/uploads\/2025\/02\/Magnetic-Suspension-Motor-300x300.jpg 300w, https:\/\/ayaneo.co\/wp-content\/uploads\/2025\/02\/Magnetic-Suspension-Motor-1024x1024.jpg 1024w, https:\/\/ayaneo.co\/wp-content\/uploads\/2025\/02\/Magnetic-Suspension-Motor-150x150.jpg 150w, https:\/\/ayaneo.co\/wp-content\/uploads\/2025\/02\/Magnetic-Suspension-Motor-768x768.jpg 768w, https:\/\/ayaneo.co\/wp-content\/uploads\/2025\/02\/Magnetic-Suspension-Motor-65x65.jpg 65w, https:\/\/ayaneo.co\/wp-content\/uploads\/2025\/02\/Magnetic-Suspension-Motor-990x990.jpg 990w, https:\/\/ayaneo.co\/wp-content\/uploads\/2025\/02\/Magnetic-Suspension-Motor-441x441.jpg 441w, https:\/\/ayaneo.co\/wp-content\/uploads\/2025\/02\/Magnetic-Suspension-Motor-100x100.jpg 100w, https:\/\/ayaneo.co\/wp-content\/uploads\/2025\/02\/Magnetic-Suspension-Motor-600x600.jpg 600w\" sizes=\"(max-width: 1500px) 100vw, 1500px\" \/><\/a><\/figure>\n\n\n\n<h3 class=\"wp-block-heading\"><strong>Magnetiline vedrustusmootor<\/strong> <\/h3>\n\n\n\n<p>Koost\u00f6\u00f6s GuliKit Technologyga v\u00e4lja t\u00f6\u00f6tatud funktsioon toetab nii lineaar- kui ka rootormootori vibratsioonire\u017eiimi, pakkudes realistlikku ja kaasahaaravat haptilist tagasisidet.<\/p>\n<\/div>\n\n\n\n<div class=\"wp-block-column is-layout-flow wp-block-column-is-layout-flow\">\n<figure class=\"wp-block-image size-full\"><a href=\"https:\/\/ayaneo.co\/wp-content\/uploads\/2025\/02\/Keyboard-and-Mouse-Mode-1024x1024-1.jpg\"><img loading=\"lazy\" decoding=\"async\" width=\"1024\" height=\"1024\" src=\"https:\/\/ayaneo.co\/wp-content\/uploads\/2025\/02\/Keyboard-and-Mouse-Mode-1024x1024-1.jpg\" alt=\"K&#xE4;ed hoiavad musta k&#xE4;eshoitavat m&#xE4;nguseadet, mille ekraanil on seadete v&#xF5;i seadistuste kasutajaliides. Pildi &#xFC;laosas on valge tekst &quot;Hardware-Level Keyboard-Mouse Mode&quot;, mis viitab seadme &#xFC;hele funktsioonile. \" class=\"wp-image-37432\" srcset=\"https:\/\/ayaneo.co\/wp-content\/uploads\/2025\/02\/Keyboard-and-Mouse-Mode-1024x1024-1.jpg 1024w, https:\/\/ayaneo.co\/wp-content\/uploads\/2025\/02\/Keyboard-and-Mouse-Mode-1024x1024-1-300x300.jpg 300w, https:\/\/ayaneo.co\/wp-content\/uploads\/2025\/02\/Keyboard-and-Mouse-Mode-1024x1024-1-150x150.jpg 150w, https:\/\/ayaneo.co\/wp-content\/uploads\/2025\/02\/Keyboard-and-Mouse-Mode-1024x1024-1-768x768.jpg 768w, https:\/\/ayaneo.co\/wp-content\/uploads\/2025\/02\/Keyboard-and-Mouse-Mode-1024x1024-1-65x65.jpg 65w, https:\/\/ayaneo.co\/wp-content\/uploads\/2025\/02\/Keyboard-and-Mouse-Mode-1024x1024-1-990x990.jpg 990w, https:\/\/ayaneo.co\/wp-content\/uploads\/2025\/02\/Keyboard-and-Mouse-Mode-1024x1024-1-441x441.jpg 441w, https:\/\/ayaneo.co\/wp-content\/uploads\/2025\/02\/Keyboard-and-Mouse-Mode-1024x1024-1-100x100.jpg 100w, https:\/\/ayaneo.co\/wp-content\/uploads\/2025\/02\/Keyboard-and-Mouse-Mode-1024x1024-1-600x600.jpg 600w\" sizes=\"(max-width: 1024px) 100vw, 1024px\" \/><\/a><\/figure>\n\n\n\n<h3 class=\"wp-block-heading\"><strong>Klaviatuuri ja hiire re\u017eiim<\/strong><\/h3>\n\n\n\n<p>L\u00fclita sujuvalt \u00fcmber kontrolleri ja klaviatuuri\/hiire sisendite vahel, suurendades mitmek\u00fclgsust erinevates m\u00e4ngu- ja tootlikkusrakendustes.<\/p>\n<\/div>\n<\/div>\n\n<h3 class=\"wp-block-heading\"><strong>Immersiivne heli<\/strong><\/h3>\n\n<p>AYANEO 3 pakub vaimustavat helikogemust t\u00e4nu HyperSound 2.0 s\u00fcmmeetrilistele kahekordsetele k\u00f5laritele, mis pakuvad selget ja v\u00f5imsat heli, mis suurendab m\u00e4ngupilti.<\/p>\n\n<h3 class=\"wp-block-heading\"><strong>Kasutajakogemus<\/strong><\/h3>\n\n<p>Windows 11, AYANEO 3 toetab mitmesuguseid rakendusi, alates n\u00f5udlikest AAA-t\u00fc\u00fcpi m\u00e4ngudest kuni oluliste tootlikkuse t\u00f6\u00f6riistadeni, muutes selle mitmek\u00fclgseks kaaslaseks nii t\u00f6\u00f6s kui ka m\u00e4ngus. Seadmel on ergonoomiline disain koos kohandatavate juhtelementidega, mis tagab mugavuse pikemate m\u00e4ngusessioonide ajal. Tugevad \u00fchendusv\u00f5imalused, sealhulgas kaks USB4-porti ja OCuLink-liides kiirete \u00fchenduste jaoks, h\u00f5lbustavad sujuvat integreerimist mis tahes keskkonda.  <\/p>\n\n<h3 class=\"wp-block-heading\"><strong>Kokkuv\u00f5te<\/strong><\/h3>\n\n<p>AYANEO 3 seab uued standardid pihuarvutim\u00e4ngude valdkonnas, \u00fchendades uuendusliku modulaarse disaini ja suure j\u00f5udlusega riistvara. Selle kohandatavad juhtimispuldid, uimastavad visuaalid ja v\u00f5imsad t\u00f6\u00f6tlemisv\u00f5imalused teevad sellest \u00fclima valiku m\u00e4ngijatele, kes otsivad isikup\u00e4rast ja kaasahaaravat m\u00e4ngukogemust. Avastage k\u00e4eshoitavate m\u00e4ngude tulevik koos AYANEO 3.  <\/p>\n","protected":false},"excerpt":{"rendered":"<ul>\n<li>AMD <strong>Ryzen\u2122 AI 9 HX 370<\/strong> \/ <strong>Ryzen\u2122 7 8840U<\/strong><\/li>\n<li>AMD Radeon <strong>890M<\/strong> \/ <strong>780M<\/strong> \/ 2900 \/ 2700 Mhz<\/li>\n<li>kuni<strong> 64 GB LPDDR5X @ 7500 MT\/s<\/strong><\/li>\n<li>kuni<strong> 4TB<\/strong> <strong>Kiire<\/strong> PCI-E 4.0 NVMe SSD<\/li>\n<li>WiFi <strong>6E<\/strong> ja Bluetooth <strong>5.3<\/strong> tugi<\/li>\n<\/ul>\n<p><img loading=\"lazy\" decoding=\"async\" class=\"alignnone size-full wp-image-12494\" src=\"https:\/\/ayaneo.co\/wp-content\/uploads\/2025\/02\/AYANEO-3-FREE-GIFTS.jpg\" alt=\"Reklaamb\u00e4nner AYANEO 3 tasuta kingituse jaoks, millel on kujutatud musta ja bee\u017ei kaitsekoti, ekraanikaitsme ja p\u00f6idlahoidja k\u00e4epidemekorkide kujutised. Tekst r\u00f5hutab \"Tasuta kingitused\", sealhulgas kaitsekott, ekraanikaitsekile ja p\u00f6idlak\u00e4epidemed, mis lisatakse automaatselt ostukorvi. Korpuse v\u00e4rv p\u00f5hineb valitud seadmel.\" width=\"550\" height=\"140\" srcset=\"https:\/\/ayaneo.co\/wp-content\/uploads\/2025\/02\/AYANEO-3-FREE-GIFTS.jpg 550w, https:\/\/ayaneo.co\/wp-content\/uploads\/2025\/02\/AYANEO-3-FREE-GIFTS-300x76.jpg 300w, https:\/\/ayaneo.co\/wp-content\/uploads\/2025\/02\/AYANEO-3-FREE-GIFTS-441x112.jpg 441w, https:\/\/ayaneo.co\/wp-content\/uploads\/2025\/02\/AYANEO-3-FREE-GIFTS-150x38.jpg 150w\" sizes=\"(max-width: 550px) 100vw, 550px\" \/>  [cg_accordion title=\"MAKSUINFO\"] Me kasutame uusimat makset\u00f6\u00f6tlustehnoloogiat, mis v\u00f5imaldab teil kiiret ja turvalist maksmist Apple Pay, Google Pay, deebet-\/krediitkaardi, PayPali v\u00f5i BNPL-meetodite, nagu Klarna, Affirm v\u00f5i AfterPay kaudu.[\/cg_accordion] [cg_accordion title=\"GARANTSIOON\"] 1 aasta garantii <a href=\"https:\/\/droix.net\/\" target=\"_blank\" rel=\"nofollow noopener\">DROIX Globalilt teie meelerahu tagamiseks<\/a>.[\/cg_accordion] [cg_accordion title=\"KVALITEEDI TAGAMINE JA L\u00c4HETAMISEELNE TESTIMINE\"]  Klientide rahulolu tagamine k\u00f5rgeimal tasemel: Iga seade l\u00e4bib enne saatmist ranged testid ja mitmepunktilise kvaliteedikontrolli. Meie p\u00fchendunud meeskond kontrollib j\u00f5udlust, funktsionaalsust ja komponentide terviklikkust, et tagada, et teie AYANEO seade on saabumisel t\u00e4iuslikus t\u00f6\u00f6korras, tagades teile kindlustunde ja meelerahu. [\/cg_accordion] [cg_accordion title=\"PRICING, TAXES AND SHIPPING\"] <strong><u>M\u00e4rkus:<\/u><\/strong><\/p>\n<ul>\n<li>Ameerika \u00dchendriikide kliendid: N\u00e4idatud hind ei sisalda makse ega tollimaksu. Vastutus tollivormistuse ja sellega seotud maksude\/tollimaksude tasumise eest lasub kliendil. <\/li>\n<li>ELi kliendid: N\u00e4idatud hind sisaldab kohaldatavat maksu, mis v\u00f5ib s\u00f5ltuvalt teie riigist olla kuni 25%.<\/li>\n<li>Kanada kliendid: N\u00e4idatud hind sisaldab kohaldatavaid makse, mis v\u00f5ivad sisaldada 5% GST ja t\u00e4iendavaid provintsi m\u00fc\u00fcgimakse (PST), \u00fchtlustatud m\u00fc\u00fcgimaksu (HST) v\u00f5i Quebeci m\u00fc\u00fcgimaksu (QST), s\u00f5ltuvalt teie provintsist.<\/li>\n<\/ul>\n<p><strong>AINULT ELi klientidele:<\/strong> Express DDP (Delivered Duty Paid). See t\u00e4hendab: <\/p>\n<ul>\n<li style=\"list-style-type: none;\">\n<ul>\n<li>K\u00f5ik tollimaksud ja maksud sisalduvad toote lehel n\u00e4idatud hinnas.<\/li>\n<li>Te ei pea tarnimisel lisatasusid maksma.<\/li>\n<li>Harva esinevate tolliprobleemide korral tegeleb meie meeskond teie nimel tollivormistusega, et tagada sujuv tarne.<\/li>\n<p>Oluline teave tagastuste kohta:<\/p>\n<li>Kui te otsustate oma tellimuse tagastada v\u00f5i taotleda raha tagasi, siis pidage meeles, et teie eest DDP tingimuste alusel makstud makse ja tollimakse ei saa tagasi maksta.<\/li>\n<p>Palun vaadake meie<\/ul>\n<\/li>\n<\/ul>\n<p><a href=\"https:\/\/ayaneo.co\/et\/teenuse-tingimused\/\" target=\"_blank\" rel=\"nofollow noopener\">Tingimused<\/a><\/p>\n<ul>\u00fcksikasjaliku teabe saamiseks.<\/ul>\n<p>[\/cg_accordion] [cg_accordion title=\"KLIENDITUGI\"]  Kas teil on k\u00fcsimus? Oleme l\u00fchikese teksti kaugusel sellest, et teie k\u00fcsimus oleks lahendatud! [\/cg_accordion] [cg_accordion title=\"PACKAGE INCLUDES\"]<\/p>\n<ul>\n<li>1x AYANEO 3<\/li>\n<li>1x toitepistik (EL\/USA)<\/li>\n<li>1x USB Type-C kaabel<\/li>\n<li>1x kasutusjuhend<\/li>\n<\/ul>\n<p>[\/cg_accordion]<\/p>\n","protected":false},"featured_media":37579,"template":"","meta":{"_acf_changed":false},"product_brand":[],"product_cat":[550],"product_tag":[551],"class_list":{"0":"post-8904","1":"product","2":"type-product","3":"status-publish","4":"has-post-thumbnail","6":"product_cat-kaeshoitavad-manguriarvutid","7":"product_tag-pc-mangimine-pihuarvuti","8":"product_shipping_class-premium","9":"pa_brand-ayaneo","10":"pa_graphics-gpu-model-ryzen-7-8840u-radeon-780m","11":"pa_graphics-gpu-model-ryzen-ai-9-hx-370-radeon-890m","12":"pa_operating-system-windows-11","13":"pa_processor-cpu-brand-amd","15":"first","16":"instock","17":"taxable","18":"shipping-taxable","19":"purchasable","20":"product-type-variable","21":"has-default-attributes"},"acf":[],"_links":{"self":[{"href":"https:\/\/ayaneo.co\/et\/wp-json\/wp\/v2\/product\/8904","targetHints":{"allow":["GET"]}}],"collection":[{"href":"https:\/\/ayaneo.co\/et\/wp-json\/wp\/v2\/product"}],"about":[{"href":"https:\/\/ayaneo.co\/et\/wp-json\/wp\/v2\/types\/product"}],"wp:featuredmedia":[{"embeddable":true,"href":"https:\/\/ayaneo.co\/et\/wp-json\/wp\/v2\/media\/37579"}],"wp:attachment":[{"href":"https:\/\/ayaneo.co\/et\/wp-json\/wp\/v2\/media?parent=8904"}],"wp:term":[{"taxonomy":"product_brand","embeddable":true,"href":"https:\/\/ayaneo.co\/et\/wp-json\/wp\/v2\/product_brand?post=8904"},{"taxonomy":"product_cat","embeddable":true,"href":"https:\/\/ayaneo.co\/et\/wp-json\/wp\/v2\/product_cat?post=8904"},{"taxonomy":"product_tag","embeddable":true,"href":"https:\/\/ayaneo.co\/et\/wp-json\/wp\/v2\/product_tag?post=8904"}],"curies":[{"name":"wp","href":"https:\/\/api.w.org\/{rel}","templated":true}]}}