{"id":11419,"date":"2025-03-18T15:51:48","date_gmt":"2025-03-18T15:51:48","guid":{"rendered":"https:\/\/ayaneo.co\/product\/ayaneo-pocket-micro-nahkakotelo\/"},"modified":"2025-12-02T18:18:42","modified_gmt":"2025-12-02T18:18:42","slug":"ayaneo-pocket-micro-nahkakotelo","status":"publish","type":"product","link":"https:\/\/ayaneo.co\/fi\/product\/ayaneo-pocket-micro-nahkakotelo\/","title":{"rendered":"AYANEO Pocket Micro Nahka Case"},"content":{"rendered":"\n<p>Anna <strong>AYANEO Pocket Micro<\/strong> -laitteellesi <strong>sen<\/strong> ansaitsema <strong>suoja<\/strong> t\u00e4ll\u00e4 <strong>ylellisell\u00e4 nahkakotelolla!<\/strong> <strong>T\u00e4ydellisesti istuvaksi<\/strong> suunnitellussa kotelossa yhdistyv\u00e4t <strong>tyylikkyys, kest\u00e4vyys ja kannettavuus, jotta laitteesi pysyy<\/strong> turvassa ja s\u00e4ilytt\u00e4\u00e4 samalla tyylikk\u00e4\u00e4n, ammattimaisen ulkon\u00e4\u00f6n.<\/p>\n\n<h2 class=\"wp-block-heading\" id=\"h-key-features\"><strong>T\u00e4rkeimm\u00e4t ominaisuudet:<\/strong><\/h2>\n\n<p><strong>Ensiluokkainen nahkamateriaali<\/strong> - Korkealaatuisesta nahasta valmistettu hienostunut ja kest\u00e4v\u00e4 viimeistely.<\/p>\n\n<p><strong>T\u00e4ydellinen istuvuus ja turvallinen suojaus -<\/strong> R\u00e4\u00e4t\u00e4l\u00f6ity AYANEO Pocket Micro -laitteelle, <strong>joka<\/strong> takaa <strong>tiukan istuvuuden ja<\/strong> pit\u00e4\u00e4 laitteesi turvassa naarmuilta, p\u00f6lylt\u00e4 ja pienilt\u00e4 iskuilta.<\/p>\n\n<p><strong>Pehme\u00e4 sis\u00e4vuori<\/strong> - hell\u00e4varainen laitteen n\u00e4yt\u00f6lle ja rungolle, est\u00e4\u00e4 ei-toivottujen j\u00e4lkien syntymisen.<\/p>\n\n<p><strong>Kevyt ja kannettava<\/strong> - Ohut muotoilu helpottaa kantamista ja tarjoaa samalla maksimaalisen suojan.<\/p>\n\n<p><strong>Magneettisuljenta lis\u00e4\u00e4 turvallisuutta<\/strong> - varmistaa, ett\u00e4 laitteesi pysyy turvallisesti paikallaan ja mahdollistaa samalla nopean k\u00e4yt\u00f6n.<\/p>\n\n<p>P\u00e4ivit\u00e4 <strong>AYANEO Pocket Micro<\/strong> -laitteesi <strong>t\u00e4ll\u00e4<\/strong> <strong>tyylikk\u00e4\u00e4ll\u00e4 ja toimivalla nahkakotelolla -<\/strong> <strong>suojaa tyylikk\u00e4\u00e4sti!<\/strong> <\/p>\n\n<p><\/p>\n","protected":false},"excerpt":{"rendered":"<ul>\n<li><strong>Virallinen AYANEO<\/strong> Pocket Micro Suojaava nahkakotelo<\/li>\n<li><strong>Ensiluokkainen nahka<\/strong> - Tyylik\u00e4s, kest\u00e4v\u00e4 ja pitk\u00e4ik\u00e4inen.<\/li>\n<li><strong>Pehme\u00e4 sis\u00e4vuori<\/strong> - suojaa naarmuilta ja p\u00f6lylt\u00e4.<\/li>\n<li><strong>Kevyt ja kannettava<\/strong> - Helppo kuljettaa ilman irtotavaraa.<\/li>\n<li><strong>Magneettisuljenta<\/strong> - turvallinen ja k\u00e4tev\u00e4 p\u00e4\u00e4sy.<\/li>\n<\/ul>\n[cg_accordion title=\"MAKSUTIEDOT\"]<\/p>\n<p>K\u00e4yt\u00e4mme uusinta teknologiaa maksujen k\u00e4sittelyss\u00e4, jonka avulla voit tehd\u00e4 maksun Apple Payn, Google Payn, pankki- tai luottokortin, PayPalin tai BNPL-menetelmien, kuten Klarna, Affirm tai AfterPay, avulla nopean ja turvallisen maksukokemuksen.[\/cg_accordion]\n[cg_accordion title=\"TAKUU\"]<\/p>\n<p>1 vuoden takuu <a href=\"https:\/\/droix.net\/\" target=\"_blank\" rel=\"nofollow noopener\">DROIX Global ilta mielenrauhasi vuoksi<\/a> [\/cg_accordion]\n[cg_accordion title=\"LAADUNVARMISTUS JA L\u00c4HETYST\u00c4 EDELT\u00c4V\u00c4 TESTAUS\"]<\/p>\n<p>Asiakastyytyv\u00e4isyyden varmistaminen korkeimmalla tasolla: Jokainen laite testataan tiukasti ja sille tehd\u00e4\u00e4n monipisteinen laadunvarmistustarkastus ennen sen l\u00e4hett\u00e4mist\u00e4. Asialle omistautunut tiimimme tarkistaa suorituskyvyn, toimivuuden ja komponenttien eheyden, jotta AYANEO-laitteesi on saapuessaan t\u00e4ydellisess\u00e4 toimintakunnossa, mik\u00e4 antaa sinulle luottamusta ja mielenrauhaa. [\/cg_accordion]\n[cg_accordion title=\"HINNOITTELU, VEROT JA TOIMITUKSET\"]<\/p>\n<p><strong><u>Huom:<\/u><\/strong><\/p>\n<ul>\n<li>Yhdysvallat Asiakkaat: Asiakkaat: N\u00e4ytetty hinta EI sis\u00e4ll\u00e4 veroja eik\u00e4 tulleja. Vastuu tulliselvityksest\u00e4 ja siihen liittyvien verojen\/tullien maksamisesta on asiakkaalla. <\/li>\n<li>EU:n asiakkaat: N\u00e4ytetty hinta sis\u00e4lt\u00e4\u00e4 sovellettavan veron, joka voi olla jopa 25 % maastasi riippuen.<\/li>\n<li>Kanada Asiakkaat: N\u00e4ytetty hinta sis\u00e4lt\u00e4\u00e4 sovellettavat verot, joihin voi sis\u00e4lty\u00e4 5 % GST ja ylim\u00e4\u00e4r\u00e4isi\u00e4 maakunnallisia myyntiveroja (PST), harmonisoitua myyntiveroa (HST) tai Quebecin myyntiveroa (QST) maakunnasta riippuen.<\/li>\n<\/ul>\n<p><strong>AINOASTAAN EU:n asiakkaille:<\/strong> Express DDP (Delivered Duty Paid). T\u00e4m\u00e4 tarkoittaa: <\/p>\n<ul>\n<li>Kaikki tullit ja verot sis\u00e4ltyv\u00e4t tuotesivulla ilmoitettuun hintaan.<\/li>\n<li>Sinun ei tarvitse maksaa lis\u00e4maksuja toimituksen yhteydess\u00e4.<\/li>\n<li>Harvinaisissa tulliin liittyviss\u00e4 tapauksissa tiimimme hoitaa tulliselvitysprosessin puolestasi varmistaakseen sujuvan toimituksen.<\/li>\n<p>T\u00e4rke\u00e4\u00e4 tietoa palautuksista:<\/p>\n<li>Jos p\u00e4\u00e4t\u00e4t palauttaa tilauksesi tai pyyt\u00e4\u00e4 palautusta, ota huomioon, ett\u00e4 DDP-ehtojen mukaisesti puolestasi maksettuja veroja ja tulleja ei voida palauttaa.<\/li>\n<p>Katso yksityiskohtaiset tiedot <a href=\"https:\/\/ayaneo.co\/fi\/kayttoehdot\/\" target=\"_blank\" rel=\"nofollow noopener\">k\u00e4ytt\u00f6ehdoistamme<\/a>.\n<\/ul>\n<p>[\/cg_accordion]\n[cg_accordion title=\"ASIAKASTUKI\"]<\/p>\n<p>Onko kysytt\u00e4v\u00e4\u00e4? Olemme lyhyen tekstiviestin p\u00e4\u00e4ss\u00e4 siit\u00e4, ett\u00e4 ongelmasi on ratkaistu! [\/cg_accordion]\n[cg_accordion title=\"PAKETTI SIS\u00c4LT\u00c4\u00c4\"]<\/p>\n<ul>\n<li>1x AYANEO Pocket Micro Nahka Kotelo<\/li>\n<\/ul>\n<p>[\/cg_accordion]\n","protected":false},"featured_media":11024,"template":"","meta":{"_acf_changed":false},"product_brand":[],"product_cat":[556],"product_tag":[],"class_list":{"0":"post-11419","1":"product","2":"type-product","3":"status-publish","4":"has-post-thumbnail","6":"product_cat-tarvikkeet","7":"product_shipping_class-low-end","8":"pa_accessory-type-protective-case-fi","9":"pa_brand-ayaneo","11":"first","12":"outofstock","13":"sale","14":"taxable","15":"shipping-taxable","16":"purchasable","17":"product-type-variable","18":"has-default-attributes"},"acf":[],"_links":{"self":[{"href":"https:\/\/ayaneo.co\/fi\/wp-json\/wp\/v2\/product\/11419","targetHints":{"allow":["GET"]}}],"collection":[{"href":"https:\/\/ayaneo.co\/fi\/wp-json\/wp\/v2\/product"}],"about":[{"href":"https:\/\/ayaneo.co\/fi\/wp-json\/wp\/v2\/types\/product"}],"wp:featuredmedia":[{"embeddable":true,"href":"https:\/\/ayaneo.co\/fi\/wp-json\/wp\/v2\/media\/11024"}],"wp:attachment":[{"href":"https:\/\/ayaneo.co\/fi\/wp-json\/wp\/v2\/media?parent=11419"}],"wp:term":[{"taxonomy":"product_brand","embeddable":true,"href":"https:\/\/ayaneo.co\/fi\/wp-json\/wp\/v2\/product_brand?post=11419"},{"taxonomy":"product_cat","embeddable":true,"href":"https:\/\/ayaneo.co\/fi\/wp-json\/wp\/v2\/product_cat?post=11419"},{"taxonomy":"product_tag","embeddable":true,"href":"https:\/\/ayaneo.co\/fi\/wp-json\/wp\/v2\/product_tag?post=11419"}],"curies":[{"name":"wp","href":"https:\/\/api.w.org\/{rel}","templated":true}]}}