{"id":11439,"date":"2025-03-20T09:38:25","date_gmt":"2025-03-20T09:38:25","guid":{"rendered":"https:\/\/ayaneo.co\/product\/ayaneo-pocket-micro-dmg-thumb-stick-grip-caps-parannettu-mukavuus-ja-hallinta\/"},"modified":"2025-12-09T00:33:11","modified_gmt":"2025-12-09T00:33:11","slug":"ayaneo-pocket-micro-dmg-thumb-stick-grip-caps-parannettu-mukavuus-ja-hallinta","status":"publish","type":"product","link":"https:\/\/ayaneo.co\/fi\/product\/ayaneo-pocket-micro-dmg-thumb-stick-grip-caps-parannettu-mukavuus-ja-hallinta\/","title":{"rendered":"AYANEO Pocket S2, Micro, DMG &amp; ACE peukalotikun kahvan suojukset - Parannettu mukavuus ja hallinta!"},"content":{"rendered":"\n<p><strong>Paranna pelikokemustasi AYANEO Pocket S2-, Micro-, DMG- ja ACE-peukalokepin kahvakuorilla!<\/strong>  N\u00e4m\u00e4 tarkkuutta, mukavuutta ja kest\u00e4vyytt\u00e4 varten suunnitellut kahvasuojukset tarjoavat paremman hallinnan ja paremman otteen, mik\u00e4 takaa sujuvamman pelaamisen AYANEO Pocket S2-, Micro-, DMG- ja ACE-laitteissa.<\/p>\n\n<h2 class=\"wp-block-heading\"><strong>  T\u00e4rkeimm\u00e4t ominaisuudet:<\/strong><\/h2>\n\n<p><strong>Parempi ote ja hallinta<\/strong> - Sano hyv\u00e4stit liukkaille peukalokepille! Nauti <strong>parannetusta tarkkuudesta<\/strong> jokaisessa liikkeess\u00e4. <\/p>\n\n<p><strong>Mukava ja ergonominen muotoilu<\/strong> - Pehme\u00e4n tuntuinen materiaali v\u00e4hent\u00e4\u00e4 rasitusta pitkien pelisessioiden aikana.  <\/p>\n\n<p><strong>Ensiluokkainen materiaali<\/strong> - Kest\u00e4v\u00e4, korkealaatuinen silikoni takaa <strong>pitk\u00e4aikaisen suorituskyvyn<\/strong>.  <\/p>\n\n<p><strong>Helppo asentaa ja turvallinen istuvuus -<\/strong> Suunniteltu erityisesti AYANEO Pocket S2-, Micro-, DMG- ja ACE-taskuihin, mik\u00e4 takaa tiukan ja luistamattoman istuvuuden.<\/p>\n\n<p><strong>Tyylik\u00e4s ja toimiva<\/strong> - Lis\u00e4\u00e4 tyylik\u00e4st\u00e4 estetiikkaa ja suojaa samalla peukalotikkujasi kulumiselta.  <\/p>\n\n<p>Nosta <strong>AYANEO pelikokemuksesi<\/strong> seuraavalle tasolle n\u00e4ill\u00e4 <strong>pakollisilla kahvasuojuksilla<\/strong>!  <\/p>\n","protected":false},"excerpt":{"rendered":"<ul>\n<li><strong>Viralliset AYANEO<\/strong> Pocket S2, Micro, DMG &amp; ACE peukalokepin kahvan suojukset.<\/li>\n<li><strong>Parempi pito ja hallinta<\/strong> - Parantaa tarkkuutta ja k\u00e4sitelt\u00e4vyytt\u00e4.<\/li>\n<li><strong>Pehme\u00e4 ja mukava<\/strong> - V\u00e4hent\u00e4\u00e4 v\u00e4symyst\u00e4 pitk\u00e4kestoisessa pelaamisessa.<\/li>\n<li><strong>Kest\u00e4v\u00e4 silikonimateriaali<\/strong> - Pitk\u00e4ik\u00e4inen ja kulutusta kest\u00e4v\u00e4.<\/li>\n<li><strong>T\u00e4ydellinen istuvuus -<\/strong> Suunniteltu yksinomaan AYANEO Pocket S2, Micro, DMG ja ACE -laitteille.<\/li>\n<\/ul>\n[cg_accordion title=\"MAKSUTIEDOT\"]<\/p>\n<p>K\u00e4yt\u00e4mme uusinta teknologiaa maksujen k\u00e4sittelyss\u00e4, jonka avulla voit tehd\u00e4 maksun Apple Payn, Google Payn, pankki- tai luottokortin, PayPalin tai BNPL-menetelmien, kuten Klarna, Affirm tai AfterPay, avulla nopean ja turvallisen maksukokemuksen.[\/cg_accordion]\n[cg_accordion title=\"TAKUU\"]<\/p>\n<p>1 vuoden takuu <a href=\"https:\/\/droix.net\/\" target=\"_blank\" rel=\"nofollow noopener\">DROIX Global ilta mielenrauhasi vuoksi<\/a> [\/cg_accordion]\n[cg_accordion title=\"LAADUNVARMISTUS JA L\u00c4HETYST\u00c4 EDELT\u00c4V\u00c4 TESTAUS\"]<\/p>\n<p>Asiakastyytyv\u00e4isyyden varmistaminen korkeimmalla tasolla: Jokainen laite testataan tiukasti ja sille tehd\u00e4\u00e4n monipisteinen laadunvarmistustarkastus ennen sen l\u00e4hett\u00e4mist\u00e4. Asialle omistautunut tiimimme tarkistaa suorituskyvyn, toimivuuden ja komponenttien eheyden, jotta AYANEO-laitteesi on saapuessaan t\u00e4ydellisess\u00e4 toimintakunnossa, mik\u00e4 antaa sinulle luottamusta ja mielenrauhaa. [\/cg_accordion]\n[cg_accordion title=\"HINNOITTELU, VEROT JA TOIMITUKSET\"]<\/p>\n<p><strong><u>Huom:<\/u><\/strong><\/p>\n<ul>\n<li>Yhdysvallat Asiakkaat: Asiakkaat: N\u00e4ytetty hinta EI sis\u00e4ll\u00e4 veroja eik\u00e4 tulleja. Vastuu tulliselvityksest\u00e4 ja siihen liittyvien verojen\/tullien maksamisesta on asiakkaalla. <\/li>\n<li>EU:n asiakkaat: N\u00e4ytetty hinta sis\u00e4lt\u00e4\u00e4 sovellettavan veron, joka voi olla jopa 25 % maastasi riippuen.<\/li>\n<li>Kanada Asiakkaat: N\u00e4ytetty hinta sis\u00e4lt\u00e4\u00e4 sovellettavat verot, joihin voi sis\u00e4lty\u00e4 5 % GST ja ylim\u00e4\u00e4r\u00e4isi\u00e4 maakunnallisia myyntiveroja (PST), harmonisoitua myyntiveroa (HST) tai Quebecin myyntiveroa (QST) maakunnasta riippuen.<\/li>\n<\/ul>\n<p><strong>AINOASTAAN EU:n asiakkaille:<\/strong> Express DDP (Delivered Duty Paid). T\u00e4m\u00e4 tarkoittaa: <\/p>\n<ul>\n<li>Kaikki tullit ja verot sis\u00e4ltyv\u00e4t tuotesivulla ilmoitettuun hintaan.<\/li>\n<li>Sinun ei tarvitse maksaa lis\u00e4maksuja toimituksen yhteydess\u00e4.<\/li>\n<li>Harvinaisissa tulliin liittyviss\u00e4 tapauksissa tiimimme hoitaa tulliselvitysprosessin puolestasi varmistaakseen sujuvan toimituksen.<\/li>\n<p>T\u00e4rke\u00e4\u00e4 tietoa palautuksista:<\/p>\n<li>Jos p\u00e4\u00e4t\u00e4t palauttaa tilauksesi tai pyyt\u00e4\u00e4 palautusta, ota huomioon, ett\u00e4 DDP-ehtojen mukaisesti puolestasi maksettuja veroja ja tulleja ei voida palauttaa.<\/li>\n<p>Katso yksityiskohtaiset tiedot <a href=\"https:\/\/ayaneo.co\/fi\/kayttoehdot\/\" target=\"_blank\" rel=\"nofollow noopener\">k\u00e4ytt\u00f6ehdoistamme<\/a>.\n<\/ul>\n<p>[\/cg_accordion]\n[cg_accordion title=\"ASIAKASTUKI\"]<\/p>\n<p>Onko kysytt\u00e4v\u00e4\u00e4? Olemme lyhyen tekstiviestin p\u00e4\u00e4ss\u00e4 siit\u00e4, ett\u00e4 ongelmasi on ratkaistu! [\/cg_accordion]\n[cg_accordion title=\"PAKETTI SIS\u00c4LT\u00c4\u00c4\"]<\/p>\n<ul>\n<li>1x AYANEO Pocket S2, Micro, DMG &amp; ACE peukalotikun kahvan suojukset.<\/li>\n<\/ul>\n<p>[\/cg_accordion]\n","protected":false},"featured_media":11010,"template":"","meta":{"_acf_changed":false},"product_brand":[],"product_cat":[556],"product_tag":[],"class_list":{"0":"post-11439","1":"product","2":"type-product","3":"status-publish","4":"has-post-thumbnail","6":"product_cat-tarvikkeet","7":"product_shipping_class-low-end","9":"first","10":"instock","11":"sale","12":"taxable","13":"shipping-taxable","14":"purchasable","15":"product-type-simple"},"acf":[],"_links":{"self":[{"href":"https:\/\/ayaneo.co\/fi\/wp-json\/wp\/v2\/product\/11439","targetHints":{"allow":["GET"]}}],"collection":[{"href":"https:\/\/ayaneo.co\/fi\/wp-json\/wp\/v2\/product"}],"about":[{"href":"https:\/\/ayaneo.co\/fi\/wp-json\/wp\/v2\/types\/product"}],"wp:featuredmedia":[{"embeddable":true,"href":"https:\/\/ayaneo.co\/fi\/wp-json\/wp\/v2\/media\/11010"}],"wp:attachment":[{"href":"https:\/\/ayaneo.co\/fi\/wp-json\/wp\/v2\/media?parent=11439"}],"wp:term":[{"taxonomy":"product_brand","embeddable":true,"href":"https:\/\/ayaneo.co\/fi\/wp-json\/wp\/v2\/product_brand?post=11439"},{"taxonomy":"product_cat","embeddable":true,"href":"https:\/\/ayaneo.co\/fi\/wp-json\/wp\/v2\/product_cat?post=11439"},{"taxonomy":"product_tag","embeddable":true,"href":"https:\/\/ayaneo.co\/fi\/wp-json\/wp\/v2\/product_tag?post=11439"}],"curies":[{"name":"wp","href":"https:\/\/api.w.org\/{rel}","templated":true}]}}