{"id":11444,"date":"2025-03-20T10:53:25","date_gmt":"2025-03-20T10:53:25","guid":{"rendered":"https:\/\/ayaneo.co\/product\/ayaneo-pocket-evo-thumb-stick-grip-caps-parannettu-tarkkuus-ja-mukavuus\/"},"modified":"2025-12-09T00:32:25","modified_gmt":"2025-12-09T00:32:25","slug":"ayaneo-pocket-evo-thumb-stick-grip-caps-parannettu-tarkkuus-ja-mukavuus","status":"publish","type":"product","link":"https:\/\/ayaneo.co\/fi\/product\/ayaneo-pocket-evo-thumb-stick-grip-caps-parannettu-tarkkuus-ja-mukavuus\/","title":{"rendered":"AYANEO 3 \/ Pocket EVO Thumb Stick Grip Caps - tarkkuutta ja mukavuutta jokaiseen liikkeeseen!"},"content":{"rendered":"\n<p>Paranna <strong>AYANEO 3 ja Pocket EVO<\/strong> pelikokemustasi n\u00e4ill\u00e4 <strong>ensiluokkaisilla peukalokepin kahvan suojuksilla<\/strong>! N\u00e4m\u00e4 <strong>paremman otteen, paremman hallinnan ja pitk\u00e4aikaisen kest\u00e4vyyden<\/strong> varmistamiseksi suunnitellut suojukset takaavat sulavammat ja tarkemmat liikkeet \u00e4\u00e4rimm\u00e4ist\u00e4 pelaamista varten.<\/p>\n\n<h2 class=\"wp-block-heading\"><strong>T\u00e4rkeimm\u00e4t ominaisuudet:<\/strong><\/h2>\n\n<p><strong>Parannettu ote ja ohjaus<\/strong> - <strong>Parantaa tarkkuutta<\/strong> ja liukumaton pinta mahdollistaa tarkat liikkeet.<\/p>\n\n<p><strong>Ergonominen ja mukava muotoilu<\/strong> - V\u00e4hent\u00e4\u00e4 peukalon v\u00e4symist\u00e4 pitkiss\u00e4 pelisessioissa.<\/p>\n\n<p><strong>Ensiluokkainen silikonimateriaali<\/strong> - Kest\u00e4v\u00e4, korkealaatuinen materiaali takaa pitk\u00e4ik\u00e4isyyden ja sile\u00e4n tuntuman.<\/p>\n\n<p><strong>Helppo asentaa ja turvallinen istuvuus<\/strong> - R\u00e4\u00e4t\u00e4l\u00f6ity <strong>AYANEO 3:lle ja Pocket EVO:<\/strong>lle, mik\u00e4 takaa tiukan ja luistamattoman kiinnityksen.<\/p>\n\n<p><strong>Tyylik\u00e4s ja toimiva<\/strong> - <strong>Musta ja valkoinen v\u00e4rivaihtoehto<\/strong> sopii peliasennukseesi ja suojaa samalla joysticki\u00e4si kulumiselta.<\/p>\n\n<p>P\u00e4ivit\u00e4 <strong>AYANEO 3 ja Pocket EVO -laitteesi<\/strong> n\u00e4ill\u00e4 <strong>laadukkailla peukalotikkujen suojuksilla<\/strong>, jotka takaavat paremman otteen, hallinnan ja mukavuuden!<\/p>\n","protected":false},"excerpt":{"rendered":"<ul>\n<li><strong>Viralliset<\/strong> AYANEO 3 \/ Pocket EVO peukalotikun kahvakuulakkeet<\/li>\n<li><strong>Parempi ote ja tarkkuus<\/strong> - Parantaa tarkkuutta ja hallintaa.<\/li>\n<li><strong>Mukava ja ergonominen<\/strong> - V\u00e4hent\u00e4\u00e4 v\u00e4symyst\u00e4 pidemmiss\u00e4 pelisessioissa.<\/li>\n<li><strong>Kest\u00e4v\u00e4 silikonimateriaali<\/strong> - Pitk\u00e4ik\u00e4inen ja kulutusta kest\u00e4v\u00e4.<\/li>\n<li><strong>T\u00e4ydellinen istuvuus<\/strong> - Suunniteltu yksinomaan AYANEO 3:lle ja Pocket EVO:lle.<\/li>\n<\/ul>\n[cg_accordion title=\"MAKSUTIEDOT\"]<\/p>\n<p>K\u00e4yt\u00e4mme uusinta teknologiaa maksujen k\u00e4sittelyss\u00e4, jonka avulla voit tehd\u00e4 maksun Apple Payn, Google Payn, pankki- tai luottokortin, PayPalin tai BNPL-menetelmien, kuten Klarna, Affirm tai AfterPay, avulla nopean ja turvallisen maksukokemuksen.[\/cg_accordion]\n[cg_accordion title=\"TAKUU\"]<\/p>\n<p>1 vuoden takuu <a href=\"https:\/\/droix.net\/\" target=\"_blank\" rel=\"nofollow noopener\">DROIX Global ilta mielenrauhasi vuoksi<\/a> [\/cg_accordion]\n[cg_accordion title=\"LAADUNVARMISTUS JA L\u00c4HETYST\u00c4 EDELT\u00c4V\u00c4 TESTAUS\"]<\/p>\n<p>Asiakastyytyv\u00e4isyyden varmistaminen korkeimmalla tasolla: Jokainen laite testataan tiukasti ja sille tehd\u00e4\u00e4n monipisteinen laadunvarmistustarkastus ennen sen l\u00e4hett\u00e4mist\u00e4. Asialle omistautunut tiimimme tarkistaa suorituskyvyn, toimivuuden ja komponenttien eheyden, jotta AYANEO-laitteesi on saapuessaan t\u00e4ydellisess\u00e4 toimintakunnossa, mik\u00e4 antaa sinulle luottamusta ja mielenrauhaa. [\/cg_accordion]\n[cg_accordion title=\"HINNOITTELU, VEROT JA TOIMITUKSET\"]<\/p>\n<p><strong><u>Huom:<\/u><\/strong><\/p>\n<ul>\n<li>Yhdysvallat Asiakkaat: Asiakkaat: N\u00e4ytetty hinta EI sis\u00e4ll\u00e4 veroja eik\u00e4 tulleja. Vastuu tulliselvityksest\u00e4 ja siihen liittyvien verojen\/tullien maksamisesta on asiakkaalla. <\/li>\n<li>EU:n asiakkaat: N\u00e4ytetty hinta sis\u00e4lt\u00e4\u00e4 sovellettavan veron, joka voi olla jopa 25 % maastasi riippuen.<\/li>\n<li>Kanada Asiakkaat: N\u00e4ytetty hinta sis\u00e4lt\u00e4\u00e4 sovellettavat verot, joihin voi sis\u00e4lty\u00e4 5 % GST ja ylim\u00e4\u00e4r\u00e4isi\u00e4 maakunnallisia myyntiveroja (PST), harmonisoitua myyntiveroa (HST) tai Quebecin myyntiveroa (QST) maakunnasta riippuen.<\/li>\n<\/ul>\n<p><strong>AINOASTAAN EU:n asiakkaille:<\/strong> Express DDP (Delivered Duty Paid). T\u00e4m\u00e4 tarkoittaa: <\/p>\n<ul>\n<li>Kaikki tullit ja verot sis\u00e4ltyv\u00e4t tuotesivulla ilmoitettuun hintaan.<\/li>\n<li>Sinun ei tarvitse maksaa lis\u00e4maksuja toimituksen yhteydess\u00e4.<\/li>\n<li>Harvinaisissa tulliin liittyviss\u00e4 tapauksissa tiimimme hoitaa tulliselvitysprosessin puolestasi varmistaakseen sujuvan toimituksen.<\/li>\n<p>T\u00e4rke\u00e4\u00e4 tietoa palautuksista:<\/p>\n<li>Jos p\u00e4\u00e4t\u00e4t palauttaa tilauksesi tai pyyt\u00e4\u00e4 palautusta, ota huomioon, ett\u00e4 DDP-ehtojen mukaisesti puolestasi maksettuja veroja ja tulleja ei voida palauttaa.<\/li>\n<p>Katso yksityiskohtaiset tiedot <a href=\"https:\/\/ayaneo.co\/fi\/kayttoehdot\/\" target=\"_blank\" rel=\"nofollow noopener\">k\u00e4ytt\u00f6ehdoistamme<\/a>.\n<\/ul>\n<p>[\/cg_accordion]\n[cg_accordion title=\"ASIAKASTUKI\"]<\/p>\n<p>Onko kysytt\u00e4v\u00e4\u00e4? Olemme lyhyen tekstiviestin p\u00e4\u00e4ss\u00e4 siit\u00e4, ett\u00e4 ongelmasi on ratkaistu! [\/cg_accordion]\n[cg_accordion title=\"PAKETTI SIS\u00c4LT\u00c4\u00c4\"]<\/p>\n<ul>\n<li>1x AYANEO 3 &amp; Pocket EVO peukalotikun kahvakuulakkeet<\/li>\n<\/ul>\n<p>[\/cg_accordion]\n","protected":false},"featured_media":11039,"template":"","meta":{"_acf_changed":false},"product_brand":[],"product_cat":[556],"product_tag":[],"class_list":{"0":"post-11444","1":"product","2":"type-product","3":"status-publish","4":"has-post-thumbnail","6":"product_cat-tarvikkeet","7":"product_shipping_class-low-end","9":"first","10":"instock","11":"sale","12":"taxable","13":"shipping-taxable","14":"purchasable","15":"product-type-simple"},"acf":[],"_links":{"self":[{"href":"https:\/\/ayaneo.co\/fi\/wp-json\/wp\/v2\/product\/11444","targetHints":{"allow":["GET"]}}],"collection":[{"href":"https:\/\/ayaneo.co\/fi\/wp-json\/wp\/v2\/product"}],"about":[{"href":"https:\/\/ayaneo.co\/fi\/wp-json\/wp\/v2\/types\/product"}],"wp:featuredmedia":[{"embeddable":true,"href":"https:\/\/ayaneo.co\/fi\/wp-json\/wp\/v2\/media\/11039"}],"wp:attachment":[{"href":"https:\/\/ayaneo.co\/fi\/wp-json\/wp\/v2\/media?parent=11444"}],"wp:term":[{"taxonomy":"product_brand","embeddable":true,"href":"https:\/\/ayaneo.co\/fi\/wp-json\/wp\/v2\/product_brand?post=11444"},{"taxonomy":"product_cat","embeddable":true,"href":"https:\/\/ayaneo.co\/fi\/wp-json\/wp\/v2\/product_cat?post=11444"},{"taxonomy":"product_tag","embeddable":true,"href":"https:\/\/ayaneo.co\/fi\/wp-json\/wp\/v2\/product_tag?post=11444"}],"curies":[{"name":"wp","href":"https:\/\/api.w.org\/{rel}","templated":true}]}}