{"id":11471,"date":"2025-01-29T11:53:38","date_gmt":"2025-01-29T11:53:38","guid":{"rendered":"https:\/\/ayaneo.co\/product\/usb-4-0-type-c-kaapeli\/"},"modified":"2025-04-11T12:02:51","modified_gmt":"2025-04-11T12:02:51","slug":"usb-4-0-type-c-kaapeli","status":"publish","type":"product","link":"https:\/\/ayaneo.co\/fi\/product\/usb-4-0-type-c-kaapeli\/","title":{"rendered":"USB 4.0 Type-C -kaapeli"},"content":{"rendered":"\n<h3 class=\"wp-block-heading\"><strong>Koe vertaansa vailla oleva liitett\u00e4vyys USB 4.0 Type-C -kaapelilla.<\/strong><\/h3>\n\n<h4 class=\"wp-block-heading\"><strong>Vallankumouksellinen nopeus, teho ja tarkkuus<\/strong><\/h4>\n\n<h4 class=\"wp-block-heading\"><strong>Huima 40 Gbps tiedonsiirto<\/strong><\/h4>\n\n<p>Avaa vertaansa vailla oleva suorituskyky <strong>USB 4.0 Type-C -kaapelilla<\/strong>, joka pystyy <strong>salamannopeaan 40 Gbps:n tiedonsiirtonopeuteen<\/strong>. Sano hyv\u00e4stit viiveelle ja tervehdi nopeaa, saumatonta tiedostojen jakamista - t\u00e4ydellinen raskaisiin ty\u00f6teht\u00e4viin, 4K-videoihin ja nopeisiin varmuuskopioihin. <\/p>\n\n<h4 class=\"wp-block-heading\"><strong>Thunderbolt 3 &amp; 4 -yhteensopivuus<\/strong><\/h4>\n\n<p><strong>Thunderbolt 3 ja 4 -yhteensopivuus<\/strong> varmistaa asennuksesi tulevaisuuden varman p\u00e4\u00e4lle, mik\u00e4 takaa saumattoman integroinnin uusimpien laitteiden kanssa. Yhdist\u00e4tp\u00e4 sitten kannettavia tietokoneita, n\u00e4ytt\u00f6j\u00e4 tai tallennusratkaisuja, kaapelimme pit\u00e4\u00e4 sinut ajan hermolla. <\/p>\n\n<h4 class=\"wp-block-heading\"><strong>Power Beyond Limits: 240W PD<\/strong><\/h4>\n\n<p>Lataa nopeammin, ty\u00f6skentele pidemp\u00e4\u00e4n. Vaikuttavan <strong>240 W:n Power Delivery<\/strong> -ominaisuuden ansiosta t\u00e4m\u00e4 kaapeli takaa nopean latauksen vaativimmillekin laitteille. Kannettavista tietokoneista pelilaitteisiin, koe keskeytym\u00e4t\u00f6n suorituskyky ja pidempi k\u00e4ytt\u00f6aika.  <\/p>\n\n<h4 class=\"wp-block-heading\"><strong>8K visuaalinen loisto<\/strong><\/h4>\n\n<p>Uppoudu upeaan kirkkauteen <strong>8K-tarkkuuden<\/strong> tuella <strong>60 Hz:n taajuudella<\/strong>. Pelasitpa sitten, editoit korkearesoluutioista sis\u00e4lt\u00f6\u00e4 tai katsoit ultra-HD-viihdett\u00e4, jokainen ruutu pursuaa el\u00e4vi\u00e4 yksityiskohtia ja el\u00e4vi\u00e4 v\u00e4rej\u00e4. <\/p>\n\n<h4 class=\"wp-block-heading\"><strong>Innovatiivinen reaaliaikainen tehonvalvonta<\/strong><\/h4>\n\n<p>Pysy hallinnassa <strong>sis\u00e4\u00e4nrakennetun virrank\u00e4ytt\u00f6n\u00e4yt\u00f6n<\/strong> avulla. T\u00e4m\u00e4 k\u00e4tev\u00e4 toiminto tarjoaa <strong>reaaliaikaisia virrankulutustietoja<\/strong>, joiden avulla voit seurata laitteesi energiankulutusta ja saada \u00e4lykk\u00e4\u00e4mm\u00e4n ja tehokkaamman latauskokemuksen. <\/p>\n\n<h4 class=\"wp-block-heading\"><strong>Suunniteltu asetuksiasi varten<\/strong><\/h4>\n\n<p>Valitse tarpeisiisi sopiva malli joustavien pituusvaihtoehtojemme avulla:<\/p>\n\n<ul class=\"wp-block-list\">\n<li><strong>Suora kaapeli<\/strong>: Saatavana <strong>0,8M<\/strong> ja <strong>1,5M<\/strong>.<\/li>\n\n\n\n<li><strong>L-muotoinen kaapeli<\/strong>: Saatavana my\u00f6s <strong>0,8M<\/strong> ja <strong>1,5M<\/strong>.<\/li>\n<\/ul>\n\n<p>Tarvitsetpa sitten liikkumavapautta tai tilaa s\u00e4\u00e4st\u00e4v\u00e4\u00e4 ratkaisua, USB 4.0 Type-C -kaapelimme sopii mihin tahansa ymp\u00e4rist\u00f6\u00f6n.<\/p>\n\n<h4 class=\"wp-block-heading\"><strong>Ensiluokkainen ammattitaito, tinkim\u00e4t\u00f6n suorituskyky<\/strong><\/h4>\n\n<p>Tarkkaan suunnitellussa kaapelissa yhdistyv\u00e4t <strong>kest\u00e4vyys, joustavuus ja huipputeknologia<\/strong>. Se on paras valinta tekniikan harrastajille, ammattilaisille ja pelaajille, jotka vaativat parasta liitett\u00e4vyytt\u00e4. <\/p>\n\n<h3 class=\"wp-block-heading\"><strong>Paranna yhteyksi\u00e4si t\u00e4n\u00e4\u00e4n<\/strong><\/h3>\n\n<p><strong>USB 4.0 Type-C -kaapelilla<\/strong> et vain yhdist\u00e4 laitteita, vaan avaat uudenlaiset mahdollisuudet. <strong>P\u00e4ivit\u00e4 tulevaisuuden nopeuteen, tehoon ja selkeyteen jo t\u00e4n\u00e4\u00e4n!<\/strong><\/p>\n","protected":false},"excerpt":{"rendered":"<ul>\n<li><strong>40Gbps<\/strong> tiedonsiirtonopeus<\/li>\n<li>Thunderbolt <strong>3<\/strong> &amp; <strong>4<\/strong><\/li>\n<li>Jopa <strong>240W<\/strong> tehonsiirto<\/li>\n<li>Tukee jopa <strong>8K @ 60Hz<\/strong> videol\u00e4hdett\u00e4<\/li>\n<li>Sis\u00e4\u00e4nrakennettu <strong>tehon n\u00e4ytt\u00f6<\/strong><\/li>\n<\/ul>\n[cg_accordion title=\"MAKSUTIEDOT\"]<\/p>\n<p>K\u00e4yt\u00e4mme uusinta tekniikkaa maksujen k\u00e4sittelyss\u00e4, jonka avulla voit tehd\u00e4 maksun Apple Payn, Google Payn, pankki- tai luottokorttisi, PayPalin tai BNPL-menetelmien, kuten Klarnan, Affirmin tai AfterPayn kautta, mik\u00e4 takaa nopean ja turvallisen maksukokemuksen.[\/cg_accordion]\n[cg_accordion title=\"TAKUU\"]<\/p>\n<p>1 vuoden takuu <a href=\"https:\/\/droix.net\/\" target=\"_blank\" rel=\"nofollow noopener\">DROIX Globalilta<\/a> mielenrauhasi vuoksi[\/cg_accordion]\n[cg_accordion title=\"HINNOITTELU, VEROT JA TOIMITUKSET\"]<\/p>\n<p><strong><u>Huom:<\/u><\/strong><\/p>\n<ul>\n<li>Yhdysvallat Asiakkaat: Asiakkaat: N\u00e4ytetty hinta EI sis\u00e4ll\u00e4 veroja eik\u00e4 tulleja. Vastuu tulliselvityksest\u00e4 ja siihen liittyvien verojen\/tullien maksamisesta on asiakkaalla. <\/li>\n<li>EU:n asiakkaat: N\u00e4ytetty hinta sis\u00e4lt\u00e4\u00e4 sovellettavan veron, joka voi olla jopa 25 % maastasi riippuen.<\/li>\n<li>Kanada Asiakkaat: N\u00e4ytetty hinta sis\u00e4lt\u00e4\u00e4 sovellettavat verot, joihin voi sis\u00e4lty\u00e4 5 % GST ja ylim\u00e4\u00e4r\u00e4isi\u00e4 maakunnallisia myyntiveroja (PST), harmonisoitua myyntiveroa (HST) tai Quebecin myyntiveroa (QST) maakunnasta riippuen.<\/li>\n<\/ul>\n<p><strong>AINOASTAAN EU:n asiakkaille:<\/strong> Express DDP (Delivered Duty Paid). T\u00e4m\u00e4 tarkoittaa: <\/p>\n<ul>\n<li>Kaikki tullit ja verot sis\u00e4ltyv\u00e4t tuotesivulla ilmoitettuun hintaan.<\/li>\n<li>Sinun ei tarvitse maksaa lis\u00e4maksuja toimituksen yhteydess\u00e4.<\/li>\n<li>Harvinaisissa tulliin liittyviss\u00e4 tapauksissa tiimimme hoitaa tulliselvitysprosessin puolestasi varmistaakseen sujuvan toimituksen.<\/li>\n<p>T\u00e4rke\u00e4\u00e4 tietoa palautuksista:<\/p>\n<li>Jos p\u00e4\u00e4t\u00e4t palauttaa tilauksesi tai pyyt\u00e4\u00e4 palautusta, ota huomioon, ett\u00e4 DDP-ehtojen mukaisesti puolestasi maksettuja veroja ja tulleja ei voida palauttaa.<\/li>\n<p>Katso yksityiskohtaiset tiedot <a href=\"https:\/\/ayaneo.co\/terms-of-service-2\/\" target=\"_blank\" rel=\"nofollow noopener\">k\u00e4ytt\u00f6ehdoistamme<\/a>.\n<\/ul>\n<p>[\/cg_accordion]\n[cg_accordion title=\"ASIAKASTUKI\"]<\/p>\n<p>Onko kysytt\u00e4v\u00e4\u00e4? Olemme lyhyen tekstiviestin p\u00e4\u00e4ss\u00e4 siit\u00e4, ett\u00e4 ongelmasi on ratkaistu!<br \/>\n[\/cg_accordion]\n","protected":false},"featured_media":8368,"template":"","meta":{"_acf_changed":false},"product_brand":[],"product_cat":[556],"product_tag":[],"class_list":{"0":"post-11471","1":"product","2":"type-product","3":"status-publish","4":"has-post-thumbnail","6":"product_cat-tarvikkeet","7":"product_shipping_class-low-end","8":"pa_accessory-type-cable-fi","9":"pa_brand-droix","11":"first","12":"outofstock","13":"sale","14":"taxable","15":"shipping-taxable","16":"purchasable","17":"product-type-variable"},"acf":[],"_links":{"self":[{"href":"https:\/\/ayaneo.co\/fi\/wp-json\/wp\/v2\/product\/11471","targetHints":{"allow":["GET"]}}],"collection":[{"href":"https:\/\/ayaneo.co\/fi\/wp-json\/wp\/v2\/product"}],"about":[{"href":"https:\/\/ayaneo.co\/fi\/wp-json\/wp\/v2\/types\/product"}],"wp:featuredmedia":[{"embeddable":true,"href":"https:\/\/ayaneo.co\/fi\/wp-json\/wp\/v2\/media\/8368"}],"wp:attachment":[{"href":"https:\/\/ayaneo.co\/fi\/wp-json\/wp\/v2\/media?parent=11471"}],"wp:term":[{"taxonomy":"product_brand","embeddable":true,"href":"https:\/\/ayaneo.co\/fi\/wp-json\/wp\/v2\/product_brand?post=11471"},{"taxonomy":"product_cat","embeddable":true,"href":"https:\/\/ayaneo.co\/fi\/wp-json\/wp\/v2\/product_cat?post=11471"},{"taxonomy":"product_tag","embeddable":true,"href":"https:\/\/ayaneo.co\/fi\/wp-json\/wp\/v2\/product_tag?post=11471"}],"curies":[{"name":"wp","href":"https:\/\/api.w.org\/{rel}","templated":true}]}}